{"id":1391,"date":"2021-03-19T14:49:31","date_gmt":"2021-03-19T12:49:31","guid":{"rendered":"https:\/\/reviva.dev.wikstrommedia.fi\/product\/pantotensyra-b5-synergos\/"},"modified":"2026-03-23T12:06:40","modified_gmt":"2026-03-23T10:06:40","slug":"b5-vitamiini-synergos-pantoteenihappo","status":"publish","type":"product","link":"https:\/\/reviva.fi\/fi\/tuote\/b5-vitamiini-synergos-pantoteenihappo\/","title":{"rendered":"B5-vitamiini Synergos &#8211; Pantoteenihappo"},"content":{"rendered":"<p><strong>B5-vitamiini Synergos &#8211; Pantoteenihappo<\/strong><\/p>\n<p>Pantoteenihappo Synergos on edistyksellinen ravintolis\u00e4, joka perustuu laajakirjo ja synergiaperiaatteisiin.<\/p>\n<p><strong>Pantoteenihappo edist\u00e4\u00e4:<\/strong><\/p>\n<ul>\n<li>normaalia energia-aineenvaihduntaa<\/li>\n<li>steroidihormonien, D-vitamiinin ja joidenkin hermov\u00e4litt\u00e4j\u00e4aineiden normaalia synteesi\u00e4 ja aineenvaihduntaa<\/li>\n<li>auttaa v\u00e4hent\u00e4m\u00e4\u00e4n v\u00e4symyst\u00e4 ja uupumusta<\/li>\n<li>normaalia henkist\u00e4 suorituskyky\u00e4<\/li>\n<\/ul>\n<p>&nbsp;<\/p>\n","protected":false},"excerpt":{"rendered":"<p>Pantoteenihappo Synergos on edistyksellinen ravintolis\u00e4, joka perustuu laajakirjo ja synergiaperiaatteisiin.<\/p>\n<p><strong>60 kapselia<\/strong><\/p>\n","protected":false},"featured_media":13722,"comment_status":"open","ping_status":"closed","template":"","meta":{"_acf_changed":false,"inline_featured_image":false,"_kad_blocks_custom_css":"","_kad_blocks_head_custom_js":"","_kad_blocks_body_custom_js":"","_kad_blocks_footer_custom_js":"","_kadence_starter_templates_imported_post":false,"_kad_post_transparent":"default","_kad_post_title":"","_kad_post_layout":"default","_kad_post_sidebar_id":"","_kad_post_content_style":"default","_kad_post_vertical_padding":"default","_kad_post_feature":"","_kad_post_feature_position":"","_kad_post_header":false,"_kad_post_footer":false},"product_brand":[],"product_cat":[96,525,5961,5978,5963,2376],"product_tag":[2966,1119,1120,412,1148,428,420,421,1068,3170,3110,1325,2994,3042,3031,1548,3071,507,2968,498,3053,2918,3158,3160,3098,3175,520,522],"class_list":{"0":"post-1391","1":"product","2":"type-product","3":"status-publish","4":"has-post-thumbnail","6":"product_cat-vitaminer-fi","7":"product_cat-b-vitamin-fi","8":"product_cat-multi-vitamin-fi","9":"product_cat-multi-produkter-fi","10":"product_cat-synergos-fi","11":"product_cat-stressad-och-trott-fi","12":"product_tag-akne-fi","13":"product_tag-allergiat","14":"product_tag-alzheimerin-tauti","15":"product_tag-antioksidantti","16":"product_tag-artriitti","17":"product_tag-b-vitamiini","18":"product_tag-b5-pantoteenihappo-yksittainen-aine","19":"product_tag-b5-vitamiini","20":"product_tag-cfs-me-fi","21":"product_tag-hauraat-kynnet-fi","22":"product_tag-heikentynyt-haavan-paraneminen","23":"product_tag-hiustenlahto","24":"product_tag-huono-hiuslaatu","25":"product_tag-ikkunan-katselutauti","26":"product_tag-kihti","27":"product_tag-kivunlievitysta","28":"product_tag-kosketusihottuma","29":"product_tag-lisaa-vastustuskykya","30":"product_tag-lisamunuaisen-vajaatoiminta","31":"product_tag-luontais-lisaravinne","32":"product_tag-nukahtamisvaikeus","33":"product_tag-punahukka","34":"product_tag-puutumista-jaloissa","35":"product_tag-stressiherkkyys","36":"product_tag-verisuonten-jaykkyys","37":"product_tag-veritulppa-fi","38":"product_tag-vitamiini","39":"product_tag-vitamiinit","41":"first","42":"instock","43":"taxable","44":"shipping-taxable","45":"purchasable","46":"product-type-simple","47":"entry","48":"content-bg","49":"loop-entry"},"acf":[],"yoast_head":"<!-- This site is optimized with the Yoast SEO plugin v25.8 - https:\/\/yoast.com\/wordpress\/plugins\/seo\/ -->\n<title>B5-vitamiini Synergos - Pantoteenihappo - Reviva<\/title>\n<meta name=\"description\" content=\"Pantoteenihappo B5 Synergos - Energian kiertoon, steroidihormonien kiertoon, henkiseen suorituskykyyn, v\u00e4symykseen ja uupumukseen.\" \/>\n<meta name=\"robots\" content=\"index, follow, max-snippet:-1, max-image-preview:large, max-video-preview:-1\" \/>\n<link rel=\"canonical\" href=\"https:\/\/reviva.fi\/fi\/tuote\/b5-vitamiini-synergos-pantoteenihappo\/\" \/>\n<meta property=\"og:locale\" content=\"fi_FI\" \/>\n<meta property=\"og:type\" content=\"article\" \/>\n<meta property=\"og:title\" content=\"B5-vitamiini Synergos - Pantoteenihappo - Reviva\" \/>\n<meta property=\"og:description\" content=\"Pantoteenihappo B5 Synergos - Energian kiertoon, steroidihormonien kiertoon, henkiseen suorituskykyyn, v\u00e4symykseen ja uupumukseen.\" \/>\n<meta property=\"og:url\" content=\"https:\/\/reviva.fi\/fi\/tuote\/b5-vitamiini-synergos-pantoteenihappo\/\" \/>\n<meta property=\"og:site_name\" content=\"Reviva\" \/>\n<meta property=\"article:modified_time\" content=\"2026-03-23T10:06:40+00:00\" \/>\n<meta property=\"og:image\" content=\"https:\/\/reviva.fi\/wp-content\/uploads\/2021\/03\/233-B5-Synergos-Photoroom-e1769669854524.png\" \/>\n\t<meta property=\"og:image:width\" content=\"2000\" \/>\n\t<meta property=\"og:image:height\" content=\"1333\" \/>\n\t<meta property=\"og:image:type\" content=\"image\/png\" \/>\n<meta name=\"twitter:card\" content=\"summary_large_image\" \/>\n<script type=\"application\/ld+json\" class=\"yoast-schema-graph\">{\"@context\":\"https:\/\/schema.org\",\"@graph\":[{\"@type\":\"WebPage\",\"@id\":\"https:\/\/reviva.fi\/fi\/tuote\/b5-vitamiini-synergos-pantoteenihappo\/\",\"url\":\"https:\/\/reviva.fi\/fi\/tuote\/b5-vitamiini-synergos-pantoteenihappo\/\",\"name\":\"B5-vitamiini Synergos - Pantoteenihappo - Reviva\",\"isPartOf\":{\"@id\":\"https:\/\/reviva.fi\/fi\/#website\"},\"primaryImageOfPage\":{\"@id\":\"https:\/\/reviva.fi\/fi\/tuote\/b5-vitamiini-synergos-pantoteenihappo\/#primaryimage\"},\"image\":{\"@id\":\"https:\/\/reviva.fi\/fi\/tuote\/b5-vitamiini-synergos-pantoteenihappo\/#primaryimage\"},\"thumbnailUrl\":\"https:\/\/reviva.fi\/wp-content\/uploads\/2021\/03\/233-B5-Synergos-Photoroom-e1769669854524.png\",\"datePublished\":\"2021-03-19T12:49:31+00:00\",\"dateModified\":\"2026-03-23T10:06:40+00:00\",\"description\":\"Pantoteenihappo B5 Synergos - Energian kiertoon, steroidihormonien kiertoon, henkiseen suorituskykyyn, v\u00e4symykseen ja uupumukseen.\",\"breadcrumb\":{\"@id\":\"https:\/\/reviva.fi\/fi\/tuote\/b5-vitamiini-synergos-pantoteenihappo\/#breadcrumb\"},\"inLanguage\":\"fi\",\"potentialAction\":[{\"@type\":\"ReadAction\",\"target\":[\"https:\/\/reviva.fi\/fi\/tuote\/b5-vitamiini-synergos-pantoteenihappo\/\"]}]},{\"@type\":\"ImageObject\",\"inLanguage\":\"fi\",\"@id\":\"https:\/\/reviva.fi\/fi\/tuote\/b5-vitamiini-synergos-pantoteenihappo\/#primaryimage\",\"url\":\"https:\/\/reviva.fi\/wp-content\/uploads\/2021\/03\/233-B5-Synergos-Photoroom-e1769669854524.png\",\"contentUrl\":\"https:\/\/reviva.fi\/wp-content\/uploads\/2021\/03\/233-B5-Synergos-Photoroom-e1769669854524.png\",\"width\":2000,\"height\":1333,\"caption\":\"Vitamin B5 Synergos\"},{\"@type\":\"BreadcrumbList\",\"@id\":\"https:\/\/reviva.fi\/fi\/tuote\/b5-vitamiini-synergos-pantoteenihappo\/#breadcrumb\",\"itemListElement\":[{\"@type\":\"ListItem\",\"position\":1,\"name\":\"Etusivu\",\"item\":\"https:\/\/reviva.fi\/fi\/\"},{\"@type\":\"ListItem\",\"position\":2,\"name\":\"Tuotteet\",\"item\":\"https:\/\/reviva.fi\/produkter\/\"},{\"@type\":\"ListItem\",\"position\":3,\"name\":\"B5-vitamiini Synergos &#8211; Pantoteenihappo\"}]},{\"@type\":\"WebSite\",\"@id\":\"https:\/\/reviva.fi\/fi\/#website\",\"url\":\"https:\/\/reviva.fi\/fi\/\",\"name\":\"Reviva\",\"description\":\"\",\"publisher\":{\"@id\":\"https:\/\/reviva.fi\/fi\/#organization\"},\"potentialAction\":[{\"@type\":\"SearchAction\",\"target\":{\"@type\":\"EntryPoint\",\"urlTemplate\":\"https:\/\/reviva.fi\/fi\/?s={search_term_string}\"},\"query-input\":{\"@type\":\"PropertyValueSpecification\",\"valueRequired\":true,\"valueName\":\"search_term_string\"}}],\"inLanguage\":\"fi\"},{\"@type\":\"Organization\",\"@id\":\"https:\/\/reviva.fi\/fi\/#organization\",\"name\":\"Reviva\",\"url\":\"https:\/\/reviva.fi\/fi\/\",\"logo\":{\"@type\":\"ImageObject\",\"inLanguage\":\"fi\",\"@id\":\"https:\/\/reviva.fi\/fi\/#\/schema\/logo\/image\/\",\"url\":\"https:\/\/reviva.fi\/wp-content\/uploads\/2023\/10\/reviva-logo2.svg\",\"contentUrl\":\"https:\/\/reviva.fi\/wp-content\/uploads\/2023\/10\/reviva-logo2.svg\",\"caption\":\"Reviva\"},\"image\":{\"@id\":\"https:\/\/reviva.fi\/fi\/#\/schema\/logo\/image\/\"}}]}<\/script>\n<meta property=\"product:price:amount\" content=\"27.35\" \/>\n<meta property=\"product:price:currency\" content=\"EUR\" \/>\n<meta property=\"og:availability\" content=\"instock\" \/>\n<meta property=\"product:availability\" content=\"instock\" \/>\n<meta property=\"product:retailer_item_id\" content=\"233\" \/>\n<meta property=\"product:condition\" content=\"new\" \/>\n<!-- \/ Yoast SEO plugin. -->","yoast_head_json":{"title":"B5-vitamiini Synergos - Pantoteenihappo - Reviva","description":"Pantoteenihappo B5 Synergos - Energian kiertoon, steroidihormonien kiertoon, henkiseen suorituskykyyn, v\u00e4symykseen ja uupumukseen.","robots":{"index":"index","follow":"follow","max-snippet":"max-snippet:-1","max-image-preview":"max-image-preview:large","max-video-preview":"max-video-preview:-1"},"canonical":"https:\/\/reviva.fi\/fi\/tuote\/b5-vitamiini-synergos-pantoteenihappo\/","og_locale":"fi_FI","og_type":"article","og_title":"B5-vitamiini Synergos - Pantoteenihappo - Reviva","og_description":"Pantoteenihappo B5 Synergos - Energian kiertoon, steroidihormonien kiertoon, henkiseen suorituskykyyn, v\u00e4symykseen ja uupumukseen.","og_url":"https:\/\/reviva.fi\/fi\/tuote\/b5-vitamiini-synergos-pantoteenihappo\/","og_site_name":"Reviva","article_modified_time":"2026-03-23T10:06:40+00:00","og_image":[{"width":2000,"height":1333,"url":"https:\/\/reviva.fi\/wp-content\/uploads\/2021\/03\/233-B5-Synergos-Photoroom-e1769669854524.png","type":"image\/png"}],"twitter_card":"summary_large_image","schema":{"@context":"https:\/\/schema.org","@graph":[{"@type":"WebPage","@id":"https:\/\/reviva.fi\/fi\/tuote\/b5-vitamiini-synergos-pantoteenihappo\/","url":"https:\/\/reviva.fi\/fi\/tuote\/b5-vitamiini-synergos-pantoteenihappo\/","name":"B5-vitamiini Synergos - Pantoteenihappo - Reviva","isPartOf":{"@id":"https:\/\/reviva.fi\/fi\/#website"},"primaryImageOfPage":{"@id":"https:\/\/reviva.fi\/fi\/tuote\/b5-vitamiini-synergos-pantoteenihappo\/#primaryimage"},"image":{"@id":"https:\/\/reviva.fi\/fi\/tuote\/b5-vitamiini-synergos-pantoteenihappo\/#primaryimage"},"thumbnailUrl":"https:\/\/reviva.fi\/wp-content\/uploads\/2021\/03\/233-B5-Synergos-Photoroom-e1769669854524.png","datePublished":"2021-03-19T12:49:31+00:00","dateModified":"2026-03-23T10:06:40+00:00","description":"Pantoteenihappo B5 Synergos - Energian kiertoon, steroidihormonien kiertoon, henkiseen suorituskykyyn, v\u00e4symykseen ja uupumukseen.","breadcrumb":{"@id":"https:\/\/reviva.fi\/fi\/tuote\/b5-vitamiini-synergos-pantoteenihappo\/#breadcrumb"},"inLanguage":"fi","potentialAction":[{"@type":"ReadAction","target":["https:\/\/reviva.fi\/fi\/tuote\/b5-vitamiini-synergos-pantoteenihappo\/"]}]},{"@type":"ImageObject","inLanguage":"fi","@id":"https:\/\/reviva.fi\/fi\/tuote\/b5-vitamiini-synergos-pantoteenihappo\/#primaryimage","url":"https:\/\/reviva.fi\/wp-content\/uploads\/2021\/03\/233-B5-Synergos-Photoroom-e1769669854524.png","contentUrl":"https:\/\/reviva.fi\/wp-content\/uploads\/2021\/03\/233-B5-Synergos-Photoroom-e1769669854524.png","width":2000,"height":1333,"caption":"Vitamin B5 Synergos"},{"@type":"BreadcrumbList","@id":"https:\/\/reviva.fi\/fi\/tuote\/b5-vitamiini-synergos-pantoteenihappo\/#breadcrumb","itemListElement":[{"@type":"ListItem","position":1,"name":"Etusivu","item":"https:\/\/reviva.fi\/fi\/"},{"@type":"ListItem","position":2,"name":"Tuotteet","item":"https:\/\/reviva.fi\/produkter\/"},{"@type":"ListItem","position":3,"name":"B5-vitamiini Synergos &#8211; Pantoteenihappo"}]},{"@type":"WebSite","@id":"https:\/\/reviva.fi\/fi\/#website","url":"https:\/\/reviva.fi\/fi\/","name":"Reviva","description":"","publisher":{"@id":"https:\/\/reviva.fi\/fi\/#organization"},"potentialAction":[{"@type":"SearchAction","target":{"@type":"EntryPoint","urlTemplate":"https:\/\/reviva.fi\/fi\/?s={search_term_string}"},"query-input":{"@type":"PropertyValueSpecification","valueRequired":true,"valueName":"search_term_string"}}],"inLanguage":"fi"},{"@type":"Organization","@id":"https:\/\/reviva.fi\/fi\/#organization","name":"Reviva","url":"https:\/\/reviva.fi\/fi\/","logo":{"@type":"ImageObject","inLanguage":"fi","@id":"https:\/\/reviva.fi\/fi\/#\/schema\/logo\/image\/","url":"https:\/\/reviva.fi\/wp-content\/uploads\/2023\/10\/reviva-logo2.svg","contentUrl":"https:\/\/reviva.fi\/wp-content\/uploads\/2023\/10\/reviva-logo2.svg","caption":"Reviva"},"image":{"@id":"https:\/\/reviva.fi\/fi\/#\/schema\/logo\/image\/"}}]},"product_price_amount":"27.35","product_price_currency":"EUR","og_availability":"instock","product_availability":"instock","product_retailer_item_id":"233","product_condition":"new"},"taxonomy_info":{"product_cat":[{"value":96,"label":"Vitamiinit"},{"value":525,"label":"B-vitamiini"},{"value":5961,"label":"Multi-vitamiini"},{"value":5978,"label":"Multi tuotteet"},{"value":5963,"label":"Synergos"},{"value":2376,"label":"Stressaantunut &amp; V\u00e4synyt"}],"product_tag":[{"value":2966,"label":"Akne"},{"value":1119,"label":"allergiat"},{"value":1120,"label":"alzheimerin tauti"},{"value":412,"label":"antioksidantti"},{"value":1148,"label":"artriitti"},{"value":428,"label":"b vitamiini"},{"value":420,"label":"b5 pantoteenihappo yksitt\u00e4inen aine"},{"value":421,"label":"b5 vitamiini"},{"value":1068,"label":"CFS\/ME"},{"value":3170,"label":"Hauraat kynnet"},{"value":3110,"label":"Heikentynyt haavan paraneminen"},{"value":1325,"label":"hiustenl\u00e4ht\u00f6"},{"value":2994,"label":"Huono hiuslaatu"},{"value":3042,"label":"ikkunan katselutauti"},{"value":3031,"label":"kihti"},{"value":1548,"label":"kivunlievityst\u00e4"},{"value":3071,"label":"Kosketusihottuma"},{"value":507,"label":"lis\u00e4\u00e4 vastustuskyky\u00e4"},{"value":2968,"label":"Lis\u00e4munuaisen vajaatoiminta"},{"value":498,"label":"luontais lis\u00e4ravinne"},{"value":3053,"label":"nukahtamisvaikeus"},{"value":2918,"label":"Punahukka"},{"value":3158,"label":"Puutumista jaloissa"},{"value":3160,"label":"stressiherkkyys"},{"value":3098,"label":"verisuonten j\u00e4ykkyys"},{"value":3175,"label":"Veritulppa"},{"value":520,"label":"vitamiini"},{"value":522,"label":"vitamiinit"}]},"featured_image_src_large":["https:\/\/reviva.fi\/wp-content\/uploads\/2021\/03\/233-B5-Synergos-Photoroom-1024x682.png",1024,682,true],"author_info":[],"comment_info":0,"_links":{"self":[{"href":"https:\/\/reviva.fi\/fi\/wp-json\/wp\/v2\/product\/1391","targetHints":{"allow":["GET"]}}],"collection":[{"href":"https:\/\/reviva.fi\/fi\/wp-json\/wp\/v2\/product"}],"about":[{"href":"https:\/\/reviva.fi\/fi\/wp-json\/wp\/v2\/types\/product"}],"replies":[{"embeddable":true,"href":"https:\/\/reviva.fi\/fi\/wp-json\/wp\/v2\/comments?post=1391"}],"wp:featuredmedia":[{"embeddable":true,"href":"https:\/\/reviva.fi\/fi\/wp-json\/wp\/v2\/media\/13722"}],"wp:attachment":[{"href":"https:\/\/reviva.fi\/fi\/wp-json\/wp\/v2\/media?parent=1391"}],"wp:term":[{"taxonomy":"product_brand","embeddable":true,"href":"https:\/\/reviva.fi\/fi\/wp-json\/wp\/v2\/product_brand?post=1391"},{"taxonomy":"product_cat","embeddable":true,"href":"https:\/\/reviva.fi\/fi\/wp-json\/wp\/v2\/product_cat?post=1391"},{"taxonomy":"product_tag","embeddable":true,"href":"https:\/\/reviva.fi\/fi\/wp-json\/wp\/v2\/product_tag?post=1391"}],"curies":[{"name":"wp","href":"https:\/\/api.w.org\/{rel}","templated":true}]}}