{"id":1410,"date":"2021-03-23T13:54:26","date_gmt":"2021-03-23T11:54:26","guid":{"rendered":"https:\/\/reviva.dev.wikstrommedia.fi\/product\/b6-pyridoxin-synergos\/"},"modified":"2026-01-23T12:06:49","modified_gmt":"2026-01-23T10:06:49","slug":"b6-vitamiini-synergos","status":"publish","type":"product","link":"https:\/\/reviva.fi\/fi\/tuote\/b6-vitamiini-synergos\/","title":{"rendered":"B6-vitamiini Synergos"},"content":{"rendered":"<p>B6-vitamiinilla on t\u00e4rke\u00e4 rooli kofaktorina useissa t\u00e4rkeiss\u00e4 entsyymeiss\u00e4 ihmiskehossa.<\/p>\n<p><strong>B6-vitamiini edist\u00e4\u00e4:<\/strong><\/p>\n<ul>\n<li>normaalia kysteiinin synteesi\u00e4<\/li>\n<li>normaalia energia-aineenvaihduntaa<\/li>\n<li>hermoston normaalia toimintaa<\/li>\n<li>normaalia homokysteiinin aineenvaihduntaa<\/li>\n<li>normaalia proteiini- ja glykogeeniaineenvaihduntaa<\/li>\n<li>normaaleja psykologisia toimintoja<\/li>\n<li>normaalia veren punasolujen muodostumista<\/li>\n<li>immuunij\u00e4rjestelm\u00e4n normaalia toimintaa<\/li>\n<li>auttaa v\u00e4hent\u00e4m\u00e4\u00e4n v\u00e4symyst\u00e4 ja uupumusta<\/li>\n<li>edist\u00e4\u00e4 hormonitoiminnan s\u00e4\u00e4tely\u00e4<\/li>\n<\/ul>\n<p><strong>Huomaa<\/strong> virtsa muuttuu kelta-vihre\u00e4ksi sy\u00f6dess\u00e4\u00e4n B-vitamiineja.<\/p>\n<p>&nbsp;<\/p>\n","protected":false},"excerpt":{"rendered":"<div class=\"flex flex-col text-sm pb-25\">\n<article class=\"text-token-text-primary w-full focus:outline-none [--shadow-height:45px] has-data-writing-block:pointer-events-none has-data-writing-block:-mt-(--shadow-height) has-data-writing-block:pt-(--shadow-height) [&amp;:has([data-writing-block])&gt;*]:pointer-events-auto scroll-mt-[calc(var(--header-height)+min(200px,max(70px,20svh)))]\" dir=\"auto\" tabindex=\"-1\" data-turn-id=\"b07771e7-2ad3-4425-b339-0716001dd915\" data-testid=\"conversation-turn-6\" data-scroll-anchor=\"true\" data-turn=\"assistant\">\n<div class=\"text-base my-auto mx-auto pb-10 [--thread-content-margin:--spacing(4)] @w-sm\/main:[--thread-content-margin:--spacing(6)] @w-lg\/main:[--thread-content-margin:--spacing(16)] px-(--thread-content-margin)\">\n<div class=\"[--thread-content-max-width:40rem] @w-lg\/main:[--thread-content-max-width:48rem] mx-auto max-w-(--thread-content-max-width) flex-1 group\/turn-messages focus-visible:outline-hidden relative flex w-full min-w-0 flex-col agent-turn\" tabindex=\"-1\">\n<div class=\"flex max-w-full flex-col grow\">\n<div class=\"min-h-8 text-message relative flex w-full flex-col items-end gap-2 text-start break-words whitespace-normal [.text-message+&amp;]:mt-1\" dir=\"auto\" data-message-author-role=\"assistant\" data-message-id=\"bab21caa-f7ce-49e0-9156-bb86804a17a2\" data-message-model-slug=\"gpt-5-2\">\n<div class=\"flex w-full flex-col gap-1 empty:hidden first:pt-[1px]\">\n<div class=\"markdown prose dark:prose-invert w-full break-words light markdown-new-styling\">\n<p data-start=\"0\" data-end=\"168\" data-is-last-node=\"\" data-is-only-node=\"\"><strong data-start=\"0\" data-end=\"30\" data-is-only-node=\"\">B6 \u2013 Pyridoksiini Synergos<\/strong> on ravintolis\u00e4, joka sis\u00e4lt\u00e4\u00e4 B6-vitamiinia. Se sis\u00e4lt\u00e4\u00e4 kaikkien B-vitamiinien perusyhdistelm\u00e4n, jossa B6-vitamiinin annos on korkeampi.<\/p>\n<\/div>\n<\/div>\n<\/div>\n<\/div>\n<div class=\"z-0 flex min-h-[46px] justify-start\"><\/div>\n<div class=\"mt-3 w-full empty:hidden\">\n<div class=\"text-center\"><strong>60 kapselia<\/strong><\/div>\n<\/div>\n<\/div>\n<\/div>\n<\/article>\n<\/div>\n","protected":false},"featured_media":13720,"comment_status":"open","ping_status":"closed","template":"","meta":{"_acf_changed":false,"inline_featured_image":false,"_kad_blocks_custom_css":"","_kad_blocks_head_custom_js":"","_kad_blocks_body_custom_js":"","_kad_blocks_footer_custom_js":"","_kadence_starter_templates_imported_post":false,"_kad_post_transparent":"default","_kad_post_title":"","_kad_post_layout":"default","_kad_post_sidebar_id":"","_kad_post_content_style":"default","_kad_post_vertical_padding":"default","_kad_post_feature":"","_kad_post_feature_position":"","_kad_post_header":false,"_kad_post_footer":false},"product_brand":[],"product_cat":[96,525,5961,5978,5963,2376,2371,2366,2375],"product_tag":[412,1154,428,422,1219,3012,3173,1467,3126,3127,3060,3191,1492,3074,3136,507,498,1218,1479,1500,1097,1516,3082,1274,1145,1224,3097,3054,2970,520,522],"class_list":{"0":"post-1410","1":"product","2":"type-product","3":"status-publish","4":"has-post-thumbnail","6":"product_cat-vitaminer-fi","7":"product_cat-b-vitamin-fi","8":"product_cat-multi-vitamin-fi","9":"product_cat-multi-produkter-fi","10":"product_cat-synergos-fi","11":"product_cat-stressad-och-trott-fi","12":"product_cat-muskler-och-leder-fi","13":"product_cat-lever-och-njurar-fi","14":"product_cat-traning-fi","15":"product_tag-antioksidantti","16":"product_tag-astma-fi","17":"product_tag-b-vitamiini","18":"product_tag-b6-vitamiini","19":"product_tag-dermatiitti","20":"product_tag-eksitoksisuus","21":"product_tag-halkeamat-suunpielissa","22":"product_tag-heikentynyt-immuunijarjestelma","23":"product_tag-heikentynyt-maksan-toiminta","24":"product_tag-heikentynyt-munuaisten-toiminta","25":"product_tag-hyperaktiivinen","26":"product_tag-kipea-kieli","27":"product_tag-koskea","28":"product_tag-kramppi","29":"product_tag-levottomuus","30":"product_tag-lisaa-vastustuskykya","31":"product_tag-luontais-lisaravinne","32":"product_tag-masennus","33":"product_tag-munuaiskivet","34":"product_tag-parkinsonin-tautia","35":"product_tag-pms-fi","36":"product_tag-pyrisoksiini-synergoosi","37":"product_tag-rannekanavan-oireyhtyma","38":"product_tag-raskauden-pahoinvointi","39":"product_tag-ruokahalun-menetys","40":"product_tag-tunnottomuus","41":"product_tag-vahentynyt-sormien-liikkuvuus","42":"product_tag-vaikeus-nukahtaa","43":"product_tag-verenpuute","44":"product_tag-vitamiini","45":"product_tag-vitamiinit","47":"first","48":"instock","49":"taxable","50":"shipping-taxable","51":"purchasable","52":"product-type-simple","53":"entry","54":"content-bg","55":"loop-entry"},"acf":[],"yoast_head":"<!-- This site is optimized with the Yoast SEO plugin v25.8 - https:\/\/yoast.com\/wordpress\/plugins\/seo\/ -->\n<title>B6-vitamiini Synergos - Reviva<\/title>\n<meta name=\"description\" content=\"B6 edist\u00e4\u00e4 energia-aineenvaihduntaa, psykologista toimintaa, punasolujen muodostumista, normaalia immuunij\u00e4rjestelm\u00e4\u00e4, v\u00e4hent\u00e4\u00e4 v\u00e4symyst\u00e4 ja uupumusta.\" \/>\n<meta name=\"robots\" content=\"index, follow, max-snippet:-1, max-image-preview:large, max-video-preview:-1\" \/>\n<link rel=\"canonical\" href=\"https:\/\/reviva.fi\/fi\/tuote\/b6-vitamiini-synergos\/\" \/>\n<meta property=\"og:locale\" content=\"fi_FI\" \/>\n<meta property=\"og:type\" content=\"article\" \/>\n<meta property=\"og:title\" content=\"B6-vitamiini Synergos - Reviva\" \/>\n<meta property=\"og:description\" content=\"B6 edist\u00e4\u00e4 energia-aineenvaihduntaa, psykologista toimintaa, punasolujen muodostumista, normaalia immuunij\u00e4rjestelm\u00e4\u00e4, v\u00e4hent\u00e4\u00e4 v\u00e4symyst\u00e4 ja uupumusta.\" \/>\n<meta property=\"og:url\" content=\"https:\/\/reviva.fi\/fi\/tuote\/b6-vitamiini-synergos\/\" \/>\n<meta property=\"og:site_name\" content=\"Reviva\" \/>\n<meta property=\"article:modified_time\" content=\"2026-01-23T10:06:49+00:00\" \/>\n<meta property=\"og:image\" content=\"https:\/\/reviva.fi\/wp-content\/uploads\/2021\/03\/234-B6-Synergos-Photoroom-e1769669614955.png\" \/>\n\t<meta property=\"og:image:width\" content=\"2000\" \/>\n\t<meta property=\"og:image:height\" content=\"1333\" \/>\n\t<meta property=\"og:image:type\" content=\"image\/png\" \/>\n<meta name=\"twitter:card\" content=\"summary_large_image\" \/>\n<script type=\"application\/ld+json\" class=\"yoast-schema-graph\">{\"@context\":\"https:\/\/schema.org\",\"@graph\":[{\"@type\":\"WebPage\",\"@id\":\"https:\/\/reviva.fi\/fi\/tuote\/b6-vitamiini-synergos\/\",\"url\":\"https:\/\/reviva.fi\/fi\/tuote\/b6-vitamiini-synergos\/\",\"name\":\"B6-vitamiini Synergos - Reviva\",\"isPartOf\":{\"@id\":\"https:\/\/reviva.fi\/fi\/#website\"},\"primaryImageOfPage\":{\"@id\":\"https:\/\/reviva.fi\/fi\/tuote\/b6-vitamiini-synergos\/#primaryimage\"},\"image\":{\"@id\":\"https:\/\/reviva.fi\/fi\/tuote\/b6-vitamiini-synergos\/#primaryimage\"},\"thumbnailUrl\":\"https:\/\/reviva.fi\/wp-content\/uploads\/2021\/03\/234-B6-Synergos-Photoroom-e1769669614955.png\",\"datePublished\":\"2021-03-23T11:54:26+00:00\",\"dateModified\":\"2026-01-23T10:06:49+00:00\",\"description\":\"B6 edist\u00e4\u00e4 energia-aineenvaihduntaa, psykologista toimintaa, punasolujen muodostumista, normaalia immuunij\u00e4rjestelm\u00e4\u00e4, v\u00e4hent\u00e4\u00e4 v\u00e4symyst\u00e4 ja uupumusta.\",\"breadcrumb\":{\"@id\":\"https:\/\/reviva.fi\/fi\/tuote\/b6-vitamiini-synergos\/#breadcrumb\"},\"inLanguage\":\"fi\",\"potentialAction\":[{\"@type\":\"ReadAction\",\"target\":[\"https:\/\/reviva.fi\/fi\/tuote\/b6-vitamiini-synergos\/\"]}]},{\"@type\":\"ImageObject\",\"inLanguage\":\"fi\",\"@id\":\"https:\/\/reviva.fi\/fi\/tuote\/b6-vitamiini-synergos\/#primaryimage\",\"url\":\"https:\/\/reviva.fi\/wp-content\/uploads\/2021\/03\/234-B6-Synergos-Photoroom-e1769669614955.png\",\"contentUrl\":\"https:\/\/reviva.fi\/wp-content\/uploads\/2021\/03\/234-B6-Synergos-Photoroom-e1769669614955.png\",\"width\":2000,\"height\":1333,\"caption\":\"Vitamin B6 Synergos\"},{\"@type\":\"BreadcrumbList\",\"@id\":\"https:\/\/reviva.fi\/fi\/tuote\/b6-vitamiini-synergos\/#breadcrumb\",\"itemListElement\":[{\"@type\":\"ListItem\",\"position\":1,\"name\":\"Etusivu\",\"item\":\"https:\/\/reviva.fi\/fi\/\"},{\"@type\":\"ListItem\",\"position\":2,\"name\":\"Tuotteet\",\"item\":\"https:\/\/reviva.fi\/produkter\/\"},{\"@type\":\"ListItem\",\"position\":3,\"name\":\"B6-vitamiini Synergos\"}]},{\"@type\":\"WebSite\",\"@id\":\"https:\/\/reviva.fi\/fi\/#website\",\"url\":\"https:\/\/reviva.fi\/fi\/\",\"name\":\"Reviva\",\"description\":\"\",\"publisher\":{\"@id\":\"https:\/\/reviva.fi\/fi\/#organization\"},\"potentialAction\":[{\"@type\":\"SearchAction\",\"target\":{\"@type\":\"EntryPoint\",\"urlTemplate\":\"https:\/\/reviva.fi\/fi\/?s={search_term_string}\"},\"query-input\":{\"@type\":\"PropertyValueSpecification\",\"valueRequired\":true,\"valueName\":\"search_term_string\"}}],\"inLanguage\":\"fi\"},{\"@type\":\"Organization\",\"@id\":\"https:\/\/reviva.fi\/fi\/#organization\",\"name\":\"Reviva\",\"url\":\"https:\/\/reviva.fi\/fi\/\",\"logo\":{\"@type\":\"ImageObject\",\"inLanguage\":\"fi\",\"@id\":\"https:\/\/reviva.fi\/fi\/#\/schema\/logo\/image\/\",\"url\":\"https:\/\/reviva.fi\/wp-content\/uploads\/2023\/10\/reviva-logo2.svg\",\"contentUrl\":\"https:\/\/reviva.fi\/wp-content\/uploads\/2023\/10\/reviva-logo2.svg\",\"caption\":\"Reviva\"},\"image\":{\"@id\":\"https:\/\/reviva.fi\/fi\/#\/schema\/logo\/image\/\"}}]}<\/script>\n<meta property=\"product:price:amount\" content=\"31.45\" \/>\n<meta property=\"product:price:currency\" content=\"EUR\" \/>\n<meta property=\"og:availability\" content=\"instock\" \/>\n<meta property=\"product:availability\" content=\"instock\" \/>\n<meta property=\"product:retailer_item_id\" content=\"234\" \/>\n<meta property=\"product:condition\" content=\"new\" \/>\n<!-- \/ Yoast SEO plugin. -->","yoast_head_json":{"title":"B6-vitamiini Synergos - Reviva","description":"B6 edist\u00e4\u00e4 energia-aineenvaihduntaa, psykologista toimintaa, punasolujen muodostumista, normaalia immuunij\u00e4rjestelm\u00e4\u00e4, v\u00e4hent\u00e4\u00e4 v\u00e4symyst\u00e4 ja uupumusta.","robots":{"index":"index","follow":"follow","max-snippet":"max-snippet:-1","max-image-preview":"max-image-preview:large","max-video-preview":"max-video-preview:-1"},"canonical":"https:\/\/reviva.fi\/fi\/tuote\/b6-vitamiini-synergos\/","og_locale":"fi_FI","og_type":"article","og_title":"B6-vitamiini Synergos - Reviva","og_description":"B6 edist\u00e4\u00e4 energia-aineenvaihduntaa, psykologista toimintaa, punasolujen muodostumista, normaalia immuunij\u00e4rjestelm\u00e4\u00e4, v\u00e4hent\u00e4\u00e4 v\u00e4symyst\u00e4 ja uupumusta.","og_url":"https:\/\/reviva.fi\/fi\/tuote\/b6-vitamiini-synergos\/","og_site_name":"Reviva","article_modified_time":"2026-01-23T10:06:49+00:00","og_image":[{"width":2000,"height":1333,"url":"https:\/\/reviva.fi\/wp-content\/uploads\/2021\/03\/234-B6-Synergos-Photoroom-e1769669614955.png","type":"image\/png"}],"twitter_card":"summary_large_image","schema":{"@context":"https:\/\/schema.org","@graph":[{"@type":"WebPage","@id":"https:\/\/reviva.fi\/fi\/tuote\/b6-vitamiini-synergos\/","url":"https:\/\/reviva.fi\/fi\/tuote\/b6-vitamiini-synergos\/","name":"B6-vitamiini Synergos - Reviva","isPartOf":{"@id":"https:\/\/reviva.fi\/fi\/#website"},"primaryImageOfPage":{"@id":"https:\/\/reviva.fi\/fi\/tuote\/b6-vitamiini-synergos\/#primaryimage"},"image":{"@id":"https:\/\/reviva.fi\/fi\/tuote\/b6-vitamiini-synergos\/#primaryimage"},"thumbnailUrl":"https:\/\/reviva.fi\/wp-content\/uploads\/2021\/03\/234-B6-Synergos-Photoroom-e1769669614955.png","datePublished":"2021-03-23T11:54:26+00:00","dateModified":"2026-01-23T10:06:49+00:00","description":"B6 edist\u00e4\u00e4 energia-aineenvaihduntaa, psykologista toimintaa, punasolujen muodostumista, normaalia immuunij\u00e4rjestelm\u00e4\u00e4, v\u00e4hent\u00e4\u00e4 v\u00e4symyst\u00e4 ja uupumusta.","breadcrumb":{"@id":"https:\/\/reviva.fi\/fi\/tuote\/b6-vitamiini-synergos\/#breadcrumb"},"inLanguage":"fi","potentialAction":[{"@type":"ReadAction","target":["https:\/\/reviva.fi\/fi\/tuote\/b6-vitamiini-synergos\/"]}]},{"@type":"ImageObject","inLanguage":"fi","@id":"https:\/\/reviva.fi\/fi\/tuote\/b6-vitamiini-synergos\/#primaryimage","url":"https:\/\/reviva.fi\/wp-content\/uploads\/2021\/03\/234-B6-Synergos-Photoroom-e1769669614955.png","contentUrl":"https:\/\/reviva.fi\/wp-content\/uploads\/2021\/03\/234-B6-Synergos-Photoroom-e1769669614955.png","width":2000,"height":1333,"caption":"Vitamin B6 Synergos"},{"@type":"BreadcrumbList","@id":"https:\/\/reviva.fi\/fi\/tuote\/b6-vitamiini-synergos\/#breadcrumb","itemListElement":[{"@type":"ListItem","position":1,"name":"Etusivu","item":"https:\/\/reviva.fi\/fi\/"},{"@type":"ListItem","position":2,"name":"Tuotteet","item":"https:\/\/reviva.fi\/produkter\/"},{"@type":"ListItem","position":3,"name":"B6-vitamiini Synergos"}]},{"@type":"WebSite","@id":"https:\/\/reviva.fi\/fi\/#website","url":"https:\/\/reviva.fi\/fi\/","name":"Reviva","description":"","publisher":{"@id":"https:\/\/reviva.fi\/fi\/#organization"},"potentialAction":[{"@type":"SearchAction","target":{"@type":"EntryPoint","urlTemplate":"https:\/\/reviva.fi\/fi\/?s={search_term_string}"},"query-input":{"@type":"PropertyValueSpecification","valueRequired":true,"valueName":"search_term_string"}}],"inLanguage":"fi"},{"@type":"Organization","@id":"https:\/\/reviva.fi\/fi\/#organization","name":"Reviva","url":"https:\/\/reviva.fi\/fi\/","logo":{"@type":"ImageObject","inLanguage":"fi","@id":"https:\/\/reviva.fi\/fi\/#\/schema\/logo\/image\/","url":"https:\/\/reviva.fi\/wp-content\/uploads\/2023\/10\/reviva-logo2.svg","contentUrl":"https:\/\/reviva.fi\/wp-content\/uploads\/2023\/10\/reviva-logo2.svg","caption":"Reviva"},"image":{"@id":"https:\/\/reviva.fi\/fi\/#\/schema\/logo\/image\/"}}]},"product_price_amount":"31.45","product_price_currency":"EUR","og_availability":"instock","product_availability":"instock","product_retailer_item_id":"234","product_condition":"new"},"taxonomy_info":{"product_cat":[{"value":96,"label":"Vitamiinit"},{"value":525,"label":"B-vitamiini"},{"value":5961,"label":"Multi-vitamiini"},{"value":5978,"label":"Multi tuotteet"},{"value":5963,"label":"Synergos"},{"value":2376,"label":"Stressaantunut &amp; V\u00e4synyt"},{"value":2371,"label":"Nivelet &amp; Lihakset"},{"value":2366,"label":"Maksa &amp; Munuaiset"},{"value":2375,"label":"Harjoittelu"}],"product_tag":[{"value":412,"label":"antioksidantti"},{"value":1154,"label":"astma"},{"value":428,"label":"b vitamiini"},{"value":422,"label":"b6 vitamiini"},{"value":1219,"label":"dermatiitti"},{"value":3012,"label":"eksitoksisuus"},{"value":3173,"label":"Halkeamat suunpieliss\u00e4"},{"value":1467,"label":"heikentynyt immuunij\u00e4rjestelm\u00e4"},{"value":3126,"label":"heikentynyt maksan toiminta"},{"value":3127,"label":"heikentynyt munuaisten toiminta"},{"value":3060,"label":"hyperaktiivinen"},{"value":3191,"label":"Kipe\u00e4 kieli"},{"value":1492,"label":"koskea"},{"value":3074,"label":"Kramppi"},{"value":3136,"label":"Levottomuus"},{"value":507,"label":"lis\u00e4\u00e4 vastustuskyky\u00e4"},{"value":498,"label":"luontais lis\u00e4ravinne"},{"value":1218,"label":"masennus"},{"value":1479,"label":"munuaiskivet"},{"value":1500,"label":"parkinsonin tautia"},{"value":1097,"label":"PMS"},{"value":1516,"label":"pyrisoksiini synergoosi"},{"value":3082,"label":"Rannekanavan oireyhtym\u00e4"},{"value":1274,"label":"raskauden pahoinvointi"},{"value":1145,"label":"ruokahalun menetys"},{"value":1224,"label":"tunnottomuus"},{"value":3097,"label":"v\u00e4hentynyt sormien liikkuvuus"},{"value":3054,"label":"vaikeus nukahtaa"},{"value":2970,"label":"Verenpuute"},{"value":520,"label":"vitamiini"},{"value":522,"label":"vitamiinit"}]},"featured_image_src_large":["https:\/\/reviva.fi\/wp-content\/uploads\/2021\/03\/234-B6-Synergos-Photoroom-1024x682.png",1024,682,true],"author_info":[],"comment_info":0,"_links":{"self":[{"href":"https:\/\/reviva.fi\/fi\/wp-json\/wp\/v2\/product\/1410","targetHints":{"allow":["GET"]}}],"collection":[{"href":"https:\/\/reviva.fi\/fi\/wp-json\/wp\/v2\/product"}],"about":[{"href":"https:\/\/reviva.fi\/fi\/wp-json\/wp\/v2\/types\/product"}],"replies":[{"embeddable":true,"href":"https:\/\/reviva.fi\/fi\/wp-json\/wp\/v2\/comments?post=1410"}],"wp:featuredmedia":[{"embeddable":true,"href":"https:\/\/reviva.fi\/fi\/wp-json\/wp\/v2\/media\/13720"}],"wp:attachment":[{"href":"https:\/\/reviva.fi\/fi\/wp-json\/wp\/v2\/media?parent=1410"}],"wp:term":[{"taxonomy":"product_brand","embeddable":true,"href":"https:\/\/reviva.fi\/fi\/wp-json\/wp\/v2\/product_brand?post=1410"},{"taxonomy":"product_cat","embeddable":true,"href":"https:\/\/reviva.fi\/fi\/wp-json\/wp\/v2\/product_cat?post=1410"},{"taxonomy":"product_tag","embeddable":true,"href":"https:\/\/reviva.fi\/fi\/wp-json\/wp\/v2\/product_tag?post=1410"}],"curies":[{"name":"wp","href":"https:\/\/api.w.org\/{rel}","templated":true}]}}