{"id":14112,"date":"2026-03-04T14:13:10","date_gmt":"2026-03-04T12:13:10","guid":{"rendered":"https:\/\/reviva.fi\/product\/harpaketet\/"},"modified":"2026-03-05T11:31:21","modified_gmt":"2026-03-05T09:31:21","slug":"harpaketet","status":"publish","type":"product","link":"https:\/\/reviva.fi\/fi\/tuote\/harpaketet\/","title":{"rendered":"HIUSPAKKAUS"},"content":{"rendered":"<p><strong>KAMPANJA MAALISKUU 2026 \u2013 HIUSPAKKAUS<\/strong><\/p>\n<p data-start=\"39\" data-end=\"179\">Maaliskuussa tarjoamme erikoistarjouksen hiuspaketista, joka sis\u00e4lt\u00e4\u00e4 kaksi mielenkiintoista valmistetta: Biotin Synergos ja Silica Complex.<\/p>\n<p data-start=\"181\" data-end=\"458\">Biotin Synergos \u2013 Tuotenumero 236<br data-start=\"214\" data-end=\"217\" \/>Biotin Synergos on edistyksellinen ravintolis\u00e4, joka sis\u00e4lt\u00e4\u00e4 60 kapselia. Jokainen kapseli sis\u00e4lt\u00e4\u00e4 300 mg biotiinia yhdess\u00e4 useiden biotiinin kanssa synergisesti vaikuttavien aineiden kanssa. Biotiini edist\u00e4\u00e4 hiusten pysymist\u00e4 normaaleina.<\/p>\n<p data-start=\"460\" data-end=\"908\" data-is-last-node=\"\" data-is-only-node=\"\">Silica Complex \u2013 Tuotenumero 215<br data-start=\"492\" data-end=\"495\" \/>Silica Complex on edistyksellinen ravintolis\u00e4, joka sis\u00e4lt\u00e4\u00e4 90 tablettia. Jokainen tabletti tarjoaa ainutlaatuisen yhdistelm\u00e4n vitamiineja, kivenn\u00e4isaineita, hivenaineita ja aminohappoja, joilla on t\u00e4rke\u00e4 rooli epiteelikudoksen korjaamisessa ja muodostumisessa. T\u00e4h\u00e4n kuuluvat muun muassa hiusten, ihon, kynsien ja limakalvojen solut. Silica Complex sis\u00e4lt\u00e4\u00e4 muun muassa piit\u00e4 runsaasti sis\u00e4lt\u00e4v\u00e4\u00e4 peltokortetta.<\/p>\n","protected":false},"excerpt":{"rendered":"<p><strong>KAMPANJA MAALISKUU 2026 \u2013 HIUSPAKKAUS<\/strong><br \/>\nMaaliskuussa tarjoamme erikoistarjouksen hiuspaketista, joka sis\u00e4lt\u00e4\u00e4 kaksi mielenkiintoista valmistetta.<\/p>\n","protected":false},"featured_media":14109,"comment_status":"closed","ping_status":"closed","template":"","meta":{"_acf_changed":false,"inline_featured_image":false,"_kad_blocks_custom_css":"","_kad_blocks_head_custom_js":"","_kad_blocks_body_custom_js":"","_kad_blocks_footer_custom_js":"","_kadence_starter_templates_imported_post":false,"_kad_post_transparent":"default","_kad_post_title":"","_kad_post_layout":"default","_kad_post_sidebar_id":"","_kad_post_content_style":"default","_kad_post_vertical_padding":"default","_kad_post_feature":"","_kad_post_feature_position":"","_kad_post_header":false,"_kad_post_footer":false},"product_brand":[],"product_cat":[2475,525,5961,5978,5963,2350],"product_tag":[],"class_list":{"0":"post-14112","1":"product","2":"type-product","3":"status-publish","4":"has-post-thumbnail","6":"product_cat-erbjudanden-fi","7":"product_cat-b-vitamin-fi","8":"product_cat-multi-vitamin-fi","9":"product_cat-multi-produkter-fi","10":"product_cat-synergos-fi","11":"product_cat-hud-och-skonhet-fi","13":"first","14":"outofstock","15":"sale","16":"taxable","17":"shipping-taxable","18":"purchasable","19":"product-type-simple","20":"entry","21":"content-bg","22":"loop-entry"},"acf":[],"yoast_head":"<!-- This site is optimized with the Yoast SEO plugin v25.8 - https:\/\/yoast.com\/wordpress\/plugins\/seo\/ -->\n<title>HIUSPAKKAUS - Reviva<\/title>\n<meta name=\"description\" content=\"KAMPANJA MAALISKUU 2026 \u2013 HIUSPAKKAUS Maaliskuussa tarjoamme erikoistarjouksen hiuspaketista, joka sis\u00e4lt\u00e4\u00e4 kaksi mielenkiintoista valmistetta.\" \/>\n<meta name=\"robots\" content=\"index, follow, max-snippet:-1, max-image-preview:large, max-video-preview:-1\" \/>\n<link rel=\"canonical\" href=\"https:\/\/reviva.fi\/fi\/tuote\/harpaketet\/\" \/>\n<meta property=\"og:locale\" content=\"fi_FI\" \/>\n<meta property=\"og:type\" content=\"article\" \/>\n<meta property=\"og:title\" content=\"HIUSPAKKAUS - Reviva\" \/>\n<meta property=\"og:description\" content=\"KAMPANJA MAALISKUU 2026 \u2013 HIUSPAKKAUS Maaliskuussa tarjoamme erikoistarjouksen hiuspaketista, joka sis\u00e4lt\u00e4\u00e4 kaksi mielenkiintoista valmistetta.\" \/>\n<meta property=\"og:url\" content=\"https:\/\/reviva.fi\/fi\/tuote\/harpaketet\/\" \/>\n<meta property=\"og:site_name\" content=\"Reviva\" \/>\n<meta property=\"article:modified_time\" content=\"2026-03-05T09:31:21+00:00\" \/>\n<meta property=\"og:image\" content=\"https:\/\/reviva.fi\/wp-content\/uploads\/2026\/03\/HARPAKET-Photoroom-e1772626021723.png\" \/>\n\t<meta property=\"og:image:width\" content=\"2000\" \/>\n\t<meta property=\"og:image:height\" content=\"1333\" \/>\n\t<meta property=\"og:image:type\" content=\"image\/png\" \/>\n<meta name=\"twitter:card\" content=\"summary_large_image\" \/>\n<script type=\"application\/ld+json\" class=\"yoast-schema-graph\">{\"@context\":\"https:\/\/schema.org\",\"@graph\":[{\"@type\":\"WebPage\",\"@id\":\"https:\/\/reviva.fi\/fi\/tuote\/harpaketet\/\",\"url\":\"https:\/\/reviva.fi\/fi\/tuote\/harpaketet\/\",\"name\":\"HIUSPAKKAUS - Reviva\",\"isPartOf\":{\"@id\":\"https:\/\/reviva.fi\/fi\/#website\"},\"primaryImageOfPage\":{\"@id\":\"https:\/\/reviva.fi\/fi\/tuote\/harpaketet\/#primaryimage\"},\"image\":{\"@id\":\"https:\/\/reviva.fi\/fi\/tuote\/harpaketet\/#primaryimage\"},\"thumbnailUrl\":\"https:\/\/reviva.fi\/wp-content\/uploads\/2026\/03\/HARPAKET-Photoroom-e1772626021723.png\",\"datePublished\":\"2026-03-04T12:13:10+00:00\",\"dateModified\":\"2026-03-05T09:31:21+00:00\",\"description\":\"KAMPANJA MAALISKUU 2026 \u2013 HIUSPAKKAUS Maaliskuussa tarjoamme erikoistarjouksen hiuspaketista, joka sis\u00e4lt\u00e4\u00e4 kaksi mielenkiintoista valmistetta.\",\"breadcrumb\":{\"@id\":\"https:\/\/reviva.fi\/fi\/tuote\/harpaketet\/#breadcrumb\"},\"inLanguage\":\"fi\",\"potentialAction\":[{\"@type\":\"ReadAction\",\"target\":[\"https:\/\/reviva.fi\/fi\/tuote\/harpaketet\/\"]}]},{\"@type\":\"ImageObject\",\"inLanguage\":\"fi\",\"@id\":\"https:\/\/reviva.fi\/fi\/tuote\/harpaketet\/#primaryimage\",\"url\":\"https:\/\/reviva.fi\/wp-content\/uploads\/2026\/03\/HARPAKET-Photoroom-e1772626021723.png\",\"contentUrl\":\"https:\/\/reviva.fi\/wp-content\/uploads\/2026\/03\/HARPAKET-Photoroom-e1772626021723.png\",\"width\":2000,\"height\":1333,\"caption\":\"H\u00e5rpaket\"},{\"@type\":\"BreadcrumbList\",\"@id\":\"https:\/\/reviva.fi\/fi\/tuote\/harpaketet\/#breadcrumb\",\"itemListElement\":[{\"@type\":\"ListItem\",\"position\":1,\"name\":\"Etusivu\",\"item\":\"https:\/\/reviva.fi\/fi\/\"},{\"@type\":\"ListItem\",\"position\":2,\"name\":\"Tuotteet\",\"item\":\"https:\/\/reviva.fi\/produkter\/\"},{\"@type\":\"ListItem\",\"position\":3,\"name\":\"HIUSPAKKAUS\"}]},{\"@type\":\"WebSite\",\"@id\":\"https:\/\/reviva.fi\/fi\/#website\",\"url\":\"https:\/\/reviva.fi\/fi\/\",\"name\":\"Reviva\",\"description\":\"\",\"publisher\":{\"@id\":\"https:\/\/reviva.fi\/fi\/#organization\"},\"potentialAction\":[{\"@type\":\"SearchAction\",\"target\":{\"@type\":\"EntryPoint\",\"urlTemplate\":\"https:\/\/reviva.fi\/fi\/?s={search_term_string}\"},\"query-input\":{\"@type\":\"PropertyValueSpecification\",\"valueRequired\":true,\"valueName\":\"search_term_string\"}}],\"inLanguage\":\"fi\"},{\"@type\":\"Organization\",\"@id\":\"https:\/\/reviva.fi\/fi\/#organization\",\"name\":\"Reviva\",\"url\":\"https:\/\/reviva.fi\/fi\/\",\"logo\":{\"@type\":\"ImageObject\",\"inLanguage\":\"fi\",\"@id\":\"https:\/\/reviva.fi\/fi\/#\/schema\/logo\/image\/\",\"url\":\"https:\/\/reviva.fi\/wp-content\/uploads\/2023\/10\/reviva-logo2.svg\",\"contentUrl\":\"https:\/\/reviva.fi\/wp-content\/uploads\/2023\/10\/reviva-logo2.svg\",\"caption\":\"Reviva\"},\"image\":{\"@id\":\"https:\/\/reviva.fi\/fi\/#\/schema\/logo\/image\/\"}}]}<\/script>\n<meta property=\"product:price:amount\" content=\"31.65\" \/>\n<meta property=\"product:price:currency\" content=\"EUR\" \/>\n<meta property=\"og:availability\" content=\"out of stock\" \/>\n<meta property=\"product:availability\" content=\"out of stock\" \/>\n<meta property=\"product:retailer_item_id\" content=\"H\u00c5R-PAKET\" \/>\n<meta property=\"product:condition\" content=\"new\" \/>\n<!-- \/ Yoast SEO plugin. -->","yoast_head_json":{"title":"HIUSPAKKAUS - Reviva","description":"KAMPANJA MAALISKUU 2026 \u2013 HIUSPAKKAUS Maaliskuussa tarjoamme erikoistarjouksen hiuspaketista, joka sis\u00e4lt\u00e4\u00e4 kaksi mielenkiintoista valmistetta.","robots":{"index":"index","follow":"follow","max-snippet":"max-snippet:-1","max-image-preview":"max-image-preview:large","max-video-preview":"max-video-preview:-1"},"canonical":"https:\/\/reviva.fi\/fi\/tuote\/harpaketet\/","og_locale":"fi_FI","og_type":"article","og_title":"HIUSPAKKAUS - Reviva","og_description":"KAMPANJA MAALISKUU 2026 \u2013 HIUSPAKKAUS Maaliskuussa tarjoamme erikoistarjouksen hiuspaketista, joka sis\u00e4lt\u00e4\u00e4 kaksi mielenkiintoista valmistetta.","og_url":"https:\/\/reviva.fi\/fi\/tuote\/harpaketet\/","og_site_name":"Reviva","article_modified_time":"2026-03-05T09:31:21+00:00","og_image":[{"width":2000,"height":1333,"url":"https:\/\/reviva.fi\/wp-content\/uploads\/2026\/03\/HARPAKET-Photoroom-e1772626021723.png","type":"image\/png"}],"twitter_card":"summary_large_image","schema":{"@context":"https:\/\/schema.org","@graph":[{"@type":"WebPage","@id":"https:\/\/reviva.fi\/fi\/tuote\/harpaketet\/","url":"https:\/\/reviva.fi\/fi\/tuote\/harpaketet\/","name":"HIUSPAKKAUS - Reviva","isPartOf":{"@id":"https:\/\/reviva.fi\/fi\/#website"},"primaryImageOfPage":{"@id":"https:\/\/reviva.fi\/fi\/tuote\/harpaketet\/#primaryimage"},"image":{"@id":"https:\/\/reviva.fi\/fi\/tuote\/harpaketet\/#primaryimage"},"thumbnailUrl":"https:\/\/reviva.fi\/wp-content\/uploads\/2026\/03\/HARPAKET-Photoroom-e1772626021723.png","datePublished":"2026-03-04T12:13:10+00:00","dateModified":"2026-03-05T09:31:21+00:00","description":"KAMPANJA MAALISKUU 2026 \u2013 HIUSPAKKAUS Maaliskuussa tarjoamme erikoistarjouksen hiuspaketista, joka sis\u00e4lt\u00e4\u00e4 kaksi mielenkiintoista valmistetta.","breadcrumb":{"@id":"https:\/\/reviva.fi\/fi\/tuote\/harpaketet\/#breadcrumb"},"inLanguage":"fi","potentialAction":[{"@type":"ReadAction","target":["https:\/\/reviva.fi\/fi\/tuote\/harpaketet\/"]}]},{"@type":"ImageObject","inLanguage":"fi","@id":"https:\/\/reviva.fi\/fi\/tuote\/harpaketet\/#primaryimage","url":"https:\/\/reviva.fi\/wp-content\/uploads\/2026\/03\/HARPAKET-Photoroom-e1772626021723.png","contentUrl":"https:\/\/reviva.fi\/wp-content\/uploads\/2026\/03\/HARPAKET-Photoroom-e1772626021723.png","width":2000,"height":1333,"caption":"H\u00e5rpaket"},{"@type":"BreadcrumbList","@id":"https:\/\/reviva.fi\/fi\/tuote\/harpaketet\/#breadcrumb","itemListElement":[{"@type":"ListItem","position":1,"name":"Etusivu","item":"https:\/\/reviva.fi\/fi\/"},{"@type":"ListItem","position":2,"name":"Tuotteet","item":"https:\/\/reviva.fi\/produkter\/"},{"@type":"ListItem","position":3,"name":"HIUSPAKKAUS"}]},{"@type":"WebSite","@id":"https:\/\/reviva.fi\/fi\/#website","url":"https:\/\/reviva.fi\/fi\/","name":"Reviva","description":"","publisher":{"@id":"https:\/\/reviva.fi\/fi\/#organization"},"potentialAction":[{"@type":"SearchAction","target":{"@type":"EntryPoint","urlTemplate":"https:\/\/reviva.fi\/fi\/?s={search_term_string}"},"query-input":{"@type":"PropertyValueSpecification","valueRequired":true,"valueName":"search_term_string"}}],"inLanguage":"fi"},{"@type":"Organization","@id":"https:\/\/reviva.fi\/fi\/#organization","name":"Reviva","url":"https:\/\/reviva.fi\/fi\/","logo":{"@type":"ImageObject","inLanguage":"fi","@id":"https:\/\/reviva.fi\/fi\/#\/schema\/logo\/image\/","url":"https:\/\/reviva.fi\/wp-content\/uploads\/2023\/10\/reviva-logo2.svg","contentUrl":"https:\/\/reviva.fi\/wp-content\/uploads\/2023\/10\/reviva-logo2.svg","caption":"Reviva"},"image":{"@id":"https:\/\/reviva.fi\/fi\/#\/schema\/logo\/image\/"}}]},"product_price_amount":"31.65","product_price_currency":"EUR","og_availability":"out of stock","product_availability":"out of stock","product_retailer_item_id":"H\u00c5R-PAKET","product_condition":"new"},"taxonomy_info":{"product_cat":[{"value":2475,"label":"Tarjoukset"},{"value":525,"label":"B-vitamiini"},{"value":5961,"label":"Multi-vitamiini"},{"value":5978,"label":"Multi tuotteet"},{"value":5963,"label":"Synergos"},{"value":2350,"label":"Iho &amp; Kauneus"}]},"featured_image_src_large":["https:\/\/reviva.fi\/wp-content\/uploads\/2026\/03\/HARPAKET-Photoroom-1024x682.png",1024,682,true],"author_info":[],"comment_info":0,"_links":{"self":[{"href":"https:\/\/reviva.fi\/fi\/wp-json\/wp\/v2\/product\/14112","targetHints":{"allow":["GET"]}}],"collection":[{"href":"https:\/\/reviva.fi\/fi\/wp-json\/wp\/v2\/product"}],"about":[{"href":"https:\/\/reviva.fi\/fi\/wp-json\/wp\/v2\/types\/product"}],"replies":[{"embeddable":true,"href":"https:\/\/reviva.fi\/fi\/wp-json\/wp\/v2\/comments?post=14112"}],"wp:featuredmedia":[{"embeddable":true,"href":"https:\/\/reviva.fi\/fi\/wp-json\/wp\/v2\/media\/14109"}],"wp:attachment":[{"href":"https:\/\/reviva.fi\/fi\/wp-json\/wp\/v2\/media?parent=14112"}],"wp:term":[{"taxonomy":"product_brand","embeddable":true,"href":"https:\/\/reviva.fi\/fi\/wp-json\/wp\/v2\/product_brand?post=14112"},{"taxonomy":"product_cat","embeddable":true,"href":"https:\/\/reviva.fi\/fi\/wp-json\/wp\/v2\/product_cat?post=14112"},{"taxonomy":"product_tag","embeddable":true,"href":"https:\/\/reviva.fi\/fi\/wp-json\/wp\/v2\/product_tag?post=14112"}],"curies":[{"name":"wp","href":"https:\/\/api.w.org\/{rel}","templated":true}]}}