{"id":1423,"date":"2021-03-24T11:37:46","date_gmt":"2021-03-24T09:37:46","guid":{"rendered":"https:\/\/reviva.dev.wikstrommedia.fi\/product\/b12-folsyra-sugtabletter\/"},"modified":"2026-04-16T16:21:19","modified_gmt":"2026-04-16T13:21:19","slug":"b12-metyylikobalamiini-foolihappo-imeskelytablettia","status":"publish","type":"product","link":"https:\/\/reviva.fi\/fi\/tuote\/b12-metyylikobalamiini-foolihappo-imeskelytablettia\/","title":{"rendered":"B12 Metylkobalamiini &#038; Foolihappo &#8211; Imeskelytabletti"},"content":{"rendered":"<p><strong>B12 Metyylikobalamiini &amp; Foolihappo<\/strong><\/p>\n<p>Yksi tabletti sis\u00e4lt\u00e4\u00e4 1 250 mcg B12-vitamiinia (metyylikobalamiini) ja 600 mcg foolihappoa. Tuote on imeskelytabletti, mik\u00e4 tarkoittaa, ett\u00e4 se on asetettava kielen alle ja sen tulisi sulaa parhaan imeytymisen saavuttamiseksi.<\/p>\n<p><strong>B12-vitamiini ja Foolihappo edist\u00e4\u00e4:<\/strong><\/p>\n<ul>\n<li>normaalia energia-aineenvaihduntaa<\/li>\n<li>hermoston normaalia toimintaa<\/li>\n<li>normaalia homokysteiinin aineenvaihduntaa<\/li>\n<li>normaaleja psykologisia toimintoja<\/li>\n<li>normaalia veren punasolujen muodostumista<\/li>\n<li>immuunij\u00e4rjestelm\u00e4n normaalia toimintaa<\/li>\n<li>osallistuu solujen jakautumisprosessiin<\/li>\n<li>normaalia aminohapposynteesi\u00e4<\/li>\n<li>auttaa v\u00e4hent\u00e4m\u00e4\u00e4n v\u00e4symyst\u00e4 ja uupumusta<\/li>\n<\/ul>\n","protected":false},"excerpt":{"rendered":"<p><strong>Imeskelytablettia<\/strong><\/p>\n<p><strong>60 tablettia<\/strong><\/p>\n","protected":false},"featured_media":13724,"comment_status":"open","ping_status":"closed","template":"","meta":{"_acf_changed":false,"inline_featured_image":false,"_kad_blocks_custom_css":"","_kad_blocks_head_custom_js":"","_kad_blocks_body_custom_js":"","_kad_blocks_footer_custom_js":"","_kadence_starter_templates_imported_post":false,"_kad_post_transparent":"default","_kad_post_title":"","_kad_post_layout":"default","_kad_post_sidebar_id":"","_kad_post_content_style":"default","_kad_post_vertical_padding":"default","_kad_post_feature":"","_kad_post_feature_position":"","_kad_post_header":false,"_kad_post_footer":false},"product_brand":[],"product_cat":[96,525,5961,5963,5980,2376,2383],"product_tag":[1464,1409,1121,1125,412,1144,428,429,1065,1066,1215,469,470,1249,1474,500,1126,1207,1228,1362,1326,1377,507,498,1218,1431,1495,1504,1274,1593,1628,1224,1381,1196,1590,1615,1150,520,522],"class_list":{"0":"post-1423","1":"product","2":"type-product","3":"status-publish","4":"has-post-thumbnail","6":"product_cat-vitaminer-fi","7":"product_cat-b-vitamin-fi","8":"product_cat-multi-vitamin-fi","9":"product_cat-synergos-fi","10":"product_cat-barn-fi","11":"product_cat-stressad-och-trott-fi","12":"product_cat-hjarna-och-minne-fi","13":"product_tag-alentunut-hedelmallisyys","14":"product_tag-alhainen-solujen-kasvu","15":"product_tag-alzheimerin-tauti-fi","16":"product_tag-anemia","17":"product_tag-antioksidantti","18":"product_tag-apatia","19":"product_tag-b-vitamiini","20":"product_tag-b-vitamiini-imeskelytabletti","21":"product_tag-b12-puutte","22":"product_tag-b12-vitamiini","23":"product_tag-dementia","24":"product_tag-foolihappo","25":"product_tag-foolihappo-imeskelytabletti","26":"product_tag-foolihappo-synergoosi","27":"product_tag-hermojen-nykiminen","28":"product_tag-hermosto","29":"product_tag-kasvojen-halvaus","30":"product_tag-kemoterapiaan-liittyva-pahoinvointi","31":"product_tag-keskushermoston-toimintahairio","32":"product_tag-kognitiivinen-toimintahairio","33":"product_tag-kohonnut-verenpaine","34":"product_tag-krooninen-vasymys","35":"product_tag-lisaa-vastustuskykya","36":"product_tag-luontais-lisaravinne","37":"product_tag-masennus","38":"product_tag-megaloblastinen-anemia","39":"product_tag-oksidatiivista-stressia","40":"product_tag-pernisioosi-anemia","41":"product_tag-raskauden-pahoinvointi","42":"product_tag-suolisto-ongelmia","43":"product_tag-toistuvat-keskenmenot","44":"product_tag-tunnottomuus","45":"product_tag-tunteen-menetys","46":"product_tag-typpioksidin-puute","47":"product_tag-univaikeudet","48":"product_tag-uupumus-vasymys","49":"product_tag-valtimoiden-jaykkyys","50":"product_tag-vitamiini","51":"product_tag-vitamiinit","53":"first","54":"instock","55":"taxable","56":"shipping-taxable","57":"purchasable","58":"product-type-simple","59":"entry","60":"content-bg","61":"loop-entry"},"acf":[],"yoast_head":"<!-- This site is optimized with the Yoast SEO plugin v25.8 - https:\/\/yoast.com\/wordpress\/plugins\/seo\/ -->\n<title>B12 Metylkobalamiini &amp; Foolihappo - Imeskelytabletti - Reviva<\/title>\n<meta name=\"description\" content=\"B12 &amp; foolihappo. Puhdas metyylikobalamiini imeytyy elimist\u00f6\u00f6n parhaiten. Se tulee asettaa kielen alle ja antaa sulaa parhaan imeytymisen saavuttamiseksi.\" \/>\n<meta name=\"robots\" content=\"index, follow, max-snippet:-1, max-image-preview:large, max-video-preview:-1\" \/>\n<link rel=\"canonical\" href=\"https:\/\/reviva.fi\/fi\/tuote\/b12-metyylikobalamiini-foolihappo-imeskelytablettia\/\" \/>\n<meta property=\"og:locale\" content=\"fi_FI\" \/>\n<meta property=\"og:type\" content=\"article\" \/>\n<meta property=\"og:title\" content=\"B12 Metylkobalamiini &amp; Foolihappo - Imeskelytabletti - Reviva\" \/>\n<meta property=\"og:description\" content=\"B12 &amp; foolihappo. Puhdas metyylikobalamiini imeytyy elimist\u00f6\u00f6n parhaiten. Se tulee asettaa kielen alle ja antaa sulaa parhaan imeytymisen saavuttamiseksi.\" \/>\n<meta property=\"og:url\" content=\"https:\/\/reviva.fi\/fi\/tuote\/b12-metyylikobalamiini-foolihappo-imeskelytablettia\/\" \/>\n<meta property=\"og:site_name\" content=\"Reviva\" \/>\n<meta property=\"article:modified_time\" content=\"2026-04-16T13:21:19+00:00\" \/>\n<meta property=\"og:image\" content=\"https:\/\/reviva.fi\/wp-content\/uploads\/2021\/03\/220-B12-sugtablett-Photoroom-e1769670209662.png\" \/>\n\t<meta property=\"og:image:width\" content=\"2000\" \/>\n\t<meta property=\"og:image:height\" content=\"1333\" \/>\n\t<meta property=\"og:image:type\" content=\"image\/png\" \/>\n<meta name=\"twitter:card\" content=\"summary_large_image\" \/>\n<script type=\"application\/ld+json\" class=\"yoast-schema-graph\">{\"@context\":\"https:\/\/schema.org\",\"@graph\":[{\"@type\":\"WebPage\",\"@id\":\"https:\/\/reviva.fi\/fi\/tuote\/b12-metyylikobalamiini-foolihappo-imeskelytablettia\/\",\"url\":\"https:\/\/reviva.fi\/fi\/tuote\/b12-metyylikobalamiini-foolihappo-imeskelytablettia\/\",\"name\":\"B12 Metylkobalamiini & Foolihappo - Imeskelytabletti - Reviva\",\"isPartOf\":{\"@id\":\"https:\/\/reviva.fi\/fi\/#website\"},\"primaryImageOfPage\":{\"@id\":\"https:\/\/reviva.fi\/fi\/tuote\/b12-metyylikobalamiini-foolihappo-imeskelytablettia\/#primaryimage\"},\"image\":{\"@id\":\"https:\/\/reviva.fi\/fi\/tuote\/b12-metyylikobalamiini-foolihappo-imeskelytablettia\/#primaryimage\"},\"thumbnailUrl\":\"https:\/\/reviva.fi\/wp-content\/uploads\/2021\/03\/220-B12-sugtablett-Photoroom-e1769670209662.png\",\"datePublished\":\"2021-03-24T09:37:46+00:00\",\"dateModified\":\"2026-04-16T13:21:19+00:00\",\"description\":\"B12 & foolihappo. Puhdas metyylikobalamiini imeytyy elimist\u00f6\u00f6n parhaiten. Se tulee asettaa kielen alle ja antaa sulaa parhaan imeytymisen saavuttamiseksi.\",\"breadcrumb\":{\"@id\":\"https:\/\/reviva.fi\/fi\/tuote\/b12-metyylikobalamiini-foolihappo-imeskelytablettia\/#breadcrumb\"},\"inLanguage\":\"fi\",\"potentialAction\":[{\"@type\":\"ReadAction\",\"target\":[\"https:\/\/reviva.fi\/fi\/tuote\/b12-metyylikobalamiini-foolihappo-imeskelytablettia\/\"]}]},{\"@type\":\"ImageObject\",\"inLanguage\":\"fi\",\"@id\":\"https:\/\/reviva.fi\/fi\/tuote\/b12-metyylikobalamiini-foolihappo-imeskelytablettia\/#primaryimage\",\"url\":\"https:\/\/reviva.fi\/wp-content\/uploads\/2021\/03\/220-B12-sugtablett-Photoroom-e1769670209662.png\",\"contentUrl\":\"https:\/\/reviva.fi\/wp-content\/uploads\/2021\/03\/220-B12-sugtablett-Photoroom-e1769670209662.png\",\"width\":2000,\"height\":1333,\"caption\":\"Vitamin B12 sugtablett\"},{\"@type\":\"BreadcrumbList\",\"@id\":\"https:\/\/reviva.fi\/fi\/tuote\/b12-metyylikobalamiini-foolihappo-imeskelytablettia\/#breadcrumb\",\"itemListElement\":[{\"@type\":\"ListItem\",\"position\":1,\"name\":\"Etusivu\",\"item\":\"https:\/\/reviva.fi\/fi\/\"},{\"@type\":\"ListItem\",\"position\":2,\"name\":\"Tuotteet\",\"item\":\"https:\/\/reviva.fi\/produkter\/\"},{\"@type\":\"ListItem\",\"position\":3,\"name\":\"B12 Metylkobalamiini &#038; Foolihappo &#8211; Imeskelytabletti\"}]},{\"@type\":\"WebSite\",\"@id\":\"https:\/\/reviva.fi\/fi\/#website\",\"url\":\"https:\/\/reviva.fi\/fi\/\",\"name\":\"Reviva\",\"description\":\"\",\"publisher\":{\"@id\":\"https:\/\/reviva.fi\/fi\/#organization\"},\"potentialAction\":[{\"@type\":\"SearchAction\",\"target\":{\"@type\":\"EntryPoint\",\"urlTemplate\":\"https:\/\/reviva.fi\/fi\/?s={search_term_string}\"},\"query-input\":{\"@type\":\"PropertyValueSpecification\",\"valueRequired\":true,\"valueName\":\"search_term_string\"}}],\"inLanguage\":\"fi\"},{\"@type\":\"Organization\",\"@id\":\"https:\/\/reviva.fi\/fi\/#organization\",\"name\":\"Reviva\",\"url\":\"https:\/\/reviva.fi\/fi\/\",\"logo\":{\"@type\":\"ImageObject\",\"inLanguage\":\"fi\",\"@id\":\"https:\/\/reviva.fi\/fi\/#\/schema\/logo\/image\/\",\"url\":\"https:\/\/reviva.fi\/wp-content\/uploads\/2023\/10\/reviva-logo2.svg\",\"contentUrl\":\"https:\/\/reviva.fi\/wp-content\/uploads\/2023\/10\/reviva-logo2.svg\",\"caption\":\"Reviva\"},\"image\":{\"@id\":\"https:\/\/reviva.fi\/fi\/#\/schema\/logo\/image\/\"}}]}<\/script>\n<meta property=\"product:price:amount\" content=\"18.90\" \/>\n<meta property=\"product:price:currency\" content=\"EUR\" \/>\n<meta property=\"og:availability\" content=\"instock\" \/>\n<meta property=\"product:availability\" content=\"instock\" \/>\n<meta property=\"product:retailer_item_id\" content=\"220\" \/>\n<meta property=\"product:condition\" content=\"new\" \/>\n<!-- \/ Yoast SEO plugin. -->","yoast_head_json":{"title":"B12 Metylkobalamiini & Foolihappo - Imeskelytabletti - Reviva","description":"B12 & foolihappo. Puhdas metyylikobalamiini imeytyy elimist\u00f6\u00f6n parhaiten. Se tulee asettaa kielen alle ja antaa sulaa parhaan imeytymisen saavuttamiseksi.","robots":{"index":"index","follow":"follow","max-snippet":"max-snippet:-1","max-image-preview":"max-image-preview:large","max-video-preview":"max-video-preview:-1"},"canonical":"https:\/\/reviva.fi\/fi\/tuote\/b12-metyylikobalamiini-foolihappo-imeskelytablettia\/","og_locale":"fi_FI","og_type":"article","og_title":"B12 Metylkobalamiini & Foolihappo - Imeskelytabletti - Reviva","og_description":"B12 & foolihappo. Puhdas metyylikobalamiini imeytyy elimist\u00f6\u00f6n parhaiten. Se tulee asettaa kielen alle ja antaa sulaa parhaan imeytymisen saavuttamiseksi.","og_url":"https:\/\/reviva.fi\/fi\/tuote\/b12-metyylikobalamiini-foolihappo-imeskelytablettia\/","og_site_name":"Reviva","article_modified_time":"2026-04-16T13:21:19+00:00","og_image":[{"width":2000,"height":1333,"url":"https:\/\/reviva.fi\/wp-content\/uploads\/2021\/03\/220-B12-sugtablett-Photoroom-e1769670209662.png","type":"image\/png"}],"twitter_card":"summary_large_image","schema":{"@context":"https:\/\/schema.org","@graph":[{"@type":"WebPage","@id":"https:\/\/reviva.fi\/fi\/tuote\/b12-metyylikobalamiini-foolihappo-imeskelytablettia\/","url":"https:\/\/reviva.fi\/fi\/tuote\/b12-metyylikobalamiini-foolihappo-imeskelytablettia\/","name":"B12 Metylkobalamiini & Foolihappo - Imeskelytabletti - Reviva","isPartOf":{"@id":"https:\/\/reviva.fi\/fi\/#website"},"primaryImageOfPage":{"@id":"https:\/\/reviva.fi\/fi\/tuote\/b12-metyylikobalamiini-foolihappo-imeskelytablettia\/#primaryimage"},"image":{"@id":"https:\/\/reviva.fi\/fi\/tuote\/b12-metyylikobalamiini-foolihappo-imeskelytablettia\/#primaryimage"},"thumbnailUrl":"https:\/\/reviva.fi\/wp-content\/uploads\/2021\/03\/220-B12-sugtablett-Photoroom-e1769670209662.png","datePublished":"2021-03-24T09:37:46+00:00","dateModified":"2026-04-16T13:21:19+00:00","description":"B12 & foolihappo. Puhdas metyylikobalamiini imeytyy elimist\u00f6\u00f6n parhaiten. Se tulee asettaa kielen alle ja antaa sulaa parhaan imeytymisen saavuttamiseksi.","breadcrumb":{"@id":"https:\/\/reviva.fi\/fi\/tuote\/b12-metyylikobalamiini-foolihappo-imeskelytablettia\/#breadcrumb"},"inLanguage":"fi","potentialAction":[{"@type":"ReadAction","target":["https:\/\/reviva.fi\/fi\/tuote\/b12-metyylikobalamiini-foolihappo-imeskelytablettia\/"]}]},{"@type":"ImageObject","inLanguage":"fi","@id":"https:\/\/reviva.fi\/fi\/tuote\/b12-metyylikobalamiini-foolihappo-imeskelytablettia\/#primaryimage","url":"https:\/\/reviva.fi\/wp-content\/uploads\/2021\/03\/220-B12-sugtablett-Photoroom-e1769670209662.png","contentUrl":"https:\/\/reviva.fi\/wp-content\/uploads\/2021\/03\/220-B12-sugtablett-Photoroom-e1769670209662.png","width":2000,"height":1333,"caption":"Vitamin B12 sugtablett"},{"@type":"BreadcrumbList","@id":"https:\/\/reviva.fi\/fi\/tuote\/b12-metyylikobalamiini-foolihappo-imeskelytablettia\/#breadcrumb","itemListElement":[{"@type":"ListItem","position":1,"name":"Etusivu","item":"https:\/\/reviva.fi\/fi\/"},{"@type":"ListItem","position":2,"name":"Tuotteet","item":"https:\/\/reviva.fi\/produkter\/"},{"@type":"ListItem","position":3,"name":"B12 Metylkobalamiini &#038; Foolihappo &#8211; Imeskelytabletti"}]},{"@type":"WebSite","@id":"https:\/\/reviva.fi\/fi\/#website","url":"https:\/\/reviva.fi\/fi\/","name":"Reviva","description":"","publisher":{"@id":"https:\/\/reviva.fi\/fi\/#organization"},"potentialAction":[{"@type":"SearchAction","target":{"@type":"EntryPoint","urlTemplate":"https:\/\/reviva.fi\/fi\/?s={search_term_string}"},"query-input":{"@type":"PropertyValueSpecification","valueRequired":true,"valueName":"search_term_string"}}],"inLanguage":"fi"},{"@type":"Organization","@id":"https:\/\/reviva.fi\/fi\/#organization","name":"Reviva","url":"https:\/\/reviva.fi\/fi\/","logo":{"@type":"ImageObject","inLanguage":"fi","@id":"https:\/\/reviva.fi\/fi\/#\/schema\/logo\/image\/","url":"https:\/\/reviva.fi\/wp-content\/uploads\/2023\/10\/reviva-logo2.svg","contentUrl":"https:\/\/reviva.fi\/wp-content\/uploads\/2023\/10\/reviva-logo2.svg","caption":"Reviva"},"image":{"@id":"https:\/\/reviva.fi\/fi\/#\/schema\/logo\/image\/"}}]},"product_price_amount":"18.90","product_price_currency":"EUR","og_availability":"instock","product_availability":"instock","product_retailer_item_id":"220","product_condition":"new"},"taxonomy_info":{"product_cat":[{"value":96,"label":"Vitamiinit"},{"value":525,"label":"B-vitamiini"},{"value":5961,"label":"Multi-vitamiini"},{"value":5963,"label":"Synergos"},{"value":5980,"label":"Lapset"},{"value":2376,"label":"Stressaantunut &amp; V\u00e4synyt"},{"value":2383,"label":"Aivot &amp; Muisti"}],"product_tag":[{"value":1464,"label":"alentunut hedelm\u00e4llisyys"},{"value":1409,"label":"alhainen solujen kasvu"},{"value":1121,"label":"alzheimerin tauti"},{"value":1125,"label":"anemia"},{"value":412,"label":"antioksidantti"},{"value":1144,"label":"apatia"},{"value":428,"label":"b vitamiini"},{"value":429,"label":"b vitamiini imeskelytabletti"},{"value":1065,"label":"B12-puutteeseen liityv\u00e4 migreeni"},{"value":1066,"label":"B12-vitamiini"},{"value":1215,"label":"dementia"},{"value":469,"label":"foolihappo"},{"value":470,"label":"foolihappo imeskelytabletti"},{"value":1249,"label":"foolihappo synergoosi"},{"value":1474,"label":"hermojen nykiminen"},{"value":500,"label":"hermosto"},{"value":1126,"label":"kasvojen halvaus"},{"value":1207,"label":"kemoterapiaan liittyv\u00e4 pahoinvointi"},{"value":1228,"label":"keskushermoston toimintah\u00e4iri\u00f6"},{"value":1362,"label":"kognitiivinen toimintah\u00e4iri\u00f6"},{"value":1326,"label":"kohonnut verenpaine"},{"value":1377,"label":"krooninen v\u00e4symys"},{"value":507,"label":"lis\u00e4\u00e4 vastustuskyky\u00e4"},{"value":498,"label":"luontais lis\u00e4ravinne"},{"value":1218,"label":"masennus"},{"value":1431,"label":"megaloblastinen anemia"},{"value":1495,"label":"oksidatiivista stressi\u00e4"},{"value":1504,"label":"pernisi\u00f6\u00f6si anemia"},{"value":1274,"label":"raskauden pahoinvointi"},{"value":1593,"label":"suolisto-ongelmia"},{"value":1628,"label":"toistuvat keskenmenot"},{"value":1224,"label":"tunnottomuus"},{"value":1381,"label":"tunteen menetys"},{"value":1196,"label":"typpioksidin puute"},{"value":1590,"label":"univaikeudet"},{"value":1615,"label":"uupumus v\u00e4symys"},{"value":1150,"label":"valtimoiden j\u00e4ykkyys"},{"value":520,"label":"vitamiini"},{"value":522,"label":"vitamiinit"}]},"featured_image_src_large":["https:\/\/reviva.fi\/wp-content\/uploads\/2021\/03\/220-B12-sugtablett-Photoroom-1024x682.png",1024,682,true],"author_info":[],"comment_info":0,"_links":{"self":[{"href":"https:\/\/reviva.fi\/fi\/wp-json\/wp\/v2\/product\/1423","targetHints":{"allow":["GET"]}}],"collection":[{"href":"https:\/\/reviva.fi\/fi\/wp-json\/wp\/v2\/product"}],"about":[{"href":"https:\/\/reviva.fi\/fi\/wp-json\/wp\/v2\/types\/product"}],"replies":[{"embeddable":true,"href":"https:\/\/reviva.fi\/fi\/wp-json\/wp\/v2\/comments?post=1423"}],"wp:featuredmedia":[{"embeddable":true,"href":"https:\/\/reviva.fi\/fi\/wp-json\/wp\/v2\/media\/13724"}],"wp:attachment":[{"href":"https:\/\/reviva.fi\/fi\/wp-json\/wp\/v2\/media?parent=1423"}],"wp:term":[{"taxonomy":"product_brand","embeddable":true,"href":"https:\/\/reviva.fi\/fi\/wp-json\/wp\/v2\/product_brand?post=1423"},{"taxonomy":"product_cat","embeddable":true,"href":"https:\/\/reviva.fi\/fi\/wp-json\/wp\/v2\/product_cat?post=1423"},{"taxonomy":"product_tag","embeddable":true,"href":"https:\/\/reviva.fi\/fi\/wp-json\/wp\/v2\/product_tag?post=1423"}],"curies":[{"name":"wp","href":"https:\/\/api.w.org\/{rel}","templated":true}]}}