{"id":14275,"date":"2026-04-01T15:03:26","date_gmt":"2026-04-01T12:03:26","guid":{"rendered":"https:\/\/reviva.fi\/?post_type=product&#038;p=14275"},"modified":"2026-04-13T09:33:47","modified_gmt":"2026-04-13T06:33:47","slug":"biotin-5mg","status":"publish","type":"product","link":"https:\/\/reviva.fi\/fi\/tuote\/biotin-5mg\/","title":{"rendered":"Biotiini 5mg"},"content":{"rendered":"<p data-start=\"0\" data-end=\"13\"><strong>Biotiini 5 mg<\/strong><\/p>\n<p data-start=\"15\" data-end=\"100\">Biotiini on rikki\u00e4 sis\u00e4lt\u00e4v\u00e4 vesiliukoinen vitamiini, joka kuuluu B-vitamiiniryhm\u00e4\u00e4n.<\/p>\n<p data-start=\"102\" data-end=\"119\">Biotiini edist\u00e4\u00e4:<\/p>\n<ul data-start=\"120\" data-end=\"382\" data-is-last-node=\"\" data-is-only-node=\"\">\n<li data-section-id=\"1f06mru\" data-start=\"120\" data-end=\"158\">limakalvojen pysymist\u00e4 normaaleina<\/li>\n<li data-section-id=\"18wj6s8\" data-start=\"159\" data-end=\"188\">ihon pysymist\u00e4 normaalina<\/li>\n<li data-section-id=\"a2pax1\" data-start=\"189\" data-end=\"222\">hiusten pysymist\u00e4 normaaleina<\/li>\n<li data-section-id=\"cq6nm3\" data-start=\"223\" data-end=\"259\">normaalia psykologista toimintaa<\/li>\n<li data-section-id=\"bcdoe9\" data-start=\"260\" data-end=\"311\">makroravintoaineiden normaalia aineenvaihduntaa<\/li>\n<li data-section-id=\"1shkbqd\" data-start=\"312\" data-end=\"345\">hermoston normaalia toimintaa<\/li>\n<li data-section-id=\"wrx1rt\" data-start=\"346\" data-end=\"382\" data-is-last-node=\"\">normaalia energia-aineenvaihduntaa<\/li>\n<\/ul>\n","protected":false},"excerpt":{"rendered":"<p><strong>60 kapselia<\/strong><\/p>\n","protected":false},"featured_media":14449,"comment_status":"open","ping_status":"closed","template":"","meta":{"_acf_changed":false,"inline_featured_image":false,"_kad_blocks_custom_css":"","_kad_blocks_head_custom_js":"","_kad_blocks_body_custom_js":"","_kad_blocks_footer_custom_js":"","_kadence_starter_templates_imported_post":false,"_kad_post_transparent":"default","_kad_post_title":"","_kad_post_layout":"default","_kad_post_sidebar_id":"","_kad_post_content_style":"default","_kad_post_vertical_padding":"default","_kad_post_feature":"","_kad_post_feature_position":"","_kad_post_header":false,"_kad_post_footer":false},"product_brand":[],"product_cat":[96,525,5961,5978,5963,2350],"product_tag":[3140,412,1185,3001,2988,1233,1325,2931,3066,2994,2997,3018,507,498,1218,1526,1341,1514,2918,3133,3141,3165,2900,3002,2980,3161,3189,3179,520,3183,3197,522,1639],"class_list":{"0":"post-14275","1":"product","2":"type-product","3":"status-publish","4":"has-post-thumbnail","6":"product_cat-vitaminer-fi","7":"product_cat-b-vitamin-fi","8":"product_cat-multi-vitamin-fi","9":"product_cat-multi-produkter-fi","10":"product_cat-synergos-fi","11":"product_cat-hud-och-skonhet-fi","12":"product_tag-aminohappojen-aineenvaihdunta","13":"product_tag-antioksidantti","14":"product_tag-biotiini-synergoosi","15":"product_tag-candida-sieni","16":"product_tag-diabetes-fi","17":"product_tag-ekseema","18":"product_tag-hiustenlahto","19":"product_tag-hiustenlahto-fi-2","20":"product_tag-hiustenlahto-kulmakarvoissa","21":"product_tag-huono-hiuslaatu","22":"product_tag-huono-kynnenlaatu","23":"product_tag-huono-suoliston-mikrobikanta","24":"product_tag-lisaa-vastustuskykya","25":"product_tag-luontais-lisaravinne","26":"product_tag-masennus","27":"product_tag-nivelreuma","28":"product_tag-oppimisvaikeudet","29":"product_tag-psoriasis-fi","30":"product_tag-punahukka","31":"product_tag-rasvahappojen-tuotanto","32":"product_tag-rasva","33":"product_tag-seborrooinen-ekseema","34":"product_tag-sidekalvontulehdus","35":"product_tag-solukasvu","36":"product_tag-vahvistaa-hiuksia","37":"product_tag-vahvistaa-kynsia","38":"product_tag-vaikea-pudottaa-painoa","39":"product_tag-vesiliukoinen-vitamiini","40":"product_tag-vitamiini","41":"product_tag-vitamiini-b7","42":"product_tag-vitamiini-h","43":"product_tag-vitamiinit","44":"product_tag-ylipainoinen","46":"first","47":"instock","48":"taxable","49":"shipping-taxable","50":"purchasable","51":"product-type-simple","52":"entry","53":"content-bg","54":"loop-entry"},"acf":[],"yoast_head":"<!-- This site is optimized with the Yoast SEO plugin v25.8 - https:\/\/yoast.com\/wordpress\/plugins\/seo\/ -->\n<title>Biotiini 5mg - Reviva<\/title>\n<meta name=\"description\" content=\"Biotiini on ihon, hiusten &amp; limakalvoille sek\u00e4 normaalille psykologiselle toiminnalle, ja hermoston toiminnan ja energia-aineenvaihdunnalle.\" \/>\n<meta name=\"robots\" content=\"index, follow, max-snippet:-1, max-image-preview:large, max-video-preview:-1\" \/>\n<link rel=\"canonical\" href=\"https:\/\/reviva.fi\/fi\/tuote\/biotin-5mg\/\" \/>\n<meta property=\"og:locale\" content=\"fi_FI\" \/>\n<meta property=\"og:type\" content=\"article\" \/>\n<meta property=\"og:title\" content=\"Biotiini 5mg - Reviva\" \/>\n<meta property=\"og:description\" content=\"Biotiini on ihon, hiusten &amp; limakalvoille sek\u00e4 normaalille psykologiselle toiminnalle, ja hermoston toiminnan ja energia-aineenvaihdunnalle.\" \/>\n<meta property=\"og:url\" content=\"https:\/\/reviva.fi\/fi\/tuote\/biotin-5mg\/\" \/>\n<meta property=\"og:site_name\" content=\"Reviva\" \/>\n<meta property=\"article:modified_time\" content=\"2026-04-13T06:33:47+00:00\" \/>\n<meta property=\"og:image\" content=\"https:\/\/reviva.fi\/wp-content\/uploads\/2026\/04\/261-Biotin-Photoroom-e1775805419490.png\" \/>\n\t<meta property=\"og:image:width\" content=\"2000\" \/>\n\t<meta property=\"og:image:height\" content=\"1333\" \/>\n\t<meta property=\"og:image:type\" content=\"image\/png\" \/>\n<meta name=\"twitter:card\" content=\"summary_large_image\" \/>\n<script type=\"application\/ld+json\" class=\"yoast-schema-graph\">{\"@context\":\"https:\/\/schema.org\",\"@graph\":[{\"@type\":\"WebPage\",\"@id\":\"https:\/\/reviva.fi\/fi\/tuote\/biotin-5mg\/\",\"url\":\"https:\/\/reviva.fi\/fi\/tuote\/biotin-5mg\/\",\"name\":\"Biotiini 5mg - Reviva\",\"isPartOf\":{\"@id\":\"https:\/\/reviva.fi\/fi\/#website\"},\"primaryImageOfPage\":{\"@id\":\"https:\/\/reviva.fi\/fi\/tuote\/biotin-5mg\/#primaryimage\"},\"image\":{\"@id\":\"https:\/\/reviva.fi\/fi\/tuote\/biotin-5mg\/#primaryimage\"},\"thumbnailUrl\":\"https:\/\/reviva.fi\/wp-content\/uploads\/2026\/04\/261-Biotin-Photoroom-e1775805419490.png\",\"datePublished\":\"2026-04-01T12:03:26+00:00\",\"dateModified\":\"2026-04-13T06:33:47+00:00\",\"description\":\"Biotiini on ihon, hiusten & limakalvoille sek\u00e4 normaalille psykologiselle toiminnalle, ja hermoston toiminnan ja energia-aineenvaihdunnalle.\",\"breadcrumb\":{\"@id\":\"https:\/\/reviva.fi\/fi\/tuote\/biotin-5mg\/#breadcrumb\"},\"inLanguage\":\"fi\",\"potentialAction\":[{\"@type\":\"ReadAction\",\"target\":[\"https:\/\/reviva.fi\/fi\/tuote\/biotin-5mg\/\"]}]},{\"@type\":\"ImageObject\",\"inLanguage\":\"fi\",\"@id\":\"https:\/\/reviva.fi\/fi\/tuote\/biotin-5mg\/#primaryimage\",\"url\":\"https:\/\/reviva.fi\/wp-content\/uploads\/2026\/04\/261-Biotin-Photoroom-e1775805419490.png\",\"contentUrl\":\"https:\/\/reviva.fi\/wp-content\/uploads\/2026\/04\/261-Biotin-Photoroom-e1775805419490.png\",\"width\":2000,\"height\":1333},{\"@type\":\"BreadcrumbList\",\"@id\":\"https:\/\/reviva.fi\/fi\/tuote\/biotin-5mg\/#breadcrumb\",\"itemListElement\":[{\"@type\":\"ListItem\",\"position\":1,\"name\":\"Etusivu\",\"item\":\"https:\/\/reviva.fi\/fi\/\"},{\"@type\":\"ListItem\",\"position\":2,\"name\":\"Tuotteet\",\"item\":\"https:\/\/reviva.fi\/produkter\/\"},{\"@type\":\"ListItem\",\"position\":3,\"name\":\"Biotiini 5mg\"}]},{\"@type\":\"WebSite\",\"@id\":\"https:\/\/reviva.fi\/fi\/#website\",\"url\":\"https:\/\/reviva.fi\/fi\/\",\"name\":\"Reviva\",\"description\":\"\",\"publisher\":{\"@id\":\"https:\/\/reviva.fi\/fi\/#organization\"},\"potentialAction\":[{\"@type\":\"SearchAction\",\"target\":{\"@type\":\"EntryPoint\",\"urlTemplate\":\"https:\/\/reviva.fi\/fi\/?s={search_term_string}\"},\"query-input\":{\"@type\":\"PropertyValueSpecification\",\"valueRequired\":true,\"valueName\":\"search_term_string\"}}],\"inLanguage\":\"fi\"},{\"@type\":\"Organization\",\"@id\":\"https:\/\/reviva.fi\/fi\/#organization\",\"name\":\"Reviva\",\"url\":\"https:\/\/reviva.fi\/fi\/\",\"logo\":{\"@type\":\"ImageObject\",\"inLanguage\":\"fi\",\"@id\":\"https:\/\/reviva.fi\/fi\/#\/schema\/logo\/image\/\",\"url\":\"https:\/\/reviva.fi\/wp-content\/uploads\/2023\/10\/reviva-logo2.svg\",\"contentUrl\":\"https:\/\/reviva.fi\/wp-content\/uploads\/2023\/10\/reviva-logo2.svg\",\"caption\":\"Reviva\"},\"image\":{\"@id\":\"https:\/\/reviva.fi\/fi\/#\/schema\/logo\/image\/\"}}]}<\/script>\n<meta property=\"product:price:amount\" content=\"27.35\" \/>\n<meta property=\"product:price:currency\" content=\"EUR\" \/>\n<meta property=\"og:availability\" content=\"instock\" \/>\n<meta property=\"product:availability\" content=\"instock\" \/>\n<meta property=\"product:retailer_item_id\" content=\"261\" \/>\n<meta property=\"product:condition\" content=\"new\" \/>\n<!-- \/ Yoast SEO plugin. -->","yoast_head_json":{"title":"Biotiini 5mg - Reviva","description":"Biotiini on ihon, hiusten & limakalvoille sek\u00e4 normaalille psykologiselle toiminnalle, ja hermoston toiminnan ja energia-aineenvaihdunnalle.","robots":{"index":"index","follow":"follow","max-snippet":"max-snippet:-1","max-image-preview":"max-image-preview:large","max-video-preview":"max-video-preview:-1"},"canonical":"https:\/\/reviva.fi\/fi\/tuote\/biotin-5mg\/","og_locale":"fi_FI","og_type":"article","og_title":"Biotiini 5mg - Reviva","og_description":"Biotiini on ihon, hiusten & limakalvoille sek\u00e4 normaalille psykologiselle toiminnalle, ja hermoston toiminnan ja energia-aineenvaihdunnalle.","og_url":"https:\/\/reviva.fi\/fi\/tuote\/biotin-5mg\/","og_site_name":"Reviva","article_modified_time":"2026-04-13T06:33:47+00:00","og_image":[{"width":2000,"height":1333,"url":"https:\/\/reviva.fi\/wp-content\/uploads\/2026\/04\/261-Biotin-Photoroom-e1775805419490.png","type":"image\/png"}],"twitter_card":"summary_large_image","schema":{"@context":"https:\/\/schema.org","@graph":[{"@type":"WebPage","@id":"https:\/\/reviva.fi\/fi\/tuote\/biotin-5mg\/","url":"https:\/\/reviva.fi\/fi\/tuote\/biotin-5mg\/","name":"Biotiini 5mg - Reviva","isPartOf":{"@id":"https:\/\/reviva.fi\/fi\/#website"},"primaryImageOfPage":{"@id":"https:\/\/reviva.fi\/fi\/tuote\/biotin-5mg\/#primaryimage"},"image":{"@id":"https:\/\/reviva.fi\/fi\/tuote\/biotin-5mg\/#primaryimage"},"thumbnailUrl":"https:\/\/reviva.fi\/wp-content\/uploads\/2026\/04\/261-Biotin-Photoroom-e1775805419490.png","datePublished":"2026-04-01T12:03:26+00:00","dateModified":"2026-04-13T06:33:47+00:00","description":"Biotiini on ihon, hiusten & limakalvoille sek\u00e4 normaalille psykologiselle toiminnalle, ja hermoston toiminnan ja energia-aineenvaihdunnalle.","breadcrumb":{"@id":"https:\/\/reviva.fi\/fi\/tuote\/biotin-5mg\/#breadcrumb"},"inLanguage":"fi","potentialAction":[{"@type":"ReadAction","target":["https:\/\/reviva.fi\/fi\/tuote\/biotin-5mg\/"]}]},{"@type":"ImageObject","inLanguage":"fi","@id":"https:\/\/reviva.fi\/fi\/tuote\/biotin-5mg\/#primaryimage","url":"https:\/\/reviva.fi\/wp-content\/uploads\/2026\/04\/261-Biotin-Photoroom-e1775805419490.png","contentUrl":"https:\/\/reviva.fi\/wp-content\/uploads\/2026\/04\/261-Biotin-Photoroom-e1775805419490.png","width":2000,"height":1333},{"@type":"BreadcrumbList","@id":"https:\/\/reviva.fi\/fi\/tuote\/biotin-5mg\/#breadcrumb","itemListElement":[{"@type":"ListItem","position":1,"name":"Etusivu","item":"https:\/\/reviva.fi\/fi\/"},{"@type":"ListItem","position":2,"name":"Tuotteet","item":"https:\/\/reviva.fi\/produkter\/"},{"@type":"ListItem","position":3,"name":"Biotiini 5mg"}]},{"@type":"WebSite","@id":"https:\/\/reviva.fi\/fi\/#website","url":"https:\/\/reviva.fi\/fi\/","name":"Reviva","description":"","publisher":{"@id":"https:\/\/reviva.fi\/fi\/#organization"},"potentialAction":[{"@type":"SearchAction","target":{"@type":"EntryPoint","urlTemplate":"https:\/\/reviva.fi\/fi\/?s={search_term_string}"},"query-input":{"@type":"PropertyValueSpecification","valueRequired":true,"valueName":"search_term_string"}}],"inLanguage":"fi"},{"@type":"Organization","@id":"https:\/\/reviva.fi\/fi\/#organization","name":"Reviva","url":"https:\/\/reviva.fi\/fi\/","logo":{"@type":"ImageObject","inLanguage":"fi","@id":"https:\/\/reviva.fi\/fi\/#\/schema\/logo\/image\/","url":"https:\/\/reviva.fi\/wp-content\/uploads\/2023\/10\/reviva-logo2.svg","contentUrl":"https:\/\/reviva.fi\/wp-content\/uploads\/2023\/10\/reviva-logo2.svg","caption":"Reviva"},"image":{"@id":"https:\/\/reviva.fi\/fi\/#\/schema\/logo\/image\/"}}]},"product_price_amount":"27.35","product_price_currency":"EUR","og_availability":"instock","product_availability":"instock","product_retailer_item_id":"261","product_condition":"new"},"taxonomy_info":{"product_cat":[{"value":96,"label":"Vitamiinit"},{"value":525,"label":"B-vitamiini"},{"value":5961,"label":"Multi-vitamiini"},{"value":5978,"label":"Multi tuotteet"},{"value":5963,"label":"Synergos"},{"value":2350,"label":"Iho &amp; Kauneus"}],"product_tag":[{"value":3140,"label":"Aminohappojen aineenvaihdunta"},{"value":412,"label":"antioksidantti"},{"value":1185,"label":"biotiini synergoosi"},{"value":3001,"label":"candida-sieni"},{"value":2988,"label":"Diabetes"},{"value":1233,"label":"ekseema"},{"value":1325,"label":"hiustenl\u00e4ht\u00f6"},{"value":2931,"label":"Hiustenl\u00e4ht\u00f6"},{"value":3066,"label":"hiustenl\u00e4ht\u00f6 kulmakarvoissa"},{"value":2994,"label":"Huono hiuslaatu"},{"value":2997,"label":"Huono kynnenlaatu"},{"value":3018,"label":"huono suoliston mikrobikanta"},{"value":507,"label":"lis\u00e4\u00e4 vastustuskyky\u00e4"},{"value":498,"label":"luontais lis\u00e4ravinne"},{"value":1218,"label":"masennus"},{"value":1526,"label":"nivelreuma"},{"value":1341,"label":"oppimisvaikeudet"},{"value":1514,"label":"psoriasis"},{"value":2918,"label":"Punahukka"},{"value":3133,"label":"rasvahappojen tuotanto"},{"value":3141,"label":"rasvan aineenvaihdunta"},{"value":3165,"label":"seborrooinen ekseema"},{"value":2900,"label":"sidekalvontulehdus"},{"value":3002,"label":"Solukasvu"},{"value":2980,"label":"Vahvistaa hiuksia"},{"value":3161,"label":"vahvistaa kynsi\u00e4"},{"value":3189,"label":"Vaikea pudottaa painoa"},{"value":3179,"label":"Vesiliukoinen vitamiini"},{"value":520,"label":"vitamiini"},{"value":3183,"label":"Vitamiini B7"},{"value":3197,"label":"Vitamiini H"},{"value":522,"label":"vitamiinit"},{"value":1639,"label":"ylipainoinen"}]},"featured_image_src_large":["https:\/\/reviva.fi\/wp-content\/uploads\/2026\/04\/261-Biotin-Photoroom-1024x682.png",1024,682,true],"author_info":[],"comment_info":0,"_links":{"self":[{"href":"https:\/\/reviva.fi\/fi\/wp-json\/wp\/v2\/product\/14275","targetHints":{"allow":["GET"]}}],"collection":[{"href":"https:\/\/reviva.fi\/fi\/wp-json\/wp\/v2\/product"}],"about":[{"href":"https:\/\/reviva.fi\/fi\/wp-json\/wp\/v2\/types\/product"}],"replies":[{"embeddable":true,"href":"https:\/\/reviva.fi\/fi\/wp-json\/wp\/v2\/comments?post=14275"}],"wp:featuredmedia":[{"embeddable":true,"href":"https:\/\/reviva.fi\/fi\/wp-json\/wp\/v2\/media\/14449"}],"wp:attachment":[{"href":"https:\/\/reviva.fi\/fi\/wp-json\/wp\/v2\/media?parent=14275"}],"wp:term":[{"taxonomy":"product_brand","embeddable":true,"href":"https:\/\/reviva.fi\/fi\/wp-json\/wp\/v2\/product_brand?post=14275"},{"taxonomy":"product_cat","embeddable":true,"href":"https:\/\/reviva.fi\/fi\/wp-json\/wp\/v2\/product_cat?post=14275"},{"taxonomy":"product_tag","embeddable":true,"href":"https:\/\/reviva.fi\/fi\/wp-json\/wp\/v2\/product_tag?post=14275"}],"curies":[{"name":"wp","href":"https:\/\/api.w.org\/{rel}","templated":true}]}}