{"id":14467,"date":"2026-04-10T12:25:04","date_gmt":"2026-04-10T09:25:04","guid":{"rendered":"https:\/\/reviva.fi\/product\/colostrum-complex\/"},"modified":"2026-04-14T18:05:42","modified_gmt":"2026-04-14T15:05:42","slug":"colostrum-complex","status":"publish","type":"product","link":"https:\/\/reviva.fi\/fi\/tuote\/colostrum-complex\/","title":{"rendered":"Colostrum Complex"},"content":{"rendered":"<p>Colostrum Complex on edistyksellinen ravintolis\u00e4, joka on koostettu synergian periaatteella. Sis\u00e4lt\u00e4\u00e4 lis\u00e4tty\u00e4 laktoferriini\u00e4 sek\u00e4 luonnostaan esiintyvi\u00e4 immunoglobuliineja.<\/p>\n","protected":false},"excerpt":{"rendered":"<p><strong>90 Kapselia<\/strong><\/p>\n","protected":false},"featured_media":14455,"comment_status":"closed","ping_status":"closed","template":"","meta":{"_acf_changed":false,"inline_featured_image":false,"_kad_blocks_custom_css":"","_kad_blocks_head_custom_js":"","_kad_blocks_body_custom_js":"","_kad_blocks_footer_custom_js":"","_kadence_starter_templates_imported_post":false,"_kad_post_transparent":"default","_kad_post_title":"","_kad_post_layout":"default","_kad_post_sidebar_id":"","_kad_post_content_style":"default","_kad_post_vertical_padding":"default","_kad_post_feature":"","_kad_post_feature_position":"","_kad_post_header":false,"_kad_post_footer":false},"product_brand":[],"product_cat":[5975,96,5961,93,5972,5963],"product_tag":[],"class_list":{"0":"post-14467","1":"product","2":"type-product","3":"status-publish","4":"has-post-thumbnail","6":"product_cat-nyheter-fi","7":"product_cat-vitaminer-fi","8":"product_cat-multi-vitamin-fi","9":"product_cat-mineraler-fi","10":"product_cat-multi-mineral-fi","11":"product_cat-synergos-fi","13":"first","14":"instock","15":"taxable","16":"shipping-taxable","17":"purchasable","18":"product-type-simple","19":"entry","20":"content-bg","21":"loop-entry"},"acf":[],"yoast_head":"<!-- This site is optimized with the Yoast SEO plugin v25.8 - https:\/\/yoast.com\/wordpress\/plugins\/seo\/ -->\n<title>Colostrum Complex - Reviva<\/title>\n<meta name=\"description\" content=\"Colostrum Complex on edistyksellinen ravintolis\u00e4, joka on koostettu synergian periaatteen mukaisesti. Sis\u00e4lt\u00e4\u00e4 lis\u00e4tty\u00e4 laktoferriini\u00e4 &amp; immunoglobuliineja.\" \/>\n<meta name=\"robots\" content=\"index, follow, max-snippet:-1, max-image-preview:large, max-video-preview:-1\" \/>\n<link rel=\"canonical\" href=\"https:\/\/reviva.fi\/fi\/tuote\/colostrum-complex\/\" \/>\n<meta property=\"og:locale\" content=\"fi_FI\" \/>\n<meta property=\"og:type\" content=\"article\" \/>\n<meta property=\"og:title\" content=\"Colostrum Complex - Reviva\" \/>\n<meta property=\"og:description\" content=\"Colostrum Complex on edistyksellinen ravintolis\u00e4, joka on koostettu synergian periaatteen mukaisesti. Sis\u00e4lt\u00e4\u00e4 lis\u00e4tty\u00e4 laktoferriini\u00e4 &amp; immunoglobuliineja.\" \/>\n<meta property=\"og:url\" content=\"https:\/\/reviva.fi\/fi\/tuote\/colostrum-complex\/\" \/>\n<meta property=\"og:site_name\" content=\"Reviva\" \/>\n<meta property=\"article:modified_time\" content=\"2026-04-14T15:05:42+00:00\" \/>\n<meta property=\"og:image\" content=\"https:\/\/reviva.fi\/wp-content\/uploads\/2026\/04\/304-Colostrum-Complex-Photoroom-e1775812622438.png\" \/>\n\t<meta property=\"og:image:width\" content=\"2000\" \/>\n\t<meta property=\"og:image:height\" content=\"1333\" \/>\n\t<meta property=\"og:image:type\" content=\"image\/png\" \/>\n<meta name=\"twitter:card\" content=\"summary_large_image\" \/>\n<script type=\"application\/ld+json\" class=\"yoast-schema-graph\">{\"@context\":\"https:\/\/schema.org\",\"@graph\":[{\"@type\":\"WebPage\",\"@id\":\"https:\/\/reviva.fi\/fi\/tuote\/colostrum-complex\/\",\"url\":\"https:\/\/reviva.fi\/fi\/tuote\/colostrum-complex\/\",\"name\":\"Colostrum Complex - Reviva\",\"isPartOf\":{\"@id\":\"https:\/\/reviva.fi\/fi\/#website\"},\"primaryImageOfPage\":{\"@id\":\"https:\/\/reviva.fi\/fi\/tuote\/colostrum-complex\/#primaryimage\"},\"image\":{\"@id\":\"https:\/\/reviva.fi\/fi\/tuote\/colostrum-complex\/#primaryimage\"},\"thumbnailUrl\":\"https:\/\/reviva.fi\/wp-content\/uploads\/2026\/04\/304-Colostrum-Complex-Photoroom-e1775812622438.png\",\"datePublished\":\"2026-04-10T09:25:04+00:00\",\"dateModified\":\"2026-04-14T15:05:42+00:00\",\"description\":\"Colostrum Complex on edistyksellinen ravintolis\u00e4, joka on koostettu synergian periaatteen mukaisesti. Sis\u00e4lt\u00e4\u00e4 lis\u00e4tty\u00e4 laktoferriini\u00e4 & immunoglobuliineja.\",\"breadcrumb\":{\"@id\":\"https:\/\/reviva.fi\/fi\/tuote\/colostrum-complex\/#breadcrumb\"},\"inLanguage\":\"fi\",\"potentialAction\":[{\"@type\":\"ReadAction\",\"target\":[\"https:\/\/reviva.fi\/fi\/tuote\/colostrum-complex\/\"]}]},{\"@type\":\"ImageObject\",\"inLanguage\":\"fi\",\"@id\":\"https:\/\/reviva.fi\/fi\/tuote\/colostrum-complex\/#primaryimage\",\"url\":\"https:\/\/reviva.fi\/wp-content\/uploads\/2026\/04\/304-Colostrum-Complex-Photoroom-e1775812622438.png\",\"contentUrl\":\"https:\/\/reviva.fi\/wp-content\/uploads\/2026\/04\/304-Colostrum-Complex-Photoroom-e1775812622438.png\",\"width\":2000,\"height\":1333,\"caption\":\"Colostrum Complex\"},{\"@type\":\"BreadcrumbList\",\"@id\":\"https:\/\/reviva.fi\/fi\/tuote\/colostrum-complex\/#breadcrumb\",\"itemListElement\":[{\"@type\":\"ListItem\",\"position\":1,\"name\":\"Etusivu\",\"item\":\"https:\/\/reviva.fi\/fi\/\"},{\"@type\":\"ListItem\",\"position\":2,\"name\":\"Tuotteet\",\"item\":\"https:\/\/reviva.fi\/produkter\/\"},{\"@type\":\"ListItem\",\"position\":3,\"name\":\"Colostrum Complex\"}]},{\"@type\":\"WebSite\",\"@id\":\"https:\/\/reviva.fi\/fi\/#website\",\"url\":\"https:\/\/reviva.fi\/fi\/\",\"name\":\"Reviva\",\"description\":\"\",\"publisher\":{\"@id\":\"https:\/\/reviva.fi\/fi\/#organization\"},\"potentialAction\":[{\"@type\":\"SearchAction\",\"target\":{\"@type\":\"EntryPoint\",\"urlTemplate\":\"https:\/\/reviva.fi\/fi\/?s={search_term_string}\"},\"query-input\":{\"@type\":\"PropertyValueSpecification\",\"valueRequired\":true,\"valueName\":\"search_term_string\"}}],\"inLanguage\":\"fi\"},{\"@type\":\"Organization\",\"@id\":\"https:\/\/reviva.fi\/fi\/#organization\",\"name\":\"Reviva\",\"url\":\"https:\/\/reviva.fi\/fi\/\",\"logo\":{\"@type\":\"ImageObject\",\"inLanguage\":\"fi\",\"@id\":\"https:\/\/reviva.fi\/fi\/#\/schema\/logo\/image\/\",\"url\":\"https:\/\/reviva.fi\/wp-content\/uploads\/2023\/10\/reviva-logo2.svg\",\"contentUrl\":\"https:\/\/reviva.fi\/wp-content\/uploads\/2023\/10\/reviva-logo2.svg\",\"caption\":\"Reviva\"},\"image\":{\"@id\":\"https:\/\/reviva.fi\/fi\/#\/schema\/logo\/image\/\"}}]}<\/script>\n<meta property=\"product:price:amount\" content=\"39.70\" \/>\n<meta property=\"product:price:currency\" content=\"EUR\" \/>\n<meta property=\"og:availability\" content=\"instock\" \/>\n<meta property=\"product:availability\" content=\"instock\" \/>\n<meta property=\"product:retailer_item_id\" content=\"304\" \/>\n<meta property=\"product:condition\" content=\"new\" \/>\n<!-- \/ Yoast SEO plugin. -->","yoast_head_json":{"title":"Colostrum Complex - Reviva","description":"Colostrum Complex on edistyksellinen ravintolis\u00e4, joka on koostettu synergian periaatteen mukaisesti. Sis\u00e4lt\u00e4\u00e4 lis\u00e4tty\u00e4 laktoferriini\u00e4 & immunoglobuliineja.","robots":{"index":"index","follow":"follow","max-snippet":"max-snippet:-1","max-image-preview":"max-image-preview:large","max-video-preview":"max-video-preview:-1"},"canonical":"https:\/\/reviva.fi\/fi\/tuote\/colostrum-complex\/","og_locale":"fi_FI","og_type":"article","og_title":"Colostrum Complex - Reviva","og_description":"Colostrum Complex on edistyksellinen ravintolis\u00e4, joka on koostettu synergian periaatteen mukaisesti. Sis\u00e4lt\u00e4\u00e4 lis\u00e4tty\u00e4 laktoferriini\u00e4 & immunoglobuliineja.","og_url":"https:\/\/reviva.fi\/fi\/tuote\/colostrum-complex\/","og_site_name":"Reviva","article_modified_time":"2026-04-14T15:05:42+00:00","og_image":[{"width":2000,"height":1333,"url":"https:\/\/reviva.fi\/wp-content\/uploads\/2026\/04\/304-Colostrum-Complex-Photoroom-e1775812622438.png","type":"image\/png"}],"twitter_card":"summary_large_image","schema":{"@context":"https:\/\/schema.org","@graph":[{"@type":"WebPage","@id":"https:\/\/reviva.fi\/fi\/tuote\/colostrum-complex\/","url":"https:\/\/reviva.fi\/fi\/tuote\/colostrum-complex\/","name":"Colostrum Complex - Reviva","isPartOf":{"@id":"https:\/\/reviva.fi\/fi\/#website"},"primaryImageOfPage":{"@id":"https:\/\/reviva.fi\/fi\/tuote\/colostrum-complex\/#primaryimage"},"image":{"@id":"https:\/\/reviva.fi\/fi\/tuote\/colostrum-complex\/#primaryimage"},"thumbnailUrl":"https:\/\/reviva.fi\/wp-content\/uploads\/2026\/04\/304-Colostrum-Complex-Photoroom-e1775812622438.png","datePublished":"2026-04-10T09:25:04+00:00","dateModified":"2026-04-14T15:05:42+00:00","description":"Colostrum Complex on edistyksellinen ravintolis\u00e4, joka on koostettu synergian periaatteen mukaisesti. Sis\u00e4lt\u00e4\u00e4 lis\u00e4tty\u00e4 laktoferriini\u00e4 & immunoglobuliineja.","breadcrumb":{"@id":"https:\/\/reviva.fi\/fi\/tuote\/colostrum-complex\/#breadcrumb"},"inLanguage":"fi","potentialAction":[{"@type":"ReadAction","target":["https:\/\/reviva.fi\/fi\/tuote\/colostrum-complex\/"]}]},{"@type":"ImageObject","inLanguage":"fi","@id":"https:\/\/reviva.fi\/fi\/tuote\/colostrum-complex\/#primaryimage","url":"https:\/\/reviva.fi\/wp-content\/uploads\/2026\/04\/304-Colostrum-Complex-Photoroom-e1775812622438.png","contentUrl":"https:\/\/reviva.fi\/wp-content\/uploads\/2026\/04\/304-Colostrum-Complex-Photoroom-e1775812622438.png","width":2000,"height":1333,"caption":"Colostrum Complex"},{"@type":"BreadcrumbList","@id":"https:\/\/reviva.fi\/fi\/tuote\/colostrum-complex\/#breadcrumb","itemListElement":[{"@type":"ListItem","position":1,"name":"Etusivu","item":"https:\/\/reviva.fi\/fi\/"},{"@type":"ListItem","position":2,"name":"Tuotteet","item":"https:\/\/reviva.fi\/produkter\/"},{"@type":"ListItem","position":3,"name":"Colostrum Complex"}]},{"@type":"WebSite","@id":"https:\/\/reviva.fi\/fi\/#website","url":"https:\/\/reviva.fi\/fi\/","name":"Reviva","description":"","publisher":{"@id":"https:\/\/reviva.fi\/fi\/#organization"},"potentialAction":[{"@type":"SearchAction","target":{"@type":"EntryPoint","urlTemplate":"https:\/\/reviva.fi\/fi\/?s={search_term_string}"},"query-input":{"@type":"PropertyValueSpecification","valueRequired":true,"valueName":"search_term_string"}}],"inLanguage":"fi"},{"@type":"Organization","@id":"https:\/\/reviva.fi\/fi\/#organization","name":"Reviva","url":"https:\/\/reviva.fi\/fi\/","logo":{"@type":"ImageObject","inLanguage":"fi","@id":"https:\/\/reviva.fi\/fi\/#\/schema\/logo\/image\/","url":"https:\/\/reviva.fi\/wp-content\/uploads\/2023\/10\/reviva-logo2.svg","contentUrl":"https:\/\/reviva.fi\/wp-content\/uploads\/2023\/10\/reviva-logo2.svg","caption":"Reviva"},"image":{"@id":"https:\/\/reviva.fi\/fi\/#\/schema\/logo\/image\/"}}]},"product_price_amount":"39.70","product_price_currency":"EUR","og_availability":"instock","product_availability":"instock","product_retailer_item_id":"304","product_condition":"new"},"taxonomy_info":{"product_cat":[{"value":5975,"label":"Uutiset"},{"value":96,"label":"Vitamiinit"},{"value":5961,"label":"Multi-vitamiini"},{"value":93,"label":"Mineraalit"},{"value":5972,"label":"Mono-mineraali"},{"value":5963,"label":"Synergos"}]},"featured_image_src_large":["https:\/\/reviva.fi\/wp-content\/uploads\/2026\/04\/304-Colostrum-Complex-Photoroom-1024x682.png",1024,682,true],"author_info":[],"comment_info":0,"_links":{"self":[{"href":"https:\/\/reviva.fi\/fi\/wp-json\/wp\/v2\/product\/14467","targetHints":{"allow":["GET"]}}],"collection":[{"href":"https:\/\/reviva.fi\/fi\/wp-json\/wp\/v2\/product"}],"about":[{"href":"https:\/\/reviva.fi\/fi\/wp-json\/wp\/v2\/types\/product"}],"replies":[{"embeddable":true,"href":"https:\/\/reviva.fi\/fi\/wp-json\/wp\/v2\/comments?post=14467"}],"wp:featuredmedia":[{"embeddable":true,"href":"https:\/\/reviva.fi\/fi\/wp-json\/wp\/v2\/media\/14455"}],"wp:attachment":[{"href":"https:\/\/reviva.fi\/fi\/wp-json\/wp\/v2\/media?parent=14467"}],"wp:term":[{"taxonomy":"product_brand","embeddable":true,"href":"https:\/\/reviva.fi\/fi\/wp-json\/wp\/v2\/product_brand?post=14467"},{"taxonomy":"product_cat","embeddable":true,"href":"https:\/\/reviva.fi\/fi\/wp-json\/wp\/v2\/product_cat?post=14467"},{"taxonomy":"product_tag","embeddable":true,"href":"https:\/\/reviva.fi\/fi\/wp-json\/wp\/v2\/product_tag?post=14467"}],"curies":[{"name":"wp","href":"https:\/\/api.w.org\/{rel}","templated":true}]}}