{"id":14838,"date":"2026-05-05T15:30:41","date_gmt":"2026-05-05T12:30:41","guid":{"rendered":"https:\/\/reviva.fi\/product\/karoten-paketet\/"},"modified":"2026-05-07T11:02:32","modified_gmt":"2026-05-07T08:02:32","slug":"karoten-paketet","status":"publish","type":"product","link":"https:\/\/reviva.fi\/fi\/tuote\/karoten-paketet\/","title":{"rendered":"KAROTEENI-PAKETTI"},"content":{"rendered":"<p data-start=\"0\" data-end=\"45\"><strong data-start=\"0\" data-end=\"45\">Kampanja toukokuu 2026 \u2013 KAROTEENIPAKETTI<\/strong><\/p>\n<p data-start=\"47\" data-end=\"165\">Voimme iloksemme tarjota eritt\u00e4in edullisen kampanjan toukokuulle 2026. Kampanja on voimassa 31. toukokuuta 2026 asti.<\/p>\n<p data-start=\"167\" data-end=\"338\">Karoteenipaketti sis\u00e4lt\u00e4\u00e4 seuraavat keskeiset tuotteet:<br data-start=\"222\" data-end=\"225\" \/>\u00b7 Tuotenro 205. Betakaroteeni Pro Vitamin A<br data-start=\"268\" data-end=\"271\" \/>\u00b7 Tuotenro 112. Karotenoidikompleksi<br data-start=\"307\" data-end=\"310\" \/>\u00b7 Tuotenro 221. Bio Sinkki<\/p>\n<p data-start=\"340\" data-end=\"522\"><strong data-start=\"340\" data-end=\"357\">Betakaroteeni<\/strong><br data-start=\"357\" data-end=\"360\" \/>Betakaroteeni on karotenoidi, jota esiintyy luonnostaan hedelmiss\u00e4 ja vihanneksissa. Jokainen kapseli sis\u00e4lt\u00e4\u00e4 30 mg betakaroteenia. Pakkaus sis\u00e4lt\u00e4\u00e4 90 kapselia.<\/p>\n<p data-start=\"524\" data-end=\"773\"><strong data-start=\"524\" data-end=\"548\">Karotenoidikompleksi<\/strong><br data-start=\"548\" data-end=\"551\" \/>Karotenoidikompleksi on ravintolis\u00e4, joka sis\u00e4lt\u00e4\u00e4 gojimarjaa, mustikkaa ja keh\u00e4kukkaa huolellisesti suunnitellussa yhdistelm\u00e4ss\u00e4, joka tarjoaa karotenoideja, kuten zeaksantiinia ja luteiinia. Pakkaus sis\u00e4lt\u00e4\u00e4 60 kapselia.<\/p>\n<p data-start=\"775\" data-end=\"1082\" data-is-last-node=\"\" data-is-only-node=\"\"><strong data-start=\"775\" data-end=\"789\">Bio Sinkki<\/strong><br data-start=\"789\" data-end=\"792\" \/>Sinkki on ihmiselle v\u00e4ltt\u00e4m\u00e4t\u00f6n ravintoaine. Sinkki edist\u00e4\u00e4 A-vitamiinin normaalia aineenvaihduntaa ja auttaa yll\u00e4pit\u00e4m\u00e4\u00e4n normaalia ihoa. Pakkaus sis\u00e4lt\u00e4\u00e4 120 tablettia. Jokainen tabletti sis\u00e4lt\u00e4\u00e4 25 mg kelatoitua sinkki\u00e4 (sinkkisitraatista ja sinkkiaspartaatista) sek\u00e4 5 mg B6-vitamiinia.<\/p>\n","protected":false},"excerpt":{"rendered":"<p><strong>Suositeltua p\u00e4ivitt\u00e4ist\u00e4 annosta ei saa ylitt\u00e4\u00e4<br \/>\nRavintolis\u00e4 ei korvaa monipuolista ruokavaliota.<br \/>\nS\u00e4ilytett\u00e4v\u00e4 pienten lasten ulottumattomissa.<br \/>\n<\/strong><\/p>\n","protected":false},"featured_media":14833,"comment_status":"closed","ping_status":"closed","template":"","meta":{"_acf_changed":false,"inline_featured_image":false,"_kad_blocks_custom_css":"","_kad_blocks_head_custom_js":"","_kad_blocks_body_custom_js":"","_kad_blocks_footer_custom_js":"","_kadence_starter_templates_imported_post":false,"_kad_post_transparent":"default","_kad_post_title":"","_kad_post_layout":"default","_kad_post_sidebar_id":"","_kad_post_content_style":"default","_kad_post_vertical_padding":"default","_kad_post_feature":"","_kad_post_feature_position":"","_kad_post_header":false,"_kad_post_footer":false},"product_brand":[],"product_cat":[2475],"product_tag":[],"class_list":{"0":"post-14838","1":"product","2":"type-product","3":"status-publish","4":"has-post-thumbnail","6":"product_cat-erbjudanden-fi","8":"first","9":"instock","10":"sale","11":"taxable","12":"shipping-taxable","13":"purchasable","14":"product-type-simple","15":"entry","16":"content-bg","17":"loop-entry"},"acf":[],"yoast_head":"<!-- This site is optimized with the Yoast SEO plugin v25.8 - https:\/\/yoast.com\/wordpress\/plugins\/seo\/ -->\n<title>KAROTEENI-PAKETTI - Reviva<\/title>\n<meta name=\"description\" content=\"Karoteenipaketti - Tarjous toukokuu 2026. Voimassa 31 toukokuuta 2026 asti.\" \/>\n<meta name=\"robots\" content=\"index, follow, max-snippet:-1, max-image-preview:large, max-video-preview:-1\" \/>\n<link rel=\"canonical\" href=\"https:\/\/reviva.fi\/fi\/tuote\/karoten-paketet\/\" \/>\n<meta property=\"og:locale\" content=\"fi_FI\" \/>\n<meta property=\"og:type\" content=\"article\" \/>\n<meta property=\"og:title\" content=\"KAROTEENI-PAKETTI - Reviva\" \/>\n<meta property=\"og:description\" content=\"Karoteenipaketti - Tarjous toukokuu 2026. Voimassa 31 toukokuuta 2026 asti.\" \/>\n<meta property=\"og:url\" content=\"https:\/\/reviva.fi\/fi\/tuote\/karoten-paketet\/\" \/>\n<meta property=\"og:site_name\" content=\"Reviva\" \/>\n<meta property=\"article:modified_time\" content=\"2026-05-07T08:02:32+00:00\" \/>\n<meta property=\"og:image\" content=\"https:\/\/reviva.fi\/wp-content\/uploads\/2026\/05\/Karotenpaket-Photoroom-e1778063157323.png\" \/>\n\t<meta property=\"og:image:width\" content=\"2000\" \/>\n\t<meta property=\"og:image:height\" content=\"1333\" \/>\n\t<meta property=\"og:image:type\" content=\"image\/png\" \/>\n<meta name=\"twitter:card\" content=\"summary_large_image\" \/>\n<script type=\"application\/ld+json\" class=\"yoast-schema-graph\">{\"@context\":\"https:\/\/schema.org\",\"@graph\":[{\"@type\":\"WebPage\",\"@id\":\"https:\/\/reviva.fi\/fi\/tuote\/karoten-paketet\/\",\"url\":\"https:\/\/reviva.fi\/fi\/tuote\/karoten-paketet\/\",\"name\":\"KAROTEENI-PAKETTI - Reviva\",\"isPartOf\":{\"@id\":\"https:\/\/reviva.fi\/fi\/#website\"},\"primaryImageOfPage\":{\"@id\":\"https:\/\/reviva.fi\/fi\/tuote\/karoten-paketet\/#primaryimage\"},\"image\":{\"@id\":\"https:\/\/reviva.fi\/fi\/tuote\/karoten-paketet\/#primaryimage\"},\"thumbnailUrl\":\"https:\/\/reviva.fi\/wp-content\/uploads\/2026\/05\/Karotenpaket-Photoroom-e1778063157323.png\",\"datePublished\":\"2026-05-05T12:30:41+00:00\",\"dateModified\":\"2026-05-07T08:02:32+00:00\",\"description\":\"Karoteenipaketti - Tarjous toukokuu 2026. Voimassa 31 toukokuuta 2026 asti.\",\"breadcrumb\":{\"@id\":\"https:\/\/reviva.fi\/fi\/tuote\/karoten-paketet\/#breadcrumb\"},\"inLanguage\":\"fi\",\"potentialAction\":[{\"@type\":\"ReadAction\",\"target\":[\"https:\/\/reviva.fi\/fi\/tuote\/karoten-paketet\/\"]}]},{\"@type\":\"ImageObject\",\"inLanguage\":\"fi\",\"@id\":\"https:\/\/reviva.fi\/fi\/tuote\/karoten-paketet\/#primaryimage\",\"url\":\"https:\/\/reviva.fi\/wp-content\/uploads\/2026\/05\/Karotenpaket-Photoroom-e1778063157323.png\",\"contentUrl\":\"https:\/\/reviva.fi\/wp-content\/uploads\/2026\/05\/Karotenpaket-Photoroom-e1778063157323.png\",\"width\":2000,\"height\":1333,\"caption\":\"Karotenpaket\"},{\"@type\":\"BreadcrumbList\",\"@id\":\"https:\/\/reviva.fi\/fi\/tuote\/karoten-paketet\/#breadcrumb\",\"itemListElement\":[{\"@type\":\"ListItem\",\"position\":1,\"name\":\"Etusivu\",\"item\":\"https:\/\/reviva.fi\/fi\/\"},{\"@type\":\"ListItem\",\"position\":2,\"name\":\"Tuotteet\",\"item\":\"https:\/\/reviva.fi\/produkter\/\"},{\"@type\":\"ListItem\",\"position\":3,\"name\":\"KAROTEENI-PAKETTI\"}]},{\"@type\":\"WebSite\",\"@id\":\"https:\/\/reviva.fi\/fi\/#website\",\"url\":\"https:\/\/reviva.fi\/fi\/\",\"name\":\"Reviva\",\"description\":\"\",\"publisher\":{\"@id\":\"https:\/\/reviva.fi\/fi\/#organization\"},\"potentialAction\":[{\"@type\":\"SearchAction\",\"target\":{\"@type\":\"EntryPoint\",\"urlTemplate\":\"https:\/\/reviva.fi\/fi\/?s={search_term_string}\"},\"query-input\":{\"@type\":\"PropertyValueSpecification\",\"valueRequired\":true,\"valueName\":\"search_term_string\"}}],\"inLanguage\":\"fi\"},{\"@type\":\"Organization\",\"@id\":\"https:\/\/reviva.fi\/fi\/#organization\",\"name\":\"Reviva\",\"url\":\"https:\/\/reviva.fi\/fi\/\",\"logo\":{\"@type\":\"ImageObject\",\"inLanguage\":\"fi\",\"@id\":\"https:\/\/reviva.fi\/fi\/#\/schema\/logo\/image\/\",\"url\":\"https:\/\/reviva.fi\/wp-content\/uploads\/2023\/10\/reviva-logo2.svg\",\"contentUrl\":\"https:\/\/reviva.fi\/wp-content\/uploads\/2023\/10\/reviva-logo2.svg\",\"caption\":\"Reviva\"},\"image\":{\"@id\":\"https:\/\/reviva.fi\/fi\/#\/schema\/logo\/image\/\"}}]}<\/script>\n<meta property=\"product:price:amount\" content=\"45.85\" \/>\n<meta property=\"product:price:currency\" content=\"EUR\" \/>\n<meta property=\"og:availability\" content=\"instock\" \/>\n<meta property=\"product:availability\" content=\"instock\" \/>\n<meta property=\"product:retailer_item_id\" content=\"KAROTEN-1\" \/>\n<meta property=\"product:condition\" content=\"new\" \/>\n<!-- \/ Yoast SEO plugin. -->","yoast_head_json":{"title":"KAROTEENI-PAKETTI - Reviva","description":"Karoteenipaketti - Tarjous toukokuu 2026. Voimassa 31 toukokuuta 2026 asti.","robots":{"index":"index","follow":"follow","max-snippet":"max-snippet:-1","max-image-preview":"max-image-preview:large","max-video-preview":"max-video-preview:-1"},"canonical":"https:\/\/reviva.fi\/fi\/tuote\/karoten-paketet\/","og_locale":"fi_FI","og_type":"article","og_title":"KAROTEENI-PAKETTI - Reviva","og_description":"Karoteenipaketti - Tarjous toukokuu 2026. Voimassa 31 toukokuuta 2026 asti.","og_url":"https:\/\/reviva.fi\/fi\/tuote\/karoten-paketet\/","og_site_name":"Reviva","article_modified_time":"2026-05-07T08:02:32+00:00","og_image":[{"width":2000,"height":1333,"url":"https:\/\/reviva.fi\/wp-content\/uploads\/2026\/05\/Karotenpaket-Photoroom-e1778063157323.png","type":"image\/png"}],"twitter_card":"summary_large_image","schema":{"@context":"https:\/\/schema.org","@graph":[{"@type":"WebPage","@id":"https:\/\/reviva.fi\/fi\/tuote\/karoten-paketet\/","url":"https:\/\/reviva.fi\/fi\/tuote\/karoten-paketet\/","name":"KAROTEENI-PAKETTI - Reviva","isPartOf":{"@id":"https:\/\/reviva.fi\/fi\/#website"},"primaryImageOfPage":{"@id":"https:\/\/reviva.fi\/fi\/tuote\/karoten-paketet\/#primaryimage"},"image":{"@id":"https:\/\/reviva.fi\/fi\/tuote\/karoten-paketet\/#primaryimage"},"thumbnailUrl":"https:\/\/reviva.fi\/wp-content\/uploads\/2026\/05\/Karotenpaket-Photoroom-e1778063157323.png","datePublished":"2026-05-05T12:30:41+00:00","dateModified":"2026-05-07T08:02:32+00:00","description":"Karoteenipaketti - Tarjous toukokuu 2026. Voimassa 31 toukokuuta 2026 asti.","breadcrumb":{"@id":"https:\/\/reviva.fi\/fi\/tuote\/karoten-paketet\/#breadcrumb"},"inLanguage":"fi","potentialAction":[{"@type":"ReadAction","target":["https:\/\/reviva.fi\/fi\/tuote\/karoten-paketet\/"]}]},{"@type":"ImageObject","inLanguage":"fi","@id":"https:\/\/reviva.fi\/fi\/tuote\/karoten-paketet\/#primaryimage","url":"https:\/\/reviva.fi\/wp-content\/uploads\/2026\/05\/Karotenpaket-Photoroom-e1778063157323.png","contentUrl":"https:\/\/reviva.fi\/wp-content\/uploads\/2026\/05\/Karotenpaket-Photoroom-e1778063157323.png","width":2000,"height":1333,"caption":"Karotenpaket"},{"@type":"BreadcrumbList","@id":"https:\/\/reviva.fi\/fi\/tuote\/karoten-paketet\/#breadcrumb","itemListElement":[{"@type":"ListItem","position":1,"name":"Etusivu","item":"https:\/\/reviva.fi\/fi\/"},{"@type":"ListItem","position":2,"name":"Tuotteet","item":"https:\/\/reviva.fi\/produkter\/"},{"@type":"ListItem","position":3,"name":"KAROTEENI-PAKETTI"}]},{"@type":"WebSite","@id":"https:\/\/reviva.fi\/fi\/#website","url":"https:\/\/reviva.fi\/fi\/","name":"Reviva","description":"","publisher":{"@id":"https:\/\/reviva.fi\/fi\/#organization"},"potentialAction":[{"@type":"SearchAction","target":{"@type":"EntryPoint","urlTemplate":"https:\/\/reviva.fi\/fi\/?s={search_term_string}"},"query-input":{"@type":"PropertyValueSpecification","valueRequired":true,"valueName":"search_term_string"}}],"inLanguage":"fi"},{"@type":"Organization","@id":"https:\/\/reviva.fi\/fi\/#organization","name":"Reviva","url":"https:\/\/reviva.fi\/fi\/","logo":{"@type":"ImageObject","inLanguage":"fi","@id":"https:\/\/reviva.fi\/fi\/#\/schema\/logo\/image\/","url":"https:\/\/reviva.fi\/wp-content\/uploads\/2023\/10\/reviva-logo2.svg","contentUrl":"https:\/\/reviva.fi\/wp-content\/uploads\/2023\/10\/reviva-logo2.svg","caption":"Reviva"},"image":{"@id":"https:\/\/reviva.fi\/fi\/#\/schema\/logo\/image\/"}}]},"product_price_amount":"45.85","product_price_currency":"EUR","og_availability":"instock","product_availability":"instock","product_retailer_item_id":"KAROTEN-1","product_condition":"new"},"taxonomy_info":{"product_cat":[{"value":2475,"label":"Tarjoukset"}]},"featured_image_src_large":["https:\/\/reviva.fi\/wp-content\/uploads\/2026\/05\/Karotenpaket-Photoroom-1024x682.png",1024,682,true],"author_info":[],"comment_info":0,"_links":{"self":[{"href":"https:\/\/reviva.fi\/fi\/wp-json\/wp\/v2\/product\/14838","targetHints":{"allow":["GET"]}}],"collection":[{"href":"https:\/\/reviva.fi\/fi\/wp-json\/wp\/v2\/product"}],"about":[{"href":"https:\/\/reviva.fi\/fi\/wp-json\/wp\/v2\/types\/product"}],"replies":[{"embeddable":true,"href":"https:\/\/reviva.fi\/fi\/wp-json\/wp\/v2\/comments?post=14838"}],"wp:featuredmedia":[{"embeddable":true,"href":"https:\/\/reviva.fi\/fi\/wp-json\/wp\/v2\/media\/14833"}],"wp:attachment":[{"href":"https:\/\/reviva.fi\/fi\/wp-json\/wp\/v2\/media?parent=14838"}],"wp:term":[{"taxonomy":"product_brand","embeddable":true,"href":"https:\/\/reviva.fi\/fi\/wp-json\/wp\/v2\/product_brand?post=14838"},{"taxonomy":"product_cat","embeddable":true,"href":"https:\/\/reviva.fi\/fi\/wp-json\/wp\/v2\/product_cat?post=14838"},{"taxonomy":"product_tag","embeddable":true,"href":"https:\/\/reviva.fi\/fi\/wp-json\/wp\/v2\/product_tag?post=14838"}],"curies":[{"name":"wp","href":"https:\/\/api.w.org\/{rel}","templated":true}]}}