{"id":1754,"date":"2021-04-08T13:05:15","date_gmt":"2021-04-08T10:05:15","guid":{"rendered":"https:\/\/reviva.fi\/product\/kolin-synergos\/"},"modified":"2026-01-19T13:52:23","modified_gmt":"2026-01-19T11:52:23","slug":"koliini-synergos","status":"publish","type":"product","link":"https:\/\/reviva.fi\/fi\/tuote\/koliini-synergos\/","title":{"rendered":"Koliini Synergos"},"content":{"rendered":"<p>Koliini Synergos on edistyksellinen ravintolis\u00e4, joka perustuu laajakirjo- ja synergiaperiaatteisiin.<\/p>\n<p>Food and Nutrition Board f\u00f6r Institute of Medicine (USA) luokitteli koliinin t\u00e4rke\u00e4ksi ravintoaineeksi vuonna 1998.<\/p>\n<p><strong>Koliini edist\u00e4\u00e4:<\/strong><\/p>\n<ul>\n<li>normaalia homokysteiinin aineenvaihduntaa<\/li>\n<li>normaalia rasva-aineenvaihduntaa<\/li>\n<li>maksan normaalin toiminnan yll\u00e4pit\u00e4mist\u00e4<\/li>\n<\/ul>\n<p>&nbsp;<\/p>\n","protected":false},"excerpt":{"rendered":"<p>Kolin Synergos on edistyksellinen ravintolis\u00e4, joka perustuu laajakirjo- ja synergiaperiaatteisiin.<\/p>\n<p><strong>60 kapselia<\/strong><\/p>\n","protected":false},"featured_media":13555,"comment_status":"open","ping_status":"closed","template":"","meta":{"_acf_changed":false,"inline_featured_image":false,"_kad_blocks_custom_css":"","_kad_blocks_head_custom_js":"","_kad_blocks_body_custom_js":"","_kad_blocks_footer_custom_js":"","_kadence_starter_templates_imported_post":false,"_kad_post_transparent":"default","_kad_post_title":"","_kad_post_layout":"default","_kad_post_sidebar_id":"","_kad_post_content_style":"default","_kad_post_vertical_padding":"default","_kad_post_feature":"","_kad_post_feature_position":"","_kad_post_header":false,"_kad_post_footer":false},"product_brand":[],"product_cat":[96,525,5961,5978,5963,2366,2383],"product_tag":[1120,1121,412,428,1215,1466,1231,1362,1367,1368,1377,507,498,1218,1087,1341,1265,1267,1187,520,522],"class_list":{"0":"post-1754","1":"product","2":"type-product","3":"status-publish","4":"has-post-thumbnail","6":"product_cat-vitaminer-fi","7":"product_cat-b-vitamin-fi","8":"product_cat-multi-vitamin-fi","9":"product_cat-multi-produkter-fi","10":"product_cat-synergos-fi","11":"product_cat-lever-och-njurar-fi","12":"product_cat-hjarna-och-minne-fi","13":"product_tag-alzheimerin-tauti","14":"product_tag-alzheimerin-tauti-fi","15":"product_tag-antioksidantti","16":"product_tag-b-vitamiini","17":"product_tag-dementia","18":"product_tag-heikentynyt-sapen-toiminta","19":"product_tag-huono-muisti","20":"product_tag-kognitiivinen-toimintahairio","21":"product_tag-koliini-yksittainen-aine","22":"product_tag-koliinisynergoosi","23":"product_tag-krooninen-vasymys","24":"product_tag-lisaa-vastustuskykya","25":"product_tag-luontais-lisaravinne","26":"product_tag-masennus","27":"product_tag-me-fi","28":"product_tag-oppimisvaikeudet","29":"product_tag-sappihairiot","30":"product_tag-sappitiehyet","31":"product_tag-tukos-sapppitiehyet","32":"product_tag-vitamiini","33":"product_tag-vitamiinit","35":"first","36":"instock","37":"taxable","38":"shipping-taxable","39":"purchasable","40":"product-type-simple","41":"entry","42":"content-bg","43":"loop-entry"},"acf":[],"yoast_head":"<!-- This site is optimized with the Yoast SEO plugin v25.8 - https:\/\/yoast.com\/wordpress\/plugins\/seo\/ -->\n<title>Koliini Synergos - Reviva<\/title>\n<meta name=\"description\" content=\"Koliini Synergos - Sappiongelmat ja tukkeutuneet sappitiet. Koliinia tarvitaan muistille ja aivoille. Koliini-puute voi aiheuttaa maksa- ja sappioireita\" \/>\n<meta name=\"robots\" content=\"index, follow, max-snippet:-1, max-image-preview:large, max-video-preview:-1\" \/>\n<link rel=\"canonical\" href=\"https:\/\/reviva.fi\/fi\/tuote\/koliini-synergos\/\" \/>\n<meta property=\"og:locale\" content=\"fi_FI\" \/>\n<meta property=\"og:type\" content=\"article\" \/>\n<meta property=\"og:title\" content=\"Koliini Synergos - Reviva\" \/>\n<meta property=\"og:description\" content=\"Koliini Synergos - Sappiongelmat ja tukkeutuneet sappitiet. Koliinia tarvitaan muistille ja aivoille. Koliini-puute voi aiheuttaa maksa- ja sappioireita\" \/>\n<meta property=\"og:url\" content=\"https:\/\/reviva.fi\/fi\/tuote\/koliini-synergos\/\" \/>\n<meta property=\"og:site_name\" content=\"Reviva\" \/>\n<meta property=\"article:modified_time\" content=\"2026-01-19T11:52:23+00:00\" \/>\n<meta property=\"og:image\" content=\"https:\/\/reviva.fi\/wp-content\/uploads\/2021\/04\/Kolin-Synergos-kapslar-Photoroom-e1768824646468.png\" \/>\n\t<meta property=\"og:image:width\" content=\"2000\" \/>\n\t<meta property=\"og:image:height\" content=\"1333\" \/>\n\t<meta property=\"og:image:type\" content=\"image\/png\" \/>\n<meta name=\"twitter:card\" content=\"summary_large_image\" \/>\n<script type=\"application\/ld+json\" class=\"yoast-schema-graph\">{\"@context\":\"https:\/\/schema.org\",\"@graph\":[{\"@type\":\"WebPage\",\"@id\":\"https:\/\/reviva.fi\/fi\/tuote\/koliini-synergos\/\",\"url\":\"https:\/\/reviva.fi\/fi\/tuote\/koliini-synergos\/\",\"name\":\"Koliini Synergos - Reviva\",\"isPartOf\":{\"@id\":\"https:\/\/reviva.fi\/fi\/#website\"},\"primaryImageOfPage\":{\"@id\":\"https:\/\/reviva.fi\/fi\/tuote\/koliini-synergos\/#primaryimage\"},\"image\":{\"@id\":\"https:\/\/reviva.fi\/fi\/tuote\/koliini-synergos\/#primaryimage\"},\"thumbnailUrl\":\"https:\/\/reviva.fi\/wp-content\/uploads\/2021\/04\/Kolin-Synergos-kapslar-Photoroom-e1768824646468.png\",\"datePublished\":\"2021-04-08T10:05:15+00:00\",\"dateModified\":\"2026-01-19T11:52:23+00:00\",\"description\":\"Koliini Synergos - Sappiongelmat ja tukkeutuneet sappitiet. Koliinia tarvitaan muistille ja aivoille. Koliini-puute voi aiheuttaa maksa- ja sappioireita\",\"breadcrumb\":{\"@id\":\"https:\/\/reviva.fi\/fi\/tuote\/koliini-synergos\/#breadcrumb\"},\"inLanguage\":\"fi\",\"potentialAction\":[{\"@type\":\"ReadAction\",\"target\":[\"https:\/\/reviva.fi\/fi\/tuote\/koliini-synergos\/\"]}]},{\"@type\":\"ImageObject\",\"inLanguage\":\"fi\",\"@id\":\"https:\/\/reviva.fi\/fi\/tuote\/koliini-synergos\/#primaryimage\",\"url\":\"https:\/\/reviva.fi\/wp-content\/uploads\/2021\/04\/Kolin-Synergos-kapslar-Photoroom-e1768824646468.png\",\"contentUrl\":\"https:\/\/reviva.fi\/wp-content\/uploads\/2021\/04\/Kolin-Synergos-kapslar-Photoroom-e1768824646468.png\",\"width\":2000,\"height\":1333,\"caption\":\"Kolin Synergos\"},{\"@type\":\"BreadcrumbList\",\"@id\":\"https:\/\/reviva.fi\/fi\/tuote\/koliini-synergos\/#breadcrumb\",\"itemListElement\":[{\"@type\":\"ListItem\",\"position\":1,\"name\":\"Etusivu\",\"item\":\"https:\/\/reviva.fi\/fi\/\"},{\"@type\":\"ListItem\",\"position\":2,\"name\":\"Tuotteet\",\"item\":\"https:\/\/reviva.fi\/produkter\/\"},{\"@type\":\"ListItem\",\"position\":3,\"name\":\"Koliini Synergos\"}]},{\"@type\":\"WebSite\",\"@id\":\"https:\/\/reviva.fi\/fi\/#website\",\"url\":\"https:\/\/reviva.fi\/fi\/\",\"name\":\"Reviva\",\"description\":\"\",\"publisher\":{\"@id\":\"https:\/\/reviva.fi\/fi\/#organization\"},\"potentialAction\":[{\"@type\":\"SearchAction\",\"target\":{\"@type\":\"EntryPoint\",\"urlTemplate\":\"https:\/\/reviva.fi\/fi\/?s={search_term_string}\"},\"query-input\":{\"@type\":\"PropertyValueSpecification\",\"valueRequired\":true,\"valueName\":\"search_term_string\"}}],\"inLanguage\":\"fi\"},{\"@type\":\"Organization\",\"@id\":\"https:\/\/reviva.fi\/fi\/#organization\",\"name\":\"Reviva\",\"url\":\"https:\/\/reviva.fi\/fi\/\",\"logo\":{\"@type\":\"ImageObject\",\"inLanguage\":\"fi\",\"@id\":\"https:\/\/reviva.fi\/fi\/#\/schema\/logo\/image\/\",\"url\":\"https:\/\/reviva.fi\/wp-content\/uploads\/2023\/10\/reviva-logo2.svg\",\"contentUrl\":\"https:\/\/reviva.fi\/wp-content\/uploads\/2023\/10\/reviva-logo2.svg\",\"caption\":\"Reviva\"},\"image\":{\"@id\":\"https:\/\/reviva.fi\/fi\/#\/schema\/logo\/image\/\"}}]}<\/script>\n<meta property=\"product:price:amount\" content=\"27.35\" \/>\n<meta property=\"product:price:currency\" content=\"EUR\" \/>\n<meta property=\"og:availability\" content=\"instock\" \/>\n<meta property=\"product:availability\" content=\"instock\" \/>\n<meta property=\"product:retailer_item_id\" content=\"238\" \/>\n<meta property=\"product:condition\" content=\"new\" \/>\n<!-- \/ Yoast SEO plugin. -->","yoast_head_json":{"title":"Koliini Synergos - Reviva","description":"Koliini Synergos - Sappiongelmat ja tukkeutuneet sappitiet. Koliinia tarvitaan muistille ja aivoille. Koliini-puute voi aiheuttaa maksa- ja sappioireita","robots":{"index":"index","follow":"follow","max-snippet":"max-snippet:-1","max-image-preview":"max-image-preview:large","max-video-preview":"max-video-preview:-1"},"canonical":"https:\/\/reviva.fi\/fi\/tuote\/koliini-synergos\/","og_locale":"fi_FI","og_type":"article","og_title":"Koliini Synergos - Reviva","og_description":"Koliini Synergos - Sappiongelmat ja tukkeutuneet sappitiet. Koliinia tarvitaan muistille ja aivoille. Koliini-puute voi aiheuttaa maksa- ja sappioireita","og_url":"https:\/\/reviva.fi\/fi\/tuote\/koliini-synergos\/","og_site_name":"Reviva","article_modified_time":"2026-01-19T11:52:23+00:00","og_image":[{"width":2000,"height":1333,"url":"https:\/\/reviva.fi\/wp-content\/uploads\/2021\/04\/Kolin-Synergos-kapslar-Photoroom-e1768824646468.png","type":"image\/png"}],"twitter_card":"summary_large_image","schema":{"@context":"https:\/\/schema.org","@graph":[{"@type":"WebPage","@id":"https:\/\/reviva.fi\/fi\/tuote\/koliini-synergos\/","url":"https:\/\/reviva.fi\/fi\/tuote\/koliini-synergos\/","name":"Koliini Synergos - Reviva","isPartOf":{"@id":"https:\/\/reviva.fi\/fi\/#website"},"primaryImageOfPage":{"@id":"https:\/\/reviva.fi\/fi\/tuote\/koliini-synergos\/#primaryimage"},"image":{"@id":"https:\/\/reviva.fi\/fi\/tuote\/koliini-synergos\/#primaryimage"},"thumbnailUrl":"https:\/\/reviva.fi\/wp-content\/uploads\/2021\/04\/Kolin-Synergos-kapslar-Photoroom-e1768824646468.png","datePublished":"2021-04-08T10:05:15+00:00","dateModified":"2026-01-19T11:52:23+00:00","description":"Koliini Synergos - Sappiongelmat ja tukkeutuneet sappitiet. Koliinia tarvitaan muistille ja aivoille. Koliini-puute voi aiheuttaa maksa- ja sappioireita","breadcrumb":{"@id":"https:\/\/reviva.fi\/fi\/tuote\/koliini-synergos\/#breadcrumb"},"inLanguage":"fi","potentialAction":[{"@type":"ReadAction","target":["https:\/\/reviva.fi\/fi\/tuote\/koliini-synergos\/"]}]},{"@type":"ImageObject","inLanguage":"fi","@id":"https:\/\/reviva.fi\/fi\/tuote\/koliini-synergos\/#primaryimage","url":"https:\/\/reviva.fi\/wp-content\/uploads\/2021\/04\/Kolin-Synergos-kapslar-Photoroom-e1768824646468.png","contentUrl":"https:\/\/reviva.fi\/wp-content\/uploads\/2021\/04\/Kolin-Synergos-kapslar-Photoroom-e1768824646468.png","width":2000,"height":1333,"caption":"Kolin Synergos"},{"@type":"BreadcrumbList","@id":"https:\/\/reviva.fi\/fi\/tuote\/koliini-synergos\/#breadcrumb","itemListElement":[{"@type":"ListItem","position":1,"name":"Etusivu","item":"https:\/\/reviva.fi\/fi\/"},{"@type":"ListItem","position":2,"name":"Tuotteet","item":"https:\/\/reviva.fi\/produkter\/"},{"@type":"ListItem","position":3,"name":"Koliini Synergos"}]},{"@type":"WebSite","@id":"https:\/\/reviva.fi\/fi\/#website","url":"https:\/\/reviva.fi\/fi\/","name":"Reviva","description":"","publisher":{"@id":"https:\/\/reviva.fi\/fi\/#organization"},"potentialAction":[{"@type":"SearchAction","target":{"@type":"EntryPoint","urlTemplate":"https:\/\/reviva.fi\/fi\/?s={search_term_string}"},"query-input":{"@type":"PropertyValueSpecification","valueRequired":true,"valueName":"search_term_string"}}],"inLanguage":"fi"},{"@type":"Organization","@id":"https:\/\/reviva.fi\/fi\/#organization","name":"Reviva","url":"https:\/\/reviva.fi\/fi\/","logo":{"@type":"ImageObject","inLanguage":"fi","@id":"https:\/\/reviva.fi\/fi\/#\/schema\/logo\/image\/","url":"https:\/\/reviva.fi\/wp-content\/uploads\/2023\/10\/reviva-logo2.svg","contentUrl":"https:\/\/reviva.fi\/wp-content\/uploads\/2023\/10\/reviva-logo2.svg","caption":"Reviva"},"image":{"@id":"https:\/\/reviva.fi\/fi\/#\/schema\/logo\/image\/"}}]},"product_price_amount":"27.35","product_price_currency":"EUR","og_availability":"instock","product_availability":"instock","product_retailer_item_id":"238","product_condition":"new"},"taxonomy_info":{"product_cat":[{"value":96,"label":"Vitamiinit"},{"value":525,"label":"B-vitamiini"},{"value":5961,"label":"Multi-vitamiini"},{"value":5978,"label":"Multi tuotteet"},{"value":5963,"label":"Synergos"},{"value":2366,"label":"Maksa &amp; Munuaiset"},{"value":2383,"label":"Aivot &amp; Muisti"}],"product_tag":[{"value":1120,"label":"alzheimerin tauti"},{"value":1121,"label":"alzheimerin tauti"},{"value":412,"label":"antioksidantti"},{"value":428,"label":"b vitamiini"},{"value":1215,"label":"dementia"},{"value":1466,"label":"heikentynyt sapen toiminta"},{"value":1231,"label":"huono muisti"},{"value":1362,"label":"kognitiivinen toimintah\u00e4iri\u00f6"},{"value":1367,"label":"koliini yksitt\u00e4inen aine"},{"value":1368,"label":"koliinisynergoosi"},{"value":1377,"label":"krooninen v\u00e4symys"},{"value":507,"label":"lis\u00e4\u00e4 vastustuskyky\u00e4"},{"value":498,"label":"luontais lis\u00e4ravinne"},{"value":1218,"label":"masennus"},{"value":1087,"label":"ME"},{"value":1341,"label":"oppimisvaikeudet"},{"value":1265,"label":"sappih\u00e4iri\u00f6t"},{"value":1267,"label":"sappitiehyet"},{"value":1187,"label":"tukos sapppitiehyet"},{"value":520,"label":"vitamiini"},{"value":522,"label":"vitamiinit"}]},"featured_image_src_large":["https:\/\/reviva.fi\/wp-content\/uploads\/2021\/04\/Kolin-Synergos-kapslar-Photoroom-1024x682.png",1024,682,true],"author_info":[],"comment_info":0,"_links":{"self":[{"href":"https:\/\/reviva.fi\/fi\/wp-json\/wp\/v2\/product\/1754","targetHints":{"allow":["GET"]}}],"collection":[{"href":"https:\/\/reviva.fi\/fi\/wp-json\/wp\/v2\/product"}],"about":[{"href":"https:\/\/reviva.fi\/fi\/wp-json\/wp\/v2\/types\/product"}],"replies":[{"embeddable":true,"href":"https:\/\/reviva.fi\/fi\/wp-json\/wp\/v2\/comments?post=1754"}],"wp:featuredmedia":[{"embeddable":true,"href":"https:\/\/reviva.fi\/fi\/wp-json\/wp\/v2\/media\/13555"}],"wp:attachment":[{"href":"https:\/\/reviva.fi\/fi\/wp-json\/wp\/v2\/media?parent=1754"}],"wp:term":[{"taxonomy":"product_brand","embeddable":true,"href":"https:\/\/reviva.fi\/fi\/wp-json\/wp\/v2\/product_brand?post=1754"},{"taxonomy":"product_cat","embeddable":true,"href":"https:\/\/reviva.fi\/fi\/wp-json\/wp\/v2\/product_cat?post=1754"},{"taxonomy":"product_tag","embeddable":true,"href":"https:\/\/reviva.fi\/fi\/wp-json\/wp\/v2\/product_tag?post=1754"}],"curies":[{"name":"wp","href":"https:\/\/api.w.org\/{rel}","templated":true}]}}