{"id":1764,"date":"2021-04-08T15:19:51","date_gmt":"2021-04-08T12:19:51","guid":{"rendered":"https:\/\/reviva.fi\/product\/vitlok\/"},"modified":"2026-01-28T10:10:40","modified_gmt":"2026-01-28T08:10:40","slug":"valkosipuli","status":"publish","type":"product","link":"https:\/\/reviva.fi\/fi\/tuote\/valkosipuli\/","title":{"rendered":"Valkosipuli"},"content":{"rendered":"<p><strong>Valkosipuli<\/strong><\/p>\n<p><strong>Yleist\u00e4 tietoa<\/strong><br \/>\nValkosipuli, Allium Sativum, on klassinen yrtti, jolla on paljon hy\u00f6dyllisi\u00e4 ominaisuuksia. Se on monivuotinen kasvi ja voi kasvaa jopa metrin pituiseksi. Valkosipulin aktiiviaineita ovat muun muassa erilaiset kysteiinit, aliinit, orgaaniset hapot, polyfenolit kuten kversetiinit ja rutiinit sek\u00e4 rikkiyhdiste allisiini. Ennen kaikkea allisiini muodostaa klassisen valkosipulinhajun.<\/p>\n<p>&nbsp;<\/p>\n","protected":false},"excerpt":{"rendered":"<p data-start=\"0\" data-end=\"66\"><strong data-start=\"0\" data-end=\"66\">Valkosipuli \u2013 klassinen yrtti, jolla on tutkitut terveyshy\u00f6dyt<\/strong><\/p>\n<p data-start=\"68\" data-end=\"377\">Valkosipuli tunnetaan sen mahdollisista terveyshy\u00f6dyist\u00e4 ja sit\u00e4 on k\u00e4ytetty vuosisatojen ajan. T\u00e4m\u00e4 ravintolis\u00e4 voi olla hyv\u00e4 valinta niille, jotka haluavat hy\u00f6dynt\u00e4\u00e4 valkosipulin ainutlaatuisia ominaisuuksia. Valkosipuli (Allium sativum) on klassinen yrtti, jolla on useita hyvinvointia tukevia vaikutuksia.<\/p>\n<ul>\n<li data-start=\"379\" data-end=\"420\">Edist\u00e4\u00e4 syd\u00e4men ja verisuonten terveytt\u00e4.<\/li>\n<\/ul>\n<p data-start=\"422\" data-end=\"434\" data-is-last-node=\"\" data-is-only-node=\"\"><strong>120 kapselia<\/strong><\/p>\n","protected":false},"featured_media":11808,"comment_status":"open","ping_status":"closed","template":"","meta":{"_acf_changed":false,"inline_featured_image":false,"_kad_blocks_custom_css":"","_kad_blocks_head_custom_js":"","_kad_blocks_body_custom_js":"","_kad_blocks_footer_custom_js":"","_kadence_starter_templates_imported_post":false,"_kad_post_transparent":"default","_kad_post_title":"","_kad_post_layout":"default","_kad_post_sidebar_id":"","_kad_post_content_style":"default","_kad_post_vertical_padding":"default","_kad_post_feature":"","_kad_post_feature_position":"","_kad_post_header":false,"_kad_post_footer":false},"product_brand":[],"product_cat":[141,5963,2387,2357],"product_tag":[],"class_list":{"0":"post-1764","1":"product","2":"type-product","3":"status-publish","4":"has-post-thumbnail","6":"product_cat-orter-fi","7":"product_cat-synergos-fi","8":"product_cat-mage-och-tarm-fi","9":"product_cat-immunforsvar-fi","11":"first","12":"instock","13":"taxable","14":"shipping-taxable","15":"purchasable","16":"product-type-simple","17":"entry","18":"content-bg","19":"loop-entry"},"acf":[],"yoast_head":"<!-- This site is optimized with the Yoast SEO plugin v25.8 - https:\/\/yoast.com\/wordpress\/plugins\/seo\/ -->\n<title>Valkosipuli - Reviva<\/title>\n<meta name=\"description\" content=\"Valkosipuli - sen t\u00e4rkeimm\u00e4t aineet ovat kversitiini ja allisiini. Allisiini antaa tunnetun valkosipulin tuoksun ja on valkosipulin aktiivisin aine.\" \/>\n<meta name=\"robots\" content=\"index, follow, max-snippet:-1, max-image-preview:large, max-video-preview:-1\" \/>\n<link rel=\"canonical\" href=\"https:\/\/reviva.fi\/fi\/tuote\/valkosipuli\/\" \/>\n<meta property=\"og:locale\" content=\"fi_FI\" \/>\n<meta property=\"og:type\" content=\"article\" \/>\n<meta property=\"og:title\" content=\"Valkosipuli - Reviva\" \/>\n<meta property=\"og:description\" content=\"Valkosipuli - sen t\u00e4rkeimm\u00e4t aineet ovat kversitiini ja allisiini. Allisiini antaa tunnetun valkosipulin tuoksun ja on valkosipulin aktiivisin aine.\" \/>\n<meta property=\"og:url\" content=\"https:\/\/reviva.fi\/fi\/tuote\/valkosipuli\/\" \/>\n<meta property=\"og:site_name\" content=\"Reviva\" \/>\n<meta property=\"article:modified_time\" content=\"2026-01-28T08:10:40+00:00\" \/>\n<meta property=\"og:image\" content=\"https:\/\/reviva.fi\/wp-content\/uploads\/2021\/04\/Vitlok-Photoroom-e1744894560373.png\" \/>\n\t<meta property=\"og:image:width\" content=\"1600\" \/>\n\t<meta property=\"og:image:height\" content=\"1600\" \/>\n\t<meta property=\"og:image:type\" content=\"image\/png\" \/>\n<meta name=\"twitter:card\" content=\"summary_large_image\" \/>\n<script type=\"application\/ld+json\" class=\"yoast-schema-graph\">{\"@context\":\"https:\/\/schema.org\",\"@graph\":[{\"@type\":\"WebPage\",\"@id\":\"https:\/\/reviva.fi\/fi\/tuote\/valkosipuli\/\",\"url\":\"https:\/\/reviva.fi\/fi\/tuote\/valkosipuli\/\",\"name\":\"Valkosipuli - Reviva\",\"isPartOf\":{\"@id\":\"https:\/\/reviva.fi\/fi\/#website\"},\"primaryImageOfPage\":{\"@id\":\"https:\/\/reviva.fi\/fi\/tuote\/valkosipuli\/#primaryimage\"},\"image\":{\"@id\":\"https:\/\/reviva.fi\/fi\/tuote\/valkosipuli\/#primaryimage\"},\"thumbnailUrl\":\"https:\/\/reviva.fi\/wp-content\/uploads\/2021\/04\/Vitlok-Photoroom-e1744894560373.png\",\"datePublished\":\"2021-04-08T12:19:51+00:00\",\"dateModified\":\"2026-01-28T08:10:40+00:00\",\"description\":\"Valkosipuli - sen t\u00e4rkeimm\u00e4t aineet ovat kversitiini ja allisiini. Allisiini antaa tunnetun valkosipulin tuoksun ja on valkosipulin aktiivisin aine.\",\"breadcrumb\":{\"@id\":\"https:\/\/reviva.fi\/fi\/tuote\/valkosipuli\/#breadcrumb\"},\"inLanguage\":\"fi\",\"potentialAction\":[{\"@type\":\"ReadAction\",\"target\":[\"https:\/\/reviva.fi\/fi\/tuote\/valkosipuli\/\"]}]},{\"@type\":\"ImageObject\",\"inLanguage\":\"fi\",\"@id\":\"https:\/\/reviva.fi\/fi\/tuote\/valkosipuli\/#primaryimage\",\"url\":\"https:\/\/reviva.fi\/wp-content\/uploads\/2021\/04\/Vitlok-Photoroom-e1744894560373.png\",\"contentUrl\":\"https:\/\/reviva.fi\/wp-content\/uploads\/2021\/04\/Vitlok-Photoroom-e1744894560373.png\",\"width\":1600,\"height\":1600,\"caption\":\"Vitl\u00f6k\"},{\"@type\":\"BreadcrumbList\",\"@id\":\"https:\/\/reviva.fi\/fi\/tuote\/valkosipuli\/#breadcrumb\",\"itemListElement\":[{\"@type\":\"ListItem\",\"position\":1,\"name\":\"Etusivu\",\"item\":\"https:\/\/reviva.fi\/fi\/\"},{\"@type\":\"ListItem\",\"position\":2,\"name\":\"Tuotteet\",\"item\":\"https:\/\/reviva.fi\/produkter\/\"},{\"@type\":\"ListItem\",\"position\":3,\"name\":\"Valkosipuli\"}]},{\"@type\":\"WebSite\",\"@id\":\"https:\/\/reviva.fi\/fi\/#website\",\"url\":\"https:\/\/reviva.fi\/fi\/\",\"name\":\"Reviva\",\"description\":\"\",\"publisher\":{\"@id\":\"https:\/\/reviva.fi\/fi\/#organization\"},\"potentialAction\":[{\"@type\":\"SearchAction\",\"target\":{\"@type\":\"EntryPoint\",\"urlTemplate\":\"https:\/\/reviva.fi\/fi\/?s={search_term_string}\"},\"query-input\":{\"@type\":\"PropertyValueSpecification\",\"valueRequired\":true,\"valueName\":\"search_term_string\"}}],\"inLanguage\":\"fi\"},{\"@type\":\"Organization\",\"@id\":\"https:\/\/reviva.fi\/fi\/#organization\",\"name\":\"Reviva\",\"url\":\"https:\/\/reviva.fi\/fi\/\",\"logo\":{\"@type\":\"ImageObject\",\"inLanguage\":\"fi\",\"@id\":\"https:\/\/reviva.fi\/fi\/#\/schema\/logo\/image\/\",\"url\":\"https:\/\/reviva.fi\/wp-content\/uploads\/2023\/10\/reviva-logo2.svg\",\"contentUrl\":\"https:\/\/reviva.fi\/wp-content\/uploads\/2023\/10\/reviva-logo2.svg\",\"caption\":\"Reviva\"},\"image\":{\"@id\":\"https:\/\/reviva.fi\/fi\/#\/schema\/logo\/image\/\"}}]}<\/script>\n<meta property=\"product:price:amount\" content=\"12.75\" \/>\n<meta property=\"product:price:currency\" content=\"EUR\" \/>\n<meta property=\"og:availability\" content=\"instock\" \/>\n<meta property=\"product:availability\" content=\"instock\" \/>\n<meta property=\"product:retailer_item_id\" content=\"419\" \/>\n<meta property=\"product:condition\" content=\"new\" \/>\n<!-- \/ Yoast SEO plugin. -->","yoast_head_json":{"title":"Valkosipuli - Reviva","description":"Valkosipuli - sen t\u00e4rkeimm\u00e4t aineet ovat kversitiini ja allisiini. Allisiini antaa tunnetun valkosipulin tuoksun ja on valkosipulin aktiivisin aine.","robots":{"index":"index","follow":"follow","max-snippet":"max-snippet:-1","max-image-preview":"max-image-preview:large","max-video-preview":"max-video-preview:-1"},"canonical":"https:\/\/reviva.fi\/fi\/tuote\/valkosipuli\/","og_locale":"fi_FI","og_type":"article","og_title":"Valkosipuli - Reviva","og_description":"Valkosipuli - sen t\u00e4rkeimm\u00e4t aineet ovat kversitiini ja allisiini. Allisiini antaa tunnetun valkosipulin tuoksun ja on valkosipulin aktiivisin aine.","og_url":"https:\/\/reviva.fi\/fi\/tuote\/valkosipuli\/","og_site_name":"Reviva","article_modified_time":"2026-01-28T08:10:40+00:00","og_image":[{"width":1600,"height":1600,"url":"https:\/\/reviva.fi\/wp-content\/uploads\/2021\/04\/Vitlok-Photoroom-e1744894560373.png","type":"image\/png"}],"twitter_card":"summary_large_image","schema":{"@context":"https:\/\/schema.org","@graph":[{"@type":"WebPage","@id":"https:\/\/reviva.fi\/fi\/tuote\/valkosipuli\/","url":"https:\/\/reviva.fi\/fi\/tuote\/valkosipuli\/","name":"Valkosipuli - Reviva","isPartOf":{"@id":"https:\/\/reviva.fi\/fi\/#website"},"primaryImageOfPage":{"@id":"https:\/\/reviva.fi\/fi\/tuote\/valkosipuli\/#primaryimage"},"image":{"@id":"https:\/\/reviva.fi\/fi\/tuote\/valkosipuli\/#primaryimage"},"thumbnailUrl":"https:\/\/reviva.fi\/wp-content\/uploads\/2021\/04\/Vitlok-Photoroom-e1744894560373.png","datePublished":"2021-04-08T12:19:51+00:00","dateModified":"2026-01-28T08:10:40+00:00","description":"Valkosipuli - sen t\u00e4rkeimm\u00e4t aineet ovat kversitiini ja allisiini. Allisiini antaa tunnetun valkosipulin tuoksun ja on valkosipulin aktiivisin aine.","breadcrumb":{"@id":"https:\/\/reviva.fi\/fi\/tuote\/valkosipuli\/#breadcrumb"},"inLanguage":"fi","potentialAction":[{"@type":"ReadAction","target":["https:\/\/reviva.fi\/fi\/tuote\/valkosipuli\/"]}]},{"@type":"ImageObject","inLanguage":"fi","@id":"https:\/\/reviva.fi\/fi\/tuote\/valkosipuli\/#primaryimage","url":"https:\/\/reviva.fi\/wp-content\/uploads\/2021\/04\/Vitlok-Photoroom-e1744894560373.png","contentUrl":"https:\/\/reviva.fi\/wp-content\/uploads\/2021\/04\/Vitlok-Photoroom-e1744894560373.png","width":1600,"height":1600,"caption":"Vitl\u00f6k"},{"@type":"BreadcrumbList","@id":"https:\/\/reviva.fi\/fi\/tuote\/valkosipuli\/#breadcrumb","itemListElement":[{"@type":"ListItem","position":1,"name":"Etusivu","item":"https:\/\/reviva.fi\/fi\/"},{"@type":"ListItem","position":2,"name":"Tuotteet","item":"https:\/\/reviva.fi\/produkter\/"},{"@type":"ListItem","position":3,"name":"Valkosipuli"}]},{"@type":"WebSite","@id":"https:\/\/reviva.fi\/fi\/#website","url":"https:\/\/reviva.fi\/fi\/","name":"Reviva","description":"","publisher":{"@id":"https:\/\/reviva.fi\/fi\/#organization"},"potentialAction":[{"@type":"SearchAction","target":{"@type":"EntryPoint","urlTemplate":"https:\/\/reviva.fi\/fi\/?s={search_term_string}"},"query-input":{"@type":"PropertyValueSpecification","valueRequired":true,"valueName":"search_term_string"}}],"inLanguage":"fi"},{"@type":"Organization","@id":"https:\/\/reviva.fi\/fi\/#organization","name":"Reviva","url":"https:\/\/reviva.fi\/fi\/","logo":{"@type":"ImageObject","inLanguage":"fi","@id":"https:\/\/reviva.fi\/fi\/#\/schema\/logo\/image\/","url":"https:\/\/reviva.fi\/wp-content\/uploads\/2023\/10\/reviva-logo2.svg","contentUrl":"https:\/\/reviva.fi\/wp-content\/uploads\/2023\/10\/reviva-logo2.svg","caption":"Reviva"},"image":{"@id":"https:\/\/reviva.fi\/fi\/#\/schema\/logo\/image\/"}}]},"product_price_amount":"12.75","product_price_currency":"EUR","og_availability":"instock","product_availability":"instock","product_retailer_item_id":"419","product_condition":"new"},"taxonomy_info":{"product_cat":[{"value":141,"label":"Yrtit"},{"value":5963,"label":"Synergos"},{"value":2387,"label":"Maha &amp; Suolisto"},{"value":2357,"label":"Immuunipuolustus"}]},"featured_image_src_large":["https:\/\/reviva.fi\/wp-content\/uploads\/2021\/04\/Vitlok-Photoroom-1024x1024.png",1024,1024,true],"author_info":[],"comment_info":0,"_links":{"self":[{"href":"https:\/\/reviva.fi\/fi\/wp-json\/wp\/v2\/product\/1764","targetHints":{"allow":["GET"]}}],"collection":[{"href":"https:\/\/reviva.fi\/fi\/wp-json\/wp\/v2\/product"}],"about":[{"href":"https:\/\/reviva.fi\/fi\/wp-json\/wp\/v2\/types\/product"}],"replies":[{"embeddable":true,"href":"https:\/\/reviva.fi\/fi\/wp-json\/wp\/v2\/comments?post=1764"}],"wp:featuredmedia":[{"embeddable":true,"href":"https:\/\/reviva.fi\/fi\/wp-json\/wp\/v2\/media\/11808"}],"wp:attachment":[{"href":"https:\/\/reviva.fi\/fi\/wp-json\/wp\/v2\/media?parent=1764"}],"wp:term":[{"taxonomy":"product_brand","embeddable":true,"href":"https:\/\/reviva.fi\/fi\/wp-json\/wp\/v2\/product_brand?post=1764"},{"taxonomy":"product_cat","embeddable":true,"href":"https:\/\/reviva.fi\/fi\/wp-json\/wp\/v2\/product_cat?post=1764"},{"taxonomy":"product_tag","embeddable":true,"href":"https:\/\/reviva.fi\/fi\/wp-json\/wp\/v2\/product_tag?post=1764"}],"curies":[{"name":"wp","href":"https:\/\/api.w.org\/{rel}","templated":true}]}}