{"id":1770,"date":"2021-03-29T14:29:11","date_gmt":"2021-03-29T11:29:11","guid":{"rendered":"https:\/\/reviva.fi\/product\/basplus\/"},"modified":"2026-01-23T12:06:50","modified_gmt":"2026-01-23T10:06:50","slug":"basplus","status":"publish","type":"product","link":"https:\/\/reviva.fi\/fi\/tuote\/basplus\/","title":{"rendered":"Basplus"},"content":{"rendered":"<p><strong>Basplus<\/strong><\/p>\n<p>Mineraalisuolakonsentraatti ilman lis\u00e4aineita. Basplus on kompleksi, joka koostuu t\u00e4rkeist\u00e4 em\u00e4ksisist\u00e4 mineraaleista ja D-vitamiineista.<\/p>\n<p>Basplus on erikoistuote, jonka teht\u00e4v\u00e4 on ehk\u00e4ist\u00e4 liikahappoisuutta.<br \/>\nEm\u00e4ksisten ja happamien aineiden suhde vaikuttaa kaikkiin luonnon ja ihmiskehon orgaanisiin aineisiin.<\/p>\n<p><strong>Kalsium, kalium, magnesium ja D-vitamiini Basplusissa edist\u00e4\u00e4:<\/strong><\/p>\n<ul>\n<li>hermoston normaalia toimintaa<\/li>\n<li>lihasten normaalia toimintaa<\/li>\n<li>verenpaineen pysymist\u00e4 normaalina<\/li>\n<li>normaalia veren hyytymist\u00e4<\/li>\n<li>normaalia energia-aineenvaihduntaa<\/li>\n<li>lihasten normaalia toimintaa<\/li>\n<li>normaalia hermov\u00e4lityst\u00e4<\/li>\n<li>ruoansulatusentsyymien normaalia toimintaa<\/li>\n<li>solujen jakautumis- ja erikoistumisprosessiin<\/li>\n<li>on tarpeellinen luuston pysymiselle normaalina<\/li>\n<li>auttaa v\u00e4hent\u00e4m\u00e4\u00e4n v\u00e4symyst\u00e4 ja uupumusta<\/li>\n<li><strong>elektrolyyttitasapainoa<\/strong><\/li>\n<li>normaalia energia-aineenvaihduntaa<\/li>\n<li>normaalia proteiinisynteesi\u00e4<\/li>\n<li>normaaleja psykologisia toimintoja<\/li>\n<\/ul>\n<p>&nbsp;<\/p>\n","protected":false},"excerpt":{"rendered":"<p>Mineraalisuolakonsentraatti ilman lis\u00e4aineita. Basplus on kompleksi, joka koostuu t\u00e4rkeist\u00e4 em\u00e4ksisist\u00e4 mineraaleista ja D-vitamiineista.<\/p>\n<p><strong>100g<\/strong><\/p>\n<p>&nbsp;<\/p>\n","protected":false},"featured_media":13526,"comment_status":"open","ping_status":"closed","template":"","meta":{"_acf_changed":false,"inline_featured_image":false,"_kad_blocks_custom_css":"","_kad_blocks_head_custom_js":"","_kad_blocks_body_custom_js":"","_kad_blocks_footer_custom_js":"","_kadence_starter_templates_imported_post":false,"_kad_post_transparent":"default","_kad_post_title":"","_kad_post_layout":"default","_kad_post_sidebar_id":"","_kad_post_content_style":"default","_kad_post_vertical_padding":"default","_kad_post_feature":"","_kad_post_feature_position":"","_kad_post_header":false,"_kad_post_footer":false},"product_brand":[],"product_cat":[93,5965,5966,92,5972,5978,5963],"product_tag":[1062,412,1645,1174,3001,2989,2991,3187,3200,3196,1638,507,476,498,489,486,490,479,480,1387,3157,2957,3145,1372,1426,1335,519,517,520,522],"class_list":{"0":"post-1770","1":"product","2":"type-product","3":"status-publish","4":"has-post-thumbnail","6":"product_cat-mineraler-fi","7":"product_cat-kalcium-fi","8":"product_cat-kalium-fi","9":"product_cat-magnesium-fi","10":"product_cat-multi-mineral-fi","11":"product_cat-multi-produkter-fi","12":"product_cat-synergos-fi","13":"product_tag-amalgaamivaurioita","14":"product_tag-antioksidantti","15":"product_tag-bakteerien-liikakasvu-suolistossa","16":"product_tag-basplus-fi","17":"product_tag-candida-sieni","18":"product_tag-divertikkeli","19":"product_tag-dysbioosi","20":"product_tag-hapan-suolisto","21":"product_tag-lihaskipu-fi","22":"product_tag-liika-happa","23":"product_tag-liika-happamuus-kehossa","24":"product_tag-lisaa-vastustuskykya","25":"product_tag-lisaravinne","26":"product_tag-luontais-lisaravinne","27":"product_tag-magnesium-jauhe","28":"product_tag-magnesium-lihaskramppi","29":"product_tag-magnesium-lisaravinne","30":"product_tag-magnesiumi","31":"product_tag-magnesiumi-hyodyt","32":"product_tag-nivelkipu","33":"product_tag-nivelten-jaykkyys","34":"product_tag-ohutsuolen-bakteerikasvun-lisaantyminen","35":"product_tag-phn-saately","36":"product_tag-ravintolisat-magnesium","37":"product_tag-ruuansulatuksen-vahvistaminen","38":"product_tag-tulehduksia","39":"product_tag-uupumus","40":"product_tag-vasymys","41":"product_tag-vitamiini","42":"product_tag-vitamiinit","44":"first","45":"instock","46":"taxable","47":"shipping-taxable","48":"purchasable","49":"product-type-variable","50":"entry","51":"content-bg","52":"loop-entry"},"acf":[],"yoast_head":"<!-- This site is optimized with the Yoast SEO plugin v25.8 - https:\/\/yoast.com\/wordpress\/plugins\/seo\/ -->\n<title>Basplus - Reviva<\/title>\n<meta name=\"description\" content=\"Basplus kompleksi - koostuu t\u00e4rkeist\u00e4 em\u00e4ksi\u00e4 muodostavista mineraaleista ja D-vitamiinista. PH:n s\u00e4\u00e4telyyn, mahalle sek\u00e4 elektrolyyttitasapainolle.\" \/>\n<meta name=\"robots\" content=\"index, follow, max-snippet:-1, max-image-preview:large, max-video-preview:-1\" \/>\n<link rel=\"canonical\" href=\"https:\/\/reviva.fi\/fi\/tuote\/basplus\/\" \/>\n<meta property=\"og:locale\" content=\"fi_FI\" \/>\n<meta property=\"og:type\" content=\"article\" \/>\n<meta property=\"og:title\" content=\"Basplus - Reviva\" \/>\n<meta property=\"og:description\" content=\"Basplus kompleksi - koostuu t\u00e4rkeist\u00e4 em\u00e4ksi\u00e4 muodostavista mineraaleista ja D-vitamiinista. PH:n s\u00e4\u00e4telyyn, mahalle sek\u00e4 elektrolyyttitasapainolle.\" \/>\n<meta property=\"og:url\" content=\"https:\/\/reviva.fi\/fi\/tuote\/basplus\/\" \/>\n<meta property=\"og:site_name\" content=\"Reviva\" \/>\n<meta property=\"article:modified_time\" content=\"2026-01-23T10:06:50+00:00\" \/>\n<meta property=\"og:image\" content=\"https:\/\/reviva.fi\/wp-content\/uploads\/2021\/03\/Basplus.png\" \/>\n\t<meta property=\"og:image:width\" content=\"1600\" \/>\n\t<meta property=\"og:image:height\" content=\"1600\" \/>\n\t<meta property=\"og:image:type\" content=\"image\/png\" \/>\n<meta name=\"twitter:card\" content=\"summary_large_image\" \/>\n<script type=\"application\/ld+json\" class=\"yoast-schema-graph\">{\"@context\":\"https:\/\/schema.org\",\"@graph\":[{\"@type\":\"WebPage\",\"@id\":\"https:\/\/reviva.fi\/fi\/tuote\/basplus\/\",\"url\":\"https:\/\/reviva.fi\/fi\/tuote\/basplus\/\",\"name\":\"Basplus - Reviva\",\"isPartOf\":{\"@id\":\"https:\/\/reviva.fi\/fi\/#website\"},\"primaryImageOfPage\":{\"@id\":\"https:\/\/reviva.fi\/fi\/tuote\/basplus\/#primaryimage\"},\"image\":{\"@id\":\"https:\/\/reviva.fi\/fi\/tuote\/basplus\/#primaryimage\"},\"thumbnailUrl\":\"https:\/\/reviva.fi\/wp-content\/uploads\/2021\/03\/Basplus-100g.png\",\"datePublished\":\"2021-03-29T11:29:11+00:00\",\"dateModified\":\"2026-01-23T10:06:50+00:00\",\"description\":\"Basplus kompleksi - koostuu t\u00e4rkeist\u00e4 em\u00e4ksi\u00e4 muodostavista mineraaleista ja D-vitamiinista. PH:n s\u00e4\u00e4telyyn, mahalle sek\u00e4 elektrolyyttitasapainolle.\",\"breadcrumb\":{\"@id\":\"https:\/\/reviva.fi\/fi\/tuote\/basplus\/#breadcrumb\"},\"inLanguage\":\"fi\",\"potentialAction\":[{\"@type\":\"ReadAction\",\"target\":[\"https:\/\/reviva.fi\/fi\/tuote\/basplus\/\"]}]},{\"@type\":\"ImageObject\",\"inLanguage\":\"fi\",\"@id\":\"https:\/\/reviva.fi\/fi\/tuote\/basplus\/#primaryimage\",\"url\":\"https:\/\/reviva.fi\/wp-content\/uploads\/2021\/03\/Basplus-100g.png\",\"contentUrl\":\"https:\/\/reviva.fi\/wp-content\/uploads\/2021\/03\/Basplus-100g.png\",\"width\":1600,\"height\":1600,\"caption\":\"Basplus 100g\"},{\"@type\":\"BreadcrumbList\",\"@id\":\"https:\/\/reviva.fi\/fi\/tuote\/basplus\/#breadcrumb\",\"itemListElement\":[{\"@type\":\"ListItem\",\"position\":1,\"name\":\"Etusivu\",\"item\":\"https:\/\/reviva.fi\/fi\/\"},{\"@type\":\"ListItem\",\"position\":2,\"name\":\"Tuotteet\",\"item\":\"https:\/\/reviva.fi\/produkter\/\"},{\"@type\":\"ListItem\",\"position\":3,\"name\":\"Basplus\"}]},{\"@type\":\"WebSite\",\"@id\":\"https:\/\/reviva.fi\/fi\/#website\",\"url\":\"https:\/\/reviva.fi\/fi\/\",\"name\":\"Reviva\",\"description\":\"\",\"publisher\":{\"@id\":\"https:\/\/reviva.fi\/fi\/#organization\"},\"potentialAction\":[{\"@type\":\"SearchAction\",\"target\":{\"@type\":\"EntryPoint\",\"urlTemplate\":\"https:\/\/reviva.fi\/fi\/?s={search_term_string}\"},\"query-input\":{\"@type\":\"PropertyValueSpecification\",\"valueRequired\":true,\"valueName\":\"search_term_string\"}}],\"inLanguage\":\"fi\"},{\"@type\":\"Organization\",\"@id\":\"https:\/\/reviva.fi\/fi\/#organization\",\"name\":\"Reviva\",\"url\":\"https:\/\/reviva.fi\/fi\/\",\"logo\":{\"@type\":\"ImageObject\",\"inLanguage\":\"fi\",\"@id\":\"https:\/\/reviva.fi\/fi\/#\/schema\/logo\/image\/\",\"url\":\"https:\/\/reviva.fi\/wp-content\/uploads\/2023\/10\/reviva-logo2.svg\",\"contentUrl\":\"https:\/\/reviva.fi\/wp-content\/uploads\/2023\/10\/reviva-logo2.svg\",\"caption\":\"Reviva\"},\"image\":{\"@id\":\"https:\/\/reviva.fi\/fi\/#\/schema\/logo\/image\/\"}}]}<\/script>\n<meta property=\"og:availability\" content=\"instock\" \/>\n<meta property=\"product:availability\" content=\"instock\" \/>\n<meta property=\"product:condition\" content=\"new\" \/>\n<!-- \/ Yoast SEO plugin. -->","yoast_head_json":{"title":"Basplus - Reviva","description":"Basplus kompleksi - koostuu t\u00e4rkeist\u00e4 em\u00e4ksi\u00e4 muodostavista mineraaleista ja D-vitamiinista. PH:n s\u00e4\u00e4telyyn, mahalle sek\u00e4 elektrolyyttitasapainolle.","robots":{"index":"index","follow":"follow","max-snippet":"max-snippet:-1","max-image-preview":"max-image-preview:large","max-video-preview":"max-video-preview:-1"},"canonical":"https:\/\/reviva.fi\/fi\/tuote\/basplus\/","og_locale":"fi_FI","og_type":"article","og_title":"Basplus - Reviva","og_description":"Basplus kompleksi - koostuu t\u00e4rkeist\u00e4 em\u00e4ksi\u00e4 muodostavista mineraaleista ja D-vitamiinista. PH:n s\u00e4\u00e4telyyn, mahalle sek\u00e4 elektrolyyttitasapainolle.","og_url":"https:\/\/reviva.fi\/fi\/tuote\/basplus\/","og_site_name":"Reviva","article_modified_time":"2026-01-23T10:06:50+00:00","og_image":[{"width":1600,"height":1600,"url":"https:\/\/reviva.fi\/wp-content\/uploads\/2021\/03\/Basplus.png","type":"image\/png"}],"twitter_card":"summary_large_image","schema":{"@context":"https:\/\/schema.org","@graph":[{"@type":"WebPage","@id":"https:\/\/reviva.fi\/fi\/tuote\/basplus\/","url":"https:\/\/reviva.fi\/fi\/tuote\/basplus\/","name":"Basplus - Reviva","isPartOf":{"@id":"https:\/\/reviva.fi\/fi\/#website"},"primaryImageOfPage":{"@id":"https:\/\/reviva.fi\/fi\/tuote\/basplus\/#primaryimage"},"image":{"@id":"https:\/\/reviva.fi\/fi\/tuote\/basplus\/#primaryimage"},"thumbnailUrl":"https:\/\/reviva.fi\/wp-content\/uploads\/2021\/03\/Basplus-100g.png","datePublished":"2021-03-29T11:29:11+00:00","dateModified":"2026-01-23T10:06:50+00:00","description":"Basplus kompleksi - koostuu t\u00e4rkeist\u00e4 em\u00e4ksi\u00e4 muodostavista mineraaleista ja D-vitamiinista. PH:n s\u00e4\u00e4telyyn, mahalle sek\u00e4 elektrolyyttitasapainolle.","breadcrumb":{"@id":"https:\/\/reviva.fi\/fi\/tuote\/basplus\/#breadcrumb"},"inLanguage":"fi","potentialAction":[{"@type":"ReadAction","target":["https:\/\/reviva.fi\/fi\/tuote\/basplus\/"]}]},{"@type":"ImageObject","inLanguage":"fi","@id":"https:\/\/reviva.fi\/fi\/tuote\/basplus\/#primaryimage","url":"https:\/\/reviva.fi\/wp-content\/uploads\/2021\/03\/Basplus-100g.png","contentUrl":"https:\/\/reviva.fi\/wp-content\/uploads\/2021\/03\/Basplus-100g.png","width":1600,"height":1600,"caption":"Basplus 100g"},{"@type":"BreadcrumbList","@id":"https:\/\/reviva.fi\/fi\/tuote\/basplus\/#breadcrumb","itemListElement":[{"@type":"ListItem","position":1,"name":"Etusivu","item":"https:\/\/reviva.fi\/fi\/"},{"@type":"ListItem","position":2,"name":"Tuotteet","item":"https:\/\/reviva.fi\/produkter\/"},{"@type":"ListItem","position":3,"name":"Basplus"}]},{"@type":"WebSite","@id":"https:\/\/reviva.fi\/fi\/#website","url":"https:\/\/reviva.fi\/fi\/","name":"Reviva","description":"","publisher":{"@id":"https:\/\/reviva.fi\/fi\/#organization"},"potentialAction":[{"@type":"SearchAction","target":{"@type":"EntryPoint","urlTemplate":"https:\/\/reviva.fi\/fi\/?s={search_term_string}"},"query-input":{"@type":"PropertyValueSpecification","valueRequired":true,"valueName":"search_term_string"}}],"inLanguage":"fi"},{"@type":"Organization","@id":"https:\/\/reviva.fi\/fi\/#organization","name":"Reviva","url":"https:\/\/reviva.fi\/fi\/","logo":{"@type":"ImageObject","inLanguage":"fi","@id":"https:\/\/reviva.fi\/fi\/#\/schema\/logo\/image\/","url":"https:\/\/reviva.fi\/wp-content\/uploads\/2023\/10\/reviva-logo2.svg","contentUrl":"https:\/\/reviva.fi\/wp-content\/uploads\/2023\/10\/reviva-logo2.svg","caption":"Reviva"},"image":{"@id":"https:\/\/reviva.fi\/fi\/#\/schema\/logo\/image\/"}}]},"og_availability":"instock","product_availability":"instock","product_condition":"new"},"taxonomy_info":{"product_cat":[{"value":93,"label":"Mineraalit"},{"value":5965,"label":"Kalsium"},{"value":5966,"label":"Kalium"},{"value":92,"label":"Magnesium"},{"value":5972,"label":"Mono-mineraali"},{"value":5978,"label":"Multi tuotteet"},{"value":5963,"label":"Synergos"}],"product_tag":[{"value":1062,"label":"Amalgaamivaurioita"},{"value":412,"label":"antioksidantti"},{"value":1645,"label":"bakteerien liikakasvu suolistossa"},{"value":1174,"label":"basplus"},{"value":3001,"label":"candida-sieni"},{"value":2989,"label":"divertikkeli"},{"value":2991,"label":"dysbioosi"},{"value":3187,"label":"Hapan suolisto"},{"value":3200,"label":"Lihaskipu"},{"value":3196,"label":"Liiallinen happamuus"},{"value":1638,"label":"liika happamuus kehossa"},{"value":507,"label":"lis\u00e4\u00e4 vastustuskyky\u00e4"},{"value":476,"label":"lis\u00e4ravinne"},{"value":498,"label":"luontais lis\u00e4ravinne"},{"value":489,"label":"magnesium jauhe"},{"value":486,"label":"magnesium lihaskramppi"},{"value":490,"label":"magnesium lis\u00e4ravinne"},{"value":479,"label":"magnesiumi"},{"value":480,"label":"magnesiumi hy\u00f6dyt"},{"value":1387,"label":"nivelkipu"},{"value":3157,"label":"Nivelten j\u00e4ykkyys"},{"value":2957,"label":"Ohutsuolen bakteerikasvun lis\u00e4\u00e4ntyminen"},{"value":3145,"label":"pH:n s\u00e4\u00e4tely"},{"value":1372,"label":"ravintolis\u00e4t magnesium"},{"value":1426,"label":"ruuansulatuksen vahvistaminen"},{"value":1335,"label":"tulehduksia"},{"value":519,"label":"uupumus"},{"value":517,"label":"v\u00e4symys"},{"value":520,"label":"vitamiini"},{"value":522,"label":"vitamiinit"}]},"featured_image_src_large":["https:\/\/reviva.fi\/wp-content\/uploads\/2021\/03\/Basplus-100g-1024x1024.png",1024,1024,true],"author_info":[],"comment_info":0,"_links":{"self":[{"href":"https:\/\/reviva.fi\/fi\/wp-json\/wp\/v2\/product\/1770","targetHints":{"allow":["GET"]}}],"collection":[{"href":"https:\/\/reviva.fi\/fi\/wp-json\/wp\/v2\/product"}],"about":[{"href":"https:\/\/reviva.fi\/fi\/wp-json\/wp\/v2\/types\/product"}],"replies":[{"embeddable":true,"href":"https:\/\/reviva.fi\/fi\/wp-json\/wp\/v2\/comments?post=1770"}],"wp:featuredmedia":[{"embeddable":true,"href":"https:\/\/reviva.fi\/fi\/wp-json\/wp\/v2\/media\/13526"}],"wp:attachment":[{"href":"https:\/\/reviva.fi\/fi\/wp-json\/wp\/v2\/media?parent=1770"}],"wp:term":[{"taxonomy":"product_brand","embeddable":true,"href":"https:\/\/reviva.fi\/fi\/wp-json\/wp\/v2\/product_brand?post=1770"},{"taxonomy":"product_cat","embeddable":true,"href":"https:\/\/reviva.fi\/fi\/wp-json\/wp\/v2\/product_cat?post=1770"},{"taxonomy":"product_tag","embeddable":true,"href":"https:\/\/reviva.fi\/fi\/wp-json\/wp\/v2\/product_tag?post=1770"}],"curies":[{"name":"wp","href":"https:\/\/api.w.org\/{rel}","templated":true}]}}