{"id":1775,"date":"2021-03-31T11:06:23","date_gmt":"2021-03-31T08:06:23","guid":{"rendered":"https:\/\/reviva.fi\/product\/q-10-complex\/"},"modified":"2026-02-22T16:32:29","modified_gmt":"2026-02-22T14:32:29","slug":"q10-kompleksi","status":"publish","type":"product","link":"https:\/\/reviva.fi\/fi\/tuote\/q10-kompleksi\/","title":{"rendered":"Q10 Complex"},"content":{"rendered":"<p><strong>Q10 Kompleksi<\/strong> on ravintolis\u00e4, joka perustuu synergia- ja laajakirjoperiaatteeseen.<\/p>\n<p><strong>Yleist\u00e4 tietoa Q10:st\u00e4<\/strong><br \/>\nQ10 on aktiivinen entsyymi, jota esiintyy kaikkialla luonnossa. Ihmisill\u00e4 sit\u00e4 esiintyy kaikissa kehon kudoksissa, mutta ennen kaikkea syd\u00e4mess\u00e4, maksassa ja immuunij\u00e4rjestelm\u00e4ss\u00e4. Elimist\u00f6 tuottaa sit\u00e4 aminohappo tyrosiinista B1-, B6-, ja E-vitamiinien sek\u00e4 foolihapon avulla. Omatuotanto v\u00e4henee i\u00e4n my\u00f6t\u00e4, mink\u00e4 vuoksi ik\u00e4\u00e4ntyneet voivat hy\u00f6ty\u00e4 Q10-lis\u00e4st\u00e4. Yksi Q10: n t\u00e4rkeimmist\u00e4 toiminnoista on sen ratkaiseva rooli solujen mitokondrioiden energiantuotannossa.<\/p>\n<p><strong>Syd\u00e4men toiminnan edist\u00e4miseen, normaaliin aineenvaihduntaan. V\u00e4hent\u00e4\u00e4 v\u00e4symyst\u00e4 ja uupumusta.<\/strong><\/p>\n<p>Q10 on vitamiinimainen aine, jolla on keskeinen rooli solujen energia-aineenvaihdunnassa. Se edist\u00e4\u00e4 aktiivisesti rasvan, proteiinin, hiilihydraattien ja alkoholin muuttumista\u00a0<strong>ATP:ksi <\/strong><strong>(adenosiinitrifosfaatiksi),<\/strong>\u00a0molekyyliksi, joka varastoi energiaa kemialliseen muotoon. Kun solut tarvitsevat energiaa, ATP-molekyyli jakautuu ja energia vapautuu. ATP: n muodostuminen tapahtuu solujen sis\u00e4ll\u00e4 pieniss\u00e4 pavunmuotoisissa rakenteissa, joita kutsutaan mitokondrioiksi. Lihassolut tarvitsevat suuria m\u00e4\u00e4ri\u00e4 energiaa. Siksi lihassoluissa on huomattavasti enemm\u00e4n mitokondrioita kuin muissa solutyypeiss\u00e4. Syd\u00e4nlihas on hyv\u00e4 esimerkki kehokudoksesta, jolla on suuri mitokondrioiden tiheys. T\u00e4m\u00e4 johtuu siit\u00e4, ett\u00e4 syd\u00e4men energiantarve on valtava.<\/p>\n<p>&nbsp;<\/p>\n","protected":false},"excerpt":{"rendered":"<p><strong>Q10 Complex<\/strong> on ravintolis\u00e4, joka perustuu synergia- ja laajakirjoperiaatteeseen.<\/p>\n<p>Q10 on vitamiinimainen aine, jolla on keskeinen rooli solujen energia-aineenvaihdunnassa.<\/p>\n<p><strong>Syd\u00e4men toiminnan edist\u00e4miseen, normaaliin aineenvaihduntaan. V\u00e4hent\u00e4\u00e4 v\u00e4symyst\u00e4 ja uupumusta.<\/strong><\/p>\n<p><strong>60 kapselia<\/strong><\/p>\n<p>&nbsp;<\/p>\n","protected":false},"featured_media":13735,"comment_status":"open","ping_status":"closed","template":"","meta":{"_acf_changed":false,"inline_featured_image":false,"_kad_blocks_custom_css":"","_kad_blocks_head_custom_js":"","_kad_blocks_body_custom_js":"","_kad_blocks_footer_custom_js":"","_kadence_starter_templates_imported_post":false,"_kad_post_transparent":"default","_kad_post_title":"","_kad_post_layout":"default","_kad_post_sidebar_id":"","_kad_post_content_style":"default","_kad_post_vertical_padding":"default","_kad_post_feature":"","_kad_post_feature_position":"","_kad_post_header":false,"_kad_post_footer":false},"product_brand":[],"product_cat":[96,5961,5978,2505,5963,2387,2357,2371,2375],"product_tag":[1121,412,1591,1580,1581,1467,1326,1377,1454,507,498,1422,1436,1500,1518,502,1383,1151,1285,1283,520,522],"class_list":{"0":"post-1775","1":"product","2":"type-product","3":"status-publish","4":"has-post-thumbnail","6":"product_cat-vitaminer-fi","7":"product_cat-multi-vitamin-fi","8":"product_cat-multi-produkter-fi","9":"product_cat-ovriga-kosttillskott-fi","10":"product_cat-synergos-fi","11":"product_cat-mage-och-tarm-fi","12":"product_cat-immunforsvar-fi","13":"product_cat-muskler-och-leder-fi","14":"product_cat-traning-fi","15":"product_tag-alzheimerin-tauti-fi","16":"product_tag-antioksidantti","17":"product_tag-hampaiden-menetys","18":"product_tag-hapen-puute-aivoissa","19":"product_tag-hapen-puute-suoliston-kudoksissa","20":"product_tag-heikentynyt-immuunijarjestelma","21":"product_tag-kohonnut-verenpaine","22":"product_tag-krooninen-vasymys","23":"product_tag-lihas-heikkous","24":"product_tag-lisaa-vastustuskykya","25":"product_tag-luontais-lisaravinne","26":"product_tag-miesten-hedelmatttomyys","27":"product_tag-migreeni","28":"product_tag-parkinsonin-tautia","29":"product_tag-q10-fi","30":"product_tag-q10-complex-fi","31":"product_tag-rasitusrintakipu","32":"product_tag-rytmihairio","33":"product_tag-sydamen-vajaatoiminta","34":"product_tag-sydansairaus","35":"product_tag-vitamiini","36":"product_tag-vitamiinit","38":"first","39":"instock","40":"taxable","41":"shipping-taxable","42":"purchasable","43":"product-type-simple","44":"entry","45":"content-bg","46":"loop-entry"},"acf":[],"yoast_head":"<!-- This site is optimized with the Yoast SEO plugin v25.8 - https:\/\/yoast.com\/wordpress\/plugins\/seo\/ -->\n<title>Q10 Complex - Reviva<\/title>\n<meta name=\"description\" content=\"Q10 Kompleksi:n t\u00e4rkeimm\u00e4t toiminnot ovat mitokondrioiden energiantuotanto soluissa. Ennen kaikkea syd\u00e4mess\u00e4, maksassa ja immuunij\u00e4rjestelm\u00e4ss\u00e4.\" \/>\n<meta name=\"robots\" content=\"index, follow, max-snippet:-1, max-image-preview:large, max-video-preview:-1\" \/>\n<link rel=\"canonical\" href=\"https:\/\/reviva.fi\/fi\/tuote\/q10-kompleksi\/\" \/>\n<meta property=\"og:locale\" content=\"fi_FI\" \/>\n<meta property=\"og:type\" content=\"article\" \/>\n<meta property=\"og:title\" content=\"Q10 Complex - Reviva\" \/>\n<meta property=\"og:description\" content=\"Q10 Kompleksi:n t\u00e4rkeimm\u00e4t toiminnot ovat mitokondrioiden energiantuotanto soluissa. Ennen kaikkea syd\u00e4mess\u00e4, maksassa ja immuunij\u00e4rjestelm\u00e4ss\u00e4.\" \/>\n<meta property=\"og:url\" content=\"https:\/\/reviva.fi\/fi\/tuote\/q10-kompleksi\/\" \/>\n<meta property=\"og:site_name\" content=\"Reviva\" \/>\n<meta property=\"article:modified_time\" content=\"2026-02-22T14:32:29+00:00\" \/>\n<meta property=\"og:image\" content=\"https:\/\/reviva.fi\/wp-content\/uploads\/2021\/03\/Q10-Complex-Kapslar-Photoroom-e1769685677944.png\" \/>\n\t<meta property=\"og:image:width\" content=\"2000\" \/>\n\t<meta property=\"og:image:height\" content=\"1333\" \/>\n\t<meta property=\"og:image:type\" content=\"image\/png\" \/>\n<meta name=\"twitter:card\" content=\"summary_large_image\" \/>\n<script type=\"application\/ld+json\" class=\"yoast-schema-graph\">{\"@context\":\"https:\/\/schema.org\",\"@graph\":[{\"@type\":\"WebPage\",\"@id\":\"https:\/\/reviva.fi\/fi\/tuote\/q10-kompleksi\/\",\"url\":\"https:\/\/reviva.fi\/fi\/tuote\/q10-kompleksi\/\",\"name\":\"Q10 Complex - Reviva\",\"isPartOf\":{\"@id\":\"https:\/\/reviva.fi\/fi\/#website\"},\"primaryImageOfPage\":{\"@id\":\"https:\/\/reviva.fi\/fi\/tuote\/q10-kompleksi\/#primaryimage\"},\"image\":{\"@id\":\"https:\/\/reviva.fi\/fi\/tuote\/q10-kompleksi\/#primaryimage\"},\"thumbnailUrl\":\"https:\/\/reviva.fi\/wp-content\/uploads\/2021\/03\/Q10-Complex-Kapslar-Photoroom-e1769685677944.png\",\"datePublished\":\"2021-03-31T08:06:23+00:00\",\"dateModified\":\"2026-02-22T14:32:29+00:00\",\"description\":\"Q10 Kompleksi:n t\u00e4rkeimm\u00e4t toiminnot ovat mitokondrioiden energiantuotanto soluissa. Ennen kaikkea syd\u00e4mess\u00e4, maksassa ja immuunij\u00e4rjestelm\u00e4ss\u00e4.\",\"breadcrumb\":{\"@id\":\"https:\/\/reviva.fi\/fi\/tuote\/q10-kompleksi\/#breadcrumb\"},\"inLanguage\":\"fi\",\"potentialAction\":[{\"@type\":\"ReadAction\",\"target\":[\"https:\/\/reviva.fi\/fi\/tuote\/q10-kompleksi\/\"]}]},{\"@type\":\"ImageObject\",\"inLanguage\":\"fi\",\"@id\":\"https:\/\/reviva.fi\/fi\/tuote\/q10-kompleksi\/#primaryimage\",\"url\":\"https:\/\/reviva.fi\/wp-content\/uploads\/2021\/03\/Q10-Complex-Kapslar-Photoroom-e1769685677944.png\",\"contentUrl\":\"https:\/\/reviva.fi\/wp-content\/uploads\/2021\/03\/Q10-Complex-Kapslar-Photoroom-e1769685677944.png\",\"width\":2000,\"height\":1333,\"caption\":\"Q10 Complex\"},{\"@type\":\"BreadcrumbList\",\"@id\":\"https:\/\/reviva.fi\/fi\/tuote\/q10-kompleksi\/#breadcrumb\",\"itemListElement\":[{\"@type\":\"ListItem\",\"position\":1,\"name\":\"Etusivu\",\"item\":\"https:\/\/reviva.fi\/fi\/\"},{\"@type\":\"ListItem\",\"position\":2,\"name\":\"Tuotteet\",\"item\":\"https:\/\/reviva.fi\/produkter\/\"},{\"@type\":\"ListItem\",\"position\":3,\"name\":\"Q10 Complex\"}]},{\"@type\":\"WebSite\",\"@id\":\"https:\/\/reviva.fi\/fi\/#website\",\"url\":\"https:\/\/reviva.fi\/fi\/\",\"name\":\"Reviva\",\"description\":\"\",\"publisher\":{\"@id\":\"https:\/\/reviva.fi\/fi\/#organization\"},\"potentialAction\":[{\"@type\":\"SearchAction\",\"target\":{\"@type\":\"EntryPoint\",\"urlTemplate\":\"https:\/\/reviva.fi\/fi\/?s={search_term_string}\"},\"query-input\":{\"@type\":\"PropertyValueSpecification\",\"valueRequired\":true,\"valueName\":\"search_term_string\"}}],\"inLanguage\":\"fi\"},{\"@type\":\"Organization\",\"@id\":\"https:\/\/reviva.fi\/fi\/#organization\",\"name\":\"Reviva\",\"url\":\"https:\/\/reviva.fi\/fi\/\",\"logo\":{\"@type\":\"ImageObject\",\"inLanguage\":\"fi\",\"@id\":\"https:\/\/reviva.fi\/fi\/#\/schema\/logo\/image\/\",\"url\":\"https:\/\/reviva.fi\/wp-content\/uploads\/2023\/10\/reviva-logo2.svg\",\"contentUrl\":\"https:\/\/reviva.fi\/wp-content\/uploads\/2023\/10\/reviva-logo2.svg\",\"caption\":\"Reviva\"},\"image\":{\"@id\":\"https:\/\/reviva.fi\/fi\/#\/schema\/logo\/image\/\"}}]}<\/script>\n<meta property=\"product:price:amount\" content=\"27.35\" \/>\n<meta property=\"product:price:currency\" content=\"EUR\" \/>\n<meta property=\"og:availability\" content=\"instock\" \/>\n<meta property=\"product:availability\" content=\"instock\" \/>\n<meta property=\"product:retailer_item_id\" content=\"242\" \/>\n<meta property=\"product:condition\" content=\"new\" \/>\n<!-- \/ Yoast SEO plugin. -->","yoast_head_json":{"title":"Q10 Complex - Reviva","description":"Q10 Kompleksi:n t\u00e4rkeimm\u00e4t toiminnot ovat mitokondrioiden energiantuotanto soluissa. Ennen kaikkea syd\u00e4mess\u00e4, maksassa ja immuunij\u00e4rjestelm\u00e4ss\u00e4.","robots":{"index":"index","follow":"follow","max-snippet":"max-snippet:-1","max-image-preview":"max-image-preview:large","max-video-preview":"max-video-preview:-1"},"canonical":"https:\/\/reviva.fi\/fi\/tuote\/q10-kompleksi\/","og_locale":"fi_FI","og_type":"article","og_title":"Q10 Complex - Reviva","og_description":"Q10 Kompleksi:n t\u00e4rkeimm\u00e4t toiminnot ovat mitokondrioiden energiantuotanto soluissa. Ennen kaikkea syd\u00e4mess\u00e4, maksassa ja immuunij\u00e4rjestelm\u00e4ss\u00e4.","og_url":"https:\/\/reviva.fi\/fi\/tuote\/q10-kompleksi\/","og_site_name":"Reviva","article_modified_time":"2026-02-22T14:32:29+00:00","og_image":[{"width":2000,"height":1333,"url":"https:\/\/reviva.fi\/wp-content\/uploads\/2021\/03\/Q10-Complex-Kapslar-Photoroom-e1769685677944.png","type":"image\/png"}],"twitter_card":"summary_large_image","schema":{"@context":"https:\/\/schema.org","@graph":[{"@type":"WebPage","@id":"https:\/\/reviva.fi\/fi\/tuote\/q10-kompleksi\/","url":"https:\/\/reviva.fi\/fi\/tuote\/q10-kompleksi\/","name":"Q10 Complex - Reviva","isPartOf":{"@id":"https:\/\/reviva.fi\/fi\/#website"},"primaryImageOfPage":{"@id":"https:\/\/reviva.fi\/fi\/tuote\/q10-kompleksi\/#primaryimage"},"image":{"@id":"https:\/\/reviva.fi\/fi\/tuote\/q10-kompleksi\/#primaryimage"},"thumbnailUrl":"https:\/\/reviva.fi\/wp-content\/uploads\/2021\/03\/Q10-Complex-Kapslar-Photoroom-e1769685677944.png","datePublished":"2021-03-31T08:06:23+00:00","dateModified":"2026-02-22T14:32:29+00:00","description":"Q10 Kompleksi:n t\u00e4rkeimm\u00e4t toiminnot ovat mitokondrioiden energiantuotanto soluissa. Ennen kaikkea syd\u00e4mess\u00e4, maksassa ja immuunij\u00e4rjestelm\u00e4ss\u00e4.","breadcrumb":{"@id":"https:\/\/reviva.fi\/fi\/tuote\/q10-kompleksi\/#breadcrumb"},"inLanguage":"fi","potentialAction":[{"@type":"ReadAction","target":["https:\/\/reviva.fi\/fi\/tuote\/q10-kompleksi\/"]}]},{"@type":"ImageObject","inLanguage":"fi","@id":"https:\/\/reviva.fi\/fi\/tuote\/q10-kompleksi\/#primaryimage","url":"https:\/\/reviva.fi\/wp-content\/uploads\/2021\/03\/Q10-Complex-Kapslar-Photoroom-e1769685677944.png","contentUrl":"https:\/\/reviva.fi\/wp-content\/uploads\/2021\/03\/Q10-Complex-Kapslar-Photoroom-e1769685677944.png","width":2000,"height":1333,"caption":"Q10 Complex"},{"@type":"BreadcrumbList","@id":"https:\/\/reviva.fi\/fi\/tuote\/q10-kompleksi\/#breadcrumb","itemListElement":[{"@type":"ListItem","position":1,"name":"Etusivu","item":"https:\/\/reviva.fi\/fi\/"},{"@type":"ListItem","position":2,"name":"Tuotteet","item":"https:\/\/reviva.fi\/produkter\/"},{"@type":"ListItem","position":3,"name":"Q10 Complex"}]},{"@type":"WebSite","@id":"https:\/\/reviva.fi\/fi\/#website","url":"https:\/\/reviva.fi\/fi\/","name":"Reviva","description":"","publisher":{"@id":"https:\/\/reviva.fi\/fi\/#organization"},"potentialAction":[{"@type":"SearchAction","target":{"@type":"EntryPoint","urlTemplate":"https:\/\/reviva.fi\/fi\/?s={search_term_string}"},"query-input":{"@type":"PropertyValueSpecification","valueRequired":true,"valueName":"search_term_string"}}],"inLanguage":"fi"},{"@type":"Organization","@id":"https:\/\/reviva.fi\/fi\/#organization","name":"Reviva","url":"https:\/\/reviva.fi\/fi\/","logo":{"@type":"ImageObject","inLanguage":"fi","@id":"https:\/\/reviva.fi\/fi\/#\/schema\/logo\/image\/","url":"https:\/\/reviva.fi\/wp-content\/uploads\/2023\/10\/reviva-logo2.svg","contentUrl":"https:\/\/reviva.fi\/wp-content\/uploads\/2023\/10\/reviva-logo2.svg","caption":"Reviva"},"image":{"@id":"https:\/\/reviva.fi\/fi\/#\/schema\/logo\/image\/"}}]},"product_price_amount":"27.35","product_price_currency":"EUR","og_availability":"instock","product_availability":"instock","product_retailer_item_id":"242","product_condition":"new"},"taxonomy_info":{"product_cat":[{"value":96,"label":"Vitamiinit"},{"value":5961,"label":"Multi-vitamiini"},{"value":5978,"label":"Multi tuotteet"},{"value":2505,"label":"Muut ravintolis\u00e4t"},{"value":5963,"label":"Synergos"},{"value":2387,"label":"Maha &amp; Suolisto"},{"value":2357,"label":"Immuunipuolustus"},{"value":2371,"label":"Nivelet &amp; Lihakset"},{"value":2375,"label":"Harjoittelu"}],"product_tag":[{"value":1121,"label":"alzheimerin tauti"},{"value":412,"label":"antioksidantti"},{"value":1591,"label":"hampaiden menetys"},{"value":1580,"label":"hapen puute aivoissa"},{"value":1581,"label":"hapen puute suoliston kudoksissa"},{"value":1467,"label":"heikentynyt immuunij\u00e4rjestelm\u00e4"},{"value":1326,"label":"kohonnut verenpaine"},{"value":1377,"label":"krooninen v\u00e4symys"},{"value":1454,"label":"lihas heikkous"},{"value":507,"label":"lis\u00e4\u00e4 vastustuskyky\u00e4"},{"value":498,"label":"luontais lis\u00e4ravinne"},{"value":1422,"label":"miesten hedelm\u00e4ttt\u00f6myys"},{"value":1436,"label":"migreeni"},{"value":1500,"label":"parkinsonin tautia"},{"value":1518,"label":"q10"},{"value":502,"label":"q10 complex"},{"value":1383,"label":"rasitusrintakipu"},{"value":1151,"label":"rytmih\u00e4iri\u00f6"},{"value":1285,"label":"syd\u00e4men vajaatoiminta"},{"value":1283,"label":"syd\u00e4nsairaus"},{"value":520,"label":"vitamiini"},{"value":522,"label":"vitamiinit"}]},"featured_image_src_large":["https:\/\/reviva.fi\/wp-content\/uploads\/2021\/03\/Q10-Complex-Kapslar-Photoroom-1024x682.png",1024,682,true],"author_info":[],"comment_info":0,"_links":{"self":[{"href":"https:\/\/reviva.fi\/fi\/wp-json\/wp\/v2\/product\/1775","targetHints":{"allow":["GET"]}}],"collection":[{"href":"https:\/\/reviva.fi\/fi\/wp-json\/wp\/v2\/product"}],"about":[{"href":"https:\/\/reviva.fi\/fi\/wp-json\/wp\/v2\/types\/product"}],"replies":[{"embeddable":true,"href":"https:\/\/reviva.fi\/fi\/wp-json\/wp\/v2\/comments?post=1775"}],"wp:featuredmedia":[{"embeddable":true,"href":"https:\/\/reviva.fi\/fi\/wp-json\/wp\/v2\/media\/13735"}],"wp:attachment":[{"href":"https:\/\/reviva.fi\/fi\/wp-json\/wp\/v2\/media?parent=1775"}],"wp:term":[{"taxonomy":"product_brand","embeddable":true,"href":"https:\/\/reviva.fi\/fi\/wp-json\/wp\/v2\/product_brand?post=1775"},{"taxonomy":"product_cat","embeddable":true,"href":"https:\/\/reviva.fi\/fi\/wp-json\/wp\/v2\/product_cat?post=1775"},{"taxonomy":"product_tag","embeddable":true,"href":"https:\/\/reviva.fi\/fi\/wp-json\/wp\/v2\/product_tag?post=1775"}],"curies":[{"name":"wp","href":"https:\/\/api.w.org\/{rel}","templated":true}]}}