{"id":1786,"date":"2021-04-01T08:06:20","date_gmt":"2021-04-01T05:06:20","guid":{"rendered":"https:\/\/reviva.fi\/product\/epithem-plus\/"},"modified":"2026-01-17T17:15:29","modified_gmt":"2026-01-17T15:15:29","slug":"silica-complex","status":"publish","type":"product","link":"https:\/\/reviva.fi\/fi\/tuote\/silica-complex\/","title":{"rendered":"Silica Complex"},"content":{"rendered":"<p><strong>Silica Complex<\/strong><\/p>\n<p><strong>Yleist\u00e4 tietoa<\/strong><br \/>\nSilica Complex on useita <strong>vitamiineja, mineraaleja, hivenaineita ja aminohappoja<\/strong> sis\u00e4lt\u00e4v\u00e4 kompleksi, jolla on t\u00e4rke\u00e4 rooli epiteelikudoksen korjaamisessa ja tuotannossa. T\u00e4m\u00e4 on siihen tarkoitettu erikoisvalmiste. T\u00e4h\u00e4n kuuluvat muun muassa hiusten, ihon, kynsien ja limakalvojen solut.<\/p>\n<p><strong>Peltokorte<\/strong> \u2013 Kasvi sis\u00e4lt\u00e4\u00e4 runsaasti piit\u00e4 (10 %), kaliumia ja kalsiumia.<\/p>\n<p><strong>Silica compleksin sis\u00e4lt\u00e4m\u00e4 biotiini edist\u00e4\u00e4:<\/strong><\/p>\n<ul>\n<li>hiusten pysymist\u00e4 normaaleina<\/li>\n<li>limakalvojen pysymist\u00e4 normaaleina<\/li>\n<li>ihon pysymist\u00e4 normaalina<\/li>\n<\/ul>\n","protected":false},"excerpt":{"rendered":"<p>Silica Complex on useita <strong>vitamiineja, mineraaleja, hivenaineita ja aminohappoja<\/strong> sis\u00e4lt\u00e4v\u00e4 kompleksi, jolla on t\u00e4rke\u00e4 rooli epiteelikudoksen korjaamisessa ja tuotannossa.<\/p>\n<p><strong>Silica Compleksin sis\u00e4lt\u00e4m\u00e4 biotiini edist\u00e4\u00e4:<\/strong><\/p>\n<ul>\n<li>hiusten pysymist\u00e4 normaaleina<\/li>\n<li>limakalvojen pysymist\u00e4 normaaleina<\/li>\n<li>ihon pysymist\u00e4 normaalina<\/li>\n<\/ul>\n<p><strong>90 tablettia<\/strong><\/p>\n","protected":false},"featured_media":13889,"comment_status":"open","ping_status":"closed","template":"","meta":{"_acf_changed":false,"inline_featured_image":false,"_kad_blocks_custom_css":"","_kad_blocks_head_custom_js":"","_kad_blocks_body_custom_js":"","_kad_blocks_footer_custom_js":"","_kadence_starter_templates_imported_post":false,"_kad_post_transparent":"default","_kad_post_title":"","_kad_post_layout":"default","_kad_post_sidebar_id":"","_kad_post_content_style":"default","_kad_post_vertical_padding":"default","_kad_post_feature":"","_kad_post_feature_position":"","_kad_post_header":false,"_kad_post_footer":false},"product_brand":[],"product_cat":[96,5961,93,5972,5978,5963,2387,2350],"product_tag":[410,412,418,421,2901,437,5516,3170,3127,1325,3174,2994,2993,3037,1289,3059,2947,2946,3031,4656,5108,3171,507,498,2916,5517,2951,2999,3138,2955,2953,3083,1525,2962,520,522],"class_list":{"0":"post-1786","1":"product","2":"type-product","3":"status-publish","4":"has-post-thumbnail","6":"product_cat-vitaminer-fi","7":"product_cat-multi-vitamin-fi","8":"product_cat-mineraler-fi","9":"product_cat-multi-mineral-fi","10":"product_cat-multi-produkter-fi","11":"product_cat-synergos-fi","12":"product_cat-mage-och-tarm-fi","13":"product_cat-hud-och-skonhet-fi","14":"product_tag-aminohappoja","15":"product_tag-antioksidantti","16":"product_tag-b3-vitamiini","17":"product_tag-b5-vitamiini","18":"product_tag-biotiini","19":"product_tag-epiteemi-plus","20":"product_tag-har-fi","21":"product_tag-hauraat-kynnet-fi","22":"product_tag-heikentynyt-munuaisten-toiminta","23":"product_tag-hiustenlahto","24":"product_tag-hivenaineet","25":"product_tag-huono-hiuslaatu","26":"product_tag-huono-ihonlaatu","27":"product_tag-iho","28":"product_tag-iho-ongelmia","29":"product_tag-ihosairaudet","30":"product_tag-kaliumi","31":"product_tag-kalsium","32":"product_tag-kihti","33":"product_tag-l-lysiini","34":"product_tag-l-metioniini","35":"product_tag-limakalvot","36":"product_tag-lisaa-vastustuskykya","37":"product_tag-luontais-lisaravinne","38":"product_tag-mineraalit","39":"product_tag-naglar-fi","40":"product_tag-niasiini","41":"product_tag-nokkonen","42":"product_tag-nokkonen-fi","43":"product_tag-pantoteenihappo","44":"product_tag-para-aminobentsoehappo","45":"product_tag-pii","46":"product_tag-reumatismi","47":"product_tag-sinkki","48":"product_tag-vitamiini","49":"product_tag-vitamiinit","51":"first","52":"instock","53":"taxable","54":"shipping-taxable","55":"purchasable","56":"product-type-simple","57":"entry","58":"content-bg","59":"loop-entry"},"acf":[],"yoast_head":"<!-- This site is optimized with the Yoast SEO plugin v25.8 - https:\/\/yoast.com\/wordpress\/plugins\/seo\/ -->\n<title>Silica Complex - Reviva<\/title>\n<meta name=\"description\" content=\"Silica Complex parantaa hiusten, ihon, kynsien ja limakalvojen laatua. Jos sinulla on hauraat kynnet ja esiintyy hiustenl\u00e4ht\u00f6\u00e4, tuotetta kannattaa kokeilla.\" \/>\n<meta name=\"robots\" content=\"index, follow, max-snippet:-1, max-image-preview:large, max-video-preview:-1\" \/>\n<link rel=\"canonical\" href=\"https:\/\/reviva.fi\/fi\/tuote\/silica-complex\/\" \/>\n<meta property=\"og:locale\" content=\"fi_FI\" \/>\n<meta property=\"og:type\" content=\"article\" \/>\n<meta property=\"og:title\" content=\"Silica Complex - Reviva\" \/>\n<meta property=\"og:description\" content=\"Silica Complex parantaa hiusten, ihon, kynsien ja limakalvojen laatua. Jos sinulla on hauraat kynnet ja esiintyy hiustenl\u00e4ht\u00f6\u00e4, tuotetta kannattaa kokeilla.\" \/>\n<meta property=\"og:url\" content=\"https:\/\/reviva.fi\/fi\/tuote\/silica-complex\/\" \/>\n<meta property=\"og:site_name\" content=\"Reviva\" \/>\n<meta property=\"article:modified_time\" content=\"2026-01-17T15:15:29+00:00\" \/>\n<meta property=\"og:image\" content=\"https:\/\/reviva.fi\/wp-content\/uploads\/2021\/04\/215-Silica-Complex-Photoroom-e1771311818787.png\" \/>\n\t<meta property=\"og:image:width\" content=\"2000\" \/>\n\t<meta property=\"og:image:height\" content=\"1333\" \/>\n\t<meta property=\"og:image:type\" content=\"image\/png\" \/>\n<meta name=\"twitter:card\" content=\"summary_large_image\" \/>\n<script type=\"application\/ld+json\" class=\"yoast-schema-graph\">{\"@context\":\"https:\/\/schema.org\",\"@graph\":[{\"@type\":\"WebPage\",\"@id\":\"https:\/\/reviva.fi\/fi\/tuote\/silica-complex\/\",\"url\":\"https:\/\/reviva.fi\/fi\/tuote\/silica-complex\/\",\"name\":\"Silica Complex - Reviva\",\"isPartOf\":{\"@id\":\"https:\/\/reviva.fi\/fi\/#website\"},\"primaryImageOfPage\":{\"@id\":\"https:\/\/reviva.fi\/fi\/tuote\/silica-complex\/#primaryimage\"},\"image\":{\"@id\":\"https:\/\/reviva.fi\/fi\/tuote\/silica-complex\/#primaryimage\"},\"thumbnailUrl\":\"https:\/\/reviva.fi\/wp-content\/uploads\/2021\/04\/215-Silica-Complex-Photoroom-e1771311818787.png\",\"datePublished\":\"2021-04-01T05:06:20+00:00\",\"dateModified\":\"2026-01-17T15:15:29+00:00\",\"description\":\"Silica Complex parantaa hiusten, ihon, kynsien ja limakalvojen laatua. Jos sinulla on hauraat kynnet ja esiintyy hiustenl\u00e4ht\u00f6\u00e4, tuotetta kannattaa kokeilla.\",\"breadcrumb\":{\"@id\":\"https:\/\/reviva.fi\/fi\/tuote\/silica-complex\/#breadcrumb\"},\"inLanguage\":\"fi\",\"potentialAction\":[{\"@type\":\"ReadAction\",\"target\":[\"https:\/\/reviva.fi\/fi\/tuote\/silica-complex\/\"]}]},{\"@type\":\"ImageObject\",\"inLanguage\":\"fi\",\"@id\":\"https:\/\/reviva.fi\/fi\/tuote\/silica-complex\/#primaryimage\",\"url\":\"https:\/\/reviva.fi\/wp-content\/uploads\/2021\/04\/215-Silica-Complex-Photoroom-e1771311818787.png\",\"contentUrl\":\"https:\/\/reviva.fi\/wp-content\/uploads\/2021\/04\/215-Silica-Complex-Photoroom-e1771311818787.png\",\"width\":2000,\"height\":1333,\"caption\":\"Silica Complex\"},{\"@type\":\"BreadcrumbList\",\"@id\":\"https:\/\/reviva.fi\/fi\/tuote\/silica-complex\/#breadcrumb\",\"itemListElement\":[{\"@type\":\"ListItem\",\"position\":1,\"name\":\"Etusivu\",\"item\":\"https:\/\/reviva.fi\/fi\/\"},{\"@type\":\"ListItem\",\"position\":2,\"name\":\"Tuotteet\",\"item\":\"https:\/\/reviva.fi\/produkter\/\"},{\"@type\":\"ListItem\",\"position\":3,\"name\":\"Silica Complex\"}]},{\"@type\":\"WebSite\",\"@id\":\"https:\/\/reviva.fi\/fi\/#website\",\"url\":\"https:\/\/reviva.fi\/fi\/\",\"name\":\"Reviva\",\"description\":\"\",\"publisher\":{\"@id\":\"https:\/\/reviva.fi\/fi\/#organization\"},\"potentialAction\":[{\"@type\":\"SearchAction\",\"target\":{\"@type\":\"EntryPoint\",\"urlTemplate\":\"https:\/\/reviva.fi\/fi\/?s={search_term_string}\"},\"query-input\":{\"@type\":\"PropertyValueSpecification\",\"valueRequired\":true,\"valueName\":\"search_term_string\"}}],\"inLanguage\":\"fi\"},{\"@type\":\"Organization\",\"@id\":\"https:\/\/reviva.fi\/fi\/#organization\",\"name\":\"Reviva\",\"url\":\"https:\/\/reviva.fi\/fi\/\",\"logo\":{\"@type\":\"ImageObject\",\"inLanguage\":\"fi\",\"@id\":\"https:\/\/reviva.fi\/fi\/#\/schema\/logo\/image\/\",\"url\":\"https:\/\/reviva.fi\/wp-content\/uploads\/2023\/10\/reviva-logo2.svg\",\"contentUrl\":\"https:\/\/reviva.fi\/wp-content\/uploads\/2023\/10\/reviva-logo2.svg\",\"caption\":\"Reviva\"},\"image\":{\"@id\":\"https:\/\/reviva.fi\/fi\/#\/schema\/logo\/image\/\"}}]}<\/script>\n<meta property=\"product:price:amount\" content=\"14.85\" \/>\n<meta property=\"product:price:currency\" content=\"EUR\" \/>\n<meta property=\"og:availability\" content=\"instock\" \/>\n<meta property=\"product:availability\" content=\"instock\" \/>\n<meta property=\"product:retailer_item_id\" content=\"215\" \/>\n<meta property=\"product:condition\" content=\"new\" \/>\n<!-- \/ Yoast SEO plugin. -->","yoast_head_json":{"title":"Silica Complex - Reviva","description":"Silica Complex parantaa hiusten, ihon, kynsien ja limakalvojen laatua. Jos sinulla on hauraat kynnet ja esiintyy hiustenl\u00e4ht\u00f6\u00e4, tuotetta kannattaa kokeilla.","robots":{"index":"index","follow":"follow","max-snippet":"max-snippet:-1","max-image-preview":"max-image-preview:large","max-video-preview":"max-video-preview:-1"},"canonical":"https:\/\/reviva.fi\/fi\/tuote\/silica-complex\/","og_locale":"fi_FI","og_type":"article","og_title":"Silica Complex - Reviva","og_description":"Silica Complex parantaa hiusten, ihon, kynsien ja limakalvojen laatua. Jos sinulla on hauraat kynnet ja esiintyy hiustenl\u00e4ht\u00f6\u00e4, tuotetta kannattaa kokeilla.","og_url":"https:\/\/reviva.fi\/fi\/tuote\/silica-complex\/","og_site_name":"Reviva","article_modified_time":"2026-01-17T15:15:29+00:00","og_image":[{"width":2000,"height":1333,"url":"https:\/\/reviva.fi\/wp-content\/uploads\/2021\/04\/215-Silica-Complex-Photoroom-e1771311818787.png","type":"image\/png"}],"twitter_card":"summary_large_image","schema":{"@context":"https:\/\/schema.org","@graph":[{"@type":"WebPage","@id":"https:\/\/reviva.fi\/fi\/tuote\/silica-complex\/","url":"https:\/\/reviva.fi\/fi\/tuote\/silica-complex\/","name":"Silica Complex - Reviva","isPartOf":{"@id":"https:\/\/reviva.fi\/fi\/#website"},"primaryImageOfPage":{"@id":"https:\/\/reviva.fi\/fi\/tuote\/silica-complex\/#primaryimage"},"image":{"@id":"https:\/\/reviva.fi\/fi\/tuote\/silica-complex\/#primaryimage"},"thumbnailUrl":"https:\/\/reviva.fi\/wp-content\/uploads\/2021\/04\/215-Silica-Complex-Photoroom-e1771311818787.png","datePublished":"2021-04-01T05:06:20+00:00","dateModified":"2026-01-17T15:15:29+00:00","description":"Silica Complex parantaa hiusten, ihon, kynsien ja limakalvojen laatua. Jos sinulla on hauraat kynnet ja esiintyy hiustenl\u00e4ht\u00f6\u00e4, tuotetta kannattaa kokeilla.","breadcrumb":{"@id":"https:\/\/reviva.fi\/fi\/tuote\/silica-complex\/#breadcrumb"},"inLanguage":"fi","potentialAction":[{"@type":"ReadAction","target":["https:\/\/reviva.fi\/fi\/tuote\/silica-complex\/"]}]},{"@type":"ImageObject","inLanguage":"fi","@id":"https:\/\/reviva.fi\/fi\/tuote\/silica-complex\/#primaryimage","url":"https:\/\/reviva.fi\/wp-content\/uploads\/2021\/04\/215-Silica-Complex-Photoroom-e1771311818787.png","contentUrl":"https:\/\/reviva.fi\/wp-content\/uploads\/2021\/04\/215-Silica-Complex-Photoroom-e1771311818787.png","width":2000,"height":1333,"caption":"Silica Complex"},{"@type":"BreadcrumbList","@id":"https:\/\/reviva.fi\/fi\/tuote\/silica-complex\/#breadcrumb","itemListElement":[{"@type":"ListItem","position":1,"name":"Etusivu","item":"https:\/\/reviva.fi\/fi\/"},{"@type":"ListItem","position":2,"name":"Tuotteet","item":"https:\/\/reviva.fi\/produkter\/"},{"@type":"ListItem","position":3,"name":"Silica Complex"}]},{"@type":"WebSite","@id":"https:\/\/reviva.fi\/fi\/#website","url":"https:\/\/reviva.fi\/fi\/","name":"Reviva","description":"","publisher":{"@id":"https:\/\/reviva.fi\/fi\/#organization"},"potentialAction":[{"@type":"SearchAction","target":{"@type":"EntryPoint","urlTemplate":"https:\/\/reviva.fi\/fi\/?s={search_term_string}"},"query-input":{"@type":"PropertyValueSpecification","valueRequired":true,"valueName":"search_term_string"}}],"inLanguage":"fi"},{"@type":"Organization","@id":"https:\/\/reviva.fi\/fi\/#organization","name":"Reviva","url":"https:\/\/reviva.fi\/fi\/","logo":{"@type":"ImageObject","inLanguage":"fi","@id":"https:\/\/reviva.fi\/fi\/#\/schema\/logo\/image\/","url":"https:\/\/reviva.fi\/wp-content\/uploads\/2023\/10\/reviva-logo2.svg","contentUrl":"https:\/\/reviva.fi\/wp-content\/uploads\/2023\/10\/reviva-logo2.svg","caption":"Reviva"},"image":{"@id":"https:\/\/reviva.fi\/fi\/#\/schema\/logo\/image\/"}}]},"product_price_amount":"14.85","product_price_currency":"EUR","og_availability":"instock","product_availability":"instock","product_retailer_item_id":"215","product_condition":"new"},"taxonomy_info":{"product_cat":[{"value":96,"label":"Vitamiinit"},{"value":5961,"label":"Multi-vitamiini"},{"value":93,"label":"Mineraalit"},{"value":5972,"label":"Mono-mineraali"},{"value":5978,"label":"Multi tuotteet"},{"value":5963,"label":"Synergos"},{"value":2387,"label":"Maha &amp; Suolisto"},{"value":2350,"label":"Iho &amp; Kauneus"}],"product_tag":[{"value":410,"label":"aminohappoja"},{"value":412,"label":"antioksidantti"},{"value":418,"label":"b3 vitamiini"},{"value":421,"label":"b5 vitamiini"},{"value":2901,"label":"Biotiini"},{"value":437,"label":"epiteemi plus"},{"value":5516,"label":"h\u00e5r"},{"value":3170,"label":"Hauraat kynnet"},{"value":3127,"label":"heikentynyt munuaisten toiminta"},{"value":1325,"label":"hiustenl\u00e4ht\u00f6"},{"value":3174,"label":"Hivenaineet"},{"value":2994,"label":"Huono hiuslaatu"},{"value":2993,"label":"Huono ihonlaatu"},{"value":3037,"label":"iho"},{"value":1289,"label":"iho-ongelmia"},{"value":3059,"label":"ihosairaudet"},{"value":2947,"label":"Kaliumi"},{"value":2946,"label":"Kalsium"},{"value":3031,"label":"kihti"},{"value":4656,"label":"L-Lysiini"},{"value":5108,"label":"L-metioniini"},{"value":3171,"label":"Limakalvot"},{"value":507,"label":"lis\u00e4\u00e4 vastustuskyky\u00e4"},{"value":498,"label":"luontais lis\u00e4ravinne"},{"value":2916,"label":"Mineraalit"},{"value":5517,"label":"naglar"},{"value":2951,"label":"Niasiini"},{"value":2999,"label":"Nokkonen"},{"value":3138,"label":"Nokkonen"},{"value":2955,"label":"Pantoteenihappo"},{"value":2953,"label":"Para-aminobentsoehappo"},{"value":3083,"label":"pii"},{"value":1525,"label":"reumatismi"},{"value":2962,"label":"Sinkki"},{"value":520,"label":"vitamiini"},{"value":522,"label":"vitamiinit"}]},"featured_image_src_large":["https:\/\/reviva.fi\/wp-content\/uploads\/2021\/04\/215-Silica-Complex-Photoroom-1024x682.png",1024,682,true],"author_info":[],"comment_info":0,"_links":{"self":[{"href":"https:\/\/reviva.fi\/fi\/wp-json\/wp\/v2\/product\/1786","targetHints":{"allow":["GET"]}}],"collection":[{"href":"https:\/\/reviva.fi\/fi\/wp-json\/wp\/v2\/product"}],"about":[{"href":"https:\/\/reviva.fi\/fi\/wp-json\/wp\/v2\/types\/product"}],"replies":[{"embeddable":true,"href":"https:\/\/reviva.fi\/fi\/wp-json\/wp\/v2\/comments?post=1786"}],"wp:featuredmedia":[{"embeddable":true,"href":"https:\/\/reviva.fi\/fi\/wp-json\/wp\/v2\/media\/13889"}],"wp:attachment":[{"href":"https:\/\/reviva.fi\/fi\/wp-json\/wp\/v2\/media?parent=1786"}],"wp:term":[{"taxonomy":"product_brand","embeddable":true,"href":"https:\/\/reviva.fi\/fi\/wp-json\/wp\/v2\/product_brand?post=1786"},{"taxonomy":"product_cat","embeddable":true,"href":"https:\/\/reviva.fi\/fi\/wp-json\/wp\/v2\/product_cat?post=1786"},{"taxonomy":"product_tag","embeddable":true,"href":"https:\/\/reviva.fi\/fi\/wp-json\/wp\/v2\/product_tag?post=1786"}],"curies":[{"name":"wp","href":"https:\/\/api.w.org\/{rel}","templated":true}]}}