{"id":1793,"date":"2021-04-01T11:10:44","date_gmt":"2021-04-01T08:10:44","guid":{"rendered":"https:\/\/reviva.fi\/product\/c-vitamin-natriumaskorbat\/"},"modified":"2024-12-10T08:54:06","modified_gmt":"2024-12-10T06:54:06","slug":"c-vitamiini-natriumaskorbaatti","status":"publish","type":"product","link":"https:\/\/reviva.fi\/fi\/tuote\/c-vitamiini-natriumaskorbaatti\/","title":{"rendered":"C-vitamiini &#8211; Natriumaskorbaatti"},"content":{"rendered":"<p><strong>C-vitamiini &#8211; Natriumaskorbaatti<\/strong><\/p>\n<p>Natriumaskorbaatti on mineraaliyhdiste, joka koostuu askorbiinihapon anionista, askorbaatista, ja kationi natriumista. Natriumaskorbaatti antaa normaalisti 131 mg natriumia per 1 000 mg askorbaattia (1 000 mg natriumaskorbaattia sis\u00e4lt\u00e4 889 mg askorbaattia ja 111 mg natriumia).<\/p>\n<p>1\/4 tl antaa 1 gramman natriumaskorbaatti.<\/p>\n<p><strong>C-vitamiinin edist\u00e4\u00e4:<\/strong><\/p>\n<ul>\n<li>immuunij\u00e4rjestelm\u00e4n toiminnan pysymist\u00e4 normaalina raskaan liikunnan aikana<\/li>\n<li>normaalia energia-aineenvaihduntaa<\/li>\n<li>hermoston normaalia toimintaa<\/li>\n<li>normaaleja psykologisia toimintoja<\/li>\n<li>immuunij\u00e4rjestelm\u00e4n normaalia toimintaa<\/li>\n<li>solujen suojaamista hapettumisstressilt\u00e4<\/li>\n<li>auttaa v\u00e4hent\u00e4m\u00e4\u00e4n v\u00e4symyst\u00e4 ja uupumusta<\/li>\n<li>E-vitamiinin palautumista pelkistyneeseen muotoon<\/li>\n<li>lis\u00e4\u00e4 raudan imeytymist\u00e4<\/li>\n<li>normaalia kollageenin muodostumista verisuonten normaalia toimintaa varten<\/li>\n<li>normaalia kollageenin muodostumista luuston normaalia toimintaa varten<\/li>\n<li>normaalia kollageenin muodostumista rustojen normaalia toimintaa varten<\/li>\n<li>normaalia kollageenin muodostumista ikenien normaalia toimintaa varten<\/li>\n<li>normaalia kollageenin muodostumista ihon normaalia toimintaa varten<\/li>\n<li>normaalia kollageenin muodostumista varten hampaiden normaalia toimintaa<\/li>\n<\/ul>\n","protected":false},"excerpt":{"rendered":"<p><strong>C-vitamiinin edist\u00e4\u00e4:<\/strong><\/p>\n<ul>\n<li>immuunij\u00e4rjestelm\u00e4n toiminnan pysymist\u00e4 normaalina raskaan liikunnan aikana<\/li>\n<li>normaalia energia-aineenvaihduntaa<\/li>\n<li>hermoston normaalia toimintaa<\/li>\n<li>normaaleja psykologisia toimintoja<\/li>\n<li>immuunij\u00e4rjestelm\u00e4n normaalia toimintaa<\/li>\n<li>solujen suojaamista hapettumisstressilt\u00e4<\/li>\n<li>auttaa v\u00e4hent\u00e4m\u00e4\u00e4n v\u00e4symyst\u00e4 ja uupumusta<\/li>\n<li>E-vitamiinin palautumista pelkistyneeseen muotoon<\/li>\n<li>lis\u00e4\u00e4 raudan imeytymist\u00e4<\/li>\n<li>normaalia kollageenin muodostumista verisuonten,- luuston,- rustojen,- ikenien,- ihon,- ja hampaiden normaalia toimintaa<\/li>\n<\/ul>\n<p><strong>1\/4 tl antaa 1 gramman natriumaskorbaatti.<\/strong><\/p>\n<p><strong>250 gramma<\/strong><\/p>\n","protected":false},"featured_media":1501,"comment_status":"open","ping_status":"closed","template":"","meta":{"_acf_changed":false,"inline_featured_image":false,"_kad_blocks_custom_css":"","_kad_blocks_head_custom_js":"","_kad_blocks_body_custom_js":"","_kad_blocks_footer_custom_js":"","_kadence_starter_templates_imported_post":false,"_kad_post_transparent":"default","_kad_post_title":"","_kad_post_layout":"default","_kad_post_sidebar_id":"","_kad_post_content_style":"default","_kad_post_vertical_padding":"default","_kad_post_feature":"","_kad_post_feature_position":"","_kad_post_header":false,"_kad_post_footer":false},"product_brand":[],"product_cat":[96,526,2384,2454,2357,2350],"product_tag":[1119,1062,1125,412,1214,1591,1467,2948,2949,2950,2907,1290,3059,1338,1275,1326,2920,507,2968,498,2904,2913,1495,2944,1348,1265,2942,3201,1335,2911,517,1150,2902,2974,3179,1262,520,522],"class_list":{"0":"post-1793","1":"product","2":"type-product","3":"status-publish","4":"has-post-thumbnail","6":"product_cat-vitaminer-fi","7":"product_cat-c-vitamin-fi","8":"product_cat-jarn-fi","9":"product_cat-evp-nutrition-fi","10":"product_cat-immunforsvar-fi","11":"product_cat-hud-och-skonhet-fi","12":"product_tag-allergiat","13":"product_tag-amalgaamivaurioita","14":"product_tag-anemia","15":"product_tag-antioksidantti","16":"product_tag-c-vitamiini-kalsiumaskorbaatti","17":"product_tag-hampaiden-menetys","18":"product_tag-heikentynyt-immuunijarjestelma","19":"product_tag-heikentynyt-sapen-tuotanto","20":"product_tag-heikentynyt-sapen-tuotanto-fi-2","21":"product_tag-heikentynyt-tyrosiinin-aineenvaihdunta","22":"product_tag-huonot-hampaat","23":"product_tag-iho-ongelmia-fi","24":"product_tag-ihosairaudet","25":"product_tag-influenssa","26":"product_tag-kaihi","27":"product_tag-kohonnut-verenpaine","28":"product_tag-kurkkumata","29":"product_tag-lisaa-vastustuskykya","30":"product_tag-lisamunuaisen-vajaatoiminta","31":"product_tag-luontais-lisaravinne","32":"product_tag-masennus-fi","33":"product_tag-nivelongelma","34":"product_tag-oksidatiivista-stressia","35":"product_tag-pahoinvointi","36":"product_tag-raudanpuute","37":"product_tag-sappihairiot","38":"product_tag-sydan-ja-verisuoniongelmat","39":"product_tag-toistuva-tulehdus","40":"product_tag-tulehduksia","41":"product_tag-tunnetilalliset-ongelmat","42":"product_tag-vasymys","43":"product_tag-valtimoiden-jaykkyys","44":"product_tag-veritulppa","45":"product_tag-vertavuotava-ien","46":"product_tag-vesiliukoinen-vitamiini","47":"product_tag-vilustuminen-fi","48":"product_tag-vitamiini","49":"product_tag-vitamiinit","51":"first","52":"instock","53":"taxable","54":"shipping-taxable","55":"purchasable","56":"product-type-simple","57":"entry","58":"content-bg","59":"loop-entry"},"acf":[],"yoast_head":"<!-- This site is optimized with the Yoast SEO plugin v25.8 - https:\/\/yoast.com\/wordpress\/plugins\/seo\/ -->\n<title>C-vitamiini - Natriumaskorbaatti - Reviva<\/title>\n<meta name=\"description\" content=\"C-vitamiini natriumaskorbaatti jauheena. Sen pH-arvo on neutraali, mik\u00e4 tekee siit\u00e4 hell\u00e4varaisemman vatsalle. 250 grammaa natriumsorbaattia.\" \/>\n<meta name=\"robots\" content=\"index, follow, max-snippet:-1, max-image-preview:large, max-video-preview:-1\" \/>\n<link rel=\"canonical\" href=\"https:\/\/reviva.fi\/fi\/tuote\/c-vitamiini-natriumaskorbaatti\/\" \/>\n<meta property=\"og:locale\" content=\"fi_FI\" \/>\n<meta property=\"og:type\" content=\"article\" \/>\n<meta property=\"og:title\" content=\"C-vitamiini - Natriumaskorbaatti - Reviva\" \/>\n<meta property=\"og:description\" content=\"C-vitamiini natriumaskorbaatti jauheena. Sen pH-arvo on neutraali, mik\u00e4 tekee siit\u00e4 hell\u00e4varaisemman vatsalle. 250 grammaa natriumsorbaattia.\" \/>\n<meta property=\"og:url\" content=\"https:\/\/reviva.fi\/fi\/tuote\/c-vitamiini-natriumaskorbaatti\/\" \/>\n<meta property=\"og:site_name\" content=\"Reviva\" \/>\n<meta property=\"article:modified_time\" content=\"2024-12-10T06:54:06+00:00\" \/>\n<meta property=\"og:image\" content=\"https:\/\/reviva.fi\/wp-content\/uploads\/2021\/04\/c-vit-natr-.jpg\" \/>\n\t<meta property=\"og:image:width\" content=\"320\" \/>\n\t<meta property=\"og:image:height\" content=\"491\" \/>\n\t<meta property=\"og:image:type\" content=\"image\/jpeg\" \/>\n<meta name=\"twitter:card\" content=\"summary_large_image\" \/>\n<script type=\"application\/ld+json\" class=\"yoast-schema-graph\">{\"@context\":\"https:\/\/schema.org\",\"@graph\":[{\"@type\":\"WebPage\",\"@id\":\"https:\/\/reviva.fi\/fi\/tuote\/c-vitamiini-natriumaskorbaatti\/\",\"url\":\"https:\/\/reviva.fi\/fi\/tuote\/c-vitamiini-natriumaskorbaatti\/\",\"name\":\"C-vitamiini - Natriumaskorbaatti - Reviva\",\"isPartOf\":{\"@id\":\"https:\/\/reviva.fi\/fi\/#website\"},\"primaryImageOfPage\":{\"@id\":\"https:\/\/reviva.fi\/fi\/tuote\/c-vitamiini-natriumaskorbaatti\/#primaryimage\"},\"image\":{\"@id\":\"https:\/\/reviva.fi\/fi\/tuote\/c-vitamiini-natriumaskorbaatti\/#primaryimage\"},\"thumbnailUrl\":\"https:\/\/reviva.fi\/wp-content\/uploads\/2021\/04\/c-vit-natr-.jpg\",\"datePublished\":\"2021-04-01T08:10:44+00:00\",\"dateModified\":\"2024-12-10T06:54:06+00:00\",\"description\":\"C-vitamiini natriumaskorbaatti jauheena. Sen pH-arvo on neutraali, mik\u00e4 tekee siit\u00e4 hell\u00e4varaisemman vatsalle. 250 grammaa natriumsorbaattia.\",\"breadcrumb\":{\"@id\":\"https:\/\/reviva.fi\/fi\/tuote\/c-vitamiini-natriumaskorbaatti\/#breadcrumb\"},\"inLanguage\":\"fi\",\"potentialAction\":[{\"@type\":\"ReadAction\",\"target\":[\"https:\/\/reviva.fi\/fi\/tuote\/c-vitamiini-natriumaskorbaatti\/\"]}]},{\"@type\":\"ImageObject\",\"inLanguage\":\"fi\",\"@id\":\"https:\/\/reviva.fi\/fi\/tuote\/c-vitamiini-natriumaskorbaatti\/#primaryimage\",\"url\":\"https:\/\/reviva.fi\/wp-content\/uploads\/2021\/04\/c-vit-natr-.jpg\",\"contentUrl\":\"https:\/\/reviva.fi\/wp-content\/uploads\/2021\/04\/c-vit-natr-.jpg\",\"width\":320,\"height\":491,\"caption\":\"C-vitamiini natriumaskorbaatti\"},{\"@type\":\"BreadcrumbList\",\"@id\":\"https:\/\/reviva.fi\/fi\/tuote\/c-vitamiini-natriumaskorbaatti\/#breadcrumb\",\"itemListElement\":[{\"@type\":\"ListItem\",\"position\":1,\"name\":\"Etusivu\",\"item\":\"https:\/\/reviva.fi\/fi\/\"},{\"@type\":\"ListItem\",\"position\":2,\"name\":\"Tuotteet\",\"item\":\"https:\/\/reviva.fi\/produkter\/\"},{\"@type\":\"ListItem\",\"position\":3,\"name\":\"C-vitamiini &#8211; Natriumaskorbaatti\"}]},{\"@type\":\"WebSite\",\"@id\":\"https:\/\/reviva.fi\/fi\/#website\",\"url\":\"https:\/\/reviva.fi\/fi\/\",\"name\":\"Reviva\",\"description\":\"\",\"publisher\":{\"@id\":\"https:\/\/reviva.fi\/fi\/#organization\"},\"potentialAction\":[{\"@type\":\"SearchAction\",\"target\":{\"@type\":\"EntryPoint\",\"urlTemplate\":\"https:\/\/reviva.fi\/fi\/?s={search_term_string}\"},\"query-input\":{\"@type\":\"PropertyValueSpecification\",\"valueRequired\":true,\"valueName\":\"search_term_string\"}}],\"inLanguage\":\"fi\"},{\"@type\":\"Organization\",\"@id\":\"https:\/\/reviva.fi\/fi\/#organization\",\"name\":\"Reviva\",\"url\":\"https:\/\/reviva.fi\/fi\/\",\"logo\":{\"@type\":\"ImageObject\",\"inLanguage\":\"fi\",\"@id\":\"https:\/\/reviva.fi\/fi\/#\/schema\/logo\/image\/\",\"url\":\"https:\/\/reviva.fi\/wp-content\/uploads\/2023\/10\/reviva-logo2.svg\",\"contentUrl\":\"https:\/\/reviva.fi\/wp-content\/uploads\/2023\/10\/reviva-logo2.svg\",\"caption\":\"Reviva\"},\"image\":{\"@id\":\"https:\/\/reviva.fi\/fi\/#\/schema\/logo\/image\/\"}}]}<\/script>\n<meta property=\"product:price:amount\" content=\"39.90\" \/>\n<meta property=\"product:price:currency\" content=\"EUR\" \/>\n<meta property=\"og:availability\" content=\"instock\" \/>\n<meta property=\"product:availability\" content=\"instock\" \/>\n<meta property=\"product:retailer_item_id\" content=\"206 E\" \/>\n<meta property=\"product:condition\" content=\"new\" \/>\n<!-- \/ Yoast SEO plugin. -->","yoast_head_json":{"title":"C-vitamiini - Natriumaskorbaatti - Reviva","description":"C-vitamiini natriumaskorbaatti jauheena. Sen pH-arvo on neutraali, mik\u00e4 tekee siit\u00e4 hell\u00e4varaisemman vatsalle. 250 grammaa natriumsorbaattia.","robots":{"index":"index","follow":"follow","max-snippet":"max-snippet:-1","max-image-preview":"max-image-preview:large","max-video-preview":"max-video-preview:-1"},"canonical":"https:\/\/reviva.fi\/fi\/tuote\/c-vitamiini-natriumaskorbaatti\/","og_locale":"fi_FI","og_type":"article","og_title":"C-vitamiini - Natriumaskorbaatti - Reviva","og_description":"C-vitamiini natriumaskorbaatti jauheena. Sen pH-arvo on neutraali, mik\u00e4 tekee siit\u00e4 hell\u00e4varaisemman vatsalle. 250 grammaa natriumsorbaattia.","og_url":"https:\/\/reviva.fi\/fi\/tuote\/c-vitamiini-natriumaskorbaatti\/","og_site_name":"Reviva","article_modified_time":"2024-12-10T06:54:06+00:00","og_image":[{"width":320,"height":491,"url":"https:\/\/reviva.fi\/wp-content\/uploads\/2021\/04\/c-vit-natr-.jpg","type":"image\/jpeg"}],"twitter_card":"summary_large_image","schema":{"@context":"https:\/\/schema.org","@graph":[{"@type":"WebPage","@id":"https:\/\/reviva.fi\/fi\/tuote\/c-vitamiini-natriumaskorbaatti\/","url":"https:\/\/reviva.fi\/fi\/tuote\/c-vitamiini-natriumaskorbaatti\/","name":"C-vitamiini - Natriumaskorbaatti - Reviva","isPartOf":{"@id":"https:\/\/reviva.fi\/fi\/#website"},"primaryImageOfPage":{"@id":"https:\/\/reviva.fi\/fi\/tuote\/c-vitamiini-natriumaskorbaatti\/#primaryimage"},"image":{"@id":"https:\/\/reviva.fi\/fi\/tuote\/c-vitamiini-natriumaskorbaatti\/#primaryimage"},"thumbnailUrl":"https:\/\/reviva.fi\/wp-content\/uploads\/2021\/04\/c-vit-natr-.jpg","datePublished":"2021-04-01T08:10:44+00:00","dateModified":"2024-12-10T06:54:06+00:00","description":"C-vitamiini natriumaskorbaatti jauheena. Sen pH-arvo on neutraali, mik\u00e4 tekee siit\u00e4 hell\u00e4varaisemman vatsalle. 250 grammaa natriumsorbaattia.","breadcrumb":{"@id":"https:\/\/reviva.fi\/fi\/tuote\/c-vitamiini-natriumaskorbaatti\/#breadcrumb"},"inLanguage":"fi","potentialAction":[{"@type":"ReadAction","target":["https:\/\/reviva.fi\/fi\/tuote\/c-vitamiini-natriumaskorbaatti\/"]}]},{"@type":"ImageObject","inLanguage":"fi","@id":"https:\/\/reviva.fi\/fi\/tuote\/c-vitamiini-natriumaskorbaatti\/#primaryimage","url":"https:\/\/reviva.fi\/wp-content\/uploads\/2021\/04\/c-vit-natr-.jpg","contentUrl":"https:\/\/reviva.fi\/wp-content\/uploads\/2021\/04\/c-vit-natr-.jpg","width":320,"height":491,"caption":"C-vitamiini natriumaskorbaatti"},{"@type":"BreadcrumbList","@id":"https:\/\/reviva.fi\/fi\/tuote\/c-vitamiini-natriumaskorbaatti\/#breadcrumb","itemListElement":[{"@type":"ListItem","position":1,"name":"Etusivu","item":"https:\/\/reviva.fi\/fi\/"},{"@type":"ListItem","position":2,"name":"Tuotteet","item":"https:\/\/reviva.fi\/produkter\/"},{"@type":"ListItem","position":3,"name":"C-vitamiini &#8211; Natriumaskorbaatti"}]},{"@type":"WebSite","@id":"https:\/\/reviva.fi\/fi\/#website","url":"https:\/\/reviva.fi\/fi\/","name":"Reviva","description":"","publisher":{"@id":"https:\/\/reviva.fi\/fi\/#organization"},"potentialAction":[{"@type":"SearchAction","target":{"@type":"EntryPoint","urlTemplate":"https:\/\/reviva.fi\/fi\/?s={search_term_string}"},"query-input":{"@type":"PropertyValueSpecification","valueRequired":true,"valueName":"search_term_string"}}],"inLanguage":"fi"},{"@type":"Organization","@id":"https:\/\/reviva.fi\/fi\/#organization","name":"Reviva","url":"https:\/\/reviva.fi\/fi\/","logo":{"@type":"ImageObject","inLanguage":"fi","@id":"https:\/\/reviva.fi\/fi\/#\/schema\/logo\/image\/","url":"https:\/\/reviva.fi\/wp-content\/uploads\/2023\/10\/reviva-logo2.svg","contentUrl":"https:\/\/reviva.fi\/wp-content\/uploads\/2023\/10\/reviva-logo2.svg","caption":"Reviva"},"image":{"@id":"https:\/\/reviva.fi\/fi\/#\/schema\/logo\/image\/"}}]},"product_price_amount":"39.90","product_price_currency":"EUR","og_availability":"instock","product_availability":"instock","product_retailer_item_id":"206 E","product_condition":"new"},"taxonomy_info":{"product_cat":[{"value":96,"label":"Vitamiinit"},{"value":526,"label":"C-vitamiini"},{"value":2384,"label":"Rauta"},{"value":2454,"label":"EVP Nutrition"},{"value":2357,"label":"Immuunipuolustus"},{"value":2350,"label":"Iho &amp; Kauneus"}],"product_tag":[{"value":1119,"label":"allergiat"},{"value":1062,"label":"Amalgaamivaurioita"},{"value":1125,"label":"anemia"},{"value":412,"label":"antioksidantti"},{"value":1214,"label":"c-vitamiini kalsiumaskorbaatti"},{"value":1591,"label":"hampaiden menetys"},{"value":1467,"label":"heikentynyt immuunij\u00e4rjestelm\u00e4"},{"value":2948,"label":"Heikentynyt sapen tuotanto"},{"value":2949,"label":"Heikentynyt sapen tuotanto"},{"value":2950,"label":"heikentynyt tyrosiinin aineenvaihdunta"},{"value":2907,"label":"Huonot hampaat"},{"value":1290,"label":"iho-ongelmia"},{"value":3059,"label":"ihosairaudet"},{"value":1338,"label":"influenssa"},{"value":1275,"label":"kaihi"},{"value":1326,"label":"kohonnut verenpaine"},{"value":2920,"label":"Kurkkum\u00e4t\u00e4"},{"value":507,"label":"lis\u00e4\u00e4 vastustuskyky\u00e4"},{"value":2968,"label":"Lis\u00e4munuaisen vajaatoiminta"},{"value":498,"label":"luontais lis\u00e4ravinne"},{"value":2904,"label":"Masennus"},{"value":2913,"label":"Nivelongelma"},{"value":1495,"label":"oksidatiivista stressi\u00e4"},{"value":2944,"label":"Pahoinvointi"},{"value":1348,"label":"raudanpuute"},{"value":1265,"label":"sappih\u00e4iri\u00f6t"},{"value":2942,"label":"Syd\u00e4n- ja verisuoniongelmat"},{"value":3201,"label":"Toistuva tulehdus"},{"value":1335,"label":"tulehduksia"},{"value":2911,"label":"Tunnetilalliset ongelmat"},{"value":517,"label":"v\u00e4symys"},{"value":1150,"label":"valtimoiden j\u00e4ykkyys"},{"value":2902,"label":"Veritulppa"},{"value":2974,"label":"Vertavuotava ien"},{"value":3179,"label":"Vesiliukoinen vitamiini"},{"value":1262,"label":"vilustuminen"},{"value":520,"label":"vitamiini"},{"value":522,"label":"vitamiinit"}]},"featured_image_src_large":["https:\/\/reviva.fi\/wp-content\/uploads\/2021\/04\/c-vit-natr-.jpg",320,491,false],"author_info":[],"comment_info":0,"_links":{"self":[{"href":"https:\/\/reviva.fi\/fi\/wp-json\/wp\/v2\/product\/1793","targetHints":{"allow":["GET"]}}],"collection":[{"href":"https:\/\/reviva.fi\/fi\/wp-json\/wp\/v2\/product"}],"about":[{"href":"https:\/\/reviva.fi\/fi\/wp-json\/wp\/v2\/types\/product"}],"replies":[{"embeddable":true,"href":"https:\/\/reviva.fi\/fi\/wp-json\/wp\/v2\/comments?post=1793"}],"wp:featuredmedia":[{"embeddable":true,"href":"https:\/\/reviva.fi\/fi\/wp-json\/wp\/v2\/media\/1501"}],"wp:attachment":[{"href":"https:\/\/reviva.fi\/fi\/wp-json\/wp\/v2\/media?parent=1793"}],"wp:term":[{"taxonomy":"product_brand","embeddable":true,"href":"https:\/\/reviva.fi\/fi\/wp-json\/wp\/v2\/product_brand?post=1793"},{"taxonomy":"product_cat","embeddable":true,"href":"https:\/\/reviva.fi\/fi\/wp-json\/wp\/v2\/product_cat?post=1793"},{"taxonomy":"product_tag","embeddable":true,"href":"https:\/\/reviva.fi\/fi\/wp-json\/wp\/v2\/product_tag?post=1793"}],"curies":[{"name":"wp","href":"https:\/\/api.w.org\/{rel}","templated":true}]}}