{"id":1802,"date":"2021-04-01T14:08:13","date_gmt":"2021-04-01T11:08:13","guid":{"rendered":"https:\/\/reviva.fi\/product\/carotenoid-complex-eyebright\/"},"modified":"2026-01-14T13:33:51","modified_gmt":"2026-01-14T11:33:51","slug":"karotenoidikompleksi","status":"publish","type":"product","link":"https:\/\/reviva.fi\/fi\/tuote\/karotenoidikompleksi\/","title":{"rendered":"karotenoidi kompleksi"},"content":{"rendered":"<p><strong>karotenoidi kompleksi Eyebright<\/strong><\/p>\n<p><strong>Yleist\u00e4 tietoa<\/strong><br \/>\nCarotenoid Complex on yrttiuutekompleksi, joka koostuu goji-marjasta, mustikasta ja keh\u00e4kukasta, joka antaa karotenoideille zeaksantiinia ja luteiinia.<\/p>\n<p>University of New Hampshiressa tehdyt tutkimukset ovat osoittaneet, ett\u00e4 luteiini ja zeaksantiini <strong>vahvistavat silmien terveytt\u00e4.<\/strong> T\u00e4m\u00e4 liittyy ainesosien kykyyn stimuloida silm\u00e4n makulaaripigmentti\u00e4 (MP), jolla on yhteys silm\u00e4vaurioiden v\u00e4hentymiseen.<\/p>\n<p>Luteiinia on muun muassa silm\u00e4n verkkokalvon keltat\u00e4pl\u00e4ss\u00e4 ja luteiinin ja zeaksantiinin uskotaan olevan t\u00e4rkeit\u00e4 verkkokalvon ja keltat\u00e4pl\u00e4n suojaamisessa valosta johtuvan oksidatiivisen stressin aiheuttamilta vaurioilta.<\/p>\n<p><strong>Carotenoid Complexin sis\u00e4lt\u00e4m\u00e4 mustikka edist\u00e4\u00e4 n\u00e4\u00f6n pysymist\u00e4 normaalina.<\/strong><\/p>\n<p>&nbsp;<\/p>\n<p>&nbsp;<\/p>\n","protected":false},"excerpt":{"rendered":"<p>Carotenoid Complex on yrttiuutekompleksi, joka koostuu goji-marjasta, mustikasta ja keh\u00e4kukasta, joka antaa karotenoideille zeaksantiinia ja luteiinia.<\/p>\n<p><strong>Carotenoid Complexin sis\u00e4lt\u00e4m\u00e4 mustikka edist\u00e4\u00e4 n\u00e4\u00f6n pysymist\u00e4 normaalina.<\/strong><\/p>\n<p><strong>60 tablettia<\/strong><\/p>\n","protected":false},"featured_media":12148,"comment_status":"open","ping_status":"closed","template":"","meta":{"_acf_changed":false,"inline_featured_image":false,"_kad_blocks_custom_css":"","_kad_blocks_head_custom_js":"","_kad_blocks_body_custom_js":"","_kad_blocks_footer_custom_js":"","_kadence_starter_templates_imported_post":false,"_kad_post_transparent":"default","_kad_post_title":"","_kad_post_layout":"default","_kad_post_sidebar_id":"","_kad_post_content_style":"default","_kad_post_vertical_padding":"default","_kad_post_feature":"","_kad_post_feature_position":"","_kad_post_header":false,"_kad_post_footer":false},"product_brand":[],"product_cat":[141,5978,5982,2357,2350],"product_tag":[4841,3124,1357,2914,4842,1495,3091,2961],"class_list":{"0":"post-1802","1":"product","2":"type-product","3":"status-publish","4":"has-post-thumbnail","6":"product_cat-orter-fi","7":"product_cat-multi-produkter-fi","8":"product_cat-multi-nutrient-fi","9":"product_cat-immunforsvar-fi","10":"product_cat-hud-och-skonhet-fi","11":"product_tag-amd-fi","12":"product_tag-hamarasokeus","13":"product_tag-karotenoidit","14":"product_tag-luteiini","15":"product_tag-naontarkkuus","16":"product_tag-oksidatiivista-stressia","17":"product_tag-silmapohjan-rappeuma","18":"product_tag-zeaksantiini","20":"first","21":"instock","22":"taxable","23":"shipping-taxable","24":"purchasable","25":"product-type-simple","26":"entry","27":"content-bg","28":"loop-entry"},"acf":[],"yoast_head":"<!-- This site is optimized with the Yoast SEO plugin v25.8 - https:\/\/yoast.com\/wordpress\/plugins\/seo\/ -->\n<title>karotenoidi kompleksi - Reviva<\/title>\n<meta name=\"description\" content=\"Karotenoidikompleksi \u2013 Vahvista silmi\u00e4si antioksidanteilla. Luteiini ja zeaksantiini suojaavat verkkokalvoa ja keltat\u00e4pl\u00e4\u00e4 oksidatiivista stressi\u00e4 vastaan.\" \/>\n<meta name=\"robots\" content=\"index, follow, max-snippet:-1, max-image-preview:large, max-video-preview:-1\" \/>\n<link rel=\"canonical\" href=\"https:\/\/reviva.fi\/fi\/tuote\/karotenoidikompleksi\/\" \/>\n<meta property=\"og:locale\" content=\"fi_FI\" \/>\n<meta property=\"og:type\" content=\"article\" \/>\n<meta property=\"og:title\" content=\"karotenoidi kompleksi - Reviva\" \/>\n<meta property=\"og:description\" content=\"Karotenoidikompleksi \u2013 Vahvista silmi\u00e4si antioksidanteilla. Luteiini ja zeaksantiini suojaavat verkkokalvoa ja keltat\u00e4pl\u00e4\u00e4 oksidatiivista stressi\u00e4 vastaan.\" \/>\n<meta property=\"og:url\" content=\"https:\/\/reviva.fi\/fi\/tuote\/karotenoidikompleksi\/\" \/>\n<meta property=\"og:site_name\" content=\"Reviva\" \/>\n<meta property=\"article:modified_time\" content=\"2026-01-14T11:33:51+00:00\" \/>\n<meta property=\"og:image\" content=\"https:\/\/reviva.fi\/wp-content\/uploads\/2021\/04\/Carotenoid-complex-Photoroom-e1749039217374.png\" \/>\n\t<meta property=\"og:image:width\" content=\"2000\" \/>\n\t<meta property=\"og:image:height\" content=\"1333\" \/>\n\t<meta property=\"og:image:type\" content=\"image\/png\" \/>\n<meta name=\"twitter:card\" content=\"summary_large_image\" \/>\n<script type=\"application\/ld+json\" class=\"yoast-schema-graph\">{\"@context\":\"https:\/\/schema.org\",\"@graph\":[{\"@type\":\"WebPage\",\"@id\":\"https:\/\/reviva.fi\/fi\/tuote\/karotenoidikompleksi\/\",\"url\":\"https:\/\/reviva.fi\/fi\/tuote\/karotenoidikompleksi\/\",\"name\":\"karotenoidi kompleksi - Reviva\",\"isPartOf\":{\"@id\":\"https:\/\/reviva.fi\/fi\/#website\"},\"primaryImageOfPage\":{\"@id\":\"https:\/\/reviva.fi\/fi\/tuote\/karotenoidikompleksi\/#primaryimage\"},\"image\":{\"@id\":\"https:\/\/reviva.fi\/fi\/tuote\/karotenoidikompleksi\/#primaryimage\"},\"thumbnailUrl\":\"https:\/\/reviva.fi\/wp-content\/uploads\/2021\/04\/Carotenoid-complex-Photoroom-e1749039217374.png\",\"datePublished\":\"2021-04-01T11:08:13+00:00\",\"dateModified\":\"2026-01-14T11:33:51+00:00\",\"description\":\"Karotenoidikompleksi \u2013 Vahvista silmi\u00e4si antioksidanteilla. Luteiini ja zeaksantiini suojaavat verkkokalvoa ja keltat\u00e4pl\u00e4\u00e4 oksidatiivista stressi\u00e4 vastaan.\",\"breadcrumb\":{\"@id\":\"https:\/\/reviva.fi\/fi\/tuote\/karotenoidikompleksi\/#breadcrumb\"},\"inLanguage\":\"fi\",\"potentialAction\":[{\"@type\":\"ReadAction\",\"target\":[\"https:\/\/reviva.fi\/fi\/tuote\/karotenoidikompleksi\/\"]}]},{\"@type\":\"ImageObject\",\"inLanguage\":\"fi\",\"@id\":\"https:\/\/reviva.fi\/fi\/tuote\/karotenoidikompleksi\/#primaryimage\",\"url\":\"https:\/\/reviva.fi\/wp-content\/uploads\/2021\/04\/Carotenoid-complex-Photoroom-e1749039217374.png\",\"contentUrl\":\"https:\/\/reviva.fi\/wp-content\/uploads\/2021\/04\/Carotenoid-complex-Photoroom-e1749039217374.png\",\"width\":2000,\"height\":1333,\"caption\":\"Carotenoid complex\"},{\"@type\":\"BreadcrumbList\",\"@id\":\"https:\/\/reviva.fi\/fi\/tuote\/karotenoidikompleksi\/#breadcrumb\",\"itemListElement\":[{\"@type\":\"ListItem\",\"position\":1,\"name\":\"Etusivu\",\"item\":\"https:\/\/reviva.fi\/fi\/\"},{\"@type\":\"ListItem\",\"position\":2,\"name\":\"Tuotteet\",\"item\":\"https:\/\/reviva.fi\/produkter\/\"},{\"@type\":\"ListItem\",\"position\":3,\"name\":\"karotenoidi kompleksi\"}]},{\"@type\":\"WebSite\",\"@id\":\"https:\/\/reviva.fi\/fi\/#website\",\"url\":\"https:\/\/reviva.fi\/fi\/\",\"name\":\"Reviva\",\"description\":\"\",\"publisher\":{\"@id\":\"https:\/\/reviva.fi\/fi\/#organization\"},\"potentialAction\":[{\"@type\":\"SearchAction\",\"target\":{\"@type\":\"EntryPoint\",\"urlTemplate\":\"https:\/\/reviva.fi\/fi\/?s={search_term_string}\"},\"query-input\":{\"@type\":\"PropertyValueSpecification\",\"valueRequired\":true,\"valueName\":\"search_term_string\"}}],\"inLanguage\":\"fi\"},{\"@type\":\"Organization\",\"@id\":\"https:\/\/reviva.fi\/fi\/#organization\",\"name\":\"Reviva\",\"url\":\"https:\/\/reviva.fi\/fi\/\",\"logo\":{\"@type\":\"ImageObject\",\"inLanguage\":\"fi\",\"@id\":\"https:\/\/reviva.fi\/fi\/#\/schema\/logo\/image\/\",\"url\":\"https:\/\/reviva.fi\/wp-content\/uploads\/2023\/10\/reviva-logo2.svg\",\"contentUrl\":\"https:\/\/reviva.fi\/wp-content\/uploads\/2023\/10\/reviva-logo2.svg\",\"caption\":\"Reviva\"},\"image\":{\"@id\":\"https:\/\/reviva.fi\/fi\/#\/schema\/logo\/image\/\"}}]}<\/script>\n<meta property=\"product:price:amount\" content=\"31.45\" \/>\n<meta property=\"product:price:currency\" content=\"EUR\" \/>\n<meta property=\"og:availability\" content=\"instock\" \/>\n<meta property=\"product:availability\" content=\"instock\" \/>\n<meta property=\"product:retailer_item_id\" content=\"112\" \/>\n<meta property=\"product:condition\" content=\"new\" \/>\n<!-- \/ Yoast SEO plugin. -->","yoast_head_json":{"title":"karotenoidi kompleksi - Reviva","description":"Karotenoidikompleksi \u2013 Vahvista silmi\u00e4si antioksidanteilla. Luteiini ja zeaksantiini suojaavat verkkokalvoa ja keltat\u00e4pl\u00e4\u00e4 oksidatiivista stressi\u00e4 vastaan.","robots":{"index":"index","follow":"follow","max-snippet":"max-snippet:-1","max-image-preview":"max-image-preview:large","max-video-preview":"max-video-preview:-1"},"canonical":"https:\/\/reviva.fi\/fi\/tuote\/karotenoidikompleksi\/","og_locale":"fi_FI","og_type":"article","og_title":"karotenoidi kompleksi - Reviva","og_description":"Karotenoidikompleksi \u2013 Vahvista silmi\u00e4si antioksidanteilla. Luteiini ja zeaksantiini suojaavat verkkokalvoa ja keltat\u00e4pl\u00e4\u00e4 oksidatiivista stressi\u00e4 vastaan.","og_url":"https:\/\/reviva.fi\/fi\/tuote\/karotenoidikompleksi\/","og_site_name":"Reviva","article_modified_time":"2026-01-14T11:33:51+00:00","og_image":[{"width":2000,"height":1333,"url":"https:\/\/reviva.fi\/wp-content\/uploads\/2021\/04\/Carotenoid-complex-Photoroom-e1749039217374.png","type":"image\/png"}],"twitter_card":"summary_large_image","schema":{"@context":"https:\/\/schema.org","@graph":[{"@type":"WebPage","@id":"https:\/\/reviva.fi\/fi\/tuote\/karotenoidikompleksi\/","url":"https:\/\/reviva.fi\/fi\/tuote\/karotenoidikompleksi\/","name":"karotenoidi kompleksi - Reviva","isPartOf":{"@id":"https:\/\/reviva.fi\/fi\/#website"},"primaryImageOfPage":{"@id":"https:\/\/reviva.fi\/fi\/tuote\/karotenoidikompleksi\/#primaryimage"},"image":{"@id":"https:\/\/reviva.fi\/fi\/tuote\/karotenoidikompleksi\/#primaryimage"},"thumbnailUrl":"https:\/\/reviva.fi\/wp-content\/uploads\/2021\/04\/Carotenoid-complex-Photoroom-e1749039217374.png","datePublished":"2021-04-01T11:08:13+00:00","dateModified":"2026-01-14T11:33:51+00:00","description":"Karotenoidikompleksi \u2013 Vahvista silmi\u00e4si antioksidanteilla. Luteiini ja zeaksantiini suojaavat verkkokalvoa ja keltat\u00e4pl\u00e4\u00e4 oksidatiivista stressi\u00e4 vastaan.","breadcrumb":{"@id":"https:\/\/reviva.fi\/fi\/tuote\/karotenoidikompleksi\/#breadcrumb"},"inLanguage":"fi","potentialAction":[{"@type":"ReadAction","target":["https:\/\/reviva.fi\/fi\/tuote\/karotenoidikompleksi\/"]}]},{"@type":"ImageObject","inLanguage":"fi","@id":"https:\/\/reviva.fi\/fi\/tuote\/karotenoidikompleksi\/#primaryimage","url":"https:\/\/reviva.fi\/wp-content\/uploads\/2021\/04\/Carotenoid-complex-Photoroom-e1749039217374.png","contentUrl":"https:\/\/reviva.fi\/wp-content\/uploads\/2021\/04\/Carotenoid-complex-Photoroom-e1749039217374.png","width":2000,"height":1333,"caption":"Carotenoid complex"},{"@type":"BreadcrumbList","@id":"https:\/\/reviva.fi\/fi\/tuote\/karotenoidikompleksi\/#breadcrumb","itemListElement":[{"@type":"ListItem","position":1,"name":"Etusivu","item":"https:\/\/reviva.fi\/fi\/"},{"@type":"ListItem","position":2,"name":"Tuotteet","item":"https:\/\/reviva.fi\/produkter\/"},{"@type":"ListItem","position":3,"name":"karotenoidi kompleksi"}]},{"@type":"WebSite","@id":"https:\/\/reviva.fi\/fi\/#website","url":"https:\/\/reviva.fi\/fi\/","name":"Reviva","description":"","publisher":{"@id":"https:\/\/reviva.fi\/fi\/#organization"},"potentialAction":[{"@type":"SearchAction","target":{"@type":"EntryPoint","urlTemplate":"https:\/\/reviva.fi\/fi\/?s={search_term_string}"},"query-input":{"@type":"PropertyValueSpecification","valueRequired":true,"valueName":"search_term_string"}}],"inLanguage":"fi"},{"@type":"Organization","@id":"https:\/\/reviva.fi\/fi\/#organization","name":"Reviva","url":"https:\/\/reviva.fi\/fi\/","logo":{"@type":"ImageObject","inLanguage":"fi","@id":"https:\/\/reviva.fi\/fi\/#\/schema\/logo\/image\/","url":"https:\/\/reviva.fi\/wp-content\/uploads\/2023\/10\/reviva-logo2.svg","contentUrl":"https:\/\/reviva.fi\/wp-content\/uploads\/2023\/10\/reviva-logo2.svg","caption":"Reviva"},"image":{"@id":"https:\/\/reviva.fi\/fi\/#\/schema\/logo\/image\/"}}]},"product_price_amount":"31.45","product_price_currency":"EUR","og_availability":"instock","product_availability":"instock","product_retailer_item_id":"112","product_condition":"new"},"taxonomy_info":{"product_cat":[{"value":141,"label":"Yrtit"},{"value":5978,"label":"Multi tuotteet"},{"value":5982,"label":"Multi Nutrient"},{"value":2357,"label":"Immuunipuolustus"},{"value":2350,"label":"Iho &amp; Kauneus"}],"product_tag":[{"value":4841,"label":"AMD"},{"value":3124,"label":"H\u00e4m\u00e4r\u00e4sokeus"},{"value":1357,"label":"karotenoidit"},{"value":2914,"label":"Luteiini"},{"value":4842,"label":"n\u00e4\u00f6ntarkkuus"},{"value":1495,"label":"oksidatiivista stressi\u00e4"},{"value":3091,"label":"silm\u00e4pohjan rappeuma"},{"value":2961,"label":"Zeaksantiini"}]},"featured_image_src_large":["https:\/\/reviva.fi\/wp-content\/uploads\/2021\/04\/Carotenoid-complex-Photoroom-1024x682.png",1024,682,true],"author_info":[],"comment_info":0,"_links":{"self":[{"href":"https:\/\/reviva.fi\/fi\/wp-json\/wp\/v2\/product\/1802","targetHints":{"allow":["GET"]}}],"collection":[{"href":"https:\/\/reviva.fi\/fi\/wp-json\/wp\/v2\/product"}],"about":[{"href":"https:\/\/reviva.fi\/fi\/wp-json\/wp\/v2\/types\/product"}],"replies":[{"embeddable":true,"href":"https:\/\/reviva.fi\/fi\/wp-json\/wp\/v2\/comments?post=1802"}],"wp:featuredmedia":[{"embeddable":true,"href":"https:\/\/reviva.fi\/fi\/wp-json\/wp\/v2\/media\/12148"}],"wp:attachment":[{"href":"https:\/\/reviva.fi\/fi\/wp-json\/wp\/v2\/media?parent=1802"}],"wp:term":[{"taxonomy":"product_brand","embeddable":true,"href":"https:\/\/reviva.fi\/fi\/wp-json\/wp\/v2\/product_brand?post=1802"},{"taxonomy":"product_cat","embeddable":true,"href":"https:\/\/reviva.fi\/fi\/wp-json\/wp\/v2\/product_cat?post=1802"},{"taxonomy":"product_tag","embeddable":true,"href":"https:\/\/reviva.fi\/fi\/wp-json\/wp\/v2\/product_tag?post=1802"}],"curies":[{"name":"wp","href":"https:\/\/api.w.org\/{rel}","templated":true}]}}