{"id":1816,"date":"2021-04-09T10:34:17","date_gmt":"2021-04-09T07:34:17","guid":{"rendered":"https:\/\/reviva.fi\/product\/ferro-plus\/"},"modified":"2026-03-26T13:03:05","modified_gmt":"2026-03-26T11:03:05","slug":"synerginen-rautalisa-ferro-plus","status":"publish","type":"product","link":"https:\/\/reviva.fi\/fi\/tuote\/synerginen-rautalisa-ferro-plus\/","title":{"rendered":"Ferro Plus, Rauta &#8211; Synergos"},"content":{"rendered":"<p><strong>Ferro Plus, rauta &#8211; Synergos<\/strong><\/p>\n<p>Ferroplus on laajakirjoinen, synerginen rautalis\u00e4. Jokaisessa tabletissa on 20 mg luonnonrauta yhdess\u00e4 useiden rautasynergistien kanssa. Ferro Plus sis\u00e4lt\u00e4\u00e4 yhdistelm\u00e4n kahdenarvoista rautaa ja erilaisia apuaineita, joita tarvitaan toimivaan raudan imeytymiseen. T\u00e4m\u00e4 valmiste perustuu niin kutsutulle synergiaperiaatteelle.<\/p>\n<p>Ferroplus on rautalis\u00e4, joka sis\u00e4lt\u00e4\u00e4 nokkosta, kelpi\u00e4, C-vitamiinia ja sinkki\u00e4.<\/p>\n<p><strong>Rauta edist\u00e4\u00e4:<\/strong><\/p>\n<ul>\n<li>normaalia kognitiivista toimintaa<\/li>\n<li>normaalia energia-aineenvaihduntaa<\/li>\n<li>normaalia punaisten verisolujen ja hemoglobiinin muodostusta<\/li>\n<li>normaalia hapen kuljetusta kehossa<\/li>\n<li>immuunij\u00e4rjestelm\u00e4n normaalia toimintaa<\/li>\n<li>auttaa v\u00e4hent\u00e4m\u00e4\u00e4n v\u00e4symyst\u00e4 ja uupumusta<\/li>\n<li>osallistuu solujen jakautumisprosessiin<\/li>\n<\/ul>\n<p>&nbsp;<\/p>\n","protected":false},"excerpt":{"rendered":"<p>Ferro Plus sis\u00e4lt\u00e4\u00e4 yhdistelm\u00e4n kahdenarvoista rautaa ja erilaisia apuaineita, joita tarvitaan toimivaan raudan imeytymiseen.<\/p>\n<ul>\n<li>\u00a0Sis\u00e4lt\u00e4\u00e4 sinkki\u00e4, kelpi\u00e4, C-vitamiinia ja sinkki\u00e4.<\/li>\n<\/ul>\n<p><strong>120 kapselia<\/strong><\/p>\n","protected":false},"featured_media":13674,"comment_status":"open","ping_status":"closed","template":"","meta":{"_acf_changed":false,"inline_featured_image":false,"_kad_blocks_custom_css":"","_kad_blocks_head_custom_js":"","_kad_blocks_body_custom_js":"","_kad_blocks_footer_custom_js":"","_kadence_starter_templates_imported_post":false,"_kad_post_transparent":"default","_kad_post_title":"","_kad_post_layout":"default","_kad_post_sidebar_id":"","_kad_post_content_style":"default","_kad_post_vertical_padding":"default","_kad_post_feature":"","_kad_post_feature_position":"","_kad_post_header":false,"_kad_post_footer":false},"product_brand":[],"product_cat":[2384,5978,5963,2357,2376],"product_tag":[1125,412,3009,1246,1467,1325,1231,1293,1605,1260,1327,507,498,1411,1348,519,517,520,522],"class_list":{"0":"post-1816","1":"product","2":"type-product","3":"status-publish","4":"has-post-thumbnail","6":"product_cat-jarn-fi","7":"product_cat-multi-produkter-fi","8":"product_cat-synergos-fi","9":"product_cat-immunforsvar-fi","10":"product_cat-stressad-och-trott-fi","11":"product_tag-anemia","12":"product_tag-antioksidantti","13":"product_tag-energiapuute","14":"product_tag-ferro-plus-fi","15":"product_tag-heikentynyt-immuunijarjestelma","16":"product_tag-hiustenlahto","17":"product_tag-huono-muisti","18":"product_tag-kilpirauhasen-vajaatoiminta","19":"product_tag-kilpirauhasen-vajaatoiminta-fi-2","20":"product_tag-kohonneet-kolesterolitasot","21":"product_tag-kohonnut-kolesteroli","22":"product_tag-lisaa-vastustuskykya","23":"product_tag-luontais-lisaravinne","24":"product_tag-matala-hb","25":"product_tag-raudanpuute","26":"product_tag-uupumus","27":"product_tag-vasymys","28":"product_tag-vitamiini","29":"product_tag-vitamiinit","31":"first","32":"instock","33":"taxable","34":"shipping-taxable","35":"purchasable","36":"product-type-simple","37":"entry","38":"content-bg","39":"loop-entry"},"acf":[],"yoast_head":"<!-- This site is optimized with the Yoast SEO plugin v25.8 - https:\/\/yoast.com\/wordpress\/plugins\/seo\/ -->\n<title>Ferro Plus, Rauta - Synergos - Reviva<\/title>\n<meta name=\"description\" content=\"Synerginen rautalis\u00e4 - Ferro Plus sis\u00e4lt\u00e4\u00e4 kahdenarvoista rautaa sek\u00e4 erilaisia lis\u00e4aineita, jotka tehostavat raudan imeytymist\u00e4 kehoon.\" \/>\n<meta name=\"robots\" content=\"index, follow, max-snippet:-1, max-image-preview:large, max-video-preview:-1\" \/>\n<link rel=\"canonical\" href=\"https:\/\/reviva.fi\/fi\/tuote\/synerginen-rautalisa-ferro-plus\/\" \/>\n<meta property=\"og:locale\" content=\"fi_FI\" \/>\n<meta property=\"og:type\" content=\"article\" \/>\n<meta property=\"og:title\" content=\"Ferro Plus, Rauta - Synergos - Reviva\" \/>\n<meta property=\"og:description\" content=\"Synerginen rautalis\u00e4 - Ferro Plus sis\u00e4lt\u00e4\u00e4 kahdenarvoista rautaa sek\u00e4 erilaisia lis\u00e4aineita, jotka tehostavat raudan imeytymist\u00e4 kehoon.\" \/>\n<meta property=\"og:url\" content=\"https:\/\/reviva.fi\/fi\/tuote\/synerginen-rautalisa-ferro-plus\/\" \/>\n<meta property=\"og:site_name\" content=\"Reviva\" \/>\n<meta property=\"article:modified_time\" content=\"2026-03-26T11:03:05+00:00\" \/>\n<meta property=\"og:image\" content=\"https:\/\/reviva.fi\/wp-content\/uploads\/2021\/04\/211-Ferro-Plus-kapslar-Photoroom-e1769511931555.png\" \/>\n\t<meta property=\"og:image:width\" content=\"2000\" \/>\n\t<meta property=\"og:image:height\" content=\"1333\" \/>\n\t<meta property=\"og:image:type\" content=\"image\/png\" \/>\n<meta name=\"twitter:card\" content=\"summary_large_image\" \/>\n<script type=\"application\/ld+json\" class=\"yoast-schema-graph\">{\"@context\":\"https:\/\/schema.org\",\"@graph\":[{\"@type\":\"WebPage\",\"@id\":\"https:\/\/reviva.fi\/fi\/tuote\/synerginen-rautalisa-ferro-plus\/\",\"url\":\"https:\/\/reviva.fi\/fi\/tuote\/synerginen-rautalisa-ferro-plus\/\",\"name\":\"Ferro Plus, Rauta - Synergos - Reviva\",\"isPartOf\":{\"@id\":\"https:\/\/reviva.fi\/fi\/#website\"},\"primaryImageOfPage\":{\"@id\":\"https:\/\/reviva.fi\/fi\/tuote\/synerginen-rautalisa-ferro-plus\/#primaryimage\"},\"image\":{\"@id\":\"https:\/\/reviva.fi\/fi\/tuote\/synerginen-rautalisa-ferro-plus\/#primaryimage\"},\"thumbnailUrl\":\"https:\/\/reviva.fi\/wp-content\/uploads\/2021\/04\/211-Ferro-Plus-kapslar-Photoroom-e1769511931555.png\",\"datePublished\":\"2021-04-09T07:34:17+00:00\",\"dateModified\":\"2026-03-26T11:03:05+00:00\",\"description\":\"Synerginen rautalis\u00e4 - Ferro Plus sis\u00e4lt\u00e4\u00e4 kahdenarvoista rautaa sek\u00e4 erilaisia lis\u00e4aineita, jotka tehostavat raudan imeytymist\u00e4 kehoon.\",\"breadcrumb\":{\"@id\":\"https:\/\/reviva.fi\/fi\/tuote\/synerginen-rautalisa-ferro-plus\/#breadcrumb\"},\"inLanguage\":\"fi\",\"potentialAction\":[{\"@type\":\"ReadAction\",\"target\":[\"https:\/\/reviva.fi\/fi\/tuote\/synerginen-rautalisa-ferro-plus\/\"]}]},{\"@type\":\"ImageObject\",\"inLanguage\":\"fi\",\"@id\":\"https:\/\/reviva.fi\/fi\/tuote\/synerginen-rautalisa-ferro-plus\/#primaryimage\",\"url\":\"https:\/\/reviva.fi\/wp-content\/uploads\/2021\/04\/211-Ferro-Plus-kapslar-Photoroom-e1769511931555.png\",\"contentUrl\":\"https:\/\/reviva.fi\/wp-content\/uploads\/2021\/04\/211-Ferro-Plus-kapslar-Photoroom-e1769511931555.png\",\"width\":2000,\"height\":1333,\"caption\":\"Ferro Plus, J\u00e4rn\"},{\"@type\":\"BreadcrumbList\",\"@id\":\"https:\/\/reviva.fi\/fi\/tuote\/synerginen-rautalisa-ferro-plus\/#breadcrumb\",\"itemListElement\":[{\"@type\":\"ListItem\",\"position\":1,\"name\":\"Etusivu\",\"item\":\"https:\/\/reviva.fi\/fi\/\"},{\"@type\":\"ListItem\",\"position\":2,\"name\":\"Tuotteet\",\"item\":\"https:\/\/reviva.fi\/produkter\/\"},{\"@type\":\"ListItem\",\"position\":3,\"name\":\"Ferro Plus, Rauta &#8211; Synergos\"}]},{\"@type\":\"WebSite\",\"@id\":\"https:\/\/reviva.fi\/fi\/#website\",\"url\":\"https:\/\/reviva.fi\/fi\/\",\"name\":\"Reviva\",\"description\":\"\",\"publisher\":{\"@id\":\"https:\/\/reviva.fi\/fi\/#organization\"},\"potentialAction\":[{\"@type\":\"SearchAction\",\"target\":{\"@type\":\"EntryPoint\",\"urlTemplate\":\"https:\/\/reviva.fi\/fi\/?s={search_term_string}\"},\"query-input\":{\"@type\":\"PropertyValueSpecification\",\"valueRequired\":true,\"valueName\":\"search_term_string\"}}],\"inLanguage\":\"fi\"},{\"@type\":\"Organization\",\"@id\":\"https:\/\/reviva.fi\/fi\/#organization\",\"name\":\"Reviva\",\"url\":\"https:\/\/reviva.fi\/fi\/\",\"logo\":{\"@type\":\"ImageObject\",\"inLanguage\":\"fi\",\"@id\":\"https:\/\/reviva.fi\/fi\/#\/schema\/logo\/image\/\",\"url\":\"https:\/\/reviva.fi\/wp-content\/uploads\/2023\/10\/reviva-logo2.svg\",\"contentUrl\":\"https:\/\/reviva.fi\/wp-content\/uploads\/2023\/10\/reviva-logo2.svg\",\"caption\":\"Reviva\"},\"image\":{\"@id\":\"https:\/\/reviva.fi\/fi\/#\/schema\/logo\/image\/\"}}]}<\/script>\n<meta property=\"product:price:amount\" content=\"14.85\" \/>\n<meta property=\"product:price:currency\" content=\"EUR\" \/>\n<meta property=\"og:availability\" content=\"instock\" \/>\n<meta property=\"product:availability\" content=\"instock\" \/>\n<meta property=\"product:retailer_item_id\" content=\"211\" \/>\n<meta property=\"product:condition\" content=\"new\" \/>\n<!-- \/ Yoast SEO plugin. -->","yoast_head_json":{"title":"Ferro Plus, Rauta - Synergos - Reviva","description":"Synerginen rautalis\u00e4 - Ferro Plus sis\u00e4lt\u00e4\u00e4 kahdenarvoista rautaa sek\u00e4 erilaisia lis\u00e4aineita, jotka tehostavat raudan imeytymist\u00e4 kehoon.","robots":{"index":"index","follow":"follow","max-snippet":"max-snippet:-1","max-image-preview":"max-image-preview:large","max-video-preview":"max-video-preview:-1"},"canonical":"https:\/\/reviva.fi\/fi\/tuote\/synerginen-rautalisa-ferro-plus\/","og_locale":"fi_FI","og_type":"article","og_title":"Ferro Plus, Rauta - Synergos - Reviva","og_description":"Synerginen rautalis\u00e4 - Ferro Plus sis\u00e4lt\u00e4\u00e4 kahdenarvoista rautaa sek\u00e4 erilaisia lis\u00e4aineita, jotka tehostavat raudan imeytymist\u00e4 kehoon.","og_url":"https:\/\/reviva.fi\/fi\/tuote\/synerginen-rautalisa-ferro-plus\/","og_site_name":"Reviva","article_modified_time":"2026-03-26T11:03:05+00:00","og_image":[{"width":2000,"height":1333,"url":"https:\/\/reviva.fi\/wp-content\/uploads\/2021\/04\/211-Ferro-Plus-kapslar-Photoroom-e1769511931555.png","type":"image\/png"}],"twitter_card":"summary_large_image","schema":{"@context":"https:\/\/schema.org","@graph":[{"@type":"WebPage","@id":"https:\/\/reviva.fi\/fi\/tuote\/synerginen-rautalisa-ferro-plus\/","url":"https:\/\/reviva.fi\/fi\/tuote\/synerginen-rautalisa-ferro-plus\/","name":"Ferro Plus, Rauta - Synergos - Reviva","isPartOf":{"@id":"https:\/\/reviva.fi\/fi\/#website"},"primaryImageOfPage":{"@id":"https:\/\/reviva.fi\/fi\/tuote\/synerginen-rautalisa-ferro-plus\/#primaryimage"},"image":{"@id":"https:\/\/reviva.fi\/fi\/tuote\/synerginen-rautalisa-ferro-plus\/#primaryimage"},"thumbnailUrl":"https:\/\/reviva.fi\/wp-content\/uploads\/2021\/04\/211-Ferro-Plus-kapslar-Photoroom-e1769511931555.png","datePublished":"2021-04-09T07:34:17+00:00","dateModified":"2026-03-26T11:03:05+00:00","description":"Synerginen rautalis\u00e4 - Ferro Plus sis\u00e4lt\u00e4\u00e4 kahdenarvoista rautaa sek\u00e4 erilaisia lis\u00e4aineita, jotka tehostavat raudan imeytymist\u00e4 kehoon.","breadcrumb":{"@id":"https:\/\/reviva.fi\/fi\/tuote\/synerginen-rautalisa-ferro-plus\/#breadcrumb"},"inLanguage":"fi","potentialAction":[{"@type":"ReadAction","target":["https:\/\/reviva.fi\/fi\/tuote\/synerginen-rautalisa-ferro-plus\/"]}]},{"@type":"ImageObject","inLanguage":"fi","@id":"https:\/\/reviva.fi\/fi\/tuote\/synerginen-rautalisa-ferro-plus\/#primaryimage","url":"https:\/\/reviva.fi\/wp-content\/uploads\/2021\/04\/211-Ferro-Plus-kapslar-Photoroom-e1769511931555.png","contentUrl":"https:\/\/reviva.fi\/wp-content\/uploads\/2021\/04\/211-Ferro-Plus-kapslar-Photoroom-e1769511931555.png","width":2000,"height":1333,"caption":"Ferro Plus, J\u00e4rn"},{"@type":"BreadcrumbList","@id":"https:\/\/reviva.fi\/fi\/tuote\/synerginen-rautalisa-ferro-plus\/#breadcrumb","itemListElement":[{"@type":"ListItem","position":1,"name":"Etusivu","item":"https:\/\/reviva.fi\/fi\/"},{"@type":"ListItem","position":2,"name":"Tuotteet","item":"https:\/\/reviva.fi\/produkter\/"},{"@type":"ListItem","position":3,"name":"Ferro Plus, Rauta &#8211; Synergos"}]},{"@type":"WebSite","@id":"https:\/\/reviva.fi\/fi\/#website","url":"https:\/\/reviva.fi\/fi\/","name":"Reviva","description":"","publisher":{"@id":"https:\/\/reviva.fi\/fi\/#organization"},"potentialAction":[{"@type":"SearchAction","target":{"@type":"EntryPoint","urlTemplate":"https:\/\/reviva.fi\/fi\/?s={search_term_string}"},"query-input":{"@type":"PropertyValueSpecification","valueRequired":true,"valueName":"search_term_string"}}],"inLanguage":"fi"},{"@type":"Organization","@id":"https:\/\/reviva.fi\/fi\/#organization","name":"Reviva","url":"https:\/\/reviva.fi\/fi\/","logo":{"@type":"ImageObject","inLanguage":"fi","@id":"https:\/\/reviva.fi\/fi\/#\/schema\/logo\/image\/","url":"https:\/\/reviva.fi\/wp-content\/uploads\/2023\/10\/reviva-logo2.svg","contentUrl":"https:\/\/reviva.fi\/wp-content\/uploads\/2023\/10\/reviva-logo2.svg","caption":"Reviva"},"image":{"@id":"https:\/\/reviva.fi\/fi\/#\/schema\/logo\/image\/"}}]},"product_price_amount":"14.85","product_price_currency":"EUR","og_availability":"instock","product_availability":"instock","product_retailer_item_id":"211","product_condition":"new"},"taxonomy_info":{"product_cat":[{"value":2384,"label":"Rauta"},{"value":5978,"label":"Multi tuotteet"},{"value":5963,"label":"Synergos"},{"value":2357,"label":"Immuunipuolustus"},{"value":2376,"label":"Stressaantunut &amp; V\u00e4synyt"}],"product_tag":[{"value":1125,"label":"anemia"},{"value":412,"label":"antioksidantti"},{"value":3009,"label":"Energiapuute"},{"value":1246,"label":"ferro plus"},{"value":1467,"label":"heikentynyt immuunij\u00e4rjestelm\u00e4"},{"value":1325,"label":"hiustenl\u00e4ht\u00f6"},{"value":1231,"label":"huono muisti"},{"value":1293,"label":"kilpirauhasen vajaatoiminta"},{"value":1605,"label":"kilpirauhasen vajaatoiminta"},{"value":1260,"label":"kohonneet kolesterolitasot"},{"value":1327,"label":"kohonnut kolesteroli"},{"value":507,"label":"lis\u00e4\u00e4 vastustuskyky\u00e4"},{"value":498,"label":"luontais lis\u00e4ravinne"},{"value":1411,"label":"matala hb"},{"value":1348,"label":"raudanpuute"},{"value":519,"label":"uupumus"},{"value":517,"label":"v\u00e4symys"},{"value":520,"label":"vitamiini"},{"value":522,"label":"vitamiinit"}]},"featured_image_src_large":["https:\/\/reviva.fi\/wp-content\/uploads\/2021\/04\/211-Ferro-Plus-kapslar-Photoroom-1024x682.png",1024,682,true],"author_info":[],"comment_info":0,"_links":{"self":[{"href":"https:\/\/reviva.fi\/fi\/wp-json\/wp\/v2\/product\/1816","targetHints":{"allow":["GET"]}}],"collection":[{"href":"https:\/\/reviva.fi\/fi\/wp-json\/wp\/v2\/product"}],"about":[{"href":"https:\/\/reviva.fi\/fi\/wp-json\/wp\/v2\/types\/product"}],"replies":[{"embeddable":true,"href":"https:\/\/reviva.fi\/fi\/wp-json\/wp\/v2\/comments?post=1816"}],"wp:featuredmedia":[{"embeddable":true,"href":"https:\/\/reviva.fi\/fi\/wp-json\/wp\/v2\/media\/13674"}],"wp:attachment":[{"href":"https:\/\/reviva.fi\/fi\/wp-json\/wp\/v2\/media?parent=1816"}],"wp:term":[{"taxonomy":"product_brand","embeddable":true,"href":"https:\/\/reviva.fi\/fi\/wp-json\/wp\/v2\/product_brand?post=1816"},{"taxonomy":"product_cat","embeddable":true,"href":"https:\/\/reviva.fi\/fi\/wp-json\/wp\/v2\/product_cat?post=1816"},{"taxonomy":"product_tag","embeddable":true,"href":"https:\/\/reviva.fi\/fi\/wp-json\/wp\/v2\/product_tag?post=1816"}],"curies":[{"name":"wp","href":"https:\/\/api.w.org\/{rel}","templated":true}]}}