{"id":1820,"date":"2021-04-09T12:57:14","date_gmt":"2021-04-09T09:57:14","guid":{"rendered":"https:\/\/reviva.fi\/product\/magnesium-l-teanin\/"},"modified":"2026-01-17T16:17:50","modified_gmt":"2026-01-17T14:17:50","slug":"magnesium-l-teanin","status":"publish","type":"product","link":"https:\/\/reviva.fi\/fi\/tuote\/magnesium-l-teanin\/","title":{"rendered":"Magnesium L-Teaniini 100g"},"content":{"rendered":"<p><strong>Magnesium L-Teaniini (jauhe)<\/strong><\/p>\n<p>100 grammaa jauhetta, joka sis\u00e4lt\u00e4\u00e4 magnesiumia, teaniinia ja B6-vitamiinia. Teelusikallisesta saa 600 mg magnesiumia, 500 mg teaniinia ja 5 mg B6-vitamiinia.<\/p>\n<p><strong>Yleist\u00e4 tietoa<\/strong><br \/>\nMagnesium on yksi t\u00e4rkeimmist\u00e4 em\u00e4ksisist\u00e4 mineraaleistamme. Magnesium on v\u00e4ltt\u00e4m\u00e4t\u00f6n mineraali ja osallistuu l\u00e4hes 300 tunnettuun entsyymireaktioon kehossa. T\u00e4rke\u00e4 lihaksistolle, nivelille, syd\u00e4men ja aivojen toiminnalle. Sill\u00e4 on ratkaiseva merkitys kalsiumin imeytymiselle kehoon.<br \/>\nTeaniini, jota kutsutaan my\u00f6s nimell\u00e4 gamma-glutamyylietyyliamidi tai 5-N-etyyli-glutamiini, on glutamiinihapon aminohappoderivaatta. Se on vihre\u00e4n teen yleisin derivaatta, mutta sit\u00e4 esiintyy my\u00f6s runsaasti ruokasieni ruskotatissa. Teaniinin on osoitettu v\u00e4hent\u00e4v\u00e4n psyykkist\u00e4 ja fyysist\u00e4 stressi\u00e4, parantavan kognitiota ja yleist\u00e4 mielenterveytt\u00e4. Teaniinin ensisijainen vaikutus liittyy siihen, ett\u00e4 se lis\u00e4\u00e4 GABA-neurov\u00e4litt\u00e4j\u00e4ineen tasoa aivoissa.<\/p>\n<p><strong>Magnesium edist\u00e4\u00e4:<\/strong><\/p>\n<ul>\n<li>auttaa v\u00e4hent\u00e4m\u00e4\u00e4n v\u00e4symyst\u00e4 ja uupumusta<\/li>\n<li>elektrolyyttitasapainoa<\/li>\n<li>normaalia energia-aineenvaihduntaa<\/li>\n<li>hermoston normaalia toimintaa<\/li>\n<li>lihasten normaalia toimintaa<\/li>\n<li>normaalia proteiinisynteesi\u00e4<\/li>\n<li>normaaleja psykologisia toimintoja<\/li>\n<li>luuston pysymist\u00e4 normaalina<\/li>\n<li>hampaiden pysymist\u00e4 normaaleina<\/li>\n<li>osallistuu solujen jakautumisprosessiin<\/li>\n<\/ul>\n<p>&nbsp;<\/p>\n","protected":false},"excerpt":{"rendered":"<p><strong>Jauhetta, joka sis\u00e4lt\u00e4\u00e4 magnesiumia, teaniinia ja B6-vitamiinia.<\/strong><\/p>\n<p><strong>100 grammaa<\/strong><\/p>\n","protected":false},"featured_media":9734,"comment_status":"open","ping_status":"closed","template":"","meta":{"_acf_changed":false,"inline_featured_image":false,"_kad_blocks_custom_css":"","_kad_blocks_head_custom_js":"","_kad_blocks_body_custom_js":"","_kad_blocks_footer_custom_js":"","_kadence_starter_templates_imported_post":false,"_kad_post_transparent":"default","_kad_post_title":"","_kad_post_layout":"default","_kad_post_sidebar_id":"","_kad_post_content_style":"default","_kad_post_vertical_padding":"default","_kad_post_feature":"","_kad_post_feature_position":"","_kad_post_header":false,"_kad_post_footer":false},"product_brand":[],"product_cat":[93,92,88,5978,5963,2376],"product_tag":[1399,498,1417,489,486,490,479,480,1372,519,517,520],"class_list":{"0":"post-1820","1":"product","2":"type-product","3":"status-publish","4":"has-post-thumbnail","6":"product_cat-mineraler-fi","7":"product_cat-magnesium-fi","8":"product_cat-aminosyror-fi","9":"product_cat-multi-produkter-fi","10":"product_cat-synergos-fi","11":"product_cat-stressad-och-trott-fi","12":"product_tag-l-teaniini","13":"product_tag-luontais-lisaravinne","14":"product_tag-magnesium-b6-fi","15":"product_tag-magnesium-jauhe","16":"product_tag-magnesium-lihaskramppi","17":"product_tag-magnesium-lisaravinne","18":"product_tag-magnesiumi","19":"product_tag-magnesiumi-hyodyt","20":"product_tag-ravintolisat-magnesium","21":"product_tag-uupumus","22":"product_tag-vasymys","23":"product_tag-vitamiini","25":"first","26":"instock","27":"taxable","28":"shipping-taxable","29":"purchasable","30":"product-type-simple","31":"entry","32":"content-bg","33":"loop-entry"},"acf":[],"yoast_head":"<!-- This site is optimized with the Yoast SEO plugin v25.8 - https:\/\/yoast.com\/wordpress\/plugins\/seo\/ -->\n<title>Magnesium L-Teaniini 100g - Reviva<\/title>\n<meta name=\"description\" content=\"Magnesium L-Teaniini yhdistelm\u00e4 tekee tuotteesta paljon mielenkiintoisemman. V\u00e4hent\u00e4\u00e4 henkist\u00e4 ja fyysist\u00e4 stressi\u00e4. Rentouttaa ja parantaa unta.\" \/>\n<meta name=\"robots\" content=\"index, follow, max-snippet:-1, max-image-preview:large, max-video-preview:-1\" \/>\n<link rel=\"canonical\" href=\"https:\/\/reviva.fi\/fi\/tuote\/magnesium-l-teanin\/\" \/>\n<meta property=\"og:locale\" content=\"fi_FI\" \/>\n<meta property=\"og:type\" content=\"article\" \/>\n<meta property=\"og:title\" content=\"Magnesium L-Teaniini 100g - Reviva\" \/>\n<meta property=\"og:description\" content=\"Magnesium L-Teaniini yhdistelm\u00e4 tekee tuotteesta paljon mielenkiintoisemman. V\u00e4hent\u00e4\u00e4 henkist\u00e4 ja fyysist\u00e4 stressi\u00e4. Rentouttaa ja parantaa unta.\" \/>\n<meta property=\"og:url\" content=\"https:\/\/reviva.fi\/fi\/tuote\/magnesium-l-teanin\/\" \/>\n<meta property=\"og:site_name\" content=\"Reviva\" \/>\n<meta property=\"article:modified_time\" content=\"2026-01-17T14:17:50+00:00\" \/>\n<meta property=\"og:image\" content=\"https:\/\/reviva.fi\/wp-content\/uploads\/2021\/04\/Magnesium-L-teanin-jauhe.png\" \/>\n\t<meta property=\"og:image:width\" content=\"1500\" \/>\n\t<meta property=\"og:image:height\" content=\"2000\" \/>\n\t<meta property=\"og:image:type\" content=\"image\/png\" \/>\n<meta name=\"twitter:card\" content=\"summary_large_image\" \/>\n<script type=\"application\/ld+json\" class=\"yoast-schema-graph\">{\"@context\":\"https:\/\/schema.org\",\"@graph\":[{\"@type\":\"WebPage\",\"@id\":\"https:\/\/reviva.fi\/fi\/tuote\/magnesium-l-teanin\/\",\"url\":\"https:\/\/reviva.fi\/fi\/tuote\/magnesium-l-teanin\/\",\"name\":\"Magnesium L-Teaniini 100g - Reviva\",\"isPartOf\":{\"@id\":\"https:\/\/reviva.fi\/fi\/#website\"},\"primaryImageOfPage\":{\"@id\":\"https:\/\/reviva.fi\/fi\/tuote\/magnesium-l-teanin\/#primaryimage\"},\"image\":{\"@id\":\"https:\/\/reviva.fi\/fi\/tuote\/magnesium-l-teanin\/#primaryimage\"},\"thumbnailUrl\":\"https:\/\/reviva.fi\/wp-content\/uploads\/2021\/04\/Magnesium-L-teanin-jauhe.png\",\"datePublished\":\"2021-04-09T09:57:14+00:00\",\"dateModified\":\"2026-01-17T14:17:50+00:00\",\"description\":\"Magnesium L-Teaniini yhdistelm\u00e4 tekee tuotteesta paljon mielenkiintoisemman. V\u00e4hent\u00e4\u00e4 henkist\u00e4 ja fyysist\u00e4 stressi\u00e4. Rentouttaa ja parantaa unta.\",\"breadcrumb\":{\"@id\":\"https:\/\/reviva.fi\/fi\/tuote\/magnesium-l-teanin\/#breadcrumb\"},\"inLanguage\":\"fi\",\"potentialAction\":[{\"@type\":\"ReadAction\",\"target\":[\"https:\/\/reviva.fi\/fi\/tuote\/magnesium-l-teanin\/\"]}]},{\"@type\":\"ImageObject\",\"inLanguage\":\"fi\",\"@id\":\"https:\/\/reviva.fi\/fi\/tuote\/magnesium-l-teanin\/#primaryimage\",\"url\":\"https:\/\/reviva.fi\/wp-content\/uploads\/2021\/04\/Magnesium-L-teanin-jauhe.png\",\"contentUrl\":\"https:\/\/reviva.fi\/wp-content\/uploads\/2021\/04\/Magnesium-L-teanin-jauhe.png\",\"width\":1500,\"height\":2000,\"caption\":\"Magnesium L-Teanin\"},{\"@type\":\"BreadcrumbList\",\"@id\":\"https:\/\/reviva.fi\/fi\/tuote\/magnesium-l-teanin\/#breadcrumb\",\"itemListElement\":[{\"@type\":\"ListItem\",\"position\":1,\"name\":\"Etusivu\",\"item\":\"https:\/\/reviva.fi\/fi\/\"},{\"@type\":\"ListItem\",\"position\":2,\"name\":\"Tuotteet\",\"item\":\"https:\/\/reviva.fi\/produkter\/\"},{\"@type\":\"ListItem\",\"position\":3,\"name\":\"Magnesium L-Teaniini 100g\"}]},{\"@type\":\"WebSite\",\"@id\":\"https:\/\/reviva.fi\/fi\/#website\",\"url\":\"https:\/\/reviva.fi\/fi\/\",\"name\":\"Reviva\",\"description\":\"\",\"publisher\":{\"@id\":\"https:\/\/reviva.fi\/fi\/#organization\"},\"potentialAction\":[{\"@type\":\"SearchAction\",\"target\":{\"@type\":\"EntryPoint\",\"urlTemplate\":\"https:\/\/reviva.fi\/fi\/?s={search_term_string}\"},\"query-input\":{\"@type\":\"PropertyValueSpecification\",\"valueRequired\":true,\"valueName\":\"search_term_string\"}}],\"inLanguage\":\"fi\"},{\"@type\":\"Organization\",\"@id\":\"https:\/\/reviva.fi\/fi\/#organization\",\"name\":\"Reviva\",\"url\":\"https:\/\/reviva.fi\/fi\/\",\"logo\":{\"@type\":\"ImageObject\",\"inLanguage\":\"fi\",\"@id\":\"https:\/\/reviva.fi\/fi\/#\/schema\/logo\/image\/\",\"url\":\"https:\/\/reviva.fi\/wp-content\/uploads\/2023\/10\/reviva-logo2.svg\",\"contentUrl\":\"https:\/\/reviva.fi\/wp-content\/uploads\/2023\/10\/reviva-logo2.svg\",\"caption\":\"Reviva\"},\"image\":{\"@id\":\"https:\/\/reviva.fi\/fi\/#\/schema\/logo\/image\/\"}}]}<\/script>\n<meta property=\"product:price:amount\" content=\"38.75\" \/>\n<meta property=\"product:price:currency\" content=\"EUR\" \/>\n<meta property=\"og:availability\" content=\"instock\" \/>\n<meta property=\"product:availability\" content=\"instock\" \/>\n<meta property=\"product:retailer_item_id\" content=\"213 C\" \/>\n<meta property=\"product:condition\" content=\"new\" \/>\n<!-- \/ Yoast SEO plugin. -->","yoast_head_json":{"title":"Magnesium L-Teaniini 100g - Reviva","description":"Magnesium L-Teaniini yhdistelm\u00e4 tekee tuotteesta paljon mielenkiintoisemman. V\u00e4hent\u00e4\u00e4 henkist\u00e4 ja fyysist\u00e4 stressi\u00e4. Rentouttaa ja parantaa unta.","robots":{"index":"index","follow":"follow","max-snippet":"max-snippet:-1","max-image-preview":"max-image-preview:large","max-video-preview":"max-video-preview:-1"},"canonical":"https:\/\/reviva.fi\/fi\/tuote\/magnesium-l-teanin\/","og_locale":"fi_FI","og_type":"article","og_title":"Magnesium L-Teaniini 100g - Reviva","og_description":"Magnesium L-Teaniini yhdistelm\u00e4 tekee tuotteesta paljon mielenkiintoisemman. V\u00e4hent\u00e4\u00e4 henkist\u00e4 ja fyysist\u00e4 stressi\u00e4. Rentouttaa ja parantaa unta.","og_url":"https:\/\/reviva.fi\/fi\/tuote\/magnesium-l-teanin\/","og_site_name":"Reviva","article_modified_time":"2026-01-17T14:17:50+00:00","og_image":[{"width":1500,"height":2000,"url":"https:\/\/reviva.fi\/wp-content\/uploads\/2021\/04\/Magnesium-L-teanin-jauhe.png","type":"image\/png"}],"twitter_card":"summary_large_image","schema":{"@context":"https:\/\/schema.org","@graph":[{"@type":"WebPage","@id":"https:\/\/reviva.fi\/fi\/tuote\/magnesium-l-teanin\/","url":"https:\/\/reviva.fi\/fi\/tuote\/magnesium-l-teanin\/","name":"Magnesium L-Teaniini 100g - Reviva","isPartOf":{"@id":"https:\/\/reviva.fi\/fi\/#website"},"primaryImageOfPage":{"@id":"https:\/\/reviva.fi\/fi\/tuote\/magnesium-l-teanin\/#primaryimage"},"image":{"@id":"https:\/\/reviva.fi\/fi\/tuote\/magnesium-l-teanin\/#primaryimage"},"thumbnailUrl":"https:\/\/reviva.fi\/wp-content\/uploads\/2021\/04\/Magnesium-L-teanin-jauhe.png","datePublished":"2021-04-09T09:57:14+00:00","dateModified":"2026-01-17T14:17:50+00:00","description":"Magnesium L-Teaniini yhdistelm\u00e4 tekee tuotteesta paljon mielenkiintoisemman. V\u00e4hent\u00e4\u00e4 henkist\u00e4 ja fyysist\u00e4 stressi\u00e4. Rentouttaa ja parantaa unta.","breadcrumb":{"@id":"https:\/\/reviva.fi\/fi\/tuote\/magnesium-l-teanin\/#breadcrumb"},"inLanguage":"fi","potentialAction":[{"@type":"ReadAction","target":["https:\/\/reviva.fi\/fi\/tuote\/magnesium-l-teanin\/"]}]},{"@type":"ImageObject","inLanguage":"fi","@id":"https:\/\/reviva.fi\/fi\/tuote\/magnesium-l-teanin\/#primaryimage","url":"https:\/\/reviva.fi\/wp-content\/uploads\/2021\/04\/Magnesium-L-teanin-jauhe.png","contentUrl":"https:\/\/reviva.fi\/wp-content\/uploads\/2021\/04\/Magnesium-L-teanin-jauhe.png","width":1500,"height":2000,"caption":"Magnesium L-Teanin"},{"@type":"BreadcrumbList","@id":"https:\/\/reviva.fi\/fi\/tuote\/magnesium-l-teanin\/#breadcrumb","itemListElement":[{"@type":"ListItem","position":1,"name":"Etusivu","item":"https:\/\/reviva.fi\/fi\/"},{"@type":"ListItem","position":2,"name":"Tuotteet","item":"https:\/\/reviva.fi\/produkter\/"},{"@type":"ListItem","position":3,"name":"Magnesium L-Teaniini 100g"}]},{"@type":"WebSite","@id":"https:\/\/reviva.fi\/fi\/#website","url":"https:\/\/reviva.fi\/fi\/","name":"Reviva","description":"","publisher":{"@id":"https:\/\/reviva.fi\/fi\/#organization"},"potentialAction":[{"@type":"SearchAction","target":{"@type":"EntryPoint","urlTemplate":"https:\/\/reviva.fi\/fi\/?s={search_term_string}"},"query-input":{"@type":"PropertyValueSpecification","valueRequired":true,"valueName":"search_term_string"}}],"inLanguage":"fi"},{"@type":"Organization","@id":"https:\/\/reviva.fi\/fi\/#organization","name":"Reviva","url":"https:\/\/reviva.fi\/fi\/","logo":{"@type":"ImageObject","inLanguage":"fi","@id":"https:\/\/reviva.fi\/fi\/#\/schema\/logo\/image\/","url":"https:\/\/reviva.fi\/wp-content\/uploads\/2023\/10\/reviva-logo2.svg","contentUrl":"https:\/\/reviva.fi\/wp-content\/uploads\/2023\/10\/reviva-logo2.svg","caption":"Reviva"},"image":{"@id":"https:\/\/reviva.fi\/fi\/#\/schema\/logo\/image\/"}}]},"product_price_amount":"38.75","product_price_currency":"EUR","og_availability":"instock","product_availability":"instock","product_retailer_item_id":"213 C","product_condition":"new"},"taxonomy_info":{"product_cat":[{"value":93,"label":"Mineraalit"},{"value":92,"label":"Magnesium"},{"value":88,"label":"Aminohapot"},{"value":5978,"label":"Multi tuotteet"},{"value":5963,"label":"Synergos"},{"value":2376,"label":"Stressaantunut &amp; V\u00e4synyt"}],"product_tag":[{"value":1399,"label":"l-teaniini"},{"value":498,"label":"luontais lis\u00e4ravinne"},{"value":1417,"label":"magnesium B6"},{"value":489,"label":"magnesium jauhe"},{"value":486,"label":"magnesium lihaskramppi"},{"value":490,"label":"magnesium lis\u00e4ravinne"},{"value":479,"label":"magnesiumi"},{"value":480,"label":"magnesiumi hy\u00f6dyt"},{"value":1372,"label":"ravintolis\u00e4t magnesium"},{"value":519,"label":"uupumus"},{"value":517,"label":"v\u00e4symys"},{"value":520,"label":"vitamiini"}]},"featured_image_src_large":["https:\/\/reviva.fi\/wp-content\/uploads\/2021\/04\/Magnesium-L-teanin-jauhe-768x1024.png",768,1024,true],"author_info":[],"comment_info":0,"_links":{"self":[{"href":"https:\/\/reviva.fi\/fi\/wp-json\/wp\/v2\/product\/1820","targetHints":{"allow":["GET"]}}],"collection":[{"href":"https:\/\/reviva.fi\/fi\/wp-json\/wp\/v2\/product"}],"about":[{"href":"https:\/\/reviva.fi\/fi\/wp-json\/wp\/v2\/types\/product"}],"replies":[{"embeddable":true,"href":"https:\/\/reviva.fi\/fi\/wp-json\/wp\/v2\/comments?post=1820"}],"wp:featuredmedia":[{"embeddable":true,"href":"https:\/\/reviva.fi\/fi\/wp-json\/wp\/v2\/media\/9734"}],"wp:attachment":[{"href":"https:\/\/reviva.fi\/fi\/wp-json\/wp\/v2\/media?parent=1820"}],"wp:term":[{"taxonomy":"product_brand","embeddable":true,"href":"https:\/\/reviva.fi\/fi\/wp-json\/wp\/v2\/product_brand?post=1820"},{"taxonomy":"product_cat","embeddable":true,"href":"https:\/\/reviva.fi\/fi\/wp-json\/wp\/v2\/product_cat?post=1820"},{"taxonomy":"product_tag","embeddable":true,"href":"https:\/\/reviva.fi\/fi\/wp-json\/wp\/v2\/product_tag?post=1820"}],"curies":[{"name":"wp","href":"https:\/\/api.w.org\/{rel}","templated":true}]}}