{"id":1823,"date":"2021-04-09T13:15:22","date_gmt":"2021-04-09T10:15:22","guid":{"rendered":"https:\/\/reviva.fi\/product\/wild-yam\/"},"modified":"2026-01-27T14:18:21","modified_gmt":"2026-01-27T12:18:21","slug":"wild-yam","status":"publish","type":"product","link":"https:\/\/reviva.fi\/fi\/tuote\/wild-yam\/","title":{"rendered":"Wild Yam &#8211; Villijamssi"},"content":{"rendered":"<p><strong>Wild Yam &#8211; Villijamssi<\/strong><\/p>\n<p>Wild Yam, jonka juuret ja mukulat sis\u00e4lt\u00e4v\u00e4t vaikuttavaa ainetta diosgeniinia.<\/p>\n<p>Wild Yam, Dioscorea barbasco, on kasvi, jota k\u00e4ytetty naisten terveyteen.<\/p>\n<p>Jokainen kapseli sis\u00e4lt\u00e4\u00e4 500 mg Wild Yam -uutetta. Jokainen kapseli sis\u00e4lt\u00e4\u00e4 16 % diosgeniinia.<\/p>\n<p>&nbsp;<\/p>\n","protected":false},"excerpt":{"rendered":"<p>Wild Yam, Dioscorea barbasco, on kasvi, jota k\u00e4ytetty naisten terveyteen.<\/p>\n<p><strong>60 kapselia<\/strong><\/p>\n","protected":false},"featured_media":13843,"comment_status":"open","ping_status":"closed","template":"","meta":{"_acf_changed":false,"inline_featured_image":false,"_kad_blocks_custom_css":"","_kad_blocks_head_custom_js":"","_kad_blocks_body_custom_js":"","_kad_blocks_footer_custom_js":"","_kadence_starter_templates_imported_post":false,"_kad_post_transparent":"default","_kad_post_title":"","_kad_post_layout":"default","_kad_post_sidebar_id":"","_kad_post_content_style":"default","_kad_post_vertical_padding":"default","_kad_post_feature":"","_kad_post_feature_position":"","_kad_post_header":false,"_kad_post_footer":false},"product_brand":[],"product_cat":[141,2454,2376],"product_tag":[],"class_list":{"0":"post-1823","1":"product","2":"type-product","3":"status-publish","4":"has-post-thumbnail","6":"product_cat-orter-fi","7":"product_cat-evp-nutrition-fi","8":"product_cat-stressad-och-trott-fi","10":"first","11":"instock","12":"taxable","13":"shipping-taxable","14":"purchasable","15":"product-type-simple","16":"entry","17":"content-bg","18":"loop-entry"},"acf":[],"yoast_head":"<!-- This site is optimized with the Yoast SEO plugin v25.8 - https:\/\/yoast.com\/wordpress\/plugins\/seo\/ -->\n<title>Wild Yam - Villijamssi - Reviva<\/title>\n<meta name=\"description\" content=\"Wild Yam - Villijamssi auttaa palauttamaan hormonitasapainon. Yrtti naisten terveydelle. Voi merkitt\u00e4v\u00e4sti vaikuttaa PMS-oireisiin.\" \/>\n<meta name=\"robots\" content=\"index, follow, max-snippet:-1, max-image-preview:large, max-video-preview:-1\" \/>\n<link rel=\"canonical\" href=\"https:\/\/reviva.fi\/fi\/tuote\/wild-yam\/\" \/>\n<meta property=\"og:locale\" content=\"fi_FI\" \/>\n<meta property=\"og:type\" content=\"article\" \/>\n<meta property=\"og:title\" content=\"Wild Yam - Villijamssi - Reviva\" \/>\n<meta property=\"og:description\" content=\"Wild Yam - Villijamssi auttaa palauttamaan hormonitasapainon. Yrtti naisten terveydelle. Voi merkitt\u00e4v\u00e4sti vaikuttaa PMS-oireisiin.\" \/>\n<meta property=\"og:url\" content=\"https:\/\/reviva.fi\/fi\/tuote\/wild-yam\/\" \/>\n<meta property=\"og:site_name\" content=\"Reviva\" \/>\n<meta property=\"article:modified_time\" content=\"2026-01-27T12:18:21+00:00\" \/>\n<meta property=\"og:image\" content=\"https:\/\/reviva.fi\/wp-content\/uploads\/2021\/04\/wild-yam.png\" \/>\n\t<meta property=\"og:image:width\" content=\"940\" \/>\n\t<meta property=\"og:image:height\" content=\"788\" \/>\n\t<meta property=\"og:image:type\" content=\"image\/png\" \/>\n<meta name=\"twitter:card\" content=\"summary_large_image\" \/>\n<script type=\"application\/ld+json\" class=\"yoast-schema-graph\">{\"@context\":\"https:\/\/schema.org\",\"@graph\":[{\"@type\":\"WebPage\",\"@id\":\"https:\/\/reviva.fi\/fi\/tuote\/wild-yam\/\",\"url\":\"https:\/\/reviva.fi\/fi\/tuote\/wild-yam\/\",\"name\":\"Wild Yam - Villijamssi - Reviva\",\"isPartOf\":{\"@id\":\"https:\/\/reviva.fi\/fi\/#website\"},\"primaryImageOfPage\":{\"@id\":\"https:\/\/reviva.fi\/fi\/tuote\/wild-yam\/#primaryimage\"},\"image\":{\"@id\":\"https:\/\/reviva.fi\/fi\/tuote\/wild-yam\/#primaryimage\"},\"thumbnailUrl\":\"https:\/\/reviva.fi\/wp-content\/uploads\/2021\/04\/413-Wild-Yam-Photoroom-e1770801970106.png\",\"datePublished\":\"2021-04-09T10:15:22+00:00\",\"dateModified\":\"2026-01-27T12:18:21+00:00\",\"description\":\"Wild Yam - Villijamssi auttaa palauttamaan hormonitasapainon. Yrtti naisten terveydelle. Voi merkitt\u00e4v\u00e4sti vaikuttaa PMS-oireisiin.\",\"breadcrumb\":{\"@id\":\"https:\/\/reviva.fi\/fi\/tuote\/wild-yam\/#breadcrumb\"},\"inLanguage\":\"fi\",\"potentialAction\":[{\"@type\":\"ReadAction\",\"target\":[\"https:\/\/reviva.fi\/fi\/tuote\/wild-yam\/\"]}]},{\"@type\":\"ImageObject\",\"inLanguage\":\"fi\",\"@id\":\"https:\/\/reviva.fi\/fi\/tuote\/wild-yam\/#primaryimage\",\"url\":\"https:\/\/reviva.fi\/wp-content\/uploads\/2021\/04\/413-Wild-Yam-Photoroom-e1770801970106.png\",\"contentUrl\":\"https:\/\/reviva.fi\/wp-content\/uploads\/2021\/04\/413-Wild-Yam-Photoroom-e1770801970106.png\",\"width\":2000,\"height\":1333,\"caption\":\"Wild Yam\"},{\"@type\":\"BreadcrumbList\",\"@id\":\"https:\/\/reviva.fi\/fi\/tuote\/wild-yam\/#breadcrumb\",\"itemListElement\":[{\"@type\":\"ListItem\",\"position\":1,\"name\":\"Etusivu\",\"item\":\"https:\/\/reviva.fi\/fi\/\"},{\"@type\":\"ListItem\",\"position\":2,\"name\":\"Tuotteet\",\"item\":\"https:\/\/reviva.fi\/produkter\/\"},{\"@type\":\"ListItem\",\"position\":3,\"name\":\"Wild Yam &#8211; Villijamssi\"}]},{\"@type\":\"WebSite\",\"@id\":\"https:\/\/reviva.fi\/fi\/#website\",\"url\":\"https:\/\/reviva.fi\/fi\/\",\"name\":\"Reviva\",\"description\":\"\",\"publisher\":{\"@id\":\"https:\/\/reviva.fi\/fi\/#organization\"},\"potentialAction\":[{\"@type\":\"SearchAction\",\"target\":{\"@type\":\"EntryPoint\",\"urlTemplate\":\"https:\/\/reviva.fi\/fi\/?s={search_term_string}\"},\"query-input\":{\"@type\":\"PropertyValueSpecification\",\"valueRequired\":true,\"valueName\":\"search_term_string\"}}],\"inLanguage\":\"fi\"},{\"@type\":\"Organization\",\"@id\":\"https:\/\/reviva.fi\/fi\/#organization\",\"name\":\"Reviva\",\"url\":\"https:\/\/reviva.fi\/fi\/\",\"logo\":{\"@type\":\"ImageObject\",\"inLanguage\":\"fi\",\"@id\":\"https:\/\/reviva.fi\/fi\/#\/schema\/logo\/image\/\",\"url\":\"https:\/\/reviva.fi\/wp-content\/uploads\/2023\/10\/reviva-logo2.svg\",\"contentUrl\":\"https:\/\/reviva.fi\/wp-content\/uploads\/2023\/10\/reviva-logo2.svg\",\"caption\":\"Reviva\"},\"image\":{\"@id\":\"https:\/\/reviva.fi\/fi\/#\/schema\/logo\/image\/\"}}]}<\/script>\n<meta property=\"product:price:amount\" content=\"31.45\" \/>\n<meta property=\"product:price:currency\" content=\"EUR\" \/>\n<meta property=\"og:availability\" content=\"instock\" \/>\n<meta property=\"product:availability\" content=\"instock\" \/>\n<meta property=\"product:retailer_item_id\" content=\"413\" \/>\n<meta property=\"product:condition\" content=\"new\" \/>\n<!-- \/ Yoast SEO plugin. -->","yoast_head_json":{"title":"Wild Yam - Villijamssi - Reviva","description":"Wild Yam - Villijamssi auttaa palauttamaan hormonitasapainon. Yrtti naisten terveydelle. Voi merkitt\u00e4v\u00e4sti vaikuttaa PMS-oireisiin.","robots":{"index":"index","follow":"follow","max-snippet":"max-snippet:-1","max-image-preview":"max-image-preview:large","max-video-preview":"max-video-preview:-1"},"canonical":"https:\/\/reviva.fi\/fi\/tuote\/wild-yam\/","og_locale":"fi_FI","og_type":"article","og_title":"Wild Yam - Villijamssi - Reviva","og_description":"Wild Yam - Villijamssi auttaa palauttamaan hormonitasapainon. Yrtti naisten terveydelle. Voi merkitt\u00e4v\u00e4sti vaikuttaa PMS-oireisiin.","og_url":"https:\/\/reviva.fi\/fi\/tuote\/wild-yam\/","og_site_name":"Reviva","article_modified_time":"2026-01-27T12:18:21+00:00","og_image":[{"width":940,"height":788,"url":"https:\/\/reviva.fi\/wp-content\/uploads\/2021\/04\/wild-yam.png","type":"image\/png"}],"twitter_card":"summary_large_image","schema":{"@context":"https:\/\/schema.org","@graph":[{"@type":"WebPage","@id":"https:\/\/reviva.fi\/fi\/tuote\/wild-yam\/","url":"https:\/\/reviva.fi\/fi\/tuote\/wild-yam\/","name":"Wild Yam - Villijamssi - Reviva","isPartOf":{"@id":"https:\/\/reviva.fi\/fi\/#website"},"primaryImageOfPage":{"@id":"https:\/\/reviva.fi\/fi\/tuote\/wild-yam\/#primaryimage"},"image":{"@id":"https:\/\/reviva.fi\/fi\/tuote\/wild-yam\/#primaryimage"},"thumbnailUrl":"https:\/\/reviva.fi\/wp-content\/uploads\/2021\/04\/413-Wild-Yam-Photoroom-e1770801970106.png","datePublished":"2021-04-09T10:15:22+00:00","dateModified":"2026-01-27T12:18:21+00:00","description":"Wild Yam - Villijamssi auttaa palauttamaan hormonitasapainon. Yrtti naisten terveydelle. Voi merkitt\u00e4v\u00e4sti vaikuttaa PMS-oireisiin.","breadcrumb":{"@id":"https:\/\/reviva.fi\/fi\/tuote\/wild-yam\/#breadcrumb"},"inLanguage":"fi","potentialAction":[{"@type":"ReadAction","target":["https:\/\/reviva.fi\/fi\/tuote\/wild-yam\/"]}]},{"@type":"ImageObject","inLanguage":"fi","@id":"https:\/\/reviva.fi\/fi\/tuote\/wild-yam\/#primaryimage","url":"https:\/\/reviva.fi\/wp-content\/uploads\/2021\/04\/413-Wild-Yam-Photoroom-e1770801970106.png","contentUrl":"https:\/\/reviva.fi\/wp-content\/uploads\/2021\/04\/413-Wild-Yam-Photoroom-e1770801970106.png","width":2000,"height":1333,"caption":"Wild Yam"},{"@type":"BreadcrumbList","@id":"https:\/\/reviva.fi\/fi\/tuote\/wild-yam\/#breadcrumb","itemListElement":[{"@type":"ListItem","position":1,"name":"Etusivu","item":"https:\/\/reviva.fi\/fi\/"},{"@type":"ListItem","position":2,"name":"Tuotteet","item":"https:\/\/reviva.fi\/produkter\/"},{"@type":"ListItem","position":3,"name":"Wild Yam &#8211; Villijamssi"}]},{"@type":"WebSite","@id":"https:\/\/reviva.fi\/fi\/#website","url":"https:\/\/reviva.fi\/fi\/","name":"Reviva","description":"","publisher":{"@id":"https:\/\/reviva.fi\/fi\/#organization"},"potentialAction":[{"@type":"SearchAction","target":{"@type":"EntryPoint","urlTemplate":"https:\/\/reviva.fi\/fi\/?s={search_term_string}"},"query-input":{"@type":"PropertyValueSpecification","valueRequired":true,"valueName":"search_term_string"}}],"inLanguage":"fi"},{"@type":"Organization","@id":"https:\/\/reviva.fi\/fi\/#organization","name":"Reviva","url":"https:\/\/reviva.fi\/fi\/","logo":{"@type":"ImageObject","inLanguage":"fi","@id":"https:\/\/reviva.fi\/fi\/#\/schema\/logo\/image\/","url":"https:\/\/reviva.fi\/wp-content\/uploads\/2023\/10\/reviva-logo2.svg","contentUrl":"https:\/\/reviva.fi\/wp-content\/uploads\/2023\/10\/reviva-logo2.svg","caption":"Reviva"},"image":{"@id":"https:\/\/reviva.fi\/fi\/#\/schema\/logo\/image\/"}}]},"product_price_amount":"31.45","product_price_currency":"EUR","og_availability":"instock","product_availability":"instock","product_retailer_item_id":"413","product_condition":"new"},"taxonomy_info":{"product_cat":[{"value":141,"label":"Yrtit"},{"value":2454,"label":"EVP Nutrition"},{"value":2376,"label":"Stressaantunut &amp; V\u00e4synyt"}]},"featured_image_src_large":["https:\/\/reviva.fi\/wp-content\/uploads\/2021\/04\/413-Wild-Yam-Photoroom-1024x682.png",1024,682,true],"author_info":[],"comment_info":0,"_links":{"self":[{"href":"https:\/\/reviva.fi\/fi\/wp-json\/wp\/v2\/product\/1823","targetHints":{"allow":["GET"]}}],"collection":[{"href":"https:\/\/reviva.fi\/fi\/wp-json\/wp\/v2\/product"}],"about":[{"href":"https:\/\/reviva.fi\/fi\/wp-json\/wp\/v2\/types\/product"}],"replies":[{"embeddable":true,"href":"https:\/\/reviva.fi\/fi\/wp-json\/wp\/v2\/comments?post=1823"}],"wp:featuredmedia":[{"embeddable":true,"href":"https:\/\/reviva.fi\/fi\/wp-json\/wp\/v2\/media\/13843"}],"wp:attachment":[{"href":"https:\/\/reviva.fi\/fi\/wp-json\/wp\/v2\/media?parent=1823"}],"wp:term":[{"taxonomy":"product_brand","embeddable":true,"href":"https:\/\/reviva.fi\/fi\/wp-json\/wp\/v2\/product_brand?post=1823"},{"taxonomy":"product_cat","embeddable":true,"href":"https:\/\/reviva.fi\/fi\/wp-json\/wp\/v2\/product_cat?post=1823"},{"taxonomy":"product_tag","embeddable":true,"href":"https:\/\/reviva.fi\/fi\/wp-json\/wp\/v2\/product_tag?post=1823"}],"curies":[{"name":"wp","href":"https:\/\/api.w.org\/{rel}","templated":true}]}}