{"id":1886,"date":"2021-04-16T11:31:29","date_gmt":"2021-04-16T08:31:29","guid":{"rendered":"https:\/\/reviva.fi\/product\/c500-camu-camu\/"},"modified":"2026-01-28T13:55:20","modified_gmt":"2026-01-28T11:55:20","slug":"c500-camu-camu","status":"publish","type":"product","link":"https:\/\/reviva.fi\/fi\/tuote\/c500-camu-camu\/","title":{"rendered":"C-Vitamiini &#8211; C500 Camu Camu"},"content":{"rendered":"<p><strong>C-Vitamiini &#8211; C500 Camu Camu<\/strong><\/p>\n<p>Jokainen kapseli sis\u00e4lt\u00e4\u00e4 500 mg C-vitamiinia sek\u00e4 acerolaa ja camu-camua.<\/p>\n<p><strong>Camu<\/strong> (Myrciaria dubia) \u2013 on pieni pensasmainen Amazonin sademetsien jokivarsilla Perussa ja Brasiliassa kasvava puu, joiden punaiset\/liilan v\u00e4riset hedelm\u00e4t muistuttavat kirsikkaa. Valtavan korkea C-vitamiinipitoisuus (suuruusluokkaa 2-3 % tuorepainosta) on hedelm\u00e4n t\u00e4rkein ominaisuus.<\/p>\n<p><strong>Acerola<\/strong> (Malpighia emarginata) \u2013 on pieni trooppinen puu, jonka oksat kasvavat lyhyest\u00e4 rungosta. Se tuottaa vaaleita, punaisia kivihedelmi\u00e4, joiden C-vitamiinipitoisuus (l\u00e4hes 50 grammaa \/ kg) ja muiden ravintoaineiden pitoisuus on eritt\u00e4in korkea.<\/p>\n<p><strong>C-vitamiini edist\u00e4\u00e4:<\/strong><\/p>\n<ul>\n<li>normaalia kollageenin muodostumista verisuonten normaalia toimintaa varten<\/li>\n<li>normaalia kollageenin muodostumista luuston normaalia toimintaa varten<\/li>\n<li>normaalia kollageenin muodostumista rustojen normaalia toimintaa varten<\/li>\n<li>normaalia kollageenin muodostumista ikenien normaalia toimintaa varten<\/li>\n<li>normaalia kollageenin muodostumista ihon normaalia toimintaa varten<\/li>\n<li>normaalia kollageenin muodostumista varten hampaiden normaalia toimintaa<\/li>\n<li>hermoston normaalia toimintaa<\/li>\n<li>normaaleja psykologisia toimintoja<\/li>\n<li>immuunij\u00e4rjestelm\u00e4n normaalia toimintaa<\/li>\n<li>solujen suojaamista hapettumisstressilt\u00e4<\/li>\n<li>auttaa v\u00e4hent\u00e4m\u00e4\u00e4n v\u00e4symyst\u00e4 ja uupumusta<\/li>\n<li>\u00a0E-vitamiinin palautumista pelkistyneeseen muotoon<\/li>\n<li>lis\u00e4\u00e4 raudan imeytymist\u00e4<\/li>\n<\/ul>\n<p>&nbsp;<\/p>\n<p>&nbsp;<\/p>\n","protected":false},"excerpt":{"rendered":"<p>Jokainen kapseli sis\u00e4lt\u00e4\u00e4 500 mg happoneutraalia C-vitamiinia sek\u00e4 acerolaa ja camu-camua.<\/p>\n<p>Niille, jotka haluavat tukea immuunij\u00e4rjestelm\u00e4\u00e4, parantaa ihon kuntoa ja saada lis\u00e4\u00e4 energiaa p\u00e4ivitt\u00e4isen C-vitamiinin tarpeen t\u00e4ytt\u00e4miseksi.<\/p>\n<p><strong>60 kapselia<\/strong><\/p>\n","protected":false},"featured_media":13899,"comment_status":"open","ping_status":"closed","template":"","meta":{"_acf_changed":false,"inline_featured_image":false,"_kad_blocks_custom_css":"","_kad_blocks_head_custom_js":"","_kad_blocks_body_custom_js":"","_kad_blocks_footer_custom_js":"","_kadence_starter_templates_imported_post":false,"_kad_post_transparent":"default","_kad_post_title":"","_kad_post_layout":"default","_kad_post_sidebar_id":"","_kad_post_content_style":"default","_kad_post_vertical_padding":"default","_kad_post_feature":"","_kad_post_feature_position":"","_kad_post_header":false,"_kad_post_footer":false},"product_brand":[],"product_cat":[96,526,5963,2357],"product_tag":[1119,1062,412,431,464,3009,1591,1467,2949,2948,2950,2938,2907,1290,3059,1338,1275,1326,3070,3072,2920,507,2968,498,2904,2913,3144,2944,1352,1349,3167,2942,3201,1335,2911,519,517,1150,2902,2974,1262,520,522],"class_list":{"0":"post-1886","1":"product","2":"type-product","3":"status-publish","4":"has-post-thumbnail","6":"product_cat-vitaminer-fi","7":"product_cat-c-vitamin-fi","8":"product_cat-synergos-fi","9":"product_cat-immunforsvar-fi","10":"product_tag-allergiat","11":"product_tag-amalgaamivaurioita","12":"product_tag-antioksidantti","13":"product_tag-c500-fi","14":"product_tag-camu-fi","15":"product_tag-energiapuute","16":"product_tag-hampaiden-menetys","17":"product_tag-heikentynyt-immuunijarjestelma","18":"product_tag-heikentynyt-sapen-tuotanto-fi-2","19":"product_tag-heikentynyt-sapen-tuotanto","20":"product_tag-heikentynyt-tyrosiinin-aineenvaihdunta","21":"product_tag-huono-haavojen-paraneminen","22":"product_tag-huonot-hampaat","23":"product_tag-iho-ongelmia-fi","24":"product_tag-ihosairaudet","25":"product_tag-influenssa","26":"product_tag-kaihi","27":"product_tag-kohonnut-verenpaine","28":"product_tag-kollageeni","29":"product_tag-kuparin-myrkyllisyys","30":"product_tag-kurkkumata","31":"product_tag-lisaa-vastustuskykya","32":"product_tag-lisamunuaisen-vajaatoiminta","33":"product_tag-luontais-lisaravinne","34":"product_tag-masennus-fi","35":"product_tag-nivelongelma","36":"product_tag-oksidatiivinen-stressi-fi-2","37":"product_tag-pahoinvointi","38":"product_tag-raudan-myrkyllisyys","39":"product_tag-raudanpuuteanemia","40":"product_tag-sairastumisen-tunne","41":"product_tag-sydan-ja-verisuoniongelmat","42":"product_tag-toistuva-tulehdus","43":"product_tag-tulehduksia","44":"product_tag-tunnetilalliset-ongelmat","45":"product_tag-uupumus","46":"product_tag-vasymys","47":"product_tag-valtimoiden-jaykkyys","48":"product_tag-veritulppa","49":"product_tag-vertavuotava-ien","50":"product_tag-vilustuminen-fi","51":"product_tag-vitamiini","52":"product_tag-vitamiinit","54":"first","55":"instock","56":"taxable","57":"shipping-taxable","58":"purchasable","59":"product-type-simple","60":"entry","61":"content-bg","62":"loop-entry"},"acf":[],"yoast_head":"<!-- This site is optimized with the Yoast SEO plugin v25.8 - https:\/\/yoast.com\/wordpress\/plugins\/seo\/ -->\n<title>C-Vitamiini - C500 Camu Camu - Reviva<\/title>\n<meta name=\"description\" content=\"C-Vitamiini - C500 Camu Camu. sis\u00e4lt\u00e4\u00e4 runsaasti C-vitamiinia ja muita ravintoaineita. Tukee kollageenin tuotantoa sek\u00e4 omaa antioksidanttisia ominaisuuksia\" \/>\n<meta name=\"robots\" content=\"index, follow, max-snippet:-1, max-image-preview:large, max-video-preview:-1\" \/>\n<link rel=\"canonical\" href=\"https:\/\/reviva.fi\/fi\/tuote\/c500-camu-camu\/\" \/>\n<meta property=\"og:locale\" content=\"fi_FI\" \/>\n<meta property=\"og:type\" content=\"article\" \/>\n<meta property=\"og:title\" content=\"C-Vitamiini - C500 Camu Camu - Reviva\" \/>\n<meta property=\"og:description\" content=\"C-Vitamiini - C500 Camu Camu. sis\u00e4lt\u00e4\u00e4 runsaasti C-vitamiinia ja muita ravintoaineita. Tukee kollageenin tuotantoa sek\u00e4 omaa antioksidanttisia ominaisuuksia\" \/>\n<meta property=\"og:url\" content=\"https:\/\/reviva.fi\/fi\/tuote\/c500-camu-camu\/\" \/>\n<meta property=\"og:site_name\" content=\"Reviva\" \/>\n<meta property=\"article:modified_time\" content=\"2026-01-28T11:55:20+00:00\" \/>\n<meta property=\"og:image\" content=\"https:\/\/reviva.fi\/wp-content\/uploads\/2021\/04\/432-Camu-Camu-Photoroom-e1771312484781.png\" \/>\n\t<meta property=\"og:image:width\" content=\"2000\" \/>\n\t<meta property=\"og:image:height\" content=\"1333\" \/>\n\t<meta property=\"og:image:type\" content=\"image\/png\" \/>\n<meta name=\"twitter:card\" content=\"summary_large_image\" \/>\n<script type=\"application\/ld+json\" class=\"yoast-schema-graph\">{\"@context\":\"https:\/\/schema.org\",\"@graph\":[{\"@type\":\"WebPage\",\"@id\":\"https:\/\/reviva.fi\/fi\/tuote\/c500-camu-camu\/\",\"url\":\"https:\/\/reviva.fi\/fi\/tuote\/c500-camu-camu\/\",\"name\":\"C-Vitamiini - C500 Camu Camu - Reviva\",\"isPartOf\":{\"@id\":\"https:\/\/reviva.fi\/fi\/#website\"},\"primaryImageOfPage\":{\"@id\":\"https:\/\/reviva.fi\/fi\/tuote\/c500-camu-camu\/#primaryimage\"},\"image\":{\"@id\":\"https:\/\/reviva.fi\/fi\/tuote\/c500-camu-camu\/#primaryimage\"},\"thumbnailUrl\":\"https:\/\/reviva.fi\/wp-content\/uploads\/2021\/04\/432-Camu-Camu-Photoroom-e1771312484781.png\",\"datePublished\":\"2021-04-16T08:31:29+00:00\",\"dateModified\":\"2026-01-28T11:55:20+00:00\",\"description\":\"C-Vitamiini - C500 Camu Camu. sis\u00e4lt\u00e4\u00e4 runsaasti C-vitamiinia ja muita ravintoaineita. Tukee kollageenin tuotantoa sek\u00e4 omaa antioksidanttisia ominaisuuksia\",\"breadcrumb\":{\"@id\":\"https:\/\/reviva.fi\/fi\/tuote\/c500-camu-camu\/#breadcrumb\"},\"inLanguage\":\"fi\",\"potentialAction\":[{\"@type\":\"ReadAction\",\"target\":[\"https:\/\/reviva.fi\/fi\/tuote\/c500-camu-camu\/\"]}]},{\"@type\":\"ImageObject\",\"inLanguage\":\"fi\",\"@id\":\"https:\/\/reviva.fi\/fi\/tuote\/c500-camu-camu\/#primaryimage\",\"url\":\"https:\/\/reviva.fi\/wp-content\/uploads\/2021\/04\/432-Camu-Camu-Photoroom-e1771312484781.png\",\"contentUrl\":\"https:\/\/reviva.fi\/wp-content\/uploads\/2021\/04\/432-Camu-Camu-Photoroom-e1771312484781.png\",\"width\":2000,\"height\":1333,\"caption\":\"C500 Camu Camu\"},{\"@type\":\"BreadcrumbList\",\"@id\":\"https:\/\/reviva.fi\/fi\/tuote\/c500-camu-camu\/#breadcrumb\",\"itemListElement\":[{\"@type\":\"ListItem\",\"position\":1,\"name\":\"Etusivu\",\"item\":\"https:\/\/reviva.fi\/fi\/\"},{\"@type\":\"ListItem\",\"position\":2,\"name\":\"Tuotteet\",\"item\":\"https:\/\/reviva.fi\/produkter\/\"},{\"@type\":\"ListItem\",\"position\":3,\"name\":\"C-Vitamiini &#8211; C500 Camu Camu\"}]},{\"@type\":\"WebSite\",\"@id\":\"https:\/\/reviva.fi\/fi\/#website\",\"url\":\"https:\/\/reviva.fi\/fi\/\",\"name\":\"Reviva\",\"description\":\"\",\"publisher\":{\"@id\":\"https:\/\/reviva.fi\/fi\/#organization\"},\"potentialAction\":[{\"@type\":\"SearchAction\",\"target\":{\"@type\":\"EntryPoint\",\"urlTemplate\":\"https:\/\/reviva.fi\/fi\/?s={search_term_string}\"},\"query-input\":{\"@type\":\"PropertyValueSpecification\",\"valueRequired\":true,\"valueName\":\"search_term_string\"}}],\"inLanguage\":\"fi\"},{\"@type\":\"Organization\",\"@id\":\"https:\/\/reviva.fi\/fi\/#organization\",\"name\":\"Reviva\",\"url\":\"https:\/\/reviva.fi\/fi\/\",\"logo\":{\"@type\":\"ImageObject\",\"inLanguage\":\"fi\",\"@id\":\"https:\/\/reviva.fi\/fi\/#\/schema\/logo\/image\/\",\"url\":\"https:\/\/reviva.fi\/wp-content\/uploads\/2023\/10\/reviva-logo2.svg\",\"contentUrl\":\"https:\/\/reviva.fi\/wp-content\/uploads\/2023\/10\/reviva-logo2.svg\",\"caption\":\"Reviva\"},\"image\":{\"@id\":\"https:\/\/reviva.fi\/fi\/#\/schema\/logo\/image\/\"}}]}<\/script>\n<meta property=\"product:price:amount\" content=\"16.92\" \/>\n<meta property=\"product:price:currency\" content=\"EUR\" \/>\n<meta property=\"og:availability\" content=\"instock\" \/>\n<meta property=\"product:availability\" content=\"instock\" \/>\n<meta property=\"product:retailer_item_id\" content=\"432\" \/>\n<meta property=\"product:condition\" content=\"new\" \/>\n<!-- \/ Yoast SEO plugin. -->","yoast_head_json":{"title":"C-Vitamiini - C500 Camu Camu - Reviva","description":"C-Vitamiini - C500 Camu Camu. sis\u00e4lt\u00e4\u00e4 runsaasti C-vitamiinia ja muita ravintoaineita. Tukee kollageenin tuotantoa sek\u00e4 omaa antioksidanttisia ominaisuuksia","robots":{"index":"index","follow":"follow","max-snippet":"max-snippet:-1","max-image-preview":"max-image-preview:large","max-video-preview":"max-video-preview:-1"},"canonical":"https:\/\/reviva.fi\/fi\/tuote\/c500-camu-camu\/","og_locale":"fi_FI","og_type":"article","og_title":"C-Vitamiini - C500 Camu Camu - Reviva","og_description":"C-Vitamiini - C500 Camu Camu. sis\u00e4lt\u00e4\u00e4 runsaasti C-vitamiinia ja muita ravintoaineita. Tukee kollageenin tuotantoa sek\u00e4 omaa antioksidanttisia ominaisuuksia","og_url":"https:\/\/reviva.fi\/fi\/tuote\/c500-camu-camu\/","og_site_name":"Reviva","article_modified_time":"2026-01-28T11:55:20+00:00","og_image":[{"width":2000,"height":1333,"url":"https:\/\/reviva.fi\/wp-content\/uploads\/2021\/04\/432-Camu-Camu-Photoroom-e1771312484781.png","type":"image\/png"}],"twitter_card":"summary_large_image","schema":{"@context":"https:\/\/schema.org","@graph":[{"@type":"WebPage","@id":"https:\/\/reviva.fi\/fi\/tuote\/c500-camu-camu\/","url":"https:\/\/reviva.fi\/fi\/tuote\/c500-camu-camu\/","name":"C-Vitamiini - C500 Camu Camu - Reviva","isPartOf":{"@id":"https:\/\/reviva.fi\/fi\/#website"},"primaryImageOfPage":{"@id":"https:\/\/reviva.fi\/fi\/tuote\/c500-camu-camu\/#primaryimage"},"image":{"@id":"https:\/\/reviva.fi\/fi\/tuote\/c500-camu-camu\/#primaryimage"},"thumbnailUrl":"https:\/\/reviva.fi\/wp-content\/uploads\/2021\/04\/432-Camu-Camu-Photoroom-e1771312484781.png","datePublished":"2021-04-16T08:31:29+00:00","dateModified":"2026-01-28T11:55:20+00:00","description":"C-Vitamiini - C500 Camu Camu. sis\u00e4lt\u00e4\u00e4 runsaasti C-vitamiinia ja muita ravintoaineita. Tukee kollageenin tuotantoa sek\u00e4 omaa antioksidanttisia ominaisuuksia","breadcrumb":{"@id":"https:\/\/reviva.fi\/fi\/tuote\/c500-camu-camu\/#breadcrumb"},"inLanguage":"fi","potentialAction":[{"@type":"ReadAction","target":["https:\/\/reviva.fi\/fi\/tuote\/c500-camu-camu\/"]}]},{"@type":"ImageObject","inLanguage":"fi","@id":"https:\/\/reviva.fi\/fi\/tuote\/c500-camu-camu\/#primaryimage","url":"https:\/\/reviva.fi\/wp-content\/uploads\/2021\/04\/432-Camu-Camu-Photoroom-e1771312484781.png","contentUrl":"https:\/\/reviva.fi\/wp-content\/uploads\/2021\/04\/432-Camu-Camu-Photoroom-e1771312484781.png","width":2000,"height":1333,"caption":"C500 Camu Camu"},{"@type":"BreadcrumbList","@id":"https:\/\/reviva.fi\/fi\/tuote\/c500-camu-camu\/#breadcrumb","itemListElement":[{"@type":"ListItem","position":1,"name":"Etusivu","item":"https:\/\/reviva.fi\/fi\/"},{"@type":"ListItem","position":2,"name":"Tuotteet","item":"https:\/\/reviva.fi\/produkter\/"},{"@type":"ListItem","position":3,"name":"C-Vitamiini &#8211; C500 Camu Camu"}]},{"@type":"WebSite","@id":"https:\/\/reviva.fi\/fi\/#website","url":"https:\/\/reviva.fi\/fi\/","name":"Reviva","description":"","publisher":{"@id":"https:\/\/reviva.fi\/fi\/#organization"},"potentialAction":[{"@type":"SearchAction","target":{"@type":"EntryPoint","urlTemplate":"https:\/\/reviva.fi\/fi\/?s={search_term_string}"},"query-input":{"@type":"PropertyValueSpecification","valueRequired":true,"valueName":"search_term_string"}}],"inLanguage":"fi"},{"@type":"Organization","@id":"https:\/\/reviva.fi\/fi\/#organization","name":"Reviva","url":"https:\/\/reviva.fi\/fi\/","logo":{"@type":"ImageObject","inLanguage":"fi","@id":"https:\/\/reviva.fi\/fi\/#\/schema\/logo\/image\/","url":"https:\/\/reviva.fi\/wp-content\/uploads\/2023\/10\/reviva-logo2.svg","contentUrl":"https:\/\/reviva.fi\/wp-content\/uploads\/2023\/10\/reviva-logo2.svg","caption":"Reviva"},"image":{"@id":"https:\/\/reviva.fi\/fi\/#\/schema\/logo\/image\/"}}]},"product_price_amount":"16.92","product_price_currency":"EUR","og_availability":"instock","product_availability":"instock","product_retailer_item_id":"432","product_condition":"new"},"taxonomy_info":{"product_cat":[{"value":96,"label":"Vitamiinit"},{"value":526,"label":"C-vitamiini"},{"value":5963,"label":"Synergos"},{"value":2357,"label":"Immuunipuolustus"}],"product_tag":[{"value":1119,"label":"allergiat"},{"value":1062,"label":"Amalgaamivaurioita"},{"value":412,"label":"antioksidantti"},{"value":431,"label":"c500"},{"value":464,"label":"camu"},{"value":3009,"label":"Energiapuute"},{"value":1591,"label":"hampaiden menetys"},{"value":1467,"label":"heikentynyt immuunij\u00e4rjestelm\u00e4"},{"value":2949,"label":"Heikentynyt sapen tuotanto"},{"value":2948,"label":"Heikentynyt sapen tuotanto"},{"value":2950,"label":"heikentynyt tyrosiinin aineenvaihdunta"},{"value":2938,"label":"Huono haavojen paraneminen"},{"value":2907,"label":"Huonot hampaat"},{"value":1290,"label":"iho-ongelmia"},{"value":3059,"label":"ihosairaudet"},{"value":1338,"label":"influenssa"},{"value":1275,"label":"kaihi"},{"value":1326,"label":"kohonnut verenpaine"},{"value":3070,"label":"Kollageeni"},{"value":3072,"label":"Kuparin myrkyllisyys"},{"value":2920,"label":"Kurkkum\u00e4t\u00e4"},{"value":507,"label":"lis\u00e4\u00e4 vastustuskyky\u00e4"},{"value":2968,"label":"Lis\u00e4munuaisen vajaatoiminta"},{"value":498,"label":"luontais lis\u00e4ravinne"},{"value":2904,"label":"Masennus"},{"value":2913,"label":"Nivelongelma"},{"value":3144,"label":"oksidatiivinen stressi"},{"value":2944,"label":"Pahoinvointi"},{"value":1352,"label":"raudan myrkyllisyys"},{"value":1349,"label":"raudanpuuteanemia"},{"value":3167,"label":"Sairastumisen tunne"},{"value":2942,"label":"Syd\u00e4n- ja verisuoniongelmat"},{"value":3201,"label":"Toistuva tulehdus"},{"value":1335,"label":"tulehduksia"},{"value":2911,"label":"Tunnetilalliset ongelmat"},{"value":519,"label":"uupumus"},{"value":517,"label":"v\u00e4symys"},{"value":1150,"label":"valtimoiden j\u00e4ykkyys"},{"value":2902,"label":"Veritulppa"},{"value":2974,"label":"Vertavuotava ien"},{"value":1262,"label":"vilustuminen"},{"value":520,"label":"vitamiini"},{"value":522,"label":"vitamiinit"}]},"featured_image_src_large":["https:\/\/reviva.fi\/wp-content\/uploads\/2021\/04\/432-Camu-Camu-Photoroom-1024x682.png",1024,682,true],"author_info":[],"comment_info":0,"_links":{"self":[{"href":"https:\/\/reviva.fi\/fi\/wp-json\/wp\/v2\/product\/1886","targetHints":{"allow":["GET"]}}],"collection":[{"href":"https:\/\/reviva.fi\/fi\/wp-json\/wp\/v2\/product"}],"about":[{"href":"https:\/\/reviva.fi\/fi\/wp-json\/wp\/v2\/types\/product"}],"replies":[{"embeddable":true,"href":"https:\/\/reviva.fi\/fi\/wp-json\/wp\/v2\/comments?post=1886"}],"wp:featuredmedia":[{"embeddable":true,"href":"https:\/\/reviva.fi\/fi\/wp-json\/wp\/v2\/media\/13899"}],"wp:attachment":[{"href":"https:\/\/reviva.fi\/fi\/wp-json\/wp\/v2\/media?parent=1886"}],"wp:term":[{"taxonomy":"product_brand","embeddable":true,"href":"https:\/\/reviva.fi\/fi\/wp-json\/wp\/v2\/product_brand?post=1886"},{"taxonomy":"product_cat","embeddable":true,"href":"https:\/\/reviva.fi\/fi\/wp-json\/wp\/v2\/product_cat?post=1886"},{"taxonomy":"product_tag","embeddable":true,"href":"https:\/\/reviva.fi\/fi\/wp-json\/wp\/v2\/product_tag?post=1886"}],"curies":[{"name":"wp","href":"https:\/\/api.w.org\/{rel}","templated":true}]}}