{"id":1950,"date":"2021-04-15T12:46:26","date_gmt":"2021-04-15T09:46:26","guid":{"rendered":"https:\/\/reviva.fi\/product\/radix-astragalus\/"},"modified":"2026-03-26T13:22:15","modified_gmt":"2026-03-26T11:22:15","slug":"radix-astragalus","status":"publish","type":"product","link":"https:\/\/reviva.fi\/fi\/tuote\/radix-astragalus\/","title":{"rendered":"Radix Astragalus"},"content":{"rendered":"<p data-start=\"366\" data-end=\"629\">Radix Astragalus, eli astragalusjuuri, on perinteinen kasvi, jota on k\u00e4ytetty vuosisatojen ajan kiinalaisessa yrttiperinteess\u00e4. Se tunnetaan luonnollisista kasviaineistaan ja on nyky\u00e4\u00e4n suosittu ravintolis\u00e4 osana tasapainoista ja hyvinvointia tukevaa el\u00e4m\u00e4ntapaa.<\/p>\n<p data-start=\"631\" data-end=\"857\">Kapselimuoto tekee astragalusjuuren k\u00e4yt\u00f6st\u00e4 helppoa ja vaivatonta. Se sopii erinomaisesti sinulle, joka haluat sis\u00e4llytt\u00e4\u00e4 perinteisi\u00e4 yrttej\u00e4 osaksi arkeasi modernilla ja k\u00e4yt\u00e4nn\u00f6llisell\u00e4 tavalla.<\/p>\n<p data-start=\"859\" data-end=\"1009\" data-is-last-node=\"\" data-is-only-node=\"\">Radix Astragalus yhdist\u00e4\u00e4 perinteisen kasvitiedon ja nykyaikaisen helppok\u00e4ytt\u00f6isyyden \u2013 luonnollinen, kasvipohjainen lis\u00e4 p\u00e4ivitt\u00e4iseen hyvinvointiin.<\/p>\n","protected":false},"excerpt":{"rendered":"<p>Radix Astragalus (astragalusjuuri) on perinteinen kasvipohjainen ravintolis\u00e4, jolla on pitk\u00e4 historia kiinalaisessa yrttiperinteess\u00e4. Kapselimuodossa se on helppo ja vaivaton osa p\u00e4ivitt\u00e4ist\u00e4 rutiinia. Luonnollinen valinta tasapainoista el\u00e4m\u00e4ntapaa tukemaan.<\/p>\n<p><strong>60 kapselia<\/strong><\/p>\n<p>&nbsp;<\/p>\n","protected":false},"featured_media":13908,"comment_status":"open","ping_status":"closed","template":"","meta":{"_acf_changed":false,"inline_featured_image":false,"_kad_blocks_custom_css":"","_kad_blocks_head_custom_js":"","_kad_blocks_body_custom_js":"","_kad_blocks_footer_custom_js":"","_kadence_starter_templates_imported_post":false,"_kad_post_transparent":"default","_kad_post_title":"","_kad_post_layout":"default","_kad_post_sidebar_id":"","_kad_post_content_style":"default","_kad_post_vertical_padding":"default","_kad_post_feature":"","_kad_post_feature_position":"","_kad_post_header":false,"_kad_post_footer":false},"product_brand":[],"product_cat":[141,5963,2387,2357],"product_tag":[],"class_list":{"0":"post-1950","1":"product","2":"type-product","3":"status-publish","4":"has-post-thumbnail","6":"product_cat-orter-fi","7":"product_cat-synergos-fi","8":"product_cat-mage-och-tarm-fi","9":"product_cat-immunforsvar-fi","11":"first","12":"instock","13":"taxable","14":"shipping-taxable","15":"purchasable","16":"product-type-simple","17":"entry","18":"content-bg","19":"loop-entry"},"acf":[],"yoast_head":"<!-- This site is optimized with the Yoast SEO plugin v25.8 - https:\/\/yoast.com\/wordpress\/plugins\/seo\/ -->\n<title>Radix Astragalus - Reviva<\/title>\n<meta name=\"description\" content=\"Radix Astragalus on yksi parhaista keuhkojen vahvistajista. Eritt\u00e4in hyv\u00e4 sairauksien j\u00e4lkeen toipumiseen sek\u00e4 keuhkojen ja hengitysteiden ongelmiin.\" \/>\n<meta name=\"robots\" content=\"index, follow, max-snippet:-1, max-image-preview:large, max-video-preview:-1\" \/>\n<link rel=\"canonical\" href=\"https:\/\/reviva.fi\/fi\/tuote\/radix-astragalus\/\" \/>\n<meta property=\"og:locale\" content=\"fi_FI\" \/>\n<meta property=\"og:type\" content=\"article\" \/>\n<meta property=\"og:title\" content=\"Radix Astragalus - Reviva\" \/>\n<meta property=\"og:description\" content=\"Radix Astragalus on yksi parhaista keuhkojen vahvistajista. Eritt\u00e4in hyv\u00e4 sairauksien j\u00e4lkeen toipumiseen sek\u00e4 keuhkojen ja hengitysteiden ongelmiin.\" \/>\n<meta property=\"og:url\" content=\"https:\/\/reviva.fi\/fi\/tuote\/radix-astragalus\/\" \/>\n<meta property=\"og:site_name\" content=\"Reviva\" \/>\n<meta property=\"article:modified_time\" content=\"2026-03-26T11:22:15+00:00\" \/>\n<meta property=\"og:image\" content=\"https:\/\/reviva.fi\/wp-content\/uploads\/2021\/04\/472-Radix-Astragalus-Photoroom-e1771325331349.png\" \/>\n\t<meta property=\"og:image:width\" content=\"2000\" \/>\n\t<meta property=\"og:image:height\" content=\"1333\" \/>\n\t<meta property=\"og:image:type\" content=\"image\/png\" \/>\n<meta name=\"twitter:card\" content=\"summary_large_image\" \/>\n<script type=\"application\/ld+json\" class=\"yoast-schema-graph\">{\"@context\":\"https:\/\/schema.org\",\"@graph\":[{\"@type\":\"WebPage\",\"@id\":\"https:\/\/reviva.fi\/fi\/tuote\/radix-astragalus\/\",\"url\":\"https:\/\/reviva.fi\/fi\/tuote\/radix-astragalus\/\",\"name\":\"Radix Astragalus - Reviva\",\"isPartOf\":{\"@id\":\"https:\/\/reviva.fi\/fi\/#website\"},\"primaryImageOfPage\":{\"@id\":\"https:\/\/reviva.fi\/fi\/tuote\/radix-astragalus\/#primaryimage\"},\"image\":{\"@id\":\"https:\/\/reviva.fi\/fi\/tuote\/radix-astragalus\/#primaryimage\"},\"thumbnailUrl\":\"https:\/\/reviva.fi\/wp-content\/uploads\/2021\/04\/472-Radix-Astragalus-Photoroom-e1771325331349.png\",\"datePublished\":\"2021-04-15T09:46:26+00:00\",\"dateModified\":\"2026-03-26T11:22:15+00:00\",\"description\":\"Radix Astragalus on yksi parhaista keuhkojen vahvistajista. Eritt\u00e4in hyv\u00e4 sairauksien j\u00e4lkeen toipumiseen sek\u00e4 keuhkojen ja hengitysteiden ongelmiin.\",\"breadcrumb\":{\"@id\":\"https:\/\/reviva.fi\/fi\/tuote\/radix-astragalus\/#breadcrumb\"},\"inLanguage\":\"fi\",\"potentialAction\":[{\"@type\":\"ReadAction\",\"target\":[\"https:\/\/reviva.fi\/fi\/tuote\/radix-astragalus\/\"]}]},{\"@type\":\"ImageObject\",\"inLanguage\":\"fi\",\"@id\":\"https:\/\/reviva.fi\/fi\/tuote\/radix-astragalus\/#primaryimage\",\"url\":\"https:\/\/reviva.fi\/wp-content\/uploads\/2021\/04\/472-Radix-Astragalus-Photoroom-e1771325331349.png\",\"contentUrl\":\"https:\/\/reviva.fi\/wp-content\/uploads\/2021\/04\/472-Radix-Astragalus-Photoroom-e1771325331349.png\",\"width\":2000,\"height\":1333,\"caption\":\"Radix Astragalus\"},{\"@type\":\"BreadcrumbList\",\"@id\":\"https:\/\/reviva.fi\/fi\/tuote\/radix-astragalus\/#breadcrumb\",\"itemListElement\":[{\"@type\":\"ListItem\",\"position\":1,\"name\":\"Etusivu\",\"item\":\"https:\/\/reviva.fi\/fi\/\"},{\"@type\":\"ListItem\",\"position\":2,\"name\":\"Tuotteet\",\"item\":\"https:\/\/reviva.fi\/produkter\/\"},{\"@type\":\"ListItem\",\"position\":3,\"name\":\"Radix Astragalus\"}]},{\"@type\":\"WebSite\",\"@id\":\"https:\/\/reviva.fi\/fi\/#website\",\"url\":\"https:\/\/reviva.fi\/fi\/\",\"name\":\"Reviva\",\"description\":\"\",\"publisher\":{\"@id\":\"https:\/\/reviva.fi\/fi\/#organization\"},\"potentialAction\":[{\"@type\":\"SearchAction\",\"target\":{\"@type\":\"EntryPoint\",\"urlTemplate\":\"https:\/\/reviva.fi\/fi\/?s={search_term_string}\"},\"query-input\":{\"@type\":\"PropertyValueSpecification\",\"valueRequired\":true,\"valueName\":\"search_term_string\"}}],\"inLanguage\":\"fi\"},{\"@type\":\"Organization\",\"@id\":\"https:\/\/reviva.fi\/fi\/#organization\",\"name\":\"Reviva\",\"url\":\"https:\/\/reviva.fi\/fi\/\",\"logo\":{\"@type\":\"ImageObject\",\"inLanguage\":\"fi\",\"@id\":\"https:\/\/reviva.fi\/fi\/#\/schema\/logo\/image\/\",\"url\":\"https:\/\/reviva.fi\/wp-content\/uploads\/2023\/10\/reviva-logo2.svg\",\"contentUrl\":\"https:\/\/reviva.fi\/wp-content\/uploads\/2023\/10\/reviva-logo2.svg\",\"caption\":\"Reviva\"},\"image\":{\"@id\":\"https:\/\/reviva.fi\/fi\/#\/schema\/logo\/image\/\"}}]}<\/script>\n<meta property=\"product:price:amount\" content=\"31.45\" \/>\n<meta property=\"product:price:currency\" content=\"EUR\" \/>\n<meta property=\"og:availability\" content=\"instock\" \/>\n<meta property=\"product:availability\" content=\"instock\" \/>\n<meta property=\"product:retailer_item_id\" content=\"472\" \/>\n<meta property=\"product:condition\" content=\"new\" \/>\n<!-- \/ Yoast SEO plugin. -->","yoast_head_json":{"title":"Radix Astragalus - Reviva","description":"Radix Astragalus on yksi parhaista keuhkojen vahvistajista. Eritt\u00e4in hyv\u00e4 sairauksien j\u00e4lkeen toipumiseen sek\u00e4 keuhkojen ja hengitysteiden ongelmiin.","robots":{"index":"index","follow":"follow","max-snippet":"max-snippet:-1","max-image-preview":"max-image-preview:large","max-video-preview":"max-video-preview:-1"},"canonical":"https:\/\/reviva.fi\/fi\/tuote\/radix-astragalus\/","og_locale":"fi_FI","og_type":"article","og_title":"Radix Astragalus - Reviva","og_description":"Radix Astragalus on yksi parhaista keuhkojen vahvistajista. Eritt\u00e4in hyv\u00e4 sairauksien j\u00e4lkeen toipumiseen sek\u00e4 keuhkojen ja hengitysteiden ongelmiin.","og_url":"https:\/\/reviva.fi\/fi\/tuote\/radix-astragalus\/","og_site_name":"Reviva","article_modified_time":"2026-03-26T11:22:15+00:00","og_image":[{"width":2000,"height":1333,"url":"https:\/\/reviva.fi\/wp-content\/uploads\/2021\/04\/472-Radix-Astragalus-Photoroom-e1771325331349.png","type":"image\/png"}],"twitter_card":"summary_large_image","schema":{"@context":"https:\/\/schema.org","@graph":[{"@type":"WebPage","@id":"https:\/\/reviva.fi\/fi\/tuote\/radix-astragalus\/","url":"https:\/\/reviva.fi\/fi\/tuote\/radix-astragalus\/","name":"Radix Astragalus - Reviva","isPartOf":{"@id":"https:\/\/reviva.fi\/fi\/#website"},"primaryImageOfPage":{"@id":"https:\/\/reviva.fi\/fi\/tuote\/radix-astragalus\/#primaryimage"},"image":{"@id":"https:\/\/reviva.fi\/fi\/tuote\/radix-astragalus\/#primaryimage"},"thumbnailUrl":"https:\/\/reviva.fi\/wp-content\/uploads\/2021\/04\/472-Radix-Astragalus-Photoroom-e1771325331349.png","datePublished":"2021-04-15T09:46:26+00:00","dateModified":"2026-03-26T11:22:15+00:00","description":"Radix Astragalus on yksi parhaista keuhkojen vahvistajista. Eritt\u00e4in hyv\u00e4 sairauksien j\u00e4lkeen toipumiseen sek\u00e4 keuhkojen ja hengitysteiden ongelmiin.","breadcrumb":{"@id":"https:\/\/reviva.fi\/fi\/tuote\/radix-astragalus\/#breadcrumb"},"inLanguage":"fi","potentialAction":[{"@type":"ReadAction","target":["https:\/\/reviva.fi\/fi\/tuote\/radix-astragalus\/"]}]},{"@type":"ImageObject","inLanguage":"fi","@id":"https:\/\/reviva.fi\/fi\/tuote\/radix-astragalus\/#primaryimage","url":"https:\/\/reviva.fi\/wp-content\/uploads\/2021\/04\/472-Radix-Astragalus-Photoroom-e1771325331349.png","contentUrl":"https:\/\/reviva.fi\/wp-content\/uploads\/2021\/04\/472-Radix-Astragalus-Photoroom-e1771325331349.png","width":2000,"height":1333,"caption":"Radix Astragalus"},{"@type":"BreadcrumbList","@id":"https:\/\/reviva.fi\/fi\/tuote\/radix-astragalus\/#breadcrumb","itemListElement":[{"@type":"ListItem","position":1,"name":"Etusivu","item":"https:\/\/reviva.fi\/fi\/"},{"@type":"ListItem","position":2,"name":"Tuotteet","item":"https:\/\/reviva.fi\/produkter\/"},{"@type":"ListItem","position":3,"name":"Radix Astragalus"}]},{"@type":"WebSite","@id":"https:\/\/reviva.fi\/fi\/#website","url":"https:\/\/reviva.fi\/fi\/","name":"Reviva","description":"","publisher":{"@id":"https:\/\/reviva.fi\/fi\/#organization"},"potentialAction":[{"@type":"SearchAction","target":{"@type":"EntryPoint","urlTemplate":"https:\/\/reviva.fi\/fi\/?s={search_term_string}"},"query-input":{"@type":"PropertyValueSpecification","valueRequired":true,"valueName":"search_term_string"}}],"inLanguage":"fi"},{"@type":"Organization","@id":"https:\/\/reviva.fi\/fi\/#organization","name":"Reviva","url":"https:\/\/reviva.fi\/fi\/","logo":{"@type":"ImageObject","inLanguage":"fi","@id":"https:\/\/reviva.fi\/fi\/#\/schema\/logo\/image\/","url":"https:\/\/reviva.fi\/wp-content\/uploads\/2023\/10\/reviva-logo2.svg","contentUrl":"https:\/\/reviva.fi\/wp-content\/uploads\/2023\/10\/reviva-logo2.svg","caption":"Reviva"},"image":{"@id":"https:\/\/reviva.fi\/fi\/#\/schema\/logo\/image\/"}}]},"product_price_amount":"31.45","product_price_currency":"EUR","og_availability":"instock","product_availability":"instock","product_retailer_item_id":"472","product_condition":"new"},"taxonomy_info":{"product_cat":[{"value":141,"label":"Yrtit"},{"value":5963,"label":"Synergos"},{"value":2387,"label":"Maha &amp; Suolisto"},{"value":2357,"label":"Immuunipuolustus"}]},"featured_image_src_large":["https:\/\/reviva.fi\/wp-content\/uploads\/2021\/04\/472-Radix-Astragalus-Photoroom-1024x682.png",1024,682,true],"author_info":[],"comment_info":0,"_links":{"self":[{"href":"https:\/\/reviva.fi\/fi\/wp-json\/wp\/v2\/product\/1950","targetHints":{"allow":["GET"]}}],"collection":[{"href":"https:\/\/reviva.fi\/fi\/wp-json\/wp\/v2\/product"}],"about":[{"href":"https:\/\/reviva.fi\/fi\/wp-json\/wp\/v2\/types\/product"}],"replies":[{"embeddable":true,"href":"https:\/\/reviva.fi\/fi\/wp-json\/wp\/v2\/comments?post=1950"}],"wp:featuredmedia":[{"embeddable":true,"href":"https:\/\/reviva.fi\/fi\/wp-json\/wp\/v2\/media\/13908"}],"wp:attachment":[{"href":"https:\/\/reviva.fi\/fi\/wp-json\/wp\/v2\/media?parent=1950"}],"wp:term":[{"taxonomy":"product_brand","embeddable":true,"href":"https:\/\/reviva.fi\/fi\/wp-json\/wp\/v2\/product_brand?post=1950"},{"taxonomy":"product_cat","embeddable":true,"href":"https:\/\/reviva.fi\/fi\/wp-json\/wp\/v2\/product_cat?post=1950"},{"taxonomy":"product_tag","embeddable":true,"href":"https:\/\/reviva.fi\/fi\/wp-json\/wp\/v2\/product_tag?post=1950"}],"curies":[{"name":"wp","href":"https:\/\/api.w.org\/{rel}","templated":true}]}}