{"id":1953,"date":"2021-04-15T13:11:33","date_gmt":"2021-04-15T10:11:33","guid":{"rendered":"https:\/\/reviva.fi\/product\/betain-pepsin\/"},"modified":"2026-01-23T12:06:49","modified_gmt":"2026-01-23T10:06:49","slug":"betapepsin","status":"publish","type":"product","link":"https:\/\/reviva.fi\/fi\/tuote\/betapepsin\/","title":{"rendered":"BetaPepsin"},"content":{"rendered":"<p><strong>Betaiini &amp; Pepsiini<\/strong><\/p>\n<p>Betaiini HCL &amp;\u00a0 Pepsiini on kapselimuodossa oleva tuki ruoansulatukselle, joka edist\u00e4\u00e4 proteiinien pilkkoutumista ja vatsahappojen muodostumista.<\/p>\n<p>&nbsp;<\/p>\n","protected":false},"excerpt":{"rendered":"<p>Betaiini HCL &amp;\u00a0 Pepsiini on kapselimuodossa oleva tuki ruoansulatukselle, joka edist\u00e4\u00e4 proteiinien pilkkoutumista ja vatsahappojen muodostumista.<\/p>\n<p><strong>60 kapselia<\/strong><\/p>\n","protected":false},"featured_media":12029,"comment_status":"open","ping_status":"closed","template":"","meta":{"_acf_changed":false,"inline_featured_image":false,"_kad_blocks_custom_css":"","_kad_blocks_head_custom_js":"","_kad_blocks_body_custom_js":"","_kad_blocks_footer_custom_js":"","_kadence_starter_templates_imported_post":false,"_kad_post_transparent":"default","_kad_post_title":"","_kad_post_layout":"default","_kad_post_sidebar_id":"","_kad_post_content_style":"default","_kad_post_vertical_padding":"default","_kad_post_feature":"","_kad_post_feature_position":"","_kad_post_header":false,"_kad_post_footer":false},"product_brand":[],"product_cat":[5977,2505,5963,2387],"product_tag":[1583,1125,1154,1180,1194,1573,1472,1330,1382,1292,1269,1195,1545,1415,1469,1526,1328,1503,1124,1221,1256,1257,1424,1268,1575,1342,1493,1543,1537,1536,1609,1263,1601,1624,1419],"class_list":{"0":"post-1953","1":"product","2":"type-product","3":"status-publish","4":"has-post-thumbnail","6":"product_cat-matsmaltningsenzymer-fi","7":"product_cat-ovriga-kosttillskott-fi","8":"product_cat-synergos-fi","9":"product_cat-mage-och-tarm-fi","10":"product_tag-alentaa-homokysteiinia","11":"product_tag-anemia","12":"product_tag-astma-fi","13":"product_tag-betaiini","14":"product_tag-foolihapon-puute","15":"product_tag-hapan-refluksi","16":"product_tag-heikentynyt-pepsiinin-synteesi","17":"product_tag-heinanuha","18":"product_tag-herkkyys-erilaisille-rasvoille","19":"product_tag-hypokalemia","20":"product_tag-kaasun-muodostuminen","21":"product_tag-kaliumin-puute","22":"product_tag-kilpirauhasen-sairaudet","23":"product_tag-loysa-vatsa-aamulla","24":"product_tag-metylaation-vaikutus","25":"product_tag-nivelreuma","26":"product_tag-nostaa-ldl-kolesterolia","27":"product_tag-pepsiini","28":"product_tag-peraaukon-kutina","29":"product_tag-ripuli","30":"product_tag-ruoka-allergiat","31":"product_tag-ruoka-intoleranssi","32":"product_tag-ruoka-intoleranssi-fi","33":"product_tag-sappikivi","34":"product_tag-sieni-tulehdus","35":"product_tag-sisakorvan-tulehdus","36":"product_tag-sulamaton-ruoka-ulosteessa","37":"product_tag-suojaa-maksaa","38":"product_tag-suolahapon-puute","39":"product_tag-suolahappo","40":"product_tag-turvotus-fi","41":"product_tag-ummetus","42":"product_tag-vasymys-syomisen-jalkeen","43":"product_tag-valtimotauti","44":"product_tag-vatsakipua-ruokailun-jalkeen","46":"first","47":"instock","48":"taxable","49":"shipping-taxable","50":"purchasable","51":"product-type-simple","52":"entry","53":"content-bg","54":"loop-entry"},"acf":[],"yoast_head":"<!-- This site is optimized with the Yoast SEO plugin v25.8 - https:\/\/yoast.com\/wordpress\/plugins\/seo\/ -->\n<title>BetaPepsin - Reviva<\/title>\n<meta name=\"description\" content=\"BetaPepsin - Betaiini\u00a0&amp; Pepsiini on kapselimuodossa oleva tuki ruoansulatukselle, joka edist\u00e4\u00e4 proteiinien pilkkoutumista ja vatsahappojen muodostumista.\" \/>\n<meta name=\"robots\" content=\"index, follow, max-snippet:-1, max-image-preview:large, max-video-preview:-1\" \/>\n<link rel=\"canonical\" href=\"https:\/\/reviva.fi\/fi\/tuote\/betapepsin\/\" \/>\n<meta property=\"og:locale\" content=\"fi_FI\" \/>\n<meta property=\"og:type\" content=\"article\" \/>\n<meta property=\"og:title\" content=\"BetaPepsin - Reviva\" \/>\n<meta property=\"og:description\" content=\"BetaPepsin - Betaiini\u00a0&amp; Pepsiini on kapselimuodossa oleva tuki ruoansulatukselle, joka edist\u00e4\u00e4 proteiinien pilkkoutumista ja vatsahappojen muodostumista.\" \/>\n<meta property=\"og:url\" content=\"https:\/\/reviva.fi\/fi\/tuote\/betapepsin\/\" \/>\n<meta property=\"og:site_name\" content=\"Reviva\" \/>\n<meta property=\"article:modified_time\" content=\"2026-01-23T10:06:49+00:00\" \/>\n<meta property=\"og:image\" content=\"https:\/\/reviva.fi\/wp-content\/uploads\/2021\/04\/Beta-Pepsin-126-Photoroom-e1747375782150.png\" \/>\n\t<meta property=\"og:image:width\" content=\"2000\" \/>\n\t<meta property=\"og:image:height\" content=\"1333\" \/>\n\t<meta property=\"og:image:type\" content=\"image\/png\" \/>\n<meta name=\"twitter:card\" content=\"summary_large_image\" \/>\n<script type=\"application\/ld+json\" class=\"yoast-schema-graph\">{\"@context\":\"https:\/\/schema.org\",\"@graph\":[{\"@type\":\"WebPage\",\"@id\":\"https:\/\/reviva.fi\/fi\/tuote\/betapepsin\/\",\"url\":\"https:\/\/reviva.fi\/fi\/tuote\/betapepsin\/\",\"name\":\"BetaPepsin - Reviva\",\"isPartOf\":{\"@id\":\"https:\/\/reviva.fi\/fi\/#website\"},\"primaryImageOfPage\":{\"@id\":\"https:\/\/reviva.fi\/fi\/tuote\/betapepsin\/#primaryimage\"},\"image\":{\"@id\":\"https:\/\/reviva.fi\/fi\/tuote\/betapepsin\/#primaryimage\"},\"thumbnailUrl\":\"https:\/\/reviva.fi\/wp-content\/uploads\/2021\/04\/Beta-Pepsin-126-Photoroom-e1747375782150.png\",\"datePublished\":\"2021-04-15T10:11:33+00:00\",\"dateModified\":\"2026-01-23T10:06:49+00:00\",\"description\":\"BetaPepsin - Betaiini\u00a0& Pepsiini on kapselimuodossa oleva tuki ruoansulatukselle, joka edist\u00e4\u00e4 proteiinien pilkkoutumista ja vatsahappojen muodostumista.\",\"breadcrumb\":{\"@id\":\"https:\/\/reviva.fi\/fi\/tuote\/betapepsin\/#breadcrumb\"},\"inLanguage\":\"fi\",\"potentialAction\":[{\"@type\":\"ReadAction\",\"target\":[\"https:\/\/reviva.fi\/fi\/tuote\/betapepsin\/\"]}]},{\"@type\":\"ImageObject\",\"inLanguage\":\"fi\",\"@id\":\"https:\/\/reviva.fi\/fi\/tuote\/betapepsin\/#primaryimage\",\"url\":\"https:\/\/reviva.fi\/wp-content\/uploads\/2021\/04\/Beta-Pepsin-126-Photoroom-e1747375782150.png\",\"contentUrl\":\"https:\/\/reviva.fi\/wp-content\/uploads\/2021\/04\/Beta-Pepsin-126-Photoroom-e1747375782150.png\",\"width\":2000,\"height\":1333,\"caption\":\"Betain HCL\"},{\"@type\":\"BreadcrumbList\",\"@id\":\"https:\/\/reviva.fi\/fi\/tuote\/betapepsin\/#breadcrumb\",\"itemListElement\":[{\"@type\":\"ListItem\",\"position\":1,\"name\":\"Etusivu\",\"item\":\"https:\/\/reviva.fi\/fi\/\"},{\"@type\":\"ListItem\",\"position\":2,\"name\":\"Tuotteet\",\"item\":\"https:\/\/reviva.fi\/produkter\/\"},{\"@type\":\"ListItem\",\"position\":3,\"name\":\"BetaPepsin\"}]},{\"@type\":\"WebSite\",\"@id\":\"https:\/\/reviva.fi\/fi\/#website\",\"url\":\"https:\/\/reviva.fi\/fi\/\",\"name\":\"Reviva\",\"description\":\"\",\"publisher\":{\"@id\":\"https:\/\/reviva.fi\/fi\/#organization\"},\"potentialAction\":[{\"@type\":\"SearchAction\",\"target\":{\"@type\":\"EntryPoint\",\"urlTemplate\":\"https:\/\/reviva.fi\/fi\/?s={search_term_string}\"},\"query-input\":{\"@type\":\"PropertyValueSpecification\",\"valueRequired\":true,\"valueName\":\"search_term_string\"}}],\"inLanguage\":\"fi\"},{\"@type\":\"Organization\",\"@id\":\"https:\/\/reviva.fi\/fi\/#organization\",\"name\":\"Reviva\",\"url\":\"https:\/\/reviva.fi\/fi\/\",\"logo\":{\"@type\":\"ImageObject\",\"inLanguage\":\"fi\",\"@id\":\"https:\/\/reviva.fi\/fi\/#\/schema\/logo\/image\/\",\"url\":\"https:\/\/reviva.fi\/wp-content\/uploads\/2023\/10\/reviva-logo2.svg\",\"contentUrl\":\"https:\/\/reviva.fi\/wp-content\/uploads\/2023\/10\/reviva-logo2.svg\",\"caption\":\"Reviva\"},\"image\":{\"@id\":\"https:\/\/reviva.fi\/fi\/#\/schema\/logo\/image\/\"}}]}<\/script>\n<meta property=\"product:price:amount\" content=\"27.25\" \/>\n<meta property=\"product:price:currency\" content=\"EUR\" \/>\n<meta property=\"og:availability\" content=\"instock\" \/>\n<meta property=\"product:availability\" content=\"instock\" \/>\n<meta property=\"product:retailer_item_id\" content=\"126\" \/>\n<meta property=\"product:condition\" content=\"new\" \/>\n<!-- \/ Yoast SEO plugin. -->","yoast_head_json":{"title":"BetaPepsin - Reviva","description":"BetaPepsin - Betaiini\u00a0& Pepsiini on kapselimuodossa oleva tuki ruoansulatukselle, joka edist\u00e4\u00e4 proteiinien pilkkoutumista ja vatsahappojen muodostumista.","robots":{"index":"index","follow":"follow","max-snippet":"max-snippet:-1","max-image-preview":"max-image-preview:large","max-video-preview":"max-video-preview:-1"},"canonical":"https:\/\/reviva.fi\/fi\/tuote\/betapepsin\/","og_locale":"fi_FI","og_type":"article","og_title":"BetaPepsin - Reviva","og_description":"BetaPepsin - Betaiini\u00a0& Pepsiini on kapselimuodossa oleva tuki ruoansulatukselle, joka edist\u00e4\u00e4 proteiinien pilkkoutumista ja vatsahappojen muodostumista.","og_url":"https:\/\/reviva.fi\/fi\/tuote\/betapepsin\/","og_site_name":"Reviva","article_modified_time":"2026-01-23T10:06:49+00:00","og_image":[{"width":2000,"height":1333,"url":"https:\/\/reviva.fi\/wp-content\/uploads\/2021\/04\/Beta-Pepsin-126-Photoroom-e1747375782150.png","type":"image\/png"}],"twitter_card":"summary_large_image","schema":{"@context":"https:\/\/schema.org","@graph":[{"@type":"WebPage","@id":"https:\/\/reviva.fi\/fi\/tuote\/betapepsin\/","url":"https:\/\/reviva.fi\/fi\/tuote\/betapepsin\/","name":"BetaPepsin - Reviva","isPartOf":{"@id":"https:\/\/reviva.fi\/fi\/#website"},"primaryImageOfPage":{"@id":"https:\/\/reviva.fi\/fi\/tuote\/betapepsin\/#primaryimage"},"image":{"@id":"https:\/\/reviva.fi\/fi\/tuote\/betapepsin\/#primaryimage"},"thumbnailUrl":"https:\/\/reviva.fi\/wp-content\/uploads\/2021\/04\/Beta-Pepsin-126-Photoroom-e1747375782150.png","datePublished":"2021-04-15T10:11:33+00:00","dateModified":"2026-01-23T10:06:49+00:00","description":"BetaPepsin - Betaiini\u00a0& Pepsiini on kapselimuodossa oleva tuki ruoansulatukselle, joka edist\u00e4\u00e4 proteiinien pilkkoutumista ja vatsahappojen muodostumista.","breadcrumb":{"@id":"https:\/\/reviva.fi\/fi\/tuote\/betapepsin\/#breadcrumb"},"inLanguage":"fi","potentialAction":[{"@type":"ReadAction","target":["https:\/\/reviva.fi\/fi\/tuote\/betapepsin\/"]}]},{"@type":"ImageObject","inLanguage":"fi","@id":"https:\/\/reviva.fi\/fi\/tuote\/betapepsin\/#primaryimage","url":"https:\/\/reviva.fi\/wp-content\/uploads\/2021\/04\/Beta-Pepsin-126-Photoroom-e1747375782150.png","contentUrl":"https:\/\/reviva.fi\/wp-content\/uploads\/2021\/04\/Beta-Pepsin-126-Photoroom-e1747375782150.png","width":2000,"height":1333,"caption":"Betain HCL"},{"@type":"BreadcrumbList","@id":"https:\/\/reviva.fi\/fi\/tuote\/betapepsin\/#breadcrumb","itemListElement":[{"@type":"ListItem","position":1,"name":"Etusivu","item":"https:\/\/reviva.fi\/fi\/"},{"@type":"ListItem","position":2,"name":"Tuotteet","item":"https:\/\/reviva.fi\/produkter\/"},{"@type":"ListItem","position":3,"name":"BetaPepsin"}]},{"@type":"WebSite","@id":"https:\/\/reviva.fi\/fi\/#website","url":"https:\/\/reviva.fi\/fi\/","name":"Reviva","description":"","publisher":{"@id":"https:\/\/reviva.fi\/fi\/#organization"},"potentialAction":[{"@type":"SearchAction","target":{"@type":"EntryPoint","urlTemplate":"https:\/\/reviva.fi\/fi\/?s={search_term_string}"},"query-input":{"@type":"PropertyValueSpecification","valueRequired":true,"valueName":"search_term_string"}}],"inLanguage":"fi"},{"@type":"Organization","@id":"https:\/\/reviva.fi\/fi\/#organization","name":"Reviva","url":"https:\/\/reviva.fi\/fi\/","logo":{"@type":"ImageObject","inLanguage":"fi","@id":"https:\/\/reviva.fi\/fi\/#\/schema\/logo\/image\/","url":"https:\/\/reviva.fi\/wp-content\/uploads\/2023\/10\/reviva-logo2.svg","contentUrl":"https:\/\/reviva.fi\/wp-content\/uploads\/2023\/10\/reviva-logo2.svg","caption":"Reviva"},"image":{"@id":"https:\/\/reviva.fi\/fi\/#\/schema\/logo\/image\/"}}]},"product_price_amount":"27.25","product_price_currency":"EUR","og_availability":"instock","product_availability":"instock","product_retailer_item_id":"126","product_condition":"new"},"taxonomy_info":{"product_cat":[{"value":5977,"label":"Ruoansulatusentsyymit"},{"value":2505,"label":"Muut ravintolis\u00e4t"},{"value":5963,"label":"Synergos"},{"value":2387,"label":"Maha &amp; Suolisto"}],"product_tag":[{"value":1583,"label":"alentaa homokysteiini\u00e4"},{"value":1125,"label":"anemia"},{"value":1154,"label":"astma"},{"value":1180,"label":"betaiini"},{"value":1194,"label":"foolihapon puute"},{"value":1573,"label":"hapan refluksi"},{"value":1472,"label":"heikentynyt pepsiinin synteesi"},{"value":1330,"label":"hein\u00e4nuha"},{"value":1382,"label":"herkkyys erilaisille rasvoille"},{"value":1292,"label":"hypokalemia"},{"value":1269,"label":"kaasun muodostuminen"},{"value":1195,"label":"kaliumin puute"},{"value":1545,"label":"kilpirauhasen sairaudet"},{"value":1415,"label":"l\u00f6ys\u00e4 vatsa aamulla"},{"value":1469,"label":"metylaation vaikutus"},{"value":1526,"label":"nivelreuma"},{"value":1328,"label":"nostaa LDL-kolesterolia"},{"value":1503,"label":"pepsiini"},{"value":1124,"label":"per\u00e4aukon kutina"},{"value":1221,"label":"ripuli"},{"value":1256,"label":"ruoka allergiat"},{"value":1257,"label":"ruoka intoleranssi"},{"value":1424,"label":"ruoka-intoleranssi"},{"value":1268,"label":"sappikivi"},{"value":1575,"label":"sieni-infektio"},{"value":1342,"label":"sis\u00e4korvan tulehdus"},{"value":1493,"label":"sulamaton ruoka ulosteessa"},{"value":1543,"label":"suojaa maksaa"},{"value":1537,"label":"suolahapon puute"},{"value":1536,"label":"suolahappo"},{"value":1609,"label":"turvotus"},{"value":1263,"label":"ummetus"},{"value":1601,"label":"v\u00e4symys sy\u00f6misen j\u00e4lkeen"},{"value":1624,"label":"valtimotauti"},{"value":1419,"label":"vatsakipua ruokailun j\u00e4lkeen"}]},"featured_image_src_large":["https:\/\/reviva.fi\/wp-content\/uploads\/2021\/04\/Beta-Pepsin-126-Photoroom-1024x682.png",1024,682,true],"author_info":[],"comment_info":0,"_links":{"self":[{"href":"https:\/\/reviva.fi\/fi\/wp-json\/wp\/v2\/product\/1953","targetHints":{"allow":["GET"]}}],"collection":[{"href":"https:\/\/reviva.fi\/fi\/wp-json\/wp\/v2\/product"}],"about":[{"href":"https:\/\/reviva.fi\/fi\/wp-json\/wp\/v2\/types\/product"}],"replies":[{"embeddable":true,"href":"https:\/\/reviva.fi\/fi\/wp-json\/wp\/v2\/comments?post=1953"}],"wp:featuredmedia":[{"embeddable":true,"href":"https:\/\/reviva.fi\/fi\/wp-json\/wp\/v2\/media\/12029"}],"wp:attachment":[{"href":"https:\/\/reviva.fi\/fi\/wp-json\/wp\/v2\/media?parent=1953"}],"wp:term":[{"taxonomy":"product_brand","embeddable":true,"href":"https:\/\/reviva.fi\/fi\/wp-json\/wp\/v2\/product_brand?post=1953"},{"taxonomy":"product_cat","embeddable":true,"href":"https:\/\/reviva.fi\/fi\/wp-json\/wp\/v2\/product_cat?post=1953"},{"taxonomy":"product_tag","embeddable":true,"href":"https:\/\/reviva.fi\/fi\/wp-json\/wp\/v2\/product_tag?post=1953"}],"curies":[{"name":"wp","href":"https:\/\/api.w.org\/{rel}","templated":true}]}}