{"id":1963,"date":"2021-04-15T16:45:58","date_gmt":"2021-04-15T13:45:58","guid":{"rendered":"https:\/\/reviva.fi\/product\/biotin-synergos\/"},"modified":"2026-05-12T09:01:25","modified_gmt":"2026-05-12T06:01:25","slug":"biotiini-synergos","status":"publish","type":"product","link":"https:\/\/reviva.fi\/fi\/tuote\/biotiini-synergos\/","title":{"rendered":"Biotiini Synergos"},"content":{"rendered":"<p><strong>Biotiini Synergos<\/strong> on laajakirjoinen synergiavalmiste.<\/p>\n<p>Biotiini on rikki\u00e4 sis\u00e4lt\u00e4v\u00e4 vesiliukoinen vitamiini, joka lukeutuu B-ryhm\u00e4\u00e4n.<\/p>\n<p><strong>Biotiini edist\u00e4\u00e4:<\/strong><\/p>\n<ul>\n<li><strong>limakalvojen<\/strong> pysymist\u00e4 normaaleina<\/li>\n<li><strong>ihon<\/strong> pysymist\u00e4 normaalina<\/li>\n<li><strong>hiusten<\/strong> pysymist\u00e4 normaaleina<\/li>\n<li>normaaleja psykologisia toimintoja<\/li>\n<li>normaalia makroravintoaineiden aineenvaihduntaa<\/li>\n<li>hermoston normaalia toimintaa<\/li>\n<li>normaalia energia-aineenvaihduntaa<\/li>\n<\/ul>\n","protected":false},"excerpt":{"rendered":"<p>Biotin Synergos on laajakirjoinen synergiavalmiste.<\/p>\n<p><strong>60 kapselia<\/strong><\/p>\n","protected":false},"featured_media":13767,"comment_status":"open","ping_status":"closed","template":"","meta":{"_acf_changed":false,"inline_featured_image":false,"_kad_blocks_custom_css":"","_kad_blocks_head_custom_js":"","_kad_blocks_body_custom_js":"","_kad_blocks_footer_custom_js":"","_kadence_starter_templates_imported_post":false,"_kad_post_transparent":"default","_kad_post_title":"","_kad_post_layout":"default","_kad_post_sidebar_id":"","_kad_post_content_style":"default","_kad_post_vertical_padding":"default","_kad_post_feature":"","_kad_post_feature_position":"","_kad_post_header":false,"_kad_post_footer":false},"product_brand":[],"product_cat":[96,525,5961,5978,5963,2350],"product_tag":[3140,412,1185,3001,2988,1233,1325,2931,3066,2994,2997,3018,507,498,1218,1526,1341,1514,2918,3133,3141,3165,2900,3002,2980,3161,3189,3179,520,3183,3197,522,1639],"class_list":{"0":"post-1963","1":"product","2":"type-product","3":"status-publish","4":"has-post-thumbnail","6":"product_cat-vitaminer-fi","7":"product_cat-b-vitamin-fi","8":"product_cat-multi-vitamin-fi","9":"product_cat-multi-produkter-fi","10":"product_cat-synergos-fi","11":"product_cat-hud-och-skonhet-fi","12":"product_tag-aminohappojen-aineenvaihdunta","13":"product_tag-antioksidantti","14":"product_tag-biotiini-synergoosi","15":"product_tag-candida-sieni","16":"product_tag-diabetes-fi","17":"product_tag-ekseema","18":"product_tag-hiustenlahto","19":"product_tag-hiustenlahto-fi-2","20":"product_tag-hiustenlahto-kulmakarvoissa","21":"product_tag-huono-hiuslaatu","22":"product_tag-huono-kynnenlaatu","23":"product_tag-huono-suoliston-mikrobikanta","24":"product_tag-lisaa-vastustuskykya","25":"product_tag-luontais-lisaravinne","26":"product_tag-masennus","27":"product_tag-nivelreuma","28":"product_tag-oppimisvaikeudet","29":"product_tag-psoriasis-fi","30":"product_tag-punahukka","31":"product_tag-rasvahappojen-tuotanto","32":"product_tag-rasva","33":"product_tag-seborrooinen-ekseema","34":"product_tag-sidekalvontulehdus","35":"product_tag-solukasvu","36":"product_tag-vahvistaa-hiuksia","37":"product_tag-vahvistaa-kynsia","38":"product_tag-vaikea-pudottaa-painoa","39":"product_tag-vesiliukoinen-vitamiini","40":"product_tag-vitamiini","41":"product_tag-vitamiini-b7","42":"product_tag-vitamiini-h","43":"product_tag-vitamiinit","44":"product_tag-ylipainoinen","46":"first","47":"instock","48":"taxable","49":"shipping-taxable","50":"purchasable","51":"product-type-simple","52":"entry","53":"content-bg","54":"loop-entry"},"acf":[],"yoast_head":"<!-- This site is optimized with the Yoast SEO plugin v25.8 - https:\/\/yoast.com\/wordpress\/plugins\/seo\/ -->\n<title>Biotiini Synergos - Reviva<\/title>\n<meta name=\"description\" content=\"Biotiini Synergos normaaleille limakalvoille, normaalille iholle ja hiuksille, psyykkiselle toiminnalle, hermoston toiminnalle ja energia-aineenvaihdunnalle\" \/>\n<meta name=\"robots\" content=\"index, follow, max-snippet:-1, max-image-preview:large, max-video-preview:-1\" \/>\n<link rel=\"canonical\" href=\"https:\/\/reviva.fi\/fi\/tuote\/biotiini-synergos\/\" \/>\n<meta property=\"og:locale\" content=\"fi_FI\" \/>\n<meta property=\"og:type\" content=\"article\" \/>\n<meta property=\"og:title\" content=\"Biotiini Synergos - Reviva\" \/>\n<meta property=\"og:description\" content=\"Biotiini Synergos normaaleille limakalvoille, normaalille iholle ja hiuksille, psyykkiselle toiminnalle, hermoston toiminnalle ja energia-aineenvaihdunnalle\" \/>\n<meta property=\"og:url\" content=\"https:\/\/reviva.fi\/fi\/tuote\/biotiini-synergos\/\" \/>\n<meta property=\"og:site_name\" content=\"Reviva\" \/>\n<meta property=\"article:modified_time\" content=\"2026-05-12T06:01:25+00:00\" \/>\n<meta property=\"og:image\" content=\"https:\/\/reviva.fi\/wp-content\/uploads\/2021\/04\/236-Biotin-Synergos-Photoroom-e1769769910559.png\" \/>\n\t<meta property=\"og:image:width\" content=\"2000\" \/>\n\t<meta property=\"og:image:height\" content=\"1333\" \/>\n\t<meta property=\"og:image:type\" content=\"image\/png\" \/>\n<meta name=\"twitter:card\" content=\"summary_large_image\" \/>\n<script type=\"application\/ld+json\" class=\"yoast-schema-graph\">{\"@context\":\"https:\/\/schema.org\",\"@graph\":[{\"@type\":\"WebPage\",\"@id\":\"https:\/\/reviva.fi\/fi\/tuote\/biotiini-synergos\/\",\"url\":\"https:\/\/reviva.fi\/fi\/tuote\/biotiini-synergos\/\",\"name\":\"Biotiini Synergos - Reviva\",\"isPartOf\":{\"@id\":\"https:\/\/reviva.fi\/fi\/#website\"},\"primaryImageOfPage\":{\"@id\":\"https:\/\/reviva.fi\/fi\/tuote\/biotiini-synergos\/#primaryimage\"},\"image\":{\"@id\":\"https:\/\/reviva.fi\/fi\/tuote\/biotiini-synergos\/#primaryimage\"},\"thumbnailUrl\":\"https:\/\/reviva.fi\/wp-content\/uploads\/2021\/04\/236-Biotin-Synergos-Photoroom-e1769769910559.png\",\"datePublished\":\"2021-04-15T13:45:58+00:00\",\"dateModified\":\"2026-05-12T06:01:25+00:00\",\"description\":\"Biotiini Synergos normaaleille limakalvoille, normaalille iholle ja hiuksille, psyykkiselle toiminnalle, hermoston toiminnalle ja energia-aineenvaihdunnalle\",\"breadcrumb\":{\"@id\":\"https:\/\/reviva.fi\/fi\/tuote\/biotiini-synergos\/#breadcrumb\"},\"inLanguage\":\"fi\",\"potentialAction\":[{\"@type\":\"ReadAction\",\"target\":[\"https:\/\/reviva.fi\/fi\/tuote\/biotiini-synergos\/\"]}]},{\"@type\":\"ImageObject\",\"inLanguage\":\"fi\",\"@id\":\"https:\/\/reviva.fi\/fi\/tuote\/biotiini-synergos\/#primaryimage\",\"url\":\"https:\/\/reviva.fi\/wp-content\/uploads\/2021\/04\/236-Biotin-Synergos-Photoroom-e1769769910559.png\",\"contentUrl\":\"https:\/\/reviva.fi\/wp-content\/uploads\/2021\/04\/236-Biotin-Synergos-Photoroom-e1769769910559.png\",\"width\":2000,\"height\":1333,\"caption\":\"Biotin Synergos\"},{\"@type\":\"BreadcrumbList\",\"@id\":\"https:\/\/reviva.fi\/fi\/tuote\/biotiini-synergos\/#breadcrumb\",\"itemListElement\":[{\"@type\":\"ListItem\",\"position\":1,\"name\":\"Etusivu\",\"item\":\"https:\/\/reviva.fi\/fi\/\"},{\"@type\":\"ListItem\",\"position\":2,\"name\":\"Tuotteet\",\"item\":\"https:\/\/reviva.fi\/produkter\/\"},{\"@type\":\"ListItem\",\"position\":3,\"name\":\"Biotiini Synergos\"}]},{\"@type\":\"WebSite\",\"@id\":\"https:\/\/reviva.fi\/fi\/#website\",\"url\":\"https:\/\/reviva.fi\/fi\/\",\"name\":\"Reviva\",\"description\":\"\",\"publisher\":{\"@id\":\"https:\/\/reviva.fi\/fi\/#organization\"},\"potentialAction\":[{\"@type\":\"SearchAction\",\"target\":{\"@type\":\"EntryPoint\",\"urlTemplate\":\"https:\/\/reviva.fi\/fi\/?s={search_term_string}\"},\"query-input\":{\"@type\":\"PropertyValueSpecification\",\"valueRequired\":true,\"valueName\":\"search_term_string\"}}],\"inLanguage\":\"fi\"},{\"@type\":\"Organization\",\"@id\":\"https:\/\/reviva.fi\/fi\/#organization\",\"name\":\"Reviva\",\"url\":\"https:\/\/reviva.fi\/fi\/\",\"logo\":{\"@type\":\"ImageObject\",\"inLanguage\":\"fi\",\"@id\":\"https:\/\/reviva.fi\/fi\/#\/schema\/logo\/image\/\",\"url\":\"https:\/\/reviva.fi\/wp-content\/uploads\/2023\/10\/reviva-logo2.svg\",\"contentUrl\":\"https:\/\/reviva.fi\/wp-content\/uploads\/2023\/10\/reviva-logo2.svg\",\"caption\":\"Reviva\"},\"image\":{\"@id\":\"https:\/\/reviva.fi\/fi\/#\/schema\/logo\/image\/\"}}]}<\/script>\n<meta property=\"product:price:amount\" content=\"27.35\" \/>\n<meta property=\"product:price:currency\" content=\"EUR\" \/>\n<meta property=\"og:availability\" content=\"instock\" \/>\n<meta property=\"product:availability\" content=\"instock\" \/>\n<meta property=\"product:retailer_item_id\" content=\"236\" \/>\n<meta property=\"product:condition\" content=\"new\" \/>\n<!-- \/ Yoast SEO plugin. -->","yoast_head_json":{"title":"Biotiini Synergos - Reviva","description":"Biotiini Synergos normaaleille limakalvoille, normaalille iholle ja hiuksille, psyykkiselle toiminnalle, hermoston toiminnalle ja energia-aineenvaihdunnalle","robots":{"index":"index","follow":"follow","max-snippet":"max-snippet:-1","max-image-preview":"max-image-preview:large","max-video-preview":"max-video-preview:-1"},"canonical":"https:\/\/reviva.fi\/fi\/tuote\/biotiini-synergos\/","og_locale":"fi_FI","og_type":"article","og_title":"Biotiini Synergos - Reviva","og_description":"Biotiini Synergos normaaleille limakalvoille, normaalille iholle ja hiuksille, psyykkiselle toiminnalle, hermoston toiminnalle ja energia-aineenvaihdunnalle","og_url":"https:\/\/reviva.fi\/fi\/tuote\/biotiini-synergos\/","og_site_name":"Reviva","article_modified_time":"2026-05-12T06:01:25+00:00","og_image":[{"width":2000,"height":1333,"url":"https:\/\/reviva.fi\/wp-content\/uploads\/2021\/04\/236-Biotin-Synergos-Photoroom-e1769769910559.png","type":"image\/png"}],"twitter_card":"summary_large_image","schema":{"@context":"https:\/\/schema.org","@graph":[{"@type":"WebPage","@id":"https:\/\/reviva.fi\/fi\/tuote\/biotiini-synergos\/","url":"https:\/\/reviva.fi\/fi\/tuote\/biotiini-synergos\/","name":"Biotiini Synergos - Reviva","isPartOf":{"@id":"https:\/\/reviva.fi\/fi\/#website"},"primaryImageOfPage":{"@id":"https:\/\/reviva.fi\/fi\/tuote\/biotiini-synergos\/#primaryimage"},"image":{"@id":"https:\/\/reviva.fi\/fi\/tuote\/biotiini-synergos\/#primaryimage"},"thumbnailUrl":"https:\/\/reviva.fi\/wp-content\/uploads\/2021\/04\/236-Biotin-Synergos-Photoroom-e1769769910559.png","datePublished":"2021-04-15T13:45:58+00:00","dateModified":"2026-05-12T06:01:25+00:00","description":"Biotiini Synergos normaaleille limakalvoille, normaalille iholle ja hiuksille, psyykkiselle toiminnalle, hermoston toiminnalle ja energia-aineenvaihdunnalle","breadcrumb":{"@id":"https:\/\/reviva.fi\/fi\/tuote\/biotiini-synergos\/#breadcrumb"},"inLanguage":"fi","potentialAction":[{"@type":"ReadAction","target":["https:\/\/reviva.fi\/fi\/tuote\/biotiini-synergos\/"]}]},{"@type":"ImageObject","inLanguage":"fi","@id":"https:\/\/reviva.fi\/fi\/tuote\/biotiini-synergos\/#primaryimage","url":"https:\/\/reviva.fi\/wp-content\/uploads\/2021\/04\/236-Biotin-Synergos-Photoroom-e1769769910559.png","contentUrl":"https:\/\/reviva.fi\/wp-content\/uploads\/2021\/04\/236-Biotin-Synergos-Photoroom-e1769769910559.png","width":2000,"height":1333,"caption":"Biotin Synergos"},{"@type":"BreadcrumbList","@id":"https:\/\/reviva.fi\/fi\/tuote\/biotiini-synergos\/#breadcrumb","itemListElement":[{"@type":"ListItem","position":1,"name":"Etusivu","item":"https:\/\/reviva.fi\/fi\/"},{"@type":"ListItem","position":2,"name":"Tuotteet","item":"https:\/\/reviva.fi\/produkter\/"},{"@type":"ListItem","position":3,"name":"Biotiini Synergos"}]},{"@type":"WebSite","@id":"https:\/\/reviva.fi\/fi\/#website","url":"https:\/\/reviva.fi\/fi\/","name":"Reviva","description":"","publisher":{"@id":"https:\/\/reviva.fi\/fi\/#organization"},"potentialAction":[{"@type":"SearchAction","target":{"@type":"EntryPoint","urlTemplate":"https:\/\/reviva.fi\/fi\/?s={search_term_string}"},"query-input":{"@type":"PropertyValueSpecification","valueRequired":true,"valueName":"search_term_string"}}],"inLanguage":"fi"},{"@type":"Organization","@id":"https:\/\/reviva.fi\/fi\/#organization","name":"Reviva","url":"https:\/\/reviva.fi\/fi\/","logo":{"@type":"ImageObject","inLanguage":"fi","@id":"https:\/\/reviva.fi\/fi\/#\/schema\/logo\/image\/","url":"https:\/\/reviva.fi\/wp-content\/uploads\/2023\/10\/reviva-logo2.svg","contentUrl":"https:\/\/reviva.fi\/wp-content\/uploads\/2023\/10\/reviva-logo2.svg","caption":"Reviva"},"image":{"@id":"https:\/\/reviva.fi\/fi\/#\/schema\/logo\/image\/"}}]},"product_price_amount":"27.35","product_price_currency":"EUR","og_availability":"instock","product_availability":"instock","product_retailer_item_id":"236","product_condition":"new"},"taxonomy_info":{"product_cat":[{"value":96,"label":"Vitamiinit"},{"value":525,"label":"B-vitamiini"},{"value":5961,"label":"Multi-vitamiini"},{"value":5978,"label":"Multi tuotteet"},{"value":5963,"label":"Synergos"},{"value":2350,"label":"Iho &amp; Kauneus"}],"product_tag":[{"value":3140,"label":"Aminohappojen aineenvaihdunta"},{"value":412,"label":"antioksidantti"},{"value":1185,"label":"biotiini synergoosi"},{"value":3001,"label":"candida-sieni"},{"value":2988,"label":"Diabetes"},{"value":1233,"label":"ekseema"},{"value":1325,"label":"hiustenl\u00e4ht\u00f6"},{"value":2931,"label":"Hiustenl\u00e4ht\u00f6"},{"value":3066,"label":"hiustenl\u00e4ht\u00f6 kulmakarvoissa"},{"value":2994,"label":"Huono hiuslaatu"},{"value":2997,"label":"Huono kynnenlaatu"},{"value":3018,"label":"huono suoliston mikrobikanta"},{"value":507,"label":"lis\u00e4\u00e4 vastustuskyky\u00e4"},{"value":498,"label":"luontais lis\u00e4ravinne"},{"value":1218,"label":"masennus"},{"value":1526,"label":"nivelreuma"},{"value":1341,"label":"oppimisvaikeudet"},{"value":1514,"label":"psoriasis"},{"value":2918,"label":"Punahukka"},{"value":3133,"label":"rasvahappojen tuotanto"},{"value":3141,"label":"rasvan aineenvaihdunta"},{"value":3165,"label":"seborrooinen ekseema"},{"value":2900,"label":"sidekalvontulehdus"},{"value":3002,"label":"Solukasvu"},{"value":2980,"label":"Vahvistaa hiuksia"},{"value":3161,"label":"vahvistaa kynsi\u00e4"},{"value":3189,"label":"Vaikea pudottaa painoa"},{"value":3179,"label":"Vesiliukoinen vitamiini"},{"value":520,"label":"vitamiini"},{"value":3183,"label":"Vitamiini B7"},{"value":3197,"label":"Vitamiini H"},{"value":522,"label":"vitamiinit"},{"value":1639,"label":"ylipainoinen"}]},"featured_image_src_large":["https:\/\/reviva.fi\/wp-content\/uploads\/2021\/04\/236-Biotin-Synergos-Photoroom-1024x682.png",1024,682,true],"author_info":[],"comment_info":0,"_links":{"self":[{"href":"https:\/\/reviva.fi\/fi\/wp-json\/wp\/v2\/product\/1963","targetHints":{"allow":["GET"]}}],"collection":[{"href":"https:\/\/reviva.fi\/fi\/wp-json\/wp\/v2\/product"}],"about":[{"href":"https:\/\/reviva.fi\/fi\/wp-json\/wp\/v2\/types\/product"}],"replies":[{"embeddable":true,"href":"https:\/\/reviva.fi\/fi\/wp-json\/wp\/v2\/comments?post=1963"}],"wp:featuredmedia":[{"embeddable":true,"href":"https:\/\/reviva.fi\/fi\/wp-json\/wp\/v2\/media\/13767"}],"wp:attachment":[{"href":"https:\/\/reviva.fi\/fi\/wp-json\/wp\/v2\/media?parent=1963"}],"wp:term":[{"taxonomy":"product_brand","embeddable":true,"href":"https:\/\/reviva.fi\/fi\/wp-json\/wp\/v2\/product_brand?post=1963"},{"taxonomy":"product_cat","embeddable":true,"href":"https:\/\/reviva.fi\/fi\/wp-json\/wp\/v2\/product_cat?post=1963"},{"taxonomy":"product_tag","embeddable":true,"href":"https:\/\/reviva.fi\/fi\/wp-json\/wp\/v2\/product_tag?post=1963"}],"curies":[{"name":"wp","href":"https:\/\/api.w.org\/{rel}","templated":true}]}}