{"id":1970,"date":"2021-04-16T08:23:26","date_gmt":"2021-04-16T05:23:26","guid":{"rendered":"https:\/\/reviva.fi\/product\/metylerad-b-complex\/"},"modified":"2026-03-15T16:46:09","modified_gmt":"2026-03-15T14:46:09","slug":"metyloitu-b-kompleksi","status":"publish","type":"product","link":"https:\/\/reviva.fi\/fi\/tuote\/metyloitu-b-kompleksi\/","title":{"rendered":"B-Complex Metyloitu"},"content":{"rendered":"<p><strong>B-Complex Metyloitu<\/strong><\/p>\n<p>Jokainen kapseli antaa B-vitamiineja metyloidussa muodossa synergia- ja laajakirjoperiaatteen mukaisesti.<\/p>\n<p><strong>B-vitamiinit edist\u00e4\u00e4:<\/strong><\/p>\n<ul>\n<li>normaalia energia-aineenvaihduntaa<\/li>\n<li>hermoston normaalia toimintaa<\/li>\n<li>normaaleja psykologisia toimintoja<\/li>\n<li>syd\u00e4men normaalia toimintaa<\/li>\n<li>normaalia makroravintoaineiden aineenvaihduntaa<\/li>\n<li>hiusten pysymist\u00e4 normaaleina<\/li>\n<li>limakalvojen pysymist\u00e4 normaaleina<\/li>\n<li>ihon pysymist\u00e4 normaalina<\/li>\n<li>normaalia aminohapposynteesi\u00e4<\/li>\n<li>normaalia veren muodostumista<\/li>\n<li>normaalia homokysteiinin aineenvaihduntaa<\/li>\n<li>immuunij\u00e4rjestelm\u00e4n normaalia toimintaa<\/li>\n<li>auttaa v\u00e4hent\u00e4m\u00e4\u00e4n v\u00e4symyst\u00e4 ja uupumusta<\/li>\n<li>osallistuu solujen jakautumisprosessiin<\/li>\n<li>normaalia rasva-aineenvaihduntaa<\/li>\n<li>maksan toiminnan pysymist\u00e4 normaalina<\/li>\n<li>steroidihormonien, D-vitamiinin ja joidenkin hermov\u00e4litt\u00e4j\u00e4aineiden normaalia synteesi\u00e4 ja aineenvaihduntaa<\/li>\n<li>normaalia henkist\u00e4 suorituskyky\u00e4<\/li>\n<li>punaisten verisolujen pysymist\u00e4 normaaleina<\/li>\n<li>n\u00e4\u00f6n pysymist\u00e4 normaalina<\/li>\n<li>raudan normaalia aineenvaihduntaa<\/li>\n<li>solujen suojaamista hapettumisstressilt\u00e4<\/li>\n<li>normaalia kysteiinin synteesi\u00e4<\/li>\n<li>normaalia proteiini- ja glykogeeniaineenvaihduntaa<\/li>\n<li>hormonitoiminnan s\u00e4\u00e4tely\u00e4<\/li>\n<\/ul>\n","protected":false},"excerpt":{"rendered":"<p>Jokainen kapseli antaa B-vitamiineja metyloidussa muodossa synergia- ja laajakirjoperiaatteen mukaisesti.<\/p>\n<p><strong>60 kapselia<\/strong><\/p>\n","protected":false},"featured_media":13707,"comment_status":"open","ping_status":"closed","template":"","meta":{"_acf_changed":false,"inline_featured_image":false,"_kad_blocks_custom_css":"","_kad_blocks_head_custom_js":"","_kad_blocks_body_custom_js":"","_kad_blocks_footer_custom_js":"","_kadence_starter_templates_imported_post":false,"_kad_post_transparent":"default","_kad_post_title":"","_kad_post_layout":"default","_kad_post_sidebar_id":"","_kad_post_content_style":"default","_kad_post_vertical_padding":"default","_kad_post_feature":"","_kad_post_feature_position":"","_kad_post_header":false,"_kad_post_footer":false},"product_brand":[],"product_cat":[525,5961,5978,5963,2376,2383,2375],"product_tag":[428,1201,1091],"class_list":{"0":"post-1970","1":"product","2":"type-product","3":"status-publish","4":"has-post-thumbnail","6":"product_cat-b-vitamin-fi","7":"product_cat-multi-vitamin-fi","8":"product_cat-multi-produkter-fi","9":"product_cat-synergos-fi","10":"product_cat-stressad-och-trott-fi","11":"product_cat-hjarna-och-minne-fi","12":"product_cat-traning-fi","13":"product_tag-b-vitamiini","14":"product_tag-b-vitamiini-kompleksi","15":"product_tag-metyloitu-b-vitamiini-kompleksi","17":"first","18":"instock","19":"taxable","20":"shipping-taxable","21":"purchasable","22":"product-type-simple","23":"entry","24":"content-bg","25":"loop-entry"},"acf":[],"yoast_head":"<!-- This site is optimized with the Yoast SEO plugin v25.8 - https:\/\/yoast.com\/wordpress\/plugins\/seo\/ -->\n<title>B-Complex Metyloitu - Reviva<\/title>\n<meta name=\"description\" content=\"B-Complex Metyloitu v\u00e4symykseen ja uupumukseen, henkiseen suorituskykyyn, hiuksiin, ihoon, kynsiin, limakalvoihin ja hermostoon.\" \/>\n<meta name=\"robots\" content=\"index, follow, max-snippet:-1, max-image-preview:large, max-video-preview:-1\" \/>\n<link rel=\"canonical\" href=\"https:\/\/reviva.fi\/fi\/tuote\/metyloitu-b-kompleksi\/\" \/>\n<meta property=\"og:locale\" content=\"fi_FI\" \/>\n<meta property=\"og:type\" content=\"article\" \/>\n<meta property=\"og:title\" content=\"B-Complex Metyloitu - Reviva\" \/>\n<meta property=\"og:description\" content=\"B-Complex Metyloitu v\u00e4symykseen ja uupumukseen, henkiseen suorituskykyyn, hiuksiin, ihoon, kynsiin, limakalvoihin ja hermostoon.\" \/>\n<meta property=\"og:url\" content=\"https:\/\/reviva.fi\/fi\/tuote\/metyloitu-b-kompleksi\/\" \/>\n<meta property=\"og:site_name\" content=\"Reviva\" \/>\n<meta property=\"article:modified_time\" content=\"2026-03-15T14:46:09+00:00\" \/>\n<meta property=\"og:image\" content=\"https:\/\/reviva.fi\/wp-content\/uploads\/2021\/04\/207-D-B-complex-metylerad-Photoroom-e1769602563864.png\" \/>\n\t<meta property=\"og:image:width\" content=\"2000\" \/>\n\t<meta property=\"og:image:height\" content=\"1333\" \/>\n\t<meta property=\"og:image:type\" content=\"image\/png\" \/>\n<meta name=\"twitter:card\" content=\"summary_large_image\" \/>\n<script type=\"application\/ld+json\" class=\"yoast-schema-graph\">{\"@context\":\"https:\/\/schema.org\",\"@graph\":[{\"@type\":\"WebPage\",\"@id\":\"https:\/\/reviva.fi\/fi\/tuote\/metyloitu-b-kompleksi\/\",\"url\":\"https:\/\/reviva.fi\/fi\/tuote\/metyloitu-b-kompleksi\/\",\"name\":\"B-Complex Metyloitu - Reviva\",\"isPartOf\":{\"@id\":\"https:\/\/reviva.fi\/fi\/#website\"},\"primaryImageOfPage\":{\"@id\":\"https:\/\/reviva.fi\/fi\/tuote\/metyloitu-b-kompleksi\/#primaryimage\"},\"image\":{\"@id\":\"https:\/\/reviva.fi\/fi\/tuote\/metyloitu-b-kompleksi\/#primaryimage\"},\"thumbnailUrl\":\"https:\/\/reviva.fi\/wp-content\/uploads\/2021\/04\/207-D-B-complex-metylerad-Photoroom-e1769602563864.png\",\"datePublished\":\"2021-04-16T05:23:26+00:00\",\"dateModified\":\"2026-03-15T14:46:09+00:00\",\"description\":\"B-Complex Metyloitu v\u00e4symykseen ja uupumukseen, henkiseen suorituskykyyn, hiuksiin, ihoon, kynsiin, limakalvoihin ja hermostoon.\",\"breadcrumb\":{\"@id\":\"https:\/\/reviva.fi\/fi\/tuote\/metyloitu-b-kompleksi\/#breadcrumb\"},\"inLanguage\":\"fi\",\"potentialAction\":[{\"@type\":\"ReadAction\",\"target\":[\"https:\/\/reviva.fi\/fi\/tuote\/metyloitu-b-kompleksi\/\"]}]},{\"@type\":\"ImageObject\",\"inLanguage\":\"fi\",\"@id\":\"https:\/\/reviva.fi\/fi\/tuote\/metyloitu-b-kompleksi\/#primaryimage\",\"url\":\"https:\/\/reviva.fi\/wp-content\/uploads\/2021\/04\/207-D-B-complex-metylerad-Photoroom-e1769602563864.png\",\"contentUrl\":\"https:\/\/reviva.fi\/wp-content\/uploads\/2021\/04\/207-D-B-complex-metylerad-Photoroom-e1769602563864.png\",\"width\":2000,\"height\":1333,\"caption\":\"B-complex metylerad\"},{\"@type\":\"BreadcrumbList\",\"@id\":\"https:\/\/reviva.fi\/fi\/tuote\/metyloitu-b-kompleksi\/#breadcrumb\",\"itemListElement\":[{\"@type\":\"ListItem\",\"position\":1,\"name\":\"Etusivu\",\"item\":\"https:\/\/reviva.fi\/fi\/\"},{\"@type\":\"ListItem\",\"position\":2,\"name\":\"Tuotteet\",\"item\":\"https:\/\/reviva.fi\/produkter\/\"},{\"@type\":\"ListItem\",\"position\":3,\"name\":\"B-Complex Metyloitu\"}]},{\"@type\":\"WebSite\",\"@id\":\"https:\/\/reviva.fi\/fi\/#website\",\"url\":\"https:\/\/reviva.fi\/fi\/\",\"name\":\"Reviva\",\"description\":\"\",\"publisher\":{\"@id\":\"https:\/\/reviva.fi\/fi\/#organization\"},\"potentialAction\":[{\"@type\":\"SearchAction\",\"target\":{\"@type\":\"EntryPoint\",\"urlTemplate\":\"https:\/\/reviva.fi\/fi\/?s={search_term_string}\"},\"query-input\":{\"@type\":\"PropertyValueSpecification\",\"valueRequired\":true,\"valueName\":\"search_term_string\"}}],\"inLanguage\":\"fi\"},{\"@type\":\"Organization\",\"@id\":\"https:\/\/reviva.fi\/fi\/#organization\",\"name\":\"Reviva\",\"url\":\"https:\/\/reviva.fi\/fi\/\",\"logo\":{\"@type\":\"ImageObject\",\"inLanguage\":\"fi\",\"@id\":\"https:\/\/reviva.fi\/fi\/#\/schema\/logo\/image\/\",\"url\":\"https:\/\/reviva.fi\/wp-content\/uploads\/2023\/10\/reviva-logo2.svg\",\"contentUrl\":\"https:\/\/reviva.fi\/wp-content\/uploads\/2023\/10\/reviva-logo2.svg\",\"caption\":\"Reviva\"},\"image\":{\"@id\":\"https:\/\/reviva.fi\/fi\/#\/schema\/logo\/image\/\"}}]}<\/script>\n<meta property=\"product:price:amount\" content=\"29.45\" \/>\n<meta property=\"product:price:currency\" content=\"EUR\" \/>\n<meta property=\"og:availability\" content=\"instock\" \/>\n<meta property=\"product:availability\" content=\"instock\" \/>\n<meta property=\"product:retailer_item_id\" content=\"207 D\" \/>\n<meta property=\"product:condition\" content=\"new\" \/>\n<!-- \/ Yoast SEO plugin. -->","yoast_head_json":{"title":"B-Complex Metyloitu - Reviva","description":"B-Complex Metyloitu v\u00e4symykseen ja uupumukseen, henkiseen suorituskykyyn, hiuksiin, ihoon, kynsiin, limakalvoihin ja hermostoon.","robots":{"index":"index","follow":"follow","max-snippet":"max-snippet:-1","max-image-preview":"max-image-preview:large","max-video-preview":"max-video-preview:-1"},"canonical":"https:\/\/reviva.fi\/fi\/tuote\/metyloitu-b-kompleksi\/","og_locale":"fi_FI","og_type":"article","og_title":"B-Complex Metyloitu - Reviva","og_description":"B-Complex Metyloitu v\u00e4symykseen ja uupumukseen, henkiseen suorituskykyyn, hiuksiin, ihoon, kynsiin, limakalvoihin ja hermostoon.","og_url":"https:\/\/reviva.fi\/fi\/tuote\/metyloitu-b-kompleksi\/","og_site_name":"Reviva","article_modified_time":"2026-03-15T14:46:09+00:00","og_image":[{"width":2000,"height":1333,"url":"https:\/\/reviva.fi\/wp-content\/uploads\/2021\/04\/207-D-B-complex-metylerad-Photoroom-e1769602563864.png","type":"image\/png"}],"twitter_card":"summary_large_image","schema":{"@context":"https:\/\/schema.org","@graph":[{"@type":"WebPage","@id":"https:\/\/reviva.fi\/fi\/tuote\/metyloitu-b-kompleksi\/","url":"https:\/\/reviva.fi\/fi\/tuote\/metyloitu-b-kompleksi\/","name":"B-Complex Metyloitu - Reviva","isPartOf":{"@id":"https:\/\/reviva.fi\/fi\/#website"},"primaryImageOfPage":{"@id":"https:\/\/reviva.fi\/fi\/tuote\/metyloitu-b-kompleksi\/#primaryimage"},"image":{"@id":"https:\/\/reviva.fi\/fi\/tuote\/metyloitu-b-kompleksi\/#primaryimage"},"thumbnailUrl":"https:\/\/reviva.fi\/wp-content\/uploads\/2021\/04\/207-D-B-complex-metylerad-Photoroom-e1769602563864.png","datePublished":"2021-04-16T05:23:26+00:00","dateModified":"2026-03-15T14:46:09+00:00","description":"B-Complex Metyloitu v\u00e4symykseen ja uupumukseen, henkiseen suorituskykyyn, hiuksiin, ihoon, kynsiin, limakalvoihin ja hermostoon.","breadcrumb":{"@id":"https:\/\/reviva.fi\/fi\/tuote\/metyloitu-b-kompleksi\/#breadcrumb"},"inLanguage":"fi","potentialAction":[{"@type":"ReadAction","target":["https:\/\/reviva.fi\/fi\/tuote\/metyloitu-b-kompleksi\/"]}]},{"@type":"ImageObject","inLanguage":"fi","@id":"https:\/\/reviva.fi\/fi\/tuote\/metyloitu-b-kompleksi\/#primaryimage","url":"https:\/\/reviva.fi\/wp-content\/uploads\/2021\/04\/207-D-B-complex-metylerad-Photoroom-e1769602563864.png","contentUrl":"https:\/\/reviva.fi\/wp-content\/uploads\/2021\/04\/207-D-B-complex-metylerad-Photoroom-e1769602563864.png","width":2000,"height":1333,"caption":"B-complex metylerad"},{"@type":"BreadcrumbList","@id":"https:\/\/reviva.fi\/fi\/tuote\/metyloitu-b-kompleksi\/#breadcrumb","itemListElement":[{"@type":"ListItem","position":1,"name":"Etusivu","item":"https:\/\/reviva.fi\/fi\/"},{"@type":"ListItem","position":2,"name":"Tuotteet","item":"https:\/\/reviva.fi\/produkter\/"},{"@type":"ListItem","position":3,"name":"B-Complex Metyloitu"}]},{"@type":"WebSite","@id":"https:\/\/reviva.fi\/fi\/#website","url":"https:\/\/reviva.fi\/fi\/","name":"Reviva","description":"","publisher":{"@id":"https:\/\/reviva.fi\/fi\/#organization"},"potentialAction":[{"@type":"SearchAction","target":{"@type":"EntryPoint","urlTemplate":"https:\/\/reviva.fi\/fi\/?s={search_term_string}"},"query-input":{"@type":"PropertyValueSpecification","valueRequired":true,"valueName":"search_term_string"}}],"inLanguage":"fi"},{"@type":"Organization","@id":"https:\/\/reviva.fi\/fi\/#organization","name":"Reviva","url":"https:\/\/reviva.fi\/fi\/","logo":{"@type":"ImageObject","inLanguage":"fi","@id":"https:\/\/reviva.fi\/fi\/#\/schema\/logo\/image\/","url":"https:\/\/reviva.fi\/wp-content\/uploads\/2023\/10\/reviva-logo2.svg","contentUrl":"https:\/\/reviva.fi\/wp-content\/uploads\/2023\/10\/reviva-logo2.svg","caption":"Reviva"},"image":{"@id":"https:\/\/reviva.fi\/fi\/#\/schema\/logo\/image\/"}}]},"product_price_amount":"29.45","product_price_currency":"EUR","og_availability":"instock","product_availability":"instock","product_retailer_item_id":"207 D","product_condition":"new"},"taxonomy_info":{"product_cat":[{"value":525,"label":"B-vitamiini"},{"value":5961,"label":"Multi-vitamiini"},{"value":5978,"label":"Multi tuotteet"},{"value":5963,"label":"Synergos"},{"value":2376,"label":"Stressaantunut &amp; V\u00e4synyt"},{"value":2383,"label":"Aivot &amp; Muisti"},{"value":2375,"label":"Harjoittelu"}],"product_tag":[{"value":428,"label":"b vitamiini"},{"value":1201,"label":"b-vitamiini kompleksi"},{"value":1091,"label":"Metyloitu B-vitamiini kompleksi"}]},"featured_image_src_large":["https:\/\/reviva.fi\/wp-content\/uploads\/2021\/04\/207-D-B-complex-metylerad-Photoroom-1024x682.png",1024,682,true],"author_info":[],"comment_info":0,"_links":{"self":[{"href":"https:\/\/reviva.fi\/fi\/wp-json\/wp\/v2\/product\/1970","targetHints":{"allow":["GET"]}}],"collection":[{"href":"https:\/\/reviva.fi\/fi\/wp-json\/wp\/v2\/product"}],"about":[{"href":"https:\/\/reviva.fi\/fi\/wp-json\/wp\/v2\/types\/product"}],"replies":[{"embeddable":true,"href":"https:\/\/reviva.fi\/fi\/wp-json\/wp\/v2\/comments?post=1970"}],"wp:featuredmedia":[{"embeddable":true,"href":"https:\/\/reviva.fi\/fi\/wp-json\/wp\/v2\/media\/13707"}],"wp:attachment":[{"href":"https:\/\/reviva.fi\/fi\/wp-json\/wp\/v2\/media?parent=1970"}],"wp:term":[{"taxonomy":"product_brand","embeddable":true,"href":"https:\/\/reviva.fi\/fi\/wp-json\/wp\/v2\/product_brand?post=1970"},{"taxonomy":"product_cat","embeddable":true,"href":"https:\/\/reviva.fi\/fi\/wp-json\/wp\/v2\/product_cat?post=1970"},{"taxonomy":"product_tag","embeddable":true,"href":"https:\/\/reviva.fi\/fi\/wp-json\/wp\/v2\/product_tag?post=1970"}],"curies":[{"name":"wp","href":"https:\/\/api.w.org\/{rel}","templated":true}]}}