{"id":1976,"date":"2021-04-21T08:30:45","date_gmt":"2021-04-21T05:30:45","guid":{"rendered":"https:\/\/reviva.fi\/product\/bredspektrum-mineraler\/"},"modified":"2026-01-15T12:30:52","modified_gmt":"2026-01-15T10:30:52","slug":"laajakirjoiset-mineraalit","status":"publish","type":"product","link":"https:\/\/reviva.fi\/fi\/tuote\/laajakirjoiset-mineraalit\/","title":{"rendered":"Laajakirjoiset Mineraalit"},"content":{"rendered":"<p><strong>Laajakirjoiset Mineraalit &#8211; Multi Nutrient<\/strong><\/p>\n<p>Laajakirjoinen Mineral Multi Nutrient on ns. laajakirjoperiaatteeseen perustuva ravintolis\u00e4. T\u00e4m\u00e4 periaate tarkoittaa ravintoaineiden saantia optimaalisten annosten kirjona.<\/p>\n<p>Valmisteen on koonnut ylil\u00e4\u00e4k\u00e4ri Per-Arne \u00d6ckerman, joka on kliinisen kemian professori.<\/p>\n<p><strong>Tuotteen sis\u00e4lt\u00e4m\u00e4t kalsium, kalium, magnesium, D-vitamiini ja K-vitamiini edist\u00e4v\u00e4t :<\/strong><\/p>\n<ul>\n<li>verenpaineen pysymist\u00e4 normaalina<\/li>\n<li>auttaa v\u00e4hent\u00e4m\u00e4\u00e4n v\u00e4symyst\u00e4 ja uupumusta<\/li>\n<li>luiden pysymist\u00e4 normaaleina<\/li>\n<li>hampaiden pysymist\u00e4 normaaleina<\/li>\n<li>elektrolyyttitasapainoa<\/li>\n<li>osallistuu solujen jakautumis- ja erikoistumisprosessiin<\/li>\n<li>immuunij\u00e4rjestelm\u00e4n normaalia toimintaa<\/li>\n<li>ruoansulatusentsyymien normaalia toimintaa<\/li>\n<li>hermoston normaalia toimintaa<\/li>\n<li>sidekudoksen normaalia muodostumista<\/li>\n<li>normaalia veren hyytymist\u00e4<\/li>\n<li>normaalia energia-aineenvaihduntaa<\/li>\n<li>normaalia lihastoimintaa<\/li>\n<li>normaalia hermov\u00e4lityst\u00e4<\/li>\n<li>normaalia proteiinisynteesi\u00e4<\/li>\n<li>normaaleja psykologisia toimintoja<\/li>\n<li>veren normaalia kalsiumtasoa<\/li>\n<li>kalsiumin ja fosforin normaalia imeytymist\u00e4\/hy\u00f6dynt\u00e4mist\u00e4<\/li>\n<\/ul>\n","protected":false},"excerpt":{"rendered":"<p>Laajakirjoinen Mineral Multi Nutrient on ns. laajakirjoperiaatteeseen perustuva ravintolis\u00e4. T\u00e4m\u00e4 periaate tarkoittaa ravintoaineiden saantia optimaalisten annosten kirjona.<\/p>\n<p><strong>120 tablettia<\/strong><\/p>\n","protected":false},"featured_media":13695,"comment_status":"open","ping_status":"closed","template":"","meta":{"_acf_changed":false,"inline_featured_image":false,"_kad_blocks_custom_css":"","_kad_blocks_head_custom_js":"","_kad_blocks_body_custom_js":"","_kad_blocks_footer_custom_js":"","_kadence_starter_templates_imported_post":false,"_kad_post_transparent":"default","_kad_post_title":"","_kad_post_layout":"default","_kad_post_sidebar_id":"","_kad_post_content_style":"default","_kad_post_vertical_padding":"default","_kad_post_feature":"","_kad_post_feature_position":"","_kad_post_header":false,"_kad_post_footer":false},"product_brand":[],"product_cat":[93,5972,5978,5982,2387,2371],"product_tag":[1062,1148,2979,1645,445,1557,2947,2946,1638,479,2916,3151,1426,3193,3184,3198],"class_list":{"0":"post-1976","1":"product","2":"type-product","3":"status-publish","4":"has-post-thumbnail","6":"product_cat-mineraler-fi","7":"product_cat-multi-mineral-fi","8":"product_cat-multi-produkter-fi","9":"product_cat-multi-nutrient-fi","10":"product_cat-mage-och-tarm-fi","11":"product_cat-muskler-och-leder-fi","12":"product_tag-amalgaamivaurioita","13":"product_tag-artriitti","14":"product_tag-artroosi-fi","15":"product_tag-bakteerien-liikakasvu-suolistossa","16":"product_tag-inositoli","17":"product_tag-jaykkyys-nivelissa","18":"product_tag-kaliumi","19":"product_tag-kalsium","20":"product_tag-liika-happamuus-kehossa","21":"product_tag-magnesiumi","22":"product_tag-mineraalit","23":"product_tag-reumaattinen","24":"product_tag-ruuansulatuksen-vahvistaminen","25":"product_tag-suolistomyrkyllisyys","26":"product_tag-vitamiini-d3","27":"product_tag-vitamiini-k","29":"first","30":"instock","31":"taxable","32":"shipping-taxable","33":"purchasable","34":"product-type-simple","35":"entry","36":"content-bg","37":"loop-entry"},"acf":[],"yoast_head":"<!-- This site is optimized with the Yoast SEO plugin v25.8 - https:\/\/yoast.com\/wordpress\/plugins\/seo\/ -->\n<title>Laajakirjoiset Mineraalit - Reviva<\/title>\n<meta name=\"description\" content=\"Laajakirjoiset Mineraalit. Kalsiumia, kaliumia, magnesiumia, D-vitamiinia ja K-vitamiinia. S\u00e4ilytt\u00e4\u00e4 terveen happo-em\u00e4stasapainon.\" \/>\n<meta name=\"robots\" content=\"index, follow, max-snippet:-1, max-image-preview:large, max-video-preview:-1\" \/>\n<link rel=\"canonical\" href=\"https:\/\/reviva.fi\/fi\/tuote\/laajakirjoiset-mineraalit\/\" \/>\n<meta property=\"og:locale\" content=\"fi_FI\" \/>\n<meta property=\"og:type\" content=\"article\" \/>\n<meta property=\"og:title\" content=\"Laajakirjoiset Mineraalit - Reviva\" \/>\n<meta property=\"og:description\" content=\"Laajakirjoiset Mineraalit. Kalsiumia, kaliumia, magnesiumia, D-vitamiinia ja K-vitamiinia. S\u00e4ilytt\u00e4\u00e4 terveen happo-em\u00e4stasapainon.\" \/>\n<meta property=\"og:url\" content=\"https:\/\/reviva.fi\/fi\/tuote\/laajakirjoiset-mineraalit\/\" \/>\n<meta property=\"og:site_name\" content=\"Reviva\" \/>\n<meta property=\"article:modified_time\" content=\"2026-01-15T10:30:52+00:00\" \/>\n<meta property=\"og:image\" content=\"https:\/\/reviva.fi\/wp-content\/uploads\/2021\/04\/Minerals-127-Photoroom-e1762341415637.png\" \/>\n\t<meta property=\"og:image:width\" content=\"2000\" \/>\n\t<meta property=\"og:image:height\" content=\"1333\" \/>\n\t<meta property=\"og:image:type\" content=\"image\/png\" \/>\n<meta name=\"twitter:card\" content=\"summary_large_image\" \/>\n<script type=\"application\/ld+json\" class=\"yoast-schema-graph\">{\"@context\":\"https:\/\/schema.org\",\"@graph\":[{\"@type\":\"WebPage\",\"@id\":\"https:\/\/reviva.fi\/fi\/tuote\/laajakirjoiset-mineraalit\/\",\"url\":\"https:\/\/reviva.fi\/fi\/tuote\/laajakirjoiset-mineraalit\/\",\"name\":\"Laajakirjoiset Mineraalit - Reviva\",\"isPartOf\":{\"@id\":\"https:\/\/reviva.fi\/fi\/#website\"},\"primaryImageOfPage\":{\"@id\":\"https:\/\/reviva.fi\/fi\/tuote\/laajakirjoiset-mineraalit\/#primaryimage\"},\"image\":{\"@id\":\"https:\/\/reviva.fi\/fi\/tuote\/laajakirjoiset-mineraalit\/#primaryimage\"},\"thumbnailUrl\":\"https:\/\/reviva.fi\/wp-content\/uploads\/2021\/04\/127-Minerals-Photoroom-e1769600018541.png\",\"datePublished\":\"2021-04-21T05:30:45+00:00\",\"dateModified\":\"2026-01-15T10:30:52+00:00\",\"description\":\"Laajakirjoiset Mineraalit. Kalsiumia, kaliumia, magnesiumia, D-vitamiinia ja K-vitamiinia. S\u00e4ilytt\u00e4\u00e4 terveen happo-em\u00e4stasapainon.\",\"breadcrumb\":{\"@id\":\"https:\/\/reviva.fi\/fi\/tuote\/laajakirjoiset-mineraalit\/#breadcrumb\"},\"inLanguage\":\"fi\",\"potentialAction\":[{\"@type\":\"ReadAction\",\"target\":[\"https:\/\/reviva.fi\/fi\/tuote\/laajakirjoiset-mineraalit\/\"]}]},{\"@type\":\"ImageObject\",\"inLanguage\":\"fi\",\"@id\":\"https:\/\/reviva.fi\/fi\/tuote\/laajakirjoiset-mineraalit\/#primaryimage\",\"url\":\"https:\/\/reviva.fi\/wp-content\/uploads\/2021\/04\/127-Minerals-Photoroom-e1769600018541.png\",\"contentUrl\":\"https:\/\/reviva.fi\/wp-content\/uploads\/2021\/04\/127-Minerals-Photoroom-e1769600018541.png\",\"width\":2000,\"height\":1333,\"caption\":\"Bredspektrum mineraler\"},{\"@type\":\"BreadcrumbList\",\"@id\":\"https:\/\/reviva.fi\/fi\/tuote\/laajakirjoiset-mineraalit\/#breadcrumb\",\"itemListElement\":[{\"@type\":\"ListItem\",\"position\":1,\"name\":\"Etusivu\",\"item\":\"https:\/\/reviva.fi\/fi\/\"},{\"@type\":\"ListItem\",\"position\":2,\"name\":\"Tuotteet\",\"item\":\"https:\/\/reviva.fi\/produkter\/\"},{\"@type\":\"ListItem\",\"position\":3,\"name\":\"Laajakirjoiset Mineraalit\"}]},{\"@type\":\"WebSite\",\"@id\":\"https:\/\/reviva.fi\/fi\/#website\",\"url\":\"https:\/\/reviva.fi\/fi\/\",\"name\":\"Reviva\",\"description\":\"\",\"publisher\":{\"@id\":\"https:\/\/reviva.fi\/fi\/#organization\"},\"potentialAction\":[{\"@type\":\"SearchAction\",\"target\":{\"@type\":\"EntryPoint\",\"urlTemplate\":\"https:\/\/reviva.fi\/fi\/?s={search_term_string}\"},\"query-input\":{\"@type\":\"PropertyValueSpecification\",\"valueRequired\":true,\"valueName\":\"search_term_string\"}}],\"inLanguage\":\"fi\"},{\"@type\":\"Organization\",\"@id\":\"https:\/\/reviva.fi\/fi\/#organization\",\"name\":\"Reviva\",\"url\":\"https:\/\/reviva.fi\/fi\/\",\"logo\":{\"@type\":\"ImageObject\",\"inLanguage\":\"fi\",\"@id\":\"https:\/\/reviva.fi\/fi\/#\/schema\/logo\/image\/\",\"url\":\"https:\/\/reviva.fi\/wp-content\/uploads\/2023\/10\/reviva-logo2.svg\",\"contentUrl\":\"https:\/\/reviva.fi\/wp-content\/uploads\/2023\/10\/reviva-logo2.svg\",\"caption\":\"Reviva\"},\"image\":{\"@id\":\"https:\/\/reviva.fi\/fi\/#\/schema\/logo\/image\/\"}}]}<\/script>\n<meta property=\"product:price:amount\" content=\"21.00\" \/>\n<meta property=\"product:price:currency\" content=\"EUR\" \/>\n<meta property=\"og:availability\" content=\"instock\" \/>\n<meta property=\"product:availability\" content=\"instock\" \/>\n<meta property=\"product:retailer_item_id\" content=\"127\" \/>\n<meta property=\"product:condition\" content=\"new\" \/>\n<!-- \/ Yoast SEO plugin. -->","yoast_head_json":{"title":"Laajakirjoiset Mineraalit - Reviva","description":"Laajakirjoiset Mineraalit. Kalsiumia, kaliumia, magnesiumia, D-vitamiinia ja K-vitamiinia. S\u00e4ilytt\u00e4\u00e4 terveen happo-em\u00e4stasapainon.","robots":{"index":"index","follow":"follow","max-snippet":"max-snippet:-1","max-image-preview":"max-image-preview:large","max-video-preview":"max-video-preview:-1"},"canonical":"https:\/\/reviva.fi\/fi\/tuote\/laajakirjoiset-mineraalit\/","og_locale":"fi_FI","og_type":"article","og_title":"Laajakirjoiset Mineraalit - Reviva","og_description":"Laajakirjoiset Mineraalit. Kalsiumia, kaliumia, magnesiumia, D-vitamiinia ja K-vitamiinia. S\u00e4ilytt\u00e4\u00e4 terveen happo-em\u00e4stasapainon.","og_url":"https:\/\/reviva.fi\/fi\/tuote\/laajakirjoiset-mineraalit\/","og_site_name":"Reviva","article_modified_time":"2026-01-15T10:30:52+00:00","og_image":[{"width":2000,"height":1333,"url":"https:\/\/reviva.fi\/wp-content\/uploads\/2021\/04\/Minerals-127-Photoroom-e1762341415637.png","type":"image\/png"}],"twitter_card":"summary_large_image","schema":{"@context":"https:\/\/schema.org","@graph":[{"@type":"WebPage","@id":"https:\/\/reviva.fi\/fi\/tuote\/laajakirjoiset-mineraalit\/","url":"https:\/\/reviva.fi\/fi\/tuote\/laajakirjoiset-mineraalit\/","name":"Laajakirjoiset Mineraalit - Reviva","isPartOf":{"@id":"https:\/\/reviva.fi\/fi\/#website"},"primaryImageOfPage":{"@id":"https:\/\/reviva.fi\/fi\/tuote\/laajakirjoiset-mineraalit\/#primaryimage"},"image":{"@id":"https:\/\/reviva.fi\/fi\/tuote\/laajakirjoiset-mineraalit\/#primaryimage"},"thumbnailUrl":"https:\/\/reviva.fi\/wp-content\/uploads\/2021\/04\/127-Minerals-Photoroom-e1769600018541.png","datePublished":"2021-04-21T05:30:45+00:00","dateModified":"2026-01-15T10:30:52+00:00","description":"Laajakirjoiset Mineraalit. Kalsiumia, kaliumia, magnesiumia, D-vitamiinia ja K-vitamiinia. S\u00e4ilytt\u00e4\u00e4 terveen happo-em\u00e4stasapainon.","breadcrumb":{"@id":"https:\/\/reviva.fi\/fi\/tuote\/laajakirjoiset-mineraalit\/#breadcrumb"},"inLanguage":"fi","potentialAction":[{"@type":"ReadAction","target":["https:\/\/reviva.fi\/fi\/tuote\/laajakirjoiset-mineraalit\/"]}]},{"@type":"ImageObject","inLanguage":"fi","@id":"https:\/\/reviva.fi\/fi\/tuote\/laajakirjoiset-mineraalit\/#primaryimage","url":"https:\/\/reviva.fi\/wp-content\/uploads\/2021\/04\/127-Minerals-Photoroom-e1769600018541.png","contentUrl":"https:\/\/reviva.fi\/wp-content\/uploads\/2021\/04\/127-Minerals-Photoroom-e1769600018541.png","width":2000,"height":1333,"caption":"Bredspektrum mineraler"},{"@type":"BreadcrumbList","@id":"https:\/\/reviva.fi\/fi\/tuote\/laajakirjoiset-mineraalit\/#breadcrumb","itemListElement":[{"@type":"ListItem","position":1,"name":"Etusivu","item":"https:\/\/reviva.fi\/fi\/"},{"@type":"ListItem","position":2,"name":"Tuotteet","item":"https:\/\/reviva.fi\/produkter\/"},{"@type":"ListItem","position":3,"name":"Laajakirjoiset Mineraalit"}]},{"@type":"WebSite","@id":"https:\/\/reviva.fi\/fi\/#website","url":"https:\/\/reviva.fi\/fi\/","name":"Reviva","description":"","publisher":{"@id":"https:\/\/reviva.fi\/fi\/#organization"},"potentialAction":[{"@type":"SearchAction","target":{"@type":"EntryPoint","urlTemplate":"https:\/\/reviva.fi\/fi\/?s={search_term_string}"},"query-input":{"@type":"PropertyValueSpecification","valueRequired":true,"valueName":"search_term_string"}}],"inLanguage":"fi"},{"@type":"Organization","@id":"https:\/\/reviva.fi\/fi\/#organization","name":"Reviva","url":"https:\/\/reviva.fi\/fi\/","logo":{"@type":"ImageObject","inLanguage":"fi","@id":"https:\/\/reviva.fi\/fi\/#\/schema\/logo\/image\/","url":"https:\/\/reviva.fi\/wp-content\/uploads\/2023\/10\/reviva-logo2.svg","contentUrl":"https:\/\/reviva.fi\/wp-content\/uploads\/2023\/10\/reviva-logo2.svg","caption":"Reviva"},"image":{"@id":"https:\/\/reviva.fi\/fi\/#\/schema\/logo\/image\/"}}]},"product_price_amount":"21.00","product_price_currency":"EUR","og_availability":"instock","product_availability":"instock","product_retailer_item_id":"127","product_condition":"new"},"taxonomy_info":{"product_cat":[{"value":93,"label":"Mineraalit"},{"value":5972,"label":"Mono-mineraali"},{"value":5978,"label":"Multi tuotteet"},{"value":5982,"label":"Multi Nutrient"},{"value":2387,"label":"Maha &amp; Suolisto"},{"value":2371,"label":"Nivelet &amp; Lihakset"}],"product_tag":[{"value":1062,"label":"Amalgaamivaurioita"},{"value":1148,"label":"artriitti"},{"value":2979,"label":"artroosi"},{"value":1645,"label":"bakteerien liikakasvu suolistossa"},{"value":445,"label":"inositoli"},{"value":1557,"label":"j\u00e4ykkyys niveliss\u00e4"},{"value":2947,"label":"Kaliumi"},{"value":2946,"label":"Kalsium"},{"value":1638,"label":"liika happamuus kehossa"},{"value":479,"label":"magnesiumi"},{"value":2916,"label":"Mineraalit"},{"value":3151,"label":"Reumavaivat"},{"value":1426,"label":"ruuansulatuksen vahvistaminen"},{"value":3193,"label":"Suolistomyrkyllisyys"},{"value":3184,"label":"Vitamiini D3"},{"value":3198,"label":"Vitamiini K"}]},"featured_image_src_large":["https:\/\/reviva.fi\/wp-content\/uploads\/2021\/04\/127-Minerals-Photoroom-1024x682.png",1024,682,true],"author_info":[],"comment_info":0,"_links":{"self":[{"href":"https:\/\/reviva.fi\/fi\/wp-json\/wp\/v2\/product\/1976","targetHints":{"allow":["GET"]}}],"collection":[{"href":"https:\/\/reviva.fi\/fi\/wp-json\/wp\/v2\/product"}],"about":[{"href":"https:\/\/reviva.fi\/fi\/wp-json\/wp\/v2\/types\/product"}],"replies":[{"embeddable":true,"href":"https:\/\/reviva.fi\/fi\/wp-json\/wp\/v2\/comments?post=1976"}],"wp:featuredmedia":[{"embeddable":true,"href":"https:\/\/reviva.fi\/fi\/wp-json\/wp\/v2\/media\/13695"}],"wp:attachment":[{"href":"https:\/\/reviva.fi\/fi\/wp-json\/wp\/v2\/media?parent=1976"}],"wp:term":[{"taxonomy":"product_brand","embeddable":true,"href":"https:\/\/reviva.fi\/fi\/wp-json\/wp\/v2\/product_brand?post=1976"},{"taxonomy":"product_cat","embeddable":true,"href":"https:\/\/reviva.fi\/fi\/wp-json\/wp\/v2\/product_cat?post=1976"},{"taxonomy":"product_tag","embeddable":true,"href":"https:\/\/reviva.fi\/fi\/wp-json\/wp\/v2\/product_tag?post=1976"}],"curies":[{"name":"wp","href":"https:\/\/api.w.org\/{rel}","templated":true}]}}