{"id":1979,"date":"2021-04-21T10:45:15","date_gmt":"2021-04-21T07:45:15","guid":{"rendered":"https:\/\/reviva.fi\/product\/brannassla\/"},"modified":"2026-01-28T12:49:45","modified_gmt":"2026-01-28T10:49:45","slug":"nokkonen","status":"publish","type":"product","link":"https:\/\/reviva.fi\/fi\/tuote\/nokkonen\/","title":{"rendered":"Nokkonen &#8211; Urtica Dioica"},"content":{"rendered":"<p><strong>Nokkonen<\/strong>, Urtica Dioica, on monipuolinen hy\u00f6tykasvi.\u00a0 Sen klorofyllipitoisuus on korkea, mik\u00e4 antaa sille mielenkiintoisia verta puhdistavia ominaisuuksia.<br \/>\nKasvi sis\u00e4lt\u00e4\u00e4 \u2013 Klorofyllej\u00e4 (60 %), bioflavonoideja, K-vitamiinia, C-askorbaattia, rautaa, asetyylikoliinia, magnesiumia, kaliumia ja piit\u00e4.<\/p>\n","protected":false},"excerpt":{"rendered":"<p>Nokkonen, Urtica Dioica, on monipuolinen hy\u00f6tykasvi.<\/p>\n<p>Kasvi sis\u00e4lt\u00e4\u00e4 \u2013 Klorofyllej\u00e4 (60 %), bioflavonoideja, K-vitamiinia, C-askorbaattia, rautaa, asetyylikoliinia, magnesiumia, kaliumia ja piit\u00e4.<\/p>\n<p>Jokainen kapseli sis\u00e4lt\u00e4\u00e4 550 mg uutetta, joka vastaa 2 200 mg nokkosta.<\/p>\n<p><strong>90 kapselia<\/strong><\/p>\n","protected":false},"featured_media":13368,"comment_status":"open","ping_status":"closed","template":"","meta":{"_acf_changed":false,"inline_featured_image":false,"_kad_blocks_custom_css":"","_kad_blocks_head_custom_js":"","_kad_blocks_body_custom_js":"","_kad_blocks_footer_custom_js":"","_kadence_starter_templates_imported_post":false,"_kad_post_transparent":"default","_kad_post_title":"","_kad_post_layout":"default","_kad_post_sidebar_id":"","_kad_post_content_style":"default","_kad_post_vertical_padding":"default","_kad_post_feature":"","_kad_post_feature_position":"","_kad_post_header":false,"_kad_post_footer":false},"product_brand":[],"product_cat":[141,5963],"product_tag":[3056,458,1119,1148,2963,1154,1183,2903,2905,2899,2956,1556,1330,3117,2947,3031,2908,3121,479,1479,2924,2912,3138,2999,3083,1525,3086,2921,3202,2926,2906,1188,2970,2971,2925,3198],"class_list":{"0":"post-1979","1":"product","2":"type-product","3":"status-publish","4":"has-post-thumbnail","6":"product_cat-orter-fi","7":"product_cat-synergos-fi","8":"product_tag-aivot","9":"product_tag-akne","10":"product_tag-allergiat","11":"product_tag-artriitti","12":"product_tag-asetyylikoliini","13":"product_tag-astma-fi","14":"product_tag-bioflavonoidit","15":"product_tag-c-askorbaatti","16":"product_tag-diureetti-fi-2","17":"product_tag-emaksinen","18":"product_tag-eturauhasen-suurentuminen","19":"product_tag-hauraat-kynnet","20":"product_tag-heinanuha","21":"product_tag-hyotylaitos","22":"product_tag-kaliumi","23":"product_tag-kihti","24":"product_tag-klorofylliaineet","25":"product_tag-lihaskivut","26":"product_tag-magnesiumi","27":"product_tag-munuaiskivet","28":"product_tag-munuaisten-vajaatoiminta","29":"product_tag-nivelkipu-fi-2","30":"product_tag-nokkonen-fi","31":"product_tag-nokkonen","32":"product_tag-pii","33":"product_tag-reumatismi","34":"product_tag-runsaasti-klorofyllia","35":"product_tag-stressiperainen-ekseema","36":"product_tag-turvotus-fi-2","37":"product_tag-urtica-dioica-fi","38":"product_tag-vaimentaa-prostaglandiini-2ta","39":"product_tag-veren-puhdistus","40":"product_tag-verenpuute","41":"product_tag-verta-puhdistava","42":"product_tag-virtsatientulehdus","43":"product_tag-vitamiini-k","45":"first","46":"instock","47":"taxable","48":"shipping-taxable","49":"purchasable","50":"product-type-simple","51":"entry","52":"content-bg","53":"loop-entry"},"acf":[],"yoast_head":"<!-- This site is optimized with the Yoast SEO plugin v25.8 - https:\/\/yoast.com\/wordpress\/plugins\/seo\/ -->\n<title>Nokkonen - Urtica Dioica - Reviva<\/title>\n<meta name=\"description\" content=\"Nokkonen - lis\u00e4ravinteessa on korkea klorofyllipitoisuus, jolla on verta puhdistavia ominaisuuksia. Raudanpuutteeseen ja auttaa ferritiinin muodostuksessa.\" \/>\n<meta name=\"robots\" content=\"index, follow, max-snippet:-1, max-image-preview:large, max-video-preview:-1\" \/>\n<link rel=\"canonical\" href=\"https:\/\/reviva.fi\/fi\/tuote\/nokkonen\/\" \/>\n<meta property=\"og:locale\" content=\"fi_FI\" \/>\n<meta property=\"og:type\" content=\"article\" \/>\n<meta property=\"og:title\" content=\"Nokkonen - Urtica Dioica - Reviva\" \/>\n<meta property=\"og:description\" content=\"Nokkonen - lis\u00e4ravinteessa on korkea klorofyllipitoisuus, jolla on verta puhdistavia ominaisuuksia. Raudanpuutteeseen ja auttaa ferritiinin muodostuksessa.\" \/>\n<meta property=\"og:url\" content=\"https:\/\/reviva.fi\/fi\/tuote\/nokkonen\/\" \/>\n<meta property=\"og:site_name\" content=\"Reviva\" \/>\n<meta property=\"article:modified_time\" content=\"2026-01-28T10:49:45+00:00\" \/>\n<meta property=\"og:image\" content=\"https:\/\/reviva.fi\/wp-content\/uploads\/2021\/04\/Brannassla-423-Photoroom-e1765959082515.png\" \/>\n\t<meta property=\"og:image:width\" content=\"2000\" \/>\n\t<meta property=\"og:image:height\" content=\"1333\" \/>\n\t<meta property=\"og:image:type\" content=\"image\/png\" \/>\n<meta name=\"twitter:card\" content=\"summary_large_image\" \/>\n<script type=\"application\/ld+json\" class=\"yoast-schema-graph\">{\"@context\":\"https:\/\/schema.org\",\"@graph\":[{\"@type\":\"WebPage\",\"@id\":\"https:\/\/reviva.fi\/fi\/tuote\/nokkonen\/\",\"url\":\"https:\/\/reviva.fi\/fi\/tuote\/nokkonen\/\",\"name\":\"Nokkonen - Urtica Dioica - Reviva\",\"isPartOf\":{\"@id\":\"https:\/\/reviva.fi\/fi\/#website\"},\"primaryImageOfPage\":{\"@id\":\"https:\/\/reviva.fi\/fi\/tuote\/nokkonen\/#primaryimage\"},\"image\":{\"@id\":\"https:\/\/reviva.fi\/fi\/tuote\/nokkonen\/#primaryimage\"},\"thumbnailUrl\":\"https:\/\/reviva.fi\/wp-content\/uploads\/2021\/04\/Brannassla-423-Photoroom-e1765959082515.png\",\"datePublished\":\"2021-04-21T07:45:15+00:00\",\"dateModified\":\"2026-01-28T10:49:45+00:00\",\"description\":\"Nokkonen - lis\u00e4ravinteessa on korkea klorofyllipitoisuus, jolla on verta puhdistavia ominaisuuksia. Raudanpuutteeseen ja auttaa ferritiinin muodostuksessa.\",\"breadcrumb\":{\"@id\":\"https:\/\/reviva.fi\/fi\/tuote\/nokkonen\/#breadcrumb\"},\"inLanguage\":\"fi\",\"potentialAction\":[{\"@type\":\"ReadAction\",\"target\":[\"https:\/\/reviva.fi\/fi\/tuote\/nokkonen\/\"]}]},{\"@type\":\"ImageObject\",\"inLanguage\":\"fi\",\"@id\":\"https:\/\/reviva.fi\/fi\/tuote\/nokkonen\/#primaryimage\",\"url\":\"https:\/\/reviva.fi\/wp-content\/uploads\/2021\/04\/Brannassla-423-Photoroom-e1765959082515.png\",\"contentUrl\":\"https:\/\/reviva.fi\/wp-content\/uploads\/2021\/04\/Brannassla-423-Photoroom-e1765959082515.png\",\"width\":2000,\"height\":1333,\"caption\":\"Br\u00e4nn\u00e4ssla\"},{\"@type\":\"BreadcrumbList\",\"@id\":\"https:\/\/reviva.fi\/fi\/tuote\/nokkonen\/#breadcrumb\",\"itemListElement\":[{\"@type\":\"ListItem\",\"position\":1,\"name\":\"Etusivu\",\"item\":\"https:\/\/reviva.fi\/fi\/\"},{\"@type\":\"ListItem\",\"position\":2,\"name\":\"Tuotteet\",\"item\":\"https:\/\/reviva.fi\/produkter\/\"},{\"@type\":\"ListItem\",\"position\":3,\"name\":\"Nokkonen &#8211; Urtica Dioica\"}]},{\"@type\":\"WebSite\",\"@id\":\"https:\/\/reviva.fi\/fi\/#website\",\"url\":\"https:\/\/reviva.fi\/fi\/\",\"name\":\"Reviva\",\"description\":\"\",\"publisher\":{\"@id\":\"https:\/\/reviva.fi\/fi\/#organization\"},\"potentialAction\":[{\"@type\":\"SearchAction\",\"target\":{\"@type\":\"EntryPoint\",\"urlTemplate\":\"https:\/\/reviva.fi\/fi\/?s={search_term_string}\"},\"query-input\":{\"@type\":\"PropertyValueSpecification\",\"valueRequired\":true,\"valueName\":\"search_term_string\"}}],\"inLanguage\":\"fi\"},{\"@type\":\"Organization\",\"@id\":\"https:\/\/reviva.fi\/fi\/#organization\",\"name\":\"Reviva\",\"url\":\"https:\/\/reviva.fi\/fi\/\",\"logo\":{\"@type\":\"ImageObject\",\"inLanguage\":\"fi\",\"@id\":\"https:\/\/reviva.fi\/fi\/#\/schema\/logo\/image\/\",\"url\":\"https:\/\/reviva.fi\/wp-content\/uploads\/2023\/10\/reviva-logo2.svg\",\"contentUrl\":\"https:\/\/reviva.fi\/wp-content\/uploads\/2023\/10\/reviva-logo2.svg\",\"caption\":\"Reviva\"},\"image\":{\"@id\":\"https:\/\/reviva.fi\/fi\/#\/schema\/logo\/image\/\"}}]}<\/script>\n<meta property=\"product:price:amount\" content=\"26.32\" \/>\n<meta property=\"product:price:currency\" content=\"EUR\" \/>\n<meta property=\"og:availability\" content=\"instock\" \/>\n<meta property=\"product:availability\" content=\"instock\" \/>\n<meta property=\"product:retailer_item_id\" content=\"423\" \/>\n<meta property=\"product:condition\" content=\"new\" \/>\n<!-- \/ Yoast SEO plugin. -->","yoast_head_json":{"title":"Nokkonen - Urtica Dioica - Reviva","description":"Nokkonen - lis\u00e4ravinteessa on korkea klorofyllipitoisuus, jolla on verta puhdistavia ominaisuuksia. Raudanpuutteeseen ja auttaa ferritiinin muodostuksessa.","robots":{"index":"index","follow":"follow","max-snippet":"max-snippet:-1","max-image-preview":"max-image-preview:large","max-video-preview":"max-video-preview:-1"},"canonical":"https:\/\/reviva.fi\/fi\/tuote\/nokkonen\/","og_locale":"fi_FI","og_type":"article","og_title":"Nokkonen - Urtica Dioica - Reviva","og_description":"Nokkonen - lis\u00e4ravinteessa on korkea klorofyllipitoisuus, jolla on verta puhdistavia ominaisuuksia. Raudanpuutteeseen ja auttaa ferritiinin muodostuksessa.","og_url":"https:\/\/reviva.fi\/fi\/tuote\/nokkonen\/","og_site_name":"Reviva","article_modified_time":"2026-01-28T10:49:45+00:00","og_image":[{"width":2000,"height":1333,"url":"https:\/\/reviva.fi\/wp-content\/uploads\/2021\/04\/Brannassla-423-Photoroom-e1765959082515.png","type":"image\/png"}],"twitter_card":"summary_large_image","schema":{"@context":"https:\/\/schema.org","@graph":[{"@type":"WebPage","@id":"https:\/\/reviva.fi\/fi\/tuote\/nokkonen\/","url":"https:\/\/reviva.fi\/fi\/tuote\/nokkonen\/","name":"Nokkonen - Urtica Dioica - Reviva","isPartOf":{"@id":"https:\/\/reviva.fi\/fi\/#website"},"primaryImageOfPage":{"@id":"https:\/\/reviva.fi\/fi\/tuote\/nokkonen\/#primaryimage"},"image":{"@id":"https:\/\/reviva.fi\/fi\/tuote\/nokkonen\/#primaryimage"},"thumbnailUrl":"https:\/\/reviva.fi\/wp-content\/uploads\/2021\/04\/Brannassla-423-Photoroom-e1765959082515.png","datePublished":"2021-04-21T07:45:15+00:00","dateModified":"2026-01-28T10:49:45+00:00","description":"Nokkonen - lis\u00e4ravinteessa on korkea klorofyllipitoisuus, jolla on verta puhdistavia ominaisuuksia. Raudanpuutteeseen ja auttaa ferritiinin muodostuksessa.","breadcrumb":{"@id":"https:\/\/reviva.fi\/fi\/tuote\/nokkonen\/#breadcrumb"},"inLanguage":"fi","potentialAction":[{"@type":"ReadAction","target":["https:\/\/reviva.fi\/fi\/tuote\/nokkonen\/"]}]},{"@type":"ImageObject","inLanguage":"fi","@id":"https:\/\/reviva.fi\/fi\/tuote\/nokkonen\/#primaryimage","url":"https:\/\/reviva.fi\/wp-content\/uploads\/2021\/04\/Brannassla-423-Photoroom-e1765959082515.png","contentUrl":"https:\/\/reviva.fi\/wp-content\/uploads\/2021\/04\/Brannassla-423-Photoroom-e1765959082515.png","width":2000,"height":1333,"caption":"Br\u00e4nn\u00e4ssla"},{"@type":"BreadcrumbList","@id":"https:\/\/reviva.fi\/fi\/tuote\/nokkonen\/#breadcrumb","itemListElement":[{"@type":"ListItem","position":1,"name":"Etusivu","item":"https:\/\/reviva.fi\/fi\/"},{"@type":"ListItem","position":2,"name":"Tuotteet","item":"https:\/\/reviva.fi\/produkter\/"},{"@type":"ListItem","position":3,"name":"Nokkonen &#8211; Urtica Dioica"}]},{"@type":"WebSite","@id":"https:\/\/reviva.fi\/fi\/#website","url":"https:\/\/reviva.fi\/fi\/","name":"Reviva","description":"","publisher":{"@id":"https:\/\/reviva.fi\/fi\/#organization"},"potentialAction":[{"@type":"SearchAction","target":{"@type":"EntryPoint","urlTemplate":"https:\/\/reviva.fi\/fi\/?s={search_term_string}"},"query-input":{"@type":"PropertyValueSpecification","valueRequired":true,"valueName":"search_term_string"}}],"inLanguage":"fi"},{"@type":"Organization","@id":"https:\/\/reviva.fi\/fi\/#organization","name":"Reviva","url":"https:\/\/reviva.fi\/fi\/","logo":{"@type":"ImageObject","inLanguage":"fi","@id":"https:\/\/reviva.fi\/fi\/#\/schema\/logo\/image\/","url":"https:\/\/reviva.fi\/wp-content\/uploads\/2023\/10\/reviva-logo2.svg","contentUrl":"https:\/\/reviva.fi\/wp-content\/uploads\/2023\/10\/reviva-logo2.svg","caption":"Reviva"},"image":{"@id":"https:\/\/reviva.fi\/fi\/#\/schema\/logo\/image\/"}}]},"product_price_amount":"26.32","product_price_currency":"EUR","og_availability":"instock","product_availability":"instock","product_retailer_item_id":"423","product_condition":"new"},"taxonomy_info":{"product_cat":[{"value":141,"label":"Yrtit"},{"value":5963,"label":"Synergos"}],"product_tag":[{"value":3056,"label":"aivot"},{"value":458,"label":"akne"},{"value":1119,"label":"allergiat"},{"value":1148,"label":"artriitti"},{"value":2963,"label":"Asetyylikoliini"},{"value":1154,"label":"astma"},{"value":1183,"label":"bioflavonoidit"},{"value":2903,"label":"C-askorbaatti"},{"value":2905,"label":"Diureetti"},{"value":2899,"label":"Em\u00e4ksinen"},{"value":2956,"label":"Eturauhasen suurentuminen"},{"value":1556,"label":"hauraat kynnet"},{"value":1330,"label":"hein\u00e4nuha"},{"value":3117,"label":"Hy\u00f6tylaitos"},{"value":2947,"label":"Kaliumi"},{"value":3031,"label":"kihti"},{"value":2908,"label":"klorofylliaineet"},{"value":3121,"label":"Lihaskivut"},{"value":479,"label":"magnesiumi"},{"value":1479,"label":"munuaiskivet"},{"value":2924,"label":"Munuaisten vajaatoiminta"},{"value":2912,"label":"Nivelkipu"},{"value":3138,"label":"Nokkonen"},{"value":2999,"label":"Nokkonen"},{"value":3083,"label":"pii"},{"value":1525,"label":"reumatismi"},{"value":3086,"label":"runsaasti klorofylli\u00e4"},{"value":2921,"label":"stressiper\u00e4inen ekseema"},{"value":3202,"label":"Turvotus"},{"value":2926,"label":"Urtica Dioica"},{"value":2906,"label":"vaimentaa prostaglandiini 2:ta"},{"value":1188,"label":"veren puhdistus"},{"value":2970,"label":"Verenpuute"},{"value":2971,"label":"verta puhdistava"},{"value":2925,"label":"Virtsatientulehdus"},{"value":3198,"label":"Vitamiini K"}]},"featured_image_src_large":["https:\/\/reviva.fi\/wp-content\/uploads\/2021\/04\/Brannassla-423-Photoroom-1024x682.png",1024,682,true],"author_info":[],"comment_info":0,"_links":{"self":[{"href":"https:\/\/reviva.fi\/fi\/wp-json\/wp\/v2\/product\/1979","targetHints":{"allow":["GET"]}}],"collection":[{"href":"https:\/\/reviva.fi\/fi\/wp-json\/wp\/v2\/product"}],"about":[{"href":"https:\/\/reviva.fi\/fi\/wp-json\/wp\/v2\/types\/product"}],"replies":[{"embeddable":true,"href":"https:\/\/reviva.fi\/fi\/wp-json\/wp\/v2\/comments?post=1979"}],"wp:featuredmedia":[{"embeddable":true,"href":"https:\/\/reviva.fi\/fi\/wp-json\/wp\/v2\/media\/13368"}],"wp:attachment":[{"href":"https:\/\/reviva.fi\/fi\/wp-json\/wp\/v2\/media?parent=1979"}],"wp:term":[{"taxonomy":"product_brand","embeddable":true,"href":"https:\/\/reviva.fi\/fi\/wp-json\/wp\/v2\/product_brand?post=1979"},{"taxonomy":"product_cat","embeddable":true,"href":"https:\/\/reviva.fi\/fi\/wp-json\/wp\/v2\/product_cat?post=1979"},{"taxonomy":"product_tag","embeddable":true,"href":"https:\/\/reviva.fi\/fi\/wp-json\/wp\/v2\/product_tag?post=1979"}],"curies":[{"name":"wp","href":"https:\/\/api.w.org\/{rel}","templated":true}]}}