{"id":1982,"date":"2021-04-21T11:02:09","date_gmt":"2021-04-21T08:02:09","guid":{"rendered":"https:\/\/reviva.fi\/product\/1904\/"},"modified":"2026-03-26T13:13:49","modified_gmt":"2026-03-26T11:13:49","slug":"seljanmarja","status":"publish","type":"product","link":"https:\/\/reviva.fi\/fi\/tuote\/seljanmarja\/","title":{"rendered":"Seljanmarja"},"content":{"rendered":"<p data-start=\"331\" data-end=\"613\">Seljanmarja on perinteinen kasvi, jota on arvostettu pitk\u00e4\u00e4n eurooppalaisessa kasvin k\u00e4yt\u00f6ss\u00e4 sen luonnollisen antioksidanttipitoisuuden ansiosta. T\u00e4ss\u00e4 k\u00e4yt\u00e4nn\u00f6llisess\u00e4 kapselimuodossa seljanmarjan hy\u00f6dyt on helppo sis\u00e4llytt\u00e4\u00e4 p\u00e4ivitt\u00e4iseen rutiiniin \u2013 ilman makua tai valmistelua.<\/p>\n<p data-start=\"615\" data-end=\"873\">Kapselit tarjoavat vaivattoman tavan hy\u00f6dynt\u00e4\u00e4 seljanmarjan ominaisuuksia, riippumatta el\u00e4m\u00e4ntilanteestasi tai p\u00e4iv\u00e4n rytmist\u00e4. Sopii erinomaisesti sinulle, joka etsit kasvipohjaista ravintolis\u00e4\u00e4 osaksi tasapainoista ruokavaliota ja terveellist\u00e4 el\u00e4m\u00e4ntapaa.<\/p>\n<p data-start=\"875\" data-end=\"1015\" data-is-last-node=\"\" data-is-only-node=\"\">Seljanmarja yhdist\u00e4\u00e4 perinteisen kasvitiedon ja modernin helppok\u00e4ytt\u00f6isyyden \u2013 luonnollinen ja vaivaton valinta p\u00e4ivitt\u00e4iseen hyvinvointiin.<\/p>\n","protected":false},"excerpt":{"rendered":"<p>Seljanmarja kapselimuodossa on k\u00e4yt\u00e4nn\u00f6llinen ravintolis\u00e4, joka sis\u00e4lt\u00e4\u00e4 luonnollisia antioksidantteja.<\/p>\n<p><strong>60 kapselia<\/strong><\/p>\n<p>&nbsp;<\/p>\n","protected":false},"featured_media":11833,"comment_status":"open","ping_status":"closed","template":"","meta":{"_acf_changed":false,"inline_featured_image":false,"_kad_blocks_custom_css":"","_kad_blocks_head_custom_js":"","_kad_blocks_body_custom_js":"","_kad_blocks_footer_custom_js":"","_kadence_starter_templates_imported_post":false,"_kad_post_transparent":"default","_kad_post_title":"","_kad_post_layout":"default","_kad_post_sidebar_id":"","_kad_post_content_style":"default","_kad_post_vertical_padding":"default","_kad_post_feature":"","_kad_post_feature_position":"","_kad_post_header":false,"_kad_post_footer":false},"product_brand":[],"product_cat":[141,2454,2357],"product_tag":[1610,1179,1281,1577,1338,1358,1245,1105,1391,1485,1181,1261,1611,1618,1288],"class_list":{"0":"post-1982","1":"product","2":"type-product","3":"status-publish","4":"has-post-thumbnail","6":"product_cat-orter-fi","7":"product_cat-evp-nutrition-fi","8":"product_cat-immunforsvar-fi","9":"product_tag-diureetti","10":"product_tag-hengitysvaikeuksia","11":"product_tag-herpes-fi","12":"product_tag-hikoilu","13":"product_tag-influenssa","14":"product_tag-katarri","15":"product_tag-kuume","16":"product_tag-limaa-poistavaa","17":"product_tag-maksaa-suojaava","18":"product_tag-nenan-katarri","19":"product_tag-sinuiitti","20":"product_tag-vilustuminen","21":"product_tag-virtsatietulehdus","22":"product_tag-virusinfektiot","23":"product_tag-yska","25":"first","26":"instock","27":"taxable","28":"shipping-taxable","29":"purchasable","30":"product-type-simple","31":"entry","32":"content-bg","33":"loop-entry"},"acf":[],"yoast_head":"<!-- This site is optimized with the Yoast SEO plugin v25.8 - https:\/\/yoast.com\/wordpress\/plugins\/seo\/ -->\n<title>Seljanmarja - Reviva<\/title>\n<meta name=\"description\" content=\"Seljanmarja on todella t\u00e4ynn\u00e4 v\u00e4ri\u00e4. Mit\u00e4 vahvempi v\u00e4ri, sit\u00e4 enemm\u00e4n antioksidantteja. Seljanmarja voidaan k\u00e4ytt\u00e4\u00e4 hengityselinten ongelmiin.\" \/>\n<meta name=\"robots\" content=\"index, follow, max-snippet:-1, max-image-preview:large, max-video-preview:-1\" \/>\n<link rel=\"canonical\" href=\"https:\/\/reviva.fi\/fi\/tuote\/seljanmarja\/\" \/>\n<meta property=\"og:locale\" content=\"fi_FI\" \/>\n<meta property=\"og:type\" content=\"article\" \/>\n<meta property=\"og:title\" content=\"Seljanmarja - Reviva\" \/>\n<meta property=\"og:description\" content=\"Seljanmarja on todella t\u00e4ynn\u00e4 v\u00e4ri\u00e4. Mit\u00e4 vahvempi v\u00e4ri, sit\u00e4 enemm\u00e4n antioksidantteja. Seljanmarja voidaan k\u00e4ytt\u00e4\u00e4 hengityselinten ongelmiin.\" \/>\n<meta property=\"og:url\" content=\"https:\/\/reviva.fi\/fi\/tuote\/seljanmarja\/\" \/>\n<meta property=\"og:site_name\" content=\"Reviva\" \/>\n<meta property=\"article:modified_time\" content=\"2026-03-26T11:13:49+00:00\" \/>\n<meta property=\"og:image\" content=\"https:\/\/reviva.fi\/wp-content\/uploads\/2021\/04\/Fladerbar-415-Photoroom-e1745300340281.png\" \/>\n\t<meta property=\"og:image:width\" content=\"1600\" \/>\n\t<meta property=\"og:image:height\" content=\"1600\" \/>\n\t<meta property=\"og:image:type\" content=\"image\/png\" \/>\n<meta name=\"twitter:card\" content=\"summary_large_image\" \/>\n<script type=\"application\/ld+json\" class=\"yoast-schema-graph\">{\"@context\":\"https:\/\/schema.org\",\"@graph\":[{\"@type\":\"WebPage\",\"@id\":\"https:\/\/reviva.fi\/fi\/tuote\/seljanmarja\/\",\"url\":\"https:\/\/reviva.fi\/fi\/tuote\/seljanmarja\/\",\"name\":\"Seljanmarja - Reviva\",\"isPartOf\":{\"@id\":\"https:\/\/reviva.fi\/fi\/#website\"},\"primaryImageOfPage\":{\"@id\":\"https:\/\/reviva.fi\/fi\/tuote\/seljanmarja\/#primaryimage\"},\"image\":{\"@id\":\"https:\/\/reviva.fi\/fi\/tuote\/seljanmarja\/#primaryimage\"},\"thumbnailUrl\":\"https:\/\/reviva.fi\/wp-content\/uploads\/2021\/04\/Fladerbar-415-Photoroom-e1745300340281.png\",\"datePublished\":\"2021-04-21T08:02:09+00:00\",\"dateModified\":\"2026-03-26T11:13:49+00:00\",\"description\":\"Seljanmarja on todella t\u00e4ynn\u00e4 v\u00e4ri\u00e4. Mit\u00e4 vahvempi v\u00e4ri, sit\u00e4 enemm\u00e4n antioksidantteja. Seljanmarja voidaan k\u00e4ytt\u00e4\u00e4 hengityselinten ongelmiin.\",\"breadcrumb\":{\"@id\":\"https:\/\/reviva.fi\/fi\/tuote\/seljanmarja\/#breadcrumb\"},\"inLanguage\":\"fi\",\"potentialAction\":[{\"@type\":\"ReadAction\",\"target\":[\"https:\/\/reviva.fi\/fi\/tuote\/seljanmarja\/\"]}]},{\"@type\":\"ImageObject\",\"inLanguage\":\"fi\",\"@id\":\"https:\/\/reviva.fi\/fi\/tuote\/seljanmarja\/#primaryimage\",\"url\":\"https:\/\/reviva.fi\/wp-content\/uploads\/2021\/04\/Fladerbar-415-Photoroom-e1745300340281.png\",\"contentUrl\":\"https:\/\/reviva.fi\/wp-content\/uploads\/2021\/04\/Fladerbar-415-Photoroom-e1745300340281.png\",\"width\":1600,\"height\":1600,\"caption\":\"Fl\u00e4derb\u00e4r\"},{\"@type\":\"BreadcrumbList\",\"@id\":\"https:\/\/reviva.fi\/fi\/tuote\/seljanmarja\/#breadcrumb\",\"itemListElement\":[{\"@type\":\"ListItem\",\"position\":1,\"name\":\"Etusivu\",\"item\":\"https:\/\/reviva.fi\/fi\/\"},{\"@type\":\"ListItem\",\"position\":2,\"name\":\"Tuotteet\",\"item\":\"https:\/\/reviva.fi\/produkter\/\"},{\"@type\":\"ListItem\",\"position\":3,\"name\":\"Seljanmarja\"}]},{\"@type\":\"WebSite\",\"@id\":\"https:\/\/reviva.fi\/fi\/#website\",\"url\":\"https:\/\/reviva.fi\/fi\/\",\"name\":\"Reviva\",\"description\":\"\",\"publisher\":{\"@id\":\"https:\/\/reviva.fi\/fi\/#organization\"},\"potentialAction\":[{\"@type\":\"SearchAction\",\"target\":{\"@type\":\"EntryPoint\",\"urlTemplate\":\"https:\/\/reviva.fi\/fi\/?s={search_term_string}\"},\"query-input\":{\"@type\":\"PropertyValueSpecification\",\"valueRequired\":true,\"valueName\":\"search_term_string\"}}],\"inLanguage\":\"fi\"},{\"@type\":\"Organization\",\"@id\":\"https:\/\/reviva.fi\/fi\/#organization\",\"name\":\"Reviva\",\"url\":\"https:\/\/reviva.fi\/fi\/\",\"logo\":{\"@type\":\"ImageObject\",\"inLanguage\":\"fi\",\"@id\":\"https:\/\/reviva.fi\/fi\/#\/schema\/logo\/image\/\",\"url\":\"https:\/\/reviva.fi\/wp-content\/uploads\/2023\/10\/reviva-logo2.svg\",\"contentUrl\":\"https:\/\/reviva.fi\/wp-content\/uploads\/2023\/10\/reviva-logo2.svg\",\"caption\":\"Reviva\"},\"image\":{\"@id\":\"https:\/\/reviva.fi\/fi\/#\/schema\/logo\/image\/\"}}]}<\/script>\n<meta property=\"product:price:amount\" content=\"31.45\" \/>\n<meta property=\"product:price:currency\" content=\"EUR\" \/>\n<meta property=\"og:availability\" content=\"instock\" \/>\n<meta property=\"product:availability\" content=\"instock\" \/>\n<meta property=\"product:retailer_item_id\" content=\"415\" \/>\n<meta property=\"product:condition\" content=\"new\" \/>\n<!-- \/ Yoast SEO plugin. -->","yoast_head_json":{"title":"Seljanmarja - Reviva","description":"Seljanmarja on todella t\u00e4ynn\u00e4 v\u00e4ri\u00e4. Mit\u00e4 vahvempi v\u00e4ri, sit\u00e4 enemm\u00e4n antioksidantteja. Seljanmarja voidaan k\u00e4ytt\u00e4\u00e4 hengityselinten ongelmiin.","robots":{"index":"index","follow":"follow","max-snippet":"max-snippet:-1","max-image-preview":"max-image-preview:large","max-video-preview":"max-video-preview:-1"},"canonical":"https:\/\/reviva.fi\/fi\/tuote\/seljanmarja\/","og_locale":"fi_FI","og_type":"article","og_title":"Seljanmarja - Reviva","og_description":"Seljanmarja on todella t\u00e4ynn\u00e4 v\u00e4ri\u00e4. Mit\u00e4 vahvempi v\u00e4ri, sit\u00e4 enemm\u00e4n antioksidantteja. Seljanmarja voidaan k\u00e4ytt\u00e4\u00e4 hengityselinten ongelmiin.","og_url":"https:\/\/reviva.fi\/fi\/tuote\/seljanmarja\/","og_site_name":"Reviva","article_modified_time":"2026-03-26T11:13:49+00:00","og_image":[{"width":1600,"height":1600,"url":"https:\/\/reviva.fi\/wp-content\/uploads\/2021\/04\/Fladerbar-415-Photoroom-e1745300340281.png","type":"image\/png"}],"twitter_card":"summary_large_image","schema":{"@context":"https:\/\/schema.org","@graph":[{"@type":"WebPage","@id":"https:\/\/reviva.fi\/fi\/tuote\/seljanmarja\/","url":"https:\/\/reviva.fi\/fi\/tuote\/seljanmarja\/","name":"Seljanmarja - Reviva","isPartOf":{"@id":"https:\/\/reviva.fi\/fi\/#website"},"primaryImageOfPage":{"@id":"https:\/\/reviva.fi\/fi\/tuote\/seljanmarja\/#primaryimage"},"image":{"@id":"https:\/\/reviva.fi\/fi\/tuote\/seljanmarja\/#primaryimage"},"thumbnailUrl":"https:\/\/reviva.fi\/wp-content\/uploads\/2021\/04\/Fladerbar-415-Photoroom-e1745300340281.png","datePublished":"2021-04-21T08:02:09+00:00","dateModified":"2026-03-26T11:13:49+00:00","description":"Seljanmarja on todella t\u00e4ynn\u00e4 v\u00e4ri\u00e4. Mit\u00e4 vahvempi v\u00e4ri, sit\u00e4 enemm\u00e4n antioksidantteja. Seljanmarja voidaan k\u00e4ytt\u00e4\u00e4 hengityselinten ongelmiin.","breadcrumb":{"@id":"https:\/\/reviva.fi\/fi\/tuote\/seljanmarja\/#breadcrumb"},"inLanguage":"fi","potentialAction":[{"@type":"ReadAction","target":["https:\/\/reviva.fi\/fi\/tuote\/seljanmarja\/"]}]},{"@type":"ImageObject","inLanguage":"fi","@id":"https:\/\/reviva.fi\/fi\/tuote\/seljanmarja\/#primaryimage","url":"https:\/\/reviva.fi\/wp-content\/uploads\/2021\/04\/Fladerbar-415-Photoroom-e1745300340281.png","contentUrl":"https:\/\/reviva.fi\/wp-content\/uploads\/2021\/04\/Fladerbar-415-Photoroom-e1745300340281.png","width":1600,"height":1600,"caption":"Fl\u00e4derb\u00e4r"},{"@type":"BreadcrumbList","@id":"https:\/\/reviva.fi\/fi\/tuote\/seljanmarja\/#breadcrumb","itemListElement":[{"@type":"ListItem","position":1,"name":"Etusivu","item":"https:\/\/reviva.fi\/fi\/"},{"@type":"ListItem","position":2,"name":"Tuotteet","item":"https:\/\/reviva.fi\/produkter\/"},{"@type":"ListItem","position":3,"name":"Seljanmarja"}]},{"@type":"WebSite","@id":"https:\/\/reviva.fi\/fi\/#website","url":"https:\/\/reviva.fi\/fi\/","name":"Reviva","description":"","publisher":{"@id":"https:\/\/reviva.fi\/fi\/#organization"},"potentialAction":[{"@type":"SearchAction","target":{"@type":"EntryPoint","urlTemplate":"https:\/\/reviva.fi\/fi\/?s={search_term_string}"},"query-input":{"@type":"PropertyValueSpecification","valueRequired":true,"valueName":"search_term_string"}}],"inLanguage":"fi"},{"@type":"Organization","@id":"https:\/\/reviva.fi\/fi\/#organization","name":"Reviva","url":"https:\/\/reviva.fi\/fi\/","logo":{"@type":"ImageObject","inLanguage":"fi","@id":"https:\/\/reviva.fi\/fi\/#\/schema\/logo\/image\/","url":"https:\/\/reviva.fi\/wp-content\/uploads\/2023\/10\/reviva-logo2.svg","contentUrl":"https:\/\/reviva.fi\/wp-content\/uploads\/2023\/10\/reviva-logo2.svg","caption":"Reviva"},"image":{"@id":"https:\/\/reviva.fi\/fi\/#\/schema\/logo\/image\/"}}]},"product_price_amount":"31.45","product_price_currency":"EUR","og_availability":"instock","product_availability":"instock","product_retailer_item_id":"415","product_condition":"new"},"taxonomy_info":{"product_cat":[{"value":141,"label":"Yrtit"},{"value":2454,"label":"EVP Nutrition"},{"value":2357,"label":"Immuunipuolustus"}],"product_tag":[{"value":1610,"label":"diureetti"},{"value":1179,"label":"hengitysvaikeuksia"},{"value":1281,"label":"herpes"},{"value":1577,"label":"hikoilu"},{"value":1338,"label":"influenssa"},{"value":1358,"label":"katarri"},{"value":1245,"label":"kuume"},{"value":1105,"label":"Limaa poistava"},{"value":1391,"label":"maksaa suojaava"},{"value":1485,"label":"nen\u00e4n katarri"},{"value":1181,"label":"sinuiitti"},{"value":1261,"label":"vilustuminen"},{"value":1611,"label":"virtsatietulehdus"},{"value":1618,"label":"virusinfektiot"},{"value":1288,"label":"ysk\u00e4"}]},"featured_image_src_large":["https:\/\/reviva.fi\/wp-content\/uploads\/2021\/04\/Fladerbar-415-Photoroom-1024x1024.png",1024,1024,true],"author_info":[],"comment_info":0,"_links":{"self":[{"href":"https:\/\/reviva.fi\/fi\/wp-json\/wp\/v2\/product\/1982","targetHints":{"allow":["GET"]}}],"collection":[{"href":"https:\/\/reviva.fi\/fi\/wp-json\/wp\/v2\/product"}],"about":[{"href":"https:\/\/reviva.fi\/fi\/wp-json\/wp\/v2\/types\/product"}],"replies":[{"embeddable":true,"href":"https:\/\/reviva.fi\/fi\/wp-json\/wp\/v2\/comments?post=1982"}],"wp:featuredmedia":[{"embeddable":true,"href":"https:\/\/reviva.fi\/fi\/wp-json\/wp\/v2\/media\/11833"}],"wp:attachment":[{"href":"https:\/\/reviva.fi\/fi\/wp-json\/wp\/v2\/media?parent=1982"}],"wp:term":[{"taxonomy":"product_brand","embeddable":true,"href":"https:\/\/reviva.fi\/fi\/wp-json\/wp\/v2\/product_brand?post=1982"},{"taxonomy":"product_cat","embeddable":true,"href":"https:\/\/reviva.fi\/fi\/wp-json\/wp\/v2\/product_cat?post=1982"},{"taxonomy":"product_tag","embeddable":true,"href":"https:\/\/reviva.fi\/fi\/wp-json\/wp\/v2\/product_tag?post=1982"}],"curies":[{"name":"wp","href":"https:\/\/api.w.org\/{rel}","templated":true}]}}