{"id":1990,"date":"2021-04-22T09:56:31","date_gmt":"2021-04-22T06:56:31","guid":{"rendered":"https:\/\/reviva.fi\/product\/cortex-max\/"},"modified":"2026-01-28T13:24:31","modified_gmt":"2026-01-28T11:24:31","slug":"cortex-max-pfaffia-paniculata","status":"publish","type":"product","link":"https:\/\/reviva.fi\/fi\/tuote\/cortex-max-pfaffia-paniculata\/","title":{"rendered":"Cortex Max &#8211; Pfaffia paniculata"},"content":{"rendered":"<p><strong>Cortex Max &#8211; Pfaffia paniculata<\/strong><\/p>\n<p>T\u00e4m\u00e4n p\u00e4iv\u00e4n yrttil\u00e4\u00e4ketieteess\u00e4 Pfaffia luetaan adaptogeeneihin (adaptaatio \u2013 mukautuminen). Adaptogeeni m\u00e4\u00e4ritell\u00e4\u00e4n aineeksi, joka t\u00e4ytt\u00e4\u00e4 seuraavat kolme vaatimusta:<\/p>\n<ol>\n<li>Se saa aiheuttaa ainoastaan v\u00e4h\u00e4isi\u00e4 h\u00e4iri\u00f6it\u00e4 kehon fysiologisiin prosesseihin.<\/li>\n<li>Sen on edistett\u00e4v\u00e4 kehon vastustuskyky\u00e4 monia fyysisi\u00e4, kemiallisia ja biokemiallisia tekij\u00f6it\u00e4 vastaan.<\/li>\n<li>Sen vaikutuksen on oltava kaikilla tasoilla normalisoiva ja sen on korjattava kaikenlaisia tiloja eik\u00e4 heikent\u00e4\u00e4 mit\u00e4\u00e4n.<\/li>\n<\/ol>\n<p>Tiivistettyn\u00e4 voidaan sanoa, ett\u00e4 adaptogeeni on palauttava, korjaava, uudistava ja elvytt\u00e4v\u00e4.<br \/>\nRavitsemuksellisesti Pfaffia sis\u00e4lt\u00e4\u00e4 19 eri aminohappoa, suuren m\u00e4\u00e4r\u00e4n elektrolyyttej\u00e4, hivenaineita, rautaa, magnesiumia, sinkki\u00e4, A-, B1-, B2-, E- ja K-vitamiinia sek\u00e4 pantoteenihappoa. Sen juuri sis\u00e4lt\u00e4\u00e4 my\u00f6s fytokemikaaleja, mukaan lukien saponiinit, pfaffia-hapot, glykosidit ja nortriterpeenit.<\/p>\n<p>&nbsp;<\/p>\n","protected":false},"excerpt":{"rendered":"<p><strong>Fytoravinne umpieritysj\u00e4rjestelm\u00e4n tueksi<\/strong><\/p>\n<p><strong>Yrtin ominaisuudet<\/strong> \u2013 Adaptogeeninen (tasapainottaa, vahvistaa), afrodisiakki, steroidi, vastustuskyky\u00e4 stimuloiva.<\/p>\n<p><strong>100 kapselia<\/strong><\/p>\n","protected":false},"featured_media":13370,"comment_status":"open","ping_status":"closed","template":"","meta":{"_acf_changed":false,"inline_featured_image":false,"_kad_blocks_custom_css":"","_kad_blocks_head_custom_js":"","_kad_blocks_body_custom_js":"","_kad_blocks_footer_custom_js":"","_kadence_starter_templates_imported_post":false,"_kad_post_transparent":"default","_kad_post_title":"","_kad_post_layout":"default","_kad_post_sidebar_id":"","_kad_post_content_style":"default","_kad_post_vertical_padding":"default","_kad_post_feature":"","_kad_post_feature_position":"","_kad_post_header":false,"_kad_post_footer":false},"product_brand":[],"product_cat":[141,5963,2376],"product_tag":[1115,2965,3056,3090,3089,1125,1148,415,417,1068,3006,2988,436,3026,1627,3152,3010,3017,3041,3033,1586,3174,3036,3064,1333,448,3146,3043,1549,3205,3150,1377,3185,1455,3195,2969,479,3114,3115,3029,3204,3130,2955,3131,1097,3105,3154,3166,2962,1559,2983,2984,1128,3116,1567,3085,3084,3180,2930,2929],"class_list":{"0":"post-1990","1":"product","2":"type-product","3":"status-publish","4":"has-post-thumbnail","6":"product_cat-orter-fi","7":"product_cat-synergos-fi","8":"product_cat-stressad-och-trott-fi","9":"product_tag-adaptogeeni","10":"product_tag-afrodisiakki","11":"product_tag-aivot","12":"product_tag-alhainen-libido","13":"product_tag-alhainen-verensokeri","14":"product_tag-anemia","15":"product_tag-artriitti","16":"product_tag-b1-vitamiini","17":"product_tag-b2-vitamiini","18":"product_tag-cfs-me-fi","19":"product_tag-cortex-max-fi-2","20":"product_tag-diabetes-fi","21":"product_tag-e-vitamiini","22":"product_tag-elektrolyytti","23":"product_tag-elpyminen","24":"product_tag-elvyttava","25":"product_tag-energiaa-antava","26":"product_tag-frigidityys","27":"product_tag-fytokemikaalit","28":"product_tag-glykosidit","29":"product_tag-haavan-paranemista","30":"product_tag-hivenaineet","31":"product_tag-hormonihairiot","32":"product_tag-hypoglykemia","33":"product_tag-impotenssi","34":"product_tag-k-vitamiini","35":"product_tag-kaikille","36":"product_tag-kaikkeen","37":"product_tag-kivunlievittaja","38":"product_tag-korjaava-fi","39":"product_tag-korjaava","40":"product_tag-krooninen-vasymys","41":"product_tag-kuukautishairio","42":"product_tag-lihasten-kasvua","43":"product_tag-lisaa-joustavuutta","44":"product_tag-lisamunuaisen-vajaatoiminta-fi","45":"product_tag-magnesiumi","46":"product_tag-normalisoitu","47":"product_tag-nortriterpeenit","48":"product_tag-nuorentava","49":"product_tag-palauttava","50":"product_tag-pantamiini","51":"product_tag-pantoteenihappo","52":"product_tag-pfafiinihapot","53":"product_tag-pms-fi","54":"product_tag-rauhoittava-aine","55":"product_tag-saponiinit","56":"product_tag-seksuaalinen-hairio-fi","57":"product_tag-sinkki","58":"product_tag-stressi","59":"product_tag-tasapaino","60":"product_tag-tasapainottaa","61":"product_tag-tulehdusta-ehkaiseva","62":"product_tag-uutta-energiaa","63":"product_tag-vahvistaminen","64":"product_tag-vaihdevuodet","65":"product_tag-vaihdevuosien-oireet-fi","66":"product_tag-vitamiini-a","67":"product_tag-yleinen-vasymys","68":"product_tag-yleisvoimistaja","70":"first","71":"instock","72":"taxable","73":"shipping-taxable","74":"purchasable","75":"product-type-simple","76":"entry","77":"content-bg","78":"loop-entry"},"acf":[],"yoast_head":"<!-- This site is optimized with the Yoast SEO plugin v25.8 - https:\/\/yoast.com\/wordpress\/plugins\/seo\/ -->\n<title>Cortex Max - Pfaffia paniculata - Reviva<\/title>\n<meta name=\"description\" content=\"Cortex Max - Pfaffia paniculata Fytiinihappo hormonitoimintaa tukevaksi. Palauttava, Energisoiva, afrodisiakki ja rauhoittava.\" \/>\n<meta name=\"robots\" content=\"index, follow, max-snippet:-1, max-image-preview:large, max-video-preview:-1\" \/>\n<link rel=\"canonical\" href=\"https:\/\/reviva.fi\/fi\/tuote\/cortex-max-pfaffia-paniculata\/\" \/>\n<meta property=\"og:locale\" content=\"fi_FI\" \/>\n<meta property=\"og:type\" content=\"article\" \/>\n<meta property=\"og:title\" content=\"Cortex Max - Pfaffia paniculata - Reviva\" \/>\n<meta property=\"og:description\" content=\"Cortex Max - Pfaffia paniculata Fytiinihappo hormonitoimintaa tukevaksi. Palauttava, Energisoiva, afrodisiakki ja rauhoittava.\" \/>\n<meta property=\"og:url\" content=\"https:\/\/reviva.fi\/fi\/tuote\/cortex-max-pfaffia-paniculata\/\" \/>\n<meta property=\"og:site_name\" content=\"Reviva\" \/>\n<meta property=\"article:modified_time\" content=\"2026-01-28T11:24:31+00:00\" \/>\n<meta property=\"og:image\" content=\"https:\/\/reviva.fi\/wp-content\/uploads\/2021\/04\/Cortex-Max-Photoroom-e1765959347409.png\" \/>\n\t<meta property=\"og:image:width\" content=\"2000\" \/>\n\t<meta property=\"og:image:height\" content=\"1333\" \/>\n\t<meta property=\"og:image:type\" content=\"image\/png\" \/>\n<meta name=\"twitter:card\" content=\"summary_large_image\" \/>\n<script type=\"application\/ld+json\" class=\"yoast-schema-graph\">{\"@context\":\"https:\/\/schema.org\",\"@graph\":[{\"@type\":\"WebPage\",\"@id\":\"https:\/\/reviva.fi\/fi\/tuote\/cortex-max-pfaffia-paniculata\/\",\"url\":\"https:\/\/reviva.fi\/fi\/tuote\/cortex-max-pfaffia-paniculata\/\",\"name\":\"Cortex Max - Pfaffia paniculata - Reviva\",\"isPartOf\":{\"@id\":\"https:\/\/reviva.fi\/fi\/#website\"},\"primaryImageOfPage\":{\"@id\":\"https:\/\/reviva.fi\/fi\/tuote\/cortex-max-pfaffia-paniculata\/#primaryimage\"},\"image\":{\"@id\":\"https:\/\/reviva.fi\/fi\/tuote\/cortex-max-pfaffia-paniculata\/#primaryimage\"},\"thumbnailUrl\":\"https:\/\/reviva.fi\/wp-content\/uploads\/2021\/04\/Cortex-Max-Photoroom-e1765959347409.png\",\"datePublished\":\"2021-04-22T06:56:31+00:00\",\"dateModified\":\"2026-01-28T11:24:31+00:00\",\"description\":\"Cortex Max - Pfaffia paniculata Fytiinihappo hormonitoimintaa tukevaksi. Palauttava, Energisoiva, afrodisiakki ja rauhoittava.\",\"breadcrumb\":{\"@id\":\"https:\/\/reviva.fi\/fi\/tuote\/cortex-max-pfaffia-paniculata\/#breadcrumb\"},\"inLanguage\":\"fi\",\"potentialAction\":[{\"@type\":\"ReadAction\",\"target\":[\"https:\/\/reviva.fi\/fi\/tuote\/cortex-max-pfaffia-paniculata\/\"]}]},{\"@type\":\"ImageObject\",\"inLanguage\":\"fi\",\"@id\":\"https:\/\/reviva.fi\/fi\/tuote\/cortex-max-pfaffia-paniculata\/#primaryimage\",\"url\":\"https:\/\/reviva.fi\/wp-content\/uploads\/2021\/04\/Cortex-Max-Photoroom-e1765959347409.png\",\"contentUrl\":\"https:\/\/reviva.fi\/wp-content\/uploads\/2021\/04\/Cortex-Max-Photoroom-e1765959347409.png\",\"width\":2000,\"height\":1333,\"caption\":\"Cortex Max - Pfaffia Paniculata\"},{\"@type\":\"BreadcrumbList\",\"@id\":\"https:\/\/reviva.fi\/fi\/tuote\/cortex-max-pfaffia-paniculata\/#breadcrumb\",\"itemListElement\":[{\"@type\":\"ListItem\",\"position\":1,\"name\":\"Etusivu\",\"item\":\"https:\/\/reviva.fi\/fi\/\"},{\"@type\":\"ListItem\",\"position\":2,\"name\":\"Tuotteet\",\"item\":\"https:\/\/reviva.fi\/produkter\/\"},{\"@type\":\"ListItem\",\"position\":3,\"name\":\"Cortex Max &#8211; Pfaffia paniculata\"}]},{\"@type\":\"WebSite\",\"@id\":\"https:\/\/reviva.fi\/fi\/#website\",\"url\":\"https:\/\/reviva.fi\/fi\/\",\"name\":\"Reviva\",\"description\":\"\",\"publisher\":{\"@id\":\"https:\/\/reviva.fi\/fi\/#organization\"},\"potentialAction\":[{\"@type\":\"SearchAction\",\"target\":{\"@type\":\"EntryPoint\",\"urlTemplate\":\"https:\/\/reviva.fi\/fi\/?s={search_term_string}\"},\"query-input\":{\"@type\":\"PropertyValueSpecification\",\"valueRequired\":true,\"valueName\":\"search_term_string\"}}],\"inLanguage\":\"fi\"},{\"@type\":\"Organization\",\"@id\":\"https:\/\/reviva.fi\/fi\/#organization\",\"name\":\"Reviva\",\"url\":\"https:\/\/reviva.fi\/fi\/\",\"logo\":{\"@type\":\"ImageObject\",\"inLanguage\":\"fi\",\"@id\":\"https:\/\/reviva.fi\/fi\/#\/schema\/logo\/image\/\",\"url\":\"https:\/\/reviva.fi\/wp-content\/uploads\/2023\/10\/reviva-logo2.svg\",\"contentUrl\":\"https:\/\/reviva.fi\/wp-content\/uploads\/2023\/10\/reviva-logo2.svg\",\"caption\":\"Reviva\"},\"image\":{\"@id\":\"https:\/\/reviva.fi\/fi\/#\/schema\/logo\/image\/\"}}]}<\/script>\n<meta property=\"product:price:amount\" content=\"36.75\" \/>\n<meta property=\"product:price:currency\" content=\"EUR\" \/>\n<meta property=\"og:availability\" content=\"instock\" \/>\n<meta property=\"product:availability\" content=\"instock\" \/>\n<meta property=\"product:retailer_item_id\" content=\"426\" \/>\n<meta property=\"product:condition\" content=\"new\" \/>\n<!-- \/ Yoast SEO plugin. -->","yoast_head_json":{"title":"Cortex Max - Pfaffia paniculata - Reviva","description":"Cortex Max - Pfaffia paniculata Fytiinihappo hormonitoimintaa tukevaksi. Palauttava, Energisoiva, afrodisiakki ja rauhoittava.","robots":{"index":"index","follow":"follow","max-snippet":"max-snippet:-1","max-image-preview":"max-image-preview:large","max-video-preview":"max-video-preview:-1"},"canonical":"https:\/\/reviva.fi\/fi\/tuote\/cortex-max-pfaffia-paniculata\/","og_locale":"fi_FI","og_type":"article","og_title":"Cortex Max - Pfaffia paniculata - Reviva","og_description":"Cortex Max - Pfaffia paniculata Fytiinihappo hormonitoimintaa tukevaksi. Palauttava, Energisoiva, afrodisiakki ja rauhoittava.","og_url":"https:\/\/reviva.fi\/fi\/tuote\/cortex-max-pfaffia-paniculata\/","og_site_name":"Reviva","article_modified_time":"2026-01-28T11:24:31+00:00","og_image":[{"width":2000,"height":1333,"url":"https:\/\/reviva.fi\/wp-content\/uploads\/2021\/04\/Cortex-Max-Photoroom-e1765959347409.png","type":"image\/png"}],"twitter_card":"summary_large_image","schema":{"@context":"https:\/\/schema.org","@graph":[{"@type":"WebPage","@id":"https:\/\/reviva.fi\/fi\/tuote\/cortex-max-pfaffia-paniculata\/","url":"https:\/\/reviva.fi\/fi\/tuote\/cortex-max-pfaffia-paniculata\/","name":"Cortex Max - Pfaffia paniculata - Reviva","isPartOf":{"@id":"https:\/\/reviva.fi\/fi\/#website"},"primaryImageOfPage":{"@id":"https:\/\/reviva.fi\/fi\/tuote\/cortex-max-pfaffia-paniculata\/#primaryimage"},"image":{"@id":"https:\/\/reviva.fi\/fi\/tuote\/cortex-max-pfaffia-paniculata\/#primaryimage"},"thumbnailUrl":"https:\/\/reviva.fi\/wp-content\/uploads\/2021\/04\/Cortex-Max-Photoroom-e1765959347409.png","datePublished":"2021-04-22T06:56:31+00:00","dateModified":"2026-01-28T11:24:31+00:00","description":"Cortex Max - Pfaffia paniculata Fytiinihappo hormonitoimintaa tukevaksi. Palauttava, Energisoiva, afrodisiakki ja rauhoittava.","breadcrumb":{"@id":"https:\/\/reviva.fi\/fi\/tuote\/cortex-max-pfaffia-paniculata\/#breadcrumb"},"inLanguage":"fi","potentialAction":[{"@type":"ReadAction","target":["https:\/\/reviva.fi\/fi\/tuote\/cortex-max-pfaffia-paniculata\/"]}]},{"@type":"ImageObject","inLanguage":"fi","@id":"https:\/\/reviva.fi\/fi\/tuote\/cortex-max-pfaffia-paniculata\/#primaryimage","url":"https:\/\/reviva.fi\/wp-content\/uploads\/2021\/04\/Cortex-Max-Photoroom-e1765959347409.png","contentUrl":"https:\/\/reviva.fi\/wp-content\/uploads\/2021\/04\/Cortex-Max-Photoroom-e1765959347409.png","width":2000,"height":1333,"caption":"Cortex Max - Pfaffia Paniculata"},{"@type":"BreadcrumbList","@id":"https:\/\/reviva.fi\/fi\/tuote\/cortex-max-pfaffia-paniculata\/#breadcrumb","itemListElement":[{"@type":"ListItem","position":1,"name":"Etusivu","item":"https:\/\/reviva.fi\/fi\/"},{"@type":"ListItem","position":2,"name":"Tuotteet","item":"https:\/\/reviva.fi\/produkter\/"},{"@type":"ListItem","position":3,"name":"Cortex Max &#8211; Pfaffia paniculata"}]},{"@type":"WebSite","@id":"https:\/\/reviva.fi\/fi\/#website","url":"https:\/\/reviva.fi\/fi\/","name":"Reviva","description":"","publisher":{"@id":"https:\/\/reviva.fi\/fi\/#organization"},"potentialAction":[{"@type":"SearchAction","target":{"@type":"EntryPoint","urlTemplate":"https:\/\/reviva.fi\/fi\/?s={search_term_string}"},"query-input":{"@type":"PropertyValueSpecification","valueRequired":true,"valueName":"search_term_string"}}],"inLanguage":"fi"},{"@type":"Organization","@id":"https:\/\/reviva.fi\/fi\/#organization","name":"Reviva","url":"https:\/\/reviva.fi\/fi\/","logo":{"@type":"ImageObject","inLanguage":"fi","@id":"https:\/\/reviva.fi\/fi\/#\/schema\/logo\/image\/","url":"https:\/\/reviva.fi\/wp-content\/uploads\/2023\/10\/reviva-logo2.svg","contentUrl":"https:\/\/reviva.fi\/wp-content\/uploads\/2023\/10\/reviva-logo2.svg","caption":"Reviva"},"image":{"@id":"https:\/\/reviva.fi\/fi\/#\/schema\/logo\/image\/"}}]},"product_price_amount":"36.75","product_price_currency":"EUR","og_availability":"instock","product_availability":"instock","product_retailer_item_id":"426","product_condition":"new"},"taxonomy_info":{"product_cat":[{"value":141,"label":"Yrtit"},{"value":5963,"label":"Synergos"},{"value":2376,"label":"Stressaantunut &amp; V\u00e4synyt"}],"product_tag":[{"value":1115,"label":"adaptogeeni"},{"value":2965,"label":"Afrodisiakki"},{"value":3056,"label":"aivot"},{"value":3090,"label":"alhainen libido"},{"value":3089,"label":"Alhainen verensokeri"},{"value":1125,"label":"anemia"},{"value":1148,"label":"artriitti"},{"value":415,"label":"b1 vitamiini"},{"value":417,"label":"b2 vitamiini"},{"value":1068,"label":"CFS\/ME"},{"value":3006,"label":"cortex max"},{"value":2988,"label":"Diabetes"},{"value":436,"label":"e vitamiini"},{"value":3026,"label":"elektrolyytti"},{"value":1627,"label":"elpyminen"},{"value":3152,"label":"Elvytt\u00e4v\u00e4"},{"value":3010,"label":"Energiaa antava"},{"value":3017,"label":"frigidityys"},{"value":3041,"label":"fytokemikaalit"},{"value":3033,"label":"glykosidit"},{"value":1586,"label":"haavan paranemista"},{"value":3174,"label":"Hivenaineet"},{"value":3036,"label":"hormonih\u00e4iri\u00f6t"},{"value":3064,"label":"hypoglykemia"},{"value":1333,"label":"impotenssi"},{"value":448,"label":"k vitamiini"},{"value":3146,"label":"kaikille"},{"value":3043,"label":"kaikkeen"},{"value":1549,"label":"kivunlievitt\u00e4j\u00e4"},{"value":3205,"label":"Korjaava"},{"value":3150,"label":"Korjaava"},{"value":1377,"label":"krooninen v\u00e4symys"},{"value":3185,"label":"Kuukautish\u00e4iri\u00f6"},{"value":1455,"label":"lihasten kasvua"},{"value":3195,"label":"Lis\u00e4\u00e4 joustavuutta"},{"value":2969,"label":"lis\u00e4munuaisen vajaatoiminta"},{"value":479,"label":"magnesiumi"},{"value":3114,"label":"Normalisoitu"},{"value":3115,"label":"nortriterpeenit"},{"value":3029,"label":"nuorentava"},{"value":3204,"label":"Palauttava"},{"value":3130,"label":"pantamiini"},{"value":2955,"label":"Pantoteenihappo"},{"value":3131,"label":"pfafiinihapot"},{"value":1097,"label":"PMS"},{"value":3105,"label":"rauhoittava aine"},{"value":3154,"label":"saponiinit"},{"value":3166,"label":"Seksuaalinen h\u00e4iri\u00f6"},{"value":2962,"label":"Sinkki"},{"value":1559,"label":"stressi"},{"value":2983,"label":"Tasapaino"},{"value":2984,"label":"Tasapainottaa"},{"value":1128,"label":"tulehdusta ehk\u00e4isev\u00e4"},{"value":3116,"label":"Uutta energiaa"},{"value":1567,"label":"vahvistaminen"},{"value":3085,"label":"vaihdevuodet"},{"value":3084,"label":"vaihdevuosien oireet"},{"value":3180,"label":"Vitamiini A"},{"value":2930,"label":"Yleinen v\u00e4symys"},{"value":2929,"label":"yleisvoimistaja"}]},"featured_image_src_large":["https:\/\/reviva.fi\/wp-content\/uploads\/2021\/04\/Cortex-Max-Photoroom-1024x682.png",1024,682,true],"author_info":[],"comment_info":0,"_links":{"self":[{"href":"https:\/\/reviva.fi\/fi\/wp-json\/wp\/v2\/product\/1990","targetHints":{"allow":["GET"]}}],"collection":[{"href":"https:\/\/reviva.fi\/fi\/wp-json\/wp\/v2\/product"}],"about":[{"href":"https:\/\/reviva.fi\/fi\/wp-json\/wp\/v2\/types\/product"}],"replies":[{"embeddable":true,"href":"https:\/\/reviva.fi\/fi\/wp-json\/wp\/v2\/comments?post=1990"}],"wp:featuredmedia":[{"embeddable":true,"href":"https:\/\/reviva.fi\/fi\/wp-json\/wp\/v2\/media\/13370"}],"wp:attachment":[{"href":"https:\/\/reviva.fi\/fi\/wp-json\/wp\/v2\/media?parent=1990"}],"wp:term":[{"taxonomy":"product_brand","embeddable":true,"href":"https:\/\/reviva.fi\/fi\/wp-json\/wp\/v2\/product_brand?post=1990"},{"taxonomy":"product_cat","embeddable":true,"href":"https:\/\/reviva.fi\/fi\/wp-json\/wp\/v2\/product_cat?post=1990"},{"taxonomy":"product_tag","embeddable":true,"href":"https:\/\/reviva.fi\/fi\/wp-json\/wp\/v2\/product_tag?post=1990"}],"curies":[{"name":"wp","href":"https:\/\/api.w.org\/{rel}","templated":true}]}}