{"id":1996,"date":"2021-04-22T11:18:07","date_gmt":"2021-04-22T08:18:07","guid":{"rendered":"https:\/\/reviva.fi\/product\/uvimax\/"},"modified":"2026-02-01T15:04:17","modified_gmt":"2026-02-01T13:04:17","slug":"uvimax-voikukkajuuri","status":"publish","type":"product","link":"https:\/\/reviva.fi\/fi\/tuote\/uvimax-voikukkajuuri\/","title":{"rendered":"Uvimax &#8211; Voikukkajuuri"},"content":{"rendered":"<p><strong>Uvimax &#8211; Voikukkajuuri<\/strong><\/p>\n<p><strong>Voikukkaa<\/strong>, Taraxacum Officinale,\u00a0 k\u00e4ytet\u00e4\u00e4n\u00a0 <strong>munuaisia ja maksaa vahvistavien ominaisuuksiensa <\/strong>vuoksi<strong>.<\/strong> Se on my\u00f6s yleisesti verta puhdistava ja se vahvistaa kehon ruoansulatuskyky\u00e4.<\/p>\n<p>&nbsp;<\/p>\n","protected":false},"excerpt":{"rendered":"<p>Voikukanjuuriuute<\/p>\n<p><strong>60 tablettia<\/strong><\/p>\n<p>&nbsp;<\/p>\n","protected":false},"featured_media":13949,"comment_status":"open","ping_status":"closed","template":"","meta":{"_acf_changed":false,"inline_featured_image":false,"_kad_blocks_custom_css":"","_kad_blocks_head_custom_js":"","_kad_blocks_body_custom_js":"","_kad_blocks_footer_custom_js":"","_kadence_starter_templates_imported_post":false,"_kad_post_transparent":"default","_kad_post_title":"","_kad_post_layout":"default","_kad_post_sidebar_id":"","_kad_post_content_style":"default","_kad_post_vertical_padding":"default","_kad_post_feature":"","_kad_post_feature_position":"","_kad_post_header":false,"_kad_post_footer":false},"product_brand":[],"product_cat":[141,5963,2387,2366],"product_tag":[],"class_list":{"0":"post-1996","1":"product","2":"type-product","3":"status-publish","4":"has-post-thumbnail","6":"product_cat-orter-fi","7":"product_cat-synergos-fi","8":"product_cat-mage-och-tarm-fi","9":"product_cat-lever-och-njurar-fi","11":"first","12":"instock","13":"taxable","14":"shipping-taxable","15":"purchasable","16":"product-type-simple","17":"entry","18":"content-bg","19":"loop-entry"},"acf":[],"yoast_head":"<!-- This site is optimized with the Yoast SEO plugin v25.8 - https:\/\/yoast.com\/wordpress\/plugins\/seo\/ -->\n<title>Uvimax - Voikukkajuuri - Reviva<\/title>\n<meta name=\"description\" content=\"Uvimax - Voikukkajuuri vahvistaa munuaisia, virtsateit\u00e4, maksaa ja sappia. Yleinen verta puhdistava kyky ja vahvistaa elimist\u00f6n ruoansulatuskyky\u00e4.\" \/>\n<meta name=\"robots\" content=\"index, follow, max-snippet:-1, max-image-preview:large, max-video-preview:-1\" \/>\n<link rel=\"canonical\" href=\"https:\/\/reviva.fi\/fi\/tuote\/uvimax-voikukkajuuri\/\" \/>\n<meta property=\"og:locale\" content=\"fi_FI\" \/>\n<meta property=\"og:type\" content=\"article\" \/>\n<meta property=\"og:title\" content=\"Uvimax - Voikukkajuuri - Reviva\" \/>\n<meta property=\"og:description\" content=\"Uvimax - Voikukkajuuri vahvistaa munuaisia, virtsateit\u00e4, maksaa ja sappia. Yleinen verta puhdistava kyky ja vahvistaa elimist\u00f6n ruoansulatuskyky\u00e4.\" \/>\n<meta property=\"og:url\" content=\"https:\/\/reviva.fi\/fi\/tuote\/uvimax-voikukkajuuri\/\" \/>\n<meta property=\"og:site_name\" content=\"Reviva\" \/>\n<meta property=\"article:modified_time\" content=\"2026-02-01T13:04:17+00:00\" \/>\n<meta property=\"og:image\" content=\"https:\/\/reviva.fi\/wp-content\/uploads\/2021\/04\/425-B-uvimax-plus-Photoroom-e1771402951524.png\" \/>\n\t<meta property=\"og:image:width\" content=\"2000\" \/>\n\t<meta property=\"og:image:height\" content=\"1333\" \/>\n\t<meta property=\"og:image:type\" content=\"image\/png\" \/>\n<meta name=\"twitter:card\" content=\"summary_large_image\" \/>\n<script type=\"application\/ld+json\" class=\"yoast-schema-graph\">{\"@context\":\"https:\/\/schema.org\",\"@graph\":[{\"@type\":\"WebPage\",\"@id\":\"https:\/\/reviva.fi\/fi\/tuote\/uvimax-voikukkajuuri\/\",\"url\":\"https:\/\/reviva.fi\/fi\/tuote\/uvimax-voikukkajuuri\/\",\"name\":\"Uvimax - Voikukkajuuri - Reviva\",\"isPartOf\":{\"@id\":\"https:\/\/reviva.fi\/fi\/#website\"},\"primaryImageOfPage\":{\"@id\":\"https:\/\/reviva.fi\/fi\/tuote\/uvimax-voikukkajuuri\/#primaryimage\"},\"image\":{\"@id\":\"https:\/\/reviva.fi\/fi\/tuote\/uvimax-voikukkajuuri\/#primaryimage\"},\"thumbnailUrl\":\"https:\/\/reviva.fi\/wp-content\/uploads\/2021\/04\/425-B-uvimax-plus-Photoroom-e1771402951524.png\",\"datePublished\":\"2021-04-22T08:18:07+00:00\",\"dateModified\":\"2026-02-01T13:04:17+00:00\",\"description\":\"Uvimax - Voikukkajuuri vahvistaa munuaisia, virtsateit\u00e4, maksaa ja sappia. Yleinen verta puhdistava kyky ja vahvistaa elimist\u00f6n ruoansulatuskyky\u00e4.\",\"breadcrumb\":{\"@id\":\"https:\/\/reviva.fi\/fi\/tuote\/uvimax-voikukkajuuri\/#breadcrumb\"},\"inLanguage\":\"fi\",\"potentialAction\":[{\"@type\":\"ReadAction\",\"target\":[\"https:\/\/reviva.fi\/fi\/tuote\/uvimax-voikukkajuuri\/\"]}]},{\"@type\":\"ImageObject\",\"inLanguage\":\"fi\",\"@id\":\"https:\/\/reviva.fi\/fi\/tuote\/uvimax-voikukkajuuri\/#primaryimage\",\"url\":\"https:\/\/reviva.fi\/wp-content\/uploads\/2021\/04\/425-B-uvimax-plus-Photoroom-e1771402951524.png\",\"contentUrl\":\"https:\/\/reviva.fi\/wp-content\/uploads\/2021\/04\/425-B-uvimax-plus-Photoroom-e1771402951524.png\",\"width\":2000,\"height\":1333,\"caption\":\"Uvimax Plus\"},{\"@type\":\"BreadcrumbList\",\"@id\":\"https:\/\/reviva.fi\/fi\/tuote\/uvimax-voikukkajuuri\/#breadcrumb\",\"itemListElement\":[{\"@type\":\"ListItem\",\"position\":1,\"name\":\"Etusivu\",\"item\":\"https:\/\/reviva.fi\/fi\/\"},{\"@type\":\"ListItem\",\"position\":2,\"name\":\"Tuotteet\",\"item\":\"https:\/\/reviva.fi\/produkter\/\"},{\"@type\":\"ListItem\",\"position\":3,\"name\":\"Uvimax &#8211; Voikukkajuuri\"}]},{\"@type\":\"WebSite\",\"@id\":\"https:\/\/reviva.fi\/fi\/#website\",\"url\":\"https:\/\/reviva.fi\/fi\/\",\"name\":\"Reviva\",\"description\":\"\",\"publisher\":{\"@id\":\"https:\/\/reviva.fi\/fi\/#organization\"},\"potentialAction\":[{\"@type\":\"SearchAction\",\"target\":{\"@type\":\"EntryPoint\",\"urlTemplate\":\"https:\/\/reviva.fi\/fi\/?s={search_term_string}\"},\"query-input\":{\"@type\":\"PropertyValueSpecification\",\"valueRequired\":true,\"valueName\":\"search_term_string\"}}],\"inLanguage\":\"fi\"},{\"@type\":\"Organization\",\"@id\":\"https:\/\/reviva.fi\/fi\/#organization\",\"name\":\"Reviva\",\"url\":\"https:\/\/reviva.fi\/fi\/\",\"logo\":{\"@type\":\"ImageObject\",\"inLanguage\":\"fi\",\"@id\":\"https:\/\/reviva.fi\/fi\/#\/schema\/logo\/image\/\",\"url\":\"https:\/\/reviva.fi\/wp-content\/uploads\/2023\/10\/reviva-logo2.svg\",\"contentUrl\":\"https:\/\/reviva.fi\/wp-content\/uploads\/2023\/10\/reviva-logo2.svg\",\"caption\":\"Reviva\"},\"image\":{\"@id\":\"https:\/\/reviva.fi\/fi\/#\/schema\/logo\/image\/\"}}]}<\/script>\n<meta property=\"product:price:amount\" content=\"16.90\" \/>\n<meta property=\"product:price:currency\" content=\"EUR\" \/>\n<meta property=\"og:availability\" content=\"instock\" \/>\n<meta property=\"product:availability\" content=\"instock\" \/>\n<meta property=\"product:retailer_item_id\" content=\"425 B\" \/>\n<meta property=\"product:condition\" content=\"new\" \/>\n<!-- \/ Yoast SEO plugin. -->","yoast_head_json":{"title":"Uvimax - Voikukkajuuri - Reviva","description":"Uvimax - Voikukkajuuri vahvistaa munuaisia, virtsateit\u00e4, maksaa ja sappia. Yleinen verta puhdistava kyky ja vahvistaa elimist\u00f6n ruoansulatuskyky\u00e4.","robots":{"index":"index","follow":"follow","max-snippet":"max-snippet:-1","max-image-preview":"max-image-preview:large","max-video-preview":"max-video-preview:-1"},"canonical":"https:\/\/reviva.fi\/fi\/tuote\/uvimax-voikukkajuuri\/","og_locale":"fi_FI","og_type":"article","og_title":"Uvimax - Voikukkajuuri - Reviva","og_description":"Uvimax - Voikukkajuuri vahvistaa munuaisia, virtsateit\u00e4, maksaa ja sappia. Yleinen verta puhdistava kyky ja vahvistaa elimist\u00f6n ruoansulatuskyky\u00e4.","og_url":"https:\/\/reviva.fi\/fi\/tuote\/uvimax-voikukkajuuri\/","og_site_name":"Reviva","article_modified_time":"2026-02-01T13:04:17+00:00","og_image":[{"width":2000,"height":1333,"url":"https:\/\/reviva.fi\/wp-content\/uploads\/2021\/04\/425-B-uvimax-plus-Photoroom-e1771402951524.png","type":"image\/png"}],"twitter_card":"summary_large_image","schema":{"@context":"https:\/\/schema.org","@graph":[{"@type":"WebPage","@id":"https:\/\/reviva.fi\/fi\/tuote\/uvimax-voikukkajuuri\/","url":"https:\/\/reviva.fi\/fi\/tuote\/uvimax-voikukkajuuri\/","name":"Uvimax - Voikukkajuuri - Reviva","isPartOf":{"@id":"https:\/\/reviva.fi\/fi\/#website"},"primaryImageOfPage":{"@id":"https:\/\/reviva.fi\/fi\/tuote\/uvimax-voikukkajuuri\/#primaryimage"},"image":{"@id":"https:\/\/reviva.fi\/fi\/tuote\/uvimax-voikukkajuuri\/#primaryimage"},"thumbnailUrl":"https:\/\/reviva.fi\/wp-content\/uploads\/2021\/04\/425-B-uvimax-plus-Photoroom-e1771402951524.png","datePublished":"2021-04-22T08:18:07+00:00","dateModified":"2026-02-01T13:04:17+00:00","description":"Uvimax - Voikukkajuuri vahvistaa munuaisia, virtsateit\u00e4, maksaa ja sappia. Yleinen verta puhdistava kyky ja vahvistaa elimist\u00f6n ruoansulatuskyky\u00e4.","breadcrumb":{"@id":"https:\/\/reviva.fi\/fi\/tuote\/uvimax-voikukkajuuri\/#breadcrumb"},"inLanguage":"fi","potentialAction":[{"@type":"ReadAction","target":["https:\/\/reviva.fi\/fi\/tuote\/uvimax-voikukkajuuri\/"]}]},{"@type":"ImageObject","inLanguage":"fi","@id":"https:\/\/reviva.fi\/fi\/tuote\/uvimax-voikukkajuuri\/#primaryimage","url":"https:\/\/reviva.fi\/wp-content\/uploads\/2021\/04\/425-B-uvimax-plus-Photoroom-e1771402951524.png","contentUrl":"https:\/\/reviva.fi\/wp-content\/uploads\/2021\/04\/425-B-uvimax-plus-Photoroom-e1771402951524.png","width":2000,"height":1333,"caption":"Uvimax Plus"},{"@type":"BreadcrumbList","@id":"https:\/\/reviva.fi\/fi\/tuote\/uvimax-voikukkajuuri\/#breadcrumb","itemListElement":[{"@type":"ListItem","position":1,"name":"Etusivu","item":"https:\/\/reviva.fi\/fi\/"},{"@type":"ListItem","position":2,"name":"Tuotteet","item":"https:\/\/reviva.fi\/produkter\/"},{"@type":"ListItem","position":3,"name":"Uvimax &#8211; Voikukkajuuri"}]},{"@type":"WebSite","@id":"https:\/\/reviva.fi\/fi\/#website","url":"https:\/\/reviva.fi\/fi\/","name":"Reviva","description":"","publisher":{"@id":"https:\/\/reviva.fi\/fi\/#organization"},"potentialAction":[{"@type":"SearchAction","target":{"@type":"EntryPoint","urlTemplate":"https:\/\/reviva.fi\/fi\/?s={search_term_string}"},"query-input":{"@type":"PropertyValueSpecification","valueRequired":true,"valueName":"search_term_string"}}],"inLanguage":"fi"},{"@type":"Organization","@id":"https:\/\/reviva.fi\/fi\/#organization","name":"Reviva","url":"https:\/\/reviva.fi\/fi\/","logo":{"@type":"ImageObject","inLanguage":"fi","@id":"https:\/\/reviva.fi\/fi\/#\/schema\/logo\/image\/","url":"https:\/\/reviva.fi\/wp-content\/uploads\/2023\/10\/reviva-logo2.svg","contentUrl":"https:\/\/reviva.fi\/wp-content\/uploads\/2023\/10\/reviva-logo2.svg","caption":"Reviva"},"image":{"@id":"https:\/\/reviva.fi\/fi\/#\/schema\/logo\/image\/"}}]},"product_price_amount":"16.90","product_price_currency":"EUR","og_availability":"instock","product_availability":"instock","product_retailer_item_id":"425 B","product_condition":"new"},"taxonomy_info":{"product_cat":[{"value":141,"label":"Yrtit"},{"value":5963,"label":"Synergos"},{"value":2387,"label":"Maha &amp; Suolisto"},{"value":2366,"label":"Maksa &amp; Munuaiset"}]},"featured_image_src_large":["https:\/\/reviva.fi\/wp-content\/uploads\/2021\/04\/425-B-uvimax-plus-Photoroom-1024x682.png",1024,682,true],"author_info":[],"comment_info":0,"_links":{"self":[{"href":"https:\/\/reviva.fi\/fi\/wp-json\/wp\/v2\/product\/1996","targetHints":{"allow":["GET"]}}],"collection":[{"href":"https:\/\/reviva.fi\/fi\/wp-json\/wp\/v2\/product"}],"about":[{"href":"https:\/\/reviva.fi\/fi\/wp-json\/wp\/v2\/types\/product"}],"replies":[{"embeddable":true,"href":"https:\/\/reviva.fi\/fi\/wp-json\/wp\/v2\/comments?post=1996"}],"wp:featuredmedia":[{"embeddable":true,"href":"https:\/\/reviva.fi\/fi\/wp-json\/wp\/v2\/media\/13949"}],"wp:attachment":[{"href":"https:\/\/reviva.fi\/fi\/wp-json\/wp\/v2\/media?parent=1996"}],"wp:term":[{"taxonomy":"product_brand","embeddable":true,"href":"https:\/\/reviva.fi\/fi\/wp-json\/wp\/v2\/product_brand?post=1996"},{"taxonomy":"product_cat","embeddable":true,"href":"https:\/\/reviva.fi\/fi\/wp-json\/wp\/v2\/product_cat?post=1996"},{"taxonomy":"product_tag","embeddable":true,"href":"https:\/\/reviva.fi\/fi\/wp-json\/wp\/v2\/product_tag?post=1996"}],"curies":[{"name":"wp","href":"https:\/\/api.w.org\/{rel}","templated":true}]}}