{"id":1999,"date":"2021-04-22T11:39:16","date_gmt":"2021-04-22T08:39:16","guid":{"rendered":"https:\/\/reviva.fi\/product\/omp-glutation\/"},"modified":"2026-01-20T09:23:36","modified_gmt":"2026-01-20T07:23:36","slug":"glutationi","status":"publish","type":"product","link":"https:\/\/reviva.fi\/fi\/tuote\/glutationi\/","title":{"rendered":"Glutationi"},"content":{"rendered":"<div dir=\"auto\">\n<p><strong>Glutationi<\/strong><\/p>\n<p><strong>Yleist\u00e4 tietoa:<\/strong><\/p>\n<p>Glutationi (GSH) on tripeptidi, jonka muodostavat aminohapot glysiini, kysteiini ja glutamiinihappo. Glutationi on antioksidantti, joka suojaa soluja myrkyilt\u00e4 ja vapailta radikaaleilta.<\/p>\n<p>Jokainen kapseli sis\u00e4lt\u00e4\u00e4 250 mg redusoitua glutationia, jonka biologinen hy\u00f6tysuhde on eritt\u00e4in korkea.<\/p>\n<p>Glutationi on aine, jota on l\u00e4hes jokaisessa kehomme el\u00e4v\u00e4ss\u00e4 solussa. Suurimmat keskittym\u00e4t ovat maksassa, haimassa, pernassa, munuaisissa ja silmiss\u00e4.<br \/>\nElimist\u00f6 k\u00e4ytt\u00e4\u00e4 glutationia poistamaan myrkkyj\u00e4 soluista ja tukemaan valkoisten verisolujen muodostusta. Se on siksi eritt\u00e4in t\u00e4rke\u00e4 tekij\u00e4 immuunipuolustukselle.<br \/>\nElimist\u00f6n glutationitasot laskevat i\u00e4n my\u00f6t\u00e4. Glutationi imeytyy tehokkaimmin redusoidussa muodossa.<\/p>\n<p>Jokaisessa kapselissa on 250 mg redusoitua glutationia, jonka biologinen hy\u00f6tysuhde on eritt\u00e4in korkea.<\/p>\n<\/div>\n","protected":false},"excerpt":{"rendered":"<p>Jokaisessa kapselissa on 250 mg redusoitua glutationia, jonka biologinen hy\u00f6tysuhde on eritt\u00e4in korkea.<\/p>\n<p><strong>60 kapselia<\/strong><\/p>\n","protected":false},"featured_media":13763,"comment_status":"open","ping_status":"closed","template":"","meta":{"_acf_changed":false,"inline_featured_image":false,"_kad_blocks_custom_css":"","_kad_blocks_head_custom_js":"","_kad_blocks_body_custom_js":"","_kad_blocks_footer_custom_js":"","_kadence_starter_templates_imported_post":false,"_kad_post_transparent":"default","_kad_post_title":"","_kad_post_layout":"default","_kad_post_sidebar_id":"","_kad_post_content_style":"default","_kad_post_vertical_padding":"default","_kad_post_feature":"","_kad_post_feature_position":"","_kad_post_header":false,"_kad_post_footer":false},"product_brand":[],"product_cat":[88,2505,5963,2357,2366],"product_tag":[410,472,441,1272,430,1162],"class_list":{"0":"post-1999","1":"product","2":"type-product","3":"status-publish","4":"has-post-thumbnail","6":"product_cat-aminosyror-fi","7":"product_cat-ovriga-kosttillskott-fi","8":"product_cat-synergos-fi","9":"product_cat-immunforsvar-fi","10":"product_cat-lever-och-njurar-fi","11":"product_tag-aminohappoja","12":"product_tag-glutamiini-glutaatio","13":"product_tag-glutationi","14":"product_tag-glutationi-lisaaine","15":"product_tag-paras-glutationi","16":"product_tag-vieroitus","18":"first","19":"instock","20":"taxable","21":"shipping-taxable","22":"purchasable","23":"product-type-simple","24":"entry","25":"content-bg","26":"loop-entry"},"acf":[],"yoast_head":"<!-- This site is optimized with the Yoast SEO plugin v25.8 - https:\/\/yoast.com\/wordpress\/plugins\/seo\/ -->\n<title>Glutationi - Reviva<\/title>\n<meta name=\"description\" content=\"Glutationi suojaa soluja myrkyilt\u00e4, \u200b\u200bvapailta radikaaleilta. Solujen detoksifikaatioon ja valkosolujen tuotantoon. T\u00e4rke\u00e4 immuunij\u00e4rjestelm\u00e4lle.\" \/>\n<meta name=\"robots\" content=\"index, follow, max-snippet:-1, max-image-preview:large, max-video-preview:-1\" \/>\n<link rel=\"canonical\" href=\"https:\/\/reviva.fi\/fi\/tuote\/glutationi\/\" \/>\n<meta property=\"og:locale\" content=\"fi_FI\" \/>\n<meta property=\"og:type\" content=\"article\" \/>\n<meta property=\"og:title\" content=\"Glutationi - Reviva\" \/>\n<meta property=\"og:description\" content=\"Glutationi suojaa soluja myrkyilt\u00e4, \u200b\u200bvapailta radikaaleilta. Solujen detoksifikaatioon ja valkosolujen tuotantoon. T\u00e4rke\u00e4 immuunij\u00e4rjestelm\u00e4lle.\" \/>\n<meta property=\"og:url\" content=\"https:\/\/reviva.fi\/fi\/tuote\/glutationi\/\" \/>\n<meta property=\"og:site_name\" content=\"Reviva\" \/>\n<meta property=\"article:modified_time\" content=\"2026-01-20T07:23:36+00:00\" \/>\n<meta property=\"og:image\" content=\"https:\/\/reviva.fi\/wp-content\/uploads\/2021\/04\/Glutation-248-Photoroom-e1745389891987.png\" \/>\n\t<meta property=\"og:image:width\" content=\"2000\" \/>\n\t<meta property=\"og:image:height\" content=\"1333\" \/>\n\t<meta property=\"og:image:type\" content=\"image\/png\" \/>\n<meta name=\"twitter:card\" content=\"summary_large_image\" \/>\n<script type=\"application\/ld+json\" class=\"yoast-schema-graph\">{\"@context\":\"https:\/\/schema.org\",\"@graph\":[{\"@type\":\"WebPage\",\"@id\":\"https:\/\/reviva.fi\/fi\/tuote\/glutationi\/\",\"url\":\"https:\/\/reviva.fi\/fi\/tuote\/glutationi\/\",\"name\":\"Glutationi - Reviva\",\"isPartOf\":{\"@id\":\"https:\/\/reviva.fi\/fi\/#website\"},\"primaryImageOfPage\":{\"@id\":\"https:\/\/reviva.fi\/fi\/tuote\/glutationi\/#primaryimage\"},\"image\":{\"@id\":\"https:\/\/reviva.fi\/fi\/tuote\/glutationi\/#primaryimage\"},\"thumbnailUrl\":\"https:\/\/reviva.fi\/wp-content\/uploads\/2021\/04\/248-Glutation-Photoroom-e1769769656122.png\",\"datePublished\":\"2021-04-22T08:39:16+00:00\",\"dateModified\":\"2026-01-20T07:23:36+00:00\",\"description\":\"Glutationi suojaa soluja myrkyilt\u00e4, \u200b\u200bvapailta radikaaleilta. Solujen detoksifikaatioon ja valkosolujen tuotantoon. T\u00e4rke\u00e4 immuunij\u00e4rjestelm\u00e4lle.\",\"breadcrumb\":{\"@id\":\"https:\/\/reviva.fi\/fi\/tuote\/glutationi\/#breadcrumb\"},\"inLanguage\":\"fi\",\"potentialAction\":[{\"@type\":\"ReadAction\",\"target\":[\"https:\/\/reviva.fi\/fi\/tuote\/glutationi\/\"]}]},{\"@type\":\"ImageObject\",\"inLanguage\":\"fi\",\"@id\":\"https:\/\/reviva.fi\/fi\/tuote\/glutationi\/#primaryimage\",\"url\":\"https:\/\/reviva.fi\/wp-content\/uploads\/2021\/04\/248-Glutation-Photoroom-e1769769656122.png\",\"contentUrl\":\"https:\/\/reviva.fi\/wp-content\/uploads\/2021\/04\/248-Glutation-Photoroom-e1769769656122.png\",\"width\":2000,\"height\":1333,\"caption\":\"Glutation\"},{\"@type\":\"BreadcrumbList\",\"@id\":\"https:\/\/reviva.fi\/fi\/tuote\/glutationi\/#breadcrumb\",\"itemListElement\":[{\"@type\":\"ListItem\",\"position\":1,\"name\":\"Etusivu\",\"item\":\"https:\/\/reviva.fi\/fi\/\"},{\"@type\":\"ListItem\",\"position\":2,\"name\":\"Tuotteet\",\"item\":\"https:\/\/reviva.fi\/produkter\/\"},{\"@type\":\"ListItem\",\"position\":3,\"name\":\"Glutationi\"}]},{\"@type\":\"WebSite\",\"@id\":\"https:\/\/reviva.fi\/fi\/#website\",\"url\":\"https:\/\/reviva.fi\/fi\/\",\"name\":\"Reviva\",\"description\":\"\",\"publisher\":{\"@id\":\"https:\/\/reviva.fi\/fi\/#organization\"},\"potentialAction\":[{\"@type\":\"SearchAction\",\"target\":{\"@type\":\"EntryPoint\",\"urlTemplate\":\"https:\/\/reviva.fi\/fi\/?s={search_term_string}\"},\"query-input\":{\"@type\":\"PropertyValueSpecification\",\"valueRequired\":true,\"valueName\":\"search_term_string\"}}],\"inLanguage\":\"fi\"},{\"@type\":\"Organization\",\"@id\":\"https:\/\/reviva.fi\/fi\/#organization\",\"name\":\"Reviva\",\"url\":\"https:\/\/reviva.fi\/fi\/\",\"logo\":{\"@type\":\"ImageObject\",\"inLanguage\":\"fi\",\"@id\":\"https:\/\/reviva.fi\/fi\/#\/schema\/logo\/image\/\",\"url\":\"https:\/\/reviva.fi\/wp-content\/uploads\/2023\/10\/reviva-logo2.svg\",\"contentUrl\":\"https:\/\/reviva.fi\/wp-content\/uploads\/2023\/10\/reviva-logo2.svg\",\"caption\":\"Reviva\"},\"image\":{\"@id\":\"https:\/\/reviva.fi\/fi\/#\/schema\/logo\/image\/\"}}]}<\/script>\n<meta property=\"product:price:amount\" content=\"41.90\" \/>\n<meta property=\"product:price:currency\" content=\"EUR\" \/>\n<meta property=\"og:availability\" content=\"instock\" \/>\n<meta property=\"product:availability\" content=\"instock\" \/>\n<meta property=\"product:retailer_item_id\" content=\"248\" \/>\n<meta property=\"product:condition\" content=\"new\" \/>\n<!-- \/ Yoast SEO plugin. -->","yoast_head_json":{"title":"Glutationi - Reviva","description":"Glutationi suojaa soluja myrkyilt\u00e4, \u200b\u200bvapailta radikaaleilta. Solujen detoksifikaatioon ja valkosolujen tuotantoon. T\u00e4rke\u00e4 immuunij\u00e4rjestelm\u00e4lle.","robots":{"index":"index","follow":"follow","max-snippet":"max-snippet:-1","max-image-preview":"max-image-preview:large","max-video-preview":"max-video-preview:-1"},"canonical":"https:\/\/reviva.fi\/fi\/tuote\/glutationi\/","og_locale":"fi_FI","og_type":"article","og_title":"Glutationi - Reviva","og_description":"Glutationi suojaa soluja myrkyilt\u00e4, \u200b\u200bvapailta radikaaleilta. Solujen detoksifikaatioon ja valkosolujen tuotantoon. T\u00e4rke\u00e4 immuunij\u00e4rjestelm\u00e4lle.","og_url":"https:\/\/reviva.fi\/fi\/tuote\/glutationi\/","og_site_name":"Reviva","article_modified_time":"2026-01-20T07:23:36+00:00","og_image":[{"width":2000,"height":1333,"url":"https:\/\/reviva.fi\/wp-content\/uploads\/2021\/04\/Glutation-248-Photoroom-e1745389891987.png","type":"image\/png"}],"twitter_card":"summary_large_image","schema":{"@context":"https:\/\/schema.org","@graph":[{"@type":"WebPage","@id":"https:\/\/reviva.fi\/fi\/tuote\/glutationi\/","url":"https:\/\/reviva.fi\/fi\/tuote\/glutationi\/","name":"Glutationi - Reviva","isPartOf":{"@id":"https:\/\/reviva.fi\/fi\/#website"},"primaryImageOfPage":{"@id":"https:\/\/reviva.fi\/fi\/tuote\/glutationi\/#primaryimage"},"image":{"@id":"https:\/\/reviva.fi\/fi\/tuote\/glutationi\/#primaryimage"},"thumbnailUrl":"https:\/\/reviva.fi\/wp-content\/uploads\/2021\/04\/248-Glutation-Photoroom-e1769769656122.png","datePublished":"2021-04-22T08:39:16+00:00","dateModified":"2026-01-20T07:23:36+00:00","description":"Glutationi suojaa soluja myrkyilt\u00e4, \u200b\u200bvapailta radikaaleilta. Solujen detoksifikaatioon ja valkosolujen tuotantoon. T\u00e4rke\u00e4 immuunij\u00e4rjestelm\u00e4lle.","breadcrumb":{"@id":"https:\/\/reviva.fi\/fi\/tuote\/glutationi\/#breadcrumb"},"inLanguage":"fi","potentialAction":[{"@type":"ReadAction","target":["https:\/\/reviva.fi\/fi\/tuote\/glutationi\/"]}]},{"@type":"ImageObject","inLanguage":"fi","@id":"https:\/\/reviva.fi\/fi\/tuote\/glutationi\/#primaryimage","url":"https:\/\/reviva.fi\/wp-content\/uploads\/2021\/04\/248-Glutation-Photoroom-e1769769656122.png","contentUrl":"https:\/\/reviva.fi\/wp-content\/uploads\/2021\/04\/248-Glutation-Photoroom-e1769769656122.png","width":2000,"height":1333,"caption":"Glutation"},{"@type":"BreadcrumbList","@id":"https:\/\/reviva.fi\/fi\/tuote\/glutationi\/#breadcrumb","itemListElement":[{"@type":"ListItem","position":1,"name":"Etusivu","item":"https:\/\/reviva.fi\/fi\/"},{"@type":"ListItem","position":2,"name":"Tuotteet","item":"https:\/\/reviva.fi\/produkter\/"},{"@type":"ListItem","position":3,"name":"Glutationi"}]},{"@type":"WebSite","@id":"https:\/\/reviva.fi\/fi\/#website","url":"https:\/\/reviva.fi\/fi\/","name":"Reviva","description":"","publisher":{"@id":"https:\/\/reviva.fi\/fi\/#organization"},"potentialAction":[{"@type":"SearchAction","target":{"@type":"EntryPoint","urlTemplate":"https:\/\/reviva.fi\/fi\/?s={search_term_string}"},"query-input":{"@type":"PropertyValueSpecification","valueRequired":true,"valueName":"search_term_string"}}],"inLanguage":"fi"},{"@type":"Organization","@id":"https:\/\/reviva.fi\/fi\/#organization","name":"Reviva","url":"https:\/\/reviva.fi\/fi\/","logo":{"@type":"ImageObject","inLanguage":"fi","@id":"https:\/\/reviva.fi\/fi\/#\/schema\/logo\/image\/","url":"https:\/\/reviva.fi\/wp-content\/uploads\/2023\/10\/reviva-logo2.svg","contentUrl":"https:\/\/reviva.fi\/wp-content\/uploads\/2023\/10\/reviva-logo2.svg","caption":"Reviva"},"image":{"@id":"https:\/\/reviva.fi\/fi\/#\/schema\/logo\/image\/"}}]},"product_price_amount":"41.90","product_price_currency":"EUR","og_availability":"instock","product_availability":"instock","product_retailer_item_id":"248","product_condition":"new"},"taxonomy_info":{"product_cat":[{"value":88,"label":"Aminohapot"},{"value":2505,"label":"Muut ravintolis\u00e4t"},{"value":5963,"label":"Synergos"},{"value":2357,"label":"Immuunipuolustus"},{"value":2366,"label":"Maksa &amp; Munuaiset"}],"product_tag":[{"value":410,"label":"aminohappoja"},{"value":472,"label":"glutamiini glutaatio"},{"value":441,"label":"glutationi"},{"value":1272,"label":"glutationi-lis\u00e4aineet"},{"value":430,"label":"paras glutationi"},{"value":1162,"label":"vieroitus"}]},"featured_image_src_large":["https:\/\/reviva.fi\/wp-content\/uploads\/2021\/04\/248-Glutation-Photoroom-1024x682.png",1024,682,true],"author_info":[],"comment_info":0,"_links":{"self":[{"href":"https:\/\/reviva.fi\/fi\/wp-json\/wp\/v2\/product\/1999","targetHints":{"allow":["GET"]}}],"collection":[{"href":"https:\/\/reviva.fi\/fi\/wp-json\/wp\/v2\/product"}],"about":[{"href":"https:\/\/reviva.fi\/fi\/wp-json\/wp\/v2\/types\/product"}],"replies":[{"embeddable":true,"href":"https:\/\/reviva.fi\/fi\/wp-json\/wp\/v2\/comments?post=1999"}],"wp:featuredmedia":[{"embeddable":true,"href":"https:\/\/reviva.fi\/fi\/wp-json\/wp\/v2\/media\/13763"}],"wp:attachment":[{"href":"https:\/\/reviva.fi\/fi\/wp-json\/wp\/v2\/media?parent=1999"}],"wp:term":[{"taxonomy":"product_brand","embeddable":true,"href":"https:\/\/reviva.fi\/fi\/wp-json\/wp\/v2\/product_brand?post=1999"},{"taxonomy":"product_cat","embeddable":true,"href":"https:\/\/reviva.fi\/fi\/wp-json\/wp\/v2\/product_cat?post=1999"},{"taxonomy":"product_tag","embeddable":true,"href":"https:\/\/reviva.fi\/fi\/wp-json\/wp\/v2\/product_tag?post=1999"}],"curies":[{"name":"wp","href":"https:\/\/api.w.org\/{rel}","templated":true}]}}