{"id":2008,"date":"2021-04-22T15:06:39","date_gmt":"2021-04-22T12:06:39","guid":{"rendered":"https:\/\/reviva.fi\/product\/krom-gtf\/"},"modified":"2026-04-14T18:05:42","modified_gmt":"2026-04-14T15:05:42","slug":"kromi-gtf","status":"publish","type":"product","link":"https:\/\/reviva.fi\/fi\/tuote\/kromi-gtf\/","title":{"rendered":"Kromi"},"content":{"rendered":"<p>Kromi<\/p>\n<p>Kromi on yksi t\u00e4rkeimmist\u00e4 hivenaineistamme. Se on t\u00e4rke\u00e4 ainesosa elimist\u00f6n verensokerin s\u00e4\u00e4telyss\u00e4. Kromin puute on se, mik\u00e4 aiheuttaa ihmisille yleisimmin klassisen makeanhimon.<\/p>\n<p><strong>Kromi edist\u00e4\u00e4:<\/strong><\/p>\n<ul>\n<li>normaalia mikroravinteiden aineenvaihduntaa<\/li>\n<li>normaalia verensokerin tason yll\u00e4pitoa<\/li>\n<\/ul>\n","protected":false},"excerpt":{"rendered":"<p>Kromi on yksi t\u00e4rkeimmist\u00e4 hivenaineistamme. Se on t\u00e4rke\u00e4 ainesosa elimist\u00f6n verensokerin s\u00e4\u00e4telyss\u00e4. Kromin puute on se, mik\u00e4 aiheuttaa ihmisille yleisimmin klassisen makeanhimon.<\/p>\n<p><strong>60 kapselia<\/strong><\/p>\n<p>&nbsp;<\/p>\n","protected":false},"featured_media":13632,"comment_status":"open","ping_status":"closed","template":"","meta":{"_acf_changed":false,"inline_featured_image":false,"_kad_blocks_custom_css":"","_kad_blocks_head_custom_js":"","_kad_blocks_body_custom_js":"","_kad_blocks_footer_custom_js":"","_kadence_starter_templates_imported_post":false,"_kad_post_transparent":"default","_kad_post_title":"","_kad_post_layout":"default","_kad_post_sidebar_id":"","_kad_post_content_style":"default","_kad_post_vertical_padding":"default","_kad_post_feature":"","_kad_post_feature_position":"","_kad_post_header":false,"_kad_post_footer":false},"product_brand":[],"product_cat":[93,5969,2454],"product_tag":[],"class_list":{"0":"post-2008","1":"product","2":"type-product","3":"status-publish","4":"has-post-thumbnail","6":"product_cat-mineraler-fi","7":"product_cat-krom-fi","8":"product_cat-evp-nutrition-fi","10":"first","11":"instock","12":"taxable","13":"shipping-taxable","14":"purchasable","15":"product-type-simple","16":"entry","17":"content-bg","18":"loop-entry"},"acf":[],"yoast_head":"<!-- This site is optimized with the Yoast SEO plugin v25.8 - https:\/\/yoast.com\/wordpress\/plugins\/seo\/ -->\n<title>Kromi - Reviva<\/title>\n<meta name=\"description\" content=\"Kromi - Yleens\u00e4 kromin puute aiheuttaa ihmisten makeanhimon. Kromi edist\u00e4\u00e4 normaalin verensokeritason yll\u00e4pit\u00e4mist\u00e4.\" \/>\n<meta name=\"robots\" content=\"index, follow, max-snippet:-1, max-image-preview:large, max-video-preview:-1\" \/>\n<link rel=\"canonical\" href=\"https:\/\/reviva.fi\/fi\/tuote\/kromi-gtf\/\" \/>\n<meta property=\"og:locale\" content=\"fi_FI\" \/>\n<meta property=\"og:type\" content=\"article\" \/>\n<meta property=\"og:title\" content=\"Kromi - Reviva\" \/>\n<meta property=\"og:description\" content=\"Kromi - Yleens\u00e4 kromin puute aiheuttaa ihmisten makeanhimon. Kromi edist\u00e4\u00e4 normaalin verensokeritason yll\u00e4pit\u00e4mist\u00e4.\" \/>\n<meta property=\"og:url\" content=\"https:\/\/reviva.fi\/fi\/tuote\/kromi-gtf\/\" \/>\n<meta property=\"og:site_name\" content=\"Reviva\" \/>\n<meta property=\"article:modified_time\" content=\"2026-04-14T15:05:42+00:00\" \/>\n<meta property=\"og:image\" content=\"https:\/\/reviva.fi\/wp-content\/uploads\/2021\/04\/210-Krom-GTF-kapslar-Photoroom-e1769155276628.png\" \/>\n\t<meta property=\"og:image:width\" content=\"2000\" \/>\n\t<meta property=\"og:image:height\" content=\"1333\" \/>\n\t<meta property=\"og:image:type\" content=\"image\/png\" \/>\n<meta name=\"twitter:card\" content=\"summary_large_image\" \/>\n<script type=\"application\/ld+json\" class=\"yoast-schema-graph\">{\"@context\":\"https:\/\/schema.org\",\"@graph\":[{\"@type\":\"WebPage\",\"@id\":\"https:\/\/reviva.fi\/fi\/tuote\/kromi-gtf\/\",\"url\":\"https:\/\/reviva.fi\/fi\/tuote\/kromi-gtf\/\",\"name\":\"Kromi - Reviva\",\"isPartOf\":{\"@id\":\"https:\/\/reviva.fi\/fi\/#website\"},\"primaryImageOfPage\":{\"@id\":\"https:\/\/reviva.fi\/fi\/tuote\/kromi-gtf\/#primaryimage\"},\"image\":{\"@id\":\"https:\/\/reviva.fi\/fi\/tuote\/kromi-gtf\/#primaryimage\"},\"thumbnailUrl\":\"https:\/\/reviva.fi\/wp-content\/uploads\/2021\/04\/210-Krom-GTF-kapslar-Photoroom-e1769155276628.png\",\"datePublished\":\"2021-04-22T12:06:39+00:00\",\"dateModified\":\"2026-04-14T15:05:42+00:00\",\"description\":\"Kromi - Yleens\u00e4 kromin puute aiheuttaa ihmisten makeanhimon. Kromi edist\u00e4\u00e4 normaalin verensokeritason yll\u00e4pit\u00e4mist\u00e4.\",\"breadcrumb\":{\"@id\":\"https:\/\/reviva.fi\/fi\/tuote\/kromi-gtf\/#breadcrumb\"},\"inLanguage\":\"fi\",\"potentialAction\":[{\"@type\":\"ReadAction\",\"target\":[\"https:\/\/reviva.fi\/fi\/tuote\/kromi-gtf\/\"]}]},{\"@type\":\"ImageObject\",\"inLanguage\":\"fi\",\"@id\":\"https:\/\/reviva.fi\/fi\/tuote\/kromi-gtf\/#primaryimage\",\"url\":\"https:\/\/reviva.fi\/wp-content\/uploads\/2021\/04\/210-Krom-GTF-kapslar-Photoroom-e1769155276628.png\",\"contentUrl\":\"https:\/\/reviva.fi\/wp-content\/uploads\/2021\/04\/210-Krom-GTF-kapslar-Photoroom-e1769155276628.png\",\"width\":2000,\"height\":1333,\"caption\":\"Krom GTF-krom\"},{\"@type\":\"BreadcrumbList\",\"@id\":\"https:\/\/reviva.fi\/fi\/tuote\/kromi-gtf\/#breadcrumb\",\"itemListElement\":[{\"@type\":\"ListItem\",\"position\":1,\"name\":\"Etusivu\",\"item\":\"https:\/\/reviva.fi\/fi\/\"},{\"@type\":\"ListItem\",\"position\":2,\"name\":\"Tuotteet\",\"item\":\"https:\/\/reviva.fi\/produkter\/\"},{\"@type\":\"ListItem\",\"position\":3,\"name\":\"Kromi\"}]},{\"@type\":\"WebSite\",\"@id\":\"https:\/\/reviva.fi\/fi\/#website\",\"url\":\"https:\/\/reviva.fi\/fi\/\",\"name\":\"Reviva\",\"description\":\"\",\"publisher\":{\"@id\":\"https:\/\/reviva.fi\/fi\/#organization\"},\"potentialAction\":[{\"@type\":\"SearchAction\",\"target\":{\"@type\":\"EntryPoint\",\"urlTemplate\":\"https:\/\/reviva.fi\/fi\/?s={search_term_string}\"},\"query-input\":{\"@type\":\"PropertyValueSpecification\",\"valueRequired\":true,\"valueName\":\"search_term_string\"}}],\"inLanguage\":\"fi\"},{\"@type\":\"Organization\",\"@id\":\"https:\/\/reviva.fi\/fi\/#organization\",\"name\":\"Reviva\",\"url\":\"https:\/\/reviva.fi\/fi\/\",\"logo\":{\"@type\":\"ImageObject\",\"inLanguage\":\"fi\",\"@id\":\"https:\/\/reviva.fi\/fi\/#\/schema\/logo\/image\/\",\"url\":\"https:\/\/reviva.fi\/wp-content\/uploads\/2023\/10\/reviva-logo2.svg\",\"contentUrl\":\"https:\/\/reviva.fi\/wp-content\/uploads\/2023\/10\/reviva-logo2.svg\",\"caption\":\"Reviva\"},\"image\":{\"@id\":\"https:\/\/reviva.fi\/fi\/#\/schema\/logo\/image\/\"}}]}<\/script>\n<meta property=\"product:price:amount\" content=\"12.70\" \/>\n<meta property=\"product:price:currency\" content=\"EUR\" \/>\n<meta property=\"og:availability\" content=\"instock\" \/>\n<meta property=\"product:availability\" content=\"instock\" \/>\n<meta property=\"product:retailer_item_id\" content=\"210\" \/>\n<meta property=\"product:condition\" content=\"new\" \/>\n<!-- \/ Yoast SEO plugin. -->","yoast_head_json":{"title":"Kromi - Reviva","description":"Kromi - Yleens\u00e4 kromin puute aiheuttaa ihmisten makeanhimon. Kromi edist\u00e4\u00e4 normaalin verensokeritason yll\u00e4pit\u00e4mist\u00e4.","robots":{"index":"index","follow":"follow","max-snippet":"max-snippet:-1","max-image-preview":"max-image-preview:large","max-video-preview":"max-video-preview:-1"},"canonical":"https:\/\/reviva.fi\/fi\/tuote\/kromi-gtf\/","og_locale":"fi_FI","og_type":"article","og_title":"Kromi - Reviva","og_description":"Kromi - Yleens\u00e4 kromin puute aiheuttaa ihmisten makeanhimon. Kromi edist\u00e4\u00e4 normaalin verensokeritason yll\u00e4pit\u00e4mist\u00e4.","og_url":"https:\/\/reviva.fi\/fi\/tuote\/kromi-gtf\/","og_site_name":"Reviva","article_modified_time":"2026-04-14T15:05:42+00:00","og_image":[{"width":2000,"height":1333,"url":"https:\/\/reviva.fi\/wp-content\/uploads\/2021\/04\/210-Krom-GTF-kapslar-Photoroom-e1769155276628.png","type":"image\/png"}],"twitter_card":"summary_large_image","schema":{"@context":"https:\/\/schema.org","@graph":[{"@type":"WebPage","@id":"https:\/\/reviva.fi\/fi\/tuote\/kromi-gtf\/","url":"https:\/\/reviva.fi\/fi\/tuote\/kromi-gtf\/","name":"Kromi - Reviva","isPartOf":{"@id":"https:\/\/reviva.fi\/fi\/#website"},"primaryImageOfPage":{"@id":"https:\/\/reviva.fi\/fi\/tuote\/kromi-gtf\/#primaryimage"},"image":{"@id":"https:\/\/reviva.fi\/fi\/tuote\/kromi-gtf\/#primaryimage"},"thumbnailUrl":"https:\/\/reviva.fi\/wp-content\/uploads\/2021\/04\/210-Krom-GTF-kapslar-Photoroom-e1769155276628.png","datePublished":"2021-04-22T12:06:39+00:00","dateModified":"2026-04-14T15:05:42+00:00","description":"Kromi - Yleens\u00e4 kromin puute aiheuttaa ihmisten makeanhimon. Kromi edist\u00e4\u00e4 normaalin verensokeritason yll\u00e4pit\u00e4mist\u00e4.","breadcrumb":{"@id":"https:\/\/reviva.fi\/fi\/tuote\/kromi-gtf\/#breadcrumb"},"inLanguage":"fi","potentialAction":[{"@type":"ReadAction","target":["https:\/\/reviva.fi\/fi\/tuote\/kromi-gtf\/"]}]},{"@type":"ImageObject","inLanguage":"fi","@id":"https:\/\/reviva.fi\/fi\/tuote\/kromi-gtf\/#primaryimage","url":"https:\/\/reviva.fi\/wp-content\/uploads\/2021\/04\/210-Krom-GTF-kapslar-Photoroom-e1769155276628.png","contentUrl":"https:\/\/reviva.fi\/wp-content\/uploads\/2021\/04\/210-Krom-GTF-kapslar-Photoroom-e1769155276628.png","width":2000,"height":1333,"caption":"Krom GTF-krom"},{"@type":"BreadcrumbList","@id":"https:\/\/reviva.fi\/fi\/tuote\/kromi-gtf\/#breadcrumb","itemListElement":[{"@type":"ListItem","position":1,"name":"Etusivu","item":"https:\/\/reviva.fi\/fi\/"},{"@type":"ListItem","position":2,"name":"Tuotteet","item":"https:\/\/reviva.fi\/produkter\/"},{"@type":"ListItem","position":3,"name":"Kromi"}]},{"@type":"WebSite","@id":"https:\/\/reviva.fi\/fi\/#website","url":"https:\/\/reviva.fi\/fi\/","name":"Reviva","description":"","publisher":{"@id":"https:\/\/reviva.fi\/fi\/#organization"},"potentialAction":[{"@type":"SearchAction","target":{"@type":"EntryPoint","urlTemplate":"https:\/\/reviva.fi\/fi\/?s={search_term_string}"},"query-input":{"@type":"PropertyValueSpecification","valueRequired":true,"valueName":"search_term_string"}}],"inLanguage":"fi"},{"@type":"Organization","@id":"https:\/\/reviva.fi\/fi\/#organization","name":"Reviva","url":"https:\/\/reviva.fi\/fi\/","logo":{"@type":"ImageObject","inLanguage":"fi","@id":"https:\/\/reviva.fi\/fi\/#\/schema\/logo\/image\/","url":"https:\/\/reviva.fi\/wp-content\/uploads\/2023\/10\/reviva-logo2.svg","contentUrl":"https:\/\/reviva.fi\/wp-content\/uploads\/2023\/10\/reviva-logo2.svg","caption":"Reviva"},"image":{"@id":"https:\/\/reviva.fi\/fi\/#\/schema\/logo\/image\/"}}]},"product_price_amount":"12.70","product_price_currency":"EUR","og_availability":"instock","product_availability":"instock","product_retailer_item_id":"210","product_condition":"new"},"taxonomy_info":{"product_cat":[{"value":93,"label":"Mineraalit"},{"value":5969,"label":"Kromi"},{"value":2454,"label":"EVP Nutrition"}]},"featured_image_src_large":["https:\/\/reviva.fi\/wp-content\/uploads\/2021\/04\/210-Krom-GTF-kapslar-Photoroom-1024x682.png",1024,682,true],"author_info":[],"comment_info":0,"_links":{"self":[{"href":"https:\/\/reviva.fi\/fi\/wp-json\/wp\/v2\/product\/2008","targetHints":{"allow":["GET"]}}],"collection":[{"href":"https:\/\/reviva.fi\/fi\/wp-json\/wp\/v2\/product"}],"about":[{"href":"https:\/\/reviva.fi\/fi\/wp-json\/wp\/v2\/types\/product"}],"replies":[{"embeddable":true,"href":"https:\/\/reviva.fi\/fi\/wp-json\/wp\/v2\/comments?post=2008"}],"wp:featuredmedia":[{"embeddable":true,"href":"https:\/\/reviva.fi\/fi\/wp-json\/wp\/v2\/media\/13632"}],"wp:attachment":[{"href":"https:\/\/reviva.fi\/fi\/wp-json\/wp\/v2\/media?parent=2008"}],"wp:term":[{"taxonomy":"product_brand","embeddable":true,"href":"https:\/\/reviva.fi\/fi\/wp-json\/wp\/v2\/product_brand?post=2008"},{"taxonomy":"product_cat","embeddable":true,"href":"https:\/\/reviva.fi\/fi\/wp-json\/wp\/v2\/product_cat?post=2008"},{"taxonomy":"product_tag","embeddable":true,"href":"https:\/\/reviva.fi\/fi\/wp-json\/wp\/v2\/product_tag?post=2008"}],"curies":[{"name":"wp","href":"https:\/\/api.w.org\/{rel}","templated":true}]}}