{"id":2126,"date":"2021-05-05T11:36:26","date_gmt":"2021-05-05T08:36:26","guid":{"rendered":"https:\/\/reviva.fi\/product\/d-vitamin-plus\/"},"modified":"2026-01-18T10:30:53","modified_gmt":"2026-01-18T08:30:53","slug":"d-vitamiini-plus","status":"publish","type":"product","link":"https:\/\/reviva.fi\/fi\/tuote\/d-vitamiini-plus\/","title":{"rendered":"D-vitamiini Plus"},"content":{"rendered":"<p><strong>D-vitamiini Plus<\/strong><\/p>\n<p>D-vitamiini on olennainen vitamiini\/hormoni joka muodostuu ihossa auringon ultraviolettis\u00e4teilyn UVB:n vaikutuksesta. Tutkimukset osoittavat, ett\u00e4 monet ihmiset potevat D-vitamiinin puutetta. Erityisen haavoittuvia ovat v\u00e4est\u00f6t pohjoisilla leveysasteilla, joiden altistuminen auringon UVB-s\u00e4teilylle ei ole riitt\u00e4v\u00e4\u00e4.<\/p>\n<p><strong>D-vitamiini edist\u00e4\u00e4:<\/strong><\/p>\n<ul>\n<li>luiden pysymist\u00e4 normaaleina<\/li>\n<li>normaalin lihastoiminnan yll\u00e4pit\u00e4mist\u00e4<\/li>\n<li>veren normaalia kalsiumtasoa<\/li>\n<li>kalsiumin ja fosforin normaalia imeytymist\u00e4\/hy\u00f6dynt\u00e4mist\u00e4<\/li>\n<li>hampaiden pysymist\u00e4 normaaleina<\/li>\n<li>immuunij\u00e4rjestelm\u00e4n normaalia toimintaa<\/li>\n<li>osallistuu solujen jakautumisprosessiin<\/li>\n<\/ul>\n<p>D-vitamiini auttaa v\u00e4hent\u00e4m\u00e4\u00e4n kaatumisesta aiheutuvia vaurioita, jotka liittyy tasapainon menetykseen ja lihasheikkouteen. Kaatuminen on murtumien riskitekij\u00e4 yli 60-vuotiailla miehill\u00e4 ja naisilla.<\/p>\n<p>&nbsp;<\/p>\n","protected":false},"excerpt":{"rendered":"<p>D-vitamiini Plus niille, jotka tarvitsevat suuremman annoksen. 1 kapseli sis\u00e4lt\u00e4\u00e4 170 mcg. T\u00e4m\u00e4n ennaltaehk\u00e4isev\u00e4 annostus on 1-2 kapselia viikossa.<\/p>\n<p><strong>90 kapselia<\/strong><\/p>\n<p>&nbsp;<\/p>\n","protected":false},"featured_media":13742,"comment_status":"open","ping_status":"closed","template":"","meta":{"_acf_changed":false,"inline_featured_image":false,"_kad_blocks_custom_css":"","_kad_blocks_head_custom_js":"","_kad_blocks_body_custom_js":"","_kad_blocks_footer_custom_js":"","_kadence_starter_templates_imported_post":false,"_kad_post_transparent":"default","_kad_post_title":"","_kad_post_layout":"default","_kad_post_sidebar_id":"","_kad_post_content_style":"default","_kad_post_vertical_padding":"default","_kad_post_feature":"","_kad_post_feature_position":"","_kad_post_header":false,"_kad_post_footer":false},"product_brand":[],"product_cat":[96,527,2454,2357],"product_tag":[412,621,433,1227,1233,1467,1326,1454,1457,507,498,1218,1494,1514,520,522],"class_list":{"0":"post-2126","1":"product","2":"type-product","3":"status-publish","4":"has-post-thumbnail","6":"product_cat-vitaminer-fi","7":"product_cat-d-vitamin-fi","8":"product_cat-evp-nutrition-fi","9":"product_cat-immunforsvar-fi","10":"product_tag-antioksidantti","11":"product_tag-d-vitamiini-fi","12":"product_tag-d-vitamiini-plus","13":"product_tag-d-vitamiinilisat","14":"product_tag-ekseema","15":"product_tag-heikentynyt-immuunijarjestelma","16":"product_tag-kohonnut-verenpaine","17":"product_tag-lihas-heikkous","18":"product_tag-lihaskipu","19":"product_tag-lisaa-vastustuskykya","20":"product_tag-luontais-lisaravinne","21":"product_tag-masennus","22":"product_tag-osteoporoosi","23":"product_tag-psoriasis-fi","24":"product_tag-vitamiini","25":"product_tag-vitamiinit","27":"first","28":"instock","29":"taxable","30":"shipping-taxable","31":"purchasable","32":"product-type-simple","33":"entry","34":"content-bg","35":"loop-entry"},"acf":[],"yoast_head":"<!-- This site is optimized with the Yoast SEO plugin v25.8 - https:\/\/yoast.com\/wordpress\/plugins\/seo\/ -->\n<title>D-vitamiini Plus - Reviva<\/title>\n<meta name=\"description\" content=\"D-vitamiini Plus niille, jotka tarvitsevat suuremman annoksen. 1 kapseli sis\u00e4lt\u00e4\u00e4 170 mcg. T\u00e4m\u00e4n ennaltaehk\u00e4isev\u00e4 annostus on 1-2 kapselia viikossa.\" \/>\n<meta name=\"robots\" content=\"index, follow, max-snippet:-1, max-image-preview:large, max-video-preview:-1\" \/>\n<link rel=\"canonical\" href=\"https:\/\/reviva.fi\/fi\/tuote\/d-vitamiini-plus\/\" \/>\n<meta property=\"og:locale\" content=\"fi_FI\" \/>\n<meta property=\"og:type\" content=\"article\" \/>\n<meta property=\"og:title\" content=\"D-vitamiini Plus - Reviva\" \/>\n<meta property=\"og:description\" content=\"D-vitamiini Plus niille, jotka tarvitsevat suuremman annoksen. 1 kapseli sis\u00e4lt\u00e4\u00e4 170 mcg. T\u00e4m\u00e4n ennaltaehk\u00e4isev\u00e4 annostus on 1-2 kapselia viikossa.\" \/>\n<meta property=\"og:url\" content=\"https:\/\/reviva.fi\/fi\/tuote\/d-vitamiini-plus\/\" \/>\n<meta property=\"og:site_name\" content=\"Reviva\" \/>\n<meta property=\"article:modified_time\" content=\"2026-01-18T08:30:53+00:00\" \/>\n<meta property=\"og:image\" content=\"https:\/\/reviva.fi\/wp-content\/uploads\/2021\/05\/222-B-Vitamin-D-Plus-Photoroom-e1769686904122.png\" \/>\n\t<meta property=\"og:image:width\" content=\"2000\" \/>\n\t<meta property=\"og:image:height\" content=\"1332\" \/>\n\t<meta property=\"og:image:type\" content=\"image\/png\" \/>\n<meta name=\"twitter:card\" content=\"summary_large_image\" \/>\n<script type=\"application\/ld+json\" class=\"yoast-schema-graph\">{\"@context\":\"https:\/\/schema.org\",\"@graph\":[{\"@type\":\"WebPage\",\"@id\":\"https:\/\/reviva.fi\/fi\/tuote\/d-vitamiini-plus\/\",\"url\":\"https:\/\/reviva.fi\/fi\/tuote\/d-vitamiini-plus\/\",\"name\":\"D-vitamiini Plus - Reviva\",\"isPartOf\":{\"@id\":\"https:\/\/reviva.fi\/fi\/#website\"},\"primaryImageOfPage\":{\"@id\":\"https:\/\/reviva.fi\/fi\/tuote\/d-vitamiini-plus\/#primaryimage\"},\"image\":{\"@id\":\"https:\/\/reviva.fi\/fi\/tuote\/d-vitamiini-plus\/#primaryimage\"},\"thumbnailUrl\":\"https:\/\/reviva.fi\/wp-content\/uploads\/2021\/05\/222-B-Vitamin-D-Plus-Photoroom-e1769686904122.png\",\"datePublished\":\"2021-05-05T08:36:26+00:00\",\"dateModified\":\"2026-01-18T08:30:53+00:00\",\"description\":\"D-vitamiini Plus niille, jotka tarvitsevat suuremman annoksen. 1 kapseli sis\u00e4lt\u00e4\u00e4 170 mcg. T\u00e4m\u00e4n ennaltaehk\u00e4isev\u00e4 annostus on 1-2 kapselia viikossa.\",\"breadcrumb\":{\"@id\":\"https:\/\/reviva.fi\/fi\/tuote\/d-vitamiini-plus\/#breadcrumb\"},\"inLanguage\":\"fi\",\"potentialAction\":[{\"@type\":\"ReadAction\",\"target\":[\"https:\/\/reviva.fi\/fi\/tuote\/d-vitamiini-plus\/\"]}]},{\"@type\":\"ImageObject\",\"inLanguage\":\"fi\",\"@id\":\"https:\/\/reviva.fi\/fi\/tuote\/d-vitamiini-plus\/#primaryimage\",\"url\":\"https:\/\/reviva.fi\/wp-content\/uploads\/2021\/05\/222-B-Vitamin-D-Plus-Photoroom-e1769686904122.png\",\"contentUrl\":\"https:\/\/reviva.fi\/wp-content\/uploads\/2021\/05\/222-B-Vitamin-D-Plus-Photoroom-e1769686904122.png\",\"width\":2000,\"height\":1332,\"caption\":\"Vitamin D Plus\"},{\"@type\":\"BreadcrumbList\",\"@id\":\"https:\/\/reviva.fi\/fi\/tuote\/d-vitamiini-plus\/#breadcrumb\",\"itemListElement\":[{\"@type\":\"ListItem\",\"position\":1,\"name\":\"Etusivu\",\"item\":\"https:\/\/reviva.fi\/fi\/\"},{\"@type\":\"ListItem\",\"position\":2,\"name\":\"Tuotteet\",\"item\":\"https:\/\/reviva.fi\/produkter\/\"},{\"@type\":\"ListItem\",\"position\":3,\"name\":\"D-vitamiini Plus\"}]},{\"@type\":\"WebSite\",\"@id\":\"https:\/\/reviva.fi\/fi\/#website\",\"url\":\"https:\/\/reviva.fi\/fi\/\",\"name\":\"Reviva\",\"description\":\"\",\"publisher\":{\"@id\":\"https:\/\/reviva.fi\/fi\/#organization\"},\"potentialAction\":[{\"@type\":\"SearchAction\",\"target\":{\"@type\":\"EntryPoint\",\"urlTemplate\":\"https:\/\/reviva.fi\/fi\/?s={search_term_string}\"},\"query-input\":{\"@type\":\"PropertyValueSpecification\",\"valueRequired\":true,\"valueName\":\"search_term_string\"}}],\"inLanguage\":\"fi\"},{\"@type\":\"Organization\",\"@id\":\"https:\/\/reviva.fi\/fi\/#organization\",\"name\":\"Reviva\",\"url\":\"https:\/\/reviva.fi\/fi\/\",\"logo\":{\"@type\":\"ImageObject\",\"inLanguage\":\"fi\",\"@id\":\"https:\/\/reviva.fi\/fi\/#\/schema\/logo\/image\/\",\"url\":\"https:\/\/reviva.fi\/wp-content\/uploads\/2023\/10\/reviva-logo2.svg\",\"contentUrl\":\"https:\/\/reviva.fi\/wp-content\/uploads\/2023\/10\/reviva-logo2.svg\",\"caption\":\"Reviva\"},\"image\":{\"@id\":\"https:\/\/reviva.fi\/fi\/#\/schema\/logo\/image\/\"}}]}<\/script>\n<meta property=\"product:price:amount\" content=\"29.45\" \/>\n<meta property=\"product:price:currency\" content=\"EUR\" \/>\n<meta property=\"og:availability\" content=\"instock\" \/>\n<meta property=\"product:availability\" content=\"instock\" \/>\n<meta property=\"product:retailer_item_id\" content=\"222 B\" \/>\n<meta property=\"product:condition\" content=\"new\" \/>\n<!-- \/ Yoast SEO plugin. -->","yoast_head_json":{"title":"D-vitamiini Plus - Reviva","description":"D-vitamiini Plus niille, jotka tarvitsevat suuremman annoksen. 1 kapseli sis\u00e4lt\u00e4\u00e4 170 mcg. T\u00e4m\u00e4n ennaltaehk\u00e4isev\u00e4 annostus on 1-2 kapselia viikossa.","robots":{"index":"index","follow":"follow","max-snippet":"max-snippet:-1","max-image-preview":"max-image-preview:large","max-video-preview":"max-video-preview:-1"},"canonical":"https:\/\/reviva.fi\/fi\/tuote\/d-vitamiini-plus\/","og_locale":"fi_FI","og_type":"article","og_title":"D-vitamiini Plus - Reviva","og_description":"D-vitamiini Plus niille, jotka tarvitsevat suuremman annoksen. 1 kapseli sis\u00e4lt\u00e4\u00e4 170 mcg. T\u00e4m\u00e4n ennaltaehk\u00e4isev\u00e4 annostus on 1-2 kapselia viikossa.","og_url":"https:\/\/reviva.fi\/fi\/tuote\/d-vitamiini-plus\/","og_site_name":"Reviva","article_modified_time":"2026-01-18T08:30:53+00:00","og_image":[{"width":2000,"height":1332,"url":"https:\/\/reviva.fi\/wp-content\/uploads\/2021\/05\/222-B-Vitamin-D-Plus-Photoroom-e1769686904122.png","type":"image\/png"}],"twitter_card":"summary_large_image","schema":{"@context":"https:\/\/schema.org","@graph":[{"@type":"WebPage","@id":"https:\/\/reviva.fi\/fi\/tuote\/d-vitamiini-plus\/","url":"https:\/\/reviva.fi\/fi\/tuote\/d-vitamiini-plus\/","name":"D-vitamiini Plus - Reviva","isPartOf":{"@id":"https:\/\/reviva.fi\/fi\/#website"},"primaryImageOfPage":{"@id":"https:\/\/reviva.fi\/fi\/tuote\/d-vitamiini-plus\/#primaryimage"},"image":{"@id":"https:\/\/reviva.fi\/fi\/tuote\/d-vitamiini-plus\/#primaryimage"},"thumbnailUrl":"https:\/\/reviva.fi\/wp-content\/uploads\/2021\/05\/222-B-Vitamin-D-Plus-Photoroom-e1769686904122.png","datePublished":"2021-05-05T08:36:26+00:00","dateModified":"2026-01-18T08:30:53+00:00","description":"D-vitamiini Plus niille, jotka tarvitsevat suuremman annoksen. 1 kapseli sis\u00e4lt\u00e4\u00e4 170 mcg. T\u00e4m\u00e4n ennaltaehk\u00e4isev\u00e4 annostus on 1-2 kapselia viikossa.","breadcrumb":{"@id":"https:\/\/reviva.fi\/fi\/tuote\/d-vitamiini-plus\/#breadcrumb"},"inLanguage":"fi","potentialAction":[{"@type":"ReadAction","target":["https:\/\/reviva.fi\/fi\/tuote\/d-vitamiini-plus\/"]}]},{"@type":"ImageObject","inLanguage":"fi","@id":"https:\/\/reviva.fi\/fi\/tuote\/d-vitamiini-plus\/#primaryimage","url":"https:\/\/reviva.fi\/wp-content\/uploads\/2021\/05\/222-B-Vitamin-D-Plus-Photoroom-e1769686904122.png","contentUrl":"https:\/\/reviva.fi\/wp-content\/uploads\/2021\/05\/222-B-Vitamin-D-Plus-Photoroom-e1769686904122.png","width":2000,"height":1332,"caption":"Vitamin D Plus"},{"@type":"BreadcrumbList","@id":"https:\/\/reviva.fi\/fi\/tuote\/d-vitamiini-plus\/#breadcrumb","itemListElement":[{"@type":"ListItem","position":1,"name":"Etusivu","item":"https:\/\/reviva.fi\/fi\/"},{"@type":"ListItem","position":2,"name":"Tuotteet","item":"https:\/\/reviva.fi\/produkter\/"},{"@type":"ListItem","position":3,"name":"D-vitamiini Plus"}]},{"@type":"WebSite","@id":"https:\/\/reviva.fi\/fi\/#website","url":"https:\/\/reviva.fi\/fi\/","name":"Reviva","description":"","publisher":{"@id":"https:\/\/reviva.fi\/fi\/#organization"},"potentialAction":[{"@type":"SearchAction","target":{"@type":"EntryPoint","urlTemplate":"https:\/\/reviva.fi\/fi\/?s={search_term_string}"},"query-input":{"@type":"PropertyValueSpecification","valueRequired":true,"valueName":"search_term_string"}}],"inLanguage":"fi"},{"@type":"Organization","@id":"https:\/\/reviva.fi\/fi\/#organization","name":"Reviva","url":"https:\/\/reviva.fi\/fi\/","logo":{"@type":"ImageObject","inLanguage":"fi","@id":"https:\/\/reviva.fi\/fi\/#\/schema\/logo\/image\/","url":"https:\/\/reviva.fi\/wp-content\/uploads\/2023\/10\/reviva-logo2.svg","contentUrl":"https:\/\/reviva.fi\/wp-content\/uploads\/2023\/10\/reviva-logo2.svg","caption":"Reviva"},"image":{"@id":"https:\/\/reviva.fi\/fi\/#\/schema\/logo\/image\/"}}]},"product_price_amount":"29.45","product_price_currency":"EUR","og_availability":"instock","product_availability":"instock","product_retailer_item_id":"222 B","product_condition":"new"},"taxonomy_info":{"product_cat":[{"value":96,"label":"Vitamiinit"},{"value":527,"label":"D-vitamiini"},{"value":2454,"label":"EVP Nutrition"},{"value":2357,"label":"Immuunipuolustus"}],"product_tag":[{"value":412,"label":"antioksidantti"},{"value":621,"label":"d vitamiini"},{"value":433,"label":"d vitamiini plus"},{"value":1227,"label":"d-vitamiinilis\u00e4t"},{"value":1233,"label":"ekseema"},{"value":1467,"label":"heikentynyt immuunij\u00e4rjestelm\u00e4"},{"value":1326,"label":"kohonnut verenpaine"},{"value":1454,"label":"lihas heikkous"},{"value":1457,"label":"lihaskipu"},{"value":507,"label":"lis\u00e4\u00e4 vastustuskyky\u00e4"},{"value":498,"label":"luontais lis\u00e4ravinne"},{"value":1218,"label":"masennus"},{"value":1494,"label":"osteoporoosi"},{"value":1514,"label":"psoriasis"},{"value":520,"label":"vitamiini"},{"value":522,"label":"vitamiinit"}]},"featured_image_src_large":["https:\/\/reviva.fi\/wp-content\/uploads\/2021\/05\/222-B-Vitamin-D-Plus-Photoroom-1024x682.png",1024,682,true],"author_info":[],"comment_info":0,"_links":{"self":[{"href":"https:\/\/reviva.fi\/fi\/wp-json\/wp\/v2\/product\/2126","targetHints":{"allow":["GET"]}}],"collection":[{"href":"https:\/\/reviva.fi\/fi\/wp-json\/wp\/v2\/product"}],"about":[{"href":"https:\/\/reviva.fi\/fi\/wp-json\/wp\/v2\/types\/product"}],"replies":[{"embeddable":true,"href":"https:\/\/reviva.fi\/fi\/wp-json\/wp\/v2\/comments?post=2126"}],"wp:featuredmedia":[{"embeddable":true,"href":"https:\/\/reviva.fi\/fi\/wp-json\/wp\/v2\/media\/13742"}],"wp:attachment":[{"href":"https:\/\/reviva.fi\/fi\/wp-json\/wp\/v2\/media?parent=2126"}],"wp:term":[{"taxonomy":"product_brand","embeddable":true,"href":"https:\/\/reviva.fi\/fi\/wp-json\/wp\/v2\/product_brand?post=2126"},{"taxonomy":"product_cat","embeddable":true,"href":"https:\/\/reviva.fi\/fi\/wp-json\/wp\/v2\/product_cat?post=2126"},{"taxonomy":"product_tag","embeddable":true,"href":"https:\/\/reviva.fi\/fi\/wp-json\/wp\/v2\/product_tag?post=2126"}],"curies":[{"name":"wp","href":"https:\/\/api.w.org\/{rel}","templated":true}]}}