{"id":2136,"date":"2021-05-05T14:16:20","date_gmt":"2021-05-05T11:16:20","guid":{"rendered":"https:\/\/reviva.fi\/product\/b1-tiamin-enkelmedel\/"},"modified":"2026-01-17T17:35:56","modified_gmt":"2026-01-17T15:35:56","slug":"b1-tiamiini","status":"publish","type":"product","link":"https:\/\/reviva.fi\/fi\/tuote\/b1-tiamiini\/","title":{"rendered":"B1-Vitamiini, Tiamiini"},"content":{"rendered":"<p><strong>B1 Tiamiini, yksitt\u00e4inen aine<\/strong><\/p>\n<p>Tiamiini (rikki\u00e4 sis\u00e4lt\u00e4v\u00e4 vitamiini) on vesiliukoinen vitamiini. Se on mukana monissa soluprosesseissa.<\/p>\n<p><strong>Tiamiini edist\u00e4\u00e4:<\/strong><\/p>\n<ul>\n<li>normaalia energia-aineenvaihduntaa<\/li>\n<li>hermoston normaalia toimintaa<\/li>\n<li>normaaleja psykologisia toimintoja<\/li>\n<li>syd\u00e4men normaalia toimintaa<\/li>\n<\/ul>\n<p>Keho tarvitsee B1-vitamiinia hiilihydraattien aineenvaihduntaan, tiettyihin lihas- ja hermotoimintoihin sek\u00e4 kehon energiantuotantoon.<\/p>\n<p>&nbsp;<\/p>\n","protected":false},"excerpt":{"rendered":"<p>B1-vitamiinia hiilihydraattien aineenvaihduntaan, tiettyihin lihas- ja hermotoimintoihin sek\u00e4 kehon energiantuotantoon.<\/p>\n<p><strong>60 kapselia<\/strong><\/p>\n","protected":false},"featured_media":13565,"comment_status":"closed","ping_status":"closed","template":"","meta":{"_acf_changed":false,"inline_featured_image":false,"_kad_blocks_custom_css":"","_kad_blocks_head_custom_js":"","_kad_blocks_body_custom_js":"","_kad_blocks_footer_custom_js":"","_kadence_starter_templates_imported_post":false,"_kad_post_transparent":"default","_kad_post_title":"","_kad_post_layout":"default","_kad_post_sidebar_id":"","_kad_post_content_style":"default","_kad_post_vertical_padding":"default","_kad_post_feature":"","_kad_post_feature_position":"","_kad_post_header":false,"_kad_post_footer":false},"product_brand":[],"product_cat":[96,525,2454],"product_tag":[2928,1120,412,428,415,2986,3040,3032,3109,2996,3135,2995,3122,1126,3063,1377,3096,3080,3081,1454,507,498,2973,3203,3168,1512,3142,3112,3129,3132,3016,3077,1285,515,520,522],"class_list":{"0":"post-2136","1":"product","2":"type-product","3":"status-publish","4":"has-post-thumbnail","6":"product_cat-vitaminer-fi","7":"product_cat-b-vitamin-fi","8":"product_cat-evp-nutrition-fi","9":"product_tag-alkoholismi","10":"product_tag-alzheimerin-tauti","11":"product_tag-antioksidantti","12":"product_tag-b-vitamiini","13":"product_tag-b1-vitamiini","14":"product_tag-beriberi-fi","15":"product_tag-fyysinen-uupumus","16":"product_tag-glaukooma","17":"product_tag-heikentynyt-nakokyky","18":"product_tag-heikko-lihasjaykkyys","19":"product_tag-henkinen-uupumus","20":"product_tag-huono-ruokahalu","21":"product_tag-hyttynen","22":"product_tag-kasvojen-halvaus","23":"product_tag-kilpirauhasen-liikatoiminta","24":"product_tag-krooninen-vasymys","25":"product_tag-kuukautiskipu","26":"product_tag-kylmat-jalat","27":"product_tag-kylmat-kadet","28":"product_tag-lihas-heikkous","29":"product_tag-lisaa-vastustuskykya","30":"product_tag-luontais-lisaravinne","31":"product_tag-lyijymyrkytys","32":"product_tag-matkapahoinvointi","33":"product_tag-merisairas","34":"product_tag-muistin-ongelma","35":"product_tag-nakohermon-tulehdus","36":"product_tag-neurodegeneraatio","37":"product_tag-perifeerinen-neuropatia","38":"product_tag-polyneuropatia","39":"product_tag-sikion-kasvu","40":"product_tag-sormien-puutuminen","41":"product_tag-sydamen-vajaatoiminta","42":"product_tag-tiamiini-enkelmedel","43":"product_tag-vitamiini","44":"product_tag-vitamiinit","46":"first","47":"instock","48":"taxable","49":"shipping-taxable","50":"purchasable","51":"product-type-simple","52":"entry","53":"content-bg","54":"loop-entry"},"acf":[],"yoast_head":"<!-- This site is optimized with the Yoast SEO plugin v25.8 - https:\/\/yoast.com\/wordpress\/plugins\/seo\/ -->\n<title>B1-Vitamiini, Tiamiini - Reviva<\/title>\n<meta name=\"description\" content=\"B1 Tiamiini, puutos voi aiheuttaa v\u00e4symyst\u00e4, lihasheikkoutta, muistih\u00e4iri\u00f6it\u00e4 ja ruokahaluttomuutta. Pitkittynyt puute voi johtaa beriberi-sairauteen.\" \/>\n<meta name=\"robots\" content=\"index, follow, max-snippet:-1, max-image-preview:large, max-video-preview:-1\" \/>\n<link rel=\"canonical\" href=\"https:\/\/reviva.fi\/fi\/tuote\/b1-tiamiini\/\" \/>\n<meta property=\"og:locale\" content=\"fi_FI\" \/>\n<meta property=\"og:type\" content=\"article\" \/>\n<meta property=\"og:title\" content=\"B1-Vitamiini, Tiamiini - Reviva\" \/>\n<meta property=\"og:description\" content=\"B1 Tiamiini, puutos voi aiheuttaa v\u00e4symyst\u00e4, lihasheikkoutta, muistih\u00e4iri\u00f6it\u00e4 ja ruokahaluttomuutta. Pitkittynyt puute voi johtaa beriberi-sairauteen.\" \/>\n<meta property=\"og:url\" content=\"https:\/\/reviva.fi\/fi\/tuote\/b1-tiamiini\/\" \/>\n<meta property=\"og:site_name\" content=\"Reviva\" \/>\n<meta property=\"article:modified_time\" content=\"2026-01-17T15:35:56+00:00\" \/>\n<meta property=\"og:image\" content=\"https:\/\/reviva.fi\/wp-content\/uploads\/2021\/05\/217-B1-enkelmedel-Photoroom-e1768893609449.png\" \/>\n\t<meta property=\"og:image:width\" content=\"2000\" \/>\n\t<meta property=\"og:image:height\" content=\"1333\" \/>\n\t<meta property=\"og:image:type\" content=\"image\/png\" \/>\n<meta name=\"twitter:card\" content=\"summary_large_image\" \/>\n<script type=\"application\/ld+json\" class=\"yoast-schema-graph\">{\"@context\":\"https:\/\/schema.org\",\"@graph\":[{\"@type\":\"WebPage\",\"@id\":\"https:\/\/reviva.fi\/fi\/tuote\/b1-tiamiini\/\",\"url\":\"https:\/\/reviva.fi\/fi\/tuote\/b1-tiamiini\/\",\"name\":\"B1-Vitamiini, Tiamiini - Reviva\",\"isPartOf\":{\"@id\":\"https:\/\/reviva.fi\/fi\/#website\"},\"primaryImageOfPage\":{\"@id\":\"https:\/\/reviva.fi\/fi\/tuote\/b1-tiamiini\/#primaryimage\"},\"image\":{\"@id\":\"https:\/\/reviva.fi\/fi\/tuote\/b1-tiamiini\/#primaryimage\"},\"thumbnailUrl\":\"https:\/\/reviva.fi\/wp-content\/uploads\/2021\/05\/217-B1-enkelmedel-Photoroom-e1768893609449.png\",\"datePublished\":\"2021-05-05T11:16:20+00:00\",\"dateModified\":\"2026-01-17T15:35:56+00:00\",\"description\":\"B1 Tiamiini, puutos voi aiheuttaa v\u00e4symyst\u00e4, lihasheikkoutta, muistih\u00e4iri\u00f6it\u00e4 ja ruokahaluttomuutta. Pitkittynyt puute voi johtaa beriberi-sairauteen.\",\"breadcrumb\":{\"@id\":\"https:\/\/reviva.fi\/fi\/tuote\/b1-tiamiini\/#breadcrumb\"},\"inLanguage\":\"fi\",\"potentialAction\":[{\"@type\":\"ReadAction\",\"target\":[\"https:\/\/reviva.fi\/fi\/tuote\/b1-tiamiini\/\"]}]},{\"@type\":\"ImageObject\",\"inLanguage\":\"fi\",\"@id\":\"https:\/\/reviva.fi\/fi\/tuote\/b1-tiamiini\/#primaryimage\",\"url\":\"https:\/\/reviva.fi\/wp-content\/uploads\/2021\/05\/217-B1-enkelmedel-Photoroom-e1768893609449.png\",\"contentUrl\":\"https:\/\/reviva.fi\/wp-content\/uploads\/2021\/05\/217-B1-enkelmedel-Photoroom-e1768893609449.png\",\"width\":2000,\"height\":1333,\"caption\":\"Vitamin B1 enkelmedel\"},{\"@type\":\"BreadcrumbList\",\"@id\":\"https:\/\/reviva.fi\/fi\/tuote\/b1-tiamiini\/#breadcrumb\",\"itemListElement\":[{\"@type\":\"ListItem\",\"position\":1,\"name\":\"Etusivu\",\"item\":\"https:\/\/reviva.fi\/fi\/\"},{\"@type\":\"ListItem\",\"position\":2,\"name\":\"Tuotteet\",\"item\":\"https:\/\/reviva.fi\/produkter\/\"},{\"@type\":\"ListItem\",\"position\":3,\"name\":\"B1-Vitamiini, Tiamiini\"}]},{\"@type\":\"WebSite\",\"@id\":\"https:\/\/reviva.fi\/fi\/#website\",\"url\":\"https:\/\/reviva.fi\/fi\/\",\"name\":\"Reviva\",\"description\":\"\",\"publisher\":{\"@id\":\"https:\/\/reviva.fi\/fi\/#organization\"},\"potentialAction\":[{\"@type\":\"SearchAction\",\"target\":{\"@type\":\"EntryPoint\",\"urlTemplate\":\"https:\/\/reviva.fi\/fi\/?s={search_term_string}\"},\"query-input\":{\"@type\":\"PropertyValueSpecification\",\"valueRequired\":true,\"valueName\":\"search_term_string\"}}],\"inLanguage\":\"fi\"},{\"@type\":\"Organization\",\"@id\":\"https:\/\/reviva.fi\/fi\/#organization\",\"name\":\"Reviva\",\"url\":\"https:\/\/reviva.fi\/fi\/\",\"logo\":{\"@type\":\"ImageObject\",\"inLanguage\":\"fi\",\"@id\":\"https:\/\/reviva.fi\/fi\/#\/schema\/logo\/image\/\",\"url\":\"https:\/\/reviva.fi\/wp-content\/uploads\/2023\/10\/reviva-logo2.svg\",\"contentUrl\":\"https:\/\/reviva.fi\/wp-content\/uploads\/2023\/10\/reviva-logo2.svg\",\"caption\":\"Reviva\"},\"image\":{\"@id\":\"https:\/\/reviva.fi\/fi\/#\/schema\/logo\/image\/\"}}]}<\/script>\n<meta property=\"product:price:amount\" content=\"27.35\" \/>\n<meta property=\"product:price:currency\" content=\"EUR\" \/>\n<meta property=\"og:availability\" content=\"instock\" \/>\n<meta property=\"product:availability\" content=\"instock\" \/>\n<meta property=\"product:retailer_item_id\" content=\"217\" \/>\n<meta property=\"product:condition\" content=\"new\" \/>\n<!-- \/ Yoast SEO plugin. -->","yoast_head_json":{"title":"B1-Vitamiini, Tiamiini - Reviva","description":"B1 Tiamiini, puutos voi aiheuttaa v\u00e4symyst\u00e4, lihasheikkoutta, muistih\u00e4iri\u00f6it\u00e4 ja ruokahaluttomuutta. Pitkittynyt puute voi johtaa beriberi-sairauteen.","robots":{"index":"index","follow":"follow","max-snippet":"max-snippet:-1","max-image-preview":"max-image-preview:large","max-video-preview":"max-video-preview:-1"},"canonical":"https:\/\/reviva.fi\/fi\/tuote\/b1-tiamiini\/","og_locale":"fi_FI","og_type":"article","og_title":"B1-Vitamiini, Tiamiini - Reviva","og_description":"B1 Tiamiini, puutos voi aiheuttaa v\u00e4symyst\u00e4, lihasheikkoutta, muistih\u00e4iri\u00f6it\u00e4 ja ruokahaluttomuutta. Pitkittynyt puute voi johtaa beriberi-sairauteen.","og_url":"https:\/\/reviva.fi\/fi\/tuote\/b1-tiamiini\/","og_site_name":"Reviva","article_modified_time":"2026-01-17T15:35:56+00:00","og_image":[{"width":2000,"height":1333,"url":"https:\/\/reviva.fi\/wp-content\/uploads\/2021\/05\/217-B1-enkelmedel-Photoroom-e1768893609449.png","type":"image\/png"}],"twitter_card":"summary_large_image","schema":{"@context":"https:\/\/schema.org","@graph":[{"@type":"WebPage","@id":"https:\/\/reviva.fi\/fi\/tuote\/b1-tiamiini\/","url":"https:\/\/reviva.fi\/fi\/tuote\/b1-tiamiini\/","name":"B1-Vitamiini, Tiamiini - Reviva","isPartOf":{"@id":"https:\/\/reviva.fi\/fi\/#website"},"primaryImageOfPage":{"@id":"https:\/\/reviva.fi\/fi\/tuote\/b1-tiamiini\/#primaryimage"},"image":{"@id":"https:\/\/reviva.fi\/fi\/tuote\/b1-tiamiini\/#primaryimage"},"thumbnailUrl":"https:\/\/reviva.fi\/wp-content\/uploads\/2021\/05\/217-B1-enkelmedel-Photoroom-e1768893609449.png","datePublished":"2021-05-05T11:16:20+00:00","dateModified":"2026-01-17T15:35:56+00:00","description":"B1 Tiamiini, puutos voi aiheuttaa v\u00e4symyst\u00e4, lihasheikkoutta, muistih\u00e4iri\u00f6it\u00e4 ja ruokahaluttomuutta. Pitkittynyt puute voi johtaa beriberi-sairauteen.","breadcrumb":{"@id":"https:\/\/reviva.fi\/fi\/tuote\/b1-tiamiini\/#breadcrumb"},"inLanguage":"fi","potentialAction":[{"@type":"ReadAction","target":["https:\/\/reviva.fi\/fi\/tuote\/b1-tiamiini\/"]}]},{"@type":"ImageObject","inLanguage":"fi","@id":"https:\/\/reviva.fi\/fi\/tuote\/b1-tiamiini\/#primaryimage","url":"https:\/\/reviva.fi\/wp-content\/uploads\/2021\/05\/217-B1-enkelmedel-Photoroom-e1768893609449.png","contentUrl":"https:\/\/reviva.fi\/wp-content\/uploads\/2021\/05\/217-B1-enkelmedel-Photoroom-e1768893609449.png","width":2000,"height":1333,"caption":"Vitamin B1 enkelmedel"},{"@type":"BreadcrumbList","@id":"https:\/\/reviva.fi\/fi\/tuote\/b1-tiamiini\/#breadcrumb","itemListElement":[{"@type":"ListItem","position":1,"name":"Etusivu","item":"https:\/\/reviva.fi\/fi\/"},{"@type":"ListItem","position":2,"name":"Tuotteet","item":"https:\/\/reviva.fi\/produkter\/"},{"@type":"ListItem","position":3,"name":"B1-Vitamiini, Tiamiini"}]},{"@type":"WebSite","@id":"https:\/\/reviva.fi\/fi\/#website","url":"https:\/\/reviva.fi\/fi\/","name":"Reviva","description":"","publisher":{"@id":"https:\/\/reviva.fi\/fi\/#organization"},"potentialAction":[{"@type":"SearchAction","target":{"@type":"EntryPoint","urlTemplate":"https:\/\/reviva.fi\/fi\/?s={search_term_string}"},"query-input":{"@type":"PropertyValueSpecification","valueRequired":true,"valueName":"search_term_string"}}],"inLanguage":"fi"},{"@type":"Organization","@id":"https:\/\/reviva.fi\/fi\/#organization","name":"Reviva","url":"https:\/\/reviva.fi\/fi\/","logo":{"@type":"ImageObject","inLanguage":"fi","@id":"https:\/\/reviva.fi\/fi\/#\/schema\/logo\/image\/","url":"https:\/\/reviva.fi\/wp-content\/uploads\/2023\/10\/reviva-logo2.svg","contentUrl":"https:\/\/reviva.fi\/wp-content\/uploads\/2023\/10\/reviva-logo2.svg","caption":"Reviva"},"image":{"@id":"https:\/\/reviva.fi\/fi\/#\/schema\/logo\/image\/"}}]},"product_price_amount":"27.35","product_price_currency":"EUR","og_availability":"instock","product_availability":"instock","product_retailer_item_id":"217","product_condition":"new"},"taxonomy_info":{"product_cat":[{"value":96,"label":"Vitamiinit"},{"value":525,"label":"B-vitamiini"},{"value":2454,"label":"EVP Nutrition"}],"product_tag":[{"value":2928,"label":"Alkoholismi"},{"value":1120,"label":"alzheimerin tauti"},{"value":412,"label":"antioksidantti"},{"value":428,"label":"b vitamiini"},{"value":415,"label":"b1 vitamiini"},{"value":2986,"label":"beriberi"},{"value":3040,"label":"fyysinen uupumus"},{"value":3032,"label":"glaukooma"},{"value":3109,"label":"Heikentynyt n\u00e4k\u00f6kyky"},{"value":2996,"label":"heikko lihasj\u00e4ykkyys"},{"value":3135,"label":"Henkinen uupumus"},{"value":2995,"label":"Huono ruokahalu"},{"value":3122,"label":"Hyttynen"},{"value":1126,"label":"kasvojen halvaus"},{"value":3063,"label":"kilpirauhasen liikatoiminta"},{"value":1377,"label":"krooninen v\u00e4symys"},{"value":3096,"label":"Kuukautiskipu"},{"value":3080,"label":"Kylm\u00e4t jalat"},{"value":3081,"label":"Kylm\u00e4t k\u00e4det"},{"value":1454,"label":"lihas heikkous"},{"value":507,"label":"lis\u00e4\u00e4 vastustuskyky\u00e4"},{"value":498,"label":"luontais lis\u00e4ravinne"},{"value":2973,"label":"Lyijymyrkytys"},{"value":3203,"label":"Matkapahoinvointi"},{"value":3168,"label":"Merisairas"},{"value":1512,"label":"muistin ongelma"},{"value":3142,"label":"N\u00e4k\u00f6hermon tulehdus"},{"value":3112,"label":"neurodegeneraatio"},{"value":3129,"label":"perifeerinen neuropatia"},{"value":3132,"label":"polyneuropatia"},{"value":3016,"label":"siki\u00f6n kasvu"},{"value":3077,"label":"sormien puutuminen"},{"value":1285,"label":"syd\u00e4men vajaatoiminta"},{"value":515,"label":"tiamiini enkelmedel"},{"value":520,"label":"vitamiini"},{"value":522,"label":"vitamiinit"}]},"featured_image_src_large":["https:\/\/reviva.fi\/wp-content\/uploads\/2021\/05\/217-B1-enkelmedel-Photoroom-1024x682.png",1024,682,true],"author_info":[],"comment_info":0,"_links":{"self":[{"href":"https:\/\/reviva.fi\/fi\/wp-json\/wp\/v2\/product\/2136","targetHints":{"allow":["GET"]}}],"collection":[{"href":"https:\/\/reviva.fi\/fi\/wp-json\/wp\/v2\/product"}],"about":[{"href":"https:\/\/reviva.fi\/fi\/wp-json\/wp\/v2\/types\/product"}],"replies":[{"embeddable":true,"href":"https:\/\/reviva.fi\/fi\/wp-json\/wp\/v2\/comments?post=2136"}],"wp:featuredmedia":[{"embeddable":true,"href":"https:\/\/reviva.fi\/fi\/wp-json\/wp\/v2\/media\/13565"}],"wp:attachment":[{"href":"https:\/\/reviva.fi\/fi\/wp-json\/wp\/v2\/media?parent=2136"}],"wp:term":[{"taxonomy":"product_brand","embeddable":true,"href":"https:\/\/reviva.fi\/fi\/wp-json\/wp\/v2\/product_brand?post=2136"},{"taxonomy":"product_cat","embeddable":true,"href":"https:\/\/reviva.fi\/fi\/wp-json\/wp\/v2\/product_cat?post=2136"},{"taxonomy":"product_tag","embeddable":true,"href":"https:\/\/reviva.fi\/fi\/wp-json\/wp\/v2\/product_tag?post=2136"}],"curies":[{"name":"wp","href":"https:\/\/api.w.org\/{rel}","templated":true}]}}