{"id":2225,"date":"2021-04-29T13:13:38","date_gmt":"2021-04-29T10:13:38","guid":{"rendered":"https:\/\/reviva.fi\/product\/glutation-complex\/"},"modified":"2026-01-15T12:58:17","modified_gmt":"2026-01-15T10:58:17","slug":"glutationi-complex","status":"publish","type":"product","link":"https:\/\/reviva.fi\/fi\/tuote\/glutationi-complex\/","title":{"rendered":"Glutationi Complex"},"content":{"rendered":"<p>Glutationi Complex on edistyksellinen ravintolis\u00e4, joka perustuu laajakirjo- ja synergiaperiaatteelle. Se sis\u00e4lt\u00e4\u00e4 glutationi-tripeptidin yhdess\u00e4 monien synergeettisten yrttiuutteiden kanssa.<\/p>\n<p>Valmisteen on koonnut ylil\u00e4\u00e4k\u00e4ri Per-Arne \u00d6ckerman, joka on kliinisen kemian professori.<\/p>\n<p><strong>Glutationi<\/strong> (GSH) on tripeptidi, jonka muodostavat aminohapot glysiini, kysteiini ja glutamiinihappo. Sit\u00e4 muodostuu luontaisesti maksassa prosessissa, joka on riippuvainen B3-vitamiinista. GSH on t\u00e4rke\u00e4 tekij\u00e4 maksan kyvylle poistaa myrkkyj\u00e4 (CYP-450). GSH on glutationiperoksidaasi-entsyymin kofaktori.<\/p>\n<p><strong>Kurkuma<\/strong> Kurkuman t\u00e4rkein kemiallinen ainesosa on yhdisteryhm\u00e4, jota kutsutaan kurkuminoideiksi, joihin kuuluvat kurkumiini, dimetoksikurkumiini ja bisdimetoksikurkumiini.<\/p>\n<p><strong>Sikuri<\/strong><\/p>\n<p><strong>Punajuuren juuriuute<\/strong><\/p>\n<p><strong>Siitep\u00f6lyuute <\/strong>\u00a0Kaikki kukkivat kasvit muodostavat siitep\u00f6ly\u00e4 lis\u00e4\u00e4ntymist\u00e4 varten. Siksi kaikki elint\u00e4rke\u00e4t ravintoaineet ovat siitep\u00f6lyn siemeniss\u00e4. Ne sis\u00e4lt\u00e4v\u00e4t proteiineja, aminohappoja, rasvahappoja, mineraaleja, vitamiineja ja fytosteroleja, joilla kaikilla voi olla positiivisia vaikutuksia ihmisten terveyteen.<\/p>\n","protected":false},"excerpt":{"rendered":"<p><strong>Glutation Complex<\/strong> on edistyksellinen ravintolis\u00e4, joka perustuu laajakirjo- ja synergiaperiaatteelle. Se sis\u00e4lt\u00e4\u00e4 glutationi-tripeptidin yhdess\u00e4 monien synergeettisten yrttiuutteiden kanssa.<\/p>\n<p><strong>60 kapselia\u00a0<\/strong><\/p>\n","protected":false},"featured_media":13358,"comment_status":"open","ping_status":"closed","template":"","meta":{"_acf_changed":false,"inline_featured_image":false,"_kad_blocks_custom_css":"","_kad_blocks_head_custom_js":"","_kad_blocks_body_custom_js":"","_kad_blocks_footer_custom_js":"","_kadence_starter_templates_imported_post":false,"_kad_post_transparent":"default","_kad_post_title":"","_kad_post_layout":"default","_kad_post_sidebar_id":"","_kad_post_content_style":"default","_kad_post_vertical_padding":"default","_kad_post_feature":"","_kad_post_feature_position":"","_kad_post_header":false,"_kad_post_footer":false},"product_brand":[],"product_cat":[88,141,5978,5982,2371,2366],"product_tag":[1062,410,412,1610,472,441,1272,1273,1421,1547,1326,1375,1385,1498,1388,1495,430,1439,1160,1349,1146,1620,1564,3030,1266,1579,1600,1263,1253,1416,1408,1162],"class_list":{"0":"post-2225","1":"product","2":"type-product","3":"status-publish","4":"has-post-thumbnail","6":"product_cat-aminosyror-fi","7":"product_cat-orter-fi","8":"product_cat-multi-produkter-fi","9":"product_cat-multi-nutrient-fi","10":"product_cat-muskler-och-leder-fi","11":"product_cat-lever-och-njurar-fi","12":"product_tag-amalgaamivaurioita","13":"product_tag-aminohappoja","14":"product_tag-antioksidantti","15":"product_tag-diureetti","16":"product_tag-glutamiini-glutaatio","17":"product_tag-glutationi","18":"product_tag-glutationi-lisaaine","19":"product_tag-glutationiperoksida","20":"product_tag-imetymishairio","21":"product_tag-kipu","22":"product_tag-kohonnut-verenpaine","23":"product_tag-krooniset-sairaudet","24":"product_tag-laksatiivinen","25":"product_tag-loiset","26":"product_tag-maksa","27":"product_tag-oksidatiivista-stressia","28":"product_tag-paras-glutationi","29":"product_tag-perna","30":"product_tag-puhdistaa-raskasmetalleja","31":"product_tag-raudanpuuteanemia","32":"product_tag-ruokahalua-stimuloiva","33":"product_tag-sarky","34":"product_tag-sateilya","35":"product_tag-sapenkiihdyttava","36":"product_tag-sappirakko","37":"product_tag-turvotus","38":"product_tag-ummetus-fi","39":"product_tag-ummetus","40":"product_tag-vapaat-radikaalit","41":"product_tag-vatsa","42":"product_tag-veren-alhaiset-rautatasot","43":"product_tag-vieroitus","45":"first","46":"instock","47":"taxable","48":"shipping-taxable","49":"purchasable","50":"product-type-simple","51":"entry","52":"content-bg","53":"loop-entry"},"acf":[],"yoast_head":"<!-- This site is optimized with the Yoast SEO plugin v25.8 - https:\/\/yoast.com\/wordpress\/plugins\/seo\/ -->\n<title>Glutationi Complex - Reviva<\/title>\n<meta name=\"description\" content=\"Glutationi Complex auttaa maksan vieroituskyky\u00e4. Glutationi, jossa on synergistisi\u00e4 kurkuma-, sikuri-, punajuuri- ja siitep\u00f6lyuutteita sis\u00e4lt\u00e4vi\u00e4 yrttej\u00e4.\" \/>\n<meta name=\"robots\" content=\"index, follow, max-snippet:-1, max-image-preview:large, max-video-preview:-1\" \/>\n<link rel=\"canonical\" href=\"https:\/\/reviva.fi\/fi\/tuote\/glutationi-complex\/\" \/>\n<meta property=\"og:locale\" content=\"fi_FI\" \/>\n<meta property=\"og:type\" content=\"article\" \/>\n<meta property=\"og:title\" content=\"Glutationi Complex - Reviva\" \/>\n<meta property=\"og:description\" content=\"Glutationi Complex auttaa maksan vieroituskyky\u00e4. Glutationi, jossa on synergistisi\u00e4 kurkuma-, sikuri-, punajuuri- ja siitep\u00f6lyuutteita sis\u00e4lt\u00e4vi\u00e4 yrttej\u00e4.\" \/>\n<meta property=\"og:url\" content=\"https:\/\/reviva.fi\/fi\/tuote\/glutationi-complex\/\" \/>\n<meta property=\"og:site_name\" content=\"Reviva\" \/>\n<meta property=\"article:modified_time\" content=\"2026-01-15T10:58:17+00:00\" \/>\n<meta property=\"og:image\" content=\"https:\/\/reviva.fi\/wp-content\/uploads\/2021\/04\/Glutation-Complex-130-Photoroom-e1765872624484.png\" \/>\n\t<meta property=\"og:image:width\" content=\"2000\" \/>\n\t<meta property=\"og:image:height\" content=\"1333\" \/>\n\t<meta property=\"og:image:type\" content=\"image\/png\" \/>\n<meta name=\"twitter:card\" content=\"summary_large_image\" \/>\n<script type=\"application\/ld+json\" class=\"yoast-schema-graph\">{\"@context\":\"https:\/\/schema.org\",\"@graph\":[{\"@type\":\"WebPage\",\"@id\":\"https:\/\/reviva.fi\/fi\/tuote\/glutationi-complex\/\",\"url\":\"https:\/\/reviva.fi\/fi\/tuote\/glutationi-complex\/\",\"name\":\"Glutationi Complex - Reviva\",\"isPartOf\":{\"@id\":\"https:\/\/reviva.fi\/fi\/#website\"},\"primaryImageOfPage\":{\"@id\":\"https:\/\/reviva.fi\/fi\/tuote\/glutationi-complex\/#primaryimage\"},\"image\":{\"@id\":\"https:\/\/reviva.fi\/fi\/tuote\/glutationi-complex\/#primaryimage\"},\"thumbnailUrl\":\"https:\/\/reviva.fi\/wp-content\/uploads\/2021\/04\/Glutation-Complex-130-Photoroom-e1765872624484.png\",\"datePublished\":\"2021-04-29T10:13:38+00:00\",\"dateModified\":\"2026-01-15T10:58:17+00:00\",\"description\":\"Glutationi Complex auttaa maksan vieroituskyky\u00e4. Glutationi, jossa on synergistisi\u00e4 kurkuma-, sikuri-, punajuuri- ja siitep\u00f6lyuutteita sis\u00e4lt\u00e4vi\u00e4 yrttej\u00e4.\",\"breadcrumb\":{\"@id\":\"https:\/\/reviva.fi\/fi\/tuote\/glutationi-complex\/#breadcrumb\"},\"inLanguage\":\"fi\",\"potentialAction\":[{\"@type\":\"ReadAction\",\"target\":[\"https:\/\/reviva.fi\/fi\/tuote\/glutationi-complex\/\"]}]},{\"@type\":\"ImageObject\",\"inLanguage\":\"fi\",\"@id\":\"https:\/\/reviva.fi\/fi\/tuote\/glutationi-complex\/#primaryimage\",\"url\":\"https:\/\/reviva.fi\/wp-content\/uploads\/2021\/04\/Glutation-Complex-130-Photoroom-e1765872624484.png\",\"contentUrl\":\"https:\/\/reviva.fi\/wp-content\/uploads\/2021\/04\/Glutation-Complex-130-Photoroom-e1765872624484.png\",\"width\":2000,\"height\":1333,\"caption\":\"Glutation Complex\"},{\"@type\":\"BreadcrumbList\",\"@id\":\"https:\/\/reviva.fi\/fi\/tuote\/glutationi-complex\/#breadcrumb\",\"itemListElement\":[{\"@type\":\"ListItem\",\"position\":1,\"name\":\"Etusivu\",\"item\":\"https:\/\/reviva.fi\/fi\/\"},{\"@type\":\"ListItem\",\"position\":2,\"name\":\"Tuotteet\",\"item\":\"https:\/\/reviva.fi\/produkter\/\"},{\"@type\":\"ListItem\",\"position\":3,\"name\":\"Glutationi Complex\"}]},{\"@type\":\"WebSite\",\"@id\":\"https:\/\/reviva.fi\/fi\/#website\",\"url\":\"https:\/\/reviva.fi\/fi\/\",\"name\":\"Reviva\",\"description\":\"\",\"publisher\":{\"@id\":\"https:\/\/reviva.fi\/fi\/#organization\"},\"potentialAction\":[{\"@type\":\"SearchAction\",\"target\":{\"@type\":\"EntryPoint\",\"urlTemplate\":\"https:\/\/reviva.fi\/fi\/?s={search_term_string}\"},\"query-input\":{\"@type\":\"PropertyValueSpecification\",\"valueRequired\":true,\"valueName\":\"search_term_string\"}}],\"inLanguage\":\"fi\"},{\"@type\":\"Organization\",\"@id\":\"https:\/\/reviva.fi\/fi\/#organization\",\"name\":\"Reviva\",\"url\":\"https:\/\/reviva.fi\/fi\/\",\"logo\":{\"@type\":\"ImageObject\",\"inLanguage\":\"fi\",\"@id\":\"https:\/\/reviva.fi\/fi\/#\/schema\/logo\/image\/\",\"url\":\"https:\/\/reviva.fi\/wp-content\/uploads\/2023\/10\/reviva-logo2.svg\",\"contentUrl\":\"https:\/\/reviva.fi\/wp-content\/uploads\/2023\/10\/reviva-logo2.svg\",\"caption\":\"Reviva\"},\"image\":{\"@id\":\"https:\/\/reviva.fi\/fi\/#\/schema\/logo\/image\/\"}}]}<\/script>\n<meta property=\"product:price:amount\" content=\"37.80\" \/>\n<meta property=\"product:price:currency\" content=\"EUR\" \/>\n<meta property=\"og:availability\" content=\"instock\" \/>\n<meta property=\"product:availability\" content=\"instock\" \/>\n<meta property=\"product:retailer_item_id\" content=\"130\" \/>\n<meta property=\"product:condition\" content=\"new\" \/>\n<!-- \/ Yoast SEO plugin. -->","yoast_head_json":{"title":"Glutationi Complex - Reviva","description":"Glutationi Complex auttaa maksan vieroituskyky\u00e4. Glutationi, jossa on synergistisi\u00e4 kurkuma-, sikuri-, punajuuri- ja siitep\u00f6lyuutteita sis\u00e4lt\u00e4vi\u00e4 yrttej\u00e4.","robots":{"index":"index","follow":"follow","max-snippet":"max-snippet:-1","max-image-preview":"max-image-preview:large","max-video-preview":"max-video-preview:-1"},"canonical":"https:\/\/reviva.fi\/fi\/tuote\/glutationi-complex\/","og_locale":"fi_FI","og_type":"article","og_title":"Glutationi Complex - Reviva","og_description":"Glutationi Complex auttaa maksan vieroituskyky\u00e4. Glutationi, jossa on synergistisi\u00e4 kurkuma-, sikuri-, punajuuri- ja siitep\u00f6lyuutteita sis\u00e4lt\u00e4vi\u00e4 yrttej\u00e4.","og_url":"https:\/\/reviva.fi\/fi\/tuote\/glutationi-complex\/","og_site_name":"Reviva","article_modified_time":"2026-01-15T10:58:17+00:00","og_image":[{"width":2000,"height":1333,"url":"https:\/\/reviva.fi\/wp-content\/uploads\/2021\/04\/Glutation-Complex-130-Photoroom-e1765872624484.png","type":"image\/png"}],"twitter_card":"summary_large_image","schema":{"@context":"https:\/\/schema.org","@graph":[{"@type":"WebPage","@id":"https:\/\/reviva.fi\/fi\/tuote\/glutationi-complex\/","url":"https:\/\/reviva.fi\/fi\/tuote\/glutationi-complex\/","name":"Glutationi Complex - Reviva","isPartOf":{"@id":"https:\/\/reviva.fi\/fi\/#website"},"primaryImageOfPage":{"@id":"https:\/\/reviva.fi\/fi\/tuote\/glutationi-complex\/#primaryimage"},"image":{"@id":"https:\/\/reviva.fi\/fi\/tuote\/glutationi-complex\/#primaryimage"},"thumbnailUrl":"https:\/\/reviva.fi\/wp-content\/uploads\/2021\/04\/Glutation-Complex-130-Photoroom-e1765872624484.png","datePublished":"2021-04-29T10:13:38+00:00","dateModified":"2026-01-15T10:58:17+00:00","description":"Glutationi Complex auttaa maksan vieroituskyky\u00e4. Glutationi, jossa on synergistisi\u00e4 kurkuma-, sikuri-, punajuuri- ja siitep\u00f6lyuutteita sis\u00e4lt\u00e4vi\u00e4 yrttej\u00e4.","breadcrumb":{"@id":"https:\/\/reviva.fi\/fi\/tuote\/glutationi-complex\/#breadcrumb"},"inLanguage":"fi","potentialAction":[{"@type":"ReadAction","target":["https:\/\/reviva.fi\/fi\/tuote\/glutationi-complex\/"]}]},{"@type":"ImageObject","inLanguage":"fi","@id":"https:\/\/reviva.fi\/fi\/tuote\/glutationi-complex\/#primaryimage","url":"https:\/\/reviva.fi\/wp-content\/uploads\/2021\/04\/Glutation-Complex-130-Photoroom-e1765872624484.png","contentUrl":"https:\/\/reviva.fi\/wp-content\/uploads\/2021\/04\/Glutation-Complex-130-Photoroom-e1765872624484.png","width":2000,"height":1333,"caption":"Glutation Complex"},{"@type":"BreadcrumbList","@id":"https:\/\/reviva.fi\/fi\/tuote\/glutationi-complex\/#breadcrumb","itemListElement":[{"@type":"ListItem","position":1,"name":"Etusivu","item":"https:\/\/reviva.fi\/fi\/"},{"@type":"ListItem","position":2,"name":"Tuotteet","item":"https:\/\/reviva.fi\/produkter\/"},{"@type":"ListItem","position":3,"name":"Glutationi Complex"}]},{"@type":"WebSite","@id":"https:\/\/reviva.fi\/fi\/#website","url":"https:\/\/reviva.fi\/fi\/","name":"Reviva","description":"","publisher":{"@id":"https:\/\/reviva.fi\/fi\/#organization"},"potentialAction":[{"@type":"SearchAction","target":{"@type":"EntryPoint","urlTemplate":"https:\/\/reviva.fi\/fi\/?s={search_term_string}"},"query-input":{"@type":"PropertyValueSpecification","valueRequired":true,"valueName":"search_term_string"}}],"inLanguage":"fi"},{"@type":"Organization","@id":"https:\/\/reviva.fi\/fi\/#organization","name":"Reviva","url":"https:\/\/reviva.fi\/fi\/","logo":{"@type":"ImageObject","inLanguage":"fi","@id":"https:\/\/reviva.fi\/fi\/#\/schema\/logo\/image\/","url":"https:\/\/reviva.fi\/wp-content\/uploads\/2023\/10\/reviva-logo2.svg","contentUrl":"https:\/\/reviva.fi\/wp-content\/uploads\/2023\/10\/reviva-logo2.svg","caption":"Reviva"},"image":{"@id":"https:\/\/reviva.fi\/fi\/#\/schema\/logo\/image\/"}}]},"product_price_amount":"37.80","product_price_currency":"EUR","og_availability":"instock","product_availability":"instock","product_retailer_item_id":"130","product_condition":"new"},"taxonomy_info":{"product_cat":[{"value":88,"label":"Aminohapot"},{"value":141,"label":"Yrtit"},{"value":5978,"label":"Multi tuotteet"},{"value":5982,"label":"Multi Nutrient"},{"value":2371,"label":"Nivelet &amp; Lihakset"},{"value":2366,"label":"Maksa &amp; Munuaiset"}],"product_tag":[{"value":1062,"label":"Amalgaamivaurioita"},{"value":410,"label":"aminohappoja"},{"value":412,"label":"antioksidantti"},{"value":1610,"label":"diureetti"},{"value":472,"label":"glutamiini glutaatio"},{"value":441,"label":"glutationi"},{"value":1272,"label":"glutationi-lis\u00e4aineet"},{"value":1273,"label":"glutationiperoksidaasi"},{"value":1421,"label":"imetymish\u00e4iri\u00f6"},{"value":1547,"label":"kipu"},{"value":1326,"label":"kohonnut verenpaine"},{"value":1375,"label":"krooniset sairaudet"},{"value":1385,"label":"laksatiivinen"},{"value":1498,"label":"loiset"},{"value":1388,"label":"maksa"},{"value":1495,"label":"oksidatiivista stressi\u00e4"},{"value":430,"label":"paras glutationi"},{"value":1439,"label":"perna"},{"value":1160,"label":"puhdistaa raskasmetalleja"},{"value":1349,"label":"raudanpuuteanemia"},{"value":1146,"label":"ruokahalua stimuloiva"},{"value":1620,"label":"s\u00e4rky"},{"value":1564,"label":"s\u00e4teily\u00e4"},{"value":3030,"label":"sapenkiihdytt\u00e4v\u00e4"},{"value":1266,"label":"sappirakko"},{"value":1579,"label":"turvotus"},{"value":1600,"label":"ummetus"},{"value":1263,"label":"ummetus"},{"value":1253,"label":"vapaat radikaalit"},{"value":1416,"label":"vatsa"},{"value":1408,"label":"veren alhaiset rautatasot"},{"value":1162,"label":"vieroitus"}]},"featured_image_src_large":["https:\/\/reviva.fi\/wp-content\/uploads\/2021\/04\/Glutation-Complex-130-Photoroom-1024x682.png",1024,682,true],"author_info":[],"comment_info":0,"_links":{"self":[{"href":"https:\/\/reviva.fi\/fi\/wp-json\/wp\/v2\/product\/2225","targetHints":{"allow":["GET"]}}],"collection":[{"href":"https:\/\/reviva.fi\/fi\/wp-json\/wp\/v2\/product"}],"about":[{"href":"https:\/\/reviva.fi\/fi\/wp-json\/wp\/v2\/types\/product"}],"replies":[{"embeddable":true,"href":"https:\/\/reviva.fi\/fi\/wp-json\/wp\/v2\/comments?post=2225"}],"wp:featuredmedia":[{"embeddable":true,"href":"https:\/\/reviva.fi\/fi\/wp-json\/wp\/v2\/media\/13358"}],"wp:attachment":[{"href":"https:\/\/reviva.fi\/fi\/wp-json\/wp\/v2\/media?parent=2225"}],"wp:term":[{"taxonomy":"product_brand","embeddable":true,"href":"https:\/\/reviva.fi\/fi\/wp-json\/wp\/v2\/product_brand?post=2225"},{"taxonomy":"product_cat","embeddable":true,"href":"https:\/\/reviva.fi\/fi\/wp-json\/wp\/v2\/product_cat?post=2225"},{"taxonomy":"product_tag","embeddable":true,"href":"https:\/\/reviva.fi\/fi\/wp-json\/wp\/v2\/product_tag?post=2225"}],"curies":[{"name":"wp","href":"https:\/\/api.w.org\/{rel}","templated":true}]}}