{"id":2233,"date":"2021-04-29T15:51:53","date_gmt":"2021-04-29T12:51:53","guid":{"rendered":"https:\/\/reviva.fi\/product\/glycin\/"},"modified":"2026-04-14T18:05:42","modified_gmt":"2026-04-14T15:05:42","slug":"glysiini","status":"publish","type":"product","link":"https:\/\/reviva.fi\/fi\/tuote\/glysiini\/","title":{"rendered":"Glysiini"},"content":{"rendered":"<p data-start=\"0\" data-end=\"291\">Glysiinill\u00e4 on t\u00e4rke\u00e4 rooli keskushermostossa (CNS). Yhdess\u00e4 GABA:n kanssa glysiini on yksi keskushermoston t\u00e4rkeimmist\u00e4 est\u00e4vist\u00e4 v\u00e4litt\u00e4j\u00e4aineista, erityisesti aivorungossa ja selk\u00e4ytimess\u00e4. Glysiini osallistuu my\u00f6s maksan toimintaan myrkkyjen sitomisessa eli niin sanottuun konjugaatioon.<\/p>\n<p data-start=\"293\" data-end=\"678\">Glysiini on aminohappo, jota elimist\u00f6 pystyy itse muodostamaan, mutta jota saadaan my\u00f6s ravinnosta, erityisesti proteiinipitoisista elintarvikkeista. Aminohapot toimivat proteiinien rakennuspalikoina ja ovat luonnollinen osa monia kehon rakenteita ja toimintoja. Glysiini on yksi elimist\u00f6n yleisimmin esiintyvist\u00e4 aminohapoista, ja sill\u00e4 on siksi vakiintunut asema ravitsemustieteess\u00e4.<\/p>\n<p data-start=\"680\" data-end=\"1037\">Ravintolis\u00e4n\u00e4 glysiini\u00e4 k\u00e4ytet\u00e4\u00e4n usein t\u00e4ydent\u00e4m\u00e4\u00e4n olemassa olevaa aminohappojen saantia. Joillekin lis\u00e4ravinne voi olla k\u00e4yt\u00e4nn\u00f6llinen tapa varmistaa tasainen saanti, erityisesti silloin kun ruokailutottumukset vaihtelevat tai arjessa kiinnitet\u00e4\u00e4n enemm\u00e4n huomiota ravintosis\u00e4lt\u00f6\u00f6n. Tuote on suunniteltu s\u00e4\u00e4nn\u00f6lliseen k\u00e4ytt\u00f6\u00f6n ja se on helppo annostella.<\/p>\n<p data-start=\"1039\" data-end=\"1285\" data-is-last-node=\"\" data-is-only-node=\"\">T\u00e4m\u00e4 glysiinivalmiste on kehitetty korkeaa puhtautta ja laatua painottaen. Sis\u00e4lt\u00f6 on huolellisesti valvottu eik\u00e4 sis\u00e4ll\u00e4 tarpeettomia lis\u00e4aineita, mik\u00e4 tekee tuotteesta helppok\u00e4ytt\u00f6isen ja vaivattomasti yhdistett\u00e4v\u00e4n muiden ravintolisien kanssa.<\/p>\n","protected":false},"excerpt":{"rendered":"<p data-start=\"0\" data-end=\"188\">T\u00e4m\u00e4 ravintolis\u00e4 on vaivaton tapa t\u00e4ydent\u00e4\u00e4 p\u00e4ivitt\u00e4ist\u00e4 aminohappojen saantia korkealaatuisella glysiinill\u00e4. Helppo valinta sinulle, joka haluat puhtaan ja helppok\u00e4ytt\u00f6isen lis\u00e4ravinteen.<\/p>\n<p data-start=\"190\" data-end=\"224\"><strong data-start=\"190\" data-end=\"224\">T\u00e4rke\u00e4 monipuolinen aminohappo<\/strong><\/p>\n<p data-start=\"226\" data-end=\"278\">Glysiinill\u00e4 on t\u00e4rke\u00e4 rooli keskushermostossa (CNS).<\/p>\n<p data-start=\"280\" data-end=\"291\" data-is-last-node=\"\" data-is-only-node=\"\">60 kapselia<\/p>\n","protected":false},"featured_media":9355,"comment_status":"open","ping_status":"closed","template":"","meta":{"_acf_changed":false,"inline_featured_image":false,"_kad_blocks_custom_css":"","_kad_blocks_head_custom_js":"","_kad_blocks_body_custom_js":"","_kad_blocks_footer_custom_js":"","_kadence_starter_templates_imported_post":false,"_kad_post_transparent":"default","_kad_post_title":"","_kad_post_layout":"default","_kad_post_sidebar_id":"","_kad_post_content_style":"default","_kad_post_vertical_padding":"default","_kad_post_feature":"","_kad_post_feature_position":"","_kad_post_header":false,"_kad_post_footer":false},"product_brand":[],"product_cat":[88,5963],"product_tag":[409,3074,1341,1538,517,3054,1162],"class_list":{"0":"post-2233","1":"product","2":"type-product","3":"status-publish","4":"has-post-thumbnail","6":"product_cat-aminosyror-fi","7":"product_cat-synergos-fi","8":"product_tag-aminohappo","9":"product_tag-kramppi","10":"product_tag-oppimisvaikeudet","11":"product_tag-skitsofrenia","12":"product_tag-vasymys","13":"product_tag-vaikeus-nukahtaa","14":"product_tag-vieroitus","16":"first","17":"instock","18":"taxable","19":"shipping-taxable","20":"purchasable","21":"product-type-simple","22":"entry","23":"content-bg","24":"loop-entry"},"acf":[],"yoast_head":"<!-- This site is optimized with the Yoast SEO plugin v25.8 - https:\/\/yoast.com\/wordpress\/plugins\/seo\/ -->\n<title>Glysiini - Reviva<\/title>\n<meta name=\"description\" content=\"Glysiini on GABA:n ohella yksi t\u00e4rkeimmist\u00e4 keskushermoston inhiboivista v\u00e4litt\u00e4j\u00e4aineista. Lihasj\u00e4nnityksen, yliaktiivisuuden ja unih\u00e4iri\u00f6iden yhteydess\u00e4.\" \/>\n<meta name=\"robots\" content=\"index, follow, max-snippet:-1, max-image-preview:large, max-video-preview:-1\" \/>\n<link rel=\"canonical\" href=\"https:\/\/reviva.fi\/fi\/tuote\/glysiini\/\" \/>\n<meta property=\"og:locale\" content=\"fi_FI\" \/>\n<meta property=\"og:type\" content=\"article\" \/>\n<meta property=\"og:title\" content=\"Glysiini - Reviva\" \/>\n<meta property=\"og:description\" content=\"Glysiini on GABA:n ohella yksi t\u00e4rkeimmist\u00e4 keskushermoston inhiboivista v\u00e4litt\u00e4j\u00e4aineista. Lihasj\u00e4nnityksen, yliaktiivisuuden ja unih\u00e4iri\u00f6iden yhteydess\u00e4.\" \/>\n<meta property=\"og:url\" content=\"https:\/\/reviva.fi\/fi\/tuote\/glysiini\/\" \/>\n<meta property=\"og:site_name\" content=\"Reviva\" \/>\n<meta property=\"article:modified_time\" content=\"2026-04-14T15:05:42+00:00\" \/>\n<meta property=\"og:image\" content=\"https:\/\/reviva.fi\/wp-content\/uploads\/2021\/04\/Glycin.png\" \/>\n\t<meta property=\"og:image:width\" content=\"1600\" \/>\n\t<meta property=\"og:image:height\" content=\"1600\" \/>\n\t<meta property=\"og:image:type\" content=\"image\/png\" \/>\n<meta name=\"twitter:card\" content=\"summary_large_image\" \/>\n<script type=\"application\/ld+json\" class=\"yoast-schema-graph\">{\"@context\":\"https:\/\/schema.org\",\"@graph\":[{\"@type\":\"WebPage\",\"@id\":\"https:\/\/reviva.fi\/fi\/tuote\/glysiini\/\",\"url\":\"https:\/\/reviva.fi\/fi\/tuote\/glysiini\/\",\"name\":\"Glysiini - Reviva\",\"isPartOf\":{\"@id\":\"https:\/\/reviva.fi\/fi\/#website\"},\"primaryImageOfPage\":{\"@id\":\"https:\/\/reviva.fi\/fi\/tuote\/glysiini\/#primaryimage\"},\"image\":{\"@id\":\"https:\/\/reviva.fi\/fi\/tuote\/glysiini\/#primaryimage\"},\"thumbnailUrl\":\"https:\/\/reviva.fi\/wp-content\/uploads\/2021\/04\/Glycin.png\",\"datePublished\":\"2021-04-29T12:51:53+00:00\",\"dateModified\":\"2026-04-14T15:05:42+00:00\",\"description\":\"Glysiini on GABA:n ohella yksi t\u00e4rkeimmist\u00e4 keskushermoston inhiboivista v\u00e4litt\u00e4j\u00e4aineista. Lihasj\u00e4nnityksen, yliaktiivisuuden ja unih\u00e4iri\u00f6iden yhteydess\u00e4.\",\"breadcrumb\":{\"@id\":\"https:\/\/reviva.fi\/fi\/tuote\/glysiini\/#breadcrumb\"},\"inLanguage\":\"fi\",\"potentialAction\":[{\"@type\":\"ReadAction\",\"target\":[\"https:\/\/reviva.fi\/fi\/tuote\/glysiini\/\"]}]},{\"@type\":\"ImageObject\",\"inLanguage\":\"fi\",\"@id\":\"https:\/\/reviva.fi\/fi\/tuote\/glysiini\/#primaryimage\",\"url\":\"https:\/\/reviva.fi\/wp-content\/uploads\/2021\/04\/Glycin.png\",\"contentUrl\":\"https:\/\/reviva.fi\/wp-content\/uploads\/2021\/04\/Glycin.png\",\"width\":1600,\"height\":1600,\"caption\":\"Glysiini\"},{\"@type\":\"BreadcrumbList\",\"@id\":\"https:\/\/reviva.fi\/fi\/tuote\/glysiini\/#breadcrumb\",\"itemListElement\":[{\"@type\":\"ListItem\",\"position\":1,\"name\":\"Etusivu\",\"item\":\"https:\/\/reviva.fi\/fi\/\"},{\"@type\":\"ListItem\",\"position\":2,\"name\":\"Tuotteet\",\"item\":\"https:\/\/reviva.fi\/produkter\/\"},{\"@type\":\"ListItem\",\"position\":3,\"name\":\"Glysiini\"}]},{\"@type\":\"WebSite\",\"@id\":\"https:\/\/reviva.fi\/fi\/#website\",\"url\":\"https:\/\/reviva.fi\/fi\/\",\"name\":\"Reviva\",\"description\":\"\",\"publisher\":{\"@id\":\"https:\/\/reviva.fi\/fi\/#organization\"},\"potentialAction\":[{\"@type\":\"SearchAction\",\"target\":{\"@type\":\"EntryPoint\",\"urlTemplate\":\"https:\/\/reviva.fi\/fi\/?s={search_term_string}\"},\"query-input\":{\"@type\":\"PropertyValueSpecification\",\"valueRequired\":true,\"valueName\":\"search_term_string\"}}],\"inLanguage\":\"fi\"},{\"@type\":\"Organization\",\"@id\":\"https:\/\/reviva.fi\/fi\/#organization\",\"name\":\"Reviva\",\"url\":\"https:\/\/reviva.fi\/fi\/\",\"logo\":{\"@type\":\"ImageObject\",\"inLanguage\":\"fi\",\"@id\":\"https:\/\/reviva.fi\/fi\/#\/schema\/logo\/image\/\",\"url\":\"https:\/\/reviva.fi\/wp-content\/uploads\/2023\/10\/reviva-logo2.svg\",\"contentUrl\":\"https:\/\/reviva.fi\/wp-content\/uploads\/2023\/10\/reviva-logo2.svg\",\"caption\":\"Reviva\"},\"image\":{\"@id\":\"https:\/\/reviva.fi\/fi\/#\/schema\/logo\/image\/\"}}]}<\/script>\n<meta property=\"product:price:amount\" content=\"13.80\" \/>\n<meta property=\"product:price:currency\" content=\"EUR\" \/>\n<meta property=\"og:availability\" content=\"instock\" \/>\n<meta property=\"product:availability\" content=\"instock\" \/>\n<meta property=\"product:retailer_item_id\" content=\"327\" \/>\n<meta property=\"product:condition\" content=\"new\" \/>\n<!-- \/ Yoast SEO plugin. -->","yoast_head_json":{"title":"Glysiini - Reviva","description":"Glysiini on GABA:n ohella yksi t\u00e4rkeimmist\u00e4 keskushermoston inhiboivista v\u00e4litt\u00e4j\u00e4aineista. Lihasj\u00e4nnityksen, yliaktiivisuuden ja unih\u00e4iri\u00f6iden yhteydess\u00e4.","robots":{"index":"index","follow":"follow","max-snippet":"max-snippet:-1","max-image-preview":"max-image-preview:large","max-video-preview":"max-video-preview:-1"},"canonical":"https:\/\/reviva.fi\/fi\/tuote\/glysiini\/","og_locale":"fi_FI","og_type":"article","og_title":"Glysiini - Reviva","og_description":"Glysiini on GABA:n ohella yksi t\u00e4rkeimmist\u00e4 keskushermoston inhiboivista v\u00e4litt\u00e4j\u00e4aineista. Lihasj\u00e4nnityksen, yliaktiivisuuden ja unih\u00e4iri\u00f6iden yhteydess\u00e4.","og_url":"https:\/\/reviva.fi\/fi\/tuote\/glysiini\/","og_site_name":"Reviva","article_modified_time":"2026-04-14T15:05:42+00:00","og_image":[{"width":1600,"height":1600,"url":"https:\/\/reviva.fi\/wp-content\/uploads\/2021\/04\/Glycin.png","type":"image\/png"}],"twitter_card":"summary_large_image","schema":{"@context":"https:\/\/schema.org","@graph":[{"@type":"WebPage","@id":"https:\/\/reviva.fi\/fi\/tuote\/glysiini\/","url":"https:\/\/reviva.fi\/fi\/tuote\/glysiini\/","name":"Glysiini - Reviva","isPartOf":{"@id":"https:\/\/reviva.fi\/fi\/#website"},"primaryImageOfPage":{"@id":"https:\/\/reviva.fi\/fi\/tuote\/glysiini\/#primaryimage"},"image":{"@id":"https:\/\/reviva.fi\/fi\/tuote\/glysiini\/#primaryimage"},"thumbnailUrl":"https:\/\/reviva.fi\/wp-content\/uploads\/2021\/04\/Glycin.png","datePublished":"2021-04-29T12:51:53+00:00","dateModified":"2026-04-14T15:05:42+00:00","description":"Glysiini on GABA:n ohella yksi t\u00e4rkeimmist\u00e4 keskushermoston inhiboivista v\u00e4litt\u00e4j\u00e4aineista. Lihasj\u00e4nnityksen, yliaktiivisuuden ja unih\u00e4iri\u00f6iden yhteydess\u00e4.","breadcrumb":{"@id":"https:\/\/reviva.fi\/fi\/tuote\/glysiini\/#breadcrumb"},"inLanguage":"fi","potentialAction":[{"@type":"ReadAction","target":["https:\/\/reviva.fi\/fi\/tuote\/glysiini\/"]}]},{"@type":"ImageObject","inLanguage":"fi","@id":"https:\/\/reviva.fi\/fi\/tuote\/glysiini\/#primaryimage","url":"https:\/\/reviva.fi\/wp-content\/uploads\/2021\/04\/Glycin.png","contentUrl":"https:\/\/reviva.fi\/wp-content\/uploads\/2021\/04\/Glycin.png","width":1600,"height":1600,"caption":"Glysiini"},{"@type":"BreadcrumbList","@id":"https:\/\/reviva.fi\/fi\/tuote\/glysiini\/#breadcrumb","itemListElement":[{"@type":"ListItem","position":1,"name":"Etusivu","item":"https:\/\/reviva.fi\/fi\/"},{"@type":"ListItem","position":2,"name":"Tuotteet","item":"https:\/\/reviva.fi\/produkter\/"},{"@type":"ListItem","position":3,"name":"Glysiini"}]},{"@type":"WebSite","@id":"https:\/\/reviva.fi\/fi\/#website","url":"https:\/\/reviva.fi\/fi\/","name":"Reviva","description":"","publisher":{"@id":"https:\/\/reviva.fi\/fi\/#organization"},"potentialAction":[{"@type":"SearchAction","target":{"@type":"EntryPoint","urlTemplate":"https:\/\/reviva.fi\/fi\/?s={search_term_string}"},"query-input":{"@type":"PropertyValueSpecification","valueRequired":true,"valueName":"search_term_string"}}],"inLanguage":"fi"},{"@type":"Organization","@id":"https:\/\/reviva.fi\/fi\/#organization","name":"Reviva","url":"https:\/\/reviva.fi\/fi\/","logo":{"@type":"ImageObject","inLanguage":"fi","@id":"https:\/\/reviva.fi\/fi\/#\/schema\/logo\/image\/","url":"https:\/\/reviva.fi\/wp-content\/uploads\/2023\/10\/reviva-logo2.svg","contentUrl":"https:\/\/reviva.fi\/wp-content\/uploads\/2023\/10\/reviva-logo2.svg","caption":"Reviva"},"image":{"@id":"https:\/\/reviva.fi\/fi\/#\/schema\/logo\/image\/"}}]},"product_price_amount":"13.80","product_price_currency":"EUR","og_availability":"instock","product_availability":"instock","product_retailer_item_id":"327","product_condition":"new"},"taxonomy_info":{"product_cat":[{"value":88,"label":"Aminohapot"},{"value":5963,"label":"Synergos"}],"product_tag":[{"value":409,"label":"aminohappo"},{"value":3074,"label":"Kramppi"},{"value":1341,"label":"oppimisvaikeudet"},{"value":1538,"label":"skitsofrenia"},{"value":517,"label":"v\u00e4symys"},{"value":3054,"label":"vaikeus nukahtaa"},{"value":1162,"label":"vieroitus"}]},"featured_image_src_large":["https:\/\/reviva.fi\/wp-content\/uploads\/2021\/04\/Glycin-1024x1024.png",1024,1024,true],"author_info":[],"comment_info":0,"_links":{"self":[{"href":"https:\/\/reviva.fi\/fi\/wp-json\/wp\/v2\/product\/2233","targetHints":{"allow":["GET"]}}],"collection":[{"href":"https:\/\/reviva.fi\/fi\/wp-json\/wp\/v2\/product"}],"about":[{"href":"https:\/\/reviva.fi\/fi\/wp-json\/wp\/v2\/types\/product"}],"replies":[{"embeddable":true,"href":"https:\/\/reviva.fi\/fi\/wp-json\/wp\/v2\/comments?post=2233"}],"wp:featuredmedia":[{"embeddable":true,"href":"https:\/\/reviva.fi\/fi\/wp-json\/wp\/v2\/media\/9355"}],"wp:attachment":[{"href":"https:\/\/reviva.fi\/fi\/wp-json\/wp\/v2\/media?parent=2233"}],"wp:term":[{"taxonomy":"product_brand","embeddable":true,"href":"https:\/\/reviva.fi\/fi\/wp-json\/wp\/v2\/product_brand?post=2233"},{"taxonomy":"product_cat","embeddable":true,"href":"https:\/\/reviva.fi\/fi\/wp-json\/wp\/v2\/product_cat?post=2233"},{"taxonomy":"product_tag","embeddable":true,"href":"https:\/\/reviva.fi\/fi\/wp-json\/wp\/v2\/product_tag?post=2233"}],"curies":[{"name":"wp","href":"https:\/\/api.w.org\/{rel}","templated":true}]}}