{"id":2253,"date":"2021-04-30T11:33:21","date_gmt":"2021-04-30T08:33:21","guid":{"rendered":"https:\/\/reviva.fi\/product\/k2-menakinon\/"},"modified":"2026-01-19T14:19:14","modified_gmt":"2026-01-19T12:19:14","slug":"k2-vitamiini-menakinoni","status":"publish","type":"product","link":"https:\/\/reviva.fi\/fi\/tuote\/k2-vitamiini-menakinoni\/","title":{"rendered":"K2-vitamiini MK7, Menakinoni"},"content":{"rendered":"<p><strong>K2-vitamiini (Menakinoni)<\/strong><\/p>\n<p>K-vitamiinilla tarkoitetaan rasvaliukoisten vitamiinien ryhm\u00e4\u00e4. N\u00e4it\u00e4 ovat K1-vitamiini (fyllokinoni tai fytomenadioni) ja K2-vitamiini (menakinoni). K1-vitamiinia l\u00f6ytyy luonnollisesti ruokavaliomme kasvisosista, kun taas K2-vitamiinia (menakinonia) tuottavat suolistobakteerimme. Saamme my\u00f6s K2-vitamiinia el\u00e4inravinnosta.<\/p>\n<p><strong>K-vitamiini edist\u00e4\u00e4:<\/strong><\/p>\n<ul>\n<li>normaalia veren hyytymist\u00e4<\/li>\n<li>normaalin luurakenteen yll\u00e4pit\u00e4miseksi<\/li>\n<\/ul>\n<p>&nbsp;<\/p>\n","protected":false},"excerpt":{"rendered":"<p>K2-vitamiini, Menakinoni<\/p>\n<p><strong>120 kapselia<\/strong><\/p>\n<p>&nbsp;<\/p>\n","protected":false},"featured_media":11839,"comment_status":"open","ping_status":"closed","template":"","meta":{"_acf_changed":false,"inline_featured_image":false,"_kad_blocks_custom_css":"","_kad_blocks_head_custom_js":"","_kad_blocks_body_custom_js":"","_kad_blocks_footer_custom_js":"","_kadence_starter_templates_imported_post":false,"_kad_post_transparent":"default","_kad_post_title":"","_kad_post_layout":"default","_kad_post_sidebar_id":"","_kad_post_content_style":"default","_kad_post_vertical_padding":"default","_kad_post_feature":"","_kad_post_feature_position":"","_kad_post_header":false,"_kad_post_footer":false},"product_brand":[],"product_cat":[96,528,2454],"product_tag":[412,448,1353,475,507,498,520,522],"class_list":{"0":"post-2253","1":"product","2":"type-product","3":"status-publish","4":"has-post-thumbnail","6":"product_cat-vitaminer-fi","7":"product_cat-k-vitamin-fi","8":"product_cat-evp-nutrition-fi","9":"product_tag-antioksidantti","10":"product_tag-k-vitamiini","11":"product_tag-k2-menakinoni","12":"product_tag-k2-vitamiini","13":"product_tag-lisaa-vastustuskykya","14":"product_tag-luontais-lisaravinne","15":"product_tag-vitamiini","16":"product_tag-vitamiinit","18":"first","19":"instock","20":"taxable","21":"shipping-taxable","22":"purchasable","23":"product-type-simple","24":"entry","25":"content-bg","26":"loop-entry"},"acf":[],"yoast_head":"<!-- This site is optimized with the Yoast SEO plugin v25.8 - https:\/\/yoast.com\/wordpress\/plugins\/seo\/ -->\n<title>K2-vitamiini MK7, Menakinoni - Reviva<\/title>\n<meta name=\"description\" content=\"K2-vitamiini (Menakinoni) Kuljettaa kalsiumia luustoon. Tukee Normaalia veren hyytymist\u00e4. Puutos voi lis\u00e4t\u00e4 taipumusta nen\u00e4verenvuotoon ja mustelmiin.\" \/>\n<meta name=\"robots\" content=\"index, follow, max-snippet:-1, max-image-preview:large, max-video-preview:-1\" \/>\n<link rel=\"canonical\" href=\"https:\/\/reviva.fi\/fi\/tuote\/k2-vitamiini-menakinoni\/\" \/>\n<meta property=\"og:locale\" content=\"fi_FI\" \/>\n<meta property=\"og:type\" content=\"article\" \/>\n<meta property=\"og:title\" content=\"K2-vitamiini MK7, Menakinoni - Reviva\" \/>\n<meta property=\"og:description\" content=\"K2-vitamiini (Menakinoni) Kuljettaa kalsiumia luustoon. Tukee Normaalia veren hyytymist\u00e4. Puutos voi lis\u00e4t\u00e4 taipumusta nen\u00e4verenvuotoon ja mustelmiin.\" \/>\n<meta property=\"og:url\" content=\"https:\/\/reviva.fi\/fi\/tuote\/k2-vitamiini-menakinoni\/\" \/>\n<meta property=\"og:site_name\" content=\"Reviva\" \/>\n<meta property=\"article:modified_time\" content=\"2026-01-19T12:19:14+00:00\" \/>\n<meta property=\"og:image\" content=\"https:\/\/reviva.fi\/wp-content\/uploads\/2021\/04\/Vitamin-K2-Mk7-241-Photoroom-1-e1745301814790.png\" \/>\n\t<meta property=\"og:image:width\" content=\"1600\" \/>\n\t<meta property=\"og:image:height\" content=\"1600\" \/>\n\t<meta property=\"og:image:type\" content=\"image\/png\" \/>\n<meta name=\"twitter:card\" content=\"summary_large_image\" \/>\n<script type=\"application\/ld+json\" class=\"yoast-schema-graph\">{\"@context\":\"https:\/\/schema.org\",\"@graph\":[{\"@type\":\"WebPage\",\"@id\":\"https:\/\/reviva.fi\/fi\/tuote\/k2-vitamiini-menakinoni\/\",\"url\":\"https:\/\/reviva.fi\/fi\/tuote\/k2-vitamiini-menakinoni\/\",\"name\":\"K2-vitamiini MK7, Menakinoni - Reviva\",\"isPartOf\":{\"@id\":\"https:\/\/reviva.fi\/fi\/#website\"},\"primaryImageOfPage\":{\"@id\":\"https:\/\/reviva.fi\/fi\/tuote\/k2-vitamiini-menakinoni\/#primaryimage\"},\"image\":{\"@id\":\"https:\/\/reviva.fi\/fi\/tuote\/k2-vitamiini-menakinoni\/#primaryimage\"},\"thumbnailUrl\":\"https:\/\/reviva.fi\/wp-content\/uploads\/2021\/04\/Vitamin-K2-Mk7-241-Photoroom-1-e1745301814790.png\",\"datePublished\":\"2021-04-30T08:33:21+00:00\",\"dateModified\":\"2026-01-19T12:19:14+00:00\",\"description\":\"K2-vitamiini (Menakinoni) Kuljettaa kalsiumia luustoon. Tukee Normaalia veren hyytymist\u00e4. Puutos voi lis\u00e4t\u00e4 taipumusta nen\u00e4verenvuotoon ja mustelmiin.\",\"breadcrumb\":{\"@id\":\"https:\/\/reviva.fi\/fi\/tuote\/k2-vitamiini-menakinoni\/#breadcrumb\"},\"inLanguage\":\"fi\",\"potentialAction\":[{\"@type\":\"ReadAction\",\"target\":[\"https:\/\/reviva.fi\/fi\/tuote\/k2-vitamiini-menakinoni\/\"]}]},{\"@type\":\"ImageObject\",\"inLanguage\":\"fi\",\"@id\":\"https:\/\/reviva.fi\/fi\/tuote\/k2-vitamiini-menakinoni\/#primaryimage\",\"url\":\"https:\/\/reviva.fi\/wp-content\/uploads\/2021\/04\/Vitamin-K2-Mk7-241-Photoroom-1-e1745301814790.png\",\"contentUrl\":\"https:\/\/reviva.fi\/wp-content\/uploads\/2021\/04\/Vitamin-K2-Mk7-241-Photoroom-1-e1745301814790.png\",\"width\":1600,\"height\":1600,\"caption\":\"Vitamin K2 MK7\"},{\"@type\":\"BreadcrumbList\",\"@id\":\"https:\/\/reviva.fi\/fi\/tuote\/k2-vitamiini-menakinoni\/#breadcrumb\",\"itemListElement\":[{\"@type\":\"ListItem\",\"position\":1,\"name\":\"Etusivu\",\"item\":\"https:\/\/reviva.fi\/fi\/\"},{\"@type\":\"ListItem\",\"position\":2,\"name\":\"Tuotteet\",\"item\":\"https:\/\/reviva.fi\/produkter\/\"},{\"@type\":\"ListItem\",\"position\":3,\"name\":\"K2-vitamiini MK7, Menakinoni\"}]},{\"@type\":\"WebSite\",\"@id\":\"https:\/\/reviva.fi\/fi\/#website\",\"url\":\"https:\/\/reviva.fi\/fi\/\",\"name\":\"Reviva\",\"description\":\"\",\"publisher\":{\"@id\":\"https:\/\/reviva.fi\/fi\/#organization\"},\"potentialAction\":[{\"@type\":\"SearchAction\",\"target\":{\"@type\":\"EntryPoint\",\"urlTemplate\":\"https:\/\/reviva.fi\/fi\/?s={search_term_string}\"},\"query-input\":{\"@type\":\"PropertyValueSpecification\",\"valueRequired\":true,\"valueName\":\"search_term_string\"}}],\"inLanguage\":\"fi\"},{\"@type\":\"Organization\",\"@id\":\"https:\/\/reviva.fi\/fi\/#organization\",\"name\":\"Reviva\",\"url\":\"https:\/\/reviva.fi\/fi\/\",\"logo\":{\"@type\":\"ImageObject\",\"inLanguage\":\"fi\",\"@id\":\"https:\/\/reviva.fi\/fi\/#\/schema\/logo\/image\/\",\"url\":\"https:\/\/reviva.fi\/wp-content\/uploads\/2023\/10\/reviva-logo2.svg\",\"contentUrl\":\"https:\/\/reviva.fi\/wp-content\/uploads\/2023\/10\/reviva-logo2.svg\",\"caption\":\"Reviva\"},\"image\":{\"@id\":\"https:\/\/reviva.fi\/fi\/#\/schema\/logo\/image\/\"}}]}<\/script>\n<meta property=\"product:price:amount\" content=\"31.45\" \/>\n<meta property=\"product:price:currency\" content=\"EUR\" \/>\n<meta property=\"og:availability\" content=\"instock\" \/>\n<meta property=\"product:availability\" content=\"instock\" \/>\n<meta property=\"product:retailer_item_id\" content=\"241\" \/>\n<meta property=\"product:condition\" content=\"new\" \/>\n<!-- \/ Yoast SEO plugin. -->","yoast_head_json":{"title":"K2-vitamiini MK7, Menakinoni - Reviva","description":"K2-vitamiini (Menakinoni) Kuljettaa kalsiumia luustoon. Tukee Normaalia veren hyytymist\u00e4. Puutos voi lis\u00e4t\u00e4 taipumusta nen\u00e4verenvuotoon ja mustelmiin.","robots":{"index":"index","follow":"follow","max-snippet":"max-snippet:-1","max-image-preview":"max-image-preview:large","max-video-preview":"max-video-preview:-1"},"canonical":"https:\/\/reviva.fi\/fi\/tuote\/k2-vitamiini-menakinoni\/","og_locale":"fi_FI","og_type":"article","og_title":"K2-vitamiini MK7, Menakinoni - Reviva","og_description":"K2-vitamiini (Menakinoni) Kuljettaa kalsiumia luustoon. Tukee Normaalia veren hyytymist\u00e4. Puutos voi lis\u00e4t\u00e4 taipumusta nen\u00e4verenvuotoon ja mustelmiin.","og_url":"https:\/\/reviva.fi\/fi\/tuote\/k2-vitamiini-menakinoni\/","og_site_name":"Reviva","article_modified_time":"2026-01-19T12:19:14+00:00","og_image":[{"width":1600,"height":1600,"url":"https:\/\/reviva.fi\/wp-content\/uploads\/2021\/04\/Vitamin-K2-Mk7-241-Photoroom-1-e1745301814790.png","type":"image\/png"}],"twitter_card":"summary_large_image","schema":{"@context":"https:\/\/schema.org","@graph":[{"@type":"WebPage","@id":"https:\/\/reviva.fi\/fi\/tuote\/k2-vitamiini-menakinoni\/","url":"https:\/\/reviva.fi\/fi\/tuote\/k2-vitamiini-menakinoni\/","name":"K2-vitamiini MK7, Menakinoni - Reviva","isPartOf":{"@id":"https:\/\/reviva.fi\/fi\/#website"},"primaryImageOfPage":{"@id":"https:\/\/reviva.fi\/fi\/tuote\/k2-vitamiini-menakinoni\/#primaryimage"},"image":{"@id":"https:\/\/reviva.fi\/fi\/tuote\/k2-vitamiini-menakinoni\/#primaryimage"},"thumbnailUrl":"https:\/\/reviva.fi\/wp-content\/uploads\/2021\/04\/Vitamin-K2-Mk7-241-Photoroom-1-e1745301814790.png","datePublished":"2021-04-30T08:33:21+00:00","dateModified":"2026-01-19T12:19:14+00:00","description":"K2-vitamiini (Menakinoni) Kuljettaa kalsiumia luustoon. Tukee Normaalia veren hyytymist\u00e4. Puutos voi lis\u00e4t\u00e4 taipumusta nen\u00e4verenvuotoon ja mustelmiin.","breadcrumb":{"@id":"https:\/\/reviva.fi\/fi\/tuote\/k2-vitamiini-menakinoni\/#breadcrumb"},"inLanguage":"fi","potentialAction":[{"@type":"ReadAction","target":["https:\/\/reviva.fi\/fi\/tuote\/k2-vitamiini-menakinoni\/"]}]},{"@type":"ImageObject","inLanguage":"fi","@id":"https:\/\/reviva.fi\/fi\/tuote\/k2-vitamiini-menakinoni\/#primaryimage","url":"https:\/\/reviva.fi\/wp-content\/uploads\/2021\/04\/Vitamin-K2-Mk7-241-Photoroom-1-e1745301814790.png","contentUrl":"https:\/\/reviva.fi\/wp-content\/uploads\/2021\/04\/Vitamin-K2-Mk7-241-Photoroom-1-e1745301814790.png","width":1600,"height":1600,"caption":"Vitamin K2 MK7"},{"@type":"BreadcrumbList","@id":"https:\/\/reviva.fi\/fi\/tuote\/k2-vitamiini-menakinoni\/#breadcrumb","itemListElement":[{"@type":"ListItem","position":1,"name":"Etusivu","item":"https:\/\/reviva.fi\/fi\/"},{"@type":"ListItem","position":2,"name":"Tuotteet","item":"https:\/\/reviva.fi\/produkter\/"},{"@type":"ListItem","position":3,"name":"K2-vitamiini MK7, Menakinoni"}]},{"@type":"WebSite","@id":"https:\/\/reviva.fi\/fi\/#website","url":"https:\/\/reviva.fi\/fi\/","name":"Reviva","description":"","publisher":{"@id":"https:\/\/reviva.fi\/fi\/#organization"},"potentialAction":[{"@type":"SearchAction","target":{"@type":"EntryPoint","urlTemplate":"https:\/\/reviva.fi\/fi\/?s={search_term_string}"},"query-input":{"@type":"PropertyValueSpecification","valueRequired":true,"valueName":"search_term_string"}}],"inLanguage":"fi"},{"@type":"Organization","@id":"https:\/\/reviva.fi\/fi\/#organization","name":"Reviva","url":"https:\/\/reviva.fi\/fi\/","logo":{"@type":"ImageObject","inLanguage":"fi","@id":"https:\/\/reviva.fi\/fi\/#\/schema\/logo\/image\/","url":"https:\/\/reviva.fi\/wp-content\/uploads\/2023\/10\/reviva-logo2.svg","contentUrl":"https:\/\/reviva.fi\/wp-content\/uploads\/2023\/10\/reviva-logo2.svg","caption":"Reviva"},"image":{"@id":"https:\/\/reviva.fi\/fi\/#\/schema\/logo\/image\/"}}]},"product_price_amount":"31.45","product_price_currency":"EUR","og_availability":"instock","product_availability":"instock","product_retailer_item_id":"241","product_condition":"new"},"taxonomy_info":{"product_cat":[{"value":96,"label":"Vitamiinit"},{"value":528,"label":"K-vitamiini"},{"value":2454,"label":"EVP Nutrition"}],"product_tag":[{"value":412,"label":"antioksidantti"},{"value":448,"label":"k vitamiini"},{"value":1353,"label":"k2 menakinoni"},{"value":475,"label":"k2 vitamiini"},{"value":507,"label":"lis\u00e4\u00e4 vastustuskyky\u00e4"},{"value":498,"label":"luontais lis\u00e4ravinne"},{"value":520,"label":"vitamiini"},{"value":522,"label":"vitamiinit"}]},"featured_image_src_large":["https:\/\/reviva.fi\/wp-content\/uploads\/2021\/04\/Vitamin-K2-Mk7-241-Photoroom-1-1024x1024.png",1024,1024,true],"author_info":[],"comment_info":0,"_links":{"self":[{"href":"https:\/\/reviva.fi\/fi\/wp-json\/wp\/v2\/product\/2253","targetHints":{"allow":["GET"]}}],"collection":[{"href":"https:\/\/reviva.fi\/fi\/wp-json\/wp\/v2\/product"}],"about":[{"href":"https:\/\/reviva.fi\/fi\/wp-json\/wp\/v2\/types\/product"}],"replies":[{"embeddable":true,"href":"https:\/\/reviva.fi\/fi\/wp-json\/wp\/v2\/comments?post=2253"}],"wp:featuredmedia":[{"embeddable":true,"href":"https:\/\/reviva.fi\/fi\/wp-json\/wp\/v2\/media\/11839"}],"wp:attachment":[{"href":"https:\/\/reviva.fi\/fi\/wp-json\/wp\/v2\/media?parent=2253"}],"wp:term":[{"taxonomy":"product_brand","embeddable":true,"href":"https:\/\/reviva.fi\/fi\/wp-json\/wp\/v2\/product_brand?post=2253"},{"taxonomy":"product_cat","embeddable":true,"href":"https:\/\/reviva.fi\/fi\/wp-json\/wp\/v2\/product_cat?post=2253"},{"taxonomy":"product_tag","embeddable":true,"href":"https:\/\/reviva.fi\/fi\/wp-json\/wp\/v2\/product_tag?post=2253"}],"curies":[{"name":"wp","href":"https:\/\/api.w.org\/{rel}","templated":true}]}}