{"id":2256,"date":"2021-04-30T11:53:38","date_gmt":"2021-04-30T08:53:38","guid":{"rendered":"https:\/\/reviva.fi\/product\/kalium\/"},"modified":"2026-04-14T18:05:42","modified_gmt":"2026-04-14T15:05:42","slug":"kalium","status":"publish","type":"product","link":"https:\/\/reviva.fi\/fi\/tuote\/kalium\/","title":{"rendered":"Kalium"},"content":{"rendered":"<p><strong>Kalium<\/strong> on alkuaine, jonka merkki on K ja atominumero 19. Kalium luokitellaan elint\u00e4rkeisiin v\u00e4ltt\u00e4m\u00e4tt\u00f6miin ravintoaineisiin.<\/p>\n<p>Kalium on ihmisen elimist\u00f6n kahdeksanneksi runsain alkuaine. Ihmisen elimist\u00f6 sis\u00e4lt\u00e4\u00e4 suurin piirtein yht\u00e4 paljon kaliumia kuin rikki\u00e4 ja klooria. Ainoastaan suuria mineraaleja kalsiumia ja fosforia esiintyy runsaammin elimist\u00f6ss\u00e4.<\/p>\n<p><strong>Kalium edist\u00e4\u00e4:<\/strong><\/p>\n<ul>\n<li>hermoston normaalia toimintaa<\/li>\n<li>lihasten normaalia toimintaa<\/li>\n<li>verenpaineen pysymist\u00e4 normaalina<\/li>\n<\/ul>\n<p>&nbsp;<\/p>\n","protected":false},"excerpt":{"rendered":"<p><strong>Kalium edist\u00e4\u00e4:<\/strong><\/p>\n<ul>\n<li>hermoston normaalia toimintaa<\/li>\n<li>lihasten normaalia toimintaa<\/li>\n<li>verenpaineen pysymist\u00e4 normaalina<\/li>\n<\/ul>\n<p><strong>60 kapselia<\/strong><\/p>\n","protected":false},"featured_media":11810,"comment_status":"open","ping_status":"closed","template":"","meta":{"_acf_changed":false,"inline_featured_image":false,"_kad_blocks_custom_css":"","_kad_blocks_head_custom_js":"","_kad_blocks_body_custom_js":"","_kad_blocks_footer_custom_js":"","_kadence_starter_templates_imported_post":false,"_kad_post_transparent":"default","_kad_post_title":"","_kad_post_layout":"default","_kad_post_sidebar_id":"","_kad_post_content_style":"default","_kad_post_vertical_padding":"default","_kad_post_feature":"","_kad_post_feature_position":"","_kad_post_header":false,"_kad_post_footer":false},"product_brand":[],"product_cat":[93,5966,5963,2371],"product_tag":[],"class_list":{"0":"post-2256","1":"product","2":"type-product","3":"status-publish","4":"has-post-thumbnail","6":"product_cat-mineraler-fi","7":"product_cat-kalium-fi","8":"product_cat-synergos-fi","9":"product_cat-muskler-och-leder-fi","11":"first","12":"instock","13":"taxable","14":"shipping-taxable","15":"purchasable","16":"product-type-simple","17":"entry","18":"content-bg","19":"loop-entry"},"acf":[],"yoast_head":"<!-- This site is optimized with the Yoast SEO plugin v25.8 - https:\/\/yoast.com\/wordpress\/plugins\/seo\/ -->\n<title>Kalium - Reviva<\/title>\n<meta name=\"description\" content=\"Kalium puute voi aiheuttaa ep\u00e4normaalia hikoilua, nesteen ker\u00e4\u00e4ntymist\u00e4, huonoa unta, korkeaa sykett\u00e4, herkkyytt\u00e4 stressille ja my\u00f6s lihasongelmia.\" \/>\n<meta name=\"robots\" content=\"index, follow, max-snippet:-1, max-image-preview:large, max-video-preview:-1\" \/>\n<link rel=\"canonical\" href=\"https:\/\/reviva.fi\/fi\/tuote\/kalium\/\" \/>\n<meta property=\"og:locale\" content=\"fi_FI\" \/>\n<meta property=\"og:type\" content=\"article\" \/>\n<meta property=\"og:title\" content=\"Kalium - Reviva\" \/>\n<meta property=\"og:description\" content=\"Kalium puute voi aiheuttaa ep\u00e4normaalia hikoilua, nesteen ker\u00e4\u00e4ntymist\u00e4, huonoa unta, korkeaa sykett\u00e4, herkkyytt\u00e4 stressille ja my\u00f6s lihasongelmia.\" \/>\n<meta property=\"og:url\" content=\"https:\/\/reviva.fi\/fi\/tuote\/kalium\/\" \/>\n<meta property=\"og:site_name\" content=\"Reviva\" \/>\n<meta property=\"article:modified_time\" content=\"2026-04-14T15:05:42+00:00\" \/>\n<meta property=\"og:image\" content=\"https:\/\/reviva.fi\/wp-content\/uploads\/2021\/04\/Kalium-229-Photoroom-e1744894692892.png\" \/>\n\t<meta property=\"og:image:width\" content=\"1600\" \/>\n\t<meta property=\"og:image:height\" content=\"1600\" \/>\n\t<meta property=\"og:image:type\" content=\"image\/png\" \/>\n<meta name=\"twitter:card\" content=\"summary_large_image\" \/>\n<script type=\"application\/ld+json\" class=\"yoast-schema-graph\">{\"@context\":\"https:\/\/schema.org\",\"@graph\":[{\"@type\":\"WebPage\",\"@id\":\"https:\/\/reviva.fi\/fi\/tuote\/kalium\/\",\"url\":\"https:\/\/reviva.fi\/fi\/tuote\/kalium\/\",\"name\":\"Kalium - Reviva\",\"isPartOf\":{\"@id\":\"https:\/\/reviva.fi\/fi\/#website\"},\"primaryImageOfPage\":{\"@id\":\"https:\/\/reviva.fi\/fi\/tuote\/kalium\/#primaryimage\"},\"image\":{\"@id\":\"https:\/\/reviva.fi\/fi\/tuote\/kalium\/#primaryimage\"},\"thumbnailUrl\":\"https:\/\/reviva.fi\/wp-content\/uploads\/2021\/04\/Kalium-229-Photoroom-e1744894692892.png\",\"datePublished\":\"2021-04-30T08:53:38+00:00\",\"dateModified\":\"2026-04-14T15:05:42+00:00\",\"description\":\"Kalium puute voi aiheuttaa ep\u00e4normaalia hikoilua, nesteen ker\u00e4\u00e4ntymist\u00e4, huonoa unta, korkeaa sykett\u00e4, herkkyytt\u00e4 stressille ja my\u00f6s lihasongelmia.\",\"breadcrumb\":{\"@id\":\"https:\/\/reviva.fi\/fi\/tuote\/kalium\/#breadcrumb\"},\"inLanguage\":\"fi\",\"potentialAction\":[{\"@type\":\"ReadAction\",\"target\":[\"https:\/\/reviva.fi\/fi\/tuote\/kalium\/\"]}]},{\"@type\":\"ImageObject\",\"inLanguage\":\"fi\",\"@id\":\"https:\/\/reviva.fi\/fi\/tuote\/kalium\/#primaryimage\",\"url\":\"https:\/\/reviva.fi\/wp-content\/uploads\/2021\/04\/Kalium-229-Photoroom-e1744894692892.png\",\"contentUrl\":\"https:\/\/reviva.fi\/wp-content\/uploads\/2021\/04\/Kalium-229-Photoroom-e1744894692892.png\",\"width\":1600,\"height\":1600,\"caption\":\"Kalium\"},{\"@type\":\"BreadcrumbList\",\"@id\":\"https:\/\/reviva.fi\/fi\/tuote\/kalium\/#breadcrumb\",\"itemListElement\":[{\"@type\":\"ListItem\",\"position\":1,\"name\":\"Etusivu\",\"item\":\"https:\/\/reviva.fi\/fi\/\"},{\"@type\":\"ListItem\",\"position\":2,\"name\":\"Tuotteet\",\"item\":\"https:\/\/reviva.fi\/produkter\/\"},{\"@type\":\"ListItem\",\"position\":3,\"name\":\"Kalium\"}]},{\"@type\":\"WebSite\",\"@id\":\"https:\/\/reviva.fi\/fi\/#website\",\"url\":\"https:\/\/reviva.fi\/fi\/\",\"name\":\"Reviva\",\"description\":\"\",\"publisher\":{\"@id\":\"https:\/\/reviva.fi\/fi\/#organization\"},\"potentialAction\":[{\"@type\":\"SearchAction\",\"target\":{\"@type\":\"EntryPoint\",\"urlTemplate\":\"https:\/\/reviva.fi\/fi\/?s={search_term_string}\"},\"query-input\":{\"@type\":\"PropertyValueSpecification\",\"valueRequired\":true,\"valueName\":\"search_term_string\"}}],\"inLanguage\":\"fi\"},{\"@type\":\"Organization\",\"@id\":\"https:\/\/reviva.fi\/fi\/#organization\",\"name\":\"Reviva\",\"url\":\"https:\/\/reviva.fi\/fi\/\",\"logo\":{\"@type\":\"ImageObject\",\"inLanguage\":\"fi\",\"@id\":\"https:\/\/reviva.fi\/fi\/#\/schema\/logo\/image\/\",\"url\":\"https:\/\/reviva.fi\/wp-content\/uploads\/2023\/10\/reviva-logo2.svg\",\"contentUrl\":\"https:\/\/reviva.fi\/wp-content\/uploads\/2023\/10\/reviva-logo2.svg\",\"caption\":\"Reviva\"},\"image\":{\"@id\":\"https:\/\/reviva.fi\/fi\/#\/schema\/logo\/image\/\"}}]}<\/script>\n<meta property=\"product:price:amount\" content=\"14.85\" \/>\n<meta property=\"product:price:currency\" content=\"EUR\" \/>\n<meta property=\"og:availability\" content=\"instock\" \/>\n<meta property=\"product:availability\" content=\"instock\" \/>\n<meta property=\"product:retailer_item_id\" content=\"229\" \/>\n<meta property=\"product:condition\" content=\"new\" \/>\n<!-- \/ Yoast SEO plugin. -->","yoast_head_json":{"title":"Kalium - Reviva","description":"Kalium puute voi aiheuttaa ep\u00e4normaalia hikoilua, nesteen ker\u00e4\u00e4ntymist\u00e4, huonoa unta, korkeaa sykett\u00e4, herkkyytt\u00e4 stressille ja my\u00f6s lihasongelmia.","robots":{"index":"index","follow":"follow","max-snippet":"max-snippet:-1","max-image-preview":"max-image-preview:large","max-video-preview":"max-video-preview:-1"},"canonical":"https:\/\/reviva.fi\/fi\/tuote\/kalium\/","og_locale":"fi_FI","og_type":"article","og_title":"Kalium - Reviva","og_description":"Kalium puute voi aiheuttaa ep\u00e4normaalia hikoilua, nesteen ker\u00e4\u00e4ntymist\u00e4, huonoa unta, korkeaa sykett\u00e4, herkkyytt\u00e4 stressille ja my\u00f6s lihasongelmia.","og_url":"https:\/\/reviva.fi\/fi\/tuote\/kalium\/","og_site_name":"Reviva","article_modified_time":"2026-04-14T15:05:42+00:00","og_image":[{"width":1600,"height":1600,"url":"https:\/\/reviva.fi\/wp-content\/uploads\/2021\/04\/Kalium-229-Photoroom-e1744894692892.png","type":"image\/png"}],"twitter_card":"summary_large_image","schema":{"@context":"https:\/\/schema.org","@graph":[{"@type":"WebPage","@id":"https:\/\/reviva.fi\/fi\/tuote\/kalium\/","url":"https:\/\/reviva.fi\/fi\/tuote\/kalium\/","name":"Kalium - Reviva","isPartOf":{"@id":"https:\/\/reviva.fi\/fi\/#website"},"primaryImageOfPage":{"@id":"https:\/\/reviva.fi\/fi\/tuote\/kalium\/#primaryimage"},"image":{"@id":"https:\/\/reviva.fi\/fi\/tuote\/kalium\/#primaryimage"},"thumbnailUrl":"https:\/\/reviva.fi\/wp-content\/uploads\/2021\/04\/Kalium-229-Photoroom-e1744894692892.png","datePublished":"2021-04-30T08:53:38+00:00","dateModified":"2026-04-14T15:05:42+00:00","description":"Kalium puute voi aiheuttaa ep\u00e4normaalia hikoilua, nesteen ker\u00e4\u00e4ntymist\u00e4, huonoa unta, korkeaa sykett\u00e4, herkkyytt\u00e4 stressille ja my\u00f6s lihasongelmia.","breadcrumb":{"@id":"https:\/\/reviva.fi\/fi\/tuote\/kalium\/#breadcrumb"},"inLanguage":"fi","potentialAction":[{"@type":"ReadAction","target":["https:\/\/reviva.fi\/fi\/tuote\/kalium\/"]}]},{"@type":"ImageObject","inLanguage":"fi","@id":"https:\/\/reviva.fi\/fi\/tuote\/kalium\/#primaryimage","url":"https:\/\/reviva.fi\/wp-content\/uploads\/2021\/04\/Kalium-229-Photoroom-e1744894692892.png","contentUrl":"https:\/\/reviva.fi\/wp-content\/uploads\/2021\/04\/Kalium-229-Photoroom-e1744894692892.png","width":1600,"height":1600,"caption":"Kalium"},{"@type":"BreadcrumbList","@id":"https:\/\/reviva.fi\/fi\/tuote\/kalium\/#breadcrumb","itemListElement":[{"@type":"ListItem","position":1,"name":"Etusivu","item":"https:\/\/reviva.fi\/fi\/"},{"@type":"ListItem","position":2,"name":"Tuotteet","item":"https:\/\/reviva.fi\/produkter\/"},{"@type":"ListItem","position":3,"name":"Kalium"}]},{"@type":"WebSite","@id":"https:\/\/reviva.fi\/fi\/#website","url":"https:\/\/reviva.fi\/fi\/","name":"Reviva","description":"","publisher":{"@id":"https:\/\/reviva.fi\/fi\/#organization"},"potentialAction":[{"@type":"SearchAction","target":{"@type":"EntryPoint","urlTemplate":"https:\/\/reviva.fi\/fi\/?s={search_term_string}"},"query-input":{"@type":"PropertyValueSpecification","valueRequired":true,"valueName":"search_term_string"}}],"inLanguage":"fi"},{"@type":"Organization","@id":"https:\/\/reviva.fi\/fi\/#organization","name":"Reviva","url":"https:\/\/reviva.fi\/fi\/","logo":{"@type":"ImageObject","inLanguage":"fi","@id":"https:\/\/reviva.fi\/fi\/#\/schema\/logo\/image\/","url":"https:\/\/reviva.fi\/wp-content\/uploads\/2023\/10\/reviva-logo2.svg","contentUrl":"https:\/\/reviva.fi\/wp-content\/uploads\/2023\/10\/reviva-logo2.svg","caption":"Reviva"},"image":{"@id":"https:\/\/reviva.fi\/fi\/#\/schema\/logo\/image\/"}}]},"product_price_amount":"14.85","product_price_currency":"EUR","og_availability":"instock","product_availability":"instock","product_retailer_item_id":"229","product_condition":"new"},"taxonomy_info":{"product_cat":[{"value":93,"label":"Mineraalit"},{"value":5966,"label":"Kalium"},{"value":5963,"label":"Synergos"},{"value":2371,"label":"Nivelet &amp; Lihakset"}]},"featured_image_src_large":["https:\/\/reviva.fi\/wp-content\/uploads\/2021\/04\/Kalium-229-Photoroom-1024x1024.png",1024,1024,true],"author_info":[],"comment_info":0,"_links":{"self":[{"href":"https:\/\/reviva.fi\/fi\/wp-json\/wp\/v2\/product\/2256","targetHints":{"allow":["GET"]}}],"collection":[{"href":"https:\/\/reviva.fi\/fi\/wp-json\/wp\/v2\/product"}],"about":[{"href":"https:\/\/reviva.fi\/fi\/wp-json\/wp\/v2\/types\/product"}],"replies":[{"embeddable":true,"href":"https:\/\/reviva.fi\/fi\/wp-json\/wp\/v2\/comments?post=2256"}],"wp:featuredmedia":[{"embeddable":true,"href":"https:\/\/reviva.fi\/fi\/wp-json\/wp\/v2\/media\/11810"}],"wp:attachment":[{"href":"https:\/\/reviva.fi\/fi\/wp-json\/wp\/v2\/media?parent=2256"}],"wp:term":[{"taxonomy":"product_brand","embeddable":true,"href":"https:\/\/reviva.fi\/fi\/wp-json\/wp\/v2\/product_brand?post=2256"},{"taxonomy":"product_cat","embeddable":true,"href":"https:\/\/reviva.fi\/fi\/wp-json\/wp\/v2\/product_cat?post=2256"},{"taxonomy":"product_tag","embeddable":true,"href":"https:\/\/reviva.fi\/fi\/wp-json\/wp\/v2\/product_tag?post=2256"}],"curies":[{"name":"wp","href":"https:\/\/api.w.org\/{rel}","templated":true}]}}