{"id":2270,"date":"2021-04-30T13:37:42","date_gmt":"2021-04-30T10:37:42","guid":{"rendered":"https:\/\/reviva.fi\/product\/l-teanin\/"},"modified":"2026-01-22T09:51:04","modified_gmt":"2026-01-22T07:51:04","slug":"l-teaniini","status":"publish","type":"product","link":"https:\/\/reviva.fi\/fi\/tuote\/l-teaniini\/","title":{"rendered":"L-Teaniini"},"content":{"rendered":"<p data-start=\"0\" data-end=\"14\"><strong data-start=\"0\" data-end=\"14\">L-teaniini<\/strong><\/p>\n<p data-start=\"16\" data-end=\"122\"><strong>Teaniinin ensisijainen vaikutus liittyy siihen, ett\u00e4 se lis\u00e4\u00e4 aivojen v\u00e4litt\u00e4j\u00e4aine GABA:n kokonaism\u00e4\u00e4r\u00e4\u00e4.<\/strong><\/p>\n<p data-start=\"124\" data-end=\"470\">L-teaniini on luonnossa esiintyv\u00e4 aminohappo, jota tavataan p\u00e4\u00e4asiassa teelehdiss\u00e4, erityisesti vihre\u00e4ss\u00e4 teess\u00e4. Toisin kuin monet muut aminohapot, L-teaniinia ei k\u00e4ytet\u00e4 proteiinien rakennusaineena, vaan sill\u00e4 on erilainen rooli ravinnossa. T\u00e4m\u00e4n vuoksi se on saanut oman asemansa ravintolisien ja ravitsemukseen liittyvien tuotteiden joukossa.<\/p>\n<p data-start=\"472\" data-end=\"741\">Ravintolis\u00e4n\u00e4 L-teaniinia k\u00e4ytet\u00e4\u00e4n t\u00e4ydent\u00e4m\u00e4\u00e4n p\u00e4ivitt\u00e4ist\u00e4 ravintoaineiden saantia hallitulla ja k\u00e4yt\u00e4nn\u00f6llisell\u00e4 tavalla. Kapselimuoto mahdollistaa selke\u00e4n annostelun ja tekee tuotteesta helppok\u00e4ytt\u00f6isen osan p\u00e4ivitt\u00e4ist\u00e4 rutiinia ruokailutottumuksista riippumatta.<\/p>\n<p data-start=\"743\" data-end=\"973\" data-is-last-node=\"\" data-is-only-node=\"\">T\u00e4m\u00e4 L-teaniinituote on kehitetty laatu ja puhtaus edell\u00e4. Sis\u00e4lt\u00f6 on huolellisesti valvottu eik\u00e4 sis\u00e4ll\u00e4 tarpeettomia lis\u00e4aineita, mik\u00e4 tekee tuotteesta helppok\u00e4ytt\u00f6isen ja vaivattomasti yhdistett\u00e4v\u00e4n muiden ravintolisien kanssa.<\/p>\n","protected":false},"excerpt":{"rendered":"<p>Teaniinin on osoitettu v\u00e4hent\u00e4v\u00e4n psyykkist\u00e4 ja fyysist\u00e4 stressi\u00e4, parantavan kognitiota ja yleist\u00e4 mielenterveytt\u00e4. Teaniinin ensisijainen vaikutus liittyy siihen, ett\u00e4 se lis\u00e4\u00e4 GABA-neurov\u00e4litt\u00e4j\u00e4ineen tasoa aivoissa.<\/p>\n<p><strong>60 kapselia<\/strong><\/p>\n","protected":false},"featured_media":11825,"comment_status":"open","ping_status":"closed","template":"","meta":{"_acf_changed":false,"inline_featured_image":false,"_kad_blocks_custom_css":"","_kad_blocks_head_custom_js":"","_kad_blocks_body_custom_js":"","_kad_blocks_footer_custom_js":"","_kadence_starter_templates_imported_post":false,"_kad_post_transparent":"default","_kad_post_title":"","_kad_post_layout":"default","_kad_post_sidebar_id":"","_kad_post_content_style":"default","_kad_post_vertical_padding":"default","_kad_post_feature":"","_kad_post_feature_position":"","_kad_post_header":false,"_kad_post_footer":false},"product_brand":[],"product_cat":[88,2454,2376,2383],"product_tag":[],"class_list":{"0":"post-2270","1":"product","2":"type-product","3":"status-publish","4":"has-post-thumbnail","6":"product_cat-aminosyror-fi","7":"product_cat-evp-nutrition-fi","8":"product_cat-stressad-och-trott-fi","9":"product_cat-hjarna-och-minne-fi","11":"first","12":"instock","13":"taxable","14":"shipping-taxable","15":"purchasable","16":"product-type-simple","17":"entry","18":"content-bg","19":"loop-entry"},"acf":[],"yoast_head":"<!-- This site is optimized with the Yoast SEO plugin v25.8 - https:\/\/yoast.com\/wordpress\/plugins\/seo\/ -->\n<title>L-Teaniini - Reviva<\/title>\n<meta name=\"description\" content=\"L-Teaniini voi v\u00e4hent\u00e4\u00e4 henkist\u00e4 ja fyysist\u00e4 stressi\u00e4, parantaa kognitiota ja mielenterveytt\u00e4. Vaikutus liittyy GABA-tason nousuun aivoissa.\" \/>\n<meta name=\"robots\" content=\"index, follow, max-snippet:-1, max-image-preview:large, max-video-preview:-1\" \/>\n<link rel=\"canonical\" href=\"https:\/\/reviva.fi\/fi\/tuote\/l-teaniini\/\" \/>\n<meta property=\"og:locale\" content=\"fi_FI\" \/>\n<meta property=\"og:type\" content=\"article\" \/>\n<meta property=\"og:title\" content=\"L-Teaniini - Reviva\" \/>\n<meta property=\"og:description\" content=\"L-Teaniini voi v\u00e4hent\u00e4\u00e4 henkist\u00e4 ja fyysist\u00e4 stressi\u00e4, parantaa kognitiota ja mielenterveytt\u00e4. Vaikutus liittyy GABA-tason nousuun aivoissa.\" \/>\n<meta property=\"og:url\" content=\"https:\/\/reviva.fi\/fi\/tuote\/l-teaniini\/\" \/>\n<meta property=\"og:site_name\" content=\"Reviva\" \/>\n<meta property=\"article:modified_time\" content=\"2026-01-22T07:51:04+00:00\" \/>\n<meta property=\"og:image\" content=\"https:\/\/reviva.fi\/wp-content\/uploads\/2021\/04\/L-Teanin-316-Photoroom-e1745299103284.png\" \/>\n\t<meta property=\"og:image:width\" content=\"1600\" \/>\n\t<meta property=\"og:image:height\" content=\"1600\" \/>\n\t<meta property=\"og:image:type\" content=\"image\/png\" \/>\n<meta name=\"twitter:card\" content=\"summary_large_image\" \/>\n<script type=\"application\/ld+json\" class=\"yoast-schema-graph\">{\"@context\":\"https:\/\/schema.org\",\"@graph\":[{\"@type\":\"WebPage\",\"@id\":\"https:\/\/reviva.fi\/fi\/tuote\/l-teaniini\/\",\"url\":\"https:\/\/reviva.fi\/fi\/tuote\/l-teaniini\/\",\"name\":\"L-Teaniini - Reviva\",\"isPartOf\":{\"@id\":\"https:\/\/reviva.fi\/fi\/#website\"},\"primaryImageOfPage\":{\"@id\":\"https:\/\/reviva.fi\/fi\/tuote\/l-teaniini\/#primaryimage\"},\"image\":{\"@id\":\"https:\/\/reviva.fi\/fi\/tuote\/l-teaniini\/#primaryimage\"},\"thumbnailUrl\":\"https:\/\/reviva.fi\/wp-content\/uploads\/2021\/04\/L-Teanin-316-Photoroom-e1745299103284.png\",\"datePublished\":\"2021-04-30T10:37:42+00:00\",\"dateModified\":\"2026-01-22T07:51:04+00:00\",\"description\":\"L-Teaniini voi v\u00e4hent\u00e4\u00e4 henkist\u00e4 ja fyysist\u00e4 stressi\u00e4, parantaa kognitiota ja mielenterveytt\u00e4. Vaikutus liittyy GABA-tason nousuun aivoissa.\",\"breadcrumb\":{\"@id\":\"https:\/\/reviva.fi\/fi\/tuote\/l-teaniini\/#breadcrumb\"},\"inLanguage\":\"fi\",\"potentialAction\":[{\"@type\":\"ReadAction\",\"target\":[\"https:\/\/reviva.fi\/fi\/tuote\/l-teaniini\/\"]}]},{\"@type\":\"ImageObject\",\"inLanguage\":\"fi\",\"@id\":\"https:\/\/reviva.fi\/fi\/tuote\/l-teaniini\/#primaryimage\",\"url\":\"https:\/\/reviva.fi\/wp-content\/uploads\/2021\/04\/L-Teanin-316-Photoroom-e1745299103284.png\",\"contentUrl\":\"https:\/\/reviva.fi\/wp-content\/uploads\/2021\/04\/L-Teanin-316-Photoroom-e1745299103284.png\",\"width\":1600,\"height\":1600,\"caption\":\"L-Teanin\"},{\"@type\":\"BreadcrumbList\",\"@id\":\"https:\/\/reviva.fi\/fi\/tuote\/l-teaniini\/#breadcrumb\",\"itemListElement\":[{\"@type\":\"ListItem\",\"position\":1,\"name\":\"Etusivu\",\"item\":\"https:\/\/reviva.fi\/fi\/\"},{\"@type\":\"ListItem\",\"position\":2,\"name\":\"Tuotteet\",\"item\":\"https:\/\/reviva.fi\/produkter\/\"},{\"@type\":\"ListItem\",\"position\":3,\"name\":\"L-Teaniini\"}]},{\"@type\":\"WebSite\",\"@id\":\"https:\/\/reviva.fi\/fi\/#website\",\"url\":\"https:\/\/reviva.fi\/fi\/\",\"name\":\"Reviva\",\"description\":\"\",\"publisher\":{\"@id\":\"https:\/\/reviva.fi\/fi\/#organization\"},\"potentialAction\":[{\"@type\":\"SearchAction\",\"target\":{\"@type\":\"EntryPoint\",\"urlTemplate\":\"https:\/\/reviva.fi\/fi\/?s={search_term_string}\"},\"query-input\":{\"@type\":\"PropertyValueSpecification\",\"valueRequired\":true,\"valueName\":\"search_term_string\"}}],\"inLanguage\":\"fi\"},{\"@type\":\"Organization\",\"@id\":\"https:\/\/reviva.fi\/fi\/#organization\",\"name\":\"Reviva\",\"url\":\"https:\/\/reviva.fi\/fi\/\",\"logo\":{\"@type\":\"ImageObject\",\"inLanguage\":\"fi\",\"@id\":\"https:\/\/reviva.fi\/fi\/#\/schema\/logo\/image\/\",\"url\":\"https:\/\/reviva.fi\/wp-content\/uploads\/2023\/10\/reviva-logo2.svg\",\"contentUrl\":\"https:\/\/reviva.fi\/wp-content\/uploads\/2023\/10\/reviva-logo2.svg\",\"caption\":\"Reviva\"},\"image\":{\"@id\":\"https:\/\/reviva.fi\/fi\/#\/schema\/logo\/image\/\"}}]}<\/script>\n<meta property=\"product:price:amount\" content=\"31.45\" \/>\n<meta property=\"product:price:currency\" content=\"EUR\" \/>\n<meta property=\"og:availability\" content=\"instock\" \/>\n<meta property=\"product:availability\" content=\"instock\" \/>\n<meta property=\"product:retailer_item_id\" content=\"316\" \/>\n<meta property=\"product:condition\" content=\"new\" \/>\n<!-- \/ Yoast SEO plugin. -->","yoast_head_json":{"title":"L-Teaniini - Reviva","description":"L-Teaniini voi v\u00e4hent\u00e4\u00e4 henkist\u00e4 ja fyysist\u00e4 stressi\u00e4, parantaa kognitiota ja mielenterveytt\u00e4. Vaikutus liittyy GABA-tason nousuun aivoissa.","robots":{"index":"index","follow":"follow","max-snippet":"max-snippet:-1","max-image-preview":"max-image-preview:large","max-video-preview":"max-video-preview:-1"},"canonical":"https:\/\/reviva.fi\/fi\/tuote\/l-teaniini\/","og_locale":"fi_FI","og_type":"article","og_title":"L-Teaniini - Reviva","og_description":"L-Teaniini voi v\u00e4hent\u00e4\u00e4 henkist\u00e4 ja fyysist\u00e4 stressi\u00e4, parantaa kognitiota ja mielenterveytt\u00e4. Vaikutus liittyy GABA-tason nousuun aivoissa.","og_url":"https:\/\/reviva.fi\/fi\/tuote\/l-teaniini\/","og_site_name":"Reviva","article_modified_time":"2026-01-22T07:51:04+00:00","og_image":[{"width":1600,"height":1600,"url":"https:\/\/reviva.fi\/wp-content\/uploads\/2021\/04\/L-Teanin-316-Photoroom-e1745299103284.png","type":"image\/png"}],"twitter_card":"summary_large_image","schema":{"@context":"https:\/\/schema.org","@graph":[{"@type":"WebPage","@id":"https:\/\/reviva.fi\/fi\/tuote\/l-teaniini\/","url":"https:\/\/reviva.fi\/fi\/tuote\/l-teaniini\/","name":"L-Teaniini - Reviva","isPartOf":{"@id":"https:\/\/reviva.fi\/fi\/#website"},"primaryImageOfPage":{"@id":"https:\/\/reviva.fi\/fi\/tuote\/l-teaniini\/#primaryimage"},"image":{"@id":"https:\/\/reviva.fi\/fi\/tuote\/l-teaniini\/#primaryimage"},"thumbnailUrl":"https:\/\/reviva.fi\/wp-content\/uploads\/2021\/04\/L-Teanin-316-Photoroom-e1745299103284.png","datePublished":"2021-04-30T10:37:42+00:00","dateModified":"2026-01-22T07:51:04+00:00","description":"L-Teaniini voi v\u00e4hent\u00e4\u00e4 henkist\u00e4 ja fyysist\u00e4 stressi\u00e4, parantaa kognitiota ja mielenterveytt\u00e4. Vaikutus liittyy GABA-tason nousuun aivoissa.","breadcrumb":{"@id":"https:\/\/reviva.fi\/fi\/tuote\/l-teaniini\/#breadcrumb"},"inLanguage":"fi","potentialAction":[{"@type":"ReadAction","target":["https:\/\/reviva.fi\/fi\/tuote\/l-teaniini\/"]}]},{"@type":"ImageObject","inLanguage":"fi","@id":"https:\/\/reviva.fi\/fi\/tuote\/l-teaniini\/#primaryimage","url":"https:\/\/reviva.fi\/wp-content\/uploads\/2021\/04\/L-Teanin-316-Photoroom-e1745299103284.png","contentUrl":"https:\/\/reviva.fi\/wp-content\/uploads\/2021\/04\/L-Teanin-316-Photoroom-e1745299103284.png","width":1600,"height":1600,"caption":"L-Teanin"},{"@type":"BreadcrumbList","@id":"https:\/\/reviva.fi\/fi\/tuote\/l-teaniini\/#breadcrumb","itemListElement":[{"@type":"ListItem","position":1,"name":"Etusivu","item":"https:\/\/reviva.fi\/fi\/"},{"@type":"ListItem","position":2,"name":"Tuotteet","item":"https:\/\/reviva.fi\/produkter\/"},{"@type":"ListItem","position":3,"name":"L-Teaniini"}]},{"@type":"WebSite","@id":"https:\/\/reviva.fi\/fi\/#website","url":"https:\/\/reviva.fi\/fi\/","name":"Reviva","description":"","publisher":{"@id":"https:\/\/reviva.fi\/fi\/#organization"},"potentialAction":[{"@type":"SearchAction","target":{"@type":"EntryPoint","urlTemplate":"https:\/\/reviva.fi\/fi\/?s={search_term_string}"},"query-input":{"@type":"PropertyValueSpecification","valueRequired":true,"valueName":"search_term_string"}}],"inLanguage":"fi"},{"@type":"Organization","@id":"https:\/\/reviva.fi\/fi\/#organization","name":"Reviva","url":"https:\/\/reviva.fi\/fi\/","logo":{"@type":"ImageObject","inLanguage":"fi","@id":"https:\/\/reviva.fi\/fi\/#\/schema\/logo\/image\/","url":"https:\/\/reviva.fi\/wp-content\/uploads\/2023\/10\/reviva-logo2.svg","contentUrl":"https:\/\/reviva.fi\/wp-content\/uploads\/2023\/10\/reviva-logo2.svg","caption":"Reviva"},"image":{"@id":"https:\/\/reviva.fi\/fi\/#\/schema\/logo\/image\/"}}]},"product_price_amount":"31.45","product_price_currency":"EUR","og_availability":"instock","product_availability":"instock","product_retailer_item_id":"316","product_condition":"new"},"taxonomy_info":{"product_cat":[{"value":88,"label":"Aminohapot"},{"value":2454,"label":"EVP Nutrition"},{"value":2376,"label":"Stressaantunut &amp; V\u00e4synyt"},{"value":2383,"label":"Aivot &amp; Muisti"}]},"featured_image_src_large":["https:\/\/reviva.fi\/wp-content\/uploads\/2021\/04\/L-Teanin-316-Photoroom-1024x1024.png",1024,1024,true],"author_info":[],"comment_info":0,"_links":{"self":[{"href":"https:\/\/reviva.fi\/fi\/wp-json\/wp\/v2\/product\/2270","targetHints":{"allow":["GET"]}}],"collection":[{"href":"https:\/\/reviva.fi\/fi\/wp-json\/wp\/v2\/product"}],"about":[{"href":"https:\/\/reviva.fi\/fi\/wp-json\/wp\/v2\/types\/product"}],"replies":[{"embeddable":true,"href":"https:\/\/reviva.fi\/fi\/wp-json\/wp\/v2\/comments?post=2270"}],"wp:featuredmedia":[{"embeddable":true,"href":"https:\/\/reviva.fi\/fi\/wp-json\/wp\/v2\/media\/11825"}],"wp:attachment":[{"href":"https:\/\/reviva.fi\/fi\/wp-json\/wp\/v2\/media?parent=2270"}],"wp:term":[{"taxonomy":"product_brand","embeddable":true,"href":"https:\/\/reviva.fi\/fi\/wp-json\/wp\/v2\/product_brand?post=2270"},{"taxonomy":"product_cat","embeddable":true,"href":"https:\/\/reviva.fi\/fi\/wp-json\/wp\/v2\/product_cat?post=2270"},{"taxonomy":"product_tag","embeddable":true,"href":"https:\/\/reviva.fi\/fi\/wp-json\/wp\/v2\/product_tag?post=2270"}],"curies":[{"name":"wp","href":"https:\/\/api.w.org\/{rel}","templated":true}]}}