{"id":2282,"date":"2021-04-30T14:31:47","date_gmt":"2021-04-30T11:31:47","guid":{"rendered":"https:\/\/reviva.fi\/product\/munkpeppar\/"},"modified":"2026-01-05T13:27:40","modified_gmt":"2026-01-05T11:27:40","slug":"vitex-agnus-castus-munkinpippuri","status":"publish","type":"product","link":"https:\/\/reviva.fi\/fi\/tuote\/vitex-agnus-castus-munkinpippuri\/","title":{"rendered":"Vitex Agnus Castus &#8211; Munkinpippuri"},"content":{"rendered":"<p>Vitex Agnus Castus &#8211; Munkinpippuri<\/p>\n<p><em>Agnus castus<\/em>\u00a0on ravintolis\u00e4, joka on per\u00e4isin pienist\u00e4 marjoista, joita kutsutaan my\u00f6s <strong>munkinpippuriksi.<\/strong><\/p>\n<p>Siveydenpuu on pieni (6-7 m korkea) puu tai pensas, etel\u00e4isen Euroopan ja V\u00e4limeren alueen joent\u00f6rmilt\u00e4. Kasvi viljell\u00e4\u00e4n nyky\u00e4\u00e4n Kiinassa. Se kukkii kes\u00e4ll\u00e4 ja kehitt\u00e4\u00e4 vaalean liilat kukat ja palmun muotoiset lehdet. Tummanruskeiden tai mustien hedelmien koko vastaa pippurin kokoa. N\u00e4iss\u00e4 hedelmiss\u00e4 on pippuria muistuttava aromia ja maku, ja ne ker\u00e4t\u00e4\u00e4n syksyll\u00e4.<\/p>\n<p>&nbsp;<\/p>\n","protected":false},"excerpt":{"rendered":"<p><em>Agnus castus<\/em>\u00a0on ravintolis\u00e4, joka on per\u00e4isin pienist\u00e4 marjoista, joita kutsutaan my\u00f6s munkinpippuriksi.<\/p>\n<p><strong>60 kapselia<\/strong><\/p>\n","protected":false},"featured_media":13983,"comment_status":"open","ping_status":"closed","template":"","meta":{"_acf_changed":false,"inline_featured_image":false,"_kad_blocks_custom_css":"","_kad_blocks_head_custom_js":"","_kad_blocks_body_custom_js":"","_kad_blocks_footer_custom_js":"","_kadence_starter_templates_imported_post":false,"_kad_post_transparent":"default","_kad_post_title":"","_kad_post_layout":"default","_kad_post_sidebar_id":"","_kad_post_content_style":"default","_kad_post_vertical_padding":"default","_kad_post_feature":"","_kad_post_feature_position":"","_kad_post_header":false,"_kad_post_footer":false},"product_brand":[],"product_cat":[141,2497,2376,2492],"product_tag":[],"class_list":{"0":"post-2282","1":"product","2":"type-product","3":"status-publish","4":"has-post-thumbnail","6":"product_cat-orter-fi","7":"product_cat-reviva-nutrition-fi","8":"product_cat-stressad-och-trott-fi","9":"product_cat-only-for-resellers-sweden-fi","11":"first","12":"instock","13":"taxable","14":"shipping-taxable","15":"purchasable","16":"product-type-simple","17":"entry","18":"content-bg","19":"loop-entry"},"acf":[],"yoast_head":"<!-- This site is optimized with the Yoast SEO plugin v25.8 - https:\/\/yoast.com\/wordpress\/plugins\/seo\/ -->\n<title>Vitex Agnus Castus - Munkinpippuri - Reviva<\/title>\n<meta name=\"description\" content=\"Vitex Agnus Castus - Munkinpippuri. Munkinpippuria voidaan k\u00e4ytt\u00e4\u00e4 kuukautiskierron normalisoimiseen ja PMS-oireisiin. Naisten hormonaaliseen ep\u00e4tasapainoon\" \/>\n<meta name=\"robots\" content=\"index, follow, max-snippet:-1, max-image-preview:large, max-video-preview:-1\" \/>\n<link rel=\"canonical\" href=\"https:\/\/reviva.fi\/fi\/tuote\/vitex-agnus-castus-munkinpippuri\/\" \/>\n<meta property=\"og:locale\" content=\"fi_FI\" \/>\n<meta property=\"og:type\" content=\"article\" \/>\n<meta property=\"og:title\" content=\"Vitex Agnus Castus - Munkinpippuri - Reviva\" \/>\n<meta property=\"og:description\" content=\"Vitex Agnus Castus - Munkinpippuri. Munkinpippuria voidaan k\u00e4ytt\u00e4\u00e4 kuukautiskierron normalisoimiseen ja PMS-oireisiin. Naisten hormonaaliseen ep\u00e4tasapainoon\" \/>\n<meta property=\"og:url\" content=\"https:\/\/reviva.fi\/fi\/tuote\/vitex-agnus-castus-munkinpippuri\/\" \/>\n<meta property=\"og:site_name\" content=\"Reviva\" \/>\n<meta property=\"article:modified_time\" content=\"2026-01-05T11:27:40+00:00\" \/>\n<meta property=\"og:image\" content=\"https:\/\/reviva.fi\/wp-content\/uploads\/2021\/04\/Vitex-Agnus-Castus.png\" \/>\n\t<meta property=\"og:image:width\" content=\"1600\" \/>\n\t<meta property=\"og:image:height\" content=\"1600\" \/>\n\t<meta property=\"og:image:type\" content=\"image\/png\" \/>\n<meta name=\"twitter:card\" content=\"summary_large_image\" \/>\n<script type=\"application\/ld+json\" class=\"yoast-schema-graph\">{\"@context\":\"https:\/\/schema.org\",\"@graph\":[{\"@type\":\"WebPage\",\"@id\":\"https:\/\/reviva.fi\/fi\/tuote\/vitex-agnus-castus-munkinpippuri\/\",\"url\":\"https:\/\/reviva.fi\/fi\/tuote\/vitex-agnus-castus-munkinpippuri\/\",\"name\":\"Vitex Agnus Castus - Munkinpippuri - Reviva\",\"isPartOf\":{\"@id\":\"https:\/\/reviva.fi\/fi\/#website\"},\"primaryImageOfPage\":{\"@id\":\"https:\/\/reviva.fi\/fi\/tuote\/vitex-agnus-castus-munkinpippuri\/#primaryimage\"},\"image\":{\"@id\":\"https:\/\/reviva.fi\/fi\/tuote\/vitex-agnus-castus-munkinpippuri\/#primaryimage\"},\"thumbnailUrl\":\"https:\/\/reviva.fi\/wp-content\/uploads\/2021\/04\/REV002-Vitex-agnus-castus-Photoroom-e1771585237765.png\",\"datePublished\":\"2021-04-30T11:31:47+00:00\",\"dateModified\":\"2026-01-05T11:27:40+00:00\",\"description\":\"Vitex Agnus Castus - Munkinpippuri. Munkinpippuria voidaan k\u00e4ytt\u00e4\u00e4 kuukautiskierron normalisoimiseen ja PMS-oireisiin. Naisten hormonaaliseen ep\u00e4tasapainoon\",\"breadcrumb\":{\"@id\":\"https:\/\/reviva.fi\/fi\/tuote\/vitex-agnus-castus-munkinpippuri\/#breadcrumb\"},\"inLanguage\":\"fi\",\"potentialAction\":[{\"@type\":\"ReadAction\",\"target\":[\"https:\/\/reviva.fi\/fi\/tuote\/vitex-agnus-castus-munkinpippuri\/\"]}]},{\"@type\":\"ImageObject\",\"inLanguage\":\"fi\",\"@id\":\"https:\/\/reviva.fi\/fi\/tuote\/vitex-agnus-castus-munkinpippuri\/#primaryimage\",\"url\":\"https:\/\/reviva.fi\/wp-content\/uploads\/2021\/04\/REV002-Vitex-agnus-castus-Photoroom-e1771585237765.png\",\"contentUrl\":\"https:\/\/reviva.fi\/wp-content\/uploads\/2021\/04\/REV002-Vitex-agnus-castus-Photoroom-e1771585237765.png\",\"width\":2000,\"height\":1333,\"caption\":\"Vitex agnus castus\"},{\"@type\":\"BreadcrumbList\",\"@id\":\"https:\/\/reviva.fi\/fi\/tuote\/vitex-agnus-castus-munkinpippuri\/#breadcrumb\",\"itemListElement\":[{\"@type\":\"ListItem\",\"position\":1,\"name\":\"Etusivu\",\"item\":\"https:\/\/reviva.fi\/fi\/\"},{\"@type\":\"ListItem\",\"position\":2,\"name\":\"Tuotteet\",\"item\":\"https:\/\/reviva.fi\/produkter\/\"},{\"@type\":\"ListItem\",\"position\":3,\"name\":\"Vitex Agnus Castus &#8211; Munkinpippuri\"}]},{\"@type\":\"WebSite\",\"@id\":\"https:\/\/reviva.fi\/fi\/#website\",\"url\":\"https:\/\/reviva.fi\/fi\/\",\"name\":\"Reviva\",\"description\":\"\",\"publisher\":{\"@id\":\"https:\/\/reviva.fi\/fi\/#organization\"},\"potentialAction\":[{\"@type\":\"SearchAction\",\"target\":{\"@type\":\"EntryPoint\",\"urlTemplate\":\"https:\/\/reviva.fi\/fi\/?s={search_term_string}\"},\"query-input\":{\"@type\":\"PropertyValueSpecification\",\"valueRequired\":true,\"valueName\":\"search_term_string\"}}],\"inLanguage\":\"fi\"},{\"@type\":\"Organization\",\"@id\":\"https:\/\/reviva.fi\/fi\/#organization\",\"name\":\"Reviva\",\"url\":\"https:\/\/reviva.fi\/fi\/\",\"logo\":{\"@type\":\"ImageObject\",\"inLanguage\":\"fi\",\"@id\":\"https:\/\/reviva.fi\/fi\/#\/schema\/logo\/image\/\",\"url\":\"https:\/\/reviva.fi\/wp-content\/uploads\/2023\/10\/reviva-logo2.svg\",\"contentUrl\":\"https:\/\/reviva.fi\/wp-content\/uploads\/2023\/10\/reviva-logo2.svg\",\"caption\":\"Reviva\"},\"image\":{\"@id\":\"https:\/\/reviva.fi\/fi\/#\/schema\/logo\/image\/\"}}]}<\/script>\n<meta property=\"product:price:amount\" content=\"27.10\" \/>\n<meta property=\"product:price:currency\" content=\"EUR\" \/>\n<meta property=\"og:availability\" content=\"instock\" \/>\n<meta property=\"product:availability\" content=\"instock\" \/>\n<meta property=\"product:retailer_item_id\" content=\"REV002\" \/>\n<meta property=\"product:condition\" content=\"new\" \/>\n<!-- \/ Yoast SEO plugin. -->","yoast_head_json":{"title":"Vitex Agnus Castus - Munkinpippuri - Reviva","description":"Vitex Agnus Castus - Munkinpippuri. Munkinpippuria voidaan k\u00e4ytt\u00e4\u00e4 kuukautiskierron normalisoimiseen ja PMS-oireisiin. Naisten hormonaaliseen ep\u00e4tasapainoon","robots":{"index":"index","follow":"follow","max-snippet":"max-snippet:-1","max-image-preview":"max-image-preview:large","max-video-preview":"max-video-preview:-1"},"canonical":"https:\/\/reviva.fi\/fi\/tuote\/vitex-agnus-castus-munkinpippuri\/","og_locale":"fi_FI","og_type":"article","og_title":"Vitex Agnus Castus - Munkinpippuri - Reviva","og_description":"Vitex Agnus Castus - Munkinpippuri. Munkinpippuria voidaan k\u00e4ytt\u00e4\u00e4 kuukautiskierron normalisoimiseen ja PMS-oireisiin. Naisten hormonaaliseen ep\u00e4tasapainoon","og_url":"https:\/\/reviva.fi\/fi\/tuote\/vitex-agnus-castus-munkinpippuri\/","og_site_name":"Reviva","article_modified_time":"2026-01-05T11:27:40+00:00","og_image":[{"width":1600,"height":1600,"url":"https:\/\/reviva.fi\/wp-content\/uploads\/2021\/04\/Vitex-Agnus-Castus.png","type":"image\/png"}],"twitter_card":"summary_large_image","schema":{"@context":"https:\/\/schema.org","@graph":[{"@type":"WebPage","@id":"https:\/\/reviva.fi\/fi\/tuote\/vitex-agnus-castus-munkinpippuri\/","url":"https:\/\/reviva.fi\/fi\/tuote\/vitex-agnus-castus-munkinpippuri\/","name":"Vitex Agnus Castus - Munkinpippuri - Reviva","isPartOf":{"@id":"https:\/\/reviva.fi\/fi\/#website"},"primaryImageOfPage":{"@id":"https:\/\/reviva.fi\/fi\/tuote\/vitex-agnus-castus-munkinpippuri\/#primaryimage"},"image":{"@id":"https:\/\/reviva.fi\/fi\/tuote\/vitex-agnus-castus-munkinpippuri\/#primaryimage"},"thumbnailUrl":"https:\/\/reviva.fi\/wp-content\/uploads\/2021\/04\/REV002-Vitex-agnus-castus-Photoroom-e1771585237765.png","datePublished":"2021-04-30T11:31:47+00:00","dateModified":"2026-01-05T11:27:40+00:00","description":"Vitex Agnus Castus - Munkinpippuri. Munkinpippuria voidaan k\u00e4ytt\u00e4\u00e4 kuukautiskierron normalisoimiseen ja PMS-oireisiin. Naisten hormonaaliseen ep\u00e4tasapainoon","breadcrumb":{"@id":"https:\/\/reviva.fi\/fi\/tuote\/vitex-agnus-castus-munkinpippuri\/#breadcrumb"},"inLanguage":"fi","potentialAction":[{"@type":"ReadAction","target":["https:\/\/reviva.fi\/fi\/tuote\/vitex-agnus-castus-munkinpippuri\/"]}]},{"@type":"ImageObject","inLanguage":"fi","@id":"https:\/\/reviva.fi\/fi\/tuote\/vitex-agnus-castus-munkinpippuri\/#primaryimage","url":"https:\/\/reviva.fi\/wp-content\/uploads\/2021\/04\/REV002-Vitex-agnus-castus-Photoroom-e1771585237765.png","contentUrl":"https:\/\/reviva.fi\/wp-content\/uploads\/2021\/04\/REV002-Vitex-agnus-castus-Photoroom-e1771585237765.png","width":2000,"height":1333,"caption":"Vitex agnus castus"},{"@type":"BreadcrumbList","@id":"https:\/\/reviva.fi\/fi\/tuote\/vitex-agnus-castus-munkinpippuri\/#breadcrumb","itemListElement":[{"@type":"ListItem","position":1,"name":"Etusivu","item":"https:\/\/reviva.fi\/fi\/"},{"@type":"ListItem","position":2,"name":"Tuotteet","item":"https:\/\/reviva.fi\/produkter\/"},{"@type":"ListItem","position":3,"name":"Vitex Agnus Castus &#8211; Munkinpippuri"}]},{"@type":"WebSite","@id":"https:\/\/reviva.fi\/fi\/#website","url":"https:\/\/reviva.fi\/fi\/","name":"Reviva","description":"","publisher":{"@id":"https:\/\/reviva.fi\/fi\/#organization"},"potentialAction":[{"@type":"SearchAction","target":{"@type":"EntryPoint","urlTemplate":"https:\/\/reviva.fi\/fi\/?s={search_term_string}"},"query-input":{"@type":"PropertyValueSpecification","valueRequired":true,"valueName":"search_term_string"}}],"inLanguage":"fi"},{"@type":"Organization","@id":"https:\/\/reviva.fi\/fi\/#organization","name":"Reviva","url":"https:\/\/reviva.fi\/fi\/","logo":{"@type":"ImageObject","inLanguage":"fi","@id":"https:\/\/reviva.fi\/fi\/#\/schema\/logo\/image\/","url":"https:\/\/reviva.fi\/wp-content\/uploads\/2023\/10\/reviva-logo2.svg","contentUrl":"https:\/\/reviva.fi\/wp-content\/uploads\/2023\/10\/reviva-logo2.svg","caption":"Reviva"},"image":{"@id":"https:\/\/reviva.fi\/fi\/#\/schema\/logo\/image\/"}}]},"product_price_amount":"27.10","product_price_currency":"EUR","og_availability":"instock","product_availability":"instock","product_retailer_item_id":"REV002","product_condition":"new"},"taxonomy_info":{"product_cat":[{"value":141,"label":"Yrtit"},{"value":2497,"label":"Reviva Nutrition"},{"value":2376,"label":"Stressaantunut &amp; V\u00e4synyt"},{"value":2492,"label":"Only for resellers - Sweden"}]},"featured_image_src_large":["https:\/\/reviva.fi\/wp-content\/uploads\/2021\/04\/REV002-Vitex-agnus-castus-Photoroom-1024x682.png",1024,682,true],"author_info":[],"comment_info":0,"_links":{"self":[{"href":"https:\/\/reviva.fi\/fi\/wp-json\/wp\/v2\/product\/2282","targetHints":{"allow":["GET"]}}],"collection":[{"href":"https:\/\/reviva.fi\/fi\/wp-json\/wp\/v2\/product"}],"about":[{"href":"https:\/\/reviva.fi\/fi\/wp-json\/wp\/v2\/types\/product"}],"replies":[{"embeddable":true,"href":"https:\/\/reviva.fi\/fi\/wp-json\/wp\/v2\/comments?post=2282"}],"wp:featuredmedia":[{"embeddable":true,"href":"https:\/\/reviva.fi\/fi\/wp-json\/wp\/v2\/media\/13983"}],"wp:attachment":[{"href":"https:\/\/reviva.fi\/fi\/wp-json\/wp\/v2\/media?parent=2282"}],"wp:term":[{"taxonomy":"product_brand","embeddable":true,"href":"https:\/\/reviva.fi\/fi\/wp-json\/wp\/v2\/product_brand?post=2282"},{"taxonomy":"product_cat","embeddable":true,"href":"https:\/\/reviva.fi\/fi\/wp-json\/wp\/v2\/product_cat?post=2282"},{"taxonomy":"product_tag","embeddable":true,"href":"https:\/\/reviva.fi\/fi\/wp-json\/wp\/v2\/product_tag?post=2282"}],"curies":[{"name":"wp","href":"https:\/\/api.w.org\/{rel}","templated":true}]}}