{"id":2294,"date":"2021-05-05T09:48:29","date_gmt":"2021-05-05T06:48:29","guid":{"rendered":"https:\/\/reviva.fi\/product\/l-histidine\/"},"modified":"2026-01-23T12:06:49","modified_gmt":"2026-01-23T10:06:49","slug":"l-histidiini","status":"publish","type":"product","link":"https:\/\/reviva.fi\/fi\/tuote\/l-histidiini\/","title":{"rendered":"L-histidiini"},"content":{"rendered":"<p data-start=\"306\" data-end=\"702\">L-histidiini kuuluu v\u00e4ltt\u00e4m\u00e4tt\u00f6miin aminohappoihin, mik\u00e4 tarkoittaa, ett\u00e4 keho tarvitsee sit\u00e4 ravinnosta tai ravintolisist\u00e4. Aminohapot ovat proteiinien rakennuspalikoita ja niit\u00e4 esiintyy luonnostaan monissa elintarvikkeissa, erityisesti proteiinipitoisissa ruoissa. Ravintolis\u00e4 voi olla k\u00e4yt\u00e4nn\u00f6llinen vaihtoehto silloin, kun halutaan t\u00e4ydent\u00e4\u00e4 ruokavaliota hallitusti.<\/p>\n<p data-start=\"704\" data-end=\"1013\">T\u00e4m\u00e4 L-histidiinivalmiste on suunniteltu sinulle, joka etsit puhdasta ja helppok\u00e4ytt\u00f6ist\u00e4 aminohappolis\u00e4\u00e4 ilman tarpeettomia lis\u00e4aineita. Tuote on valmistettu huolellisesti ja t\u00e4ytt\u00e4\u00e4 ravintolisi\u00e4 koskevat laatu- ja turvallisuusvaatimukset.<\/p>\n","protected":false},"excerpt":{"rendered":"<p>L-histidiini on v\u00e4ltt\u00e4m\u00e4t\u00f6n aminohappo, jota keho ei pysty muodostamaan itse, vaan se on saatava ravinnosta. T\u00e4m\u00e4 ravintolis\u00e4 tarjoaa helpon ja k\u00e4yt\u00e4nn\u00f6llisen tavan t\u00e4ydent\u00e4\u00e4 p\u00e4ivitt\u00e4ist\u00e4 aminohappojen saantia. Sopii sinulle, joka arvostat puhdasta ja selke\u00e4sis\u00e4lt\u00f6ist\u00e4 tuotetta.<\/p>\n<p><strong>60 kapselia<\/strong><\/p>\n","protected":false},"featured_media":9296,"comment_status":"open","ping_status":"closed","template":"","meta":{"_acf_changed":false,"inline_featured_image":false,"_kad_blocks_custom_css":"","_kad_blocks_head_custom_js":"","_kad_blocks_body_custom_js":"","_kad_blocks_footer_custom_js":"","_kadence_starter_templates_imported_post":false,"_kad_post_transparent":"default","_kad_post_title":"","_kad_post_layout":"default","_kad_post_sidebar_id":"","_kad_post_content_style":"default","_kad_post_vertical_padding":"default","_kad_post_feature":"","_kad_post_feature_position":"","_kad_post_header":false,"_kad_post_footer":false},"product_brand":[],"product_cat":[88,5963,2387],"product_tag":[],"class_list":{"0":"post-2294","1":"product","2":"type-product","3":"status-publish","4":"has-post-thumbnail","6":"product_cat-aminosyror-fi","7":"product_cat-synergos-fi","8":"product_cat-mage-och-tarm-fi","10":"first","11":"instock","12":"taxable","13":"shipping-taxable","14":"purchasable","15":"product-type-simple","16":"entry","17":"content-bg","18":"loop-entry"},"acf":[],"yoast_head":"<!-- This site is optimized with the Yoast SEO plugin v25.8 - https:\/\/yoast.com\/wordpress\/plugins\/seo\/ -->\n<title>L-histidiini - Reviva<\/title>\n<meta name=\"description\" content=\"L-histidiini - raskasmetallien myrkkyjen poisto, serotoniini, noradrenaliini ja asetyylikoliini, vatsahapon eritys ja suoja bakteeri-infektioita vastaan.\" \/>\n<meta name=\"robots\" content=\"index, follow, max-snippet:-1, max-image-preview:large, max-video-preview:-1\" \/>\n<link rel=\"canonical\" href=\"https:\/\/reviva.fi\/fi\/tuote\/l-histidiini\/\" \/>\n<meta property=\"og:locale\" content=\"fi_FI\" \/>\n<meta property=\"og:type\" content=\"article\" \/>\n<meta property=\"og:title\" content=\"L-histidiini - Reviva\" \/>\n<meta property=\"og:description\" content=\"L-histidiini - raskasmetallien myrkkyjen poisto, serotoniini, noradrenaliini ja asetyylikoliini, vatsahapon eritys ja suoja bakteeri-infektioita vastaan.\" \/>\n<meta property=\"og:url\" content=\"https:\/\/reviva.fi\/fi\/tuote\/l-histidiini\/\" \/>\n<meta property=\"og:site_name\" content=\"Reviva\" \/>\n<meta property=\"article:modified_time\" content=\"2026-01-23T10:06:49+00:00\" \/>\n<meta property=\"og:image\" content=\"https:\/\/reviva.fi\/wp-content\/uploads\/2021\/05\/L-histidin.png\" \/>\n\t<meta property=\"og:image:width\" content=\"1600\" \/>\n\t<meta property=\"og:image:height\" content=\"1600\" \/>\n\t<meta property=\"og:image:type\" content=\"image\/png\" \/>\n<meta name=\"twitter:card\" content=\"summary_large_image\" \/>\n<script type=\"application\/ld+json\" class=\"yoast-schema-graph\">{\"@context\":\"https:\/\/schema.org\",\"@graph\":[{\"@type\":\"WebPage\",\"@id\":\"https:\/\/reviva.fi\/fi\/tuote\/l-histidiini\/\",\"url\":\"https:\/\/reviva.fi\/fi\/tuote\/l-histidiini\/\",\"name\":\"L-histidiini - Reviva\",\"isPartOf\":{\"@id\":\"https:\/\/reviva.fi\/fi\/#website\"},\"primaryImageOfPage\":{\"@id\":\"https:\/\/reviva.fi\/fi\/tuote\/l-histidiini\/#primaryimage\"},\"image\":{\"@id\":\"https:\/\/reviva.fi\/fi\/tuote\/l-histidiini\/#primaryimage\"},\"thumbnailUrl\":\"https:\/\/reviva.fi\/wp-content\/uploads\/2021\/05\/L-histidin.png\",\"datePublished\":\"2021-05-05T06:48:29+00:00\",\"dateModified\":\"2026-01-23T10:06:49+00:00\",\"description\":\"L-histidiini - raskasmetallien myrkkyjen poisto, serotoniini, noradrenaliini ja asetyylikoliini, vatsahapon eritys ja suoja bakteeri-infektioita vastaan.\",\"breadcrumb\":{\"@id\":\"https:\/\/reviva.fi\/fi\/tuote\/l-histidiini\/#breadcrumb\"},\"inLanguage\":\"fi\",\"potentialAction\":[{\"@type\":\"ReadAction\",\"target\":[\"https:\/\/reviva.fi\/fi\/tuote\/l-histidiini\/\"]}]},{\"@type\":\"ImageObject\",\"inLanguage\":\"fi\",\"@id\":\"https:\/\/reviva.fi\/fi\/tuote\/l-histidiini\/#primaryimage\",\"url\":\"https:\/\/reviva.fi\/wp-content\/uploads\/2021\/05\/L-histidin.png\",\"contentUrl\":\"https:\/\/reviva.fi\/wp-content\/uploads\/2021\/05\/L-histidin.png\",\"width\":1600,\"height\":1600,\"caption\":\"L-histidiini\"},{\"@type\":\"BreadcrumbList\",\"@id\":\"https:\/\/reviva.fi\/fi\/tuote\/l-histidiini\/#breadcrumb\",\"itemListElement\":[{\"@type\":\"ListItem\",\"position\":1,\"name\":\"Etusivu\",\"item\":\"https:\/\/reviva.fi\/fi\/\"},{\"@type\":\"ListItem\",\"position\":2,\"name\":\"Tuotteet\",\"item\":\"https:\/\/reviva.fi\/produkter\/\"},{\"@type\":\"ListItem\",\"position\":3,\"name\":\"L-histidiini\"}]},{\"@type\":\"WebSite\",\"@id\":\"https:\/\/reviva.fi\/fi\/#website\",\"url\":\"https:\/\/reviva.fi\/fi\/\",\"name\":\"Reviva\",\"description\":\"\",\"publisher\":{\"@id\":\"https:\/\/reviva.fi\/fi\/#organization\"},\"potentialAction\":[{\"@type\":\"SearchAction\",\"target\":{\"@type\":\"EntryPoint\",\"urlTemplate\":\"https:\/\/reviva.fi\/fi\/?s={search_term_string}\"},\"query-input\":{\"@type\":\"PropertyValueSpecification\",\"valueRequired\":true,\"valueName\":\"search_term_string\"}}],\"inLanguage\":\"fi\"},{\"@type\":\"Organization\",\"@id\":\"https:\/\/reviva.fi\/fi\/#organization\",\"name\":\"Reviva\",\"url\":\"https:\/\/reviva.fi\/fi\/\",\"logo\":{\"@type\":\"ImageObject\",\"inLanguage\":\"fi\",\"@id\":\"https:\/\/reviva.fi\/fi\/#\/schema\/logo\/image\/\",\"url\":\"https:\/\/reviva.fi\/wp-content\/uploads\/2023\/10\/reviva-logo2.svg\",\"contentUrl\":\"https:\/\/reviva.fi\/wp-content\/uploads\/2023\/10\/reviva-logo2.svg\",\"caption\":\"Reviva\"},\"image\":{\"@id\":\"https:\/\/reviva.fi\/fi\/#\/schema\/logo\/image\/\"}}]}<\/script>\n<meta property=\"product:price:amount\" content=\"31.45\" \/>\n<meta property=\"product:price:currency\" content=\"EUR\" \/>\n<meta property=\"og:availability\" content=\"instock\" \/>\n<meta property=\"product:availability\" content=\"instock\" \/>\n<meta property=\"product:retailer_item_id\" content=\"314\" \/>\n<meta property=\"product:condition\" content=\"new\" \/>\n<!-- \/ Yoast SEO plugin. -->","yoast_head_json":{"title":"L-histidiini - Reviva","description":"L-histidiini - raskasmetallien myrkkyjen poisto, serotoniini, noradrenaliini ja asetyylikoliini, vatsahapon eritys ja suoja bakteeri-infektioita vastaan.","robots":{"index":"index","follow":"follow","max-snippet":"max-snippet:-1","max-image-preview":"max-image-preview:large","max-video-preview":"max-video-preview:-1"},"canonical":"https:\/\/reviva.fi\/fi\/tuote\/l-histidiini\/","og_locale":"fi_FI","og_type":"article","og_title":"L-histidiini - Reviva","og_description":"L-histidiini - raskasmetallien myrkkyjen poisto, serotoniini, noradrenaliini ja asetyylikoliini, vatsahapon eritys ja suoja bakteeri-infektioita vastaan.","og_url":"https:\/\/reviva.fi\/fi\/tuote\/l-histidiini\/","og_site_name":"Reviva","article_modified_time":"2026-01-23T10:06:49+00:00","og_image":[{"width":1600,"height":1600,"url":"https:\/\/reviva.fi\/wp-content\/uploads\/2021\/05\/L-histidin.png","type":"image\/png"}],"twitter_card":"summary_large_image","schema":{"@context":"https:\/\/schema.org","@graph":[{"@type":"WebPage","@id":"https:\/\/reviva.fi\/fi\/tuote\/l-histidiini\/","url":"https:\/\/reviva.fi\/fi\/tuote\/l-histidiini\/","name":"L-histidiini - Reviva","isPartOf":{"@id":"https:\/\/reviva.fi\/fi\/#website"},"primaryImageOfPage":{"@id":"https:\/\/reviva.fi\/fi\/tuote\/l-histidiini\/#primaryimage"},"image":{"@id":"https:\/\/reviva.fi\/fi\/tuote\/l-histidiini\/#primaryimage"},"thumbnailUrl":"https:\/\/reviva.fi\/wp-content\/uploads\/2021\/05\/L-histidin.png","datePublished":"2021-05-05T06:48:29+00:00","dateModified":"2026-01-23T10:06:49+00:00","description":"L-histidiini - raskasmetallien myrkkyjen poisto, serotoniini, noradrenaliini ja asetyylikoliini, vatsahapon eritys ja suoja bakteeri-infektioita vastaan.","breadcrumb":{"@id":"https:\/\/reviva.fi\/fi\/tuote\/l-histidiini\/#breadcrumb"},"inLanguage":"fi","potentialAction":[{"@type":"ReadAction","target":["https:\/\/reviva.fi\/fi\/tuote\/l-histidiini\/"]}]},{"@type":"ImageObject","inLanguage":"fi","@id":"https:\/\/reviva.fi\/fi\/tuote\/l-histidiini\/#primaryimage","url":"https:\/\/reviva.fi\/wp-content\/uploads\/2021\/05\/L-histidin.png","contentUrl":"https:\/\/reviva.fi\/wp-content\/uploads\/2021\/05\/L-histidin.png","width":1600,"height":1600,"caption":"L-histidiini"},{"@type":"BreadcrumbList","@id":"https:\/\/reviva.fi\/fi\/tuote\/l-histidiini\/#breadcrumb","itemListElement":[{"@type":"ListItem","position":1,"name":"Etusivu","item":"https:\/\/reviva.fi\/fi\/"},{"@type":"ListItem","position":2,"name":"Tuotteet","item":"https:\/\/reviva.fi\/produkter\/"},{"@type":"ListItem","position":3,"name":"L-histidiini"}]},{"@type":"WebSite","@id":"https:\/\/reviva.fi\/fi\/#website","url":"https:\/\/reviva.fi\/fi\/","name":"Reviva","description":"","publisher":{"@id":"https:\/\/reviva.fi\/fi\/#organization"},"potentialAction":[{"@type":"SearchAction","target":{"@type":"EntryPoint","urlTemplate":"https:\/\/reviva.fi\/fi\/?s={search_term_string}"},"query-input":{"@type":"PropertyValueSpecification","valueRequired":true,"valueName":"search_term_string"}}],"inLanguage":"fi"},{"@type":"Organization","@id":"https:\/\/reviva.fi\/fi\/#organization","name":"Reviva","url":"https:\/\/reviva.fi\/fi\/","logo":{"@type":"ImageObject","inLanguage":"fi","@id":"https:\/\/reviva.fi\/fi\/#\/schema\/logo\/image\/","url":"https:\/\/reviva.fi\/wp-content\/uploads\/2023\/10\/reviva-logo2.svg","contentUrl":"https:\/\/reviva.fi\/wp-content\/uploads\/2023\/10\/reviva-logo2.svg","caption":"Reviva"},"image":{"@id":"https:\/\/reviva.fi\/fi\/#\/schema\/logo\/image\/"}}]},"product_price_amount":"31.45","product_price_currency":"EUR","og_availability":"instock","product_availability":"instock","product_retailer_item_id":"314","product_condition":"new"},"taxonomy_info":{"product_cat":[{"value":88,"label":"Aminohapot"},{"value":5963,"label":"Synergos"},{"value":2387,"label":"Maha &amp; Suolisto"}]},"featured_image_src_large":["https:\/\/reviva.fi\/wp-content\/uploads\/2021\/05\/L-histidin-1024x1024.png",1024,1024,true],"author_info":[],"comment_info":0,"_links":{"self":[{"href":"https:\/\/reviva.fi\/fi\/wp-json\/wp\/v2\/product\/2294","targetHints":{"allow":["GET"]}}],"collection":[{"href":"https:\/\/reviva.fi\/fi\/wp-json\/wp\/v2\/product"}],"about":[{"href":"https:\/\/reviva.fi\/fi\/wp-json\/wp\/v2\/types\/product"}],"replies":[{"embeddable":true,"href":"https:\/\/reviva.fi\/fi\/wp-json\/wp\/v2\/comments?post=2294"}],"wp:featuredmedia":[{"embeddable":true,"href":"https:\/\/reviva.fi\/fi\/wp-json\/wp\/v2\/media\/9296"}],"wp:attachment":[{"href":"https:\/\/reviva.fi\/fi\/wp-json\/wp\/v2\/media?parent=2294"}],"wp:term":[{"taxonomy":"product_brand","embeddable":true,"href":"https:\/\/reviva.fi\/fi\/wp-json\/wp\/v2\/product_brand?post=2294"},{"taxonomy":"product_cat","embeddable":true,"href":"https:\/\/reviva.fi\/fi\/wp-json\/wp\/v2\/product_cat?post=2294"},{"taxonomy":"product_tag","embeddable":true,"href":"https:\/\/reviva.fi\/fi\/wp-json\/wp\/v2\/product_tag?post=2294"}],"curies":[{"name":"wp","href":"https:\/\/api.w.org\/{rel}","templated":true}]}}