{"id":2301,"date":"2021-05-05T14:56:16","date_gmt":"2021-05-05T11:56:16","guid":{"rendered":"https:\/\/reviva.fi\/product\/lugols-losning\/"},"modified":"2026-04-22T17:27:40","modified_gmt":"2026-04-22T14:27:40","slug":"kaliumjodidi-lugolin-jodinliuos","status":"publish","type":"product","link":"https:\/\/reviva.fi\/fi\/tuote\/kaliumjodidi-lugolin-jodinliuos\/","title":{"rendered":"Kaliumjodidi &#8211; Lugolin jodinliuos"},"content":{"rendered":"<p><strong>Jodi &#8211; Lugolin jodinliuos &#8211; Kaliumjodidi<\/strong><\/p>\n<p>Jodi on ep\u00e4metallinen alkuaine, joka kuuluu halogeenien ryhm\u00e4\u00e4n.<br \/>\nKaliumjodidi (K1) on kaliumin ja jodin yhdiste.<br \/>\nJodi on my\u00f6s elint\u00e4rke\u00e4 ravintoaine.<\/p>\n<p><strong>HUOMIO! Tuote sis\u00e4lt\u00e4\u00e4 erillisen pipetin, jota k\u00e4ytet\u00e4\u00e4n liuoksen annosteluun. \u00c4l\u00e4 k\u00e4yt\u00e4 kuitenkaan pipetti\u00e4 korkkina avatulle tuotteelle.<\/strong><\/p>\n<p><strong>Jodi edist\u00e4\u00e4:<\/strong><\/p>\n<ul>\n<li>normaalia kognitiivista toimintaa<\/li>\n<li>normaalia energia-aineenvaihduntaa<\/li>\n<li>hermoston normaalia toimintaa<\/li>\n<li>ihon pysymist\u00e4 normaalina<\/li>\n<li>kilpirauhashormonien normaalia tuotantoa ja kilpirauhasen normaalia toimintaa<\/li>\n<\/ul>\n","protected":false},"excerpt":{"rendered":"<p>Lugolin liuos \u2013 kaliumjodidi kilpirauhaselle<\/p>\n<p><strong>50 ml<\/strong><\/p>\n","protected":false},"featured_media":13690,"comment_status":"open","ping_status":"closed","template":"","meta":{"_acf_changed":false,"inline_featured_image":false,"_kad_blocks_custom_css":"","_kad_blocks_head_custom_js":"","_kad_blocks_body_custom_js":"","_kad_blocks_footer_custom_js":"","_kadence_starter_templates_imported_post":false,"_kad_post_transparent":"default","_kad_post_title":"","_kad_post_layout":"default","_kad_post_sidebar_id":"","_kad_post_content_style":"default","_kad_post_vertical_padding":"default","_kad_post_feature":"","_kad_post_feature_position":"","_kad_post_header":false,"_kad_post_footer":false},"product_brand":[],"product_cat":[93,5964,5963],"product_tag":[1086],"class_list":{"0":"post-2301","1":"product","2":"type-product","3":"status-publish","4":"has-post-thumbnail","6":"product_cat-mineraler-fi","7":"product_cat-jod-fi","8":"product_cat-synergos-fi","9":"product_tag-lugolin-jodiliuos","11":"first","12":"instock","13":"taxable","14":"shipping-taxable","15":"purchasable","16":"product-type-simple","17":"entry","18":"content-bg","19":"loop-entry"},"acf":[],"yoast_head":"<!-- This site is optimized with the Yoast SEO plugin v25.8 - https:\/\/yoast.com\/wordpress\/plugins\/seo\/ -->\n<title>Kaliumjodidi - Lugolin jodinliuos - Reviva<\/title>\n<meta name=\"description\" content=\"Kaliumjodidi - Lugolin jodinliuos sis\u00e4lt\u00e4\u00e4 Bioaktiivista jodia. Se tukee kilpirauhasen normaalia toimintaa ja auttaa jodin saannissa elimist\u00f6ss\u00e4.\" \/>\n<meta name=\"robots\" content=\"index, follow, max-snippet:-1, max-image-preview:large, max-video-preview:-1\" \/>\n<link rel=\"canonical\" href=\"https:\/\/reviva.fi\/fi\/tuote\/kaliumjodidi-lugolin-jodinliuos\/\" \/>\n<meta property=\"og:locale\" content=\"fi_FI\" \/>\n<meta property=\"og:type\" content=\"article\" \/>\n<meta property=\"og:title\" content=\"Kaliumjodidi - Lugolin jodinliuos - Reviva\" \/>\n<meta property=\"og:description\" content=\"Kaliumjodidi - Lugolin jodinliuos sis\u00e4lt\u00e4\u00e4 Bioaktiivista jodia. Se tukee kilpirauhasen normaalia toimintaa ja auttaa jodin saannissa elimist\u00f6ss\u00e4.\" \/>\n<meta property=\"og:url\" content=\"https:\/\/reviva.fi\/fi\/tuote\/kaliumjodidi-lugolin-jodinliuos\/\" \/>\n<meta property=\"og:site_name\" content=\"Reviva\" \/>\n<meta property=\"article:modified_time\" content=\"2026-04-22T14:27:40+00:00\" \/>\n<meta property=\"og:image\" content=\"https:\/\/reviva.fi\/wp-content\/uploads\/2021\/05\/226-lugols-losning-Photoroom-e1769588869711.png\" \/>\n\t<meta property=\"og:image:width\" content=\"2000\" \/>\n\t<meta property=\"og:image:height\" content=\"1333\" \/>\n\t<meta property=\"og:image:type\" content=\"image\/png\" \/>\n<meta name=\"twitter:card\" content=\"summary_large_image\" \/>\n<script type=\"application\/ld+json\" class=\"yoast-schema-graph\">{\"@context\":\"https:\/\/schema.org\",\"@graph\":[{\"@type\":\"WebPage\",\"@id\":\"https:\/\/reviva.fi\/fi\/tuote\/kaliumjodidi-lugolin-jodinliuos\/\",\"url\":\"https:\/\/reviva.fi\/fi\/tuote\/kaliumjodidi-lugolin-jodinliuos\/\",\"name\":\"Kaliumjodidi - Lugolin jodinliuos - Reviva\",\"isPartOf\":{\"@id\":\"https:\/\/reviva.fi\/fi\/#website\"},\"primaryImageOfPage\":{\"@id\":\"https:\/\/reviva.fi\/fi\/tuote\/kaliumjodidi-lugolin-jodinliuos\/#primaryimage\"},\"image\":{\"@id\":\"https:\/\/reviva.fi\/fi\/tuote\/kaliumjodidi-lugolin-jodinliuos\/#primaryimage\"},\"thumbnailUrl\":\"https:\/\/reviva.fi\/wp-content\/uploads\/2021\/05\/226-lugols-losning-Photoroom-e1769588869711.png\",\"datePublished\":\"2021-05-05T11:56:16+00:00\",\"dateModified\":\"2026-04-22T14:27:40+00:00\",\"description\":\"Kaliumjodidi - Lugolin jodinliuos sis\u00e4lt\u00e4\u00e4 Bioaktiivista jodia. Se tukee kilpirauhasen normaalia toimintaa ja auttaa jodin saannissa elimist\u00f6ss\u00e4.\",\"breadcrumb\":{\"@id\":\"https:\/\/reviva.fi\/fi\/tuote\/kaliumjodidi-lugolin-jodinliuos\/#breadcrumb\"},\"inLanguage\":\"fi\",\"potentialAction\":[{\"@type\":\"ReadAction\",\"target\":[\"https:\/\/reviva.fi\/fi\/tuote\/kaliumjodidi-lugolin-jodinliuos\/\"]}]},{\"@type\":\"ImageObject\",\"inLanguage\":\"fi\",\"@id\":\"https:\/\/reviva.fi\/fi\/tuote\/kaliumjodidi-lugolin-jodinliuos\/#primaryimage\",\"url\":\"https:\/\/reviva.fi\/wp-content\/uploads\/2021\/05\/226-lugols-losning-Photoroom-e1769588869711.png\",\"contentUrl\":\"https:\/\/reviva.fi\/wp-content\/uploads\/2021\/05\/226-lugols-losning-Photoroom-e1769588869711.png\",\"width\":2000,\"height\":1333,\"caption\":\"Lugols L\u00f6sning\"},{\"@type\":\"BreadcrumbList\",\"@id\":\"https:\/\/reviva.fi\/fi\/tuote\/kaliumjodidi-lugolin-jodinliuos\/#breadcrumb\",\"itemListElement\":[{\"@type\":\"ListItem\",\"position\":1,\"name\":\"Etusivu\",\"item\":\"https:\/\/reviva.fi\/fi\/\"},{\"@type\":\"ListItem\",\"position\":2,\"name\":\"Tuotteet\",\"item\":\"https:\/\/reviva.fi\/produkter\/\"},{\"@type\":\"ListItem\",\"position\":3,\"name\":\"Kaliumjodidi &#8211; Lugolin jodinliuos\"}]},{\"@type\":\"WebSite\",\"@id\":\"https:\/\/reviva.fi\/fi\/#website\",\"url\":\"https:\/\/reviva.fi\/fi\/\",\"name\":\"Reviva\",\"description\":\"\",\"publisher\":{\"@id\":\"https:\/\/reviva.fi\/fi\/#organization\"},\"potentialAction\":[{\"@type\":\"SearchAction\",\"target\":{\"@type\":\"EntryPoint\",\"urlTemplate\":\"https:\/\/reviva.fi\/fi\/?s={search_term_string}\"},\"query-input\":{\"@type\":\"PropertyValueSpecification\",\"valueRequired\":true,\"valueName\":\"search_term_string\"}}],\"inLanguage\":\"fi\"},{\"@type\":\"Organization\",\"@id\":\"https:\/\/reviva.fi\/fi\/#organization\",\"name\":\"Reviva\",\"url\":\"https:\/\/reviva.fi\/fi\/\",\"logo\":{\"@type\":\"ImageObject\",\"inLanguage\":\"fi\",\"@id\":\"https:\/\/reviva.fi\/fi\/#\/schema\/logo\/image\/\",\"url\":\"https:\/\/reviva.fi\/wp-content\/uploads\/2023\/10\/reviva-logo2.svg\",\"contentUrl\":\"https:\/\/reviva.fi\/wp-content\/uploads\/2023\/10\/reviva-logo2.svg\",\"caption\":\"Reviva\"},\"image\":{\"@id\":\"https:\/\/reviva.fi\/fi\/#\/schema\/logo\/image\/\"}}]}<\/script>\n<meta property=\"product:price:amount\" content=\"26.30\" \/>\n<meta property=\"product:price:currency\" content=\"EUR\" \/>\n<meta property=\"og:availability\" content=\"instock\" \/>\n<meta property=\"product:availability\" content=\"instock\" \/>\n<meta property=\"product:retailer_item_id\" content=\"226\" \/>\n<meta property=\"product:condition\" content=\"new\" \/>\n<!-- \/ Yoast SEO plugin. -->","yoast_head_json":{"title":"Kaliumjodidi - Lugolin jodinliuos - Reviva","description":"Kaliumjodidi - Lugolin jodinliuos sis\u00e4lt\u00e4\u00e4 Bioaktiivista jodia. Se tukee kilpirauhasen normaalia toimintaa ja auttaa jodin saannissa elimist\u00f6ss\u00e4.","robots":{"index":"index","follow":"follow","max-snippet":"max-snippet:-1","max-image-preview":"max-image-preview:large","max-video-preview":"max-video-preview:-1"},"canonical":"https:\/\/reviva.fi\/fi\/tuote\/kaliumjodidi-lugolin-jodinliuos\/","og_locale":"fi_FI","og_type":"article","og_title":"Kaliumjodidi - Lugolin jodinliuos - Reviva","og_description":"Kaliumjodidi - Lugolin jodinliuos sis\u00e4lt\u00e4\u00e4 Bioaktiivista jodia. Se tukee kilpirauhasen normaalia toimintaa ja auttaa jodin saannissa elimist\u00f6ss\u00e4.","og_url":"https:\/\/reviva.fi\/fi\/tuote\/kaliumjodidi-lugolin-jodinliuos\/","og_site_name":"Reviva","article_modified_time":"2026-04-22T14:27:40+00:00","og_image":[{"width":2000,"height":1333,"url":"https:\/\/reviva.fi\/wp-content\/uploads\/2021\/05\/226-lugols-losning-Photoroom-e1769588869711.png","type":"image\/png"}],"twitter_card":"summary_large_image","schema":{"@context":"https:\/\/schema.org","@graph":[{"@type":"WebPage","@id":"https:\/\/reviva.fi\/fi\/tuote\/kaliumjodidi-lugolin-jodinliuos\/","url":"https:\/\/reviva.fi\/fi\/tuote\/kaliumjodidi-lugolin-jodinliuos\/","name":"Kaliumjodidi - Lugolin jodinliuos - Reviva","isPartOf":{"@id":"https:\/\/reviva.fi\/fi\/#website"},"primaryImageOfPage":{"@id":"https:\/\/reviva.fi\/fi\/tuote\/kaliumjodidi-lugolin-jodinliuos\/#primaryimage"},"image":{"@id":"https:\/\/reviva.fi\/fi\/tuote\/kaliumjodidi-lugolin-jodinliuos\/#primaryimage"},"thumbnailUrl":"https:\/\/reviva.fi\/wp-content\/uploads\/2021\/05\/226-lugols-losning-Photoroom-e1769588869711.png","datePublished":"2021-05-05T11:56:16+00:00","dateModified":"2026-04-22T14:27:40+00:00","description":"Kaliumjodidi - Lugolin jodinliuos sis\u00e4lt\u00e4\u00e4 Bioaktiivista jodia. Se tukee kilpirauhasen normaalia toimintaa ja auttaa jodin saannissa elimist\u00f6ss\u00e4.","breadcrumb":{"@id":"https:\/\/reviva.fi\/fi\/tuote\/kaliumjodidi-lugolin-jodinliuos\/#breadcrumb"},"inLanguage":"fi","potentialAction":[{"@type":"ReadAction","target":["https:\/\/reviva.fi\/fi\/tuote\/kaliumjodidi-lugolin-jodinliuos\/"]}]},{"@type":"ImageObject","inLanguage":"fi","@id":"https:\/\/reviva.fi\/fi\/tuote\/kaliumjodidi-lugolin-jodinliuos\/#primaryimage","url":"https:\/\/reviva.fi\/wp-content\/uploads\/2021\/05\/226-lugols-losning-Photoroom-e1769588869711.png","contentUrl":"https:\/\/reviva.fi\/wp-content\/uploads\/2021\/05\/226-lugols-losning-Photoroom-e1769588869711.png","width":2000,"height":1333,"caption":"Lugols L\u00f6sning"},{"@type":"BreadcrumbList","@id":"https:\/\/reviva.fi\/fi\/tuote\/kaliumjodidi-lugolin-jodinliuos\/#breadcrumb","itemListElement":[{"@type":"ListItem","position":1,"name":"Etusivu","item":"https:\/\/reviva.fi\/fi\/"},{"@type":"ListItem","position":2,"name":"Tuotteet","item":"https:\/\/reviva.fi\/produkter\/"},{"@type":"ListItem","position":3,"name":"Kaliumjodidi &#8211; Lugolin jodinliuos"}]},{"@type":"WebSite","@id":"https:\/\/reviva.fi\/fi\/#website","url":"https:\/\/reviva.fi\/fi\/","name":"Reviva","description":"","publisher":{"@id":"https:\/\/reviva.fi\/fi\/#organization"},"potentialAction":[{"@type":"SearchAction","target":{"@type":"EntryPoint","urlTemplate":"https:\/\/reviva.fi\/fi\/?s={search_term_string}"},"query-input":{"@type":"PropertyValueSpecification","valueRequired":true,"valueName":"search_term_string"}}],"inLanguage":"fi"},{"@type":"Organization","@id":"https:\/\/reviva.fi\/fi\/#organization","name":"Reviva","url":"https:\/\/reviva.fi\/fi\/","logo":{"@type":"ImageObject","inLanguage":"fi","@id":"https:\/\/reviva.fi\/fi\/#\/schema\/logo\/image\/","url":"https:\/\/reviva.fi\/wp-content\/uploads\/2023\/10\/reviva-logo2.svg","contentUrl":"https:\/\/reviva.fi\/wp-content\/uploads\/2023\/10\/reviva-logo2.svg","caption":"Reviva"},"image":{"@id":"https:\/\/reviva.fi\/fi\/#\/schema\/logo\/image\/"}}]},"product_price_amount":"26.30","product_price_currency":"EUR","og_availability":"instock","product_availability":"instock","product_retailer_item_id":"226","product_condition":"new"},"taxonomy_info":{"product_cat":[{"value":93,"label":"Mineraalit"},{"value":5964,"label":"Jodi"},{"value":5963,"label":"Synergos"}],"product_tag":[{"value":1086,"label":"Lugolin jodiliuos"}]},"featured_image_src_large":["https:\/\/reviva.fi\/wp-content\/uploads\/2021\/05\/226-lugols-losning-Photoroom-1024x682.png",1024,682,true],"author_info":[],"comment_info":0,"_links":{"self":[{"href":"https:\/\/reviva.fi\/fi\/wp-json\/wp\/v2\/product\/2301","targetHints":{"allow":["GET"]}}],"collection":[{"href":"https:\/\/reviva.fi\/fi\/wp-json\/wp\/v2\/product"}],"about":[{"href":"https:\/\/reviva.fi\/fi\/wp-json\/wp\/v2\/types\/product"}],"replies":[{"embeddable":true,"href":"https:\/\/reviva.fi\/fi\/wp-json\/wp\/v2\/comments?post=2301"}],"wp:featuredmedia":[{"embeddable":true,"href":"https:\/\/reviva.fi\/fi\/wp-json\/wp\/v2\/media\/13690"}],"wp:attachment":[{"href":"https:\/\/reviva.fi\/fi\/wp-json\/wp\/v2\/media?parent=2301"}],"wp:term":[{"taxonomy":"product_brand","embeddable":true,"href":"https:\/\/reviva.fi\/fi\/wp-json\/wp\/v2\/product_brand?post=2301"},{"taxonomy":"product_cat","embeddable":true,"href":"https:\/\/reviva.fi\/fi\/wp-json\/wp\/v2\/product_cat?post=2301"},{"taxonomy":"product_tag","embeddable":true,"href":"https:\/\/reviva.fi\/fi\/wp-json\/wp\/v2\/product_tag?post=2301"}],"curies":[{"name":"wp","href":"https:\/\/api.w.org\/{rel}","templated":true}]}}