{"id":2332,"date":"2021-05-07T11:14:49","date_gmt":"2021-05-07T08:14:49","guid":{"rendered":"https:\/\/reviva.fi\/product\/zinc-picolinate\/"},"modified":"2026-01-09T11:51:30","modified_gmt":"2026-01-09T09:51:30","slug":"zinc-picolinate","status":"publish","type":"product","link":"https:\/\/reviva.fi\/fi\/tuote\/zinc-picolinate\/","title":{"rendered":"Sinkki Pikolinaatti 30 mg"},"content":{"rendered":"<p><strong>Sinkki Pikolinaatti 30 mg<\/strong><\/p>\n<p>Sinkki on eritt\u00e4in t\u00e4rke\u00e4 ravintoaine, joka on mukana sadoissa kehomme prosesseissa.<br \/>\nSinkki on muun muassa t\u00e4rke\u00e4 immuunipuolustukselle, kasvulle, ravintoaineiden imeytymiselle, hedelm\u00e4llisyydelle, hiuksille, iholle ja kynsille, sek\u00e4 n\u00e4\u00f6lle.<\/p>\n<p>Pikoliinihappo on happo, jota muodostuu luontaisesti elimist\u00f6ss\u00e4mme. Sinkkipikolinaatilla tehdyt tutkimukset osoittavat, ett\u00e4 se on eritt\u00e4in hyvin imeytyv\u00e4 sinkkilis\u00e4.<\/p>\n<p><strong>Zink edist\u00e4\u00e4:<\/strong><\/p>\n<ul>\n<li>normaalia happo-em\u00e4saineenvaihduntaa<\/li>\n<li>normaalia hiilihydraattiaineenvaihduntaa<\/li>\n<li>normaalia kognitiivista toimintaa<\/li>\n<li>normaalia DNA-synteesi\u00e4<\/li>\n<li>normaalia hedelm\u00e4llisyytt\u00e4 ja lis\u00e4\u00e4ntymist\u00e4<\/li>\n<li>normaalia makroravintoaineiden aineenvaihduntaa<\/li>\n<li>normaalia rasvahappoaineenvaihduntaa<\/li>\n<li>normaalia A- vitamiinin aineenvaihduntaa<\/li>\n<li>\u00a0normaalia proteiinisynteesi\u00e4<\/li>\n<li>luuston pysymist\u00e4 normaalina<\/li>\n<li>hiusten pysymist\u00e4 normaaleina<\/li>\n<li>kynsien pysymist\u00e4 normaaleina<\/li>\n<li>ihon pysymist\u00e4 normaalina<\/li>\n<li>veren testosteronitasojen pysymist\u00e4 normaalina<\/li>\n<li>n\u00e4\u00f6n pysymist\u00e4 normaalina<\/li>\n<li>\u00a0immuunij\u00e4rjestelm\u00e4n normaalia toimintaa<\/li>\n<li>solujen suojaamista hapettumisstressilt\u00e4<\/li>\n<li>Sinkki osallistuu solujen jakautumisprosessiin<\/li>\n<\/ul>\n<p><strong>Hypoallergeeninen tuote<\/strong><\/p>\n<p>&nbsp;<\/p>\n","protected":false},"excerpt":{"rendered":"<p><strong>Hyvin imeytyv\u00e4 sinkki kaksinkertaisena annoksena<\/strong><\/p>\n<p>Sinkki on muun muassa t\u00e4rke\u00e4 immuunipuolustukselle, kasvulle, ravintoaineiden imeytymiselle, hedelm\u00e4llisyydelle, hiuksille, iholle ja kynsille, sek\u00e4 n\u00e4\u00f6lle.<\/p>\n<p>&nbsp;<\/p>\n<p>&nbsp;<\/p>\n","protected":false},"featured_media":2206,"comment_status":"open","ping_status":"closed","template":"","meta":{"_acf_changed":false,"inline_featured_image":false,"_kad_blocks_custom_css":"","_kad_blocks_head_custom_js":"","_kad_blocks_body_custom_js":"","_kad_blocks_footer_custom_js":"","_kadence_starter_templates_imported_post":false,"_kad_post_transparent":"default","_kad_post_title":"","_kad_post_layout":"default","_kad_post_sidebar_id":"","_kad_post_content_style":"default","_kad_post_vertical_padding":"default","_kad_post_feature":"","_kad_post_feature_position":"","_kad_post_header":false,"_kad_post_footer":false},"product_brand":[],"product_cat":[2475,93,5974,2387,2357],"product_tag":[458,3372,2936,3373,3374,3375,3376,3377,3378,3379,3380,3381,3382,3383,1586,3384,3385,442,444,3386,3387,2962,3388,3389,3390,3391,3392,3393],"class_list":{"0":"post-2332","1":"product","2":"type-product","3":"status-publish","4":"has-post-thumbnail","6":"product_cat-erbjudanden-fi","7":"product_cat-mineraler-fi","8":"product_cat-zink-fi","9":"product_cat-mage-och-tarm-fi","10":"product_cat-immunforsvar-fi","11":"product_tag-akne","12":"product_tag-aknebehandling-fi","13":"product_tag-antioksidantit","14":"product_tag-biotillgangligt-zink-fi","15":"product_tag-chelaterat-zink-fi","16":"product_tag-dagligt-tillskott-fi","17":"product_tag-ekologiskt-zink-fi","18":"product_tag-energi-och-vitalitet-fi","19":"product_tag-for-aktiva-livsstilar-fi","20":"product_tag-for-immunsystemet-fi","21":"product_tag-for-vacker-hud-fi","22":"product_tag-for-veganer-fi","23":"product_tag-hogdoserat-zink-fi","24":"product_tag-hogkvalitativt-kosttillskott-fi","25":"product_tag-haavan-paranemista","26":"product_tag-hormonbalans-fi","27":"product_tag-hudhalsa-fi","28":"product_tag-ihonhoito","29":"product_tag-immuunijarjestelma","30":"product_tag-mineralbalans-fi","31":"product_tag-naturligt-zink-fi","32":"product_tag-sinkki","33":"product_tag-starker-naglar-och-har-fi","34":"product_tag-stresshantering-fi","35":"product_tag-veganskt-zink-fi","36":"product_tag-zinkkapslar-fi","37":"product_tag-zinktabletter-fi","38":"product_tag-zinktillskott-fi","40":"first","41":"instock","42":"sale","43":"taxable","44":"shipping-taxable","45":"purchasable","46":"product-type-variable","47":"entry","48":"content-bg","49":"loop-entry"},"acf":[],"yoast_head":"<!-- This site is optimized with the Yoast SEO plugin v25.8 - https:\/\/yoast.com\/wordpress\/plugins\/seo\/ -->\n<title>Sinkki Pikolinaatti 30 mg - Reviva<\/title>\n<meta name=\"description\" content=\"Sinkki Pikolinaatti 30 mg sis\u00e4lt\u00e4\u00e4 sinkki\u00e4 pikolinaattimuodossa, mik\u00e4 takaa hyv\u00e4n imeytyvyyden ja tukee immuunij\u00e4rjestelm\u00e4n toimintaa sek\u00e4 ihon terveytt\u00e4.\" \/>\n<meta name=\"robots\" content=\"index, follow, max-snippet:-1, max-image-preview:large, max-video-preview:-1\" \/>\n<link rel=\"canonical\" href=\"https:\/\/reviva.fi\/fi\/tuote\/zinc-picolinate\/\" \/>\n<meta property=\"og:locale\" content=\"fi_FI\" \/>\n<meta property=\"og:type\" content=\"article\" \/>\n<meta property=\"og:title\" content=\"Sinkki Pikolinaatti 30 mg - Reviva\" \/>\n<meta property=\"og:description\" content=\"Sinkki Pikolinaatti 30 mg sis\u00e4lt\u00e4\u00e4 sinkki\u00e4 pikolinaattimuodossa, mik\u00e4 takaa hyv\u00e4n imeytyvyyden ja tukee immuunij\u00e4rjestelm\u00e4n toimintaa sek\u00e4 ihon terveytt\u00e4.\" \/>\n<meta property=\"og:url\" content=\"https:\/\/reviva.fi\/fi\/tuote\/zinc-picolinate\/\" \/>\n<meta property=\"og:site_name\" content=\"Reviva\" \/>\n<meta property=\"article:modified_time\" content=\"2026-01-09T09:51:30+00:00\" \/>\n<meta property=\"og:image\" content=\"https:\/\/reviva.fi\/wp-content\/uploads\/2021\/05\/zinc-picolinate.jpg\" \/>\n\t<meta property=\"og:image:width\" content=\"1000\" \/>\n\t<meta property=\"og:image:height\" content=\"1000\" \/>\n\t<meta property=\"og:image:type\" content=\"image\/jpeg\" \/>\n<meta name=\"twitter:card\" content=\"summary_large_image\" \/>\n<script type=\"application\/ld+json\" class=\"yoast-schema-graph\">{\"@context\":\"https:\/\/schema.org\",\"@graph\":[{\"@type\":\"WebPage\",\"@id\":\"https:\/\/reviva.fi\/fi\/tuote\/zinc-picolinate\/\",\"url\":\"https:\/\/reviva.fi\/fi\/tuote\/zinc-picolinate\/\",\"name\":\"Sinkki Pikolinaatti 30 mg - Reviva\",\"isPartOf\":{\"@id\":\"https:\/\/reviva.fi\/fi\/#website\"},\"primaryImageOfPage\":{\"@id\":\"https:\/\/reviva.fi\/fi\/tuote\/zinc-picolinate\/#primaryimage\"},\"image\":{\"@id\":\"https:\/\/reviva.fi\/fi\/tuote\/zinc-picolinate\/#primaryimage\"},\"thumbnailUrl\":\"https:\/\/reviva.fi\/wp-content\/uploads\/2021\/05\/zinc-picolinate.jpg\",\"datePublished\":\"2021-05-07T08:14:49+00:00\",\"dateModified\":\"2026-01-09T09:51:30+00:00\",\"description\":\"Sinkki Pikolinaatti 30 mg sis\u00e4lt\u00e4\u00e4 sinkki\u00e4 pikolinaattimuodossa, mik\u00e4 takaa hyv\u00e4n imeytyvyyden ja tukee immuunij\u00e4rjestelm\u00e4n toimintaa sek\u00e4 ihon terveytt\u00e4.\",\"breadcrumb\":{\"@id\":\"https:\/\/reviva.fi\/fi\/tuote\/zinc-picolinate\/#breadcrumb\"},\"inLanguage\":\"fi\",\"potentialAction\":[{\"@type\":\"ReadAction\",\"target\":[\"https:\/\/reviva.fi\/fi\/tuote\/zinc-picolinate\/\"]}]},{\"@type\":\"ImageObject\",\"inLanguage\":\"fi\",\"@id\":\"https:\/\/reviva.fi\/fi\/tuote\/zinc-picolinate\/#primaryimage\",\"url\":\"https:\/\/reviva.fi\/wp-content\/uploads\/2021\/05\/zinc-picolinate.jpg\",\"contentUrl\":\"https:\/\/reviva.fi\/wp-content\/uploads\/2021\/05\/zinc-picolinate.jpg\",\"width\":1000,\"height\":1000,\"caption\":\"Zink Picolinate 30 mg\"},{\"@type\":\"BreadcrumbList\",\"@id\":\"https:\/\/reviva.fi\/fi\/tuote\/zinc-picolinate\/#breadcrumb\",\"itemListElement\":[{\"@type\":\"ListItem\",\"position\":1,\"name\":\"Etusivu\",\"item\":\"https:\/\/reviva.fi\/fi\/\"},{\"@type\":\"ListItem\",\"position\":2,\"name\":\"Tuotteet\",\"item\":\"https:\/\/reviva.fi\/produkter\/\"},{\"@type\":\"ListItem\",\"position\":3,\"name\":\"Sinkki Pikolinaatti 30 mg\"}]},{\"@type\":\"WebSite\",\"@id\":\"https:\/\/reviva.fi\/fi\/#website\",\"url\":\"https:\/\/reviva.fi\/fi\/\",\"name\":\"Reviva\",\"description\":\"\",\"publisher\":{\"@id\":\"https:\/\/reviva.fi\/fi\/#organization\"},\"potentialAction\":[{\"@type\":\"SearchAction\",\"target\":{\"@type\":\"EntryPoint\",\"urlTemplate\":\"https:\/\/reviva.fi\/fi\/?s={search_term_string}\"},\"query-input\":{\"@type\":\"PropertyValueSpecification\",\"valueRequired\":true,\"valueName\":\"search_term_string\"}}],\"inLanguage\":\"fi\"},{\"@type\":\"Organization\",\"@id\":\"https:\/\/reviva.fi\/fi\/#organization\",\"name\":\"Reviva\",\"url\":\"https:\/\/reviva.fi\/fi\/\",\"logo\":{\"@type\":\"ImageObject\",\"inLanguage\":\"fi\",\"@id\":\"https:\/\/reviva.fi\/fi\/#\/schema\/logo\/image\/\",\"url\":\"https:\/\/reviva.fi\/wp-content\/uploads\/2023\/10\/reviva-logo2.svg\",\"contentUrl\":\"https:\/\/reviva.fi\/wp-content\/uploads\/2023\/10\/reviva-logo2.svg\",\"caption\":\"Reviva\"},\"image\":{\"@id\":\"https:\/\/reviva.fi\/fi\/#\/schema\/logo\/image\/\"}}]}<\/script>\n<meta property=\"og:availability\" content=\"instock\" \/>\n<meta property=\"product:availability\" content=\"instock\" \/>\n<meta property=\"product:retailer_item_id\" content=\"M220\" \/>\n<meta property=\"product:condition\" content=\"new\" \/>\n<!-- \/ Yoast SEO plugin. -->","yoast_head_json":{"title":"Sinkki Pikolinaatti 30 mg - Reviva","description":"Sinkki Pikolinaatti 30 mg sis\u00e4lt\u00e4\u00e4 sinkki\u00e4 pikolinaattimuodossa, mik\u00e4 takaa hyv\u00e4n imeytyvyyden ja tukee immuunij\u00e4rjestelm\u00e4n toimintaa sek\u00e4 ihon terveytt\u00e4.","robots":{"index":"index","follow":"follow","max-snippet":"max-snippet:-1","max-image-preview":"max-image-preview:large","max-video-preview":"max-video-preview:-1"},"canonical":"https:\/\/reviva.fi\/fi\/tuote\/zinc-picolinate\/","og_locale":"fi_FI","og_type":"article","og_title":"Sinkki Pikolinaatti 30 mg - Reviva","og_description":"Sinkki Pikolinaatti 30 mg sis\u00e4lt\u00e4\u00e4 sinkki\u00e4 pikolinaattimuodossa, mik\u00e4 takaa hyv\u00e4n imeytyvyyden ja tukee immuunij\u00e4rjestelm\u00e4n toimintaa sek\u00e4 ihon terveytt\u00e4.","og_url":"https:\/\/reviva.fi\/fi\/tuote\/zinc-picolinate\/","og_site_name":"Reviva","article_modified_time":"2026-01-09T09:51:30+00:00","og_image":[{"width":1000,"height":1000,"url":"https:\/\/reviva.fi\/wp-content\/uploads\/2021\/05\/zinc-picolinate.jpg","type":"image\/jpeg"}],"twitter_card":"summary_large_image","schema":{"@context":"https:\/\/schema.org","@graph":[{"@type":"WebPage","@id":"https:\/\/reviva.fi\/fi\/tuote\/zinc-picolinate\/","url":"https:\/\/reviva.fi\/fi\/tuote\/zinc-picolinate\/","name":"Sinkki Pikolinaatti 30 mg - Reviva","isPartOf":{"@id":"https:\/\/reviva.fi\/fi\/#website"},"primaryImageOfPage":{"@id":"https:\/\/reviva.fi\/fi\/tuote\/zinc-picolinate\/#primaryimage"},"image":{"@id":"https:\/\/reviva.fi\/fi\/tuote\/zinc-picolinate\/#primaryimage"},"thumbnailUrl":"https:\/\/reviva.fi\/wp-content\/uploads\/2021\/05\/zinc-picolinate.jpg","datePublished":"2021-05-07T08:14:49+00:00","dateModified":"2026-01-09T09:51:30+00:00","description":"Sinkki Pikolinaatti 30 mg sis\u00e4lt\u00e4\u00e4 sinkki\u00e4 pikolinaattimuodossa, mik\u00e4 takaa hyv\u00e4n imeytyvyyden ja tukee immuunij\u00e4rjestelm\u00e4n toimintaa sek\u00e4 ihon terveytt\u00e4.","breadcrumb":{"@id":"https:\/\/reviva.fi\/fi\/tuote\/zinc-picolinate\/#breadcrumb"},"inLanguage":"fi","potentialAction":[{"@type":"ReadAction","target":["https:\/\/reviva.fi\/fi\/tuote\/zinc-picolinate\/"]}]},{"@type":"ImageObject","inLanguage":"fi","@id":"https:\/\/reviva.fi\/fi\/tuote\/zinc-picolinate\/#primaryimage","url":"https:\/\/reviva.fi\/wp-content\/uploads\/2021\/05\/zinc-picolinate.jpg","contentUrl":"https:\/\/reviva.fi\/wp-content\/uploads\/2021\/05\/zinc-picolinate.jpg","width":1000,"height":1000,"caption":"Zink Picolinate 30 mg"},{"@type":"BreadcrumbList","@id":"https:\/\/reviva.fi\/fi\/tuote\/zinc-picolinate\/#breadcrumb","itemListElement":[{"@type":"ListItem","position":1,"name":"Etusivu","item":"https:\/\/reviva.fi\/fi\/"},{"@type":"ListItem","position":2,"name":"Tuotteet","item":"https:\/\/reviva.fi\/produkter\/"},{"@type":"ListItem","position":3,"name":"Sinkki Pikolinaatti 30 mg"}]},{"@type":"WebSite","@id":"https:\/\/reviva.fi\/fi\/#website","url":"https:\/\/reviva.fi\/fi\/","name":"Reviva","description":"","publisher":{"@id":"https:\/\/reviva.fi\/fi\/#organization"},"potentialAction":[{"@type":"SearchAction","target":{"@type":"EntryPoint","urlTemplate":"https:\/\/reviva.fi\/fi\/?s={search_term_string}"},"query-input":{"@type":"PropertyValueSpecification","valueRequired":true,"valueName":"search_term_string"}}],"inLanguage":"fi"},{"@type":"Organization","@id":"https:\/\/reviva.fi\/fi\/#organization","name":"Reviva","url":"https:\/\/reviva.fi\/fi\/","logo":{"@type":"ImageObject","inLanguage":"fi","@id":"https:\/\/reviva.fi\/fi\/#\/schema\/logo\/image\/","url":"https:\/\/reviva.fi\/wp-content\/uploads\/2023\/10\/reviva-logo2.svg","contentUrl":"https:\/\/reviva.fi\/wp-content\/uploads\/2023\/10\/reviva-logo2.svg","caption":"Reviva"},"image":{"@id":"https:\/\/reviva.fi\/fi\/#\/schema\/logo\/image\/"}}]},"og_availability":"instock","product_availability":"instock","product_retailer_item_id":"M220","product_condition":"new"},"taxonomy_info":{"product_cat":[{"value":2475,"label":"Tarjoukset"},{"value":93,"label":"Mineraalit"},{"value":5974,"label":"Sinkki"},{"value":2387,"label":"Maha &amp; Suolisto"},{"value":2357,"label":"Immuunipuolustus"}],"product_tag":[{"value":458,"label":"akne"},{"value":3372,"label":"Aknebehandling"},{"value":2936,"label":"Antioksidantit"},{"value":3373,"label":"Biotillg\u00e4ngligt zink"},{"value":3374,"label":"Chelaterat zink"},{"value":3375,"label":"Dagligt tillskott"},{"value":3376,"label":"Ekologiskt zink"},{"value":3377,"label":"Energi och vitalitet"},{"value":3378,"label":"F\u00f6r aktiva livsstilar"},{"value":3379,"label":"F\u00f6r immunsystemet"},{"value":3380,"label":"F\u00f6r vacker hud"},{"value":3381,"label":"F\u00f6r veganer"},{"value":3382,"label":"H\u00f6gdoserat zink"},{"value":3383,"label":"H\u00f6gkvalitativt kosttillskott"},{"value":1586,"label":"haavan paranemista"},{"value":3384,"label":"Hormonbalans"},{"value":3385,"label":"Hudh\u00e4lsa"},{"value":442,"label":"ihonhoito"},{"value":444,"label":"immuunij\u00e4rjestelm\u00e4"},{"value":3386,"label":"Mineralbalans"},{"value":3387,"label":"Naturligt zink"},{"value":2962,"label":"Sinkki"},{"value":3388,"label":"St\u00e4rker naglar och h\u00e5r"},{"value":3389,"label":"Stresshantering"},{"value":3390,"label":"Veganskt zink"},{"value":3391,"label":"Zinkkapslar"},{"value":3392,"label":"Zinktabletter"},{"value":3393,"label":"Zinktillskott"}]},"featured_image_src_large":["https:\/\/reviva.fi\/wp-content\/uploads\/2021\/05\/zinc-picolinate.jpg",1000,1000,false],"author_info":[],"comment_info":0,"_links":{"self":[{"href":"https:\/\/reviva.fi\/fi\/wp-json\/wp\/v2\/product\/2332","targetHints":{"allow":["GET"]}}],"collection":[{"href":"https:\/\/reviva.fi\/fi\/wp-json\/wp\/v2\/product"}],"about":[{"href":"https:\/\/reviva.fi\/fi\/wp-json\/wp\/v2\/types\/product"}],"replies":[{"embeddable":true,"href":"https:\/\/reviva.fi\/fi\/wp-json\/wp\/v2\/comments?post=2332"}],"wp:featuredmedia":[{"embeddable":true,"href":"https:\/\/reviva.fi\/fi\/wp-json\/wp\/v2\/media\/2206"}],"wp:attachment":[{"href":"https:\/\/reviva.fi\/fi\/wp-json\/wp\/v2\/media?parent=2332"}],"wp:term":[{"taxonomy":"product_brand","embeddable":true,"href":"https:\/\/reviva.fi\/fi\/wp-json\/wp\/v2\/product_brand?post=2332"},{"taxonomy":"product_cat","embeddable":true,"href":"https:\/\/reviva.fi\/fi\/wp-json\/wp\/v2\/product_cat?post=2332"},{"taxonomy":"product_tag","embeddable":true,"href":"https:\/\/reviva.fi\/fi\/wp-json\/wp\/v2\/product_tag?post=2332"}],"curies":[{"name":"wp","href":"https:\/\/api.w.org\/{rel}","templated":true}]}}