{"id":2670,"date":"2021-05-21T09:39:46","date_gmt":"2021-05-21T06:39:46","guid":{"rendered":"https:\/\/reviva.fi\/product\/spirulina\/"},"modified":"2026-01-27T09:45:11","modified_gmt":"2026-01-27T07:45:11","slug":"spirulina","status":"publish","type":"product","link":"https:\/\/reviva.fi\/fi\/tuote\/spirulina\/","title":{"rendered":"Spirulina"},"content":{"rendered":"<p><strong>Spirulina<\/strong> on spiraalinmuotoinen sinivihre\u00e4 merilev\u00e4. Spirulina on tieteellinen nimi sy\u00f6t\u00e4vien, rihmoja muodostavien, spiraalinmuotoisten syanobakteerien suvulle, jotka luokitellaan muodollisesti sinivihreiksi mikroleviksi.<\/p>\n<p>Se sis\u00e4lt\u00e4\u00e4 luonnon kaikkein monipuolisimman ravintoaineiden yhdistelm\u00e4n. Spirulina sis\u00e4lt\u00e4\u00e4 runsaasti klorofyllia, mink\u00e4 ansiosta se soveltuu eritt\u00e4in hyvin puhdistautumisjaksoihin.<\/p>\n<p>&nbsp;<\/p>\n","protected":false},"excerpt":{"rendered":"<p>Spirulina sis\u00e4lt\u00e4\u00e4 luonnon kaikkein monipuolisimman ravintoaineiden yhdistelm\u00e4n.<\/p>\n<p><strong>120 tablettia<\/strong><\/p>\n","protected":false},"featured_media":13895,"comment_status":"open","ping_status":"closed","template":"","meta":{"_acf_changed":false,"inline_featured_image":false,"_kad_blocks_custom_css":"","_kad_blocks_head_custom_js":"","_kad_blocks_body_custom_js":"","_kad_blocks_footer_custom_js":"","_kadence_starter_templates_imported_post":false,"_kad_post_transparent":"default","_kad_post_title":"","_kad_post_layout":"default","_kad_post_sidebar_id":"","_kad_post_content_style":"default","_kad_post_vertical_padding":"default","_kad_post_feature":"","_kad_post_feature_position":"","_kad_post_header":false,"_kad_post_footer":false},"product_brand":[],"product_cat":[5960,141,5963],"product_tag":[1106],"class_list":{"0":"post-2670","1":"product","2":"type-product","3":"status-publish","4":"has-post-thumbnail","6":"product_cat-alger-fi","7":"product_cat-orter-fi","8":"product_cat-synergos-fi","9":"product_tag-spirulina-fi","11":"first","12":"instock","13":"taxable","14":"shipping-taxable","15":"purchasable","16":"product-type-simple","17":"entry","18":"content-bg","19":"loop-entry"},"acf":[],"yoast_head":"<!-- This site is optimized with the Yoast SEO plugin v25.8 - https:\/\/yoast.com\/wordpress\/plugins\/seo\/ -->\n<title>Spirulina - Reviva<\/title>\n<meta name=\"description\" content=\"Spirulina sis\u00e4lt\u00e4\u00e4 runsaasti klorofylli\u00e4, joten se soveltuu eritt\u00e4in hyvin puhdistusjaksoihin. Sill\u00e4 on kyky puhdistaa kuona-aineita sis\u00e4elimist\u00e4.\" \/>\n<meta name=\"robots\" content=\"index, follow, max-snippet:-1, max-image-preview:large, max-video-preview:-1\" \/>\n<link rel=\"canonical\" href=\"https:\/\/reviva.fi\/fi\/tuote\/spirulina\/\" \/>\n<meta property=\"og:locale\" content=\"fi_FI\" \/>\n<meta property=\"og:type\" content=\"article\" \/>\n<meta property=\"og:title\" content=\"Spirulina - Reviva\" \/>\n<meta property=\"og:description\" content=\"Spirulina sis\u00e4lt\u00e4\u00e4 runsaasti klorofylli\u00e4, joten se soveltuu eritt\u00e4in hyvin puhdistusjaksoihin. Sill\u00e4 on kyky puhdistaa kuona-aineita sis\u00e4elimist\u00e4.\" \/>\n<meta property=\"og:url\" content=\"https:\/\/reviva.fi\/fi\/tuote\/spirulina\/\" \/>\n<meta property=\"og:site_name\" content=\"Reviva\" \/>\n<meta property=\"article:modified_time\" content=\"2026-01-27T07:45:11+00:00\" \/>\n<meta property=\"og:image\" content=\"https:\/\/reviva.fi\/wp-content\/uploads\/2021\/05\/Spirulina-Photoroom-e1760012588251.png\" \/>\n\t<meta property=\"og:image:width\" content=\"2000\" \/>\n\t<meta property=\"og:image:height\" content=\"1332\" \/>\n\t<meta property=\"og:image:type\" content=\"image\/png\" \/>\n<meta name=\"twitter:card\" content=\"summary_large_image\" \/>\n<script type=\"application\/ld+json\" class=\"yoast-schema-graph\">{\"@context\":\"https:\/\/schema.org\",\"@graph\":[{\"@type\":\"WebPage\",\"@id\":\"https:\/\/reviva.fi\/fi\/tuote\/spirulina\/\",\"url\":\"https:\/\/reviva.fi\/fi\/tuote\/spirulina\/\",\"name\":\"Spirulina - Reviva\",\"isPartOf\":{\"@id\":\"https:\/\/reviva.fi\/fi\/#website\"},\"primaryImageOfPage\":{\"@id\":\"https:\/\/reviva.fi\/fi\/tuote\/spirulina\/#primaryimage\"},\"image\":{\"@id\":\"https:\/\/reviva.fi\/fi\/tuote\/spirulina\/#primaryimage\"},\"thumbnailUrl\":\"https:\/\/reviva.fi\/wp-content\/uploads\/2021\/05\/401-Spirulina-Photoroom-e1771312205904.png\",\"datePublished\":\"2021-05-21T06:39:46+00:00\",\"dateModified\":\"2026-01-27T07:45:11+00:00\",\"description\":\"Spirulina sis\u00e4lt\u00e4\u00e4 runsaasti klorofylli\u00e4, joten se soveltuu eritt\u00e4in hyvin puhdistusjaksoihin. Sill\u00e4 on kyky puhdistaa kuona-aineita sis\u00e4elimist\u00e4.\",\"breadcrumb\":{\"@id\":\"https:\/\/reviva.fi\/fi\/tuote\/spirulina\/#breadcrumb\"},\"inLanguage\":\"fi\",\"potentialAction\":[{\"@type\":\"ReadAction\",\"target\":[\"https:\/\/reviva.fi\/fi\/tuote\/spirulina\/\"]}]},{\"@type\":\"ImageObject\",\"inLanguage\":\"fi\",\"@id\":\"https:\/\/reviva.fi\/fi\/tuote\/spirulina\/#primaryimage\",\"url\":\"https:\/\/reviva.fi\/wp-content\/uploads\/2021\/05\/401-Spirulina-Photoroom-e1771312205904.png\",\"contentUrl\":\"https:\/\/reviva.fi\/wp-content\/uploads\/2021\/05\/401-Spirulina-Photoroom-e1771312205904.png\",\"width\":2000,\"height\":1333,\"caption\":\"Spirulina\"},{\"@type\":\"BreadcrumbList\",\"@id\":\"https:\/\/reviva.fi\/fi\/tuote\/spirulina\/#breadcrumb\",\"itemListElement\":[{\"@type\":\"ListItem\",\"position\":1,\"name\":\"Etusivu\",\"item\":\"https:\/\/reviva.fi\/fi\/\"},{\"@type\":\"ListItem\",\"position\":2,\"name\":\"Tuotteet\",\"item\":\"https:\/\/reviva.fi\/produkter\/\"},{\"@type\":\"ListItem\",\"position\":3,\"name\":\"Spirulina\"}]},{\"@type\":\"WebSite\",\"@id\":\"https:\/\/reviva.fi\/fi\/#website\",\"url\":\"https:\/\/reviva.fi\/fi\/\",\"name\":\"Reviva\",\"description\":\"\",\"publisher\":{\"@id\":\"https:\/\/reviva.fi\/fi\/#organization\"},\"potentialAction\":[{\"@type\":\"SearchAction\",\"target\":{\"@type\":\"EntryPoint\",\"urlTemplate\":\"https:\/\/reviva.fi\/fi\/?s={search_term_string}\"},\"query-input\":{\"@type\":\"PropertyValueSpecification\",\"valueRequired\":true,\"valueName\":\"search_term_string\"}}],\"inLanguage\":\"fi\"},{\"@type\":\"Organization\",\"@id\":\"https:\/\/reviva.fi\/fi\/#organization\",\"name\":\"Reviva\",\"url\":\"https:\/\/reviva.fi\/fi\/\",\"logo\":{\"@type\":\"ImageObject\",\"inLanguage\":\"fi\",\"@id\":\"https:\/\/reviva.fi\/fi\/#\/schema\/logo\/image\/\",\"url\":\"https:\/\/reviva.fi\/wp-content\/uploads\/2023\/10\/reviva-logo2.svg\",\"contentUrl\":\"https:\/\/reviva.fi\/wp-content\/uploads\/2023\/10\/reviva-logo2.svg\",\"caption\":\"Reviva\"},\"image\":{\"@id\":\"https:\/\/reviva.fi\/fi\/#\/schema\/logo\/image\/\"}}]}<\/script>\n<meta property=\"product:price:amount\" content=\"14.85\" \/>\n<meta property=\"product:price:currency\" content=\"EUR\" \/>\n<meta property=\"og:availability\" content=\"instock\" \/>\n<meta property=\"product:availability\" content=\"instock\" \/>\n<meta property=\"product:retailer_item_id\" content=\"401\" \/>\n<meta property=\"product:condition\" content=\"new\" \/>\n<!-- \/ Yoast SEO plugin. -->","yoast_head_json":{"title":"Spirulina - Reviva","description":"Spirulina sis\u00e4lt\u00e4\u00e4 runsaasti klorofylli\u00e4, joten se soveltuu eritt\u00e4in hyvin puhdistusjaksoihin. Sill\u00e4 on kyky puhdistaa kuona-aineita sis\u00e4elimist\u00e4.","robots":{"index":"index","follow":"follow","max-snippet":"max-snippet:-1","max-image-preview":"max-image-preview:large","max-video-preview":"max-video-preview:-1"},"canonical":"https:\/\/reviva.fi\/fi\/tuote\/spirulina\/","og_locale":"fi_FI","og_type":"article","og_title":"Spirulina - Reviva","og_description":"Spirulina sis\u00e4lt\u00e4\u00e4 runsaasti klorofylli\u00e4, joten se soveltuu eritt\u00e4in hyvin puhdistusjaksoihin. Sill\u00e4 on kyky puhdistaa kuona-aineita sis\u00e4elimist\u00e4.","og_url":"https:\/\/reviva.fi\/fi\/tuote\/spirulina\/","og_site_name":"Reviva","article_modified_time":"2026-01-27T07:45:11+00:00","og_image":[{"width":2000,"height":1332,"url":"https:\/\/reviva.fi\/wp-content\/uploads\/2021\/05\/Spirulina-Photoroom-e1760012588251.png","type":"image\/png"}],"twitter_card":"summary_large_image","schema":{"@context":"https:\/\/schema.org","@graph":[{"@type":"WebPage","@id":"https:\/\/reviva.fi\/fi\/tuote\/spirulina\/","url":"https:\/\/reviva.fi\/fi\/tuote\/spirulina\/","name":"Spirulina - Reviva","isPartOf":{"@id":"https:\/\/reviva.fi\/fi\/#website"},"primaryImageOfPage":{"@id":"https:\/\/reviva.fi\/fi\/tuote\/spirulina\/#primaryimage"},"image":{"@id":"https:\/\/reviva.fi\/fi\/tuote\/spirulina\/#primaryimage"},"thumbnailUrl":"https:\/\/reviva.fi\/wp-content\/uploads\/2021\/05\/401-Spirulina-Photoroom-e1771312205904.png","datePublished":"2021-05-21T06:39:46+00:00","dateModified":"2026-01-27T07:45:11+00:00","description":"Spirulina sis\u00e4lt\u00e4\u00e4 runsaasti klorofylli\u00e4, joten se soveltuu eritt\u00e4in hyvin puhdistusjaksoihin. Sill\u00e4 on kyky puhdistaa kuona-aineita sis\u00e4elimist\u00e4.","breadcrumb":{"@id":"https:\/\/reviva.fi\/fi\/tuote\/spirulina\/#breadcrumb"},"inLanguage":"fi","potentialAction":[{"@type":"ReadAction","target":["https:\/\/reviva.fi\/fi\/tuote\/spirulina\/"]}]},{"@type":"ImageObject","inLanguage":"fi","@id":"https:\/\/reviva.fi\/fi\/tuote\/spirulina\/#primaryimage","url":"https:\/\/reviva.fi\/wp-content\/uploads\/2021\/05\/401-Spirulina-Photoroom-e1771312205904.png","contentUrl":"https:\/\/reviva.fi\/wp-content\/uploads\/2021\/05\/401-Spirulina-Photoroom-e1771312205904.png","width":2000,"height":1333,"caption":"Spirulina"},{"@type":"BreadcrumbList","@id":"https:\/\/reviva.fi\/fi\/tuote\/spirulina\/#breadcrumb","itemListElement":[{"@type":"ListItem","position":1,"name":"Etusivu","item":"https:\/\/reviva.fi\/fi\/"},{"@type":"ListItem","position":2,"name":"Tuotteet","item":"https:\/\/reviva.fi\/produkter\/"},{"@type":"ListItem","position":3,"name":"Spirulina"}]},{"@type":"WebSite","@id":"https:\/\/reviva.fi\/fi\/#website","url":"https:\/\/reviva.fi\/fi\/","name":"Reviva","description":"","publisher":{"@id":"https:\/\/reviva.fi\/fi\/#organization"},"potentialAction":[{"@type":"SearchAction","target":{"@type":"EntryPoint","urlTemplate":"https:\/\/reviva.fi\/fi\/?s={search_term_string}"},"query-input":{"@type":"PropertyValueSpecification","valueRequired":true,"valueName":"search_term_string"}}],"inLanguage":"fi"},{"@type":"Organization","@id":"https:\/\/reviva.fi\/fi\/#organization","name":"Reviva","url":"https:\/\/reviva.fi\/fi\/","logo":{"@type":"ImageObject","inLanguage":"fi","@id":"https:\/\/reviva.fi\/fi\/#\/schema\/logo\/image\/","url":"https:\/\/reviva.fi\/wp-content\/uploads\/2023\/10\/reviva-logo2.svg","contentUrl":"https:\/\/reviva.fi\/wp-content\/uploads\/2023\/10\/reviva-logo2.svg","caption":"Reviva"},"image":{"@id":"https:\/\/reviva.fi\/fi\/#\/schema\/logo\/image\/"}}]},"product_price_amount":"14.85","product_price_currency":"EUR","og_availability":"instock","product_availability":"instock","product_retailer_item_id":"401","product_condition":"new"},"taxonomy_info":{"product_cat":[{"value":5960,"label":"Lev\u00e4t"},{"value":141,"label":"Yrtit"},{"value":5963,"label":"Synergos"}],"product_tag":[{"value":1106,"label":"Spirulina"}]},"featured_image_src_large":["https:\/\/reviva.fi\/wp-content\/uploads\/2021\/05\/401-Spirulina-Photoroom-1024x682.png",1024,682,true],"author_info":[],"comment_info":0,"_links":{"self":[{"href":"https:\/\/reviva.fi\/fi\/wp-json\/wp\/v2\/product\/2670","targetHints":{"allow":["GET"]}}],"collection":[{"href":"https:\/\/reviva.fi\/fi\/wp-json\/wp\/v2\/product"}],"about":[{"href":"https:\/\/reviva.fi\/fi\/wp-json\/wp\/v2\/types\/product"}],"replies":[{"embeddable":true,"href":"https:\/\/reviva.fi\/fi\/wp-json\/wp\/v2\/comments?post=2670"}],"wp:featuredmedia":[{"embeddable":true,"href":"https:\/\/reviva.fi\/fi\/wp-json\/wp\/v2\/media\/13895"}],"wp:attachment":[{"href":"https:\/\/reviva.fi\/fi\/wp-json\/wp\/v2\/media?parent=2670"}],"wp:term":[{"taxonomy":"product_brand","embeddable":true,"href":"https:\/\/reviva.fi\/fi\/wp-json\/wp\/v2\/product_brand?post=2670"},{"taxonomy":"product_cat","embeddable":true,"href":"https:\/\/reviva.fi\/fi\/wp-json\/wp\/v2\/product_cat?post=2670"},{"taxonomy":"product_tag","embeddable":true,"href":"https:\/\/reviva.fi\/fi\/wp-json\/wp\/v2\/product_tag?post=2670"}],"curies":[{"name":"wp","href":"https:\/\/api.w.org\/{rel}","templated":true}]}}