{"id":2856,"date":"2021-06-02T16:06:18","date_gmt":"2021-06-02T13:06:18","guid":{"rendered":"https:\/\/reviva.fi\/product\/femineral\/"},"modified":"2026-02-04T13:18:44","modified_gmt":"2026-02-04T11:18:44","slug":"femineral","status":"publish","type":"product","link":"https:\/\/reviva.fi\/fi\/tuote\/femineral\/","title":{"rendered":"Rautamehu &#8211; Femineral"},"content":{"rendered":"<p><strong>Rautamehu &#8211; Femineral<\/strong> on helposti imeytyv\u00e4 rautalis\u00e4. Tuote sis\u00e4lt\u00e4\u00e4 runsaasti C-vitamiinia, joka edist\u00e4\u00e4 raudan imeytymist\u00e4 rautavarastoista sek\u00e4 adaptogeenej\u00e4. 100 % vegaaninen ja kliinisesti dokumentoitu. Femineral sis\u00e4lt\u00e4\u00e4 mineraaleja, hivenaineita ja vitamiineja ainutlaatuisessa tasapainossa, 14 ruotsalaista terveysyrtti\u00e4 ja adaptogeenej\u00e4 runsaasti sis\u00e4lt\u00e4v\u00e4t kasvit ruusujuuren ja ven\u00e4j\u00e4njuuren.<\/p>\n<p>Rauta on alkuaine, jonka atominumero on 26. Rauta on yksi maailmankaikkeudessa yleisimmin esiintyvist\u00e4 mineraaliainesosista. Rauta on ihmiselle v\u00e4ltt\u00e4m\u00e4t\u00f6n ravintoaine. Teollistuneiden maiden hyv\u00e4ll\u00e4 ravinnolla el\u00e4vill\u00e4 ihmisill\u00e4 on noin 4\u20135 grammaa rautaa elimist\u00f6ss\u00e4\u00e4n. T\u00e4st\u00e4 50 % on sitoutuneena hemoglobiiniin, jota tarvitaan hapen kuljettamiseen veren mukana. L\u00e4hes 35 % on sitoutuneena varastorauta ferritiiniin soluissa, ennen kaikkea pernassa, maksassa ja luuytimess\u00e4. T\u00e4m\u00e4n lis\u00e4ksi 400 mg on sitoutuneena eri soluproteiineihin, jotka k\u00e4ytt\u00e4v\u00e4t rautaa t\u00e4rkeisiin soluprosesseihin (myoglobiini ja sytokromi).<\/p>\n<p><strong>Rauta edist\u00e4\u00e4:<\/strong><\/p>\n<ul>\n<li>normaalia kognitiivista toimintaa<\/li>\n<li>normaalia energia-aineenvaihduntaa<\/li>\n<li>normaalia punaisten verisolujen ja hemoglobiinin muodostumista<\/li>\n<li>immuunij\u00e4rjestelm\u00e4n normaalia toimintaa<\/li>\n<li>v\u00e4hent\u00e4m\u00e4\u00e4n v\u00e4symyst\u00e4 ja uupumusta<\/li>\n<li>solujen jakautumisprosessiin<\/li>\n<li>normaalia hapen kuljetusta kehossa<\/li>\n<\/ul>\n","protected":false},"excerpt":{"rendered":"<p><strong>Femineral<\/strong> on helposti imeytyv\u00e4 rautalis\u00e4.<\/p>\n<p><strong>500 ml<\/strong><\/p>\n","protected":false},"featured_media":12727,"comment_status":"open","ping_status":"closed","template":"","meta":{"_acf_changed":false,"inline_featured_image":false,"_kad_blocks_custom_css":"","_kad_blocks_head_custom_js":"","_kad_blocks_body_custom_js":"","_kad_blocks_footer_custom_js":"","_kadence_starter_templates_imported_post":false,"_kad_post_transparent":"default","_kad_post_title":"","_kad_post_layout":"default","_kad_post_sidebar_id":"","_kad_post_content_style":"default","_kad_post_vertical_padding":"default","_kad_post_feature":"","_kad_post_feature_position":"","_kad_post_header":false,"_kad_post_footer":false},"product_brand":[],"product_cat":[93,2384,5978,2452,2357,2376],"product_tag":[3056,412,4638,415,1066,417,418,421,422,4922,465,621,1235,1077,469,4782,2910,4768,507,498,2915,2916,2917,2951,3138,4767,4571,473,474,1527,1532,2919,2898,2962,2983,2923,1408,520,522],"class_list":{"0":"post-2856","1":"product","2":"type-product","3":"status-publish","4":"has-post-thumbnail","6":"product_cat-mineraler-fi","7":"product_cat-jarn-fi","8":"product_cat-multi-produkter-fi","9":"product_cat-svenska-ortmedicinska-institutet-fi","10":"product_cat-immunforsvar-fi","11":"product_cat-stressad-och-trott-fi","12":"product_tag-aivot","13":"product_tag-antioksidantti","14":"product_tag-askorbiinihappo","15":"product_tag-b1-vitamiini","16":"product_tag-b12-vitamiini","17":"product_tag-b2-vitamiini","18":"product_tag-b3-vitamiini","19":"product_tag-b5-vitamiini","20":"product_tag-b6-vitamiini","21":"product_tag-boori","22":"product_tag-c-vitamiini","23":"product_tag-d-vitamiini-fi","24":"product_tag-energia","25":"product_tag-femineral-fi","26":"product_tag-foolihappo","27":"product_tag-inkivaari","28":"product_tag-kromi","29":"product_tag-kupari","30":"product_tag-lisaa-vastustuskykya","31":"product_tag-luontais-lisaravinne","32":"product_tag-mangaani","33":"product_tag-mineraalit","34":"product_tag-molybdeeni","35":"product_tag-niasiini","36":"product_tag-nokkonen-fi","37":"product_tag-pyridoksiini","38":"product_tag-raskaus","39":"product_tag-rauta-lisaravinne","40":"product_tag-rauta-lisaravinne-fi","41":"product_tag-riboflaviini-fi","42":"product_tag-ruusunjuuri","43":"product_tag-seleeni","44":"product_tag-sinimailanen","45":"product_tag-sinkki","46":"product_tag-tasapaino","47":"product_tag-tiamiini","48":"product_tag-veren-alhaiset-rautatasot","49":"product_tag-vitamiini","50":"product_tag-vitamiinit","52":"first","53":"instock","54":"taxable","55":"shipping-taxable","56":"purchasable","57":"product-type-simple","58":"entry","59":"content-bg","60":"loop-entry"},"acf":[],"yoast_head":"<!-- This site is optimized with the Yoast SEO plugin v25.8 - https:\/\/yoast.com\/wordpress\/plugins\/seo\/ -->\n<title>Rautamehu - Femineral - Reviva<\/title>\n<meta name=\"description\" content=\"Rautamehu- Femineral on helposti imeytyv\u00e4 rautalis\u00e4, joka sis\u00e4lt\u00e4\u00e4 raudanyrttej\u00e4 sek\u00e4 adaptogeenej\u00e4, kuten ruusunjuurta ja ven\u00e4j\u00e4njuurta.\" \/>\n<meta name=\"robots\" content=\"index, follow, max-snippet:-1, max-image-preview:large, max-video-preview:-1\" \/>\n<link rel=\"canonical\" href=\"https:\/\/reviva.fi\/fi\/tuote\/femineral\/\" \/>\n<meta property=\"og:locale\" content=\"fi_FI\" \/>\n<meta property=\"og:type\" content=\"article\" \/>\n<meta property=\"og:title\" content=\"Rautamehu - Femineral - Reviva\" \/>\n<meta property=\"og:description\" content=\"Rautamehu- Femineral on helposti imeytyv\u00e4 rautalis\u00e4, joka sis\u00e4lt\u00e4\u00e4 raudanyrttej\u00e4 sek\u00e4 adaptogeenej\u00e4, kuten ruusunjuurta ja ven\u00e4j\u00e4njuurta.\" \/>\n<meta property=\"og:url\" content=\"https:\/\/reviva.fi\/fi\/tuote\/femineral\/\" \/>\n<meta property=\"og:site_name\" content=\"Reviva\" \/>\n<meta property=\"article:modified_time\" content=\"2026-02-04T11:18:44+00:00\" \/>\n<meta property=\"og:image\" content=\"https:\/\/reviva.fi\/wp-content\/uploads\/2021\/06\/white-Photoroom-5-e1756894929592.png\" \/>\n\t<meta property=\"og:image:width\" content=\"1200\" \/>\n\t<meta property=\"og:image:height\" content=\"630\" \/>\n\t<meta property=\"og:image:type\" content=\"image\/png\" \/>\n<meta name=\"twitter:card\" content=\"summary_large_image\" \/>\n<script type=\"application\/ld+json\" class=\"yoast-schema-graph\">{\"@context\":\"https:\/\/schema.org\",\"@graph\":[{\"@type\":\"WebPage\",\"@id\":\"https:\/\/reviva.fi\/fi\/tuote\/femineral\/\",\"url\":\"https:\/\/reviva.fi\/fi\/tuote\/femineral\/\",\"name\":\"Rautamehu - Femineral - Reviva\",\"isPartOf\":{\"@id\":\"https:\/\/reviva.fi\/fi\/#website\"},\"primaryImageOfPage\":{\"@id\":\"https:\/\/reviva.fi\/fi\/tuote\/femineral\/#primaryimage\"},\"image\":{\"@id\":\"https:\/\/reviva.fi\/fi\/tuote\/femineral\/#primaryimage\"},\"thumbnailUrl\":\"https:\/\/reviva.fi\/wp-content\/uploads\/2021\/06\/white-Photoroom-5-e1756894929592.png\",\"datePublished\":\"2021-06-02T13:06:18+00:00\",\"dateModified\":\"2026-02-04T11:18:44+00:00\",\"description\":\"Rautamehu- Femineral on helposti imeytyv\u00e4 rautalis\u00e4, joka sis\u00e4lt\u00e4\u00e4 raudanyrttej\u00e4 sek\u00e4 adaptogeenej\u00e4, kuten ruusunjuurta ja ven\u00e4j\u00e4njuurta.\",\"breadcrumb\":{\"@id\":\"https:\/\/reviva.fi\/fi\/tuote\/femineral\/#breadcrumb\"},\"inLanguage\":\"fi\",\"potentialAction\":[{\"@type\":\"ReadAction\",\"target\":[\"https:\/\/reviva.fi\/fi\/tuote\/femineral\/\"]}]},{\"@type\":\"ImageObject\",\"inLanguage\":\"fi\",\"@id\":\"https:\/\/reviva.fi\/fi\/tuote\/femineral\/#primaryimage\",\"url\":\"https:\/\/reviva.fi\/wp-content\/uploads\/2021\/06\/white-Photoroom-5-e1756894929592.png\",\"contentUrl\":\"https:\/\/reviva.fi\/wp-content\/uploads\/2021\/06\/white-Photoroom-5-e1756894929592.png\",\"width\":1200,\"height\":630,\"caption\":\"Femineral\"},{\"@type\":\"BreadcrumbList\",\"@id\":\"https:\/\/reviva.fi\/fi\/tuote\/femineral\/#breadcrumb\",\"itemListElement\":[{\"@type\":\"ListItem\",\"position\":1,\"name\":\"Etusivu\",\"item\":\"https:\/\/reviva.fi\/fi\/\"},{\"@type\":\"ListItem\",\"position\":2,\"name\":\"Tuotteet\",\"item\":\"https:\/\/reviva.fi\/produkter\/\"},{\"@type\":\"ListItem\",\"position\":3,\"name\":\"Rautamehu &#8211; Femineral\"}]},{\"@type\":\"WebSite\",\"@id\":\"https:\/\/reviva.fi\/fi\/#website\",\"url\":\"https:\/\/reviva.fi\/fi\/\",\"name\":\"Reviva\",\"description\":\"\",\"publisher\":{\"@id\":\"https:\/\/reviva.fi\/fi\/#organization\"},\"potentialAction\":[{\"@type\":\"SearchAction\",\"target\":{\"@type\":\"EntryPoint\",\"urlTemplate\":\"https:\/\/reviva.fi\/fi\/?s={search_term_string}\"},\"query-input\":{\"@type\":\"PropertyValueSpecification\",\"valueRequired\":true,\"valueName\":\"search_term_string\"}}],\"inLanguage\":\"fi\"},{\"@type\":\"Organization\",\"@id\":\"https:\/\/reviva.fi\/fi\/#organization\",\"name\":\"Reviva\",\"url\":\"https:\/\/reviva.fi\/fi\/\",\"logo\":{\"@type\":\"ImageObject\",\"inLanguage\":\"fi\",\"@id\":\"https:\/\/reviva.fi\/fi\/#\/schema\/logo\/image\/\",\"url\":\"https:\/\/reviva.fi\/wp-content\/uploads\/2023\/10\/reviva-logo2.svg\",\"contentUrl\":\"https:\/\/reviva.fi\/wp-content\/uploads\/2023\/10\/reviva-logo2.svg\",\"caption\":\"Reviva\"},\"image\":{\"@id\":\"https:\/\/reviva.fi\/fi\/#\/schema\/logo\/image\/\"}}]}<\/script>\n<meta property=\"product:price:amount\" content=\"31.45\" \/>\n<meta property=\"product:price:currency\" content=\"EUR\" \/>\n<meta property=\"og:availability\" content=\"instock\" \/>\n<meta property=\"product:availability\" content=\"instock\" \/>\n<meta property=\"product:retailer_item_id\" content=\"243\" \/>\n<meta property=\"product:condition\" content=\"new\" \/>\n<!-- \/ Yoast SEO plugin. -->","yoast_head_json":{"title":"Rautamehu - Femineral - Reviva","description":"Rautamehu- Femineral on helposti imeytyv\u00e4 rautalis\u00e4, joka sis\u00e4lt\u00e4\u00e4 raudanyrttej\u00e4 sek\u00e4 adaptogeenej\u00e4, kuten ruusunjuurta ja ven\u00e4j\u00e4njuurta.","robots":{"index":"index","follow":"follow","max-snippet":"max-snippet:-1","max-image-preview":"max-image-preview:large","max-video-preview":"max-video-preview:-1"},"canonical":"https:\/\/reviva.fi\/fi\/tuote\/femineral\/","og_locale":"fi_FI","og_type":"article","og_title":"Rautamehu - Femineral - Reviva","og_description":"Rautamehu- Femineral on helposti imeytyv\u00e4 rautalis\u00e4, joka sis\u00e4lt\u00e4\u00e4 raudanyrttej\u00e4 sek\u00e4 adaptogeenej\u00e4, kuten ruusunjuurta ja ven\u00e4j\u00e4njuurta.","og_url":"https:\/\/reviva.fi\/fi\/tuote\/femineral\/","og_site_name":"Reviva","article_modified_time":"2026-02-04T11:18:44+00:00","og_image":[{"width":1200,"height":630,"url":"https:\/\/reviva.fi\/wp-content\/uploads\/2021\/06\/white-Photoroom-5-e1756894929592.png","type":"image\/png"}],"twitter_card":"summary_large_image","schema":{"@context":"https:\/\/schema.org","@graph":[{"@type":"WebPage","@id":"https:\/\/reviva.fi\/fi\/tuote\/femineral\/","url":"https:\/\/reviva.fi\/fi\/tuote\/femineral\/","name":"Rautamehu - Femineral - Reviva","isPartOf":{"@id":"https:\/\/reviva.fi\/fi\/#website"},"primaryImageOfPage":{"@id":"https:\/\/reviva.fi\/fi\/tuote\/femineral\/#primaryimage"},"image":{"@id":"https:\/\/reviva.fi\/fi\/tuote\/femineral\/#primaryimage"},"thumbnailUrl":"https:\/\/reviva.fi\/wp-content\/uploads\/2021\/06\/white-Photoroom-5-e1756894929592.png","datePublished":"2021-06-02T13:06:18+00:00","dateModified":"2026-02-04T11:18:44+00:00","description":"Rautamehu- Femineral on helposti imeytyv\u00e4 rautalis\u00e4, joka sis\u00e4lt\u00e4\u00e4 raudanyrttej\u00e4 sek\u00e4 adaptogeenej\u00e4, kuten ruusunjuurta ja ven\u00e4j\u00e4njuurta.","breadcrumb":{"@id":"https:\/\/reviva.fi\/fi\/tuote\/femineral\/#breadcrumb"},"inLanguage":"fi","potentialAction":[{"@type":"ReadAction","target":["https:\/\/reviva.fi\/fi\/tuote\/femineral\/"]}]},{"@type":"ImageObject","inLanguage":"fi","@id":"https:\/\/reviva.fi\/fi\/tuote\/femineral\/#primaryimage","url":"https:\/\/reviva.fi\/wp-content\/uploads\/2021\/06\/white-Photoroom-5-e1756894929592.png","contentUrl":"https:\/\/reviva.fi\/wp-content\/uploads\/2021\/06\/white-Photoroom-5-e1756894929592.png","width":1200,"height":630,"caption":"Femineral"},{"@type":"BreadcrumbList","@id":"https:\/\/reviva.fi\/fi\/tuote\/femineral\/#breadcrumb","itemListElement":[{"@type":"ListItem","position":1,"name":"Etusivu","item":"https:\/\/reviva.fi\/fi\/"},{"@type":"ListItem","position":2,"name":"Tuotteet","item":"https:\/\/reviva.fi\/produkter\/"},{"@type":"ListItem","position":3,"name":"Rautamehu &#8211; Femineral"}]},{"@type":"WebSite","@id":"https:\/\/reviva.fi\/fi\/#website","url":"https:\/\/reviva.fi\/fi\/","name":"Reviva","description":"","publisher":{"@id":"https:\/\/reviva.fi\/fi\/#organization"},"potentialAction":[{"@type":"SearchAction","target":{"@type":"EntryPoint","urlTemplate":"https:\/\/reviva.fi\/fi\/?s={search_term_string}"},"query-input":{"@type":"PropertyValueSpecification","valueRequired":true,"valueName":"search_term_string"}}],"inLanguage":"fi"},{"@type":"Organization","@id":"https:\/\/reviva.fi\/fi\/#organization","name":"Reviva","url":"https:\/\/reviva.fi\/fi\/","logo":{"@type":"ImageObject","inLanguage":"fi","@id":"https:\/\/reviva.fi\/fi\/#\/schema\/logo\/image\/","url":"https:\/\/reviva.fi\/wp-content\/uploads\/2023\/10\/reviva-logo2.svg","contentUrl":"https:\/\/reviva.fi\/wp-content\/uploads\/2023\/10\/reviva-logo2.svg","caption":"Reviva"},"image":{"@id":"https:\/\/reviva.fi\/fi\/#\/schema\/logo\/image\/"}}]},"product_price_amount":"31.45","product_price_currency":"EUR","og_availability":"instock","product_availability":"instock","product_retailer_item_id":"243","product_condition":"new"},"taxonomy_info":{"product_cat":[{"value":93,"label":"Mineraalit"},{"value":2384,"label":"Rauta"},{"value":5978,"label":"Multi tuotteet"},{"value":2452,"label":"Svenska \u00d6rtmedicinska Institutet"},{"value":2357,"label":"Immuunipuolustus"},{"value":2376,"label":"Stressaantunut &amp; V\u00e4synyt"}],"product_tag":[{"value":3056,"label":"aivot"},{"value":412,"label":"antioksidantti"},{"value":4638,"label":"Askorbiinihappo"},{"value":415,"label":"b1 vitamiini"},{"value":1066,"label":"B12-vitamiini"},{"value":417,"label":"b2 vitamiini"},{"value":418,"label":"b3 vitamiini"},{"value":421,"label":"b5 vitamiini"},{"value":422,"label":"b6 vitamiini"},{"value":4922,"label":"boori"},{"value":465,"label":"c vitamiini"},{"value":621,"label":"d vitamiini"},{"value":1235,"label":"energia"},{"value":1077,"label":"Femineral"},{"value":469,"label":"foolihappo"},{"value":4782,"label":"inkiv\u00e4\u00e4ri"},{"value":2910,"label":"Kromi"},{"value":4768,"label":"kupari"},{"value":507,"label":"lis\u00e4\u00e4 vastustuskyky\u00e4"},{"value":498,"label":"luontais lis\u00e4ravinne"},{"value":2915,"label":"Mangaani"},{"value":2916,"label":"Mineraalit"},{"value":2917,"label":"Molybdeeni"},{"value":2951,"label":"Niasiini"},{"value":3138,"label":"Nokkonen"},{"value":4767,"label":"pyridoksiini"},{"value":4571,"label":"raskaus"},{"value":473,"label":"rauta lis\u00e4ravinne"},{"value":474,"label":"rauta lis\u00e4ravinne"},{"value":1527,"label":"riboflaviini"},{"value":1532,"label":"ruusunjuuri"},{"value":2919,"label":"Seleeni"},{"value":2898,"label":"Sinimailanen"},{"value":2962,"label":"Sinkki"},{"value":2983,"label":"Tasapaino"},{"value":2923,"label":"Tiamiini"},{"value":1408,"label":"veren alhaiset rautatasot"},{"value":520,"label":"vitamiini"},{"value":522,"label":"vitamiinit"}]},"featured_image_src_large":["https:\/\/reviva.fi\/wp-content\/uploads\/2021\/06\/white-Photoroom-5-1024x538.png",1024,538,true],"author_info":[],"comment_info":0,"_links":{"self":[{"href":"https:\/\/reviva.fi\/fi\/wp-json\/wp\/v2\/product\/2856","targetHints":{"allow":["GET"]}}],"collection":[{"href":"https:\/\/reviva.fi\/fi\/wp-json\/wp\/v2\/product"}],"about":[{"href":"https:\/\/reviva.fi\/fi\/wp-json\/wp\/v2\/types\/product"}],"replies":[{"embeddable":true,"href":"https:\/\/reviva.fi\/fi\/wp-json\/wp\/v2\/comments?post=2856"}],"wp:featuredmedia":[{"embeddable":true,"href":"https:\/\/reviva.fi\/fi\/wp-json\/wp\/v2\/media\/12727"}],"wp:attachment":[{"href":"https:\/\/reviva.fi\/fi\/wp-json\/wp\/v2\/media?parent=2856"}],"wp:term":[{"taxonomy":"product_brand","embeddable":true,"href":"https:\/\/reviva.fi\/fi\/wp-json\/wp\/v2\/product_brand?post=2856"},{"taxonomy":"product_cat","embeddable":true,"href":"https:\/\/reviva.fi\/fi\/wp-json\/wp\/v2\/product_cat?post=2856"},{"taxonomy":"product_tag","embeddable":true,"href":"https:\/\/reviva.fi\/fi\/wp-json\/wp\/v2\/product_tag?post=2856"}],"curies":[{"name":"wp","href":"https:\/\/api.w.org\/{rel}","templated":true}]}}