{"id":2893,"date":"2021-06-03T13:37:55","date_gmt":"2021-06-03T10:37:55","guid":{"rendered":"https:\/\/reviva.fi\/product\/gurkmeja-complex\/"},"modified":"2026-01-28T15:05:28","modified_gmt":"2026-01-28T13:05:28","slug":"kurkuma-kompleksi","status":"publish","type":"product","link":"https:\/\/reviva.fi\/fi\/tuote\/kurkuma-kompleksi\/","title":{"rendered":"Curcumin Complex &#8211; Kurkuma"},"content":{"rendered":"<p><strong>Kurkuma Kompleksi<\/strong><\/p>\n<p>Kurkuman t\u00e4rkein kemiallinen ainesosa on yhdisteryhm\u00e4, jota kutsutaan kurkuminoideiksi, joihin kuuluvat kurkumiini, dimetoksikurkumiini ja bisdimetoksikurkumiini.<\/p>\n<p>&nbsp;<\/p>\n<p>&nbsp;<\/p>\n","protected":false},"excerpt":{"rendered":"<p><span style=\"font-weight: 400;\">\u00a0<\/span><span style=\"font-weight: 400;\">Kurkumajauhe<\/span> , <span style=\"font-weight: 400;\">Kurkumauute<\/span>, Piperiiniuute.<\/p>\n<p><strong>60 kapselia<\/strong><\/p>\n<p>&nbsp;<\/p>\n","protected":false},"featured_media":13906,"comment_status":"open","ping_status":"closed","template":"","meta":{"_acf_changed":false,"inline_featured_image":false,"_kad_blocks_custom_css":"","_kad_blocks_head_custom_js":"","_kad_blocks_body_custom_js":"","_kad_blocks_footer_custom_js":"","_kadence_starter_templates_imported_post":false,"_kad_post_transparent":"default","_kad_post_title":"","_kad_post_layout":"default","_kad_post_sidebar_id":"","_kad_post_content_style":"default","_kad_post_vertical_padding":"default","_kad_post_feature":"","_kad_post_feature_position":"","_kad_post_header":false,"_kad_post_footer":false},"product_brand":[],"product_cat":[141,5963,2371,2366],"product_tag":[1121,412,1141,1148,1186,1222,1584,435,1547,1276,1211,1212,1457,5614,1159,1387,3157,1514,1350,1525,1620,2934,1334,1128,1162],"class_list":{"0":"post-2893","1":"product","2":"type-product","3":"status-publish","4":"has-post-thumbnail","6":"product_cat-orter-fi","7":"product_cat-synergos-fi","8":"product_cat-muskler-och-leder-fi","9":"product_cat-lever-och-njurar-fi","10":"product_tag-alzheimerin-tauti-fi","11":"product_tag-antioksidantti","12":"product_tag-antiviraalinen","13":"product_tag-artriitti","14":"product_tag-bisdemetoksikurkumiini","15":"product_tag-dimetoksikurkumiini","16":"product_tag-haava","17":"product_tag-itsehoitoallas","18":"product_tag-kipu","19":"product_tag-kurkuma","20":"product_tag-kurkumiini","21":"product_tag-kurkuminoideja","22":"product_tag-lihaskipu","23":"product_tag-magbesvar-fi","24":"product_tag-myrkkyja-poistava","25":"product_tag-nivelkipu","26":"product_tag-nivelten-jaykkyys","27":"product_tag-psoriasis-fi","28":"product_tag-rautamyrkytys","29":"product_tag-reumatismi","30":"product_tag-sarky","31":"product_tag-syopaa-ehkaiseva","32":"product_tag-tulehdus","33":"product_tag-tulehdusta-ehkaiseva","34":"product_tag-vieroitus","36":"first","37":"instock","38":"taxable","39":"shipping-taxable","40":"purchasable","41":"product-type-simple","42":"entry","43":"content-bg","44":"loop-entry"},"acf":[],"yoast_head":"<!-- This site is optimized with the Yoast SEO plugin v25.8 - https:\/\/yoast.com\/wordpress\/plugins\/seo\/ -->\n<title>Curcumin Complex - Kurkuma - Reviva<\/title>\n<meta name=\"description\" content=\"Kurkuma Kompleksi - Kurkuma tukee maksaa ja auttaa kehoa poistamaan myrkkyj\u00e4 sek\u00e4 torjuu oksidatiivista stressi\u00e4. Lievitt\u00e4\u00e4 nivel-kipuja sek\u00e4 turvotusta.\" \/>\n<meta name=\"robots\" content=\"index, follow, max-snippet:-1, max-image-preview:large, max-video-preview:-1\" \/>\n<link rel=\"canonical\" href=\"https:\/\/reviva.fi\/fi\/tuote\/kurkuma-kompleksi\/\" \/>\n<meta property=\"og:locale\" content=\"fi_FI\" \/>\n<meta property=\"og:type\" content=\"article\" \/>\n<meta property=\"og:title\" content=\"Curcumin Complex - Kurkuma - Reviva\" \/>\n<meta property=\"og:description\" content=\"Kurkuma Kompleksi - Kurkuma tukee maksaa ja auttaa kehoa poistamaan myrkkyj\u00e4 sek\u00e4 torjuu oksidatiivista stressi\u00e4. Lievitt\u00e4\u00e4 nivel-kipuja sek\u00e4 turvotusta.\" \/>\n<meta property=\"og:url\" content=\"https:\/\/reviva.fi\/fi\/tuote\/kurkuma-kompleksi\/\" \/>\n<meta property=\"og:site_name\" content=\"Reviva\" \/>\n<meta property=\"article:modified_time\" content=\"2026-01-28T13:05:28+00:00\" \/>\n<meta property=\"og:image\" content=\"https:\/\/reviva.fi\/wp-content\/uploads\/2021\/06\/444-Curcumin-Complex-Photoroom-e1771325168917.png\" \/>\n\t<meta property=\"og:image:width\" content=\"2000\" \/>\n\t<meta property=\"og:image:height\" content=\"1333\" \/>\n\t<meta property=\"og:image:type\" content=\"image\/png\" \/>\n<meta name=\"twitter:card\" content=\"summary_large_image\" \/>\n<script type=\"application\/ld+json\" class=\"yoast-schema-graph\">{\"@context\":\"https:\/\/schema.org\",\"@graph\":[{\"@type\":\"WebPage\",\"@id\":\"https:\/\/reviva.fi\/fi\/tuote\/kurkuma-kompleksi\/\",\"url\":\"https:\/\/reviva.fi\/fi\/tuote\/kurkuma-kompleksi\/\",\"name\":\"Curcumin Complex - Kurkuma - Reviva\",\"isPartOf\":{\"@id\":\"https:\/\/reviva.fi\/fi\/#website\"},\"primaryImageOfPage\":{\"@id\":\"https:\/\/reviva.fi\/fi\/tuote\/kurkuma-kompleksi\/#primaryimage\"},\"image\":{\"@id\":\"https:\/\/reviva.fi\/fi\/tuote\/kurkuma-kompleksi\/#primaryimage\"},\"thumbnailUrl\":\"https:\/\/reviva.fi\/wp-content\/uploads\/2021\/06\/444-Curcumin-Complex-Photoroom-e1771325168917.png\",\"datePublished\":\"2021-06-03T10:37:55+00:00\",\"dateModified\":\"2026-01-28T13:05:28+00:00\",\"description\":\"Kurkuma Kompleksi - Kurkuma tukee maksaa ja auttaa kehoa poistamaan myrkkyj\u00e4 sek\u00e4 torjuu oksidatiivista stressi\u00e4. Lievitt\u00e4\u00e4 nivel-kipuja sek\u00e4 turvotusta.\",\"breadcrumb\":{\"@id\":\"https:\/\/reviva.fi\/fi\/tuote\/kurkuma-kompleksi\/#breadcrumb\"},\"inLanguage\":\"fi\",\"potentialAction\":[{\"@type\":\"ReadAction\",\"target\":[\"https:\/\/reviva.fi\/fi\/tuote\/kurkuma-kompleksi\/\"]}]},{\"@type\":\"ImageObject\",\"inLanguage\":\"fi\",\"@id\":\"https:\/\/reviva.fi\/fi\/tuote\/kurkuma-kompleksi\/#primaryimage\",\"url\":\"https:\/\/reviva.fi\/wp-content\/uploads\/2021\/06\/444-Curcumin-Complex-Photoroom-e1771325168917.png\",\"contentUrl\":\"https:\/\/reviva.fi\/wp-content\/uploads\/2021\/06\/444-Curcumin-Complex-Photoroom-e1771325168917.png\",\"width\":2000,\"height\":1333,\"caption\":\"Gurkmeja Complex\"},{\"@type\":\"BreadcrumbList\",\"@id\":\"https:\/\/reviva.fi\/fi\/tuote\/kurkuma-kompleksi\/#breadcrumb\",\"itemListElement\":[{\"@type\":\"ListItem\",\"position\":1,\"name\":\"Etusivu\",\"item\":\"https:\/\/reviva.fi\/fi\/\"},{\"@type\":\"ListItem\",\"position\":2,\"name\":\"Tuotteet\",\"item\":\"https:\/\/reviva.fi\/produkter\/\"},{\"@type\":\"ListItem\",\"position\":3,\"name\":\"Curcumin Complex &#8211; Kurkuma\"}]},{\"@type\":\"WebSite\",\"@id\":\"https:\/\/reviva.fi\/fi\/#website\",\"url\":\"https:\/\/reviva.fi\/fi\/\",\"name\":\"Reviva\",\"description\":\"\",\"publisher\":{\"@id\":\"https:\/\/reviva.fi\/fi\/#organization\"},\"potentialAction\":[{\"@type\":\"SearchAction\",\"target\":{\"@type\":\"EntryPoint\",\"urlTemplate\":\"https:\/\/reviva.fi\/fi\/?s={search_term_string}\"},\"query-input\":{\"@type\":\"PropertyValueSpecification\",\"valueRequired\":true,\"valueName\":\"search_term_string\"}}],\"inLanguage\":\"fi\"},{\"@type\":\"Organization\",\"@id\":\"https:\/\/reviva.fi\/fi\/#organization\",\"name\":\"Reviva\",\"url\":\"https:\/\/reviva.fi\/fi\/\",\"logo\":{\"@type\":\"ImageObject\",\"inLanguage\":\"fi\",\"@id\":\"https:\/\/reviva.fi\/fi\/#\/schema\/logo\/image\/\",\"url\":\"https:\/\/reviva.fi\/wp-content\/uploads\/2023\/10\/reviva-logo2.svg\",\"contentUrl\":\"https:\/\/reviva.fi\/wp-content\/uploads\/2023\/10\/reviva-logo2.svg\",\"caption\":\"Reviva\"},\"image\":{\"@id\":\"https:\/\/reviva.fi\/fi\/#\/schema\/logo\/image\/\"}}]}<\/script>\n<meta property=\"product:price:amount\" content=\"31.44\" \/>\n<meta property=\"product:price:currency\" content=\"EUR\" \/>\n<meta property=\"og:availability\" content=\"instock\" \/>\n<meta property=\"product:availability\" content=\"instock\" \/>\n<meta property=\"product:retailer_item_id\" content=\"444\" \/>\n<meta property=\"product:condition\" content=\"new\" \/>\n<!-- \/ Yoast SEO plugin. -->","yoast_head_json":{"title":"Curcumin Complex - Kurkuma - Reviva","description":"Kurkuma Kompleksi - Kurkuma tukee maksaa ja auttaa kehoa poistamaan myrkkyj\u00e4 sek\u00e4 torjuu oksidatiivista stressi\u00e4. Lievitt\u00e4\u00e4 nivel-kipuja sek\u00e4 turvotusta.","robots":{"index":"index","follow":"follow","max-snippet":"max-snippet:-1","max-image-preview":"max-image-preview:large","max-video-preview":"max-video-preview:-1"},"canonical":"https:\/\/reviva.fi\/fi\/tuote\/kurkuma-kompleksi\/","og_locale":"fi_FI","og_type":"article","og_title":"Curcumin Complex - Kurkuma - Reviva","og_description":"Kurkuma Kompleksi - Kurkuma tukee maksaa ja auttaa kehoa poistamaan myrkkyj\u00e4 sek\u00e4 torjuu oksidatiivista stressi\u00e4. Lievitt\u00e4\u00e4 nivel-kipuja sek\u00e4 turvotusta.","og_url":"https:\/\/reviva.fi\/fi\/tuote\/kurkuma-kompleksi\/","og_site_name":"Reviva","article_modified_time":"2026-01-28T13:05:28+00:00","og_image":[{"width":2000,"height":1333,"url":"https:\/\/reviva.fi\/wp-content\/uploads\/2021\/06\/444-Curcumin-Complex-Photoroom-e1771325168917.png","type":"image\/png"}],"twitter_card":"summary_large_image","schema":{"@context":"https:\/\/schema.org","@graph":[{"@type":"WebPage","@id":"https:\/\/reviva.fi\/fi\/tuote\/kurkuma-kompleksi\/","url":"https:\/\/reviva.fi\/fi\/tuote\/kurkuma-kompleksi\/","name":"Curcumin Complex - Kurkuma - Reviva","isPartOf":{"@id":"https:\/\/reviva.fi\/fi\/#website"},"primaryImageOfPage":{"@id":"https:\/\/reviva.fi\/fi\/tuote\/kurkuma-kompleksi\/#primaryimage"},"image":{"@id":"https:\/\/reviva.fi\/fi\/tuote\/kurkuma-kompleksi\/#primaryimage"},"thumbnailUrl":"https:\/\/reviva.fi\/wp-content\/uploads\/2021\/06\/444-Curcumin-Complex-Photoroom-e1771325168917.png","datePublished":"2021-06-03T10:37:55+00:00","dateModified":"2026-01-28T13:05:28+00:00","description":"Kurkuma Kompleksi - Kurkuma tukee maksaa ja auttaa kehoa poistamaan myrkkyj\u00e4 sek\u00e4 torjuu oksidatiivista stressi\u00e4. Lievitt\u00e4\u00e4 nivel-kipuja sek\u00e4 turvotusta.","breadcrumb":{"@id":"https:\/\/reviva.fi\/fi\/tuote\/kurkuma-kompleksi\/#breadcrumb"},"inLanguage":"fi","potentialAction":[{"@type":"ReadAction","target":["https:\/\/reviva.fi\/fi\/tuote\/kurkuma-kompleksi\/"]}]},{"@type":"ImageObject","inLanguage":"fi","@id":"https:\/\/reviva.fi\/fi\/tuote\/kurkuma-kompleksi\/#primaryimage","url":"https:\/\/reviva.fi\/wp-content\/uploads\/2021\/06\/444-Curcumin-Complex-Photoroom-e1771325168917.png","contentUrl":"https:\/\/reviva.fi\/wp-content\/uploads\/2021\/06\/444-Curcumin-Complex-Photoroom-e1771325168917.png","width":2000,"height":1333,"caption":"Gurkmeja Complex"},{"@type":"BreadcrumbList","@id":"https:\/\/reviva.fi\/fi\/tuote\/kurkuma-kompleksi\/#breadcrumb","itemListElement":[{"@type":"ListItem","position":1,"name":"Etusivu","item":"https:\/\/reviva.fi\/fi\/"},{"@type":"ListItem","position":2,"name":"Tuotteet","item":"https:\/\/reviva.fi\/produkter\/"},{"@type":"ListItem","position":3,"name":"Curcumin Complex &#8211; Kurkuma"}]},{"@type":"WebSite","@id":"https:\/\/reviva.fi\/fi\/#website","url":"https:\/\/reviva.fi\/fi\/","name":"Reviva","description":"","publisher":{"@id":"https:\/\/reviva.fi\/fi\/#organization"},"potentialAction":[{"@type":"SearchAction","target":{"@type":"EntryPoint","urlTemplate":"https:\/\/reviva.fi\/fi\/?s={search_term_string}"},"query-input":{"@type":"PropertyValueSpecification","valueRequired":true,"valueName":"search_term_string"}}],"inLanguage":"fi"},{"@type":"Organization","@id":"https:\/\/reviva.fi\/fi\/#organization","name":"Reviva","url":"https:\/\/reviva.fi\/fi\/","logo":{"@type":"ImageObject","inLanguage":"fi","@id":"https:\/\/reviva.fi\/fi\/#\/schema\/logo\/image\/","url":"https:\/\/reviva.fi\/wp-content\/uploads\/2023\/10\/reviva-logo2.svg","contentUrl":"https:\/\/reviva.fi\/wp-content\/uploads\/2023\/10\/reviva-logo2.svg","caption":"Reviva"},"image":{"@id":"https:\/\/reviva.fi\/fi\/#\/schema\/logo\/image\/"}}]},"product_price_amount":"31.44","product_price_currency":"EUR","og_availability":"instock","product_availability":"instock","product_retailer_item_id":"444","product_condition":"new"},"taxonomy_info":{"product_cat":[{"value":141,"label":"Yrtit"},{"value":5963,"label":"Synergos"},{"value":2371,"label":"Nivelet &amp; Lihakset"},{"value":2366,"label":"Maksa &amp; Munuaiset"}],"product_tag":[{"value":1121,"label":"alzheimerin tauti"},{"value":412,"label":"antioksidantti"},{"value":1141,"label":"antiviraalinen"},{"value":1148,"label":"artriitti"},{"value":1186,"label":"bisdemetoksikurkumiini"},{"value":1222,"label":"dimetoksikurkumiini"},{"value":1584,"label":"haava"},{"value":435,"label":"itsehoitoallas"},{"value":1547,"label":"kipu"},{"value":1276,"label":"kurkuma"},{"value":1211,"label":"kurkumiini"},{"value":1212,"label":"kurkuminoideja"},{"value":1457,"label":"lihaskipu"},{"value":5614,"label":"magbesv\u00e4r"},{"value":1159,"label":"myrkkyj\u00e4 poistava"},{"value":1387,"label":"nivelkipu"},{"value":3157,"label":"Nivelten j\u00e4ykkyys"},{"value":1514,"label":"psoriasis"},{"value":1350,"label":"rautamyrkytys"},{"value":1525,"label":"reumatismi"},{"value":1620,"label":"s\u00e4rky"},{"value":2934,"label":"sy\u00f6p\u00e4\u00e4 ehk\u00e4isev\u00e4"},{"value":1334,"label":"tulehdus"},{"value":1128,"label":"tulehdusta ehk\u00e4isev\u00e4"},{"value":1162,"label":"vieroitus"}]},"featured_image_src_large":["https:\/\/reviva.fi\/wp-content\/uploads\/2021\/06\/444-Curcumin-Complex-Photoroom-1024x682.png",1024,682,true],"author_info":[],"comment_info":0,"_links":{"self":[{"href":"https:\/\/reviva.fi\/fi\/wp-json\/wp\/v2\/product\/2893","targetHints":{"allow":["GET"]}}],"collection":[{"href":"https:\/\/reviva.fi\/fi\/wp-json\/wp\/v2\/product"}],"about":[{"href":"https:\/\/reviva.fi\/fi\/wp-json\/wp\/v2\/types\/product"}],"replies":[{"embeddable":true,"href":"https:\/\/reviva.fi\/fi\/wp-json\/wp\/v2\/comments?post=2893"}],"wp:featuredmedia":[{"embeddable":true,"href":"https:\/\/reviva.fi\/fi\/wp-json\/wp\/v2\/media\/13906"}],"wp:attachment":[{"href":"https:\/\/reviva.fi\/fi\/wp-json\/wp\/v2\/media?parent=2893"}],"wp:term":[{"taxonomy":"product_brand","embeddable":true,"href":"https:\/\/reviva.fi\/fi\/wp-json\/wp\/v2\/product_brand?post=2893"},{"taxonomy":"product_cat","embeddable":true,"href":"https:\/\/reviva.fi\/fi\/wp-json\/wp\/v2\/product_cat?post=2893"},{"taxonomy":"product_tag","embeddable":true,"href":"https:\/\/reviva.fi\/fi\/wp-json\/wp\/v2\/product_tag?post=2893"}],"curies":[{"name":"wp","href":"https:\/\/api.w.org\/{rel}","templated":true}]}}