{"id":2909,"date":"2021-06-11T14:04:32","date_gmt":"2021-06-11T11:04:32","guid":{"rendered":"https:\/\/reviva.fi\/product\/serin\/"},"modified":"2026-04-25T13:57:37","modified_gmt":"2026-04-25T10:57:37","slug":"serin","status":"publish","type":"product","link":"https:\/\/reviva.fi\/fi\/tuote\/serin\/","title":{"rendered":"Seriini"},"content":{"rendered":"<p data-start=\"0\" data-end=\"381\">L-seriini on aminohappo, jota elimist\u00f6 pystyy itse muodostamaan, mutta jota saadaan my\u00f6s ravinnosta, erityisesti proteiinipitoisista elintarvikkeista. Aminohapot ovat proteiinien perusrakennusosia ja ne ovat luonnollinen osa monia kehon rakenteita ja toimintoja. Ravitsemustieteess\u00e4 L-seriinill\u00e4 on vakiintunut rooli, ja sit\u00e4 k\u00e4ytet\u00e4\u00e4n usein ravintolisiss\u00e4 yksitt\u00e4isen\u00e4 ainesosana.<\/p>\n<p data-start=\"383\" data-end=\"708\">Ravintolis\u00e4n\u00e4 L-seriini\u00e4 k\u00e4ytet\u00e4\u00e4n t\u00e4ydent\u00e4m\u00e4\u00e4n olemassa olevaa aminohappojen saantia hallitulla ja k\u00e4yt\u00e4nn\u00f6llisell\u00e4 tavalla. Joillekin lis\u00e4ravinne voi olla vaivaton vaihtoehto tasaisen saannin varmistamiseen, erityisesti silloin kun ruokailutottumukset vaihtelevat tai arjessa kiinnitet\u00e4\u00e4n enemm\u00e4n huomiota ravintosis\u00e4lt\u00f6\u00f6n.<\/p>\n<p data-start=\"710\" data-end=\"953\" data-is-last-node=\"\" data-is-only-node=\"\">T\u00e4m\u00e4 L-seriinivalmiste on kehitetty korkea puhtaus ja laatu edell\u00e4. Sis\u00e4lt\u00f6 on huolellisesti valvottu eik\u00e4 sis\u00e4ll\u00e4 tarpeettomia lis\u00e4aineita, mink\u00e4 ansiosta tuote on helppok\u00e4ytt\u00f6inen ja vaivattomasti yhdistett\u00e4viss\u00e4 muiden ravintolisien kanssa.<\/p>\n","protected":false},"excerpt":{"rendered":"<p data-start=\"0\" data-end=\"160\">Seriini on ravintolis\u00e4, joka voi tarjota tukea aivoille ja hermostolle. L-seriini voi vaikuttaa my\u00f6nteisesti kognitiiviseen toimintaan ja henkiseen ter\u00e4vyyteen.<\/p>\n<p data-start=\"162\" data-end=\"461\">L-seriini on ei-v\u00e4ltt\u00e4m\u00e4t\u00f6n aminohappo, jota esiintyy luonnostaan elimist\u00f6ss\u00e4 ja proteiinipitoisessa ravinnossa. T\u00e4m\u00e4 ravintolis\u00e4 on helppo tapa t\u00e4ydent\u00e4\u00e4 p\u00e4ivitt\u00e4ist\u00e4 aminohappojen saantia korkealaatuisella L-seriinill\u00e4. Hyv\u00e4 valinta sinulle, joka etsit puhdasta ja helppok\u00e4ytt\u00f6ist\u00e4 lis\u00e4ravinnetta.<\/p>\n<p data-start=\"463\" data-end=\"474\" data-is-last-node=\"\" data-is-only-node=\"\"><strong>60 kapselia<\/strong><\/p>\n<p>&nbsp;<\/p>\n","protected":false},"featured_media":13941,"comment_status":"open","ping_status":"closed","template":"","meta":{"_acf_changed":false,"inline_featured_image":false,"_kad_blocks_custom_css":"","_kad_blocks_head_custom_js":"","_kad_blocks_body_custom_js":"","_kad_blocks_footer_custom_js":"","_kadence_starter_templates_imported_post":false,"_kad_post_transparent":"default","_kad_post_title":"","_kad_post_layout":"default","_kad_post_sidebar_id":"","_kad_post_content_style":"default","_kad_post_vertical_padding":"default","_kad_post_feature":"","_kad_post_feature_position":"","_kad_post_header":false,"_kad_post_footer":false},"product_brand":[],"product_cat":[88,5963,2357,2371],"product_tag":[1061,1121,1156,1215,1216,1244,1465,1471,1468,1466,1362,1633,1506,1218,1512,1340,1500,1398,1412,1248,1427,1265,1202,1538,1206,517],"class_list":{"0":"post-2909","1":"product","2":"type-product","3":"status-publish","4":"has-post-thumbnail","6":"product_cat-aminosyror-fi","7":"product_cat-synergos-fi","8":"product_cat-immunforsvar-fi","9":"product_cat-muskler-och-leder-fi","10":"product_tag-als-fi","11":"product_tag-alzheimerin-tauti-fi","12":"product_tag-autoimmuunisairaudet","13":"product_tag-dementia","14":"product_tag-dementia-sairaudet","15":"product_tag-eksokriininen-haiman-vajaatoiminta","16":"product_tag-heikentynyt-keskittymiskyky","17":"product_tag-heikentynyt-kolliinisynteesi","18":"product_tag-heikentynyt-oppimiskyky","19":"product_tag-heikentynyt-sapen-toiminta","20":"product_tag-kognitiivinen-toimintahairio","21":"product_tag-lisaantynyt-homokysteiinitaso","22":"product_tag-long-covid","23":"product_tag-masennus","24":"product_tag-muistin-ongelma","25":"product_tag-oppimisongelmia","26":"product_tag-parkinsonin-tautia","27":"product_tag-pitka-covid","28":"product_tag-pitka-covid-fi","29":"product_tag-rasvamaksa","30":"product_tag-ruoansulatusongelmia","31":"product_tag-sappihairiot","32":"product_tag-seka-matala-etta-korkea-verenpaine","33":"product_tag-skitsofrenia","34":"product_tag-solun-aineenvaihdunta","35":"product_tag-vasymys","37":"first","38":"instock","39":"taxable","40":"shipping-taxable","41":"purchasable","42":"product-type-simple","43":"entry","44":"content-bg","45":"loop-entry"},"acf":[],"yoast_head":"<!-- This site is optimized with the Yoast SEO plugin v25.8 - https:\/\/yoast.com\/wordpress\/plugins\/seo\/ -->\n<title>Seriini - Reviva<\/title>\n<meta name=\"description\" content=\"Seriini on tarve toimivalle sapelle sek\u00e4 rasva- ja rasvahappojen aineenvaihdunnalle. Sit\u00e4 tarvitaan my\u00f6s proteiinien ja lihasten kasvulle.\" \/>\n<meta name=\"robots\" content=\"index, follow, max-snippet:-1, max-image-preview:large, max-video-preview:-1\" \/>\n<link rel=\"canonical\" href=\"https:\/\/reviva.fi\/fi\/tuote\/serin\/\" \/>\n<meta property=\"og:locale\" content=\"fi_FI\" \/>\n<meta property=\"og:type\" content=\"article\" \/>\n<meta property=\"og:title\" content=\"Seriini - Reviva\" \/>\n<meta property=\"og:description\" content=\"Seriini on tarve toimivalle sapelle sek\u00e4 rasva- ja rasvahappojen aineenvaihdunnalle. Sit\u00e4 tarvitaan my\u00f6s proteiinien ja lihasten kasvulle.\" \/>\n<meta property=\"og:url\" content=\"https:\/\/reviva.fi\/fi\/tuote\/serin\/\" \/>\n<meta property=\"og:site_name\" content=\"Reviva\" \/>\n<meta property=\"article:modified_time\" content=\"2026-04-25T10:57:37+00:00\" \/>\n<meta property=\"og:image\" content=\"https:\/\/reviva.fi\/wp-content\/uploads\/2021\/06\/328-L-Serin-Photoroom-e1771398872607.png\" \/>\n\t<meta property=\"og:image:width\" content=\"2000\" \/>\n\t<meta property=\"og:image:height\" content=\"1333\" \/>\n\t<meta property=\"og:image:type\" content=\"image\/png\" \/>\n<meta name=\"twitter:card\" content=\"summary_large_image\" \/>\n<script type=\"application\/ld+json\" class=\"yoast-schema-graph\">{\"@context\":\"https:\/\/schema.org\",\"@graph\":[{\"@type\":\"WebPage\",\"@id\":\"https:\/\/reviva.fi\/fi\/tuote\/serin\/\",\"url\":\"https:\/\/reviva.fi\/fi\/tuote\/serin\/\",\"name\":\"Seriini - Reviva\",\"isPartOf\":{\"@id\":\"https:\/\/reviva.fi\/fi\/#website\"},\"primaryImageOfPage\":{\"@id\":\"https:\/\/reviva.fi\/fi\/tuote\/serin\/#primaryimage\"},\"image\":{\"@id\":\"https:\/\/reviva.fi\/fi\/tuote\/serin\/#primaryimage\"},\"thumbnailUrl\":\"https:\/\/reviva.fi\/wp-content\/uploads\/2021\/06\/328-L-Serin-Photoroom-e1771398872607.png\",\"datePublished\":\"2021-06-11T11:04:32+00:00\",\"dateModified\":\"2026-04-25T10:57:37+00:00\",\"description\":\"Seriini on tarve toimivalle sapelle sek\u00e4 rasva- ja rasvahappojen aineenvaihdunnalle. Sit\u00e4 tarvitaan my\u00f6s proteiinien ja lihasten kasvulle.\",\"breadcrumb\":{\"@id\":\"https:\/\/reviva.fi\/fi\/tuote\/serin\/#breadcrumb\"},\"inLanguage\":\"fi\",\"potentialAction\":[{\"@type\":\"ReadAction\",\"target\":[\"https:\/\/reviva.fi\/fi\/tuote\/serin\/\"]}]},{\"@type\":\"ImageObject\",\"inLanguage\":\"fi\",\"@id\":\"https:\/\/reviva.fi\/fi\/tuote\/serin\/#primaryimage\",\"url\":\"https:\/\/reviva.fi\/wp-content\/uploads\/2021\/06\/328-L-Serin-Photoroom-e1771398872607.png\",\"contentUrl\":\"https:\/\/reviva.fi\/wp-content\/uploads\/2021\/06\/328-L-Serin-Photoroom-e1771398872607.png\",\"width\":2000,\"height\":1333,\"caption\":\"L-Serin\"},{\"@type\":\"BreadcrumbList\",\"@id\":\"https:\/\/reviva.fi\/fi\/tuote\/serin\/#breadcrumb\",\"itemListElement\":[{\"@type\":\"ListItem\",\"position\":1,\"name\":\"Etusivu\",\"item\":\"https:\/\/reviva.fi\/fi\/\"},{\"@type\":\"ListItem\",\"position\":2,\"name\":\"Tuotteet\",\"item\":\"https:\/\/reviva.fi\/produkter\/\"},{\"@type\":\"ListItem\",\"position\":3,\"name\":\"Seriini\"}]},{\"@type\":\"WebSite\",\"@id\":\"https:\/\/reviva.fi\/fi\/#website\",\"url\":\"https:\/\/reviva.fi\/fi\/\",\"name\":\"Reviva\",\"description\":\"\",\"publisher\":{\"@id\":\"https:\/\/reviva.fi\/fi\/#organization\"},\"potentialAction\":[{\"@type\":\"SearchAction\",\"target\":{\"@type\":\"EntryPoint\",\"urlTemplate\":\"https:\/\/reviva.fi\/fi\/?s={search_term_string}\"},\"query-input\":{\"@type\":\"PropertyValueSpecification\",\"valueRequired\":true,\"valueName\":\"search_term_string\"}}],\"inLanguage\":\"fi\"},{\"@type\":\"Organization\",\"@id\":\"https:\/\/reviva.fi\/fi\/#organization\",\"name\":\"Reviva\",\"url\":\"https:\/\/reviva.fi\/fi\/\",\"logo\":{\"@type\":\"ImageObject\",\"inLanguage\":\"fi\",\"@id\":\"https:\/\/reviva.fi\/fi\/#\/schema\/logo\/image\/\",\"url\":\"https:\/\/reviva.fi\/wp-content\/uploads\/2023\/10\/reviva-logo2.svg\",\"contentUrl\":\"https:\/\/reviva.fi\/wp-content\/uploads\/2023\/10\/reviva-logo2.svg\",\"caption\":\"Reviva\"},\"image\":{\"@id\":\"https:\/\/reviva.fi\/fi\/#\/schema\/logo\/image\/\"}}]}<\/script>\n<meta property=\"product:price:amount\" content=\"31.45\" \/>\n<meta property=\"product:price:currency\" content=\"EUR\" \/>\n<meta property=\"og:availability\" content=\"instock\" \/>\n<meta property=\"product:availability\" content=\"instock\" \/>\n<meta property=\"product:retailer_item_id\" content=\"328\" \/>\n<meta property=\"product:condition\" content=\"new\" \/>\n<!-- \/ Yoast SEO plugin. -->","yoast_head_json":{"title":"Seriini - Reviva","description":"Seriini on tarve toimivalle sapelle sek\u00e4 rasva- ja rasvahappojen aineenvaihdunnalle. Sit\u00e4 tarvitaan my\u00f6s proteiinien ja lihasten kasvulle.","robots":{"index":"index","follow":"follow","max-snippet":"max-snippet:-1","max-image-preview":"max-image-preview:large","max-video-preview":"max-video-preview:-1"},"canonical":"https:\/\/reviva.fi\/fi\/tuote\/serin\/","og_locale":"fi_FI","og_type":"article","og_title":"Seriini - Reviva","og_description":"Seriini on tarve toimivalle sapelle sek\u00e4 rasva- ja rasvahappojen aineenvaihdunnalle. Sit\u00e4 tarvitaan my\u00f6s proteiinien ja lihasten kasvulle.","og_url":"https:\/\/reviva.fi\/fi\/tuote\/serin\/","og_site_name":"Reviva","article_modified_time":"2026-04-25T10:57:37+00:00","og_image":[{"width":2000,"height":1333,"url":"https:\/\/reviva.fi\/wp-content\/uploads\/2021\/06\/328-L-Serin-Photoroom-e1771398872607.png","type":"image\/png"}],"twitter_card":"summary_large_image","schema":{"@context":"https:\/\/schema.org","@graph":[{"@type":"WebPage","@id":"https:\/\/reviva.fi\/fi\/tuote\/serin\/","url":"https:\/\/reviva.fi\/fi\/tuote\/serin\/","name":"Seriini - Reviva","isPartOf":{"@id":"https:\/\/reviva.fi\/fi\/#website"},"primaryImageOfPage":{"@id":"https:\/\/reviva.fi\/fi\/tuote\/serin\/#primaryimage"},"image":{"@id":"https:\/\/reviva.fi\/fi\/tuote\/serin\/#primaryimage"},"thumbnailUrl":"https:\/\/reviva.fi\/wp-content\/uploads\/2021\/06\/328-L-Serin-Photoroom-e1771398872607.png","datePublished":"2021-06-11T11:04:32+00:00","dateModified":"2026-04-25T10:57:37+00:00","description":"Seriini on tarve toimivalle sapelle sek\u00e4 rasva- ja rasvahappojen aineenvaihdunnalle. Sit\u00e4 tarvitaan my\u00f6s proteiinien ja lihasten kasvulle.","breadcrumb":{"@id":"https:\/\/reviva.fi\/fi\/tuote\/serin\/#breadcrumb"},"inLanguage":"fi","potentialAction":[{"@type":"ReadAction","target":["https:\/\/reviva.fi\/fi\/tuote\/serin\/"]}]},{"@type":"ImageObject","inLanguage":"fi","@id":"https:\/\/reviva.fi\/fi\/tuote\/serin\/#primaryimage","url":"https:\/\/reviva.fi\/wp-content\/uploads\/2021\/06\/328-L-Serin-Photoroom-e1771398872607.png","contentUrl":"https:\/\/reviva.fi\/wp-content\/uploads\/2021\/06\/328-L-Serin-Photoroom-e1771398872607.png","width":2000,"height":1333,"caption":"L-Serin"},{"@type":"BreadcrumbList","@id":"https:\/\/reviva.fi\/fi\/tuote\/serin\/#breadcrumb","itemListElement":[{"@type":"ListItem","position":1,"name":"Etusivu","item":"https:\/\/reviva.fi\/fi\/"},{"@type":"ListItem","position":2,"name":"Tuotteet","item":"https:\/\/reviva.fi\/produkter\/"},{"@type":"ListItem","position":3,"name":"Seriini"}]},{"@type":"WebSite","@id":"https:\/\/reviva.fi\/fi\/#website","url":"https:\/\/reviva.fi\/fi\/","name":"Reviva","description":"","publisher":{"@id":"https:\/\/reviva.fi\/fi\/#organization"},"potentialAction":[{"@type":"SearchAction","target":{"@type":"EntryPoint","urlTemplate":"https:\/\/reviva.fi\/fi\/?s={search_term_string}"},"query-input":{"@type":"PropertyValueSpecification","valueRequired":true,"valueName":"search_term_string"}}],"inLanguage":"fi"},{"@type":"Organization","@id":"https:\/\/reviva.fi\/fi\/#organization","name":"Reviva","url":"https:\/\/reviva.fi\/fi\/","logo":{"@type":"ImageObject","inLanguage":"fi","@id":"https:\/\/reviva.fi\/fi\/#\/schema\/logo\/image\/","url":"https:\/\/reviva.fi\/wp-content\/uploads\/2023\/10\/reviva-logo2.svg","contentUrl":"https:\/\/reviva.fi\/wp-content\/uploads\/2023\/10\/reviva-logo2.svg","caption":"Reviva"},"image":{"@id":"https:\/\/reviva.fi\/fi\/#\/schema\/logo\/image\/"}}]},"product_price_amount":"31.45","product_price_currency":"EUR","og_availability":"instock","product_availability":"instock","product_retailer_item_id":"328","product_condition":"new"},"taxonomy_info":{"product_cat":[{"value":88,"label":"Aminohapot"},{"value":5963,"label":"Synergos"},{"value":2357,"label":"Immuunipuolustus"},{"value":2371,"label":"Nivelet &amp; Lihakset"}],"product_tag":[{"value":1061,"label":"ALS"},{"value":1121,"label":"alzheimerin tauti"},{"value":1156,"label":"autoimmuunisairaudet"},{"value":1215,"label":"dementia"},{"value":1216,"label":"dementia sairaudet"},{"value":1244,"label":"eksokriininen haiman vajaatoiminta"},{"value":1465,"label":"heikentynyt keskittymiskyky"},{"value":1471,"label":"heikentynyt kolliinisynteesi"},{"value":1468,"label":"heikentynyt oppimiskyky"},{"value":1466,"label":"heikentynyt sapen toiminta"},{"value":1362,"label":"kognitiivinen toimintah\u00e4iri\u00f6"},{"value":1633,"label":"lis\u00e4\u00e4ntynyt homokysteiinitaso"},{"value":1506,"label":"long covid"},{"value":1218,"label":"masennus"},{"value":1512,"label":"muistin ongelma"},{"value":1340,"label":"oppimisongelmia"},{"value":1500,"label":"parkinsonin tautia"},{"value":1398,"label":"pitk\u00e4 covid"},{"value":1412,"label":"pitk\u00e4 covid"},{"value":1248,"label":"rasvamaksa"},{"value":1427,"label":"ruoansulatusongelmia"},{"value":1265,"label":"sappih\u00e4iri\u00f6t"},{"value":1202,"label":"sek\u00e4 matala ett\u00e4 korkea verenpaine"},{"value":1538,"label":"skitsofrenia"},{"value":1206,"label":"solun aineenvaihdunta"},{"value":517,"label":"v\u00e4symys"}]},"featured_image_src_large":["https:\/\/reviva.fi\/wp-content\/uploads\/2021\/06\/328-L-Serin-Photoroom-1024x682.png",1024,682,true],"author_info":[],"comment_info":0,"_links":{"self":[{"href":"https:\/\/reviva.fi\/fi\/wp-json\/wp\/v2\/product\/2909","targetHints":{"allow":["GET"]}}],"collection":[{"href":"https:\/\/reviva.fi\/fi\/wp-json\/wp\/v2\/product"}],"about":[{"href":"https:\/\/reviva.fi\/fi\/wp-json\/wp\/v2\/types\/product"}],"replies":[{"embeddable":true,"href":"https:\/\/reviva.fi\/fi\/wp-json\/wp\/v2\/comments?post=2909"}],"wp:featuredmedia":[{"embeddable":true,"href":"https:\/\/reviva.fi\/fi\/wp-json\/wp\/v2\/media\/13941"}],"wp:attachment":[{"href":"https:\/\/reviva.fi\/fi\/wp-json\/wp\/v2\/media?parent=2909"}],"wp:term":[{"taxonomy":"product_brand","embeddable":true,"href":"https:\/\/reviva.fi\/fi\/wp-json\/wp\/v2\/product_brand?post=2909"},{"taxonomy":"product_cat","embeddable":true,"href":"https:\/\/reviva.fi\/fi\/wp-json\/wp\/v2\/product_cat?post=2909"},{"taxonomy":"product_tag","embeddable":true,"href":"https:\/\/reviva.fi\/fi\/wp-json\/wp\/v2\/product_tag?post=2909"}],"curies":[{"name":"wp","href":"https:\/\/api.w.org\/{rel}","templated":true}]}}