{"id":2912,"date":"2021-06-11T14:21:03","date_gmt":"2021-06-11T11:21:03","guid":{"rendered":"https:\/\/reviva.fi\/product\/bio-l-karnitin\/"},"modified":"2026-01-21T15:22:14","modified_gmt":"2026-01-21T13:22:14","slug":"bio-l-karnitin","status":"publish","type":"product","link":"https:\/\/reviva.fi\/fi\/tuote\/bio-l-karnitin\/","title":{"rendered":"L-Karnitiini BIO"},"content":{"rendered":"<p><strong>L-Karnitiini BIO<\/strong> on ammoniumyhdiste, jota muodostuu aminohappojen lysiinin ja metioniinin biosynteesiss\u00e4. Solut tarvitsevat sit\u00e4 rasvahappojen kuljetukseen mitokondrioissa ja metabolisen energian muodostukseen.<\/p>\n<p>&nbsp;<\/p>\n","protected":false},"excerpt":{"rendered":"<p>Yksi kapseli sis\u00e4lt\u00e4\u00e4 500 mg L-karnitiinia N-Asetyyli \u00a0L-Karnitiinista ja 2 mg B6-vitamiini.<\/p>\n<p><strong>60 kapselia<\/strong><\/p>\n<p>&nbsp;<\/p>\n","protected":false},"featured_media":13824,"comment_status":"open","ping_status":"closed","template":"","meta":{"_acf_changed":false,"inline_featured_image":false,"_kad_blocks_custom_css":"","_kad_blocks_head_custom_js":"","_kad_blocks_body_custom_js":"","_kad_blocks_footer_custom_js":"","_kadence_starter_templates_imported_post":false,"_kad_post_transparent":"default","_kad_post_title":"","_kad_post_layout":"default","_kad_post_sidebar_id":"","_kad_post_content_style":"default","_kad_post_vertical_padding":"default","_kad_post_feature":"","_kad_post_feature_position":"","_kad_post_header":false,"_kad_post_footer":false},"product_brand":[],"product_cat":[88,5963,2357],"product_tag":[],"class_list":{"0":"post-2912","1":"product","2":"type-product","3":"status-publish","4":"has-post-thumbnail","6":"product_cat-aminosyror-fi","7":"product_cat-synergos-fi","8":"product_cat-immunforsvar-fi","10":"first","11":"instock","12":"taxable","13":"shipping-taxable","14":"purchasable","15":"product-type-simple","16":"entry","17":"content-bg","18":"loop-entry"},"acf":[],"yoast_head":"<!-- This site is optimized with the Yoast SEO plugin v25.8 - https:\/\/yoast.com\/wordpress\/plugins\/seo\/ -->\n<title>L-Karnitiini BIO - Reviva<\/title>\n<meta name=\"description\" content=\"L-Karnitiini BIO auttaa ehk\u00e4isem\u00e4\u00e4n painonnousua, helpottaa painonpudotusta, v\u00e4hent\u00e4\u00e4 lihasten uupumusta ja parantaa maitohapon k\u00e4sittely\u00e4\" \/>\n<meta name=\"robots\" content=\"index, follow, max-snippet:-1, max-image-preview:large, max-video-preview:-1\" \/>\n<link rel=\"canonical\" href=\"https:\/\/reviva.fi\/fi\/tuote\/bio-l-karnitin\/\" \/>\n<meta property=\"og:locale\" content=\"fi_FI\" \/>\n<meta property=\"og:type\" content=\"article\" \/>\n<meta property=\"og:title\" content=\"L-Karnitiini BIO - Reviva\" \/>\n<meta property=\"og:description\" content=\"L-Karnitiini BIO auttaa ehk\u00e4isem\u00e4\u00e4n painonnousua, helpottaa painonpudotusta, v\u00e4hent\u00e4\u00e4 lihasten uupumusta ja parantaa maitohapon k\u00e4sittely\u00e4\" \/>\n<meta property=\"og:url\" content=\"https:\/\/reviva.fi\/fi\/tuote\/bio-l-karnitin\/\" \/>\n<meta property=\"og:site_name\" content=\"Reviva\" \/>\n<meta property=\"article:modified_time\" content=\"2026-01-21T13:22:14+00:00\" \/>\n<meta property=\"og:image\" content=\"https:\/\/reviva.fi\/wp-content\/uploads\/2021\/06\/311-Bio-L-Karnitin-Photoroom-e1770635556788.png\" \/>\n\t<meta property=\"og:image:width\" content=\"2000\" \/>\n\t<meta property=\"og:image:height\" content=\"1333\" \/>\n\t<meta property=\"og:image:type\" content=\"image\/png\" \/>\n<meta name=\"twitter:card\" content=\"summary_large_image\" \/>\n<script type=\"application\/ld+json\" class=\"yoast-schema-graph\">{\"@context\":\"https:\/\/schema.org\",\"@graph\":[{\"@type\":\"WebPage\",\"@id\":\"https:\/\/reviva.fi\/fi\/tuote\/bio-l-karnitin\/\",\"url\":\"https:\/\/reviva.fi\/fi\/tuote\/bio-l-karnitin\/\",\"name\":\"L-Karnitiini BIO - Reviva\",\"isPartOf\":{\"@id\":\"https:\/\/reviva.fi\/fi\/#website\"},\"primaryImageOfPage\":{\"@id\":\"https:\/\/reviva.fi\/fi\/tuote\/bio-l-karnitin\/#primaryimage\"},\"image\":{\"@id\":\"https:\/\/reviva.fi\/fi\/tuote\/bio-l-karnitin\/#primaryimage\"},\"thumbnailUrl\":\"https:\/\/reviva.fi\/wp-content\/uploads\/2021\/06\/311-Bio-L-Karnitin-Photoroom-e1770635556788.png\",\"datePublished\":\"2021-06-11T11:21:03+00:00\",\"dateModified\":\"2026-01-21T13:22:14+00:00\",\"description\":\"L-Karnitiini BIO auttaa ehk\u00e4isem\u00e4\u00e4n painonnousua, helpottaa painonpudotusta, v\u00e4hent\u00e4\u00e4 lihasten uupumusta ja parantaa maitohapon k\u00e4sittely\u00e4\",\"breadcrumb\":{\"@id\":\"https:\/\/reviva.fi\/fi\/tuote\/bio-l-karnitin\/#breadcrumb\"},\"inLanguage\":\"fi\",\"potentialAction\":[{\"@type\":\"ReadAction\",\"target\":[\"https:\/\/reviva.fi\/fi\/tuote\/bio-l-karnitin\/\"]}]},{\"@type\":\"ImageObject\",\"inLanguage\":\"fi\",\"@id\":\"https:\/\/reviva.fi\/fi\/tuote\/bio-l-karnitin\/#primaryimage\",\"url\":\"https:\/\/reviva.fi\/wp-content\/uploads\/2021\/06\/311-Bio-L-Karnitin-Photoroom-e1770635556788.png\",\"contentUrl\":\"https:\/\/reviva.fi\/wp-content\/uploads\/2021\/06\/311-Bio-L-Karnitin-Photoroom-e1770635556788.png\",\"width\":2000,\"height\":1333,\"caption\":\"Bio L-Karnitin\"},{\"@type\":\"BreadcrumbList\",\"@id\":\"https:\/\/reviva.fi\/fi\/tuote\/bio-l-karnitin\/#breadcrumb\",\"itemListElement\":[{\"@type\":\"ListItem\",\"position\":1,\"name\":\"Etusivu\",\"item\":\"https:\/\/reviva.fi\/fi\/\"},{\"@type\":\"ListItem\",\"position\":2,\"name\":\"Tuotteet\",\"item\":\"https:\/\/reviva.fi\/produkter\/\"},{\"@type\":\"ListItem\",\"position\":3,\"name\":\"L-Karnitiini BIO\"}]},{\"@type\":\"WebSite\",\"@id\":\"https:\/\/reviva.fi\/fi\/#website\",\"url\":\"https:\/\/reviva.fi\/fi\/\",\"name\":\"Reviva\",\"description\":\"\",\"publisher\":{\"@id\":\"https:\/\/reviva.fi\/fi\/#organization\"},\"potentialAction\":[{\"@type\":\"SearchAction\",\"target\":{\"@type\":\"EntryPoint\",\"urlTemplate\":\"https:\/\/reviva.fi\/fi\/?s={search_term_string}\"},\"query-input\":{\"@type\":\"PropertyValueSpecification\",\"valueRequired\":true,\"valueName\":\"search_term_string\"}}],\"inLanguage\":\"fi\"},{\"@type\":\"Organization\",\"@id\":\"https:\/\/reviva.fi\/fi\/#organization\",\"name\":\"Reviva\",\"url\":\"https:\/\/reviva.fi\/fi\/\",\"logo\":{\"@type\":\"ImageObject\",\"inLanguage\":\"fi\",\"@id\":\"https:\/\/reviva.fi\/fi\/#\/schema\/logo\/image\/\",\"url\":\"https:\/\/reviva.fi\/wp-content\/uploads\/2023\/10\/reviva-logo2.svg\",\"contentUrl\":\"https:\/\/reviva.fi\/wp-content\/uploads\/2023\/10\/reviva-logo2.svg\",\"caption\":\"Reviva\"},\"image\":{\"@id\":\"https:\/\/reviva.fi\/fi\/#\/schema\/logo\/image\/\"}}]}<\/script>\n<meta property=\"product:price:amount\" content=\"28.60\" \/>\n<meta property=\"product:price:currency\" content=\"EUR\" \/>\n<meta property=\"og:availability\" content=\"instock\" \/>\n<meta property=\"product:availability\" content=\"instock\" \/>\n<meta property=\"product:retailer_item_id\" content=\"311\" \/>\n<meta property=\"product:condition\" content=\"new\" \/>\n<!-- \/ Yoast SEO plugin. -->","yoast_head_json":{"title":"L-Karnitiini BIO - Reviva","description":"L-Karnitiini BIO auttaa ehk\u00e4isem\u00e4\u00e4n painonnousua, helpottaa painonpudotusta, v\u00e4hent\u00e4\u00e4 lihasten uupumusta ja parantaa maitohapon k\u00e4sittely\u00e4","robots":{"index":"index","follow":"follow","max-snippet":"max-snippet:-1","max-image-preview":"max-image-preview:large","max-video-preview":"max-video-preview:-1"},"canonical":"https:\/\/reviva.fi\/fi\/tuote\/bio-l-karnitin\/","og_locale":"fi_FI","og_type":"article","og_title":"L-Karnitiini BIO - Reviva","og_description":"L-Karnitiini BIO auttaa ehk\u00e4isem\u00e4\u00e4n painonnousua, helpottaa painonpudotusta, v\u00e4hent\u00e4\u00e4 lihasten uupumusta ja parantaa maitohapon k\u00e4sittely\u00e4","og_url":"https:\/\/reviva.fi\/fi\/tuote\/bio-l-karnitin\/","og_site_name":"Reviva","article_modified_time":"2026-01-21T13:22:14+00:00","og_image":[{"width":2000,"height":1333,"url":"https:\/\/reviva.fi\/wp-content\/uploads\/2021\/06\/311-Bio-L-Karnitin-Photoroom-e1770635556788.png","type":"image\/png"}],"twitter_card":"summary_large_image","schema":{"@context":"https:\/\/schema.org","@graph":[{"@type":"WebPage","@id":"https:\/\/reviva.fi\/fi\/tuote\/bio-l-karnitin\/","url":"https:\/\/reviva.fi\/fi\/tuote\/bio-l-karnitin\/","name":"L-Karnitiini BIO - Reviva","isPartOf":{"@id":"https:\/\/reviva.fi\/fi\/#website"},"primaryImageOfPage":{"@id":"https:\/\/reviva.fi\/fi\/tuote\/bio-l-karnitin\/#primaryimage"},"image":{"@id":"https:\/\/reviva.fi\/fi\/tuote\/bio-l-karnitin\/#primaryimage"},"thumbnailUrl":"https:\/\/reviva.fi\/wp-content\/uploads\/2021\/06\/311-Bio-L-Karnitin-Photoroom-e1770635556788.png","datePublished":"2021-06-11T11:21:03+00:00","dateModified":"2026-01-21T13:22:14+00:00","description":"L-Karnitiini BIO auttaa ehk\u00e4isem\u00e4\u00e4n painonnousua, helpottaa painonpudotusta, v\u00e4hent\u00e4\u00e4 lihasten uupumusta ja parantaa maitohapon k\u00e4sittely\u00e4","breadcrumb":{"@id":"https:\/\/reviva.fi\/fi\/tuote\/bio-l-karnitin\/#breadcrumb"},"inLanguage":"fi","potentialAction":[{"@type":"ReadAction","target":["https:\/\/reviva.fi\/fi\/tuote\/bio-l-karnitin\/"]}]},{"@type":"ImageObject","inLanguage":"fi","@id":"https:\/\/reviva.fi\/fi\/tuote\/bio-l-karnitin\/#primaryimage","url":"https:\/\/reviva.fi\/wp-content\/uploads\/2021\/06\/311-Bio-L-Karnitin-Photoroom-e1770635556788.png","contentUrl":"https:\/\/reviva.fi\/wp-content\/uploads\/2021\/06\/311-Bio-L-Karnitin-Photoroom-e1770635556788.png","width":2000,"height":1333,"caption":"Bio L-Karnitin"},{"@type":"BreadcrumbList","@id":"https:\/\/reviva.fi\/fi\/tuote\/bio-l-karnitin\/#breadcrumb","itemListElement":[{"@type":"ListItem","position":1,"name":"Etusivu","item":"https:\/\/reviva.fi\/fi\/"},{"@type":"ListItem","position":2,"name":"Tuotteet","item":"https:\/\/reviva.fi\/produkter\/"},{"@type":"ListItem","position":3,"name":"L-Karnitiini BIO"}]},{"@type":"WebSite","@id":"https:\/\/reviva.fi\/fi\/#website","url":"https:\/\/reviva.fi\/fi\/","name":"Reviva","description":"","publisher":{"@id":"https:\/\/reviva.fi\/fi\/#organization"},"potentialAction":[{"@type":"SearchAction","target":{"@type":"EntryPoint","urlTemplate":"https:\/\/reviva.fi\/fi\/?s={search_term_string}"},"query-input":{"@type":"PropertyValueSpecification","valueRequired":true,"valueName":"search_term_string"}}],"inLanguage":"fi"},{"@type":"Organization","@id":"https:\/\/reviva.fi\/fi\/#organization","name":"Reviva","url":"https:\/\/reviva.fi\/fi\/","logo":{"@type":"ImageObject","inLanguage":"fi","@id":"https:\/\/reviva.fi\/fi\/#\/schema\/logo\/image\/","url":"https:\/\/reviva.fi\/wp-content\/uploads\/2023\/10\/reviva-logo2.svg","contentUrl":"https:\/\/reviva.fi\/wp-content\/uploads\/2023\/10\/reviva-logo2.svg","caption":"Reviva"},"image":{"@id":"https:\/\/reviva.fi\/fi\/#\/schema\/logo\/image\/"}}]},"product_price_amount":"28.60","product_price_currency":"EUR","og_availability":"instock","product_availability":"instock","product_retailer_item_id":"311","product_condition":"new"},"taxonomy_info":{"product_cat":[{"value":88,"label":"Aminohapot"},{"value":5963,"label":"Synergos"},{"value":2357,"label":"Immuunipuolustus"}]},"featured_image_src_large":["https:\/\/reviva.fi\/wp-content\/uploads\/2021\/06\/311-Bio-L-Karnitin-Photoroom-1024x682.png",1024,682,true],"author_info":[],"comment_info":0,"_links":{"self":[{"href":"https:\/\/reviva.fi\/fi\/wp-json\/wp\/v2\/product\/2912","targetHints":{"allow":["GET"]}}],"collection":[{"href":"https:\/\/reviva.fi\/fi\/wp-json\/wp\/v2\/product"}],"about":[{"href":"https:\/\/reviva.fi\/fi\/wp-json\/wp\/v2\/types\/product"}],"replies":[{"embeddable":true,"href":"https:\/\/reviva.fi\/fi\/wp-json\/wp\/v2\/comments?post=2912"}],"wp:featuredmedia":[{"embeddable":true,"href":"https:\/\/reviva.fi\/fi\/wp-json\/wp\/v2\/media\/13824"}],"wp:attachment":[{"href":"https:\/\/reviva.fi\/fi\/wp-json\/wp\/v2\/media?parent=2912"}],"wp:term":[{"taxonomy":"product_brand","embeddable":true,"href":"https:\/\/reviva.fi\/fi\/wp-json\/wp\/v2\/product_brand?post=2912"},{"taxonomy":"product_cat","embeddable":true,"href":"https:\/\/reviva.fi\/fi\/wp-json\/wp\/v2\/product_cat?post=2912"},{"taxonomy":"product_tag","embeddable":true,"href":"https:\/\/reviva.fi\/fi\/wp-json\/wp\/v2\/product_tag?post=2912"}],"curies":[{"name":"wp","href":"https:\/\/api.w.org\/{rel}","templated":true}]}}