{"id":2930,"date":"2021-06-17T13:21:21","date_gmt":"2021-06-17T10:21:21","guid":{"rendered":"https:\/\/reviva.fi\/product\/bredspektrum-multi-nutrient\/"},"modified":"2026-03-10T17:38:35","modified_gmt":"2026-03-10T15:38:35","slug":"bredspektrum-multi-nutrient","status":"publish","type":"product","link":"https:\/\/reviva.fi\/fi\/tuote\/bredspektrum-multi-nutrient\/","title":{"rendered":"Laajakirjoinen &#8211; Multi Nutrient"},"content":{"rendered":"<p><strong>Laajakirjoinen\u00a0 &#8211; Multi Nutrient<\/strong> on edistyksellinen ravintolis\u00e4, joka sis\u00e4lt\u00e4\u00e4 optimaaliset annokset vitamiineja ja hivenaineita. Se perustuu nk. laajakirjoperiaatteeseen. Periaate tarkoittaa laajan optimaalisten annosten kirjon saantia. Laajakirjoinen Multi Nutrient -ravintolis\u00e4n on kehitt\u00e4nyt ja dokumentoinut professori Per-Arne \u00d6ckerman. H\u00e4n on ylil\u00e4\u00e4k\u00e4ri ja kliinisen kemian professori.<\/p>\n<p>Laajakirjoinen Multi Nutrient perustuu nk. laajakirjoperiaatteeseen. Vapailta radikaaleilta voi suojautua optimaalisilla antioksidanttiannoksilla. Tehokkaimman suojan saa mahdollisimman monella antioksidantilla sopivan korkeina annoksina. T\u00e4t\u00e4 kutsutaan laajakirjoiseksi antioksidanttiterapiaksi.<\/p>\n","protected":false},"excerpt":{"rendered":"<p>Bredspektrum Multi Nutrient on edistyksellinen ravintolis\u00e4, joka sis\u00e4lt\u00e4\u00e4 optimaaliset annokset vitamiineja ja hivenaineita.<\/p>\n<p><strong>120 tablettia<\/strong><\/p>\n<p>&nbsp;<\/p>\n","protected":false},"featured_media":13693,"comment_status":"open","ping_status":"closed","template":"","meta":{"_acf_changed":false,"inline_featured_image":false,"_kad_blocks_custom_css":"","_kad_blocks_head_custom_js":"","_kad_blocks_body_custom_js":"","_kad_blocks_footer_custom_js":"","_kadence_starter_templates_imported_post":false,"_kad_post_transparent":"default","_kad_post_title":"","_kad_post_layout":"default","_kad_post_sidebar_id":"","_kad_post_content_style":"default","_kad_post_vertical_padding":"default","_kad_post_feature":"","_kad_post_feature_position":"","_kad_post_header":false,"_kad_post_footer":false},"product_brand":[],"product_cat":[5961,5972,5978,5982,2357],"product_tag":[1062,1165,461,2901,521,469,445,2945,2947,2946,2941,2909,2910,2976,2975,2914,479,2915,2916,2917,2951,3143,2955,2953,3007,1527,1643,2919,2898,2962,2923,1615,1253,3038,2927,2940,2958,3182,2959,2960,522,2961],"class_list":{"0":"post-2930","1":"product","2":"type-product","3":"status-publish","4":"has-post-thumbnail","6":"product_cat-multi-vitamin-fi","7":"product_cat-multi-mineral-fi","8":"product_cat-multi-produkter-fi","9":"product_cat-multi-nutrient-fi","10":"product_cat-immunforsvar-fi","11":"product_tag-amalgaamivaurioita","12":"product_tag-b-vitamiinit","13":"product_tag-betakaroteeni","14":"product_tag-biotiini","15":"product_tag-d-vitamiini","16":"product_tag-foolihappo","17":"product_tag-inositoli","18":"product_tag-jodi","19":"product_tag-kaliumi","20":"product_tag-kalsium","21":"product_tag-keltainen-piste","22":"product_tag-koliini","23":"product_tag-kromi","24":"product_tag-laajakirjoinen-antioksidanttihoito","25":"product_tag-laajakirjoiset-antioksidantit","26":"product_tag-luteiini","27":"product_tag-magnesiumi","28":"product_tag-mangaani","29":"product_tag-mineraalit","30":"product_tag-molybdeeni","31":"product_tag-niasiini","32":"product_tag-oksidatiivinen-stressi-fi","33":"product_tag-pantoteenihappo","34":"product_tag-para-aminobentsoehappo","35":"product_tag-rappeuttavat-tilat","36":"product_tag-riboflaviini-fi","37":"product_tag-sahkoinen-yliherkkyys","38":"product_tag-seleeni","39":"product_tag-sinimailanen","40":"product_tag-sinkki","41":"product_tag-tiamiini","42":"product_tag-uupumus-vasymys","43":"product_tag-vapaat-radikaalit","44":"product_tag-vapaiden-radikaalien-kuormitus","45":"product_tag-vehnanoras","46":"product_tag-vihrea-tee","47":"product_tag-vitamiini-b12","48":"product_tag-vitamiini-b6","49":"product_tag-vitamiini-c","50":"product_tag-vitamiini-e","51":"product_tag-vitamiinit","52":"product_tag-zeaksantiini","54":"first","55":"instock","56":"taxable","57":"shipping-taxable","58":"purchasable","59":"product-type-simple","60":"entry","61":"content-bg","62":"loop-entry"},"acf":[],"yoast_head":"<!-- This site is optimized with the Yoast SEO plugin v25.8 - https:\/\/yoast.com\/wordpress\/plugins\/seo\/ -->\n<title>Laajakirjoinen - Multi Nutrient - Reviva<\/title>\n<meta name=\"description\" content=\"Laajakirjoinen - Multi Nutrient suojaa vapailta radikaaleilta antioksidanteilla. Tehokkain suoja saadaan mahdollisimman monella antioksidantilla.\" \/>\n<meta name=\"robots\" content=\"index, follow, max-snippet:-1, max-image-preview:large, max-video-preview:-1\" \/>\n<link rel=\"canonical\" href=\"https:\/\/reviva.fi\/fi\/tuote\/bredspektrum-multi-nutrient\/\" \/>\n<meta property=\"og:locale\" content=\"fi_FI\" \/>\n<meta property=\"og:type\" content=\"article\" \/>\n<meta property=\"og:title\" content=\"Laajakirjoinen - Multi Nutrient - Reviva\" \/>\n<meta property=\"og:description\" content=\"Laajakirjoinen - Multi Nutrient suojaa vapailta radikaaleilta antioksidanteilla. Tehokkain suoja saadaan mahdollisimman monella antioksidantilla.\" \/>\n<meta property=\"og:url\" content=\"https:\/\/reviva.fi\/fi\/tuote\/bredspektrum-multi-nutrient\/\" \/>\n<meta property=\"og:site_name\" content=\"Reviva\" \/>\n<meta property=\"article:modified_time\" content=\"2026-03-10T15:38:35+00:00\" \/>\n<meta property=\"og:image\" content=\"https:\/\/reviva.fi\/wp-content\/uploads\/2021\/06\/Multi-Nutrient-Photoroom-e1769599375117.png\" \/>\n\t<meta property=\"og:image:width\" content=\"2000\" \/>\n\t<meta property=\"og:image:height\" content=\"1333\" \/>\n\t<meta property=\"og:image:type\" content=\"image\/png\" \/>\n<meta name=\"twitter:card\" content=\"summary_large_image\" \/>\n<script type=\"application\/ld+json\" class=\"yoast-schema-graph\">{\"@context\":\"https:\/\/schema.org\",\"@graph\":[{\"@type\":\"WebPage\",\"@id\":\"https:\/\/reviva.fi\/fi\/tuote\/bredspektrum-multi-nutrient\/\",\"url\":\"https:\/\/reviva.fi\/fi\/tuote\/bredspektrum-multi-nutrient\/\",\"name\":\"Laajakirjoinen - Multi Nutrient - Reviva\",\"isPartOf\":{\"@id\":\"https:\/\/reviva.fi\/fi\/#website\"},\"primaryImageOfPage\":{\"@id\":\"https:\/\/reviva.fi\/fi\/tuote\/bredspektrum-multi-nutrient\/#primaryimage\"},\"image\":{\"@id\":\"https:\/\/reviva.fi\/fi\/tuote\/bredspektrum-multi-nutrient\/#primaryimage\"},\"thumbnailUrl\":\"https:\/\/reviva.fi\/wp-content\/uploads\/2021\/06\/Multi-Nutrient-Photoroom-e1769599375117.png\",\"datePublished\":\"2021-06-17T10:21:21+00:00\",\"dateModified\":\"2026-03-10T15:38:35+00:00\",\"description\":\"Laajakirjoinen - Multi Nutrient suojaa vapailta radikaaleilta antioksidanteilla. Tehokkain suoja saadaan mahdollisimman monella antioksidantilla.\",\"breadcrumb\":{\"@id\":\"https:\/\/reviva.fi\/fi\/tuote\/bredspektrum-multi-nutrient\/#breadcrumb\"},\"inLanguage\":\"fi\",\"potentialAction\":[{\"@type\":\"ReadAction\",\"target\":[\"https:\/\/reviva.fi\/fi\/tuote\/bredspektrum-multi-nutrient\/\"]}]},{\"@type\":\"ImageObject\",\"inLanguage\":\"fi\",\"@id\":\"https:\/\/reviva.fi\/fi\/tuote\/bredspektrum-multi-nutrient\/#primaryimage\",\"url\":\"https:\/\/reviva.fi\/wp-content\/uploads\/2021\/06\/Multi-Nutrient-Photoroom-e1769599375117.png\",\"contentUrl\":\"https:\/\/reviva.fi\/wp-content\/uploads\/2021\/06\/Multi-Nutrient-Photoroom-e1769599375117.png\",\"width\":2000,\"height\":1333,\"caption\":\"Multi Nutrient\"},{\"@type\":\"BreadcrumbList\",\"@id\":\"https:\/\/reviva.fi\/fi\/tuote\/bredspektrum-multi-nutrient\/#breadcrumb\",\"itemListElement\":[{\"@type\":\"ListItem\",\"position\":1,\"name\":\"Etusivu\",\"item\":\"https:\/\/reviva.fi\/fi\/\"},{\"@type\":\"ListItem\",\"position\":2,\"name\":\"Tuotteet\",\"item\":\"https:\/\/reviva.fi\/produkter\/\"},{\"@type\":\"ListItem\",\"position\":3,\"name\":\"Laajakirjoinen &#8211; Multi Nutrient\"}]},{\"@type\":\"WebSite\",\"@id\":\"https:\/\/reviva.fi\/fi\/#website\",\"url\":\"https:\/\/reviva.fi\/fi\/\",\"name\":\"Reviva\",\"description\":\"\",\"publisher\":{\"@id\":\"https:\/\/reviva.fi\/fi\/#organization\"},\"potentialAction\":[{\"@type\":\"SearchAction\",\"target\":{\"@type\":\"EntryPoint\",\"urlTemplate\":\"https:\/\/reviva.fi\/fi\/?s={search_term_string}\"},\"query-input\":{\"@type\":\"PropertyValueSpecification\",\"valueRequired\":true,\"valueName\":\"search_term_string\"}}],\"inLanguage\":\"fi\"},{\"@type\":\"Organization\",\"@id\":\"https:\/\/reviva.fi\/fi\/#organization\",\"name\":\"Reviva\",\"url\":\"https:\/\/reviva.fi\/fi\/\",\"logo\":{\"@type\":\"ImageObject\",\"inLanguage\":\"fi\",\"@id\":\"https:\/\/reviva.fi\/fi\/#\/schema\/logo\/image\/\",\"url\":\"https:\/\/reviva.fi\/wp-content\/uploads\/2023\/10\/reviva-logo2.svg\",\"contentUrl\":\"https:\/\/reviva.fi\/wp-content\/uploads\/2023\/10\/reviva-logo2.svg\",\"caption\":\"Reviva\"},\"image\":{\"@id\":\"https:\/\/reviva.fi\/fi\/#\/schema\/logo\/image\/\"}}]}<\/script>\n<meta property=\"product:price:amount\" content=\"37.80\" \/>\n<meta property=\"product:price:currency\" content=\"EUR\" \/>\n<meta property=\"og:availability\" content=\"instock\" \/>\n<meta property=\"product:availability\" content=\"instock\" \/>\n<meta property=\"product:retailer_item_id\" content=\"101 B\" \/>\n<meta property=\"product:condition\" content=\"new\" \/>\n<!-- \/ Yoast SEO plugin. -->","yoast_head_json":{"title":"Laajakirjoinen - Multi Nutrient - Reviva","description":"Laajakirjoinen - Multi Nutrient suojaa vapailta radikaaleilta antioksidanteilla. Tehokkain suoja saadaan mahdollisimman monella antioksidantilla.","robots":{"index":"index","follow":"follow","max-snippet":"max-snippet:-1","max-image-preview":"max-image-preview:large","max-video-preview":"max-video-preview:-1"},"canonical":"https:\/\/reviva.fi\/fi\/tuote\/bredspektrum-multi-nutrient\/","og_locale":"fi_FI","og_type":"article","og_title":"Laajakirjoinen - Multi Nutrient - Reviva","og_description":"Laajakirjoinen - Multi Nutrient suojaa vapailta radikaaleilta antioksidanteilla. Tehokkain suoja saadaan mahdollisimman monella antioksidantilla.","og_url":"https:\/\/reviva.fi\/fi\/tuote\/bredspektrum-multi-nutrient\/","og_site_name":"Reviva","article_modified_time":"2026-03-10T15:38:35+00:00","og_image":[{"width":2000,"height":1333,"url":"https:\/\/reviva.fi\/wp-content\/uploads\/2021\/06\/Multi-Nutrient-Photoroom-e1769599375117.png","type":"image\/png"}],"twitter_card":"summary_large_image","schema":{"@context":"https:\/\/schema.org","@graph":[{"@type":"WebPage","@id":"https:\/\/reviva.fi\/fi\/tuote\/bredspektrum-multi-nutrient\/","url":"https:\/\/reviva.fi\/fi\/tuote\/bredspektrum-multi-nutrient\/","name":"Laajakirjoinen - Multi Nutrient - Reviva","isPartOf":{"@id":"https:\/\/reviva.fi\/fi\/#website"},"primaryImageOfPage":{"@id":"https:\/\/reviva.fi\/fi\/tuote\/bredspektrum-multi-nutrient\/#primaryimage"},"image":{"@id":"https:\/\/reviva.fi\/fi\/tuote\/bredspektrum-multi-nutrient\/#primaryimage"},"thumbnailUrl":"https:\/\/reviva.fi\/wp-content\/uploads\/2021\/06\/Multi-Nutrient-Photoroom-e1769599375117.png","datePublished":"2021-06-17T10:21:21+00:00","dateModified":"2026-03-10T15:38:35+00:00","description":"Laajakirjoinen - Multi Nutrient suojaa vapailta radikaaleilta antioksidanteilla. Tehokkain suoja saadaan mahdollisimman monella antioksidantilla.","breadcrumb":{"@id":"https:\/\/reviva.fi\/fi\/tuote\/bredspektrum-multi-nutrient\/#breadcrumb"},"inLanguage":"fi","potentialAction":[{"@type":"ReadAction","target":["https:\/\/reviva.fi\/fi\/tuote\/bredspektrum-multi-nutrient\/"]}]},{"@type":"ImageObject","inLanguage":"fi","@id":"https:\/\/reviva.fi\/fi\/tuote\/bredspektrum-multi-nutrient\/#primaryimage","url":"https:\/\/reviva.fi\/wp-content\/uploads\/2021\/06\/Multi-Nutrient-Photoroom-e1769599375117.png","contentUrl":"https:\/\/reviva.fi\/wp-content\/uploads\/2021\/06\/Multi-Nutrient-Photoroom-e1769599375117.png","width":2000,"height":1333,"caption":"Multi Nutrient"},{"@type":"BreadcrumbList","@id":"https:\/\/reviva.fi\/fi\/tuote\/bredspektrum-multi-nutrient\/#breadcrumb","itemListElement":[{"@type":"ListItem","position":1,"name":"Etusivu","item":"https:\/\/reviva.fi\/fi\/"},{"@type":"ListItem","position":2,"name":"Tuotteet","item":"https:\/\/reviva.fi\/produkter\/"},{"@type":"ListItem","position":3,"name":"Laajakirjoinen &#8211; Multi Nutrient"}]},{"@type":"WebSite","@id":"https:\/\/reviva.fi\/fi\/#website","url":"https:\/\/reviva.fi\/fi\/","name":"Reviva","description":"","publisher":{"@id":"https:\/\/reviva.fi\/fi\/#organization"},"potentialAction":[{"@type":"SearchAction","target":{"@type":"EntryPoint","urlTemplate":"https:\/\/reviva.fi\/fi\/?s={search_term_string}"},"query-input":{"@type":"PropertyValueSpecification","valueRequired":true,"valueName":"search_term_string"}}],"inLanguage":"fi"},{"@type":"Organization","@id":"https:\/\/reviva.fi\/fi\/#organization","name":"Reviva","url":"https:\/\/reviva.fi\/fi\/","logo":{"@type":"ImageObject","inLanguage":"fi","@id":"https:\/\/reviva.fi\/fi\/#\/schema\/logo\/image\/","url":"https:\/\/reviva.fi\/wp-content\/uploads\/2023\/10\/reviva-logo2.svg","contentUrl":"https:\/\/reviva.fi\/wp-content\/uploads\/2023\/10\/reviva-logo2.svg","caption":"Reviva"},"image":{"@id":"https:\/\/reviva.fi\/fi\/#\/schema\/logo\/image\/"}}]},"product_price_amount":"37.80","product_price_currency":"EUR","og_availability":"instock","product_availability":"instock","product_retailer_item_id":"101 B","product_condition":"new"},"taxonomy_info":{"product_cat":[{"value":5961,"label":"Multi-vitamiini"},{"value":5972,"label":"Mono-mineraali"},{"value":5978,"label":"Multi tuotteet"},{"value":5982,"label":"Multi Nutrient"},{"value":2357,"label":"Immuunipuolustus"}],"product_tag":[{"value":1062,"label":"Amalgaamivaurioita"},{"value":1165,"label":"b-vitamiinit"},{"value":461,"label":"betakaroteeni"},{"value":2901,"label":"Biotiini"},{"value":521,"label":"d vitamiini"},{"value":469,"label":"foolihappo"},{"value":445,"label":"inositoli"},{"value":2945,"label":"Jodi"},{"value":2947,"label":"Kaliumi"},{"value":2946,"label":"Kalsium"},{"value":2941,"label":"Keltainen piste"},{"value":2909,"label":"Koliini"},{"value":2910,"label":"Kromi"},{"value":2976,"label":"Laajakirjoinen antioksidanttihoito"},{"value":2975,"label":"Laajakirjoiset antioksidantit"},{"value":2914,"label":"Luteiini"},{"value":479,"label":"magnesiumi"},{"value":2915,"label":"Mangaani"},{"value":2916,"label":"Mineraalit"},{"value":2917,"label":"Molybdeeni"},{"value":2951,"label":"Niasiini"},{"value":3143,"label":"oksidatiivinen stressi"},{"value":2955,"label":"Pantoteenihappo"},{"value":2953,"label":"Para-aminobentsoehappo"},{"value":3007,"label":"rappeuttavat tilat"},{"value":1527,"label":"riboflaviini"},{"value":1643,"label":"s\u00e4hk\u00f6inen yliherkkyys"},{"value":2919,"label":"Seleeni"},{"value":2898,"label":"Sinimailanen"},{"value":2962,"label":"Sinkki"},{"value":2923,"label":"Tiamiini"},{"value":1615,"label":"uupumus v\u00e4symys"},{"value":1253,"label":"vapaat radikaalit"},{"value":3038,"label":"vapaiden radikaalien kuormitus"},{"value":2927,"label":"vehn\u00e4noras"},{"value":2940,"label":"Vihre\u00e4 tee"},{"value":2958,"label":"Vitamiini B12"},{"value":3182,"label":"Vitamiini B6"},{"value":2959,"label":"Vitamiini C"},{"value":2960,"label":"Vitamiini E"},{"value":522,"label":"vitamiinit"},{"value":2961,"label":"Zeaksantiini"}]},"featured_image_src_large":["https:\/\/reviva.fi\/wp-content\/uploads\/2021\/06\/Multi-Nutrient-Photoroom-1024x682.png",1024,682,true],"author_info":[],"comment_info":0,"_links":{"self":[{"href":"https:\/\/reviva.fi\/fi\/wp-json\/wp\/v2\/product\/2930","targetHints":{"allow":["GET"]}}],"collection":[{"href":"https:\/\/reviva.fi\/fi\/wp-json\/wp\/v2\/product"}],"about":[{"href":"https:\/\/reviva.fi\/fi\/wp-json\/wp\/v2\/types\/product"}],"replies":[{"embeddable":true,"href":"https:\/\/reviva.fi\/fi\/wp-json\/wp\/v2\/comments?post=2930"}],"wp:featuredmedia":[{"embeddable":true,"href":"https:\/\/reviva.fi\/fi\/wp-json\/wp\/v2\/media\/13693"}],"wp:attachment":[{"href":"https:\/\/reviva.fi\/fi\/wp-json\/wp\/v2\/media?parent=2930"}],"wp:term":[{"taxonomy":"product_brand","embeddable":true,"href":"https:\/\/reviva.fi\/fi\/wp-json\/wp\/v2\/product_brand?post=2930"},{"taxonomy":"product_cat","embeddable":true,"href":"https:\/\/reviva.fi\/fi\/wp-json\/wp\/v2\/product_cat?post=2930"},{"taxonomy":"product_tag","embeddable":true,"href":"https:\/\/reviva.fi\/fi\/wp-json\/wp\/v2\/product_tag?post=2930"}],"curies":[{"name":"wp","href":"https:\/\/api.w.org\/{rel}","templated":true}]}}