{"id":2956,"date":"2021-07-08T09:48:17","date_gmt":"2021-07-08T06:48:17","guid":{"rendered":"https:\/\/reviva.fi\/product\/bio-l-glutamin\/"},"modified":"2026-02-01T14:42:25","modified_gmt":"2026-02-01T12:42:25","slug":"bio-l-glutamin","status":"publish","type":"product","link":"https:\/\/reviva.fi\/fi\/tuote\/bio-l-glutamin\/","title":{"rendered":"Bio L-Glutamiini, 60 kapselia"},"content":{"rendered":"<p><strong>Bio L-Glutamiini<\/strong><\/p>\n<p>N- asetyyli-L-glutamiini, josta k\u00e4ytet\u00e4\u00e4n my\u00f6s nime\u00e4 N-asetyyliglutamaatti (NAG) on aminohappo glutamiinin asetyloitunut muoto.<\/p>\n<p>Glutamiini on yksi kahdestakymmenest\u00e4 proteinogeenisest\u00e4 aminohaposta.<\/p>\n","protected":false},"excerpt":{"rendered":"<p>N-Asetyylil-L-glutamiini.<\/p>\n<p><strong>60 kapselia<\/strong><\/p>\n","protected":false},"featured_media":9698,"comment_status":"open","ping_status":"closed","template":"","meta":{"_acf_changed":false,"inline_featured_image":false,"_kad_blocks_custom_css":"","_kad_blocks_head_custom_js":"","_kad_blocks_body_custom_js":"","_kad_blocks_footer_custom_js":"","_kadence_starter_templates_imported_post":false,"_kad_post_transparent":"default","_kad_post_title":"","_kad_post_layout":"default","_kad_post_sidebar_id":"","_kad_post_content_style":"default","_kad_post_vertical_padding":"default","_kad_post_feature":"","_kad_post_feature_position":"","_kad_post_header":false,"_kad_post_footer":false},"product_brand":[],"product_cat":[88,5963,2387,2371,2375],"product_tag":[],"class_list":{"0":"post-2956","1":"product","2":"type-product","3":"status-publish","4":"has-post-thumbnail","6":"product_cat-aminosyror-fi","7":"product_cat-synergos-fi","8":"product_cat-mage-och-tarm-fi","9":"product_cat-muskler-och-leder-fi","10":"product_cat-traning-fi","12":"first","13":"instock","14":"taxable","15":"shipping-taxable","16":"purchasable","17":"product-type-simple","18":"entry","19":"content-bg","20":"loop-entry"},"acf":[],"yoast_head":"<!-- This site is optimized with the Yoast SEO plugin v25.8 - https:\/\/yoast.com\/wordpress\/plugins\/seo\/ -->\n<title>Bio L-Glutamiini, 60 kapselia - Reviva<\/title>\n<meta name=\"description\" content=\"L-Glutamiini Bio on aminohappo, joka tukee lihaskasvua, palautumista ja suoliston terveytt\u00e4. Se edist\u00e4\u00e4 my\u00f6s kehon solujen korjausta ja stressinsietokyky\u00e4.\" \/>\n<meta name=\"robots\" content=\"index, follow, max-snippet:-1, max-image-preview:large, max-video-preview:-1\" \/>\n<link rel=\"canonical\" href=\"https:\/\/reviva.fi\/fi\/tuote\/bio-l-glutamin\/\" \/>\n<meta property=\"og:locale\" content=\"fi_FI\" \/>\n<meta property=\"og:type\" content=\"article\" \/>\n<meta property=\"og:title\" content=\"Bio L-Glutamiini, 60 kapselia - Reviva\" \/>\n<meta property=\"og:description\" content=\"L-Glutamiini Bio on aminohappo, joka tukee lihaskasvua, palautumista ja suoliston terveytt\u00e4. Se edist\u00e4\u00e4 my\u00f6s kehon solujen korjausta ja stressinsietokyky\u00e4.\" \/>\n<meta property=\"og:url\" content=\"https:\/\/reviva.fi\/fi\/tuote\/bio-l-glutamin\/\" \/>\n<meta property=\"og:site_name\" content=\"Reviva\" \/>\n<meta property=\"article:modified_time\" content=\"2026-02-01T12:42:25+00:00\" \/>\n<meta property=\"og:image\" content=\"https:\/\/reviva.fi\/wp-content\/uploads\/2021\/07\/Bio-L-glutamin-kapslar.png\" \/>\n\t<meta property=\"og:image:width\" content=\"940\" \/>\n\t<meta property=\"og:image:height\" content=\"788\" \/>\n\t<meta property=\"og:image:type\" content=\"image\/png\" \/>\n<meta name=\"twitter:card\" content=\"summary_large_image\" \/>\n<script type=\"application\/ld+json\" class=\"yoast-schema-graph\">{\"@context\":\"https:\/\/schema.org\",\"@graph\":[{\"@type\":\"WebPage\",\"@id\":\"https:\/\/reviva.fi\/fi\/tuote\/bio-l-glutamin\/\",\"url\":\"https:\/\/reviva.fi\/fi\/tuote\/bio-l-glutamin\/\",\"name\":\"Bio L-Glutamiini, 60 kapselia - Reviva\",\"isPartOf\":{\"@id\":\"https:\/\/reviva.fi\/fi\/#website\"},\"primaryImageOfPage\":{\"@id\":\"https:\/\/reviva.fi\/fi\/tuote\/bio-l-glutamin\/#primaryimage\"},\"image\":{\"@id\":\"https:\/\/reviva.fi\/fi\/tuote\/bio-l-glutamin\/#primaryimage\"},\"thumbnailUrl\":\"https:\/\/reviva.fi\/wp-content\/uploads\/2021\/07\/Bio-L-glutamin-kapslar.png\",\"datePublished\":\"2021-07-08T06:48:17+00:00\",\"dateModified\":\"2026-02-01T12:42:25+00:00\",\"description\":\"L-Glutamiini Bio on aminohappo, joka tukee lihaskasvua, palautumista ja suoliston terveytt\u00e4. Se edist\u00e4\u00e4 my\u00f6s kehon solujen korjausta ja stressinsietokyky\u00e4.\",\"breadcrumb\":{\"@id\":\"https:\/\/reviva.fi\/fi\/tuote\/bio-l-glutamin\/#breadcrumb\"},\"inLanguage\":\"fi\",\"potentialAction\":[{\"@type\":\"ReadAction\",\"target\":[\"https:\/\/reviva.fi\/fi\/tuote\/bio-l-glutamin\/\"]}]},{\"@type\":\"ImageObject\",\"inLanguage\":\"fi\",\"@id\":\"https:\/\/reviva.fi\/fi\/tuote\/bio-l-glutamin\/#primaryimage\",\"url\":\"https:\/\/reviva.fi\/wp-content\/uploads\/2021\/07\/Bio-L-glutamin-kapslar.png\",\"contentUrl\":\"https:\/\/reviva.fi\/wp-content\/uploads\/2021\/07\/Bio-L-glutamin-kapslar.png\",\"width\":940,\"height\":788,\"caption\":\"Bio L-glutamin\"},{\"@type\":\"BreadcrumbList\",\"@id\":\"https:\/\/reviva.fi\/fi\/tuote\/bio-l-glutamin\/#breadcrumb\",\"itemListElement\":[{\"@type\":\"ListItem\",\"position\":1,\"name\":\"Etusivu\",\"item\":\"https:\/\/reviva.fi\/fi\/\"},{\"@type\":\"ListItem\",\"position\":2,\"name\":\"Tuotteet\",\"item\":\"https:\/\/reviva.fi\/produkter\/\"},{\"@type\":\"ListItem\",\"position\":3,\"name\":\"Bio L-Glutamiini, 60 kapselia\"}]},{\"@type\":\"WebSite\",\"@id\":\"https:\/\/reviva.fi\/fi\/#website\",\"url\":\"https:\/\/reviva.fi\/fi\/\",\"name\":\"Reviva\",\"description\":\"\",\"publisher\":{\"@id\":\"https:\/\/reviva.fi\/fi\/#organization\"},\"potentialAction\":[{\"@type\":\"SearchAction\",\"target\":{\"@type\":\"EntryPoint\",\"urlTemplate\":\"https:\/\/reviva.fi\/fi\/?s={search_term_string}\"},\"query-input\":{\"@type\":\"PropertyValueSpecification\",\"valueRequired\":true,\"valueName\":\"search_term_string\"}}],\"inLanguage\":\"fi\"},{\"@type\":\"Organization\",\"@id\":\"https:\/\/reviva.fi\/fi\/#organization\",\"name\":\"Reviva\",\"url\":\"https:\/\/reviva.fi\/fi\/\",\"logo\":{\"@type\":\"ImageObject\",\"inLanguage\":\"fi\",\"@id\":\"https:\/\/reviva.fi\/fi\/#\/schema\/logo\/image\/\",\"url\":\"https:\/\/reviva.fi\/wp-content\/uploads\/2023\/10\/reviva-logo2.svg\",\"contentUrl\":\"https:\/\/reviva.fi\/wp-content\/uploads\/2023\/10\/reviva-logo2.svg\",\"caption\":\"Reviva\"},\"image\":{\"@id\":\"https:\/\/reviva.fi\/fi\/#\/schema\/logo\/image\/\"}}]}<\/script>\n<meta property=\"product:price:amount\" content=\"31.45\" \/>\n<meta property=\"product:price:currency\" content=\"EUR\" \/>\n<meta property=\"og:availability\" content=\"instock\" \/>\n<meta property=\"product:availability\" content=\"instock\" \/>\n<meta property=\"product:retailer_item_id\" content=\"303 D\" \/>\n<meta property=\"product:condition\" content=\"new\" \/>\n<!-- \/ Yoast SEO plugin. -->","yoast_head_json":{"title":"Bio L-Glutamiini, 60 kapselia - Reviva","description":"L-Glutamiini Bio on aminohappo, joka tukee lihaskasvua, palautumista ja suoliston terveytt\u00e4. Se edist\u00e4\u00e4 my\u00f6s kehon solujen korjausta ja stressinsietokyky\u00e4.","robots":{"index":"index","follow":"follow","max-snippet":"max-snippet:-1","max-image-preview":"max-image-preview:large","max-video-preview":"max-video-preview:-1"},"canonical":"https:\/\/reviva.fi\/fi\/tuote\/bio-l-glutamin\/","og_locale":"fi_FI","og_type":"article","og_title":"Bio L-Glutamiini, 60 kapselia - Reviva","og_description":"L-Glutamiini Bio on aminohappo, joka tukee lihaskasvua, palautumista ja suoliston terveytt\u00e4. Se edist\u00e4\u00e4 my\u00f6s kehon solujen korjausta ja stressinsietokyky\u00e4.","og_url":"https:\/\/reviva.fi\/fi\/tuote\/bio-l-glutamin\/","og_site_name":"Reviva","article_modified_time":"2026-02-01T12:42:25+00:00","og_image":[{"width":940,"height":788,"url":"https:\/\/reviva.fi\/wp-content\/uploads\/2021\/07\/Bio-L-glutamin-kapslar.png","type":"image\/png"}],"twitter_card":"summary_large_image","schema":{"@context":"https:\/\/schema.org","@graph":[{"@type":"WebPage","@id":"https:\/\/reviva.fi\/fi\/tuote\/bio-l-glutamin\/","url":"https:\/\/reviva.fi\/fi\/tuote\/bio-l-glutamin\/","name":"Bio L-Glutamiini, 60 kapselia - Reviva","isPartOf":{"@id":"https:\/\/reviva.fi\/fi\/#website"},"primaryImageOfPage":{"@id":"https:\/\/reviva.fi\/fi\/tuote\/bio-l-glutamin\/#primaryimage"},"image":{"@id":"https:\/\/reviva.fi\/fi\/tuote\/bio-l-glutamin\/#primaryimage"},"thumbnailUrl":"https:\/\/reviva.fi\/wp-content\/uploads\/2021\/07\/Bio-L-glutamin-kapslar.png","datePublished":"2021-07-08T06:48:17+00:00","dateModified":"2026-02-01T12:42:25+00:00","description":"L-Glutamiini Bio on aminohappo, joka tukee lihaskasvua, palautumista ja suoliston terveytt\u00e4. Se edist\u00e4\u00e4 my\u00f6s kehon solujen korjausta ja stressinsietokyky\u00e4.","breadcrumb":{"@id":"https:\/\/reviva.fi\/fi\/tuote\/bio-l-glutamin\/#breadcrumb"},"inLanguage":"fi","potentialAction":[{"@type":"ReadAction","target":["https:\/\/reviva.fi\/fi\/tuote\/bio-l-glutamin\/"]}]},{"@type":"ImageObject","inLanguage":"fi","@id":"https:\/\/reviva.fi\/fi\/tuote\/bio-l-glutamin\/#primaryimage","url":"https:\/\/reviva.fi\/wp-content\/uploads\/2021\/07\/Bio-L-glutamin-kapslar.png","contentUrl":"https:\/\/reviva.fi\/wp-content\/uploads\/2021\/07\/Bio-L-glutamin-kapslar.png","width":940,"height":788,"caption":"Bio L-glutamin"},{"@type":"BreadcrumbList","@id":"https:\/\/reviva.fi\/fi\/tuote\/bio-l-glutamin\/#breadcrumb","itemListElement":[{"@type":"ListItem","position":1,"name":"Etusivu","item":"https:\/\/reviva.fi\/fi\/"},{"@type":"ListItem","position":2,"name":"Tuotteet","item":"https:\/\/reviva.fi\/produkter\/"},{"@type":"ListItem","position":3,"name":"Bio L-Glutamiini, 60 kapselia"}]},{"@type":"WebSite","@id":"https:\/\/reviva.fi\/fi\/#website","url":"https:\/\/reviva.fi\/fi\/","name":"Reviva","description":"","publisher":{"@id":"https:\/\/reviva.fi\/fi\/#organization"},"potentialAction":[{"@type":"SearchAction","target":{"@type":"EntryPoint","urlTemplate":"https:\/\/reviva.fi\/fi\/?s={search_term_string}"},"query-input":{"@type":"PropertyValueSpecification","valueRequired":true,"valueName":"search_term_string"}}],"inLanguage":"fi"},{"@type":"Organization","@id":"https:\/\/reviva.fi\/fi\/#organization","name":"Reviva","url":"https:\/\/reviva.fi\/fi\/","logo":{"@type":"ImageObject","inLanguage":"fi","@id":"https:\/\/reviva.fi\/fi\/#\/schema\/logo\/image\/","url":"https:\/\/reviva.fi\/wp-content\/uploads\/2023\/10\/reviva-logo2.svg","contentUrl":"https:\/\/reviva.fi\/wp-content\/uploads\/2023\/10\/reviva-logo2.svg","caption":"Reviva"},"image":{"@id":"https:\/\/reviva.fi\/fi\/#\/schema\/logo\/image\/"}}]},"product_price_amount":"31.45","product_price_currency":"EUR","og_availability":"instock","product_availability":"instock","product_retailer_item_id":"303 D","product_condition":"new"},"taxonomy_info":{"product_cat":[{"value":88,"label":"Aminohapot"},{"value":5963,"label":"Synergos"},{"value":2387,"label":"Maha &amp; Suolisto"},{"value":2371,"label":"Nivelet &amp; Lihakset"},{"value":2375,"label":"Harjoittelu"}]},"featured_image_src_large":["https:\/\/reviva.fi\/wp-content\/uploads\/2021\/07\/Bio-L-glutamin-kapslar.png",940,788,false],"author_info":[],"comment_info":0,"_links":{"self":[{"href":"https:\/\/reviva.fi\/fi\/wp-json\/wp\/v2\/product\/2956","targetHints":{"allow":["GET"]}}],"collection":[{"href":"https:\/\/reviva.fi\/fi\/wp-json\/wp\/v2\/product"}],"about":[{"href":"https:\/\/reviva.fi\/fi\/wp-json\/wp\/v2\/types\/product"}],"replies":[{"embeddable":true,"href":"https:\/\/reviva.fi\/fi\/wp-json\/wp\/v2\/comments?post=2956"}],"wp:featuredmedia":[{"embeddable":true,"href":"https:\/\/reviva.fi\/fi\/wp-json\/wp\/v2\/media\/9698"}],"wp:attachment":[{"href":"https:\/\/reviva.fi\/fi\/wp-json\/wp\/v2\/media?parent=2956"}],"wp:term":[{"taxonomy":"product_brand","embeddable":true,"href":"https:\/\/reviva.fi\/fi\/wp-json\/wp\/v2\/product_brand?post=2956"},{"taxonomy":"product_cat","embeddable":true,"href":"https:\/\/reviva.fi\/fi\/wp-json\/wp\/v2\/product_cat?post=2956"},{"taxonomy":"product_tag","embeddable":true,"href":"https:\/\/reviva.fi\/fi\/wp-json\/wp\/v2\/product_tag?post=2956"}],"curies":[{"name":"wp","href":"https:\/\/api.w.org\/{rel}","templated":true}]}}