{"id":2963,"date":"2021-06-03T11:33:19","date_gmt":"2021-06-03T08:33:19","guid":{"rendered":"https:\/\/reviva.fi\/product\/ishavsalger\/"},"modified":"2026-01-27T10:03:37","modified_gmt":"2026-01-27T08:03:37","slug":"arctic-alga","status":"publish","type":"product","link":"https:\/\/reviva.fi\/fi\/tuote\/arctic-alga\/","title":{"rendered":"Arctic Alga &#8211; J\u00e4\u00e4merilev\u00e4"},"content":{"rendered":"<p><strong>Arctic Alga &#8211; J\u00e4\u00e4merilev\u00e4<\/strong><\/p>\n<p>Ascophyllum nodosum on Fucaceae-perheeseen kuuluva ruskolev\u00e4. Sit\u00e4 esiintyy valtaosassa pohjoista Atlanttia. Se on yleinen Euroopan luoteisrannikolla (Huippuvuorilta Portugaliin), mukaan lukien it\u00e4-Gr\u00f6nlanti ja Pohjois-Amerikan koillisrannikko. Asco Phyllum Nodosum sis\u00e4lt\u00e4\u00e4 suhteellisen korkeita m\u00e4\u00e4ri\u00e4 kaliumia, natriumia, kalsiumia, magnesiumia, hivenaineita ja jodia. Vitamiinisis\u00e4lt\u00f6 vaihtelee eri lajien v\u00e4lill\u00e4, mutta ruskolev\u00e4 sis\u00e4lt\u00e4\u00e4 runsaasti tokoferoleja, B-vitamiineja sek\u00e4 betakaroteenia. Esimerkiksi nelj\u00e4st\u00e4 tabletista J\u00e4\u00e4meren lev\u00e4\u00e4 saa v\u00e4hint\u00e4\u00e4n 300 mcg jodia.<\/p>\n","protected":false},"excerpt":{"rendered":"<p>Ascophyllum nodosum on Fucaceae-perheeseen kuuluva ruskolev\u00e4.<\/p>\n<p><strong>250 tablettia<\/strong><\/p>\n<p>&nbsp;<\/p>\n","protected":false},"featured_media":13837,"comment_status":"open","ping_status":"closed","template":"","meta":{"_acf_changed":false,"inline_featured_image":false,"_kad_blocks_custom_css":"","_kad_blocks_head_custom_js":"","_kad_blocks_body_custom_js":"","_kad_blocks_footer_custom_js":"","_kadence_starter_templates_imported_post":false,"_kad_post_transparent":"default","_kad_post_title":"","_kad_post_layout":"default","_kad_post_sidebar_id":"","_kad_post_content_style":"default","_kad_post_vertical_padding":"default","_kad_post_feature":"","_kad_post_feature_position":"","_kad_post_header":false,"_kad_post_footer":false},"product_brand":[],"product_cat":[5960,141,5963],"product_tag":[],"class_list":{"0":"post-2963","1":"product","2":"type-product","3":"status-publish","4":"has-post-thumbnail","6":"product_cat-alger-fi","7":"product_cat-orter-fi","8":"product_cat-synergos-fi","10":"first","11":"instock","12":"taxable","13":"shipping-taxable","14":"purchasable","15":"product-type-simple","16":"entry","17":"content-bg","18":"loop-entry"},"acf":[],"yoast_head":"<!-- This site is optimized with the Yoast SEO plugin v25.8 - https:\/\/yoast.com\/wordpress\/plugins\/seo\/ -->\n<title>Arctic Alga - J\u00e4\u00e4merilev\u00e4 - Reviva<\/title>\n<meta name=\"description\" content=\"J\u00e4\u00e4merilev\u00e4 tukee ruoansulatusta, edist\u00e4\u00e4 ihon hyvinvointia omaa runsaasti vitamiineja, mineraaleja sek\u00e4 antioksidantteja. Se auttaa my\u00f6s kehon detoxointia.\" \/>\n<meta name=\"robots\" content=\"index, follow, max-snippet:-1, max-image-preview:large, max-video-preview:-1\" \/>\n<link rel=\"canonical\" href=\"https:\/\/reviva.fi\/fi\/tuote\/arctic-alga\/\" \/>\n<meta property=\"og:locale\" content=\"fi_FI\" \/>\n<meta property=\"og:type\" content=\"article\" \/>\n<meta property=\"og:title\" content=\"Arctic Alga - J\u00e4\u00e4merilev\u00e4 - Reviva\" \/>\n<meta property=\"og:description\" content=\"J\u00e4\u00e4merilev\u00e4 tukee ruoansulatusta, edist\u00e4\u00e4 ihon hyvinvointia omaa runsaasti vitamiineja, mineraaleja sek\u00e4 antioksidantteja. Se auttaa my\u00f6s kehon detoxointia.\" \/>\n<meta property=\"og:url\" content=\"https:\/\/reviva.fi\/fi\/tuote\/arctic-alga\/\" \/>\n<meta property=\"og:site_name\" content=\"Reviva\" \/>\n<meta property=\"article:modified_time\" content=\"2026-01-27T08:03:37+00:00\" \/>\n<meta property=\"og:image\" content=\"https:\/\/reviva.fi\/wp-content\/uploads\/2021\/06\/402-Arctric-Alga-Photoroom-e1770800399637.png\" \/>\n\t<meta property=\"og:image:width\" content=\"2000\" \/>\n\t<meta property=\"og:image:height\" content=\"1333\" \/>\n\t<meta property=\"og:image:type\" content=\"image\/png\" \/>\n<meta name=\"twitter:card\" content=\"summary_large_image\" \/>\n<script type=\"application\/ld+json\" class=\"yoast-schema-graph\">{\"@context\":\"https:\/\/schema.org\",\"@graph\":[{\"@type\":\"WebPage\",\"@id\":\"https:\/\/reviva.fi\/fi\/tuote\/arctic-alga\/\",\"url\":\"https:\/\/reviva.fi\/fi\/tuote\/arctic-alga\/\",\"name\":\"Arctic Alga - J\u00e4\u00e4merilev\u00e4 - Reviva\",\"isPartOf\":{\"@id\":\"https:\/\/reviva.fi\/fi\/#website\"},\"primaryImageOfPage\":{\"@id\":\"https:\/\/reviva.fi\/fi\/tuote\/arctic-alga\/#primaryimage\"},\"image\":{\"@id\":\"https:\/\/reviva.fi\/fi\/tuote\/arctic-alga\/#primaryimage\"},\"thumbnailUrl\":\"https:\/\/reviva.fi\/wp-content\/uploads\/2021\/06\/402-Arctric-Alga-Photoroom-e1770800399637.png\",\"datePublished\":\"2021-06-03T08:33:19+00:00\",\"dateModified\":\"2026-01-27T08:03:37+00:00\",\"description\":\"J\u00e4\u00e4merilev\u00e4 tukee ruoansulatusta, edist\u00e4\u00e4 ihon hyvinvointia omaa runsaasti vitamiineja, mineraaleja sek\u00e4 antioksidantteja. Se auttaa my\u00f6s kehon detoxointia.\",\"breadcrumb\":{\"@id\":\"https:\/\/reviva.fi\/fi\/tuote\/arctic-alga\/#breadcrumb\"},\"inLanguage\":\"fi\",\"potentialAction\":[{\"@type\":\"ReadAction\",\"target\":[\"https:\/\/reviva.fi\/fi\/tuote\/arctic-alga\/\"]}]},{\"@type\":\"ImageObject\",\"inLanguage\":\"fi\",\"@id\":\"https:\/\/reviva.fi\/fi\/tuote\/arctic-alga\/#primaryimage\",\"url\":\"https:\/\/reviva.fi\/wp-content\/uploads\/2021\/06\/402-Arctric-Alga-Photoroom-e1770800399637.png\",\"contentUrl\":\"https:\/\/reviva.fi\/wp-content\/uploads\/2021\/06\/402-Arctric-Alga-Photoroom-e1770800399637.png\",\"width\":2000,\"height\":1333,\"caption\":\"Arctic alga\"},{\"@type\":\"BreadcrumbList\",\"@id\":\"https:\/\/reviva.fi\/fi\/tuote\/arctic-alga\/#breadcrumb\",\"itemListElement\":[{\"@type\":\"ListItem\",\"position\":1,\"name\":\"Etusivu\",\"item\":\"https:\/\/reviva.fi\/fi\/\"},{\"@type\":\"ListItem\",\"position\":2,\"name\":\"Tuotteet\",\"item\":\"https:\/\/reviva.fi\/produkter\/\"},{\"@type\":\"ListItem\",\"position\":3,\"name\":\"Arctic Alga &#8211; J\u00e4\u00e4merilev\u00e4\"}]},{\"@type\":\"WebSite\",\"@id\":\"https:\/\/reviva.fi\/fi\/#website\",\"url\":\"https:\/\/reviva.fi\/fi\/\",\"name\":\"Reviva\",\"description\":\"\",\"publisher\":{\"@id\":\"https:\/\/reviva.fi\/fi\/#organization\"},\"potentialAction\":[{\"@type\":\"SearchAction\",\"target\":{\"@type\":\"EntryPoint\",\"urlTemplate\":\"https:\/\/reviva.fi\/fi\/?s={search_term_string}\"},\"query-input\":{\"@type\":\"PropertyValueSpecification\",\"valueRequired\":true,\"valueName\":\"search_term_string\"}}],\"inLanguage\":\"fi\"},{\"@type\":\"Organization\",\"@id\":\"https:\/\/reviva.fi\/fi\/#organization\",\"name\":\"Reviva\",\"url\":\"https:\/\/reviva.fi\/fi\/\",\"logo\":{\"@type\":\"ImageObject\",\"inLanguage\":\"fi\",\"@id\":\"https:\/\/reviva.fi\/fi\/#\/schema\/logo\/image\/\",\"url\":\"https:\/\/reviva.fi\/wp-content\/uploads\/2023\/10\/reviva-logo2.svg\",\"contentUrl\":\"https:\/\/reviva.fi\/wp-content\/uploads\/2023\/10\/reviva-logo2.svg\",\"caption\":\"Reviva\"},\"image\":{\"@id\":\"https:\/\/reviva.fi\/fi\/#\/schema\/logo\/image\/\"}}]}<\/script>\n<meta property=\"product:price:amount\" content=\"21.00\" \/>\n<meta property=\"product:price:currency\" content=\"EUR\" \/>\n<meta property=\"og:availability\" content=\"instock\" \/>\n<meta property=\"product:availability\" content=\"instock\" \/>\n<meta property=\"product:retailer_item_id\" content=\"402\" \/>\n<meta property=\"product:condition\" content=\"new\" \/>\n<!-- \/ Yoast SEO plugin. -->","yoast_head_json":{"title":"Arctic Alga - J\u00e4\u00e4merilev\u00e4 - Reviva","description":"J\u00e4\u00e4merilev\u00e4 tukee ruoansulatusta, edist\u00e4\u00e4 ihon hyvinvointia omaa runsaasti vitamiineja, mineraaleja sek\u00e4 antioksidantteja. Se auttaa my\u00f6s kehon detoxointia.","robots":{"index":"index","follow":"follow","max-snippet":"max-snippet:-1","max-image-preview":"max-image-preview:large","max-video-preview":"max-video-preview:-1"},"canonical":"https:\/\/reviva.fi\/fi\/tuote\/arctic-alga\/","og_locale":"fi_FI","og_type":"article","og_title":"Arctic Alga - J\u00e4\u00e4merilev\u00e4 - Reviva","og_description":"J\u00e4\u00e4merilev\u00e4 tukee ruoansulatusta, edist\u00e4\u00e4 ihon hyvinvointia omaa runsaasti vitamiineja, mineraaleja sek\u00e4 antioksidantteja. Se auttaa my\u00f6s kehon detoxointia.","og_url":"https:\/\/reviva.fi\/fi\/tuote\/arctic-alga\/","og_site_name":"Reviva","article_modified_time":"2026-01-27T08:03:37+00:00","og_image":[{"width":2000,"height":1333,"url":"https:\/\/reviva.fi\/wp-content\/uploads\/2021\/06\/402-Arctric-Alga-Photoroom-e1770800399637.png","type":"image\/png"}],"twitter_card":"summary_large_image","schema":{"@context":"https:\/\/schema.org","@graph":[{"@type":"WebPage","@id":"https:\/\/reviva.fi\/fi\/tuote\/arctic-alga\/","url":"https:\/\/reviva.fi\/fi\/tuote\/arctic-alga\/","name":"Arctic Alga - J\u00e4\u00e4merilev\u00e4 - Reviva","isPartOf":{"@id":"https:\/\/reviva.fi\/fi\/#website"},"primaryImageOfPage":{"@id":"https:\/\/reviva.fi\/fi\/tuote\/arctic-alga\/#primaryimage"},"image":{"@id":"https:\/\/reviva.fi\/fi\/tuote\/arctic-alga\/#primaryimage"},"thumbnailUrl":"https:\/\/reviva.fi\/wp-content\/uploads\/2021\/06\/402-Arctric-Alga-Photoroom-e1770800399637.png","datePublished":"2021-06-03T08:33:19+00:00","dateModified":"2026-01-27T08:03:37+00:00","description":"J\u00e4\u00e4merilev\u00e4 tukee ruoansulatusta, edist\u00e4\u00e4 ihon hyvinvointia omaa runsaasti vitamiineja, mineraaleja sek\u00e4 antioksidantteja. Se auttaa my\u00f6s kehon detoxointia.","breadcrumb":{"@id":"https:\/\/reviva.fi\/fi\/tuote\/arctic-alga\/#breadcrumb"},"inLanguage":"fi","potentialAction":[{"@type":"ReadAction","target":["https:\/\/reviva.fi\/fi\/tuote\/arctic-alga\/"]}]},{"@type":"ImageObject","inLanguage":"fi","@id":"https:\/\/reviva.fi\/fi\/tuote\/arctic-alga\/#primaryimage","url":"https:\/\/reviva.fi\/wp-content\/uploads\/2021\/06\/402-Arctric-Alga-Photoroom-e1770800399637.png","contentUrl":"https:\/\/reviva.fi\/wp-content\/uploads\/2021\/06\/402-Arctric-Alga-Photoroom-e1770800399637.png","width":2000,"height":1333,"caption":"Arctic alga"},{"@type":"BreadcrumbList","@id":"https:\/\/reviva.fi\/fi\/tuote\/arctic-alga\/#breadcrumb","itemListElement":[{"@type":"ListItem","position":1,"name":"Etusivu","item":"https:\/\/reviva.fi\/fi\/"},{"@type":"ListItem","position":2,"name":"Tuotteet","item":"https:\/\/reviva.fi\/produkter\/"},{"@type":"ListItem","position":3,"name":"Arctic Alga &#8211; J\u00e4\u00e4merilev\u00e4"}]},{"@type":"WebSite","@id":"https:\/\/reviva.fi\/fi\/#website","url":"https:\/\/reviva.fi\/fi\/","name":"Reviva","description":"","publisher":{"@id":"https:\/\/reviva.fi\/fi\/#organization"},"potentialAction":[{"@type":"SearchAction","target":{"@type":"EntryPoint","urlTemplate":"https:\/\/reviva.fi\/fi\/?s={search_term_string}"},"query-input":{"@type":"PropertyValueSpecification","valueRequired":true,"valueName":"search_term_string"}}],"inLanguage":"fi"},{"@type":"Organization","@id":"https:\/\/reviva.fi\/fi\/#organization","name":"Reviva","url":"https:\/\/reviva.fi\/fi\/","logo":{"@type":"ImageObject","inLanguage":"fi","@id":"https:\/\/reviva.fi\/fi\/#\/schema\/logo\/image\/","url":"https:\/\/reviva.fi\/wp-content\/uploads\/2023\/10\/reviva-logo2.svg","contentUrl":"https:\/\/reviva.fi\/wp-content\/uploads\/2023\/10\/reviva-logo2.svg","caption":"Reviva"},"image":{"@id":"https:\/\/reviva.fi\/fi\/#\/schema\/logo\/image\/"}}]},"product_price_amount":"21.00","product_price_currency":"EUR","og_availability":"instock","product_availability":"instock","product_retailer_item_id":"402","product_condition":"new"},"taxonomy_info":{"product_cat":[{"value":5960,"label":"Lev\u00e4t"},{"value":141,"label":"Yrtit"},{"value":5963,"label":"Synergos"}]},"featured_image_src_large":["https:\/\/reviva.fi\/wp-content\/uploads\/2021\/06\/402-Arctric-Alga-Photoroom-1024x682.png",1024,682,true],"author_info":[],"comment_info":0,"_links":{"self":[{"href":"https:\/\/reviva.fi\/fi\/wp-json\/wp\/v2\/product\/2963","targetHints":{"allow":["GET"]}}],"collection":[{"href":"https:\/\/reviva.fi\/fi\/wp-json\/wp\/v2\/product"}],"about":[{"href":"https:\/\/reviva.fi\/fi\/wp-json\/wp\/v2\/types\/product"}],"replies":[{"embeddable":true,"href":"https:\/\/reviva.fi\/fi\/wp-json\/wp\/v2\/comments?post=2963"}],"wp:featuredmedia":[{"embeddable":true,"href":"https:\/\/reviva.fi\/fi\/wp-json\/wp\/v2\/media\/13837"}],"wp:attachment":[{"href":"https:\/\/reviva.fi\/fi\/wp-json\/wp\/v2\/media?parent=2963"}],"wp:term":[{"taxonomy":"product_brand","embeddable":true,"href":"https:\/\/reviva.fi\/fi\/wp-json\/wp\/v2\/product_brand?post=2963"},{"taxonomy":"product_cat","embeddable":true,"href":"https:\/\/reviva.fi\/fi\/wp-json\/wp\/v2\/product_cat?post=2963"},{"taxonomy":"product_tag","embeddable":true,"href":"https:\/\/reviva.fi\/fi\/wp-json\/wp\/v2\/product_tag?post=2963"}],"curies":[{"name":"wp","href":"https:\/\/api.w.org\/{rel}","templated":true}]}}