{"id":2966,"date":"2021-07-09T09:34:01","date_gmt":"2021-07-09T06:34:01","guid":{"rendered":"https:\/\/reviva.fi\/product\/lactobifidum-plus\/"},"modified":"2026-03-04T19:20:40","modified_gmt":"2026-03-04T17:20:40","slug":"lactobifidum-plus","status":"publish","type":"product","link":"https:\/\/reviva.fi\/fi\/tuote\/lactobifidum-plus\/","title":{"rendered":"Lactobifidum Plus"},"content":{"rendered":"<p><strong>Lactobifidum Plus<\/strong> on edistyksellinen ravintolis\u00e4, joka sis\u00e4lt\u00e4\u00e4 nelj\u00e4 erilaista tehokasta maitohappobakteerikantaa. Yksi Lacto Bifidum -kapseli sis\u00e4lt\u00e4\u00e4 v\u00e4hint\u00e4\u00e4n 20 miljardia hy\u00f6dyllist\u00e4 bakteeria.<\/p>\n<p>Maitohappobakteerit ovat grampositiivisia ja happoja kest\u00e4vi\u00e4 bakteereita, joita on yleisimmin hajottajakasveissa ja maitotuotteissa. Maitohappobakteereilla on erityisen hyv\u00e4 kyky kiinnitty\u00e4 suoliston limakalvoihin.<\/p>\n","protected":false},"excerpt":{"rendered":"<p>Yksi Lacto Bifidum -kapseli sis\u00e4lt\u00e4\u00e4 v\u00e4hint\u00e4\u00e4n 20 miljardia hy\u00f6dyllist\u00e4 bakteeria.<\/p>\n<p><strong>60 kapselia<\/strong><\/p>\n","protected":false},"featured_media":13156,"comment_status":"open","ping_status":"closed","template":"","meta":{"_acf_changed":false,"inline_featured_image":false,"_kad_blocks_custom_css":"","_kad_blocks_head_custom_js":"","_kad_blocks_body_custom_js":"","_kad_blocks_footer_custom_js":"","_kadence_starter_templates_imported_post":false,"_kad_post_transparent":"default","_kad_post_title":"","_kad_post_layout":"default","_kad_post_sidebar_id":"","_kad_post_content_style":"default","_kad_post_vertical_padding":"default","_kad_post_feature":"","_kad_post_feature_position":"","_kad_post_header":false,"_kad_post_footer":false},"product_brand":[],"product_cat":[5976,5982,2387,2357],"product_tag":[1085,1442],"class_list":{"0":"post-2966","1":"product","2":"type-product","3":"status-publish","4":"has-post-thumbnail","6":"product_cat-mjolksyrebakterier-fi","7":"product_cat-multi-nutrient-fi","8":"product_cat-mage-och-tarm-fi","9":"product_cat-immunforsvar-fi","10":"product_tag-lactobifidum-fi","11":"product_tag-maitohappokapselit","13":"first","14":"instock","15":"taxable","16":"shipping-taxable","17":"purchasable","18":"product-type-simple","19":"entry","20":"content-bg","21":"loop-entry"},"acf":[],"yoast_head":"<!-- This site is optimized with the Yoast SEO plugin v25.8 - https:\/\/yoast.com\/wordpress\/plugins\/seo\/ -->\n<title>Lactobifidum Plus - Reviva<\/title>\n<meta name=\"description\" content=\"Lactobifidum Plus sis\u00e4lt\u00e4\u00e4 maitohappobakteereja, kuten Lactobacillus- ja Bifidobacterium-lajeja. Parantaa ruoansulatusta ja tasapainottaa suolistoflooraa.\" \/>\n<meta name=\"robots\" content=\"index, follow, max-snippet:-1, max-image-preview:large, max-video-preview:-1\" \/>\n<link rel=\"canonical\" href=\"https:\/\/reviva.fi\/fi\/tuote\/lactobifidum-plus\/\" \/>\n<meta property=\"og:locale\" content=\"fi_FI\" \/>\n<meta property=\"og:type\" content=\"article\" \/>\n<meta property=\"og:title\" content=\"Lactobifidum Plus - Reviva\" \/>\n<meta property=\"og:description\" content=\"Lactobifidum Plus sis\u00e4lt\u00e4\u00e4 maitohappobakteereja, kuten Lactobacillus- ja Bifidobacterium-lajeja. Parantaa ruoansulatusta ja tasapainottaa suolistoflooraa.\" \/>\n<meta property=\"og:url\" content=\"https:\/\/reviva.fi\/fi\/tuote\/lactobifidum-plus\/\" \/>\n<meta property=\"og:site_name\" content=\"Reviva\" \/>\n<meta property=\"article:modified_time\" content=\"2026-03-04T17:20:40+00:00\" \/>\n<meta property=\"og:image\" content=\"https:\/\/reviva.fi\/wp-content\/uploads\/2021\/07\/Lacto-bifidum-PLUS-Photoroom-e1763473818369.png\" \/>\n\t<meta property=\"og:image:width\" content=\"2000\" \/>\n\t<meta property=\"og:image:height\" content=\"1333\" \/>\n\t<meta property=\"og:image:type\" content=\"image\/png\" \/>\n<meta name=\"twitter:card\" content=\"summary_large_image\" \/>\n<script type=\"application\/ld+json\" class=\"yoast-schema-graph\">{\"@context\":\"https:\/\/schema.org\",\"@graph\":[{\"@type\":\"WebPage\",\"@id\":\"https:\/\/reviva.fi\/fi\/tuote\/lactobifidum-plus\/\",\"url\":\"https:\/\/reviva.fi\/fi\/tuote\/lactobifidum-plus\/\",\"name\":\"Lactobifidum Plus - Reviva\",\"isPartOf\":{\"@id\":\"https:\/\/reviva.fi\/fi\/#website\"},\"primaryImageOfPage\":{\"@id\":\"https:\/\/reviva.fi\/fi\/tuote\/lactobifidum-plus\/#primaryimage\"},\"image\":{\"@id\":\"https:\/\/reviva.fi\/fi\/tuote\/lactobifidum-plus\/#primaryimage\"},\"thumbnailUrl\":\"https:\/\/reviva.fi\/wp-content\/uploads\/2021\/07\/Lacto-bifidum-PLUS-Photoroom-e1763473818369.png\",\"datePublished\":\"2021-07-09T06:34:01+00:00\",\"dateModified\":\"2026-03-04T17:20:40+00:00\",\"description\":\"Lactobifidum Plus sis\u00e4lt\u00e4\u00e4 maitohappobakteereja, kuten Lactobacillus- ja Bifidobacterium-lajeja. Parantaa ruoansulatusta ja tasapainottaa suolistoflooraa.\",\"breadcrumb\":{\"@id\":\"https:\/\/reviva.fi\/fi\/tuote\/lactobifidum-plus\/#breadcrumb\"},\"inLanguage\":\"fi\",\"potentialAction\":[{\"@type\":\"ReadAction\",\"target\":[\"https:\/\/reviva.fi\/fi\/tuote\/lactobifidum-plus\/\"]}]},{\"@type\":\"ImageObject\",\"inLanguage\":\"fi\",\"@id\":\"https:\/\/reviva.fi\/fi\/tuote\/lactobifidum-plus\/#primaryimage\",\"url\":\"https:\/\/reviva.fi\/wp-content\/uploads\/2021\/07\/Lacto-bifidum-PLUS-Photoroom-e1763473818369.png\",\"contentUrl\":\"https:\/\/reviva.fi\/wp-content\/uploads\/2021\/07\/Lacto-bifidum-PLUS-Photoroom-e1763473818369.png\",\"width\":2000,\"height\":1333,\"caption\":\"Lactobifidum PLUS\"},{\"@type\":\"BreadcrumbList\",\"@id\":\"https:\/\/reviva.fi\/fi\/tuote\/lactobifidum-plus\/#breadcrumb\",\"itemListElement\":[{\"@type\":\"ListItem\",\"position\":1,\"name\":\"Etusivu\",\"item\":\"https:\/\/reviva.fi\/fi\/\"},{\"@type\":\"ListItem\",\"position\":2,\"name\":\"Tuotteet\",\"item\":\"https:\/\/reviva.fi\/produkter\/\"},{\"@type\":\"ListItem\",\"position\":3,\"name\":\"Lactobifidum Plus\"}]},{\"@type\":\"WebSite\",\"@id\":\"https:\/\/reviva.fi\/fi\/#website\",\"url\":\"https:\/\/reviva.fi\/fi\/\",\"name\":\"Reviva\",\"description\":\"\",\"publisher\":{\"@id\":\"https:\/\/reviva.fi\/fi\/#organization\"},\"potentialAction\":[{\"@type\":\"SearchAction\",\"target\":{\"@type\":\"EntryPoint\",\"urlTemplate\":\"https:\/\/reviva.fi\/fi\/?s={search_term_string}\"},\"query-input\":{\"@type\":\"PropertyValueSpecification\",\"valueRequired\":true,\"valueName\":\"search_term_string\"}}],\"inLanguage\":\"fi\"},{\"@type\":\"Organization\",\"@id\":\"https:\/\/reviva.fi\/fi\/#organization\",\"name\":\"Reviva\",\"url\":\"https:\/\/reviva.fi\/fi\/\",\"logo\":{\"@type\":\"ImageObject\",\"inLanguage\":\"fi\",\"@id\":\"https:\/\/reviva.fi\/fi\/#\/schema\/logo\/image\/\",\"url\":\"https:\/\/reviva.fi\/wp-content\/uploads\/2023\/10\/reviva-logo2.svg\",\"contentUrl\":\"https:\/\/reviva.fi\/wp-content\/uploads\/2023\/10\/reviva-logo2.svg\",\"caption\":\"Reviva\"},\"image\":{\"@id\":\"https:\/\/reviva.fi\/fi\/#\/schema\/logo\/image\/\"}}]}<\/script>\n<meta property=\"product:price:amount\" content=\"32.60\" \/>\n<meta property=\"product:price:currency\" content=\"EUR\" \/>\n<meta property=\"og:availability\" content=\"instock\" \/>\n<meta property=\"product:availability\" content=\"instock\" \/>\n<meta property=\"product:retailer_item_id\" content=\"132\" \/>\n<meta property=\"product:condition\" content=\"new\" \/>\n<!-- \/ Yoast SEO plugin. -->","yoast_head_json":{"title":"Lactobifidum Plus - Reviva","description":"Lactobifidum Plus sis\u00e4lt\u00e4\u00e4 maitohappobakteereja, kuten Lactobacillus- ja Bifidobacterium-lajeja. Parantaa ruoansulatusta ja tasapainottaa suolistoflooraa.","robots":{"index":"index","follow":"follow","max-snippet":"max-snippet:-1","max-image-preview":"max-image-preview:large","max-video-preview":"max-video-preview:-1"},"canonical":"https:\/\/reviva.fi\/fi\/tuote\/lactobifidum-plus\/","og_locale":"fi_FI","og_type":"article","og_title":"Lactobifidum Plus - Reviva","og_description":"Lactobifidum Plus sis\u00e4lt\u00e4\u00e4 maitohappobakteereja, kuten Lactobacillus- ja Bifidobacterium-lajeja. Parantaa ruoansulatusta ja tasapainottaa suolistoflooraa.","og_url":"https:\/\/reviva.fi\/fi\/tuote\/lactobifidum-plus\/","og_site_name":"Reviva","article_modified_time":"2026-03-04T17:20:40+00:00","og_image":[{"width":2000,"height":1333,"url":"https:\/\/reviva.fi\/wp-content\/uploads\/2021\/07\/Lacto-bifidum-PLUS-Photoroom-e1763473818369.png","type":"image\/png"}],"twitter_card":"summary_large_image","schema":{"@context":"https:\/\/schema.org","@graph":[{"@type":"WebPage","@id":"https:\/\/reviva.fi\/fi\/tuote\/lactobifidum-plus\/","url":"https:\/\/reviva.fi\/fi\/tuote\/lactobifidum-plus\/","name":"Lactobifidum Plus - Reviva","isPartOf":{"@id":"https:\/\/reviva.fi\/fi\/#website"},"primaryImageOfPage":{"@id":"https:\/\/reviva.fi\/fi\/tuote\/lactobifidum-plus\/#primaryimage"},"image":{"@id":"https:\/\/reviva.fi\/fi\/tuote\/lactobifidum-plus\/#primaryimage"},"thumbnailUrl":"https:\/\/reviva.fi\/wp-content\/uploads\/2021\/07\/Lacto-bifidum-PLUS-Photoroom-e1763473818369.png","datePublished":"2021-07-09T06:34:01+00:00","dateModified":"2026-03-04T17:20:40+00:00","description":"Lactobifidum Plus sis\u00e4lt\u00e4\u00e4 maitohappobakteereja, kuten Lactobacillus- ja Bifidobacterium-lajeja. Parantaa ruoansulatusta ja tasapainottaa suolistoflooraa.","breadcrumb":{"@id":"https:\/\/reviva.fi\/fi\/tuote\/lactobifidum-plus\/#breadcrumb"},"inLanguage":"fi","potentialAction":[{"@type":"ReadAction","target":["https:\/\/reviva.fi\/fi\/tuote\/lactobifidum-plus\/"]}]},{"@type":"ImageObject","inLanguage":"fi","@id":"https:\/\/reviva.fi\/fi\/tuote\/lactobifidum-plus\/#primaryimage","url":"https:\/\/reviva.fi\/wp-content\/uploads\/2021\/07\/Lacto-bifidum-PLUS-Photoroom-e1763473818369.png","contentUrl":"https:\/\/reviva.fi\/wp-content\/uploads\/2021\/07\/Lacto-bifidum-PLUS-Photoroom-e1763473818369.png","width":2000,"height":1333,"caption":"Lactobifidum PLUS"},{"@type":"BreadcrumbList","@id":"https:\/\/reviva.fi\/fi\/tuote\/lactobifidum-plus\/#breadcrumb","itemListElement":[{"@type":"ListItem","position":1,"name":"Etusivu","item":"https:\/\/reviva.fi\/fi\/"},{"@type":"ListItem","position":2,"name":"Tuotteet","item":"https:\/\/reviva.fi\/produkter\/"},{"@type":"ListItem","position":3,"name":"Lactobifidum Plus"}]},{"@type":"WebSite","@id":"https:\/\/reviva.fi\/fi\/#website","url":"https:\/\/reviva.fi\/fi\/","name":"Reviva","description":"","publisher":{"@id":"https:\/\/reviva.fi\/fi\/#organization"},"potentialAction":[{"@type":"SearchAction","target":{"@type":"EntryPoint","urlTemplate":"https:\/\/reviva.fi\/fi\/?s={search_term_string}"},"query-input":{"@type":"PropertyValueSpecification","valueRequired":true,"valueName":"search_term_string"}}],"inLanguage":"fi"},{"@type":"Organization","@id":"https:\/\/reviva.fi\/fi\/#organization","name":"Reviva","url":"https:\/\/reviva.fi\/fi\/","logo":{"@type":"ImageObject","inLanguage":"fi","@id":"https:\/\/reviva.fi\/fi\/#\/schema\/logo\/image\/","url":"https:\/\/reviva.fi\/wp-content\/uploads\/2023\/10\/reviva-logo2.svg","contentUrl":"https:\/\/reviva.fi\/wp-content\/uploads\/2023\/10\/reviva-logo2.svg","caption":"Reviva"},"image":{"@id":"https:\/\/reviva.fi\/fi\/#\/schema\/logo\/image\/"}}]},"product_price_amount":"32.60","product_price_currency":"EUR","og_availability":"instock","product_availability":"instock","product_retailer_item_id":"132","product_condition":"new"},"taxonomy_info":{"product_cat":[{"value":5976,"label":"Maitohappobakteerit"},{"value":5982,"label":"Multi Nutrient"},{"value":2387,"label":"Maha &amp; Suolisto"},{"value":2357,"label":"Immuunipuolustus"}],"product_tag":[{"value":1085,"label":"Lactobifidum"},{"value":1442,"label":"maitohappokapselit"}]},"featured_image_src_large":["https:\/\/reviva.fi\/wp-content\/uploads\/2021\/07\/Lacto-bifidum-PLUS-Photoroom-1024x682.png",1024,682,true],"author_info":[],"comment_info":0,"_links":{"self":[{"href":"https:\/\/reviva.fi\/fi\/wp-json\/wp\/v2\/product\/2966","targetHints":{"allow":["GET"]}}],"collection":[{"href":"https:\/\/reviva.fi\/fi\/wp-json\/wp\/v2\/product"}],"about":[{"href":"https:\/\/reviva.fi\/fi\/wp-json\/wp\/v2\/types\/product"}],"replies":[{"embeddable":true,"href":"https:\/\/reviva.fi\/fi\/wp-json\/wp\/v2\/comments?post=2966"}],"wp:featuredmedia":[{"embeddable":true,"href":"https:\/\/reviva.fi\/fi\/wp-json\/wp\/v2\/media\/13156"}],"wp:attachment":[{"href":"https:\/\/reviva.fi\/fi\/wp-json\/wp\/v2\/media?parent=2966"}],"wp:term":[{"taxonomy":"product_brand","embeddable":true,"href":"https:\/\/reviva.fi\/fi\/wp-json\/wp\/v2\/product_brand?post=2966"},{"taxonomy":"product_cat","embeddable":true,"href":"https:\/\/reviva.fi\/fi\/wp-json\/wp\/v2\/product_cat?post=2966"},{"taxonomy":"product_tag","embeddable":true,"href":"https:\/\/reviva.fi\/fi\/wp-json\/wp\/v2\/product_tag?post=2966"}],"curies":[{"name":"wp","href":"https:\/\/api.w.org\/{rel}","templated":true}]}}