{"id":3008,"date":"2021-10-01T10:33:51","date_gmt":"2021-10-01T07:33:51","guid":{"rendered":"https:\/\/reviva.fi\/product\/l-lysine\/"},"modified":"2024-12-04T15:50:26","modified_gmt":"2024-12-04T13:50:26","slug":"l-lysine","status":"publish","type":"product","link":"https:\/\/reviva.fi\/fi\/tuote\/l-lysine\/","title":{"rendered":"L-lysiini"},"content":{"rendered":"<p><strong>L-Lysiini<\/strong> on v\u00e4ltt\u00e4m\u00e4t\u00f6n aminohappo. Sit\u00e4 ei voida syntetisoida ihmisill\u00e4, joten se on nautittava proteiineina.<br \/>\nL-Lysiini on v\u00e4ltt\u00e4m\u00e4t\u00f6n rakennusosa kaikille kehon proteiineille. L-lysiinill\u00e4 on t\u00e4rke\u00e4 rooli kehon hormonien, entsyymien ja vasta-aineiden tuotannossa.<br \/>\nL-lysiini on t\u00e4rke\u00e4 osa kollageenia ja sit\u00e4 esiintyy suurina pitoisuuksina lihaskudoksessa.<br \/>\nLysiini\u00e4 tarvitsevat erityisesti vegaanit ja rankasti treenaavat urheilijat.<\/p>\n","protected":false},"excerpt":{"rendered":"<p><b>Aminohappo iholle, energialle ja immuunij\u00e4rjestelm\u00e4lle<\/b><\/p>\n<p><strong>60 kapselia<\/strong><\/p>\n","protected":false},"featured_media":3006,"comment_status":"open","ping_status":"closed","template":"","meta":{"_acf_changed":false,"inline_featured_image":false,"_kad_blocks_custom_css":"","_kad_blocks_head_custom_js":"","_kad_blocks_body_custom_js":"","_kad_blocks_footer_custom_js":"","_kadence_starter_templates_imported_post":false,"_kad_post_transparent":"default","_kad_post_title":"","_kad_post_layout":"default","_kad_post_sidebar_id":"","_kad_post_content_style":"default","_kad_post_vertical_padding":"default","_kad_post_feature":"","_kad_post_feature_position":"","_kad_post_header":false,"_kad_post_footer":false},"product_brand":[],"product_cat":[2475,88,2357],"product_tag":[],"class_list":{"0":"post-3008","1":"product","2":"type-product","3":"status-publish","4":"has-post-thumbnail","6":"product_cat-erbjudanden-fi","7":"product_cat-aminosyror-fi","8":"product_cat-immunforsvar-fi","10":"first","11":"instock","12":"sale","13":"taxable","14":"shipping-taxable","15":"purchasable","16":"product-type-simple","17":"entry","18":"content-bg","19":"loop-entry"},"acf":[],"yoast_head":"<!-- This site is optimized with the Yoast SEO plugin v25.8 - https:\/\/yoast.com\/wordpress\/plugins\/seo\/ -->\n<title>L-lysiini - Reviva<\/title>\n<meta name=\"description\" content=\"L-lysiini, v\u00e4ltt\u00e4m\u00e4t\u00f6n aminohappo, joka tukee immuunij\u00e4rjestelm\u00e4\u00e4, auttaa lihasten rakentamisessa ja edist\u00e4\u00e4 kollageenin tuotantoa kehon hyvinvoinnille\" \/>\n<meta name=\"robots\" content=\"index, follow, max-snippet:-1, max-image-preview:large, max-video-preview:-1\" \/>\n<link rel=\"canonical\" href=\"https:\/\/reviva.fi\/fi\/tuote\/l-lysine\/\" \/>\n<meta property=\"og:locale\" content=\"fi_FI\" \/>\n<meta property=\"og:type\" content=\"article\" \/>\n<meta property=\"og:title\" content=\"L-lysiini - Reviva\" \/>\n<meta property=\"og:description\" content=\"L-lysiini, v\u00e4ltt\u00e4m\u00e4t\u00f6n aminohappo, joka tukee immuunij\u00e4rjestelm\u00e4\u00e4, auttaa lihasten rakentamisessa ja edist\u00e4\u00e4 kollageenin tuotantoa kehon hyvinvoinnille\" \/>\n<meta property=\"og:url\" content=\"https:\/\/reviva.fi\/fi\/tuote\/l-lysine\/\" \/>\n<meta property=\"og:site_name\" content=\"Reviva\" \/>\n<meta property=\"article:modified_time\" content=\"2024-12-04T13:50:26+00:00\" \/>\n<meta property=\"og:image\" content=\"https:\/\/reviva.fi\/wp-content\/uploads\/2021\/10\/l-lysine.jpg\" \/>\n\t<meta property=\"og:image:width\" content=\"1000\" \/>\n\t<meta property=\"og:image:height\" content=\"1000\" \/>\n\t<meta property=\"og:image:type\" content=\"image\/jpeg\" \/>\n<meta name=\"twitter:card\" content=\"summary_large_image\" \/>\n<script type=\"application\/ld+json\" class=\"yoast-schema-graph\">{\"@context\":\"https:\/\/schema.org\",\"@graph\":[{\"@type\":\"WebPage\",\"@id\":\"https:\/\/reviva.fi\/fi\/tuote\/l-lysine\/\",\"url\":\"https:\/\/reviva.fi\/fi\/tuote\/l-lysine\/\",\"name\":\"L-lysiini - Reviva\",\"isPartOf\":{\"@id\":\"https:\/\/reviva.fi\/fi\/#website\"},\"primaryImageOfPage\":{\"@id\":\"https:\/\/reviva.fi\/fi\/tuote\/l-lysine\/#primaryimage\"},\"image\":{\"@id\":\"https:\/\/reviva.fi\/fi\/tuote\/l-lysine\/#primaryimage\"},\"thumbnailUrl\":\"https:\/\/reviva.fi\/wp-content\/uploads\/2021\/10\/l-lysine.jpg\",\"datePublished\":\"2021-10-01T07:33:51+00:00\",\"dateModified\":\"2024-12-04T13:50:26+00:00\",\"description\":\"L-lysiini, v\u00e4ltt\u00e4m\u00e4t\u00f6n aminohappo, joka tukee immuunij\u00e4rjestelm\u00e4\u00e4, auttaa lihasten rakentamisessa ja edist\u00e4\u00e4 kollageenin tuotantoa kehon hyvinvoinnille\",\"breadcrumb\":{\"@id\":\"https:\/\/reviva.fi\/fi\/tuote\/l-lysine\/#breadcrumb\"},\"inLanguage\":\"fi\",\"potentialAction\":[{\"@type\":\"ReadAction\",\"target\":[\"https:\/\/reviva.fi\/fi\/tuote\/l-lysine\/\"]}]},{\"@type\":\"ImageObject\",\"inLanguage\":\"fi\",\"@id\":\"https:\/\/reviva.fi\/fi\/tuote\/l-lysine\/#primaryimage\",\"url\":\"https:\/\/reviva.fi\/wp-content\/uploads\/2021\/10\/l-lysine.jpg\",\"contentUrl\":\"https:\/\/reviva.fi\/wp-content\/uploads\/2021\/10\/l-lysine.jpg\",\"width\":1000,\"height\":1000,\"caption\":\"L-lysine\"},{\"@type\":\"BreadcrumbList\",\"@id\":\"https:\/\/reviva.fi\/fi\/tuote\/l-lysine\/#breadcrumb\",\"itemListElement\":[{\"@type\":\"ListItem\",\"position\":1,\"name\":\"Etusivu\",\"item\":\"https:\/\/reviva.fi\/fi\/\"},{\"@type\":\"ListItem\",\"position\":2,\"name\":\"Tuotteet\",\"item\":\"https:\/\/reviva.fi\/produkter\/\"},{\"@type\":\"ListItem\",\"position\":3,\"name\":\"L-lysiini\"}]},{\"@type\":\"WebSite\",\"@id\":\"https:\/\/reviva.fi\/fi\/#website\",\"url\":\"https:\/\/reviva.fi\/fi\/\",\"name\":\"Reviva\",\"description\":\"\",\"publisher\":{\"@id\":\"https:\/\/reviva.fi\/fi\/#organization\"},\"potentialAction\":[{\"@type\":\"SearchAction\",\"target\":{\"@type\":\"EntryPoint\",\"urlTemplate\":\"https:\/\/reviva.fi\/fi\/?s={search_term_string}\"},\"query-input\":{\"@type\":\"PropertyValueSpecification\",\"valueRequired\":true,\"valueName\":\"search_term_string\"}}],\"inLanguage\":\"fi\"},{\"@type\":\"Organization\",\"@id\":\"https:\/\/reviva.fi\/fi\/#organization\",\"name\":\"Reviva\",\"url\":\"https:\/\/reviva.fi\/fi\/\",\"logo\":{\"@type\":\"ImageObject\",\"inLanguage\":\"fi\",\"@id\":\"https:\/\/reviva.fi\/fi\/#\/schema\/logo\/image\/\",\"url\":\"https:\/\/reviva.fi\/wp-content\/uploads\/2023\/10\/reviva-logo2.svg\",\"contentUrl\":\"https:\/\/reviva.fi\/wp-content\/uploads\/2023\/10\/reviva-logo2.svg\",\"caption\":\"Reviva\"},\"image\":{\"@id\":\"https:\/\/reviva.fi\/fi\/#\/schema\/logo\/image\/\"}}]}<\/script>\n<meta property=\"product:price:amount\" content=\"13.30\" \/>\n<meta property=\"product:price:currency\" content=\"EUR\" \/>\n<meta property=\"og:availability\" content=\"instock\" \/>\n<meta property=\"product:availability\" content=\"instock\" \/>\n<meta property=\"product:retailer_item_id\" content=\"SA516\" \/>\n<meta property=\"product:condition\" content=\"new\" \/>\n<!-- \/ Yoast SEO plugin. -->","yoast_head_json":{"title":"L-lysiini - Reviva","description":"L-lysiini, v\u00e4ltt\u00e4m\u00e4t\u00f6n aminohappo, joka tukee immuunij\u00e4rjestelm\u00e4\u00e4, auttaa lihasten rakentamisessa ja edist\u00e4\u00e4 kollageenin tuotantoa kehon hyvinvoinnille","robots":{"index":"index","follow":"follow","max-snippet":"max-snippet:-1","max-image-preview":"max-image-preview:large","max-video-preview":"max-video-preview:-1"},"canonical":"https:\/\/reviva.fi\/fi\/tuote\/l-lysine\/","og_locale":"fi_FI","og_type":"article","og_title":"L-lysiini - Reviva","og_description":"L-lysiini, v\u00e4ltt\u00e4m\u00e4t\u00f6n aminohappo, joka tukee immuunij\u00e4rjestelm\u00e4\u00e4, auttaa lihasten rakentamisessa ja edist\u00e4\u00e4 kollageenin tuotantoa kehon hyvinvoinnille","og_url":"https:\/\/reviva.fi\/fi\/tuote\/l-lysine\/","og_site_name":"Reviva","article_modified_time":"2024-12-04T13:50:26+00:00","og_image":[{"width":1000,"height":1000,"url":"https:\/\/reviva.fi\/wp-content\/uploads\/2021\/10\/l-lysine.jpg","type":"image\/jpeg"}],"twitter_card":"summary_large_image","schema":{"@context":"https:\/\/schema.org","@graph":[{"@type":"WebPage","@id":"https:\/\/reviva.fi\/fi\/tuote\/l-lysine\/","url":"https:\/\/reviva.fi\/fi\/tuote\/l-lysine\/","name":"L-lysiini - Reviva","isPartOf":{"@id":"https:\/\/reviva.fi\/fi\/#website"},"primaryImageOfPage":{"@id":"https:\/\/reviva.fi\/fi\/tuote\/l-lysine\/#primaryimage"},"image":{"@id":"https:\/\/reviva.fi\/fi\/tuote\/l-lysine\/#primaryimage"},"thumbnailUrl":"https:\/\/reviva.fi\/wp-content\/uploads\/2021\/10\/l-lysine.jpg","datePublished":"2021-10-01T07:33:51+00:00","dateModified":"2024-12-04T13:50:26+00:00","description":"L-lysiini, v\u00e4ltt\u00e4m\u00e4t\u00f6n aminohappo, joka tukee immuunij\u00e4rjestelm\u00e4\u00e4, auttaa lihasten rakentamisessa ja edist\u00e4\u00e4 kollageenin tuotantoa kehon hyvinvoinnille","breadcrumb":{"@id":"https:\/\/reviva.fi\/fi\/tuote\/l-lysine\/#breadcrumb"},"inLanguage":"fi","potentialAction":[{"@type":"ReadAction","target":["https:\/\/reviva.fi\/fi\/tuote\/l-lysine\/"]}]},{"@type":"ImageObject","inLanguage":"fi","@id":"https:\/\/reviva.fi\/fi\/tuote\/l-lysine\/#primaryimage","url":"https:\/\/reviva.fi\/wp-content\/uploads\/2021\/10\/l-lysine.jpg","contentUrl":"https:\/\/reviva.fi\/wp-content\/uploads\/2021\/10\/l-lysine.jpg","width":1000,"height":1000,"caption":"L-lysine"},{"@type":"BreadcrumbList","@id":"https:\/\/reviva.fi\/fi\/tuote\/l-lysine\/#breadcrumb","itemListElement":[{"@type":"ListItem","position":1,"name":"Etusivu","item":"https:\/\/reviva.fi\/fi\/"},{"@type":"ListItem","position":2,"name":"Tuotteet","item":"https:\/\/reviva.fi\/produkter\/"},{"@type":"ListItem","position":3,"name":"L-lysiini"}]},{"@type":"WebSite","@id":"https:\/\/reviva.fi\/fi\/#website","url":"https:\/\/reviva.fi\/fi\/","name":"Reviva","description":"","publisher":{"@id":"https:\/\/reviva.fi\/fi\/#organization"},"potentialAction":[{"@type":"SearchAction","target":{"@type":"EntryPoint","urlTemplate":"https:\/\/reviva.fi\/fi\/?s={search_term_string}"},"query-input":{"@type":"PropertyValueSpecification","valueRequired":true,"valueName":"search_term_string"}}],"inLanguage":"fi"},{"@type":"Organization","@id":"https:\/\/reviva.fi\/fi\/#organization","name":"Reviva","url":"https:\/\/reviva.fi\/fi\/","logo":{"@type":"ImageObject","inLanguage":"fi","@id":"https:\/\/reviva.fi\/fi\/#\/schema\/logo\/image\/","url":"https:\/\/reviva.fi\/wp-content\/uploads\/2023\/10\/reviva-logo2.svg","contentUrl":"https:\/\/reviva.fi\/wp-content\/uploads\/2023\/10\/reviva-logo2.svg","caption":"Reviva"},"image":{"@id":"https:\/\/reviva.fi\/fi\/#\/schema\/logo\/image\/"}}]},"product_price_amount":"13.30","product_price_currency":"EUR","og_availability":"instock","product_availability":"instock","product_retailer_item_id":"SA516","product_condition":"new"},"taxonomy_info":{"product_cat":[{"value":2475,"label":"Tarjoukset"},{"value":88,"label":"Aminohapot"},{"value":2357,"label":"Immuunipuolustus"}]},"featured_image_src_large":["https:\/\/reviva.fi\/wp-content\/uploads\/2021\/10\/l-lysine.jpg",1000,1000,false],"author_info":[],"comment_info":0,"_links":{"self":[{"href":"https:\/\/reviva.fi\/fi\/wp-json\/wp\/v2\/product\/3008","targetHints":{"allow":["GET"]}}],"collection":[{"href":"https:\/\/reviva.fi\/fi\/wp-json\/wp\/v2\/product"}],"about":[{"href":"https:\/\/reviva.fi\/fi\/wp-json\/wp\/v2\/types\/product"}],"replies":[{"embeddable":true,"href":"https:\/\/reviva.fi\/fi\/wp-json\/wp\/v2\/comments?post=3008"}],"wp:featuredmedia":[{"embeddable":true,"href":"https:\/\/reviva.fi\/fi\/wp-json\/wp\/v2\/media\/3006"}],"wp:attachment":[{"href":"https:\/\/reviva.fi\/fi\/wp-json\/wp\/v2\/media?parent=3008"}],"wp:term":[{"taxonomy":"product_brand","embeddable":true,"href":"https:\/\/reviva.fi\/fi\/wp-json\/wp\/v2\/product_brand?post=3008"},{"taxonomy":"product_cat","embeddable":true,"href":"https:\/\/reviva.fi\/fi\/wp-json\/wp\/v2\/product_cat?post=3008"},{"taxonomy":"product_tag","embeddable":true,"href":"https:\/\/reviva.fi\/fi\/wp-json\/wp\/v2\/product_tag?post=3008"}],"curies":[{"name":"wp","href":"https:\/\/api.w.org\/{rel}","templated":true}]}}